{"id":125337,"date":"2018-02-10T20:12:31","date_gmt":"2018-02-10T19:12:31","guid":{"rendered":"https:\/\/dutchhealthstore.com\/product\/yarrow-essential-oil\/"},"modified":"2025-08-28T14:12:17","modified_gmt":"2025-08-28T12:12:17","slug":"yarrow-essential-oil","status":"publish","type":"product","link":"https:\/\/dutchhealthstore.com\/fr\/product\/yarrow-essential-oil\/","title":{"rendered":"Yarrow Essential Oil"},"content":{"rendered":"<div class=\"product media\"><\/div>\n<div class=\"product info detailed\">\n<div class=\"product data items\" role=\"tablist\">\n<div tabindex=\"0\" role=\"tab\" aria-labeledby=\"tab-label-product.info.description-title\" data-role=\"collapsible\" data-collapsible=\"true\" aria-controls=\"product.info.description\" aria-selected=\"false\" aria-expanded=\"true\">\n<p dir=\"ltr\"><img decoding=\"async\" class=\"alignright size-full wp-image-37041\" src=\"https:\/\/dutchhealthstore.com\/wp-content\/uploads\/2018\/04\/Living_Libations-1.png\" alt=\"Organic &amp; Natural Beautyproducts - Living Libations\" width=\"175\" height=\"82\"><span style=\"font-size: 14.4px;\">Notre Yarrow Essential Oil est distill\u00e9e \u00e0 partir des petits p\u00e9tales blancs et sauvages de la fleur d&rsquo;achill\u00e9e millefeuille, qui pousse \u00e0 l&rsquo;\u00e9tat sauvage au Canada. Tr\u00e8s utilis\u00e9e par les Am\u00e9rindiens dans les applications de phytoth\u00e9rapie, l&rsquo;achill\u00e9e millefeuille \u00e9tait consomm\u00e9e pour faire baisser la fi\u00e8vre et soigner les sympt\u00f4mes des rhumes et des infections respiratoires. M\u00e2cher les racines, les feuilles et les p\u00e9tales de cette plante facilitait la digestion, et la pulpe \u00e9cras\u00e9e de l&rsquo;achill\u00e9e \u00e9tait un traitement efficace pour les contusions, les \u00e9raflures, les coupures, les blessures et les piq\u00fbres d&rsquo;insectes.<\/span><\/p>\n<p dir=\"ltr\">L&rsquo;achill\u00e9e millefeuille est une v\u00e9ritable huile bleu d&rsquo;encre opulente en sesquiterp\u00e8nes apaisants gr\u00e2ce \u00e0 un compos\u00e9 connu sous le nom de chamazul\u00e8ne, traditionnellement connu pour ses propri\u00e9t\u00e9s calmantes et rafra\u00eechissantes.<\/p>\n<p dir=\"ltr\"><strong>Nom botanique:<\/strong> Achillea millefolium<br \/>\n<strong>Famille botanique:<\/strong> Asteraceae<br \/>\n<strong>M\u00e9thode d&rsquo;extraction:<\/strong> Vapeur<br \/>\n<strong>Partie de la plante distill\u00e9e:<\/strong> sommit\u00e9s fleuries<br \/>\n<strong>Pays d&rsquo;origine:<\/strong> Bulgarie<br \/>\n<strong>M\u00e9thode de culture:<\/strong> Cueillette sauvage<\/p>\n<\/div>\n<\/div>\n<\/div>\n<div style=\"text-align: left;\" tabindex=\"0\" role=\"tab\" aria-labeledby=\"tab-label-product.info.description-title\" data-role=\"collapsible\" data-collapsible=\"true\" aria-controls=\"product.info.description\" aria-selected=\"false\" aria-expanded=\"true\"><\/div>\n<div style=\"text-align: left;\" tabindex=\"0\" role=\"tab\" aria-labeledby=\"tab-label-product.info.description-title\" data-role=\"collapsible\" data-collapsible=\"true\" aria-controls=\"product.info.description\" aria-selected=\"false\" aria-expanded=\"true\"><a href=\"https:\/\/dutchhealthstore.com\/wp-content\/uploads\/2018\/02\/ESSENTIAL-OIL-ANALYSIS-Yarrow-Essential-Oil-Living-Libations.pdf\" class=\"button primary is-primary is-medium\"  >\n\t\t<span>ANALYSE DES HUILES ESSENTIELLES<\/span>\n\t<\/a>\n<\/div>\n<div class=\"product info detailed\">\n<div class=\"product data items\" role=\"tablist\">\n<div id=\"product.info.description\" class=\"data item content\" role=\"tabpanel\" data-role=\"content\" aria-labelledby=\"tab-label-product.info.description\" aria-hidden=\"false\">\n<div class=\"product attribute description\">\n<div class=\"value\">\n<h3 dir=\"ltr\">Description de l&rsquo;odeur<\/h3>\n<p dir=\"ltr\">Fruit\u00e9, vif et herbac\u00e9<\/p>\n<h3 dir=\"ltr\">Dans Living Libations<\/h3>\n<p dir=\"ltr\">True Blue Shampoo et Conditioner, Petal Soother Yoni Serum<\/p>\n<h3 dir=\"ltr\">Se marie bien avec<\/h3>\n<p dir=\"ltr\">Encens, laurier, tanaisie bleue, lavande, marjolaine, citron, bergamote, inule, sapin, \u00e9pic\u00e9a, pin, myrrhe, rose otto, ylang, thym linalol, palmarosa, camomille romaine. Camomille allemande, poivre noir, sauge sclar\u00e9e, sauge, fenouil, gingembre, immortelle, menthe poivr\u00e9e et cardamome.<\/p>\n<h3 dir=\"ltr\">Utilisations<\/h3>\n<p dir=\"ltr\">Cette huile calmante et rafra\u00eechissante est particuli\u00e8rement recommand\u00e9e comme tonique cutan\u00e9 et vasculaire, parfaite pour les pommades et les s\u00e9rums apaisants pour la peau; les syst\u00e8mes lymphatiques paresseux adorent l&rsquo;achill\u00e9e millefeuille; les poumons adorent l&rsquo;achill\u00e9e millefeuille dans la pipe \u00e0 sel; combinez avec la menthe poivr\u00e9e pour toute zone qui a besoin d&rsquo;une \u00ab\u00a0glace botanique\u00a0\u00bb styptique &#8211; pour tout ce qui d\u00e9mange, c&rsquo;est vraiment bien!<\/p>\n<p dir=\"ltr\"><strong>Taille: 5 ml et 15 ml<\/strong><\/p>\n<h3 dir=\"ltr\">Ingr\u00e9dients biologiques<\/h3>\n<p dir=\"ltr\">100% d&rsquo;huile essentielle d&rsquo;achill\u00e9e millefeuille (Achillea millefolium).<\/p>\n<p dir=\"ltr\" style=\"text-align: center;\"><em>\u00ab\u00a0En aromath\u00e9rapie, l&rsquo;huile d&rsquo;achill\u00e9e est utilis\u00e9e comme un rem\u00e8de \u00e9quilibrant pendant la m\u00e9nopause. <\/em><br \/>\n<em>Pendant les changements hormonaux, il peut aider \u00e0 maintenir l&rsquo;\u00e9quilibre psychologique intact et \u00e0 r\u00e9organiser les \u00e9nergies changeantes. <\/em><br \/>\n<em>Il peut \u00e9galement \u00eatre utilis\u00e9 pour les maux de t\u00eate nerveux, la d\u00e9pression, l&rsquo;\u00e9puisement et les probl\u00e8mes li\u00e9s au stress.\u00a0\u00bb<\/em><br \/>\n~ Julia Lawless, <strong>Aromatherapy and the Mind<\/strong><\/p>\n<p dir=\"ltr\" style=\"text-align: center;\"><em>\u00ab\u00a0Les huiles d&rsquo;achill\u00e9e millefeuille sont souvent de couleur bleu fonc\u00e9, en raison d&rsquo;une teneur \u00e9lev\u00e9e en chamazul\u00e8ne. <\/em><br \/>\n<em>L&rsquo;huile d&rsquo;achill\u00e9e est appliqu\u00e9e en externe en cas de n\u00e9vralgie ou de tendinite.\u00a0\u00bb<\/em><br \/>\n~ Kurt Schnaubelt, <strong>Advanced Aromatherapy<\/strong><\/p>\n<p dir=\"ltr\" style=\"text-align: center;\"><em>\u00ab\u00a0C&rsquo;est un parfum pour r\u00eaver, pour vivre des exp\u00e9riences visionnaires, pour voyager sur l&rsquo;\u00e9nergie de l&rsquo;univers, tout en \u00e9tant prot\u00e9g\u00e9 et nourri.\u00a0\u00bb<\/em><br \/>\n~ Valerie Ann Worwood, <strong>Aromatherapy for the Soul<\/strong><\/p>\n<p dir=\"ltr\" style=\"text-align: center;\"><em>\u00ab\u00a0Dans la Chine ancienne, l&rsquo;achill\u00e9e \u00e9tait consid\u00e9r\u00e9e comme une plante sacr\u00e9e et ses tiges \u00e9taient utilis\u00e9es pour fabriquer les 50 b\u00e2tons du Yi King. <\/em><br \/>\n<em>Dans l&rsquo;herboristerie chinoise, on pensait qu&rsquo;il repr\u00e9sentait un \u00e9quilibre parfait entre les \u00e9nergies yin et yang, le dur et le mou, les deux polarit\u00e9s que l&rsquo;on retrouve dans la nature.\u00a0\u00bb<\/em><br \/>\n~ Julia Lawless, <strong>Aromatherapy and the Mind<\/strong><\/p>\n<\/div>\n<p dir=\"ltr\">\n<\/div>\n<\/div>\n<p dir=\"ltr\"><img decoding=\"async\" class=\"aligncenter wp-image-31577\" src=\"https:\/\/dutchhealthstore.com\/wp-content\/uploads\/2018\/03\/organic_big.png\" alt=\"Organic and Natural - Living Libations\" width=\"500\" height=\"83\" srcset=\"https:\/\/dutchhealthstore.com\/wp-content\/uploads\/2018\/03\/organic_big.png 623w, https:\/\/dutchhealthstore.com\/wp-content\/uploads\/2018\/03\/organic_big-510x84.png 510w, https:\/\/dutchhealthstore.com\/wp-content\/uploads\/2018\/03\/organic_big-600x99.png 600w, https:\/\/dutchhealthstore.com\/wp-content\/uploads\/2018\/03\/organic_big-350x58.png 350w\" sizes=\"(max-width: 500px) 100vw, 500px\" \/><\/p>\n<\/div>\n<\/div>\n","protected":false},"excerpt":{"rendered":"<p>Living Libations Yarrow essential oil est une b\u00e9n\u00e9diction botanique distill\u00e9e \u00e0 la vapeur \u00e0 partir des sommets fleuris de l&rsquo;achill\u00e9e sauvage. Cette plante ancienne produit un compos\u00e9 rafra\u00eechissant appel\u00e9 chamazul\u00e8ne, qui est un r\u00eave pour calmer les zones et les \u00e9motions qui se sont enflamm\u00e9es. Cette huile bleue \u00e9prouv\u00e9e est si puissante que la l\u00e9gende veut qu&rsquo;Achille se soit asperg\u00e9 d&rsquo;huile de millefeuille pour se prot\u00e9ger des fl\u00e8ches de ses ennemis. La seule partie de son corps non prot\u00e9g\u00e9e par Yarrow \u00e9tait&#8230; son talon d&rsquo;Achille! D&rsquo;o\u00f9 le nom latin du genre Achillea et millefolium qui signifie \u00ab\u00a0mille feuilles\u00a0\u00bb.<\/p>\n","protected":false},"featured_media":50461,"comment_status":"open","ping_status":"closed","template":"","meta":[],"product_brand":[],"product_cat":[6734,1507,1211,1209,3757,1010,6733],"product_tag":[4495],"class_list":{"0":"post-125337","1":"product","2":"type-product","3":"status-publish","4":"has-post-thumbnail","6":"product_cat-essential-oils","7":"product_cat-plantes-huiles-essentielles-living-libations","8":"product_cat-living-libations-france","9":"product_cat-par-marques","10":"product_cat-plantes-huiles-essentielles","11":"product_cat-notre-boutique","12":"product_cat-wellness-fr-2","13":"product_tag-essential-oil-fr","14":"pa_brand-livinglibations-fr","15":"pa_essential-oils-product-type-essential-oils-fr","16":"pa_size-5-ml-fr","17":"pa_size-15-ml-fr","19":"first","20":"instock","21":"taxable","22":"shipping-taxable","23":"purchasable","24":"product-type-variable"},"bundled_by":[],"bundle_stock_status":"instock","bundle_stock_quantity":null,"bundle_virtual":false,"bundle_layout":"","bundle_add_to_cart_form_location":"","bundle_editable_in_cart":false,"bundle_sold_individually_context":"","bundle_item_grouping":"","bundle_min_size":"","bundle_max_size":"","bundle_price":[],"bundled_items":[],"bundle_sell_ids":[],"atum_controlled":true,"out_stock_date":null,"out_stock_threshold":null,"inheritable":true,"stock_on_hold":0,"sold_today":0,"sales_last_days":0,"out_stock_days":0,"lost_sales":0,"update_date":"2026-04-04T01:44:54","atum_locations":[],"atum_stock_status":"instock","restock_status":false,"low_stock_amount":"","sales_update_date":"2026-04-04T01:44:54","calc_backorders":null,"group_of_quantity":0,"min_quantity":0,"max_quantity":"","exclude_order_quantity_value_rules":"no","exclude_category_quantity_rules":"no","combine_variations":"no","yoast_head":"<!-- This site is optimized with the Yoast SEO Premium plugin v26.5 (Yoast SEO v26.5) - https:\/\/yoast.com\/wordpress\/plugins\/seo\/ -->\n<title>Yarrow Essential Oil | Living Libations<\/title>\n<meta name=\"description\" content=\"Living Libations Yarrow essential oil est une b\u00e9n\u00e9diction botanique distill\u00e9e \u00e0 la vapeur \u00e0 partir des sommets fleuris de l&#039;achill\u00e9e sauvage. Cette plante ancienne produit un compos\u00e9 rafra\u00eechissant appel\u00e9 chamazul\u00e8ne, qui est un r\u00eave pour calmer les zones et les \u00e9motions qui se sont enflamm\u00e9es.\" \/>\n<meta name=\"robots\" content=\"index, follow, max-snippet:-1, max-image-preview:large, max-video-preview:-1\" \/>\n<link rel=\"canonical\" href=\"https:\/\/dutchhealthstore.com\/fr\/product\/yarrow-essential-oil\/\" \/>\n<meta property=\"og:locale\" content=\"fr_FR\" \/>\n<meta property=\"og:type\" content=\"article\" \/>\n<meta property=\"og:title\" content=\"Yarrow Essential Oil - Dutch Health Store\" \/>\n<meta property=\"og:description\" content=\"Living Libations Yarrow essential oil est une b\u00e9n\u00e9diction botanique distill\u00e9e \u00e0 la vapeur \u00e0 partir des sommets fleuris de l&#039;achill\u00e9e sauvage. Cette plante ancienne produit un compos\u00e9 rafra\u00eechissant appel\u00e9 chamazul\u00e8ne, qui est un r\u00eave pour calmer les zones et les \u00e9motions qui se sont enflamm\u00e9es.\" \/>\n<meta property=\"og:url\" content=\"https:\/\/dutchhealthstore.com\/fr\/product\/yarrow-essential-oil\/\" \/>\n<meta property=\"og:site_name\" content=\"Dutch Health Store\" \/>\n<meta property=\"article:publisher\" content=\"https:\/\/www.instagram.com\/dutchhealthstore\/\" \/>\n<meta property=\"article:modified_time\" content=\"2025-08-28T12:12:17+00:00\" \/>\n<meta property=\"og:image\" content=\"https:\/\/dutchhealthstore.com\/wp-content\/uploads\/2018\/02\/Living-Libations-Yarrow-Essential-Oil.jpg\" \/>\n\t<meta property=\"og:image:width\" content=\"995\" \/>\n\t<meta property=\"og:image:height\" content=\"995\" \/>\n\t<meta property=\"og:image:type\" content=\"image\/jpeg\" \/>\n<meta name=\"twitter:card\" content=\"summary_large_image\" \/>\n<meta name=\"twitter:label1\" content=\"Disponibilit\u00e9\" \/>\n\t<meta name=\"twitter:data1\" content=\"En stock\" \/>\n<script type=\"application\/ld+json\" class=\"yoast-schema-graph\">{\"@context\":\"https:\/\/schema.org\",\"@graph\":[{\"@type\":\"WebPage\",\"@id\":\"https:\/\/dutchhealthstore.com\/fr\/product\/yarrow-essential-oil\/\",\"url\":\"https:\/\/dutchhealthstore.com\/fr\/product\/yarrow-essential-oil\/\",\"name\":\"Yarrow Essential Oil | Living Libations\",\"isPartOf\":{\"@id\":\"https:\/\/dutchhealthstore.com\/fr\/#website\"},\"primaryImageOfPage\":{\"@id\":\"https:\/\/dutchhealthstore.com\/fr\/product\/yarrow-essential-oil\/#primaryimage\"},\"image\":{\"@id\":\"https:\/\/dutchhealthstore.com\/fr\/product\/yarrow-essential-oil\/#primaryimage\"},\"thumbnailUrl\":\"https:\/\/dutchhealthstore.com\/wp-content\/uploads\/2018\/02\/Living-Libations-Yarrow-Essential-Oil.jpg\",\"datePublished\":\"2018-02-10T19:12:31+00:00\",\"dateModified\":\"2025-08-28T12:12:17+00:00\",\"description\":\"Living Libations Yarrow essential oil est une b\u00e9n\u00e9diction botanique distill\u00e9e \u00e0 la vapeur \u00e0 partir des sommets fleuris de l'achill\u00e9e sauvage. Cette plante ancienne produit un compos\u00e9 rafra\u00eechissant appel\u00e9 chamazul\u00e8ne, qui est un r\u00eave pour calmer les zones et les \u00e9motions qui se sont enflamm\u00e9es.\",\"breadcrumb\":{\"@id\":\"https:\/\/dutchhealthstore.com\/fr\/product\/yarrow-essential-oil\/#breadcrumb\"},\"inLanguage\":\"fr-FR\",\"potentialAction\":[{\"@type\":\"ReadAction\",\"target\":[\"https:\/\/dutchhealthstore.com\/fr\/product\/yarrow-essential-oil\/\"]}]},{\"@type\":\"ImageObject\",\"inLanguage\":\"fr-FR\",\"@id\":\"https:\/\/dutchhealthstore.com\/fr\/product\/yarrow-essential-oil\/#primaryimage\",\"url\":\"https:\/\/dutchhealthstore.com\/wp-content\/uploads\/2018\/02\/Living-Libations-Yarrow-Essential-Oil.jpg\",\"contentUrl\":\"https:\/\/dutchhealthstore.com\/wp-content\/uploads\/2018\/02\/Living-Libations-Yarrow-Essential-Oil.jpg\",\"width\":995,\"height\":995,\"caption\":\"Living Libations - Yarrow Essential Oil\"},{\"@type\":\"BreadcrumbList\",\"@id\":\"https:\/\/dutchhealthstore.com\/fr\/product\/yarrow-essential-oil\/#breadcrumb\",\"itemListElement\":[{\"@type\":\"ListItem\",\"position\":1,\"name\":\"Home\",\"item\":\"https:\/\/dutchhealthstore.com\/fr\/\"},{\"@type\":\"ListItem\",\"position\":2,\"name\":\"Shop\",\"item\":\"https:\/\/dutchhealthstore.com\/fr\/shop\/\"},{\"@type\":\"ListItem\",\"position\":3,\"name\":\"Yarrow Essential Oil\"}]},{\"@type\":\"WebSite\",\"@id\":\"https:\/\/dutchhealthstore.com\/fr\/#website\",\"url\":\"https:\/\/dutchhealthstore.com\/fr\/\",\"name\":\"Dutch Health Store\",\"description\":\"Enhance Your Beauty with Organic &amp; Natural Skincare\",\"publisher\":{\"@id\":\"https:\/\/dutchhealthstore.com\/fr\/#organization\"},\"potentialAction\":[{\"@type\":\"SearchAction\",\"target\":{\"@type\":\"EntryPoint\",\"urlTemplate\":\"https:\/\/dutchhealthstore.com\/fr\/?s={search_term_string}\"},\"query-input\":{\"@type\":\"PropertyValueSpecification\",\"valueRequired\":true,\"valueName\":\"search_term_string\"}}],\"inLanguage\":\"fr-FR\"},{\"@type\":\"Organization\",\"@id\":\"https:\/\/dutchhealthstore.com\/fr\/#organization\",\"name\":\"Dutch Health Store\",\"url\":\"https:\/\/dutchhealthstore.com\/fr\/\",\"logo\":{\"@type\":\"ImageObject\",\"inLanguage\":\"fr-FR\",\"@id\":\"https:\/\/dutchhealthstore.com\/fr\/#\/schema\/logo\/image\/\",\"url\":\"https:\/\/dutchhealthstore.com\/wp-content\/uploads\/2020\/08\/logo-dutchhealthstore-jpg-e1599484957574.jpg\",\"contentUrl\":\"https:\/\/dutchhealthstore.com\/wp-content\/uploads\/2020\/08\/logo-dutchhealthstore-jpg-e1599484957574.jpg\",\"width\":400,\"height\":62,\"caption\":\"Dutch Health Store\"},\"image\":{\"@id\":\"https:\/\/dutchhealthstore.com\/fr\/#\/schema\/logo\/image\/\"},\"sameAs\":[\"https:\/\/www.instagram.com\/dutchhealthstore\/\",\"https:\/\/www.facebook.com\/dutchhealthstore\"]}]}<\/script>\n<meta property=\"product:brand\" content=\"Living Libations\" \/>\n<meta property=\"og:availability\" content=\"instock\" \/>\n<meta property=\"product:availability\" content=\"instock\" \/>\n<meta property=\"product:condition\" content=\"new\" \/>\n<!-- \/ Yoast SEO Premium plugin. -->","yoast_head_json":{"title":"Yarrow Essential Oil | Living Libations","description":"Living Libations Yarrow essential oil est une b\u00e9n\u00e9diction botanique distill\u00e9e \u00e0 la vapeur \u00e0 partir des sommets fleuris de l'achill\u00e9e sauvage. Cette plante ancienne produit un compos\u00e9 rafra\u00eechissant appel\u00e9 chamazul\u00e8ne, qui est un r\u00eave pour calmer les zones et les \u00e9motions qui se sont enflamm\u00e9es.","robots":{"index":"index","follow":"follow","max-snippet":"max-snippet:-1","max-image-preview":"max-image-preview:large","max-video-preview":"max-video-preview:-1"},"canonical":"https:\/\/dutchhealthstore.com\/fr\/product\/yarrow-essential-oil\/","og_locale":"fr_FR","og_type":"article","og_title":"Yarrow Essential Oil - Dutch Health Store","og_description":"Living Libations Yarrow essential oil est une b\u00e9n\u00e9diction botanique distill\u00e9e \u00e0 la vapeur \u00e0 partir des sommets fleuris de l'achill\u00e9e sauvage. Cette plante ancienne produit un compos\u00e9 rafra\u00eechissant appel\u00e9 chamazul\u00e8ne, qui est un r\u00eave pour calmer les zones et les \u00e9motions qui se sont enflamm\u00e9es.","og_url":"https:\/\/dutchhealthstore.com\/fr\/product\/yarrow-essential-oil\/","og_site_name":"Dutch Health Store","article_publisher":"https:\/\/www.instagram.com\/dutchhealthstore\/","article_modified_time":"2025-08-28T12:12:17+00:00","og_image":[{"width":995,"height":995,"url":"https:\/\/dutchhealthstore.com\/wp-content\/uploads\/2018\/02\/Living-Libations-Yarrow-Essential-Oil.jpg","type":"image\/jpeg"}],"twitter_card":"summary_large_image","twitter_misc":{"Disponibilit\u00e9":"En stock"},"schema":{"@context":"https:\/\/schema.org","@graph":[{"@type":"WebPage","@id":"https:\/\/dutchhealthstore.com\/fr\/product\/yarrow-essential-oil\/","url":"https:\/\/dutchhealthstore.com\/fr\/product\/yarrow-essential-oil\/","name":"Yarrow Essential Oil | Living Libations","isPartOf":{"@id":"https:\/\/dutchhealthstore.com\/fr\/#website"},"primaryImageOfPage":{"@id":"https:\/\/dutchhealthstore.com\/fr\/product\/yarrow-essential-oil\/#primaryimage"},"image":{"@id":"https:\/\/dutchhealthstore.com\/fr\/product\/yarrow-essential-oil\/#primaryimage"},"thumbnailUrl":"https:\/\/dutchhealthstore.com\/wp-content\/uploads\/2018\/02\/Living-Libations-Yarrow-Essential-Oil.jpg","datePublished":"2018-02-10T19:12:31+00:00","dateModified":"2025-08-28T12:12:17+00:00","description":"Living Libations Yarrow essential oil est une b\u00e9n\u00e9diction botanique distill\u00e9e \u00e0 la vapeur \u00e0 partir des sommets fleuris de l'achill\u00e9e sauvage. Cette plante ancienne produit un compos\u00e9 rafra\u00eechissant appel\u00e9 chamazul\u00e8ne, qui est un r\u00eave pour calmer les zones et les \u00e9motions qui se sont enflamm\u00e9es.","breadcrumb":{"@id":"https:\/\/dutchhealthstore.com\/fr\/product\/yarrow-essential-oil\/#breadcrumb"},"inLanguage":"fr-FR","potentialAction":[{"@type":"ReadAction","target":["https:\/\/dutchhealthstore.com\/fr\/product\/yarrow-essential-oil\/"]}]},{"@type":"ImageObject","inLanguage":"fr-FR","@id":"https:\/\/dutchhealthstore.com\/fr\/product\/yarrow-essential-oil\/#primaryimage","url":"https:\/\/dutchhealthstore.com\/wp-content\/uploads\/2018\/02\/Living-Libations-Yarrow-Essential-Oil.jpg","contentUrl":"https:\/\/dutchhealthstore.com\/wp-content\/uploads\/2018\/02\/Living-Libations-Yarrow-Essential-Oil.jpg","width":995,"height":995,"caption":"Living Libations - Yarrow Essential Oil"},{"@type":"BreadcrumbList","@id":"https:\/\/dutchhealthstore.com\/fr\/product\/yarrow-essential-oil\/#breadcrumb","itemListElement":[{"@type":"ListItem","position":1,"name":"Home","item":"https:\/\/dutchhealthstore.com\/fr\/"},{"@type":"ListItem","position":2,"name":"Shop","item":"https:\/\/dutchhealthstore.com\/fr\/shop\/"},{"@type":"ListItem","position":3,"name":"Yarrow Essential Oil"}]},{"@type":"WebSite","@id":"https:\/\/dutchhealthstore.com\/fr\/#website","url":"https:\/\/dutchhealthstore.com\/fr\/","name":"Dutch Health Store","description":"Enhance Your Beauty with Organic &amp; Natural Skincare","publisher":{"@id":"https:\/\/dutchhealthstore.com\/fr\/#organization"},"potentialAction":[{"@type":"SearchAction","target":{"@type":"EntryPoint","urlTemplate":"https:\/\/dutchhealthstore.com\/fr\/?s={search_term_string}"},"query-input":{"@type":"PropertyValueSpecification","valueRequired":true,"valueName":"search_term_string"}}],"inLanguage":"fr-FR"},{"@type":"Organization","@id":"https:\/\/dutchhealthstore.com\/fr\/#organization","name":"Dutch Health Store","url":"https:\/\/dutchhealthstore.com\/fr\/","logo":{"@type":"ImageObject","inLanguage":"fr-FR","@id":"https:\/\/dutchhealthstore.com\/fr\/#\/schema\/logo\/image\/","url":"https:\/\/dutchhealthstore.com\/wp-content\/uploads\/2020\/08\/logo-dutchhealthstore-jpg-e1599484957574.jpg","contentUrl":"https:\/\/dutchhealthstore.com\/wp-content\/uploads\/2020\/08\/logo-dutchhealthstore-jpg-e1599484957574.jpg","width":400,"height":62,"caption":"Dutch Health Store"},"image":{"@id":"https:\/\/dutchhealthstore.com\/fr\/#\/schema\/logo\/image\/"},"sameAs":["https:\/\/www.instagram.com\/dutchhealthstore\/","https:\/\/www.facebook.com\/dutchhealthstore"]}]},"product_brand":"Living Libations","og_availability":"instock","product_availability":"instock","product_condition":"new"},"_links":{"self":[{"href":"https:\/\/dutchhealthstore.com\/fr\/wp-json\/wp\/v2\/product\/125337","targetHints":{"allow":["GET"]}}],"collection":[{"href":"https:\/\/dutchhealthstore.com\/fr\/wp-json\/wp\/v2\/product"}],"about":[{"href":"https:\/\/dutchhealthstore.com\/fr\/wp-json\/wp\/v2\/types\/product"}],"replies":[{"embeddable":true,"href":"https:\/\/dutchhealthstore.com\/fr\/wp-json\/wp\/v2\/comments?post=125337"}],"wp:featuredmedia":[{"embeddable":true,"href":"https:\/\/dutchhealthstore.com\/fr\/wp-json\/wp\/v2\/media\/50461"}],"wp:attachment":[{"href":"https:\/\/dutchhealthstore.com\/fr\/wp-json\/wp\/v2\/media?parent=125337"}],"wp:term":[{"taxonomy":"product_brand","embeddable":true,"href":"https:\/\/dutchhealthstore.com\/fr\/wp-json\/wp\/v2\/product_brand?post=125337"},{"taxonomy":"product_cat","embeddable":true,"href":"https:\/\/dutchhealthstore.com\/fr\/wp-json\/wp\/v2\/product_cat?post=125337"},{"taxonomy":"product_tag","embeddable":true,"href":"https:\/\/dutchhealthstore.com\/fr\/wp-json\/wp\/v2\/product_tag?post=125337"}],"curies":[{"name":"wp","href":"https:\/\/api.w.org\/{rel}","templated":true}]}}