{"id":125281,"date":"2018-02-10T20:13:17","date_gmt":"2018-02-10T20:13:17","guid":{"rendered":"https:\/\/dutchhealthstore.com\/product\/white-cedar-absolute\/"},"modified":"2024-03-08T14:58:12","modified_gmt":"2024-03-08T14:58:12","slug":"white-cedar-absolute","status":"publish","type":"product","link":"https:\/\/dutchhealthstore.com\/fr\/product\/white-cedar-absolute\/","title":{"rendered":"White Cedar Absolute"},"content":{"rendered":"<p style=\"font-weight: 400;\"><img decoding=\"async\" class=\"alignright size-full wp-image-37041\" src=\"https:\/\/dutchhealthstore.com\/wp-content\/uploads\/2018\/04\/Living_Libations-1.png\" alt=\"Organic &amp; Natural Beautyproducts - Living Libations\" width=\"175\" height=\"82\"><\/p>\n<p style=\"font-weight: 400;\"><b><strong>Nom botanique : <\/strong><\/b><i><em>Thuja occidentalis<br \/>\n<\/em><\/i><b><strong>Famille botanique : <\/strong><\/b><i><em>Cupressaceae<br \/>\n<\/em><\/i><b><strong>M\u00e9thode d&rsquo;extraction : <\/strong><\/b>Absolue<br \/>\n<b style=\"font-size: 14.4px;\"><strong>Partie de la plante distill\u00e9e : <\/strong><\/b><span style=\"font-size: 14.4px;\">Aiguilles<br \/>\n<\/span><b><strong>Pays d&rsquo;origine : <\/strong><\/b>Canada<br \/>\n<b><strong>M\u00e9thode de culture :<\/strong><\/b> Sauvage<\/p>\n<h3>Analyses de produits<\/h3>\n<p>Veuillez cliquer sur le lien ci-dessous pour lire le certificat d&rsquo;analyse du produit.<\/p>\n<p><a href=\"https:\/\/dutchhealthstore.com\/wp-content\/uploads\/2019\/05\/ANALYSIS-Cedar-White-Absolute-Living-Libations.pdf\" rel=\"noopener\"><img decoding=\"async\" class=\"wp-image-56302 size-full alignnone\" src=\"https:\/\/dutchhealthstore.com\/wp-content\/uploads\/2019\/05\/logo-pdf-navi-organics.jpg\" alt=\"logo pdf navi organics\" width=\"100\" height=\"104\"><\/a><\/p>\n<h3>Description de l&rsquo;odeur<\/h3>\n<p>Un conif\u00e8re piquant et r\u00e9sineux avec des notes ambr\u00e9es de terre verte et des notes de t\u00eate \u00e9l\u00e9gantes et fruit\u00e9es.<\/p>\n<h3>Se marie bien avec<\/h3>\n<p>C\u00e8dre, sapin blanc, v\u00e9tiver, patchouli, nard, rose absolue, jasmin, pin, bergamote, c\u00e9drat, orange sanguine, citron, mousse de ch\u00eane et pamplemousse.<\/p>\n<h3>Utilisations<\/h3>\n<p>La fine t\u00e9nacit\u00e9 de cette absolue en fait un fixateur de premier ordre dans les parfums, les eaux de Cologne et les m\u00e9langes aromatiques. Permet d&rsquo;obtenir des m\u00e9langes majestueux qui peuvent \u00eatre utilis\u00e9s pour des spritz c\u00e9r\u00e9moniels et des diffusions d\u00e9licieuses.<\/p>\n<p style=\"font-weight: 400;\">C&rsquo;est le r\u00eave d&rsquo;une eau de Cologne de conif\u00e8res qui capture les notes les plus profondes de ce grand arbre. Connues des Am\u00e9rindiens sous le nom de \u00ab\u00a0c\u00e8dre grand-m\u00e8re\u00a0\u00bb, les aiguilles aromatiques du c\u00e8dre blanc sont utilis\u00e9es depuis des si\u00e8cles pour leurs bienfaits botaniques.<\/p>\n<p style=\"font-weight: 400;\">Contrairement \u00e0 l&rsquo;huile essentielle de c\u00e8dre blanc, qui est distill\u00e9e \u00e0 la vapeur, White Cedar Absolute se concentre sur les notes de base qui ajoutent la profondeur d&rsquo;un tambour au chant des instruments \u00e0 cordes de la version huile essentielle. L&rsquo;absolu est un liquide plus visqueux contenant une for\u00eat de parfums qui ajoute aux eaux de Cologne, aux parfums et aux m\u00e9langes aromatiques une profondeur in\u00e9gal\u00e9e qui plonge l&rsquo;inhalateur dans une r\u00e9ceptivit\u00e9 ravie, une contemplation cosmique.<\/p>\n<p><strong>Taille : 5 ml d&rsquo;alcool 50:50<\/strong><\/p>\n<h3>Ingr\u00e9dients biologiques<\/h3>\n<p>100% absolue de c\u00e8dre blanc (Thuja occidentalis).<\/p>\n<p style=\"text-align: center;\"><i><em>\u00ab\u00a0Il y a 300 millions d&rsquo;ann\u00e9es, les huiles essentielles telles que nous les connaissons aujourd&rsquo;hui \u00e9taient des substances secondaires omnipr\u00e9sentes.<br \/>\ndans les arbres \u00e0 aiguilles de conif\u00e8res. A ce stade de d\u00e9veloppement, ces plantes ont r\u00e9ussi \u00e0 produire<br \/>\ndes huiles essentielles compos\u00e9es principalement de monoterp\u00e8nes. Gr\u00e2ce aux arbres \u00e0 aiguilles, nous savons que le limon\u00e8ne,<br \/>\nle pin\u00e8ne, le born\u00e9ol, le carvacrol et le thymol, entre autres, ont jou\u00e9 un r\u00f4le important dans la chimie de la vie sur cette plan\u00e8te.<br \/>\nCertains arbres qui ont \u00e9t\u00e9 prolifiques \u00e0 cette p\u00e9riode [include] Thuja occidentalis.\u00a0\u00bb<br \/>\n<\/em><\/i>~ Kurt Schnaubelt, <strong>Advanced Aromatherapy<\/strong><\/p>\n<p><img fetchpriority=\"high\" decoding=\"async\" class=\"aligncenter size-full wp-image-31577\" src=\"https:\/\/dutchhealthstore.com\/wp-content\/uploads\/2018\/03\/organic_big.png\" alt=\"Organic and Natural - Living Libations\" width=\"623\" height=\"103\" srcset=\"https:\/\/dutchhealthstore.com\/wp-content\/uploads\/2018\/03\/organic_big.png 623w, https:\/\/dutchhealthstore.com\/wp-content\/uploads\/2018\/03\/organic_big-510x84.png 510w, https:\/\/dutchhealthstore.com\/wp-content\/uploads\/2018\/03\/organic_big-600x99.png 600w, https:\/\/dutchhealthstore.com\/wp-content\/uploads\/2018\/03\/organic_big-350x58.png 350w\" sizes=\"(max-width: 623px) 100vw, 623px\" \/><\/p>\n","protected":false},"excerpt":{"rendered":"<p>Living Libations <strong>White Cedar Absolute<\/strong> capture les notes les plus profondes de cet ar\u00f4me vif et bois\u00e9. Extraite des aiguilles du c\u00e8dre blanc canadien, l&rsquo;absolue renferme parfaitement les notes aromatiques les plus riches de l&rsquo;essence de cet arbre majestueux.<br \/>\nWhite Cedar Absolute est un liquide vert fonc\u00e9 avec un bouquet forestier r\u00e9sineux doux et terreux avec une fantaisie foresti\u00e8re de qualit\u00e9s fixatrices pour un \u00e9ventail de m\u00e9langes aromatiques et de parfums purs qui sont s\u00fbrs de faire p\u00e2lir d&rsquo;admiration.<\/p>\n","protected":false},"featured_media":58733,"comment_status":"open","ping_status":"closed","template":"","meta":[],"product_brand":[],"product_cat":[3754,1507,6734,1211,1209,1010,6733],"product_tag":[4495],"class_list":{"0":"post-125281","1":"product","2":"type-product","3":"status-publish","4":"has-post-thumbnail","6":"product_cat-essences-absolues","7":"product_cat-plantes-huiles-essentielles-living-libations","8":"product_cat-essential-oils","9":"product_cat-living-libations-france","10":"product_cat-par-marques","11":"product_cat-notre-boutique","12":"product_cat-wellness-fr-2","13":"product_tag-essential-oil-fr","14":"pa_brand-livinglibations-fr","15":"pa_essential-oils-product-type-absolute-essences-fr","16":"pa_essential-oils-product-type-essential-oils-fr","17":"pa_size-5-ml-dalcool-5050","19":"first","20":"instock","21":"taxable","22":"shipping-taxable","23":"purchasable","24":"product-type-simple"},"bundled_by":[],"bundle_stock_status":"instock","bundle_stock_quantity":6,"bundle_virtual":false,"bundle_layout":"","bundle_add_to_cart_form_location":"","bundle_editable_in_cart":false,"bundle_sold_individually_context":"","bundle_item_grouping":"","bundle_min_size":"","bundle_max_size":"","bundle_price":[],"bundled_items":[],"bundle_sell_ids":[],"atum_controlled":true,"out_stock_date":null,"out_stock_threshold":null,"inheritable":false,"stock_on_hold":0,"sold_today":0,"sales_last_days":0,"out_stock_days":0,"lost_sales":0,"update_date":"2026-04-30T11:56:28","atum_locations":[],"atum_stock_status":"instock","restock_status":false,"low_stock_amount":0,"sales_update_date":"2026-04-30T11:56:28","calc_backorders":null,"group_of_quantity":0,"min_quantity":0,"max_quantity":"","exclude_order_quantity_value_rules":"no","exclude_category_quantity_rules":"no","combine_variations":"no","yoast_head":"<!-- This site is optimized with the Yoast SEO Premium plugin v26.5 (Yoast SEO v26.5) - https:\/\/yoast.com\/wordpress\/plugins\/seo\/ -->\n<title>White Cedar Absolute | Living Libations<\/title>\n<meta name=\"description\" content=\"Living Libations White Cedar Absolute capture les notes les plus profondes de cet ar\u00f4me vif et bois\u00e9. Extrait des aiguilles du c\u00e8dre blanc canadien.\" \/>\n<meta name=\"robots\" content=\"index, follow, max-snippet:-1, max-image-preview:large, max-video-preview:-1\" \/>\n<link rel=\"canonical\" href=\"https:\/\/dutchhealthstore.com\/fr\/product\/white-cedar-absolute\/\" \/>\n<meta property=\"og:locale\" content=\"fr_FR\" \/>\n<meta property=\"og:type\" content=\"article\" \/>\n<meta property=\"og:title\" content=\"White Cedar Absolute - Dutch Health Store\" \/>\n<meta property=\"og:description\" content=\"Living Libations White Cedar Absolute capture les notes les plus profondes de cet ar\u00f4me vif et bois\u00e9. Extrait des aiguilles du c\u00e8dre blanc canadien.\" \/>\n<meta property=\"og:url\" content=\"https:\/\/dutchhealthstore.com\/fr\/product\/white-cedar-absolute\/\" \/>\n<meta property=\"og:site_name\" content=\"Dutch Health Store\" \/>\n<meta property=\"article:publisher\" content=\"https:\/\/www.instagram.com\/dutchhealthstore\/\" \/>\n<meta property=\"article:modified_time\" content=\"2024-03-08T14:58:12+00:00\" \/>\n<meta property=\"og:image\" content=\"https:\/\/dutchhealthstore.com\/wp-content\/uploads\/2018\/02\/Cedar-White-Absolute-Living-Libations.jpg\" \/>\n\t<meta property=\"og:image:width\" content=\"1200\" \/>\n\t<meta property=\"og:image:height\" content=\"1200\" \/>\n\t<meta property=\"og:image:type\" content=\"image\/jpeg\" \/>\n<meta name=\"twitter:card\" content=\"summary_large_image\" \/>\n<meta name=\"twitter:label1\" content=\"Prix\" \/>\n\t<meta name=\"twitter:data1\" content=\"&euro;25,00\" \/>\n\t<meta name=\"twitter:label2\" content=\"Disponibilit\u00e9\" \/>\n\t<meta name=\"twitter:data2\" content=\"En stock\" \/>\n<script type=\"application\/ld+json\" class=\"yoast-schema-graph\">{\"@context\":\"https:\/\/schema.org\",\"@graph\":[{\"@type\":\"WebPage\",\"@id\":\"https:\/\/dutchhealthstore.com\/fr\/product\/white-cedar-absolute\/\",\"url\":\"https:\/\/dutchhealthstore.com\/fr\/product\/white-cedar-absolute\/\",\"name\":\"White Cedar Absolute | Living Libations\",\"isPartOf\":{\"@id\":\"https:\/\/dutchhealthstore.com\/fr\/#website\"},\"primaryImageOfPage\":{\"@id\":\"https:\/\/dutchhealthstore.com\/fr\/product\/white-cedar-absolute\/#primaryimage\"},\"image\":{\"@id\":\"https:\/\/dutchhealthstore.com\/fr\/product\/white-cedar-absolute\/#primaryimage\"},\"thumbnailUrl\":\"https:\/\/dutchhealthstore.com\/wp-content\/uploads\/2018\/02\/Cedar-White-Absolute-Living-Libations.jpg\",\"datePublished\":\"2018-02-10T20:13:17+00:00\",\"dateModified\":\"2024-03-08T14:58:12+00:00\",\"description\":\"Living Libations White Cedar Absolute capture les notes les plus profondes de cet ar\u00f4me vif et bois\u00e9. Extrait des aiguilles du c\u00e8dre blanc canadien.\",\"breadcrumb\":{\"@id\":\"https:\/\/dutchhealthstore.com\/fr\/product\/white-cedar-absolute\/#breadcrumb\"},\"inLanguage\":\"fr-FR\",\"potentialAction\":[{\"@type\":\"ReadAction\",\"target\":[\"https:\/\/dutchhealthstore.com\/fr\/product\/white-cedar-absolute\/\"]}]},{\"@type\":\"ImageObject\",\"inLanguage\":\"fr-FR\",\"@id\":\"https:\/\/dutchhealthstore.com\/fr\/product\/white-cedar-absolute\/#primaryimage\",\"url\":\"https:\/\/dutchhealthstore.com\/wp-content\/uploads\/2018\/02\/Cedar-White-Absolute-Living-Libations.jpg\",\"contentUrl\":\"https:\/\/dutchhealthstore.com\/wp-content\/uploads\/2018\/02\/Cedar-White-Absolute-Living-Libations.jpg\",\"width\":1200,\"height\":1200,\"caption\":\"Cedar White Absolute - Living Libations\"},{\"@type\":\"BreadcrumbList\",\"@id\":\"https:\/\/dutchhealthstore.com\/fr\/product\/white-cedar-absolute\/#breadcrumb\",\"itemListElement\":[{\"@type\":\"ListItem\",\"position\":1,\"name\":\"Home\",\"item\":\"https:\/\/dutchhealthstore.com\/fr\/\"},{\"@type\":\"ListItem\",\"position\":2,\"name\":\"Shop\",\"item\":\"https:\/\/dutchhealthstore.com\/fr\/shop\/\"},{\"@type\":\"ListItem\",\"position\":3,\"name\":\"White Cedar Absolute\"}]},{\"@type\":\"WebSite\",\"@id\":\"https:\/\/dutchhealthstore.com\/fr\/#website\",\"url\":\"https:\/\/dutchhealthstore.com\/fr\/\",\"name\":\"Dutch Health Store\",\"description\":\"Enhance Your Beauty with Organic &amp; Natural Skincare\",\"publisher\":{\"@id\":\"https:\/\/dutchhealthstore.com\/fr\/#organization\"},\"potentialAction\":[{\"@type\":\"SearchAction\",\"target\":{\"@type\":\"EntryPoint\",\"urlTemplate\":\"https:\/\/dutchhealthstore.com\/fr\/?s={search_term_string}\"},\"query-input\":{\"@type\":\"PropertyValueSpecification\",\"valueRequired\":true,\"valueName\":\"search_term_string\"}}],\"inLanguage\":\"fr-FR\"},{\"@type\":\"Organization\",\"@id\":\"https:\/\/dutchhealthstore.com\/fr\/#organization\",\"name\":\"Dutch Health Store\",\"url\":\"https:\/\/dutchhealthstore.com\/fr\/\",\"logo\":{\"@type\":\"ImageObject\",\"inLanguage\":\"fr-FR\",\"@id\":\"https:\/\/dutchhealthstore.com\/fr\/#\/schema\/logo\/image\/\",\"url\":\"https:\/\/dutchhealthstore.com\/wp-content\/uploads\/2020\/08\/logo-dutchhealthstore-jpg-e1599484957574.jpg\",\"contentUrl\":\"https:\/\/dutchhealthstore.com\/wp-content\/uploads\/2020\/08\/logo-dutchhealthstore-jpg-e1599484957574.jpg\",\"width\":400,\"height\":62,\"caption\":\"Dutch Health Store\"},\"image\":{\"@id\":\"https:\/\/dutchhealthstore.com\/fr\/#\/schema\/logo\/image\/\"},\"sameAs\":[\"https:\/\/www.instagram.com\/dutchhealthstore\/\",\"https:\/\/www.facebook.com\/dutchhealthstore\"]}]}<\/script>\n<meta property=\"product:brand\" content=\"Living Libations\" \/>\n<meta property=\"product:price:amount\" content=\"25.00\" \/>\n<meta property=\"product:price:currency\" content=\"EUR\" \/>\n<meta property=\"og:availability\" content=\"instock\" \/>\n<meta property=\"product:availability\" content=\"instock\" \/>\n<meta property=\"product:condition\" content=\"new\" \/>\n<!-- \/ Yoast SEO Premium plugin. -->","yoast_head_json":{"title":"White Cedar Absolute | Living Libations","description":"Living Libations White Cedar Absolute capture les notes les plus profondes de cet ar\u00f4me vif et bois\u00e9. Extrait des aiguilles du c\u00e8dre blanc canadien.","robots":{"index":"index","follow":"follow","max-snippet":"max-snippet:-1","max-image-preview":"max-image-preview:large","max-video-preview":"max-video-preview:-1"},"canonical":"https:\/\/dutchhealthstore.com\/fr\/product\/white-cedar-absolute\/","og_locale":"fr_FR","og_type":"article","og_title":"White Cedar Absolute - Dutch Health Store","og_description":"Living Libations White Cedar Absolute capture les notes les plus profondes de cet ar\u00f4me vif et bois\u00e9. Extrait des aiguilles du c\u00e8dre blanc canadien.","og_url":"https:\/\/dutchhealthstore.com\/fr\/product\/white-cedar-absolute\/","og_site_name":"Dutch Health Store","article_publisher":"https:\/\/www.instagram.com\/dutchhealthstore\/","article_modified_time":"2024-03-08T14:58:12+00:00","og_image":[{"width":1200,"height":1200,"url":"https:\/\/dutchhealthstore.com\/wp-content\/uploads\/2018\/02\/Cedar-White-Absolute-Living-Libations.jpg","type":"image\/jpeg"}],"twitter_card":"summary_large_image","twitter_misc":{"Prix":"&euro;25,00","Disponibilit\u00e9":"En stock"},"schema":{"@context":"https:\/\/schema.org","@graph":[{"@type":"WebPage","@id":"https:\/\/dutchhealthstore.com\/fr\/product\/white-cedar-absolute\/","url":"https:\/\/dutchhealthstore.com\/fr\/product\/white-cedar-absolute\/","name":"White Cedar Absolute | Living Libations","isPartOf":{"@id":"https:\/\/dutchhealthstore.com\/fr\/#website"},"primaryImageOfPage":{"@id":"https:\/\/dutchhealthstore.com\/fr\/product\/white-cedar-absolute\/#primaryimage"},"image":{"@id":"https:\/\/dutchhealthstore.com\/fr\/product\/white-cedar-absolute\/#primaryimage"},"thumbnailUrl":"https:\/\/dutchhealthstore.com\/wp-content\/uploads\/2018\/02\/Cedar-White-Absolute-Living-Libations.jpg","datePublished":"2018-02-10T20:13:17+00:00","dateModified":"2024-03-08T14:58:12+00:00","description":"Living Libations White Cedar Absolute capture les notes les plus profondes de cet ar\u00f4me vif et bois\u00e9. Extrait des aiguilles du c\u00e8dre blanc canadien.","breadcrumb":{"@id":"https:\/\/dutchhealthstore.com\/fr\/product\/white-cedar-absolute\/#breadcrumb"},"inLanguage":"fr-FR","potentialAction":[{"@type":"ReadAction","target":["https:\/\/dutchhealthstore.com\/fr\/product\/white-cedar-absolute\/"]}]},{"@type":"ImageObject","inLanguage":"fr-FR","@id":"https:\/\/dutchhealthstore.com\/fr\/product\/white-cedar-absolute\/#primaryimage","url":"https:\/\/dutchhealthstore.com\/wp-content\/uploads\/2018\/02\/Cedar-White-Absolute-Living-Libations.jpg","contentUrl":"https:\/\/dutchhealthstore.com\/wp-content\/uploads\/2018\/02\/Cedar-White-Absolute-Living-Libations.jpg","width":1200,"height":1200,"caption":"Cedar White Absolute - Living Libations"},{"@type":"BreadcrumbList","@id":"https:\/\/dutchhealthstore.com\/fr\/product\/white-cedar-absolute\/#breadcrumb","itemListElement":[{"@type":"ListItem","position":1,"name":"Home","item":"https:\/\/dutchhealthstore.com\/fr\/"},{"@type":"ListItem","position":2,"name":"Shop","item":"https:\/\/dutchhealthstore.com\/fr\/shop\/"},{"@type":"ListItem","position":3,"name":"White Cedar Absolute"}]},{"@type":"WebSite","@id":"https:\/\/dutchhealthstore.com\/fr\/#website","url":"https:\/\/dutchhealthstore.com\/fr\/","name":"Dutch Health Store","description":"Enhance Your Beauty with Organic &amp; Natural Skincare","publisher":{"@id":"https:\/\/dutchhealthstore.com\/fr\/#organization"},"potentialAction":[{"@type":"SearchAction","target":{"@type":"EntryPoint","urlTemplate":"https:\/\/dutchhealthstore.com\/fr\/?s={search_term_string}"},"query-input":{"@type":"PropertyValueSpecification","valueRequired":true,"valueName":"search_term_string"}}],"inLanguage":"fr-FR"},{"@type":"Organization","@id":"https:\/\/dutchhealthstore.com\/fr\/#organization","name":"Dutch Health Store","url":"https:\/\/dutchhealthstore.com\/fr\/","logo":{"@type":"ImageObject","inLanguage":"fr-FR","@id":"https:\/\/dutchhealthstore.com\/fr\/#\/schema\/logo\/image\/","url":"https:\/\/dutchhealthstore.com\/wp-content\/uploads\/2020\/08\/logo-dutchhealthstore-jpg-e1599484957574.jpg","contentUrl":"https:\/\/dutchhealthstore.com\/wp-content\/uploads\/2020\/08\/logo-dutchhealthstore-jpg-e1599484957574.jpg","width":400,"height":62,"caption":"Dutch Health Store"},"image":{"@id":"https:\/\/dutchhealthstore.com\/fr\/#\/schema\/logo\/image\/"},"sameAs":["https:\/\/www.instagram.com\/dutchhealthstore\/","https:\/\/www.facebook.com\/dutchhealthstore"]}]},"product_brand":"Living Libations","product_price_amount":"25.00","product_price_currency":"EUR","og_availability":"instock","product_availability":"instock","product_condition":"new"},"_links":{"self":[{"href":"https:\/\/dutchhealthstore.com\/fr\/wp-json\/wp\/v2\/product\/125281","targetHints":{"allow":["GET"]}}],"collection":[{"href":"https:\/\/dutchhealthstore.com\/fr\/wp-json\/wp\/v2\/product"}],"about":[{"href":"https:\/\/dutchhealthstore.com\/fr\/wp-json\/wp\/v2\/types\/product"}],"replies":[{"embeddable":true,"href":"https:\/\/dutchhealthstore.com\/fr\/wp-json\/wp\/v2\/comments?post=125281"}],"wp:featuredmedia":[{"embeddable":true,"href":"https:\/\/dutchhealthstore.com\/fr\/wp-json\/wp\/v2\/media\/58733"}],"wp:attachment":[{"href":"https:\/\/dutchhealthstore.com\/fr\/wp-json\/wp\/v2\/media?parent=125281"}],"wp:term":[{"taxonomy":"product_brand","embeddable":true,"href":"https:\/\/dutchhealthstore.com\/fr\/wp-json\/wp\/v2\/product_brand?post=125281"},{"taxonomy":"product_cat","embeddable":true,"href":"https:\/\/dutchhealthstore.com\/fr\/wp-json\/wp\/v2\/product_cat?post=125281"},{"taxonomy":"product_tag","embeddable":true,"href":"https:\/\/dutchhealthstore.com\/fr\/wp-json\/wp\/v2\/product_tag?post=125281"}],"curies":[{"name":"wp","href":"https:\/\/api.w.org\/{rel}","templated":true}]}}