{"id":125265,"date":"2020-06-16T12:51:27","date_gmt":"2020-06-16T10:51:27","guid":{"rendered":"https:\/\/dutchhealthstore.com\/product\/wintergreen-essential-oil\/"},"modified":"2025-10-28T11:18:48","modified_gmt":"2025-10-28T10:18:48","slug":"wintergreen-essential-oil","status":"publish","type":"product","link":"https:\/\/dutchhealthstore.com\/fr\/product\/wintergreen-essential-oil\/","title":{"rendered":"Wintergreen Essential Oil"},"content":{"rendered":"<p><img decoding=\"async\" class=\"size-full wp-image-69549 alignright\" src=\"https:\/\/dutchhealthstore.com\/wp-content\/uploads\/2019\/08\/NEW-Living-Libations-Logo.jpg\" alt=\"NEW - Living Libations - Logo\" width=\"175\" height=\"82\"><strong>Nom botanique :<\/strong> Gaultheria procumbense<br \/>\n<strong>Famille botanique :<\/strong> Ericaceae<br \/>\n<strong>M\u00e9thode d&rsquo;extraction :<\/strong> Distill\u00e9 \u00e0 la vapeur apr\u00e8s avoir \u00e9t\u00e9 tremp\u00e9 dans de l&rsquo;eau chaude pendant une nuit.<br \/>\n<strong>Partie de la plante distill\u00e9e :<\/strong> Feuilles<br \/>\n<strong>Pays d&rsquo;origine :<\/strong> N\u00e9pal<br \/>\n<strong>M\u00e9thode de culture :<\/strong> R\u00e9colte sauvage<br \/>\n<strong>Composition :<\/strong> 100% Gaultheria procumbense<br \/>\n<strong>Coh\u00e9rence :<\/strong> Mince<\/p>\n<h3>Description de l&rsquo;odeur<\/h3>\n<p>Menthe fra\u00eeche avec des notes herbac\u00e9es cr\u00e9meuses et rafra\u00eechissantes avec un soup\u00e7on lointain de gard\u00e9nia.<\/p>\n<h3>Dans Living Libations<\/h3>\n<p>Lion Balm<\/p>\n<h3>Se marie bien avec<\/h3>\n<p>Lavande, menthe poivr\u00e9e, marjolaine, clou de girofle, gard\u00e9nia, jasmin, menthe verte, poivre noir, fragonia, hysope, eucalyptus, myrte, encens, bouleau doux et pin.<\/p>\n<h3>Utilisations<\/h3>\n<p>On sent comme une brise fra\u00eeche sur la peau. Un r\u00e9veil aromatique. D\u00e9tend les rougeurs. Un compl\u00e9ment rafra\u00eechissant et apaisant aux huiles de massage musculaire et aux baumes pour le corps. Diluer avant de l&rsquo;utiliser.<\/p>\n<h3>Contre-indications<\/h3>\n<p>Diluer pour utiliser. Il peut irriter la peau \u00e0 des concentrations \u00e9lev\u00e9es.<\/p>\n<a href=\"https:\/\/dutchhealthstore.com\/wp-content\/uploads\/2020\/06\/ANALYSIS-Wintergreen-Essential-Oil-Living-Libations-1.pdf\" class=\"button primary is-primary is-small\"  >\n\t\t<span>ANALYSE DES HUILES ESSENTIELLES &gt;<\/span>\n\t<\/a>\n\n<p>Notre Wintergreen Essential Oil ressemble \u00e0 une brise fra\u00eeche sur l&rsquo;haleine et la peau et sonne les cloches de la clart\u00e9 lorsqu&rsquo;elle est inhal\u00e9e. Fabriqu\u00e9e \u00e0 l&rsquo;\u00e9tat sauvage au N\u00e9pal, cette huile est pr\u00e9sent\u00e9e comme un calmant pour les tensions. Il est si robuste qu&rsquo;il doit \u00eatre utilis\u00e9 \u00e0 petites doses et dilu\u00e9 pour ne pas cr\u00e9er d&rsquo;irritation cutan\u00e9e. L&rsquo;arbuste Wintergreen pousse toute l&rsquo;ann\u00e9e, m\u00eame sous la neige, ce qui conf\u00e8re \u00e0 cette huile une essence de long\u00e9vit\u00e9 et de force d&rsquo;\u00e2me.<\/p>\n<p>Les feuilles et les baies de l&rsquo;arbuste Wintergreen, \u00e9galement connu sous le nom de Teaberry bush, sont consomm\u00e9es depuis des si\u00e8cles par les hommes et les animaux sauvages. Pour de nombreux animaux, dont le cerf de Virginie, le tamia, le faisan et m\u00eame l&rsquo;ours noir, la gaulth\u00e9rie couch\u00e9e est un aliment de survie essentiel pendant les mois froids de l&rsquo;hiver.<\/p>\n<p>Le parfum et le go\u00fbt du Wintergreen sont si populaires qu&rsquo;on l&rsquo;ajoute \u00e0 tout, du chewing-gum \u00e0 la cr\u00e8me glac\u00e9e. Ce sont les bienfaits uniques de l&rsquo;aromath\u00e9rapie de la plante qui en font une essence essentielle pour les aromath\u00e9rapeutes.<\/p>\n<p><strong>Taille : 5 ml et 15 ml<\/strong><\/p>\n<h3>Ingr\u00e9dients biologiques<\/h3>\n<p>Huile essentielle de gaulth\u00e9rie (gaultheria procumbens) 100% pure.<\/p>\n<p style=\"text-align: center;\"><em>\u00ab\u00a0Pendant longtemps, l&rsquo;huile de gaulth\u00e9rie \u00e9tait en r\u00e9alit\u00e9 du salicylate synth\u00e9tique.<\/em><br \/>\n<em>Mais depuis quelques ann\u00e9es, la v\u00e9ritable huile distill\u00e9e est \u00e0 nouveau disponible au N\u00e9pal.\u00a0\u00bb<\/em><br \/>\n~Kurt Schnaubelt, <strong>Advanced Aromatherapy<\/strong><\/p>\n<p><img fetchpriority=\"high\" decoding=\"async\" class=\"size-medium wp-image-68103 aligncenter\" src=\"https:\/\/dutchhealthstore.com\/wp-content\/uploads\/2018\/02\/Living-Libations-Organic-Logo-800x89.png\" alt=\"Living Libations - Organic Logo\" width=\"800\" height=\"89\" srcset=\"https:\/\/dutchhealthstore.com\/wp-content\/uploads\/2018\/02\/Living-Libations-Organic-Logo-800x89.png 800w, https:\/\/dutchhealthstore.com\/wp-content\/uploads\/2018\/02\/Living-Libations-Organic-Logo-510x57.png 510w, https:\/\/dutchhealthstore.com\/wp-content\/uploads\/2018\/02\/Living-Libations-Organic-Logo-768x85.png 768w, https:\/\/dutchhealthstore.com\/wp-content\/uploads\/2018\/02\/Living-Libations-Organic-Logo.png 1400w\" sizes=\"(max-width: 800px) 100vw, 800px\" \/><\/p>\n","protected":false},"excerpt":{"rendered":"<p><strong>Wintergreen Essential Oil<\/strong> merveilleuse \u00e9veille les sens avec une explosion de menthe rafra\u00eechissante et de fra\u00eecheur enneig\u00e9e. L&rsquo;huile de cet arbuste \u00e0 feuilles persistantes est extraite de feuilles rampantes qui offrent des fleurs blanches, en forme de clochettes (qui sentent le Gardenia), et des baies rouge vif. Distill\u00e9 \u00e0 la vapeur et fabriqu\u00e9 \u00e0 l&rsquo;\u00e9tat sauvage, Wintergreen incarne la vigueur fra\u00eeche et le nettoyage en profondeur.<\/p>\n","protected":false},"featured_media":107377,"comment_status":"open","ping_status":"closed","template":"","meta":[],"product_brand":[],"product_cat":[1507,6734,1211,1209,3757,6733],"product_tag":[4495],"class_list":{"0":"post-125265","1":"product","2":"type-product","3":"status-publish","4":"has-post-thumbnail","6":"product_cat-plantes-huiles-essentielles-living-libations","7":"product_cat-essential-oils","8":"product_cat-living-libations-france","9":"product_cat-par-marques","10":"product_cat-plantes-huiles-essentielles","11":"product_cat-wellness-fr-2","12":"product_tag-essential-oil-fr","13":"pa_brand-livinglibations-fr","14":"pa_essential-oils-product-type-essential-oils-fr","15":"pa_size-15-ml-fr","16":"pa_size-5-ml-fr","18":"first","19":"instock","20":"taxable","21":"shipping-taxable","22":"purchasable","23":"product-type-variable"},"bundled_by":[],"bundle_stock_status":"instock","bundle_stock_quantity":null,"bundle_virtual":false,"bundle_layout":"","bundle_add_to_cart_form_location":"","bundle_editable_in_cart":false,"bundle_sold_individually_context":"","bundle_item_grouping":"","bundle_min_size":"","bundle_max_size":"","bundle_price":[],"bundled_items":[],"bundle_sell_ids":[],"atum_controlled":true,"out_stock_date":null,"out_stock_threshold":null,"inheritable":true,"stock_on_hold":0,"sold_today":0,"sales_last_days":0,"out_stock_days":0,"lost_sales":0,"update_date":"2026-04-15T00:04:03","atum_locations":[],"atum_stock_status":"instock","restock_status":false,"low_stock_amount":"","sales_update_date":"2026-04-15T00:04:03","calc_backorders":null,"group_of_quantity":0,"min_quantity":0,"max_quantity":"","exclude_order_quantity_value_rules":"no","exclude_category_quantity_rules":"no","combine_variations":"no","yoast_head":"<!-- This site is optimized with the Yoast SEO Premium plugin v26.5 (Yoast SEO v26.5) - https:\/\/yoast.com\/wordpress\/plugins\/seo\/ -->\n<title>Wintergreen Essential Oil | Living Libations<\/title>\n<meta name=\"description\" content=\"Wintergreen Essential Oil merveilleuse \u00e9veille les sens avec une explosion de menthe rafra\u00eechissante et de fra\u00eecheur enneig\u00e9e.\" \/>\n<meta name=\"robots\" content=\"index, follow, max-snippet:-1, max-image-preview:large, max-video-preview:-1\" \/>\n<link rel=\"canonical\" href=\"https:\/\/dutchhealthstore.com\/fr\/product\/wintergreen-essential-oil\/\" \/>\n<meta property=\"og:locale\" content=\"fr_FR\" \/>\n<meta property=\"og:type\" content=\"article\" \/>\n<meta property=\"og:title\" content=\"Wintergreen Essential Oil - Dutch Health Store\" \/>\n<meta property=\"og:description\" content=\"Wintergreen Essential Oil merveilleuse \u00e9veille les sens avec une explosion de menthe rafra\u00eechissante et de fra\u00eecheur enneig\u00e9e.\" \/>\n<meta property=\"og:url\" content=\"https:\/\/dutchhealthstore.com\/fr\/product\/wintergreen-essential-oil\/\" \/>\n<meta property=\"og:site_name\" content=\"Dutch Health Store\" \/>\n<meta property=\"article:publisher\" content=\"https:\/\/www.instagram.com\/dutchhealthstore\/\" \/>\n<meta property=\"article:modified_time\" content=\"2025-10-28T10:18:48+00:00\" \/>\n<meta property=\"og:image\" content=\"https:\/\/dutchhealthstore.com\/wp-content\/uploads\/2020\/06\/Living-Libations-Wintergreen-Essential-Oil-e1592310750820.jpg\" \/>\n\t<meta property=\"og:image:width\" content=\"500\" \/>\n\t<meta property=\"og:image:height\" content=\"500\" \/>\n\t<meta property=\"og:image:type\" content=\"image\/jpeg\" \/>\n<meta name=\"twitter:card\" content=\"summary_large_image\" \/>\n<meta name=\"twitter:label1\" content=\"Disponibilit\u00e9\" \/>\n\t<meta name=\"twitter:data1\" content=\"En stock\" \/>\n<script type=\"application\/ld+json\" class=\"yoast-schema-graph\">{\"@context\":\"https:\/\/schema.org\",\"@graph\":[{\"@type\":\"WebPage\",\"@id\":\"https:\/\/dutchhealthstore.com\/fr\/product\/wintergreen-essential-oil\/\",\"url\":\"https:\/\/dutchhealthstore.com\/fr\/product\/wintergreen-essential-oil\/\",\"name\":\"Wintergreen Essential Oil | Living Libations\",\"isPartOf\":{\"@id\":\"https:\/\/dutchhealthstore.com\/fr\/#website\"},\"primaryImageOfPage\":{\"@id\":\"https:\/\/dutchhealthstore.com\/fr\/product\/wintergreen-essential-oil\/#primaryimage\"},\"image\":{\"@id\":\"https:\/\/dutchhealthstore.com\/fr\/product\/wintergreen-essential-oil\/#primaryimage\"},\"thumbnailUrl\":\"https:\/\/dutchhealthstore.com\/wp-content\/uploads\/2020\/06\/Living-Libations-Wintergreen-Essential-Oil-e1592310750820.jpg\",\"datePublished\":\"2020-06-16T10:51:27+00:00\",\"dateModified\":\"2025-10-28T10:18:48+00:00\",\"description\":\"Wintergreen Essential Oil merveilleuse \u00e9veille les sens avec une explosion de menthe rafra\u00eechissante et de fra\u00eecheur enneig\u00e9e.\",\"breadcrumb\":{\"@id\":\"https:\/\/dutchhealthstore.com\/fr\/product\/wintergreen-essential-oil\/#breadcrumb\"},\"inLanguage\":\"fr-FR\",\"potentialAction\":[{\"@type\":\"ReadAction\",\"target\":[\"https:\/\/dutchhealthstore.com\/fr\/product\/wintergreen-essential-oil\/\"]}]},{\"@type\":\"ImageObject\",\"inLanguage\":\"fr-FR\",\"@id\":\"https:\/\/dutchhealthstore.com\/fr\/product\/wintergreen-essential-oil\/#primaryimage\",\"url\":\"https:\/\/dutchhealthstore.com\/wp-content\/uploads\/2020\/06\/Living-Libations-Wintergreen-Essential-Oil-e1592310750820.jpg\",\"contentUrl\":\"https:\/\/dutchhealthstore.com\/wp-content\/uploads\/2020\/06\/Living-Libations-Wintergreen-Essential-Oil-e1592310750820.jpg\",\"width\":500,\"height\":500,\"caption\":\"Living Libations Wintergreen Essential Oil\"},{\"@type\":\"BreadcrumbList\",\"@id\":\"https:\/\/dutchhealthstore.com\/fr\/product\/wintergreen-essential-oil\/#breadcrumb\",\"itemListElement\":[{\"@type\":\"ListItem\",\"position\":1,\"name\":\"Home\",\"item\":\"https:\/\/dutchhealthstore.com\/fr\/\"},{\"@type\":\"ListItem\",\"position\":2,\"name\":\"Shop\",\"item\":\"https:\/\/dutchhealthstore.com\/fr\/shop\/\"},{\"@type\":\"ListItem\",\"position\":3,\"name\":\"Wintergreen Essential Oil\"}]},{\"@type\":\"WebSite\",\"@id\":\"https:\/\/dutchhealthstore.com\/fr\/#website\",\"url\":\"https:\/\/dutchhealthstore.com\/fr\/\",\"name\":\"Dutch Health Store\",\"description\":\"Enhance Your Beauty with Organic &amp; Natural Skincare\",\"publisher\":{\"@id\":\"https:\/\/dutchhealthstore.com\/fr\/#organization\"},\"potentialAction\":[{\"@type\":\"SearchAction\",\"target\":{\"@type\":\"EntryPoint\",\"urlTemplate\":\"https:\/\/dutchhealthstore.com\/fr\/?s={search_term_string}\"},\"query-input\":{\"@type\":\"PropertyValueSpecification\",\"valueRequired\":true,\"valueName\":\"search_term_string\"}}],\"inLanguage\":\"fr-FR\"},{\"@type\":\"Organization\",\"@id\":\"https:\/\/dutchhealthstore.com\/fr\/#organization\",\"name\":\"Dutch Health Store\",\"url\":\"https:\/\/dutchhealthstore.com\/fr\/\",\"logo\":{\"@type\":\"ImageObject\",\"inLanguage\":\"fr-FR\",\"@id\":\"https:\/\/dutchhealthstore.com\/fr\/#\/schema\/logo\/image\/\",\"url\":\"https:\/\/dutchhealthstore.com\/wp-content\/uploads\/2020\/08\/logo-dutchhealthstore-jpg-e1599484957574.jpg\",\"contentUrl\":\"https:\/\/dutchhealthstore.com\/wp-content\/uploads\/2020\/08\/logo-dutchhealthstore-jpg-e1599484957574.jpg\",\"width\":400,\"height\":62,\"caption\":\"Dutch Health Store\"},\"image\":{\"@id\":\"https:\/\/dutchhealthstore.com\/fr\/#\/schema\/logo\/image\/\"},\"sameAs\":[\"https:\/\/www.instagram.com\/dutchhealthstore\/\",\"https:\/\/www.facebook.com\/dutchhealthstore\"]}]}<\/script>\n<meta property=\"product:brand\" content=\"Living Libations\" \/>\n<meta property=\"og:availability\" content=\"instock\" \/>\n<meta property=\"product:availability\" content=\"instock\" \/>\n<meta property=\"product:condition\" content=\"new\" \/>\n<!-- \/ Yoast SEO Premium plugin. -->","yoast_head_json":{"title":"Wintergreen Essential Oil | Living Libations","description":"Wintergreen Essential Oil merveilleuse \u00e9veille les sens avec une explosion de menthe rafra\u00eechissante et de fra\u00eecheur enneig\u00e9e.","robots":{"index":"index","follow":"follow","max-snippet":"max-snippet:-1","max-image-preview":"max-image-preview:large","max-video-preview":"max-video-preview:-1"},"canonical":"https:\/\/dutchhealthstore.com\/fr\/product\/wintergreen-essential-oil\/","og_locale":"fr_FR","og_type":"article","og_title":"Wintergreen Essential Oil - Dutch Health Store","og_description":"Wintergreen Essential Oil merveilleuse \u00e9veille les sens avec une explosion de menthe rafra\u00eechissante et de fra\u00eecheur enneig\u00e9e.","og_url":"https:\/\/dutchhealthstore.com\/fr\/product\/wintergreen-essential-oil\/","og_site_name":"Dutch Health Store","article_publisher":"https:\/\/www.instagram.com\/dutchhealthstore\/","article_modified_time":"2025-10-28T10:18:48+00:00","og_image":[{"width":500,"height":500,"url":"https:\/\/dutchhealthstore.com\/wp-content\/uploads\/2020\/06\/Living-Libations-Wintergreen-Essential-Oil-e1592310750820.jpg","type":"image\/jpeg"}],"twitter_card":"summary_large_image","twitter_misc":{"Disponibilit\u00e9":"En stock"},"schema":{"@context":"https:\/\/schema.org","@graph":[{"@type":"WebPage","@id":"https:\/\/dutchhealthstore.com\/fr\/product\/wintergreen-essential-oil\/","url":"https:\/\/dutchhealthstore.com\/fr\/product\/wintergreen-essential-oil\/","name":"Wintergreen Essential Oil | Living Libations","isPartOf":{"@id":"https:\/\/dutchhealthstore.com\/fr\/#website"},"primaryImageOfPage":{"@id":"https:\/\/dutchhealthstore.com\/fr\/product\/wintergreen-essential-oil\/#primaryimage"},"image":{"@id":"https:\/\/dutchhealthstore.com\/fr\/product\/wintergreen-essential-oil\/#primaryimage"},"thumbnailUrl":"https:\/\/dutchhealthstore.com\/wp-content\/uploads\/2020\/06\/Living-Libations-Wintergreen-Essential-Oil-e1592310750820.jpg","datePublished":"2020-06-16T10:51:27+00:00","dateModified":"2025-10-28T10:18:48+00:00","description":"Wintergreen Essential Oil merveilleuse \u00e9veille les sens avec une explosion de menthe rafra\u00eechissante et de fra\u00eecheur enneig\u00e9e.","breadcrumb":{"@id":"https:\/\/dutchhealthstore.com\/fr\/product\/wintergreen-essential-oil\/#breadcrumb"},"inLanguage":"fr-FR","potentialAction":[{"@type":"ReadAction","target":["https:\/\/dutchhealthstore.com\/fr\/product\/wintergreen-essential-oil\/"]}]},{"@type":"ImageObject","inLanguage":"fr-FR","@id":"https:\/\/dutchhealthstore.com\/fr\/product\/wintergreen-essential-oil\/#primaryimage","url":"https:\/\/dutchhealthstore.com\/wp-content\/uploads\/2020\/06\/Living-Libations-Wintergreen-Essential-Oil-e1592310750820.jpg","contentUrl":"https:\/\/dutchhealthstore.com\/wp-content\/uploads\/2020\/06\/Living-Libations-Wintergreen-Essential-Oil-e1592310750820.jpg","width":500,"height":500,"caption":"Living Libations Wintergreen Essential Oil"},{"@type":"BreadcrumbList","@id":"https:\/\/dutchhealthstore.com\/fr\/product\/wintergreen-essential-oil\/#breadcrumb","itemListElement":[{"@type":"ListItem","position":1,"name":"Home","item":"https:\/\/dutchhealthstore.com\/fr\/"},{"@type":"ListItem","position":2,"name":"Shop","item":"https:\/\/dutchhealthstore.com\/fr\/shop\/"},{"@type":"ListItem","position":3,"name":"Wintergreen Essential Oil"}]},{"@type":"WebSite","@id":"https:\/\/dutchhealthstore.com\/fr\/#website","url":"https:\/\/dutchhealthstore.com\/fr\/","name":"Dutch Health Store","description":"Enhance Your Beauty with Organic &amp; Natural Skincare","publisher":{"@id":"https:\/\/dutchhealthstore.com\/fr\/#organization"},"potentialAction":[{"@type":"SearchAction","target":{"@type":"EntryPoint","urlTemplate":"https:\/\/dutchhealthstore.com\/fr\/?s={search_term_string}"},"query-input":{"@type":"PropertyValueSpecification","valueRequired":true,"valueName":"search_term_string"}}],"inLanguage":"fr-FR"},{"@type":"Organization","@id":"https:\/\/dutchhealthstore.com\/fr\/#organization","name":"Dutch Health Store","url":"https:\/\/dutchhealthstore.com\/fr\/","logo":{"@type":"ImageObject","inLanguage":"fr-FR","@id":"https:\/\/dutchhealthstore.com\/fr\/#\/schema\/logo\/image\/","url":"https:\/\/dutchhealthstore.com\/wp-content\/uploads\/2020\/08\/logo-dutchhealthstore-jpg-e1599484957574.jpg","contentUrl":"https:\/\/dutchhealthstore.com\/wp-content\/uploads\/2020\/08\/logo-dutchhealthstore-jpg-e1599484957574.jpg","width":400,"height":62,"caption":"Dutch Health Store"},"image":{"@id":"https:\/\/dutchhealthstore.com\/fr\/#\/schema\/logo\/image\/"},"sameAs":["https:\/\/www.instagram.com\/dutchhealthstore\/","https:\/\/www.facebook.com\/dutchhealthstore"]}]},"product_brand":"Living Libations","og_availability":"instock","product_availability":"instock","product_condition":"new"},"_links":{"self":[{"href":"https:\/\/dutchhealthstore.com\/fr\/wp-json\/wp\/v2\/product\/125265","targetHints":{"allow":["GET"]}}],"collection":[{"href":"https:\/\/dutchhealthstore.com\/fr\/wp-json\/wp\/v2\/product"}],"about":[{"href":"https:\/\/dutchhealthstore.com\/fr\/wp-json\/wp\/v2\/types\/product"}],"replies":[{"embeddable":true,"href":"https:\/\/dutchhealthstore.com\/fr\/wp-json\/wp\/v2\/comments?post=125265"}],"wp:featuredmedia":[{"embeddable":true,"href":"https:\/\/dutchhealthstore.com\/fr\/wp-json\/wp\/v2\/media\/107377"}],"wp:attachment":[{"href":"https:\/\/dutchhealthstore.com\/fr\/wp-json\/wp\/v2\/media?parent=125265"}],"wp:term":[{"taxonomy":"product_brand","embeddable":true,"href":"https:\/\/dutchhealthstore.com\/fr\/wp-json\/wp\/v2\/product_brand?post=125265"},{"taxonomy":"product_cat","embeddable":true,"href":"https:\/\/dutchhealthstore.com\/fr\/wp-json\/wp\/v2\/product_cat?post=125265"},{"taxonomy":"product_tag","embeddable":true,"href":"https:\/\/dutchhealthstore.com\/fr\/wp-json\/wp\/v2\/product_tag?post=125265"}],"curies":[{"name":"wp","href":"https:\/\/api.w.org\/{rel}","templated":true}]}}