{"id":125255,"date":"2018-02-10T21:59:40","date_gmt":"2018-02-10T20:59:40","guid":{"rendered":"https:\/\/dutchhealthstore.com\/product\/wild-rose-hips-lavender-oil\/"},"modified":"2025-10-28T11:18:13","modified_gmt":"2025-10-28T10:18:13","slug":"wild-rose-hips-lavender-oil","status":"publish","type":"product","link":"https:\/\/dutchhealthstore.com\/fr\/product\/wild-rose-hips-lavender-oil\/","title":{"rendered":"Wild Rosehips Carrier Oil"},"content":{"rendered":"<p><img decoding=\"async\" class=\"alignright size-full wp-image-37041\" src=\"https:\/\/dutchhealthstore.com\/wp-content\/uploads\/2018\/04\/Living_Libations-1.png\" alt=\"Organic &amp; Natural Beautyproducts - Living Libations\" width=\"175\" height=\"82\"><\/p>\n<p><strong>Nom botanique:<\/strong> Rosa rubignosa<br \/>\n<strong>Famille botanique:<\/strong> Rosaceae<br \/>\n<strong>M\u00e9thode d&rsquo;extraction:<\/strong> Press\u00e9 \u00e0 froid<br \/>\n<strong>Partie de la plante distill\u00e9e:<\/strong> Fruit de l&rsquo;\u00e9glantier, graines<br \/>\n<strong>Pays d&rsquo;origine:<\/strong> Afrique<br \/>\n<strong>M\u00e9thode de culture:<\/strong> Biologique + sauvage<br \/>\n<strong>Composition:<\/strong> 95% Rosa rubiginosa + 5% Lavandula angustifolia<br \/>\n<strong>Consistance:<\/strong> Moyenne<\/p>\n<h3>Description de l&rsquo;odeur<\/h3>\n<p>Frais et subtilement sucr\u00e9<\/p>\n<h3>Se marie bien avec<\/h3>\n<p>Myrrhe, Encens, Immortelle, Ylang, Palmarosa, Santal, Bergamote, Thym doux, Myrte, Ravensara, Rose Otto, Citron et Ciste.<\/p>\n<h3>Utilisations<\/h3>\n<p>Hydratant. S\u00e9rum pour cicatrices et cuir chevelu.<\/p>\n<p><strong>Taille: 15 ml et 30 ml<\/strong><\/p>\n<h3>Constituants<\/h3>\n<p>Lycop\u00e8ne reconstituant pour d\u00e9tendre les peaux rouges. Vitamines C et E, r\u00e9tinol A, et acides gras essentiels en abondance.<\/p>\n<p>Les bienfaits rajeunissants de l&rsquo;huile \u00e9glantier sont associ\u00e9s \u00e0 la vigueur r\u00e9paratrice de l&rsquo;huile essentielle huile lavande. Lorsque ces deux mondes entrent en collision dans une belle expression de renouveau ros\u00e9, la peau est raviv\u00e9e et prend vie!<\/p>\n<h3>Ingr\u00e9dients Biologiques<\/h3>\n<p>95% Rosa rubiginosa + 5% huile de support Lavandula angustifolia.<\/p>\n<p><img fetchpriority=\"high\" decoding=\"async\" class=\"aligncenter size-full wp-image-31577\" src=\"https:\/\/dutchhealthstore.com\/wp-content\/uploads\/2018\/03\/organic_big.png\" alt=\"Organic and Natural - Living Libations\" width=\"623\" height=\"103\" srcset=\"https:\/\/dutchhealthstore.com\/wp-content\/uploads\/2018\/03\/organic_big.png 623w, https:\/\/dutchhealthstore.com\/wp-content\/uploads\/2018\/03\/organic_big-510x84.png 510w, https:\/\/dutchhealthstore.com\/wp-content\/uploads\/2018\/03\/organic_big-600x99.png 600w, https:\/\/dutchhealthstore.com\/wp-content\/uploads\/2018\/03\/organic_big-350x58.png 350w\" sizes=\"(max-width: 623px) 100vw, 623px\" \/><\/p>\n","protected":false},"excerpt":{"rendered":"<p><strong>L&rsquo;huile rose musqu\u00e9e<\/strong> reconstituante est press\u00e9e \u00e0 froid \u00e0 partir des fruits de couleur cramoisie de la plante rose qui apparaissent sur la tige apr\u00e8s la floraison. Tant le fruit que les graines regorgent de vitamines C et E, de r\u00e9tinol A et d&rsquo;abondants acides gras essentiels qui apaisent la peau depuis des temps imm\u00e9moriaux.<\/p>\n","protected":false},"featured_media":117522,"comment_status":"open","ping_status":"closed","template":"","meta":[],"product_brand":[],"product_cat":[6734,1507,3755,1211,1047,1209,1010,6733],"product_tag":[4495],"class_list":{"0":"post-125255","1":"product","2":"type-product","3":"status-publish","4":"has-post-thumbnail","6":"product_cat-essential-oils","7":"product_cat-plantes-huiles-essentielles-living-libations","8":"product_cat-huiles-vegetales","9":"product_cat-living-libations-france","10":"product_cat-nos-collections","11":"product_cat-par-marques","12":"product_cat-notre-boutique","13":"product_cat-wellness-fr-2","14":"product_tag-essential-oil-fr","15":"pa_brand-livinglibations-fr","16":"pa_essential-oils-product-type-carrier-oils-fr","17":"pa_essential-oils-product-type-essential-oils-fr","18":"pa_size-30-ml-fr","20":"first","21":"instock","22":"taxable","23":"shipping-taxable","24":"purchasable","25":"product-type-simple"},"bundled_by":[],"bundle_stock_status":"instock","bundle_stock_quantity":3,"bundle_virtual":false,"bundle_layout":"","bundle_add_to_cart_form_location":"","bundle_editable_in_cart":false,"bundle_sold_individually_context":"","bundle_item_grouping":"","bundle_min_size":"","bundle_max_size":"","bundle_price":[],"bundled_items":[],"bundle_sell_ids":[],"atum_controlled":true,"out_stock_date":null,"out_stock_threshold":null,"inheritable":false,"stock_on_hold":0,"sold_today":0,"sales_last_days":0,"out_stock_days":0,"lost_sales":0,"update_date":"2026-04-16T00:04:59","atum_locations":[],"atum_stock_status":"instock","restock_status":false,"low_stock_amount":"","sales_update_date":"2026-04-16T00:04:59","calc_backorders":null,"group_of_quantity":0,"min_quantity":0,"max_quantity":"","exclude_order_quantity_value_rules":"no","exclude_category_quantity_rules":"no","combine_variations":"no","yoast_head":"<!-- This site is optimized with the Yoast SEO Premium plugin v26.5 (Yoast SEO v26.5) - https:\/\/yoast.com\/wordpress\/plugins\/seo\/ -->\n<title>Wild Rose Hips Carrier Oil | Living Libations<\/title>\n<meta name=\"description\" content=\"L&#039;huile rose musqu\u00e9e est fusionn\u00e9e avec la vigueur r\u00e9paratrice de Lavender Essential Oil. Lorsque ces deux mondes entrent en collision dans une belle expression de renouveau ros\u00e9, la peau est raviv\u00e9e et prend vie!\" \/>\n<meta name=\"robots\" content=\"index, follow, max-snippet:-1, max-image-preview:large, max-video-preview:-1\" \/>\n<link rel=\"canonical\" href=\"https:\/\/dutchhealthstore.com\/fr\/product\/wild-rose-hips-lavender-oil\/\" \/>\n<meta property=\"og:locale\" content=\"fr_FR\" \/>\n<meta property=\"og:type\" content=\"article\" \/>\n<meta property=\"og:title\" content=\"Wild Rosehips Carrier Oil - Dutch Health Store\" \/>\n<meta property=\"og:description\" content=\"L&#039;huile rose musqu\u00e9e est fusionn\u00e9e avec la vigueur r\u00e9paratrice de Lavender Essential Oil. Lorsque ces deux mondes entrent en collision dans une belle expression de renouveau ros\u00e9, la peau est raviv\u00e9e et prend vie!\" \/>\n<meta property=\"og:url\" content=\"https:\/\/dutchhealthstore.com\/fr\/product\/wild-rose-hips-lavender-oil\/\" \/>\n<meta property=\"og:site_name\" content=\"Dutch Health Store\" \/>\n<meta property=\"article:publisher\" content=\"https:\/\/www.instagram.com\/dutchhealthstore\/\" \/>\n<meta property=\"article:modified_time\" content=\"2025-10-28T10:18:13+00:00\" \/>\n<meta property=\"og:image\" content=\"https:\/\/dutchhealthstore.com\/wp-content\/uploads\/2018\/02\/Living-Libations-Wild-Rosehips-Carrier-Oil-e1596447338976.jpg\" \/>\n\t<meta property=\"og:image:width\" content=\"500\" \/>\n\t<meta property=\"og:image:height\" content=\"500\" \/>\n\t<meta property=\"og:image:type\" content=\"image\/jpeg\" \/>\n<meta name=\"twitter:card\" content=\"summary_large_image\" \/>\n<meta name=\"twitter:label1\" content=\"Prix\" \/>\n\t<meta name=\"twitter:data1\" content=\"&euro;47,00\" \/>\n\t<meta name=\"twitter:label2\" content=\"Disponibilit\u00e9\" \/>\n\t<meta name=\"twitter:data2\" content=\"En stock\" \/>\n<script type=\"application\/ld+json\" class=\"yoast-schema-graph\">{\"@context\":\"https:\/\/schema.org\",\"@graph\":[{\"@type\":\"WebPage\",\"@id\":\"https:\/\/dutchhealthstore.com\/fr\/product\/wild-rose-hips-lavender-oil\/\",\"url\":\"https:\/\/dutchhealthstore.com\/fr\/product\/wild-rose-hips-lavender-oil\/\",\"name\":\"Wild Rose Hips Carrier Oil | Living Libations\",\"isPartOf\":{\"@id\":\"https:\/\/dutchhealthstore.com\/fr\/#website\"},\"primaryImageOfPage\":{\"@id\":\"https:\/\/dutchhealthstore.com\/fr\/product\/wild-rose-hips-lavender-oil\/#primaryimage\"},\"image\":{\"@id\":\"https:\/\/dutchhealthstore.com\/fr\/product\/wild-rose-hips-lavender-oil\/#primaryimage\"},\"thumbnailUrl\":\"https:\/\/dutchhealthstore.com\/wp-content\/uploads\/2018\/02\/Living-Libations-Wild-Rosehips-Carrier-Oil-e1596447338976.jpg\",\"datePublished\":\"2018-02-10T20:59:40+00:00\",\"dateModified\":\"2025-10-28T10:18:13+00:00\",\"description\":\"L'huile rose musqu\u00e9e est fusionn\u00e9e avec la vigueur r\u00e9paratrice de Lavender Essential Oil. Lorsque ces deux mondes entrent en collision dans une belle expression de renouveau ros\u00e9, la peau est raviv\u00e9e et prend vie!\",\"breadcrumb\":{\"@id\":\"https:\/\/dutchhealthstore.com\/fr\/product\/wild-rose-hips-lavender-oil\/#breadcrumb\"},\"inLanguage\":\"fr-FR\",\"potentialAction\":[{\"@type\":\"ReadAction\",\"target\":[\"https:\/\/dutchhealthstore.com\/fr\/product\/wild-rose-hips-lavender-oil\/\"]}]},{\"@type\":\"ImageObject\",\"inLanguage\":\"fr-FR\",\"@id\":\"https:\/\/dutchhealthstore.com\/fr\/product\/wild-rose-hips-lavender-oil\/#primaryimage\",\"url\":\"https:\/\/dutchhealthstore.com\/wp-content\/uploads\/2018\/02\/Living-Libations-Wild-Rosehips-Carrier-Oil-e1596447338976.jpg\",\"contentUrl\":\"https:\/\/dutchhealthstore.com\/wp-content\/uploads\/2018\/02\/Living-Libations-Wild-Rosehips-Carrier-Oil-e1596447338976.jpg\",\"width\":500,\"height\":500,\"caption\":\"Living Libations Wild Rosehips Carrier Oil\"},{\"@type\":\"BreadcrumbList\",\"@id\":\"https:\/\/dutchhealthstore.com\/fr\/product\/wild-rose-hips-lavender-oil\/#breadcrumb\",\"itemListElement\":[{\"@type\":\"ListItem\",\"position\":1,\"name\":\"Home\",\"item\":\"https:\/\/dutchhealthstore.com\/fr\/\"},{\"@type\":\"ListItem\",\"position\":2,\"name\":\"Shop\",\"item\":\"https:\/\/dutchhealthstore.com\/fr\/shop\/\"},{\"@type\":\"ListItem\",\"position\":3,\"name\":\"Wild Rosehips Carrier Oil\"}]},{\"@type\":\"WebSite\",\"@id\":\"https:\/\/dutchhealthstore.com\/fr\/#website\",\"url\":\"https:\/\/dutchhealthstore.com\/fr\/\",\"name\":\"Dutch Health Store\",\"description\":\"Enhance Your Beauty with Organic &amp; Natural Skincare\",\"publisher\":{\"@id\":\"https:\/\/dutchhealthstore.com\/fr\/#organization\"},\"potentialAction\":[{\"@type\":\"SearchAction\",\"target\":{\"@type\":\"EntryPoint\",\"urlTemplate\":\"https:\/\/dutchhealthstore.com\/fr\/?s={search_term_string}\"},\"query-input\":{\"@type\":\"PropertyValueSpecification\",\"valueRequired\":true,\"valueName\":\"search_term_string\"}}],\"inLanguage\":\"fr-FR\"},{\"@type\":\"Organization\",\"@id\":\"https:\/\/dutchhealthstore.com\/fr\/#organization\",\"name\":\"Dutch Health Store\",\"url\":\"https:\/\/dutchhealthstore.com\/fr\/\",\"logo\":{\"@type\":\"ImageObject\",\"inLanguage\":\"fr-FR\",\"@id\":\"https:\/\/dutchhealthstore.com\/fr\/#\/schema\/logo\/image\/\",\"url\":\"https:\/\/dutchhealthstore.com\/wp-content\/uploads\/2020\/08\/logo-dutchhealthstore-jpg-e1599484957574.jpg\",\"contentUrl\":\"https:\/\/dutchhealthstore.com\/wp-content\/uploads\/2020\/08\/logo-dutchhealthstore-jpg-e1599484957574.jpg\",\"width\":400,\"height\":62,\"caption\":\"Dutch Health Store\"},\"image\":{\"@id\":\"https:\/\/dutchhealthstore.com\/fr\/#\/schema\/logo\/image\/\"},\"sameAs\":[\"https:\/\/www.instagram.com\/dutchhealthstore\/\",\"https:\/\/www.facebook.com\/dutchhealthstore\"]}]}<\/script>\n<meta property=\"product:brand\" content=\"Living Libations\" \/>\n<meta property=\"product:price:amount\" content=\"47.00\" \/>\n<meta property=\"product:price:currency\" content=\"EUR\" \/>\n<meta property=\"og:availability\" content=\"instock\" \/>\n<meta property=\"product:availability\" content=\"instock\" \/>\n<meta property=\"product:condition\" content=\"new\" \/>\n<!-- \/ Yoast SEO Premium plugin. -->","yoast_head_json":{"title":"Wild Rose Hips Carrier Oil | Living Libations","description":"L'huile rose musqu\u00e9e est fusionn\u00e9e avec la vigueur r\u00e9paratrice de Lavender Essential Oil. Lorsque ces deux mondes entrent en collision dans une belle expression de renouveau ros\u00e9, la peau est raviv\u00e9e et prend vie!","robots":{"index":"index","follow":"follow","max-snippet":"max-snippet:-1","max-image-preview":"max-image-preview:large","max-video-preview":"max-video-preview:-1"},"canonical":"https:\/\/dutchhealthstore.com\/fr\/product\/wild-rose-hips-lavender-oil\/","og_locale":"fr_FR","og_type":"article","og_title":"Wild Rosehips Carrier Oil - Dutch Health Store","og_description":"L'huile rose musqu\u00e9e est fusionn\u00e9e avec la vigueur r\u00e9paratrice de Lavender Essential Oil. Lorsque ces deux mondes entrent en collision dans une belle expression de renouveau ros\u00e9, la peau est raviv\u00e9e et prend vie!","og_url":"https:\/\/dutchhealthstore.com\/fr\/product\/wild-rose-hips-lavender-oil\/","og_site_name":"Dutch Health Store","article_publisher":"https:\/\/www.instagram.com\/dutchhealthstore\/","article_modified_time":"2025-10-28T10:18:13+00:00","og_image":[{"width":500,"height":500,"url":"https:\/\/dutchhealthstore.com\/wp-content\/uploads\/2018\/02\/Living-Libations-Wild-Rosehips-Carrier-Oil-e1596447338976.jpg","type":"image\/jpeg"}],"twitter_card":"summary_large_image","twitter_misc":{"Prix":"&euro;47,00","Disponibilit\u00e9":"En stock"},"schema":{"@context":"https:\/\/schema.org","@graph":[{"@type":"WebPage","@id":"https:\/\/dutchhealthstore.com\/fr\/product\/wild-rose-hips-lavender-oil\/","url":"https:\/\/dutchhealthstore.com\/fr\/product\/wild-rose-hips-lavender-oil\/","name":"Wild Rose Hips Carrier Oil | Living Libations","isPartOf":{"@id":"https:\/\/dutchhealthstore.com\/fr\/#website"},"primaryImageOfPage":{"@id":"https:\/\/dutchhealthstore.com\/fr\/product\/wild-rose-hips-lavender-oil\/#primaryimage"},"image":{"@id":"https:\/\/dutchhealthstore.com\/fr\/product\/wild-rose-hips-lavender-oil\/#primaryimage"},"thumbnailUrl":"https:\/\/dutchhealthstore.com\/wp-content\/uploads\/2018\/02\/Living-Libations-Wild-Rosehips-Carrier-Oil-e1596447338976.jpg","datePublished":"2018-02-10T20:59:40+00:00","dateModified":"2025-10-28T10:18:13+00:00","description":"L'huile rose musqu\u00e9e est fusionn\u00e9e avec la vigueur r\u00e9paratrice de Lavender Essential Oil. Lorsque ces deux mondes entrent en collision dans une belle expression de renouveau ros\u00e9, la peau est raviv\u00e9e et prend vie!","breadcrumb":{"@id":"https:\/\/dutchhealthstore.com\/fr\/product\/wild-rose-hips-lavender-oil\/#breadcrumb"},"inLanguage":"fr-FR","potentialAction":[{"@type":"ReadAction","target":["https:\/\/dutchhealthstore.com\/fr\/product\/wild-rose-hips-lavender-oil\/"]}]},{"@type":"ImageObject","inLanguage":"fr-FR","@id":"https:\/\/dutchhealthstore.com\/fr\/product\/wild-rose-hips-lavender-oil\/#primaryimage","url":"https:\/\/dutchhealthstore.com\/wp-content\/uploads\/2018\/02\/Living-Libations-Wild-Rosehips-Carrier-Oil-e1596447338976.jpg","contentUrl":"https:\/\/dutchhealthstore.com\/wp-content\/uploads\/2018\/02\/Living-Libations-Wild-Rosehips-Carrier-Oil-e1596447338976.jpg","width":500,"height":500,"caption":"Living Libations Wild Rosehips Carrier Oil"},{"@type":"BreadcrumbList","@id":"https:\/\/dutchhealthstore.com\/fr\/product\/wild-rose-hips-lavender-oil\/#breadcrumb","itemListElement":[{"@type":"ListItem","position":1,"name":"Home","item":"https:\/\/dutchhealthstore.com\/fr\/"},{"@type":"ListItem","position":2,"name":"Shop","item":"https:\/\/dutchhealthstore.com\/fr\/shop\/"},{"@type":"ListItem","position":3,"name":"Wild Rosehips Carrier Oil"}]},{"@type":"WebSite","@id":"https:\/\/dutchhealthstore.com\/fr\/#website","url":"https:\/\/dutchhealthstore.com\/fr\/","name":"Dutch Health Store","description":"Enhance Your Beauty with Organic &amp; Natural Skincare","publisher":{"@id":"https:\/\/dutchhealthstore.com\/fr\/#organization"},"potentialAction":[{"@type":"SearchAction","target":{"@type":"EntryPoint","urlTemplate":"https:\/\/dutchhealthstore.com\/fr\/?s={search_term_string}"},"query-input":{"@type":"PropertyValueSpecification","valueRequired":true,"valueName":"search_term_string"}}],"inLanguage":"fr-FR"},{"@type":"Organization","@id":"https:\/\/dutchhealthstore.com\/fr\/#organization","name":"Dutch Health Store","url":"https:\/\/dutchhealthstore.com\/fr\/","logo":{"@type":"ImageObject","inLanguage":"fr-FR","@id":"https:\/\/dutchhealthstore.com\/fr\/#\/schema\/logo\/image\/","url":"https:\/\/dutchhealthstore.com\/wp-content\/uploads\/2020\/08\/logo-dutchhealthstore-jpg-e1599484957574.jpg","contentUrl":"https:\/\/dutchhealthstore.com\/wp-content\/uploads\/2020\/08\/logo-dutchhealthstore-jpg-e1599484957574.jpg","width":400,"height":62,"caption":"Dutch Health Store"},"image":{"@id":"https:\/\/dutchhealthstore.com\/fr\/#\/schema\/logo\/image\/"},"sameAs":["https:\/\/www.instagram.com\/dutchhealthstore\/","https:\/\/www.facebook.com\/dutchhealthstore"]}]},"product_brand":"Living Libations","product_price_amount":"47.00","product_price_currency":"EUR","og_availability":"instock","product_availability":"instock","product_condition":"new"},"_links":{"self":[{"href":"https:\/\/dutchhealthstore.com\/fr\/wp-json\/wp\/v2\/product\/125255","targetHints":{"allow":["GET"]}}],"collection":[{"href":"https:\/\/dutchhealthstore.com\/fr\/wp-json\/wp\/v2\/product"}],"about":[{"href":"https:\/\/dutchhealthstore.com\/fr\/wp-json\/wp\/v2\/types\/product"}],"replies":[{"embeddable":true,"href":"https:\/\/dutchhealthstore.com\/fr\/wp-json\/wp\/v2\/comments?post=125255"}],"wp:featuredmedia":[{"embeddable":true,"href":"https:\/\/dutchhealthstore.com\/fr\/wp-json\/wp\/v2\/media\/117522"}],"wp:attachment":[{"href":"https:\/\/dutchhealthstore.com\/fr\/wp-json\/wp\/v2\/media?parent=125255"}],"wp:term":[{"taxonomy":"product_brand","embeddable":true,"href":"https:\/\/dutchhealthstore.com\/fr\/wp-json\/wp\/v2\/product_brand?post=125255"},{"taxonomy":"product_cat","embeddable":true,"href":"https:\/\/dutchhealthstore.com\/fr\/wp-json\/wp\/v2\/product_cat?post=125255"},{"taxonomy":"product_tag","embeddable":true,"href":"https:\/\/dutchhealthstore.com\/fr\/wp-json\/wp\/v2\/product_tag?post=125255"}],"curies":[{"name":"wp","href":"https:\/\/api.w.org\/{rel}","templated":true}]}}