{"id":125213,"date":"2018-11-27T05:54:10","date_gmt":"2018-11-27T04:54:10","guid":{"rendered":"https:\/\/dutchhealthstore.com\/product\/vintage-vetiver-essential-oil\/"},"modified":"2023-02-14T12:19:39","modified_gmt":"2023-02-14T12:19:39","slug":"vintage-vetiver-essential-oil","status":"publish","type":"product","link":"https:\/\/dutchhealthstore.com\/fr\/product\/vintage-vetiver-essential-oil\/","title":{"rendered":"Vetiver, Vintage Essential Oil"},"content":{"rendered":"<p dir=\"ltr\"><strong><img decoding=\"async\" class=\"alignright size-full wp-image-37041\" src=\"https:\/\/dutchhealthstore.com\/wp-content\/uploads\/2018\/04\/Living_Libations-1.png\" alt=\"Organic &amp; Natural Beautyproducts - Living Libations\" width=\"175\" height=\"82\"><\/strong><\/p>\n<p><strong>Nom botanique :<\/strong> Chrysopogon zizanioides<br \/>\n<strong>Famille botanique :<\/strong> Poaceae<br \/>\n<strong>M\u00e9thode d&rsquo;extraction :<\/strong> Distillation \u00e0 la vapeur<br \/>\n<strong>Partie de la plante distill\u00e9e<\/strong> : Racines<br \/>\n<strong>Pays d&rsquo;origine :<\/strong> Indon\u00e9sie<br \/>\n<strong>M\u00e9thode de culture :<\/strong> Biologique, R\u00e9serve sp\u00e9ciale<br \/>\n<strong>Composition :<\/strong> 100% Chrysopogon zizanioides<br \/>\n<strong>Consistance :<\/strong> \u00c9pais<\/p>\n<h3>Description de l&rsquo;odeur<\/h3>\n<p>Terre chaude et profonde avec des notes musqu\u00e9es et racinaires de bois, d&rsquo;herbe verte et d&rsquo;humus herbac\u00e9.<\/p>\n<h3>Se marie bien avec<\/h3>\n<p>Nard, Patchouli, Rose, Jasmin, Pamplemousse, Ravensara, Bergamote, Encens, Palo Santo, Douglas Fir, Epic\u00e9a noir, Pin, Origan, Inula, Mastic, Cypr\u00e8s et Gen\u00e9vrier.<\/p>\n<a href=\"https:\/\/dutchhealthstore.com\/wp-content\/uploads\/2018\/11\/ANALYSIS-Vetiver-Vintage-Essential-Oil-Living-Libations.pdf\" class=\"button primary is-primary is-small\"  >\n\t\t<span>ANALYSE DES HUILES ESSENTIELLES &gt;<\/span>\n\t<\/a>\n\n<h3>Utilisations<\/h3>\n<p>Diffuser pour stabiliser, ancrer et calmer. Dans les s\u00e9rums pour la peau, elle est revitalisante, reconstituante et hydratante. C&rsquo;est un merveilleux compl\u00e9ment \u00e0 un s\u00e9rum pour la peau qui nettoie et hydrate la peau. Une note de base tenace qui est essentielle pour les parfums terreux, les eaux de Cologne captivantes et les d\u00e9odorants pimpants. Ce v\u00e9tiver vintage est un objet de collection pour les connaisseurs et les parfumeurs.<\/p>\n<h3>Conseil de pro<\/h3>\n<p>L&rsquo;huile de v\u00e9tiver est visqueuse, \u00e9paisse comme de la m\u00e9lasse, et la fa\u00e7on la plus simple d&rsquo;acc\u00e9der \u00e0 l&rsquo;huile est d&rsquo;enlever l&rsquo;insert monogoutte et de verser lentement une goutte de fa\u00e7on libre.<\/p>\n<p>Distill\u00e9e \u00e0 la vapeur \u00e0 partir de la racine robuste du v\u00e9tiver, notre Vintage Vetiver Essential Oil est r\u00e9colt\u00e9e de mani\u00e8re organique en Indon\u00e9sie dans le cadre d&rsquo;un projet sp\u00e9cial avec la tribu Meyha qui cultive le v\u00e9tiver pour pr\u00e9venir l&rsquo;\u00e9rosion de la couche arable.<\/p>\n<p>Comme un bon vin, l&rsquo;essence de v\u00e9tiver s&rsquo;enrichit en vieillissant : la distillation commence avec des racines de v\u00e9tiver qui ont \u00e9t\u00e9 vieillies pendant deux ans, puis distill\u00e9es dans des alambics en cuivre. La peau s&rsquo;\u00e9panouit gr\u00e2ce \u00e0 la verdure r\u00e9g\u00e9n\u00e9ratrice du v\u00e9tiver et les sens se ravivent \u00e0 l&rsquo;inhalation de cet exsudat terreux. La bont\u00e9 de cette huile est fondatrice et calmante pour la peau et l&rsquo;esprit, oignant les racines de la peau comme la pluie oint l&rsquo;herbe.<\/p>\n<p>Le v\u00e9tiver est un merveilleux hydratant qui aide la peau \u00e0 conserver ses rondeurs de jeunesse tout en apaisant les tissus fatigu\u00e9s, en att\u00e9nuant l&rsquo;apparence des cicatrices et des vergetures et en \u00e9quilibrant la production de s\u00e9bum. Adaptag\u00e8ne par nature, l&rsquo;huile de v\u00e9tiver renforce, stimule et tend \u00e0 \u00e9quilibrer le jardin de la peau.<\/p>\n<p>Le parfum cors\u00e9 du v\u00e9tiver entoure l&rsquo;\u00e9nergie et enveloppe le corps d&rsquo;une ardeur terrestre.<\/p>\n<p><strong>Taille : 5 ml<\/strong><\/p>\n<h3>Ingr\u00e9dients biologiques<\/h3>\n<p>Huile essentielle de v\u00e9tiver (Chrysopogon zizanioides) 100% vintage.<\/p>\n<p>&nbsp;<\/p>\n<p style=\"text-align: center;\"><em>\u00ab\u00a0Tr\u00e8s peu de rem\u00e8des, aromatiques ou autres, exercent la m\u00eame profondeur d&rsquo;action r\u00e9paratrice que le v\u00e9tiver\u00a0\u00bb.<\/em><br \/>\n~ Peter Homes, <strong>Aromatica<\/strong><\/p>\n<p><img fetchpriority=\"high\" decoding=\"async\" class=\"aligncenter size-full wp-image-31577\" src=\"https:\/\/dutchhealthstore.com\/wp-content\/uploads\/2018\/03\/organic_big.png\" alt=\"Organic and Natural - Living Libations\" width=\"623\" height=\"103\" srcset=\"https:\/\/dutchhealthstore.com\/wp-content\/uploads\/2018\/03\/organic_big.png 623w, https:\/\/dutchhealthstore.com\/wp-content\/uploads\/2018\/03\/organic_big-510x84.png 510w, https:\/\/dutchhealthstore.com\/wp-content\/uploads\/2018\/03\/organic_big-600x99.png 600w, https:\/\/dutchhealthstore.com\/wp-content\/uploads\/2018\/03\/organic_big-350x58.png 350w\" sizes=\"(max-width: 623px) 100vw, 623px\" \/><\/p>\n","protected":false},"excerpt":{"rendered":"<p><strong>Vintage Vetiver Essential Oil<\/strong> verdoyant est distill\u00e9 \u00e0 partir des racines parfum\u00e9es d&rsquo;une herbe tropicale exceptionnellement aromatique qui sont vieillies \u00e0 la perfection.<br \/>\nLe parfum est terreux comme le sol frais de la for\u00eat, cuir\u00e9 comme les feuilles de tabac vieilli, vert astringent comme l&rsquo;herbe fra\u00eeche, et bois\u00e9 comme l&rsquo;\u00e9corce d&rsquo;arbre.<br \/>\nCette r\u00e9serve sp\u00e9ciale de v\u00e9tiver vieilli est appr\u00e9ci\u00e9e par les aficionados pour son ar\u00f4me plus profond, plus bois\u00e9 et plus riche qui s\u00e9duit les eaux de Cologne et les m\u00e9langes aromath\u00e9rapeutiques et ouvre de nouvelles perspectives au v\u00e9tiver.<\/p>\n","protected":false},"featured_media":47856,"comment_status":"open","ping_status":"closed","template":"","meta":[],"product_brand":[],"product_cat":[1507,6734,1211,1209,3757,1010,6733],"product_tag":[4495],"class_list":{"0":"post-125213","1":"product","2":"type-product","3":"status-publish","4":"has-post-thumbnail","6":"product_cat-plantes-huiles-essentielles-living-libations","7":"product_cat-essential-oils","8":"product_cat-living-libations-france","9":"product_cat-par-marques","10":"product_cat-plantes-huiles-essentielles","11":"product_cat-notre-boutique","12":"product_cat-wellness-fr-2","13":"product_tag-essential-oil-fr","14":"pa_brand-livinglibations-fr","15":"pa_essential-oils-product-type-essential-oils-fr","16":"pa_size-5-ml-fr","18":"first","19":"instock","20":"taxable","21":"shipping-taxable","22":"purchasable","23":"product-type-simple"},"bundled_by":[],"bundle_stock_status":"instock","bundle_stock_quantity":2,"bundle_virtual":false,"bundle_layout":"","bundle_add_to_cart_form_location":"","bundle_editable_in_cart":false,"bundle_sold_individually_context":"","bundle_item_grouping":"","bundle_min_size":"","bundle_max_size":"","bundle_price":[],"bundled_items":[],"bundle_sell_ids":[],"atum_controlled":true,"out_stock_date":null,"out_stock_threshold":null,"inheritable":false,"stock_on_hold":0,"sold_today":0,"sales_last_days":0,"out_stock_days":0,"lost_sales":0,"update_date":"2026-04-17T11:16:36","atum_locations":[],"atum_stock_status":"instock","restock_status":false,"low_stock_amount":0,"sales_update_date":"2026-04-17T11:16:36","calc_backorders":null,"group_of_quantity":0,"min_quantity":0,"max_quantity":"","exclude_order_quantity_value_rules":"no","exclude_category_quantity_rules":"no","combine_variations":"no","yoast_head":"<!-- This site is optimized with the Yoast SEO Premium plugin v26.5 (Yoast SEO v26.5) - https:\/\/yoast.com\/wordpress\/plugins\/seo\/ -->\n<title>Vintage Vetiver Essential Oil | Living Libations<\/title>\n<meta name=\"description\" content=\"Le parfum est terreux comme le sol frais de la for\u00eat, cuir\u00e9 comme les feuilles de tabac vieilli, vert astringent comme l&#039;herbe fra\u00eeche, et bois\u00e9 comme l&#039;\u00e9corce d&#039;arbre.\" \/>\n<meta name=\"robots\" content=\"index, follow, max-snippet:-1, max-image-preview:large, max-video-preview:-1\" \/>\n<link rel=\"canonical\" href=\"https:\/\/dutchhealthstore.com\/fr\/product\/vintage-vetiver-essential-oil\/\" \/>\n<meta property=\"og:locale\" content=\"fr_FR\" \/>\n<meta property=\"og:type\" content=\"article\" \/>\n<meta property=\"og:title\" content=\"Vetiver, Vintage Essential Oil - Dutch Health Store\" \/>\n<meta property=\"og:description\" content=\"Le parfum est terreux comme le sol frais de la for\u00eat, cuir\u00e9 comme les feuilles de tabac vieilli, vert astringent comme l&#039;herbe fra\u00eeche, et bois\u00e9 comme l&#039;\u00e9corce d&#039;arbre.\" \/>\n<meta property=\"og:url\" content=\"https:\/\/dutchhealthstore.com\/fr\/product\/vintage-vetiver-essential-oil\/\" \/>\n<meta property=\"og:site_name\" content=\"Dutch Health Store\" \/>\n<meta property=\"article:publisher\" content=\"https:\/\/www.instagram.com\/dutchhealthstore\/\" \/>\n<meta property=\"article:modified_time\" content=\"2023-02-14T12:19:39+00:00\" \/>\n<meta property=\"og:image\" content=\"https:\/\/dutchhealthstore.com\/wp-content\/uploads\/2018\/11\/Living-Libations-Vintage-Vetiver-Essential-Oil.jpg\" \/>\n\t<meta property=\"og:image:width\" content=\"478\" \/>\n\t<meta property=\"og:image:height\" content=\"478\" \/>\n\t<meta property=\"og:image:type\" content=\"image\/jpeg\" \/>\n<meta name=\"twitter:card\" content=\"summary_large_image\" \/>\n<meta name=\"twitter:label1\" content=\"Prix\" \/>\n\t<meta name=\"twitter:data1\" content=\"&euro;117,00\" \/>\n\t<meta name=\"twitter:label2\" content=\"Disponibilit\u00e9\" \/>\n\t<meta name=\"twitter:data2\" content=\"En stock\" \/>\n<script type=\"application\/ld+json\" class=\"yoast-schema-graph\">{\"@context\":\"https:\/\/schema.org\",\"@graph\":[{\"@type\":\"WebPage\",\"@id\":\"https:\/\/dutchhealthstore.com\/fr\/product\/vintage-vetiver-essential-oil\/\",\"url\":\"https:\/\/dutchhealthstore.com\/fr\/product\/vintage-vetiver-essential-oil\/\",\"name\":\"Vintage Vetiver Essential Oil | Living Libations\",\"isPartOf\":{\"@id\":\"https:\/\/dutchhealthstore.com\/fr\/#website\"},\"primaryImageOfPage\":{\"@id\":\"https:\/\/dutchhealthstore.com\/fr\/product\/vintage-vetiver-essential-oil\/#primaryimage\"},\"image\":{\"@id\":\"https:\/\/dutchhealthstore.com\/fr\/product\/vintage-vetiver-essential-oil\/#primaryimage\"},\"thumbnailUrl\":\"https:\/\/dutchhealthstore.com\/wp-content\/uploads\/2018\/11\/Living-Libations-Vintage-Vetiver-Essential-Oil.jpg\",\"datePublished\":\"2018-11-27T04:54:10+00:00\",\"dateModified\":\"2023-02-14T12:19:39+00:00\",\"description\":\"Le parfum est terreux comme le sol frais de la for\u00eat, cuir\u00e9 comme les feuilles de tabac vieilli, vert astringent comme l'herbe fra\u00eeche, et bois\u00e9 comme l'\u00e9corce d'arbre.\",\"breadcrumb\":{\"@id\":\"https:\/\/dutchhealthstore.com\/fr\/product\/vintage-vetiver-essential-oil\/#breadcrumb\"},\"inLanguage\":\"fr-FR\",\"potentialAction\":[{\"@type\":\"ReadAction\",\"target\":[\"https:\/\/dutchhealthstore.com\/fr\/product\/vintage-vetiver-essential-oil\/\"]}]},{\"@type\":\"ImageObject\",\"inLanguage\":\"fr-FR\",\"@id\":\"https:\/\/dutchhealthstore.com\/fr\/product\/vintage-vetiver-essential-oil\/#primaryimage\",\"url\":\"https:\/\/dutchhealthstore.com\/wp-content\/uploads\/2018\/11\/Living-Libations-Vintage-Vetiver-Essential-Oil.jpg\",\"contentUrl\":\"https:\/\/dutchhealthstore.com\/wp-content\/uploads\/2018\/11\/Living-Libations-Vintage-Vetiver-Essential-Oil.jpg\",\"width\":478,\"height\":478,\"caption\":\"Living Libations - Vintage Vetiver Essential Oil\"},{\"@type\":\"BreadcrumbList\",\"@id\":\"https:\/\/dutchhealthstore.com\/fr\/product\/vintage-vetiver-essential-oil\/#breadcrumb\",\"itemListElement\":[{\"@type\":\"ListItem\",\"position\":1,\"name\":\"Home\",\"item\":\"https:\/\/dutchhealthstore.com\/fr\/\"},{\"@type\":\"ListItem\",\"position\":2,\"name\":\"Shop\",\"item\":\"https:\/\/dutchhealthstore.com\/fr\/shop\/\"},{\"@type\":\"ListItem\",\"position\":3,\"name\":\"Vetiver, Vintage Essential Oil\"}]},{\"@type\":\"WebSite\",\"@id\":\"https:\/\/dutchhealthstore.com\/fr\/#website\",\"url\":\"https:\/\/dutchhealthstore.com\/fr\/\",\"name\":\"Dutch Health Store\",\"description\":\"Enhance Your Beauty with Organic &amp; Natural Skincare\",\"publisher\":{\"@id\":\"https:\/\/dutchhealthstore.com\/fr\/#organization\"},\"potentialAction\":[{\"@type\":\"SearchAction\",\"target\":{\"@type\":\"EntryPoint\",\"urlTemplate\":\"https:\/\/dutchhealthstore.com\/fr\/?s={search_term_string}\"},\"query-input\":{\"@type\":\"PropertyValueSpecification\",\"valueRequired\":true,\"valueName\":\"search_term_string\"}}],\"inLanguage\":\"fr-FR\"},{\"@type\":\"Organization\",\"@id\":\"https:\/\/dutchhealthstore.com\/fr\/#organization\",\"name\":\"Dutch Health Store\",\"url\":\"https:\/\/dutchhealthstore.com\/fr\/\",\"logo\":{\"@type\":\"ImageObject\",\"inLanguage\":\"fr-FR\",\"@id\":\"https:\/\/dutchhealthstore.com\/fr\/#\/schema\/logo\/image\/\",\"url\":\"https:\/\/dutchhealthstore.com\/wp-content\/uploads\/2020\/08\/logo-dutchhealthstore-jpg-e1599484957574.jpg\",\"contentUrl\":\"https:\/\/dutchhealthstore.com\/wp-content\/uploads\/2020\/08\/logo-dutchhealthstore-jpg-e1599484957574.jpg\",\"width\":400,\"height\":62,\"caption\":\"Dutch Health Store\"},\"image\":{\"@id\":\"https:\/\/dutchhealthstore.com\/fr\/#\/schema\/logo\/image\/\"},\"sameAs\":[\"https:\/\/www.instagram.com\/dutchhealthstore\/\",\"https:\/\/www.facebook.com\/dutchhealthstore\"]}]}<\/script>\n<meta property=\"product:brand\" content=\"Living Libations\" \/>\n<meta property=\"product:price:amount\" content=\"117.00\" \/>\n<meta property=\"product:price:currency\" content=\"EUR\" \/>\n<meta property=\"og:availability\" content=\"instock\" \/>\n<meta property=\"product:availability\" content=\"instock\" \/>\n<meta property=\"product:condition\" content=\"new\" \/>\n<!-- \/ Yoast SEO Premium plugin. -->","yoast_head_json":{"title":"Vintage Vetiver Essential Oil | Living Libations","description":"Le parfum est terreux comme le sol frais de la for\u00eat, cuir\u00e9 comme les feuilles de tabac vieilli, vert astringent comme l'herbe fra\u00eeche, et bois\u00e9 comme l'\u00e9corce d'arbre.","robots":{"index":"index","follow":"follow","max-snippet":"max-snippet:-1","max-image-preview":"max-image-preview:large","max-video-preview":"max-video-preview:-1"},"canonical":"https:\/\/dutchhealthstore.com\/fr\/product\/vintage-vetiver-essential-oil\/","og_locale":"fr_FR","og_type":"article","og_title":"Vetiver, Vintage Essential Oil - Dutch Health Store","og_description":"Le parfum est terreux comme le sol frais de la for\u00eat, cuir\u00e9 comme les feuilles de tabac vieilli, vert astringent comme l'herbe fra\u00eeche, et bois\u00e9 comme l'\u00e9corce d'arbre.","og_url":"https:\/\/dutchhealthstore.com\/fr\/product\/vintage-vetiver-essential-oil\/","og_site_name":"Dutch Health Store","article_publisher":"https:\/\/www.instagram.com\/dutchhealthstore\/","article_modified_time":"2023-02-14T12:19:39+00:00","og_image":[{"width":478,"height":478,"url":"https:\/\/dutchhealthstore.com\/wp-content\/uploads\/2018\/11\/Living-Libations-Vintage-Vetiver-Essential-Oil.jpg","type":"image\/jpeg"}],"twitter_card":"summary_large_image","twitter_misc":{"Prix":"&euro;117,00","Disponibilit\u00e9":"En stock"},"schema":{"@context":"https:\/\/schema.org","@graph":[{"@type":"WebPage","@id":"https:\/\/dutchhealthstore.com\/fr\/product\/vintage-vetiver-essential-oil\/","url":"https:\/\/dutchhealthstore.com\/fr\/product\/vintage-vetiver-essential-oil\/","name":"Vintage Vetiver Essential Oil | Living Libations","isPartOf":{"@id":"https:\/\/dutchhealthstore.com\/fr\/#website"},"primaryImageOfPage":{"@id":"https:\/\/dutchhealthstore.com\/fr\/product\/vintage-vetiver-essential-oil\/#primaryimage"},"image":{"@id":"https:\/\/dutchhealthstore.com\/fr\/product\/vintage-vetiver-essential-oil\/#primaryimage"},"thumbnailUrl":"https:\/\/dutchhealthstore.com\/wp-content\/uploads\/2018\/11\/Living-Libations-Vintage-Vetiver-Essential-Oil.jpg","datePublished":"2018-11-27T04:54:10+00:00","dateModified":"2023-02-14T12:19:39+00:00","description":"Le parfum est terreux comme le sol frais de la for\u00eat, cuir\u00e9 comme les feuilles de tabac vieilli, vert astringent comme l'herbe fra\u00eeche, et bois\u00e9 comme l'\u00e9corce d'arbre.","breadcrumb":{"@id":"https:\/\/dutchhealthstore.com\/fr\/product\/vintage-vetiver-essential-oil\/#breadcrumb"},"inLanguage":"fr-FR","potentialAction":[{"@type":"ReadAction","target":["https:\/\/dutchhealthstore.com\/fr\/product\/vintage-vetiver-essential-oil\/"]}]},{"@type":"ImageObject","inLanguage":"fr-FR","@id":"https:\/\/dutchhealthstore.com\/fr\/product\/vintage-vetiver-essential-oil\/#primaryimage","url":"https:\/\/dutchhealthstore.com\/wp-content\/uploads\/2018\/11\/Living-Libations-Vintage-Vetiver-Essential-Oil.jpg","contentUrl":"https:\/\/dutchhealthstore.com\/wp-content\/uploads\/2018\/11\/Living-Libations-Vintage-Vetiver-Essential-Oil.jpg","width":478,"height":478,"caption":"Living Libations - Vintage Vetiver Essential Oil"},{"@type":"BreadcrumbList","@id":"https:\/\/dutchhealthstore.com\/fr\/product\/vintage-vetiver-essential-oil\/#breadcrumb","itemListElement":[{"@type":"ListItem","position":1,"name":"Home","item":"https:\/\/dutchhealthstore.com\/fr\/"},{"@type":"ListItem","position":2,"name":"Shop","item":"https:\/\/dutchhealthstore.com\/fr\/shop\/"},{"@type":"ListItem","position":3,"name":"Vetiver, Vintage Essential Oil"}]},{"@type":"WebSite","@id":"https:\/\/dutchhealthstore.com\/fr\/#website","url":"https:\/\/dutchhealthstore.com\/fr\/","name":"Dutch Health Store","description":"Enhance Your Beauty with Organic &amp; Natural Skincare","publisher":{"@id":"https:\/\/dutchhealthstore.com\/fr\/#organization"},"potentialAction":[{"@type":"SearchAction","target":{"@type":"EntryPoint","urlTemplate":"https:\/\/dutchhealthstore.com\/fr\/?s={search_term_string}"},"query-input":{"@type":"PropertyValueSpecification","valueRequired":true,"valueName":"search_term_string"}}],"inLanguage":"fr-FR"},{"@type":"Organization","@id":"https:\/\/dutchhealthstore.com\/fr\/#organization","name":"Dutch Health Store","url":"https:\/\/dutchhealthstore.com\/fr\/","logo":{"@type":"ImageObject","inLanguage":"fr-FR","@id":"https:\/\/dutchhealthstore.com\/fr\/#\/schema\/logo\/image\/","url":"https:\/\/dutchhealthstore.com\/wp-content\/uploads\/2020\/08\/logo-dutchhealthstore-jpg-e1599484957574.jpg","contentUrl":"https:\/\/dutchhealthstore.com\/wp-content\/uploads\/2020\/08\/logo-dutchhealthstore-jpg-e1599484957574.jpg","width":400,"height":62,"caption":"Dutch Health Store"},"image":{"@id":"https:\/\/dutchhealthstore.com\/fr\/#\/schema\/logo\/image\/"},"sameAs":["https:\/\/www.instagram.com\/dutchhealthstore\/","https:\/\/www.facebook.com\/dutchhealthstore"]}]},"product_brand":"Living Libations","product_price_amount":"117.00","product_price_currency":"EUR","og_availability":"instock","product_availability":"instock","product_condition":"new"},"_links":{"self":[{"href":"https:\/\/dutchhealthstore.com\/fr\/wp-json\/wp\/v2\/product\/125213","targetHints":{"allow":["GET"]}}],"collection":[{"href":"https:\/\/dutchhealthstore.com\/fr\/wp-json\/wp\/v2\/product"}],"about":[{"href":"https:\/\/dutchhealthstore.com\/fr\/wp-json\/wp\/v2\/types\/product"}],"replies":[{"embeddable":true,"href":"https:\/\/dutchhealthstore.com\/fr\/wp-json\/wp\/v2\/comments?post=125213"}],"wp:featuredmedia":[{"embeddable":true,"href":"https:\/\/dutchhealthstore.com\/fr\/wp-json\/wp\/v2\/media\/47856"}],"wp:attachment":[{"href":"https:\/\/dutchhealthstore.com\/fr\/wp-json\/wp\/v2\/media?parent=125213"}],"wp:term":[{"taxonomy":"product_brand","embeddable":true,"href":"https:\/\/dutchhealthstore.com\/fr\/wp-json\/wp\/v2\/product_brand?post=125213"},{"taxonomy":"product_cat","embeddable":true,"href":"https:\/\/dutchhealthstore.com\/fr\/wp-json\/wp\/v2\/product_cat?post=125213"},{"taxonomy":"product_tag","embeddable":true,"href":"https:\/\/dutchhealthstore.com\/fr\/wp-json\/wp\/v2\/product_tag?post=125213"}],"curies":[{"name":"wp","href":"https:\/\/api.w.org\/{rel}","templated":true}]}}