{"id":125182,"date":"2018-02-10T20:12:10","date_gmt":"2018-02-10T19:12:10","guid":{"rendered":"https:\/\/dutchhealthstore.com\/product\/vetiver-essential-oil\/"},"modified":"2024-11-22T12:22:57","modified_gmt":"2024-11-22T11:22:57","slug":"vetiver-essential-oil","status":"publish","type":"product","link":"https:\/\/dutchhealthstore.com\/fr\/product\/vetiver-essential-oil\/","title":{"rendered":"Vetiver Essential Oil"},"content":{"rendered":"<p style=\"font-weight: 400;\"><b><strong><img decoding=\"async\" class=\"alignright size-full wp-image-37041\" src=\"https:\/\/dutchhealthstore.com\/wp-content\/uploads\/2018\/04\/Living_Libations-1.png\" alt=\"Organic &amp; Natural Beautyproducts - Living Libations\" width=\"175\" height=\"82\"><\/strong><\/b><\/p>\n<p><strong>Nom botanique:<\/strong> Vetiveria zizanioides<br \/>\n<strong>Famille botanique:<\/strong> Poaceae<br \/>\n<strong>M\u00e9thode d&rsquo;extraction:<\/strong> Distillation \u00e0 la vapeur<br \/>\n<strong>Partie de la plante distill\u00e9e:<\/strong> Racines<br \/>\n<strong>Pays d&rsquo;origine:<\/strong> Madagascar<br \/>\n<strong>M\u00e9thode de culture:<\/strong> Organique<br \/>\n<strong>Composition:<\/strong> 100% Vetiveria zizanioides<br \/>\n<strong>Consistance:<\/strong> \u00c9pais<\/p>\n<h3>Description de l&rsquo;odeur<\/h3>\n<p>Terre chaude et profonde avec des notes \u00e9paisses et racinaires de bois et d&rsquo;humus herbac\u00e9.<\/p>\n<h3>Dans Living Libations<\/h3>\n<p>Vetiver Poetic Pits, Seabuckthorn Best Skin Ever, Sacred Sage Smudge, Radiant Earth Poetic Pits et Forest Cologne.<\/p>\n<h3>Se marie bien avec<\/h3>\n<p>Nard, Patchouli, Rose, Jasmin, Pamplemousse, Ravensara, Bergamote, Encens, Palo Santo, Douglas Fir, Epic\u00e9a noir, Pin, Origan, Inula, Mastic, Cypr\u00e8s et Gen\u00e9vrier.<\/p>\n<h3>Utilisations<\/h3>\n<p>Diffuser pour stabiliser, ancrer et calmer. Dans les s\u00e9rums pour la peau, elle est revitalisante, reconstituante et hydratante. C&rsquo;est un merveilleux compl\u00e9ment \u00e0 un s\u00e9rum pour la peau qui nettoie et hydrate la peau. Une note de base tenace qui est essentielle pour les parfums terreux, les eaux de Cologne captivantes et les d\u00e9odorants pimpants.<\/p>\n<h3>Conseil de pro<\/h3>\n<p>Le v\u00e9tiver est une huile essentielle tr\u00e8s visqueuse, \u00e9paisse comme de la m\u00e9lasse, et parfois la fa\u00e7on la plus simple d&rsquo;acc\u00e9der \u00e0 l&rsquo;huile est d&rsquo;ouvrir l&rsquo;insert monogoutte et de verser lentement une goutte de fa\u00e7on libre.<\/p>\n<p>Distill\u00e9e \u00e0 la vapeur \u00e0 partir de la racine robuste du v\u00e9tiver, notre huile essentielle huile v\u00e9tiver est r\u00e9colt\u00e9e biologiquement \u00e0 Madagascar dans le cadre d&rsquo;un projet sp\u00e9cial qui cultive le v\u00e9tiver pour pr\u00e9venir l&rsquo;\u00e9rosion des sols. La peau s&rsquo;\u00e9panouit gr\u00e2ce \u00e0 la verdure r\u00e9g\u00e9n\u00e9ratrice du v\u00e9tiver et les sens se ravivent \u00e0 l&rsquo;inhalation de cet exsudat terreux.<\/p>\n<h3>Ingr\u00e9dients Biologiques<\/h3>\n<p>100% d&rsquo;huile essentielle de v\u00e9tiver (Vetiveria zizanioides).<\/p>\n<p>Le parfum cors\u00e9 du v\u00e9tiver entoure l&rsquo;\u00e9nergie et enveloppe le corps d&rsquo;une ardeur terrestre.<\/p>\n<p style=\"text-align: center;\"><em>\u00ab\u00a0Tr\u00e8s peu de rem\u00e8des, aromatiques ou autres, exercent la m\u00eame profondeur d&rsquo;action r\u00e9paratrice que le v\u00e9tiver\u00a0\u00bb.<\/em><br \/>\n~ Peter Homes, <strong>Aromatica<\/strong><\/p>\n<p style=\"text-align: center;\"><em>\u00ab\u00a0D\u00e8s que l&rsquo;on pr\u00eate une attention particuli\u00e8re \u00e0 quelque chose, m\u00eame \u00e0 un brin d&rsquo;herbe, cela devient un monde en soi, myst\u00e9rieux, impressionnant, indescriptiblement magnifique.\u00a0\u00bb<\/em><br \/>\n~ Henry Miller<\/p>\n<p style=\"text-align: center;\"><em>\u00ab\u00a0Le v\u00e9tiver nourrit les personnes qui ont les pieds froids ou la t\u00eate dans les nuages. Lorsque nous perdons le contact avec le sol sous nos pieds, avec la r\u00e9alit\u00e9, nous payons le prix d&rsquo;un syst\u00e8me immunitaire affaibli. Lorsque nous sommes en contact avec la terre, nous respirons de l&rsquo;air frais, nous profitons de la magie d&rsquo;un feu ouvert et nous sentons le vent souffler dans nos cheveux.\u00a0\u00bb<\/em><br \/>\n~ Susanne Fischer-Rizzi, <strong>The Complete Aromatherapy Handbook (Manuel complet d&rsquo;aromath\u00e9rapie)<\/strong><\/p>\n<p><img fetchpriority=\"high\" decoding=\"async\" class=\"aligncenter size-full wp-image-31577\" src=\"https:\/\/dutchhealthstore.com\/wp-content\/uploads\/2018\/03\/organic_big.png\" alt=\"\" width=\"623\" height=\"103\" srcset=\"https:\/\/dutchhealthstore.com\/wp-content\/uploads\/2018\/03\/organic_big.png 623w, https:\/\/dutchhealthstore.com\/wp-content\/uploads\/2018\/03\/organic_big-510x84.png 510w, https:\/\/dutchhealthstore.com\/wp-content\/uploads\/2018\/03\/organic_big-600x99.png 600w, https:\/\/dutchhealthstore.com\/wp-content\/uploads\/2018\/03\/organic_big-350x58.png 350w\" sizes=\"(max-width: 623px) 100vw, 623px\" \/><\/p>\n","protected":false},"excerpt":{"rendered":"<p>Vivacious <b>Vetiver<\/b> est distill\u00e9 \u00e0 partir des racines piquantes d&rsquo;une herbe tropicale tr\u00e8s aromatique.<br \/>\nLa bont\u00e9 de cette huile est fondatrice et apaisante pour la peau et l&rsquo;esprit, oignant les racines de chaque couche de la peau comme la pluie oint l&rsquo;herbe.<br \/>\nLe v\u00e9tiver est un merveilleux hydratant qui aide la peau \u00e0 conserver ses rondeurs de jeunesse tout en apaisant les tissus fatigu\u00e9s, en att\u00e9nuant l&rsquo;apparence des cicatrices et des vergetures et en \u00e9quilibrant la production de s\u00e9bum.<br \/>\nAdaptag\u00e8ne par nature, l&rsquo;huile de v\u00e9tiver renforce, stimule tend \u00e0 \u00e9quilibrer le jardin de la peau.<\/p>\n","protected":false},"featured_media":117471,"comment_status":"open","ping_status":"closed","template":"","meta":[],"product_brand":[],"product_cat":[6734,1507,1211,1209,3757,1010,6733],"product_tag":[4495],"class_list":{"0":"post-125182","1":"product","2":"type-product","3":"status-publish","4":"has-post-thumbnail","6":"product_cat-essential-oils","7":"product_cat-plantes-huiles-essentielles-living-libations","8":"product_cat-living-libations-france","9":"product_cat-par-marques","10":"product_cat-plantes-huiles-essentielles","11":"product_cat-notre-boutique","12":"product_cat-wellness-fr-2","13":"product_tag-essential-oil-fr","14":"pa_brand-livinglibations-fr","15":"pa_essential-oils-product-type-essential-oils-fr","16":"pa_size-5-ml-fr","17":"pa_size-15-ml-fr","18":"pa_size-30-ml-fr","20":"first","21":"instock","22":"taxable","23":"shipping-taxable","24":"purchasable","25":"product-type-variable"},"bundled_by":[],"bundle_stock_status":"instock","bundle_stock_quantity":null,"bundle_virtual":false,"bundle_layout":"","bundle_add_to_cart_form_location":"","bundle_editable_in_cart":false,"bundle_sold_individually_context":"","bundle_item_grouping":"","bundle_min_size":"","bundle_max_size":"","bundle_price":[],"bundled_items":[],"bundle_sell_ids":[],"atum_controlled":true,"out_stock_date":null,"out_stock_threshold":null,"inheritable":true,"stock_on_hold":0,"sold_today":0,"sales_last_days":0,"out_stock_days":0,"lost_sales":0,"update_date":"2026-04-04T01:46:02","atum_locations":[],"atum_stock_status":"instock","restock_status":false,"low_stock_amount":"","sales_update_date":"2026-04-04T01:46:02","calc_backorders":null,"group_of_quantity":0,"min_quantity":0,"max_quantity":"","exclude_order_quantity_value_rules":"no","exclude_category_quantity_rules":"no","combine_variations":"no","yoast_head":"<!-- This site is optimized with the Yoast SEO Premium plugin v26.5 (Yoast SEO v26.5) - https:\/\/yoast.com\/wordpress\/plugins\/seo\/ -->\n<title>Vetiver Essential Oil | Living Libations<\/title>\n<meta name=\"description\" content=\"La bont\u00e9 de cette huile est fondatrice et apaisante pour la peau et l&#039;esprit, oignant les racines de chaque couche de la peau comme la pluie oint l&#039;herbe.\" \/>\n<meta name=\"robots\" content=\"index, follow, max-snippet:-1, max-image-preview:large, max-video-preview:-1\" \/>\n<link rel=\"canonical\" href=\"https:\/\/dutchhealthstore.com\/fr\/product\/vetiver-essential-oil\/\" \/>\n<meta property=\"og:locale\" content=\"fr_FR\" \/>\n<meta property=\"og:type\" content=\"article\" \/>\n<meta property=\"og:title\" content=\"Vetiver Essential Oil - Dutch Health Store\" \/>\n<meta property=\"og:description\" content=\"La bont\u00e9 de cette huile est fondatrice et apaisante pour la peau et l&#039;esprit, oignant les racines de chaque couche de la peau comme la pluie oint l&#039;herbe.\" \/>\n<meta property=\"og:url\" content=\"https:\/\/dutchhealthstore.com\/fr\/product\/vetiver-essential-oil\/\" \/>\n<meta property=\"og:site_name\" content=\"Dutch Health Store\" \/>\n<meta property=\"article:publisher\" content=\"https:\/\/www.instagram.com\/dutchhealthstore\/\" \/>\n<meta property=\"article:modified_time\" content=\"2024-11-22T11:22:57+00:00\" \/>\n<meta property=\"og:image\" content=\"https:\/\/dutchhealthstore.com\/wp-content\/uploads\/2018\/02\/Living-Libations-Vetiver-Essential-Oil-e1596443489970.jpg\" \/>\n\t<meta property=\"og:image:width\" content=\"500\" \/>\n\t<meta property=\"og:image:height\" content=\"500\" \/>\n\t<meta property=\"og:image:type\" content=\"image\/jpeg\" \/>\n<meta name=\"twitter:card\" content=\"summary_large_image\" \/>\n<meta name=\"twitter:label1\" content=\"Disponibilit\u00e9\" \/>\n\t<meta name=\"twitter:data1\" content=\"En stock\" \/>\n<script type=\"application\/ld+json\" class=\"yoast-schema-graph\">{\"@context\":\"https:\/\/schema.org\",\"@graph\":[{\"@type\":\"WebPage\",\"@id\":\"https:\/\/dutchhealthstore.com\/fr\/product\/vetiver-essential-oil\/\",\"url\":\"https:\/\/dutchhealthstore.com\/fr\/product\/vetiver-essential-oil\/\",\"name\":\"Vetiver Essential Oil | Living Libations\",\"isPartOf\":{\"@id\":\"https:\/\/dutchhealthstore.com\/fr\/#website\"},\"primaryImageOfPage\":{\"@id\":\"https:\/\/dutchhealthstore.com\/fr\/product\/vetiver-essential-oil\/#primaryimage\"},\"image\":{\"@id\":\"https:\/\/dutchhealthstore.com\/fr\/product\/vetiver-essential-oil\/#primaryimage\"},\"thumbnailUrl\":\"https:\/\/dutchhealthstore.com\/wp-content\/uploads\/2018\/02\/Living-Libations-Vetiver-Essential-Oil-e1596443489970.jpg\",\"datePublished\":\"2018-02-10T19:12:10+00:00\",\"dateModified\":\"2024-11-22T11:22:57+00:00\",\"description\":\"La bont\u00e9 de cette huile est fondatrice et apaisante pour la peau et l'esprit, oignant les racines de chaque couche de la peau comme la pluie oint l'herbe.\",\"breadcrumb\":{\"@id\":\"https:\/\/dutchhealthstore.com\/fr\/product\/vetiver-essential-oil\/#breadcrumb\"},\"inLanguage\":\"fr-FR\",\"potentialAction\":[{\"@type\":\"ReadAction\",\"target\":[\"https:\/\/dutchhealthstore.com\/fr\/product\/vetiver-essential-oil\/\"]}]},{\"@type\":\"ImageObject\",\"inLanguage\":\"fr-FR\",\"@id\":\"https:\/\/dutchhealthstore.com\/fr\/product\/vetiver-essential-oil\/#primaryimage\",\"url\":\"https:\/\/dutchhealthstore.com\/wp-content\/uploads\/2018\/02\/Living-Libations-Vetiver-Essential-Oil-e1596443489970.jpg\",\"contentUrl\":\"https:\/\/dutchhealthstore.com\/wp-content\/uploads\/2018\/02\/Living-Libations-Vetiver-Essential-Oil-e1596443489970.jpg\",\"width\":500,\"height\":500,\"caption\":\"Living Libations Vetiver Essential Oil\"},{\"@type\":\"BreadcrumbList\",\"@id\":\"https:\/\/dutchhealthstore.com\/fr\/product\/vetiver-essential-oil\/#breadcrumb\",\"itemListElement\":[{\"@type\":\"ListItem\",\"position\":1,\"name\":\"Home\",\"item\":\"https:\/\/dutchhealthstore.com\/fr\/\"},{\"@type\":\"ListItem\",\"position\":2,\"name\":\"Shop\",\"item\":\"https:\/\/dutchhealthstore.com\/fr\/shop\/\"},{\"@type\":\"ListItem\",\"position\":3,\"name\":\"Vetiver Essential Oil\"}]},{\"@type\":\"WebSite\",\"@id\":\"https:\/\/dutchhealthstore.com\/fr\/#website\",\"url\":\"https:\/\/dutchhealthstore.com\/fr\/\",\"name\":\"Dutch Health Store\",\"description\":\"Enhance Your Beauty with Organic &amp; Natural Skincare\",\"publisher\":{\"@id\":\"https:\/\/dutchhealthstore.com\/fr\/#organization\"},\"potentialAction\":[{\"@type\":\"SearchAction\",\"target\":{\"@type\":\"EntryPoint\",\"urlTemplate\":\"https:\/\/dutchhealthstore.com\/fr\/?s={search_term_string}\"},\"query-input\":{\"@type\":\"PropertyValueSpecification\",\"valueRequired\":true,\"valueName\":\"search_term_string\"}}],\"inLanguage\":\"fr-FR\"},{\"@type\":\"Organization\",\"@id\":\"https:\/\/dutchhealthstore.com\/fr\/#organization\",\"name\":\"Dutch Health Store\",\"url\":\"https:\/\/dutchhealthstore.com\/fr\/\",\"logo\":{\"@type\":\"ImageObject\",\"inLanguage\":\"fr-FR\",\"@id\":\"https:\/\/dutchhealthstore.com\/fr\/#\/schema\/logo\/image\/\",\"url\":\"https:\/\/dutchhealthstore.com\/wp-content\/uploads\/2020\/08\/logo-dutchhealthstore-jpg-e1599484957574.jpg\",\"contentUrl\":\"https:\/\/dutchhealthstore.com\/wp-content\/uploads\/2020\/08\/logo-dutchhealthstore-jpg-e1599484957574.jpg\",\"width\":400,\"height\":62,\"caption\":\"Dutch Health Store\"},\"image\":{\"@id\":\"https:\/\/dutchhealthstore.com\/fr\/#\/schema\/logo\/image\/\"},\"sameAs\":[\"https:\/\/www.instagram.com\/dutchhealthstore\/\",\"https:\/\/www.facebook.com\/dutchhealthstore\"]}]}<\/script>\n<meta property=\"product:brand\" content=\"Living Libations\" \/>\n<meta property=\"og:availability\" content=\"instock\" \/>\n<meta property=\"product:availability\" content=\"instock\" \/>\n<meta property=\"product:condition\" content=\"new\" \/>\n<!-- \/ Yoast SEO Premium plugin. -->","yoast_head_json":{"title":"Vetiver Essential Oil | Living Libations","description":"La bont\u00e9 de cette huile est fondatrice et apaisante pour la peau et l'esprit, oignant les racines de chaque couche de la peau comme la pluie oint l'herbe.","robots":{"index":"index","follow":"follow","max-snippet":"max-snippet:-1","max-image-preview":"max-image-preview:large","max-video-preview":"max-video-preview:-1"},"canonical":"https:\/\/dutchhealthstore.com\/fr\/product\/vetiver-essential-oil\/","og_locale":"fr_FR","og_type":"article","og_title":"Vetiver Essential Oil - Dutch Health Store","og_description":"La bont\u00e9 de cette huile est fondatrice et apaisante pour la peau et l'esprit, oignant les racines de chaque couche de la peau comme la pluie oint l'herbe.","og_url":"https:\/\/dutchhealthstore.com\/fr\/product\/vetiver-essential-oil\/","og_site_name":"Dutch Health Store","article_publisher":"https:\/\/www.instagram.com\/dutchhealthstore\/","article_modified_time":"2024-11-22T11:22:57+00:00","og_image":[{"width":500,"height":500,"url":"https:\/\/dutchhealthstore.com\/wp-content\/uploads\/2018\/02\/Living-Libations-Vetiver-Essential-Oil-e1596443489970.jpg","type":"image\/jpeg"}],"twitter_card":"summary_large_image","twitter_misc":{"Disponibilit\u00e9":"En stock"},"schema":{"@context":"https:\/\/schema.org","@graph":[{"@type":"WebPage","@id":"https:\/\/dutchhealthstore.com\/fr\/product\/vetiver-essential-oil\/","url":"https:\/\/dutchhealthstore.com\/fr\/product\/vetiver-essential-oil\/","name":"Vetiver Essential Oil | Living Libations","isPartOf":{"@id":"https:\/\/dutchhealthstore.com\/fr\/#website"},"primaryImageOfPage":{"@id":"https:\/\/dutchhealthstore.com\/fr\/product\/vetiver-essential-oil\/#primaryimage"},"image":{"@id":"https:\/\/dutchhealthstore.com\/fr\/product\/vetiver-essential-oil\/#primaryimage"},"thumbnailUrl":"https:\/\/dutchhealthstore.com\/wp-content\/uploads\/2018\/02\/Living-Libations-Vetiver-Essential-Oil-e1596443489970.jpg","datePublished":"2018-02-10T19:12:10+00:00","dateModified":"2024-11-22T11:22:57+00:00","description":"La bont\u00e9 de cette huile est fondatrice et apaisante pour la peau et l'esprit, oignant les racines de chaque couche de la peau comme la pluie oint l'herbe.","breadcrumb":{"@id":"https:\/\/dutchhealthstore.com\/fr\/product\/vetiver-essential-oil\/#breadcrumb"},"inLanguage":"fr-FR","potentialAction":[{"@type":"ReadAction","target":["https:\/\/dutchhealthstore.com\/fr\/product\/vetiver-essential-oil\/"]}]},{"@type":"ImageObject","inLanguage":"fr-FR","@id":"https:\/\/dutchhealthstore.com\/fr\/product\/vetiver-essential-oil\/#primaryimage","url":"https:\/\/dutchhealthstore.com\/wp-content\/uploads\/2018\/02\/Living-Libations-Vetiver-Essential-Oil-e1596443489970.jpg","contentUrl":"https:\/\/dutchhealthstore.com\/wp-content\/uploads\/2018\/02\/Living-Libations-Vetiver-Essential-Oil-e1596443489970.jpg","width":500,"height":500,"caption":"Living Libations Vetiver Essential Oil"},{"@type":"BreadcrumbList","@id":"https:\/\/dutchhealthstore.com\/fr\/product\/vetiver-essential-oil\/#breadcrumb","itemListElement":[{"@type":"ListItem","position":1,"name":"Home","item":"https:\/\/dutchhealthstore.com\/fr\/"},{"@type":"ListItem","position":2,"name":"Shop","item":"https:\/\/dutchhealthstore.com\/fr\/shop\/"},{"@type":"ListItem","position":3,"name":"Vetiver Essential Oil"}]},{"@type":"WebSite","@id":"https:\/\/dutchhealthstore.com\/fr\/#website","url":"https:\/\/dutchhealthstore.com\/fr\/","name":"Dutch Health Store","description":"Enhance Your Beauty with Organic &amp; Natural Skincare","publisher":{"@id":"https:\/\/dutchhealthstore.com\/fr\/#organization"},"potentialAction":[{"@type":"SearchAction","target":{"@type":"EntryPoint","urlTemplate":"https:\/\/dutchhealthstore.com\/fr\/?s={search_term_string}"},"query-input":{"@type":"PropertyValueSpecification","valueRequired":true,"valueName":"search_term_string"}}],"inLanguage":"fr-FR"},{"@type":"Organization","@id":"https:\/\/dutchhealthstore.com\/fr\/#organization","name":"Dutch Health Store","url":"https:\/\/dutchhealthstore.com\/fr\/","logo":{"@type":"ImageObject","inLanguage":"fr-FR","@id":"https:\/\/dutchhealthstore.com\/fr\/#\/schema\/logo\/image\/","url":"https:\/\/dutchhealthstore.com\/wp-content\/uploads\/2020\/08\/logo-dutchhealthstore-jpg-e1599484957574.jpg","contentUrl":"https:\/\/dutchhealthstore.com\/wp-content\/uploads\/2020\/08\/logo-dutchhealthstore-jpg-e1599484957574.jpg","width":400,"height":62,"caption":"Dutch Health Store"},"image":{"@id":"https:\/\/dutchhealthstore.com\/fr\/#\/schema\/logo\/image\/"},"sameAs":["https:\/\/www.instagram.com\/dutchhealthstore\/","https:\/\/www.facebook.com\/dutchhealthstore"]}]},"product_brand":"Living Libations","og_availability":"instock","product_availability":"instock","product_condition":"new"},"_links":{"self":[{"href":"https:\/\/dutchhealthstore.com\/fr\/wp-json\/wp\/v2\/product\/125182","targetHints":{"allow":["GET"]}}],"collection":[{"href":"https:\/\/dutchhealthstore.com\/fr\/wp-json\/wp\/v2\/product"}],"about":[{"href":"https:\/\/dutchhealthstore.com\/fr\/wp-json\/wp\/v2\/types\/product"}],"replies":[{"embeddable":true,"href":"https:\/\/dutchhealthstore.com\/fr\/wp-json\/wp\/v2\/comments?post=125182"}],"wp:featuredmedia":[{"embeddable":true,"href":"https:\/\/dutchhealthstore.com\/fr\/wp-json\/wp\/v2\/media\/117471"}],"wp:attachment":[{"href":"https:\/\/dutchhealthstore.com\/fr\/wp-json\/wp\/v2\/media?parent=125182"}],"wp:term":[{"taxonomy":"product_brand","embeddable":true,"href":"https:\/\/dutchhealthstore.com\/fr\/wp-json\/wp\/v2\/product_brand?post=125182"},{"taxonomy":"product_cat","embeddable":true,"href":"https:\/\/dutchhealthstore.com\/fr\/wp-json\/wp\/v2\/product_cat?post=125182"},{"taxonomy":"product_tag","embeddable":true,"href":"https:\/\/dutchhealthstore.com\/fr\/wp-json\/wp\/v2\/product_tag?post=125182"}],"curies":[{"name":"wp","href":"https:\/\/api.w.org\/{rel}","templated":true}]}}