{"id":125134,"date":"2018-07-31T14:34:26","date_gmt":"2018-07-31T12:34:26","guid":{"rendered":"https:\/\/dutchhealthstore.com\/product\/vanilla-fusion-carrier-oil\/"},"modified":"2024-07-31T11:16:43","modified_gmt":"2024-07-31T09:16:43","slug":"vanilla-fusion-carrier-oil","status":"publish","type":"product","link":"https:\/\/dutchhealthstore.com\/fr\/product\/vanilla-fusion-carrier-oil\/","title":{"rendered":"Vanilla Fusion Carrier Oil"},"content":{"rendered":"<p style=\"font-weight: 400;\"><b><strong><img decoding=\"async\" class=\"size-full wp-image-37041 alignright\" src=\"https:\/\/dutchhealthstore.com\/wp-content\/uploads\/2018\/04\/Living_Libations-1.png\" alt=\"Organic &amp; Natural Beautyproducts - Living Libations\" width=\"175\" height=\"82\"><\/strong><\/b><\/p>\n<p><strong>Nom botanique :<\/strong> Vanilla planifolia<br \/>\n<strong>Famille botanique :<\/strong> Orchidaceae<br \/>\n<strong>M\u00e9thode d&rsquo;extraction :<\/strong> Mac\u00e9ration, infusion dans l&rsquo;huile jojoba.<br \/>\n<strong>Partie de la plante distill\u00e9e :<\/strong> Gousses de graines<br \/>\n<strong>Composition :<\/strong> 100% Vanilla planifolia + Simmondsia chinensis<br \/>\n<strong>Consistance :<\/strong> Viscosit\u00e9 moyenne<br \/>\n<strong>Pays d&rsquo;origine<\/strong> : Madagascar<br \/>\n<strong>M\u00e9thode de culture :<\/strong> Organique<\/p>\n<h3>Description de l&rsquo;odeur<\/h3>\n<p>Des notes chaudes et subtiles de miel qui adoucissent tout avec des chuchotements r\u00e9confortants de miam !<\/p>\n<h3>Se marie bien avec<\/h3>\n<p>Jasmin, roses, bois de santal, immortelle, \u0153illet, bergamote, citron vert, pamplemousse, citron, houblon, g\u00e9ranium, ylang, m\u00e9lisse, verveine, lilas, n\u00e9roli, encens, orange sanguine, nard, v\u00e9tiver, cannelle, cardamome et petit grain.<\/p>\n<h3>Utilisations<\/h3>\n<p>Cette huile porteuse de cosmos est une base fine pour de belles huiles corporelles, des s\u00e9rums sensuels et des lotions d&rsquo;amour succulentes. M\u00e9langez comme un relaxant et un s\u00e9rum de sommeil doux. Une caresse r\u00e9confortante comme huile de massage. Parfait dans les parfums et charismatique dans les eaux de Cologne en tant que support. Une beaut\u00e9 baln\u00e9aire.<\/p>\n<p>La vanille d\u00e9gage une sensualit\u00e9 chaleureuse. Nous faisons tremper des gousses de vanille biologique dans de l&rsquo;huile de jojoba dor\u00e9e pure pendant quelques cycles de pleine lune, jusqu&rsquo;\u00e0 ce que l&rsquo;essence sensuelle et la nature apaisante de la vanille saturent le jojoba.<\/p>\n<p>Le jojoba dor\u00e9 et glorieux nourrit et soigne les peaux assoiff\u00e9es. Il poss\u00e8de une capacit\u00e9 in\u00e9gal\u00e9e \u00e0 hydrater la peau, \u00e0 \u00e9quilibrer la production de s\u00e9bum, \u00e0 nettoyer les pores en profondeur et \u00e0 cr\u00e9er des effets conditionnants durables qui adoucissent la peau pour en faire une soie parfaite. Elle regorge de peptides et de lipides et contient les plus hauts niveaux de compos\u00e9s ph\u00e9noliques trouv\u00e9s dans la nature ainsi que des antioxydants et toutes les formes solubles de vitamine E!<\/p>\n<p><strong>Taille : 15 ml et 30 ml<\/strong><\/p>\n<h3>Ingr\u00e9dients biologiques<\/h3>\n<p>Huile de support 100% Vanilla planifolia et Simmondsia chinensis.<\/p>\n<p style=\"text-align: center;\"><em>\u00ab\u00a0Le parfumeur est tr\u00e8s redevable \u00e0 la vanille&#8230; non seulement elle donne un parfum doux et agr\u00e9able, mais elle est exceptionnellement durable et est, par cons\u00e9quent, excellente pour \u00ab\u00a0fixer\u00a0\u00bb un parfum.\u00a0\u00bb<\/em><br \/>\n~ Jill Jesse, <strong>Perfume Album<\/strong><\/p>\n<p style=\"text-align: center;\"><em>\u00ab\u00a0Pendant un moment, il s&rsquo;est laiss\u00e9 envo\u00fbter par le vent qui d\u00e9gage un faible parfum des champs de vanille, et a regard\u00e9 le colibri pendulaire s&rsquo;accrocher \u00e0 la fleur qui se balance, comme une chose d&rsquo;or.\u00a0\u00bb<\/em><br \/>\n~ Frederick William Faber<\/p>\n<p><img fetchpriority=\"high\" decoding=\"async\" class=\"aligncenter size-full wp-image-31577\" src=\"https:\/\/dutchhealthstore.com\/wp-content\/uploads\/2018\/03\/organic_big.png\" alt=\"Organic and Natural - Living Libations\" width=\"623\" height=\"103\" srcset=\"https:\/\/dutchhealthstore.com\/wp-content\/uploads\/2018\/03\/organic_big.png 623w, https:\/\/dutchhealthstore.com\/wp-content\/uploads\/2018\/03\/organic_big-510x84.png 510w, https:\/\/dutchhealthstore.com\/wp-content\/uploads\/2018\/03\/organic_big-600x99.png 600w, https:\/\/dutchhealthstore.com\/wp-content\/uploads\/2018\/03\/organic_big-350x58.png 350w\" sizes=\"(max-width: 623px) 100vw, 623px\" \/><\/p>\n","protected":false},"excerpt":{"rendered":"<p style=\"font-weight: 400;\">Ce velout\u00e9 <b><strong>Vanille<\/strong><\/b><b> <\/b><b><strong>Fusion<\/strong><\/b> est une offre d\u00e9lectable et d\u00e9cadente. Nous infusons des gousses de vanille dans du jojoba dor\u00e9 dans le cadre de notre processus de formulation complet et nous vous offrons maintenant cette huile de support somptueuse !<\/p>\n<p style=\"font-weight: 400;\">Pendant trois lunes, les gousses de vanille brutes sont satur\u00e9es de jojoba sain. Cette huile opulente invite dans ses plis le parfum envo\u00fbtant de la vanille. Une union stellaire \u00e0 contempler ! Cette fusion parfum\u00e9e rehausse les huiles de massage, enveloppe les parfums, apaise les sens, et le parfum doux et sensuel inspire le d\u00e9sir.<\/p>\n<p style=\"font-weight: 400;\">Diaphane, onirique et d\u00e9licieux, Vanilla Fusion fait couler la d\u00e9cadence sur votre peau et vos sens.<\/p>\n","protected":false},"featured_media":117455,"comment_status":"open","ping_status":"closed","template":"","meta":[],"product_brand":[],"product_cat":[1507,6734,3755,1211,1209,6733],"product_tag":[8910,4495],"class_list":{"0":"post-125134","1":"product","2":"type-product","3":"status-publish","4":"has-post-thumbnail","6":"product_cat-plantes-huiles-essentielles-living-libations","7":"product_cat-essential-oils","8":"product_cat-huiles-vegetales","9":"product_cat-living-libations-france","10":"product_cat-par-marques","11":"product_cat-wellness-fr-2","12":"product_tag-carrier-oil-fr","13":"product_tag-essential-oil-fr","14":"pa_brand-livinglibations-fr","15":"pa_essential-oils-product-type-carrier-oils-fr","16":"pa_essential-oils-product-type-essential-oils-fr","17":"pa_size-15-ml-fr","18":"pa_size-30-ml-fr","20":"first","21":"instock","22":"taxable","23":"shipping-taxable","24":"purchasable","25":"product-type-variable"},"bundled_by":[],"bundle_stock_status":"instock","bundle_stock_quantity":null,"bundle_virtual":false,"bundle_layout":"","bundle_add_to_cart_form_location":"","bundle_editable_in_cart":false,"bundle_sold_individually_context":"","bundle_item_grouping":"","bundle_min_size":"","bundle_max_size":"","bundle_price":[],"bundled_items":[],"bundle_sell_ids":[],"atum_controlled":true,"out_stock_date":null,"out_stock_threshold":null,"inheritable":true,"stock_on_hold":0,"sold_today":0,"sales_last_days":0,"out_stock_days":0,"lost_sales":0,"update_date":"2026-04-11T00:02:14","atum_locations":[],"atum_stock_status":"instock","restock_status":false,"low_stock_amount":"","sales_update_date":"2026-04-11T00:02:14","calc_backorders":null,"group_of_quantity":0,"min_quantity":0,"max_quantity":"","exclude_order_quantity_value_rules":"no","exclude_category_quantity_rules":"no","combine_variations":"no","yoast_head":"<!-- This site is optimized with the Yoast SEO Premium plugin v26.5 (Yoast SEO v26.5) - https:\/\/yoast.com\/wordpress\/plugins\/seo\/ -->\n<title>Vanilla Fusion Carrier Oil | Living Libations<\/title>\n<meta name=\"description\" content=\"Nous infusons des gousses de vanille dans du jojoba dor\u00e9 dans le cadre de notre processus de formulation complet et nous vous offrons maintenant cette huile de support somptueuse !\" \/>\n<meta name=\"robots\" content=\"index, follow, max-snippet:-1, max-image-preview:large, max-video-preview:-1\" \/>\n<link rel=\"canonical\" href=\"https:\/\/dutchhealthstore.com\/fr\/product\/vanilla-fusion-carrier-oil\/\" \/>\n<meta property=\"og:locale\" content=\"fr_FR\" \/>\n<meta property=\"og:type\" content=\"article\" \/>\n<meta property=\"og:title\" content=\"Vanilla Fusion Carrier Oil - Dutch Health Store\" \/>\n<meta property=\"og:description\" content=\"Nous infusons des gousses de vanille dans du jojoba dor\u00e9 dans le cadre de notre processus de formulation complet et nous vous offrons maintenant cette huile de support somptueuse !\" \/>\n<meta property=\"og:url\" content=\"https:\/\/dutchhealthstore.com\/fr\/product\/vanilla-fusion-carrier-oil\/\" \/>\n<meta property=\"og:site_name\" content=\"Dutch Health Store\" \/>\n<meta property=\"article:publisher\" content=\"https:\/\/www.instagram.com\/dutchhealthstore\/\" \/>\n<meta property=\"article:modified_time\" content=\"2024-07-31T09:16:43+00:00\" \/>\n<meta property=\"og:image\" content=\"https:\/\/dutchhealthstore.com\/wp-content\/uploads\/2018\/07\/Living-Libations-Vanilla-Fusion-Carrier-Oil-e1596442332668.png\" \/>\n\t<meta property=\"og:image:width\" content=\"500\" \/>\n\t<meta property=\"og:image:height\" content=\"498\" \/>\n\t<meta property=\"og:image:type\" content=\"image\/jpeg\" \/>\n<meta name=\"twitter:card\" content=\"summary_large_image\" \/>\n<meta name=\"twitter:label1\" content=\"Disponibilit\u00e9\" \/>\n\t<meta name=\"twitter:data1\" content=\"En stock\" \/>\n<script type=\"application\/ld+json\" class=\"yoast-schema-graph\">{\"@context\":\"https:\/\/schema.org\",\"@graph\":[{\"@type\":\"WebPage\",\"@id\":\"https:\/\/dutchhealthstore.com\/fr\/product\/vanilla-fusion-carrier-oil\/\",\"url\":\"https:\/\/dutchhealthstore.com\/fr\/product\/vanilla-fusion-carrier-oil\/\",\"name\":\"Vanilla Fusion Carrier Oil | Living Libations\",\"isPartOf\":{\"@id\":\"https:\/\/dutchhealthstore.com\/fr\/#website\"},\"primaryImageOfPage\":{\"@id\":\"https:\/\/dutchhealthstore.com\/fr\/product\/vanilla-fusion-carrier-oil\/#primaryimage\"},\"image\":{\"@id\":\"https:\/\/dutchhealthstore.com\/fr\/product\/vanilla-fusion-carrier-oil\/#primaryimage\"},\"thumbnailUrl\":\"https:\/\/dutchhealthstore.com\/wp-content\/uploads\/2018\/07\/Living-Libations-Vanilla-Fusion-Carrier-Oil-e1596442332668.png\",\"datePublished\":\"2018-07-31T12:34:26+00:00\",\"dateModified\":\"2024-07-31T09:16:43+00:00\",\"description\":\"Nous infusons des gousses de vanille dans du jojoba dor\u00e9 dans le cadre de notre processus de formulation complet et nous vous offrons maintenant cette huile de support somptueuse !\",\"breadcrumb\":{\"@id\":\"https:\/\/dutchhealthstore.com\/fr\/product\/vanilla-fusion-carrier-oil\/#breadcrumb\"},\"inLanguage\":\"fr-FR\",\"potentialAction\":[{\"@type\":\"ReadAction\",\"target\":[\"https:\/\/dutchhealthstore.com\/fr\/product\/vanilla-fusion-carrier-oil\/\"]}]},{\"@type\":\"ImageObject\",\"inLanguage\":\"fr-FR\",\"@id\":\"https:\/\/dutchhealthstore.com\/fr\/product\/vanilla-fusion-carrier-oil\/#primaryimage\",\"url\":\"https:\/\/dutchhealthstore.com\/wp-content\/uploads\/2018\/07\/Living-Libations-Vanilla-Fusion-Carrier-Oil-e1596442332668.png\",\"contentUrl\":\"https:\/\/dutchhealthstore.com\/wp-content\/uploads\/2018\/07\/Living-Libations-Vanilla-Fusion-Carrier-Oil-e1596442332668.png\",\"width\":500,\"height\":498,\"caption\":\"Living Libations Vanilla Fusion Carrier Oil\"},{\"@type\":\"BreadcrumbList\",\"@id\":\"https:\/\/dutchhealthstore.com\/fr\/product\/vanilla-fusion-carrier-oil\/#breadcrumb\",\"itemListElement\":[{\"@type\":\"ListItem\",\"position\":1,\"name\":\"Home\",\"item\":\"https:\/\/dutchhealthstore.com\/fr\/\"},{\"@type\":\"ListItem\",\"position\":2,\"name\":\"Shop\",\"item\":\"https:\/\/dutchhealthstore.com\/fr\/shop\/\"},{\"@type\":\"ListItem\",\"position\":3,\"name\":\"Vanilla Fusion Carrier Oil\"}]},{\"@type\":\"WebSite\",\"@id\":\"https:\/\/dutchhealthstore.com\/fr\/#website\",\"url\":\"https:\/\/dutchhealthstore.com\/fr\/\",\"name\":\"Dutch Health Store\",\"description\":\"Enhance Your Beauty with Organic &amp; Natural Skincare\",\"publisher\":{\"@id\":\"https:\/\/dutchhealthstore.com\/fr\/#organization\"},\"potentialAction\":[{\"@type\":\"SearchAction\",\"target\":{\"@type\":\"EntryPoint\",\"urlTemplate\":\"https:\/\/dutchhealthstore.com\/fr\/?s={search_term_string}\"},\"query-input\":{\"@type\":\"PropertyValueSpecification\",\"valueRequired\":true,\"valueName\":\"search_term_string\"}}],\"inLanguage\":\"fr-FR\"},{\"@type\":\"Organization\",\"@id\":\"https:\/\/dutchhealthstore.com\/fr\/#organization\",\"name\":\"Dutch Health Store\",\"url\":\"https:\/\/dutchhealthstore.com\/fr\/\",\"logo\":{\"@type\":\"ImageObject\",\"inLanguage\":\"fr-FR\",\"@id\":\"https:\/\/dutchhealthstore.com\/fr\/#\/schema\/logo\/image\/\",\"url\":\"https:\/\/dutchhealthstore.com\/wp-content\/uploads\/2020\/08\/logo-dutchhealthstore-jpg-e1599484957574.jpg\",\"contentUrl\":\"https:\/\/dutchhealthstore.com\/wp-content\/uploads\/2020\/08\/logo-dutchhealthstore-jpg-e1599484957574.jpg\",\"width\":400,\"height\":62,\"caption\":\"Dutch Health Store\"},\"image\":{\"@id\":\"https:\/\/dutchhealthstore.com\/fr\/#\/schema\/logo\/image\/\"},\"sameAs\":[\"https:\/\/www.instagram.com\/dutchhealthstore\/\",\"https:\/\/www.facebook.com\/dutchhealthstore\"]}]}<\/script>\n<meta property=\"product:brand\" content=\"Living Libations\" \/>\n<meta property=\"og:availability\" content=\"instock\" \/>\n<meta property=\"product:availability\" content=\"instock\" \/>\n<meta property=\"product:condition\" content=\"new\" \/>\n<!-- \/ Yoast SEO Premium plugin. -->","yoast_head_json":{"title":"Vanilla Fusion Carrier Oil | Living Libations","description":"Nous infusons des gousses de vanille dans du jojoba dor\u00e9 dans le cadre de notre processus de formulation complet et nous vous offrons maintenant cette huile de support somptueuse !","robots":{"index":"index","follow":"follow","max-snippet":"max-snippet:-1","max-image-preview":"max-image-preview:large","max-video-preview":"max-video-preview:-1"},"canonical":"https:\/\/dutchhealthstore.com\/fr\/product\/vanilla-fusion-carrier-oil\/","og_locale":"fr_FR","og_type":"article","og_title":"Vanilla Fusion Carrier Oil - Dutch Health Store","og_description":"Nous infusons des gousses de vanille dans du jojoba dor\u00e9 dans le cadre de notre processus de formulation complet et nous vous offrons maintenant cette huile de support somptueuse !","og_url":"https:\/\/dutchhealthstore.com\/fr\/product\/vanilla-fusion-carrier-oil\/","og_site_name":"Dutch Health Store","article_publisher":"https:\/\/www.instagram.com\/dutchhealthstore\/","article_modified_time":"2024-07-31T09:16:43+00:00","og_image":[{"width":500,"height":498,"url":"https:\/\/dutchhealthstore.com\/wp-content\/uploads\/2018\/07\/Living-Libations-Vanilla-Fusion-Carrier-Oil-e1596442332668.png","type":"image\/jpeg"}],"twitter_card":"summary_large_image","twitter_misc":{"Disponibilit\u00e9":"En stock"},"schema":{"@context":"https:\/\/schema.org","@graph":[{"@type":"WebPage","@id":"https:\/\/dutchhealthstore.com\/fr\/product\/vanilla-fusion-carrier-oil\/","url":"https:\/\/dutchhealthstore.com\/fr\/product\/vanilla-fusion-carrier-oil\/","name":"Vanilla Fusion Carrier Oil | Living Libations","isPartOf":{"@id":"https:\/\/dutchhealthstore.com\/fr\/#website"},"primaryImageOfPage":{"@id":"https:\/\/dutchhealthstore.com\/fr\/product\/vanilla-fusion-carrier-oil\/#primaryimage"},"image":{"@id":"https:\/\/dutchhealthstore.com\/fr\/product\/vanilla-fusion-carrier-oil\/#primaryimage"},"thumbnailUrl":"https:\/\/dutchhealthstore.com\/wp-content\/uploads\/2018\/07\/Living-Libations-Vanilla-Fusion-Carrier-Oil-e1596442332668.png","datePublished":"2018-07-31T12:34:26+00:00","dateModified":"2024-07-31T09:16:43+00:00","description":"Nous infusons des gousses de vanille dans du jojoba dor\u00e9 dans le cadre de notre processus de formulation complet et nous vous offrons maintenant cette huile de support somptueuse !","breadcrumb":{"@id":"https:\/\/dutchhealthstore.com\/fr\/product\/vanilla-fusion-carrier-oil\/#breadcrumb"},"inLanguage":"fr-FR","potentialAction":[{"@type":"ReadAction","target":["https:\/\/dutchhealthstore.com\/fr\/product\/vanilla-fusion-carrier-oil\/"]}]},{"@type":"ImageObject","inLanguage":"fr-FR","@id":"https:\/\/dutchhealthstore.com\/fr\/product\/vanilla-fusion-carrier-oil\/#primaryimage","url":"https:\/\/dutchhealthstore.com\/wp-content\/uploads\/2018\/07\/Living-Libations-Vanilla-Fusion-Carrier-Oil-e1596442332668.png","contentUrl":"https:\/\/dutchhealthstore.com\/wp-content\/uploads\/2018\/07\/Living-Libations-Vanilla-Fusion-Carrier-Oil-e1596442332668.png","width":500,"height":498,"caption":"Living Libations Vanilla Fusion Carrier Oil"},{"@type":"BreadcrumbList","@id":"https:\/\/dutchhealthstore.com\/fr\/product\/vanilla-fusion-carrier-oil\/#breadcrumb","itemListElement":[{"@type":"ListItem","position":1,"name":"Home","item":"https:\/\/dutchhealthstore.com\/fr\/"},{"@type":"ListItem","position":2,"name":"Shop","item":"https:\/\/dutchhealthstore.com\/fr\/shop\/"},{"@type":"ListItem","position":3,"name":"Vanilla Fusion Carrier Oil"}]},{"@type":"WebSite","@id":"https:\/\/dutchhealthstore.com\/fr\/#website","url":"https:\/\/dutchhealthstore.com\/fr\/","name":"Dutch Health Store","description":"Enhance Your Beauty with Organic &amp; Natural Skincare","publisher":{"@id":"https:\/\/dutchhealthstore.com\/fr\/#organization"},"potentialAction":[{"@type":"SearchAction","target":{"@type":"EntryPoint","urlTemplate":"https:\/\/dutchhealthstore.com\/fr\/?s={search_term_string}"},"query-input":{"@type":"PropertyValueSpecification","valueRequired":true,"valueName":"search_term_string"}}],"inLanguage":"fr-FR"},{"@type":"Organization","@id":"https:\/\/dutchhealthstore.com\/fr\/#organization","name":"Dutch Health Store","url":"https:\/\/dutchhealthstore.com\/fr\/","logo":{"@type":"ImageObject","inLanguage":"fr-FR","@id":"https:\/\/dutchhealthstore.com\/fr\/#\/schema\/logo\/image\/","url":"https:\/\/dutchhealthstore.com\/wp-content\/uploads\/2020\/08\/logo-dutchhealthstore-jpg-e1599484957574.jpg","contentUrl":"https:\/\/dutchhealthstore.com\/wp-content\/uploads\/2020\/08\/logo-dutchhealthstore-jpg-e1599484957574.jpg","width":400,"height":62,"caption":"Dutch Health Store"},"image":{"@id":"https:\/\/dutchhealthstore.com\/fr\/#\/schema\/logo\/image\/"},"sameAs":["https:\/\/www.instagram.com\/dutchhealthstore\/","https:\/\/www.facebook.com\/dutchhealthstore"]}]},"product_brand":"Living Libations","og_availability":"instock","product_availability":"instock","product_condition":"new"},"_links":{"self":[{"href":"https:\/\/dutchhealthstore.com\/fr\/wp-json\/wp\/v2\/product\/125134","targetHints":{"allow":["GET"]}}],"collection":[{"href":"https:\/\/dutchhealthstore.com\/fr\/wp-json\/wp\/v2\/product"}],"about":[{"href":"https:\/\/dutchhealthstore.com\/fr\/wp-json\/wp\/v2\/types\/product"}],"replies":[{"embeddable":true,"href":"https:\/\/dutchhealthstore.com\/fr\/wp-json\/wp\/v2\/comments?post=125134"}],"wp:featuredmedia":[{"embeddable":true,"href":"https:\/\/dutchhealthstore.com\/fr\/wp-json\/wp\/v2\/media\/117455"}],"wp:attachment":[{"href":"https:\/\/dutchhealthstore.com\/fr\/wp-json\/wp\/v2\/media?parent=125134"}],"wp:term":[{"taxonomy":"product_brand","embeddable":true,"href":"https:\/\/dutchhealthstore.com\/fr\/wp-json\/wp\/v2\/product_brand?post=125134"},{"taxonomy":"product_cat","embeddable":true,"href":"https:\/\/dutchhealthstore.com\/fr\/wp-json\/wp\/v2\/product_cat?post=125134"},{"taxonomy":"product_tag","embeddable":true,"href":"https:\/\/dutchhealthstore.com\/fr\/wp-json\/wp\/v2\/product_tag?post=125134"}],"curies":[{"name":"wp","href":"https:\/\/api.w.org\/{rel}","templated":true}]}}