{"id":125100,"date":"2018-05-04T08:19:56","date_gmt":"2018-05-04T06:19:56","guid":{"rendered":"https:\/\/dutchhealthstore.com\/product\/vanilla-essential-oil-living-libations\/"},"modified":"2025-07-24T20:10:35","modified_gmt":"2025-07-24T18:10:35","slug":"vanilla-essential-oil-living-libations","status":"publish","type":"product","link":"https:\/\/dutchhealthstore.com\/fr\/product\/vanilla-essential-oil-living-libations\/","title":{"rendered":"Vanilla Essential Oil"},"content":{"rendered":"<p><strong><img decoding=\"async\" class=\"alignright size-full wp-image-37041\" src=\"https:\/\/dutchhealthstore.com\/wp-content\/uploads\/2018\/04\/Living_Libations-1.png\" alt=\"Organic &amp; Natural Beautyproducts - Living Libations\" width=\"175\" height=\"82\">Nom botanique :<\/strong> Vanilla planifolia<br \/>\n<strong>Nom botanique :<\/strong> Orchidaceae<br \/>\n<strong>M\u00e9thode d&rsquo;extraction : <\/strong>Extraction supercritique au CO2<br \/>\n<strong>Partie de la plante distill\u00e9e :<\/strong> Haricot<br \/>\n<strong>Pays d&rsquo;origine : <\/strong>Ouganda<br \/>\n<strong>M\u00e9thode de culture:<\/strong> Organique<br \/>\n<strong>Description du parfum : <\/strong>Riche, sucr\u00e9, balsamique et cr\u00e9meux.<br \/>\n<strong>Composition :<\/strong> 100% Vanilla planifolia<br \/>\n<strong>Consistance :<\/strong> Epaisse et parfois cristalline.<\/p>\n<a href=\"https:\/\/dutchhealthstore.com\/wp-content\/uploads\/2018\/05\/ESSENTIAL-OIL-ANALYSIS-Vanilla-Essential-Oil-Living-Libations.pdf\" class=\"button success is-success is-medium\"  >\n\t\t<span>ANALYSE DES HUILES ESSENTIELLES &gt;<\/span>\n\t<\/a>\n\n<h3>Dans Living Libations<\/h3>\n<p>Chamomile Vanilla Lover Lips, Love Wine, Night Flight to Venus, Fire Lily, Being Free is Lots of Fun, Roses Shining Everywhere, Radiant Earth of Deep Delight, Radiant Earth Poetic Pits, Radiant Love Butter, Languid Love Butter, Lucky Love Butter, Love Lotion, et Garden Perfume.<\/p>\n<h3>Se marie bien avec<\/h3>\n<p>Jasmin, v\u00e9tiver, nard, patchouli, santal, n\u00e9roli, orange sanguine, cannelle, gingembre, cardamome, lavande, marjolaine, bergamote, citron, f\u00e8ve tonka, roses et tub\u00e9reuse.<\/p>\n<h3>Utilisations<\/h3>\n<p>Cr\u00e9ations culinaires. S\u00e9rums de soins de la peau. \u00c9lixirs de sommeil et m\u00e9langes pour diffuseurs. Des potions d&rsquo;amour sensuelles. Paramount dans les parfums de p\u00e9tales. Diaphane dans les diffuseurs.<\/p>\n<h3>Contre-indications<\/h3>\n<p>Lorsqu&rsquo;il est non dilu\u00e9 ou concentr\u00e9, certaines peaux le trouvent sensibilisant.<\/p>\n<h3>Conseil de pro<\/h3>\n<p>La vanille est \u00e9paisse et cr\u00e9meuse et se cristallise souvent au froid ; il suffit de la r\u00e9chauffer et de la secouer pour faire fusionner l&rsquo;huile cristalline puis, si vous le souhaitez, de la m\u00e9langer avec du jojoba ou une autre huile essentielle pour faciliter l&rsquo;\u00e9coulement.<\/p>\n<p>Vanilla Essential Oil se trouve g\u00e9n\u00e9ralement sous forme d&rsquo;ol\u00e9or\u00e9sine \u00ab\u00a0absolue\u00a0\u00bb ou extraite par solvant, mais notre distillation incomparable au CO2 cr\u00e9e un produit compl\u00e8tement pur et naturellement puissant. Notre Vanilla Essential Oil sans solvant est parfaite pour les parfums, les lotions d&rsquo;amour, et assez pure pour \u00eatre utilis\u00e9e dans la cuisine. Diluer dans de l&rsquo;huile de noix de coco vierge et ajouter une goutte aux smoothies, au miel, \u00e0 la pr\u00e9paration du chocolat et aux desserts. Son doux parfum inspire un chaleureux sentiment de nostalgie.<\/p>\n<p>Consid\u00e9r\u00e9e par certains comme le parfum naturel le plus proche du lait maternel, Vanilla Essential Oil r\u00e9conforte par sa caresse parfum\u00e9e en forme de nuage.<\/p>\n<p><strong>Taille : 5 ml<\/strong><\/p>\n<h3>Ingr\u00e9dients biologiques<\/h3>\n<p>100% d&rsquo;huile essentielle de vanille (Vanilla planifolia).<\/p>\n<p style=\"text-align: center;\"><em>\u00ab\u00a0Le parfumeur est tr\u00e8s redevable \u00e0 la vanille&#8230; non seulement elle donne un parfum doux et agr\u00e9able, mais elle est exceptionnellement durable et est, par cons\u00e9quent, excellente pour \u00ab\u00a0fixer\u00a0\u00bb un parfum.\u00a0\u00bb<\/em><br \/>\n~ Jill Jesse, <strong>Perfume Album<\/strong><\/p>\n<p style=\"text-align: center;\"><em>\u00ab\u00a0Pendant un moment, il s&rsquo;est laiss\u00e9 envo\u00fbter par le vent qui d\u00e9gage un faible parfum des champs de vanille, et a regard\u00e9 le colibri pendulaire s&rsquo;accrocher \u00e0 la fleur qui se balance, comme une chose d&rsquo;or.\u00a0\u00bb<\/em><br \/>\n~ Frederick William Faber<\/p>\n<p><img fetchpriority=\"high\" decoding=\"async\" class=\"size-medium wp-image-68103 aligncenter\" src=\"https:\/\/dutchhealthstore.com\/wp-content\/uploads\/2018\/02\/Living-Libations-Organic-Logo-800x89.png\" alt=\"Living Libations - Organic Logo\" width=\"800\" height=\"89\" srcset=\"https:\/\/dutchhealthstore.com\/wp-content\/uploads\/2018\/02\/Living-Libations-Organic-Logo-800x89.png 800w, https:\/\/dutchhealthstore.com\/wp-content\/uploads\/2018\/02\/Living-Libations-Organic-Logo-510x57.png 510w, https:\/\/dutchhealthstore.com\/wp-content\/uploads\/2018\/02\/Living-Libations-Organic-Logo-768x85.png 768w, https:\/\/dutchhealthstore.com\/wp-content\/uploads\/2018\/02\/Living-Libations-Organic-Logo.png 1400w\" sizes=\"(max-width: 800px) 100vw, 800px\" \/><\/p>\n","protected":false},"excerpt":{"rendered":"<p>Diaphane, onirique et d\u00e9licieuse, <strong>Vanilla Essential Oil<\/strong> est un extrait supercritique pur et puissant distill\u00e9 \u00e0 partir du nectar int\u00e9rieur velout\u00e9 de la gousse de vanille de l&rsquo;Ouganda.<br \/>\nCette huile est plus de 200 fois plus concentr\u00e9e que l&rsquo;extrait de vanille typique utilis\u00e9 en cuisine.<br \/>\nSa haute puissance nous gratifie d&rsquo;une huile essentielle riche, \u00e9paisse et cr\u00e9meuse qui sent divinement bon et charme en permanence.<\/p>\n","protected":false},"featured_media":117463,"comment_status":"open","ping_status":"closed","template":"","meta":[],"product_brand":[],"product_cat":[6734,1507,1211,1209,3757,1010,6733],"product_tag":[4495],"class_list":{"0":"post-125100","1":"product","2":"type-product","3":"status-publish","4":"has-post-thumbnail","6":"product_cat-essential-oils","7":"product_cat-plantes-huiles-essentielles-living-libations","8":"product_cat-living-libations-france","9":"product_cat-par-marques","10":"product_cat-plantes-huiles-essentielles","11":"product_cat-notre-boutique","12":"product_cat-wellness-fr-2","13":"product_tag-essential-oil-fr","14":"pa_brand-livinglibations-fr","15":"pa_essential-oils-product-type-essential-oils-fr","16":"pa_size-2-5-ml-fr","18":"first","19":"instock","20":"taxable","21":"shipping-taxable","22":"purchasable","23":"product-type-simple"},"bundled_by":[],"bundle_stock_status":"instock","bundle_stock_quantity":3,"bundle_virtual":false,"bundle_layout":"","bundle_add_to_cart_form_location":"","bundle_editable_in_cart":false,"bundle_sold_individually_context":"","bundle_item_grouping":"","bundle_min_size":"","bundle_max_size":"","bundle_price":[],"bundled_items":[],"bundle_sell_ids":[],"atum_controlled":true,"out_stock_date":null,"out_stock_threshold":null,"inheritable":false,"stock_on_hold":0,"sold_today":0,"sales_last_days":0,"out_stock_days":0,"lost_sales":0,"update_date":"2026-04-09T11:39:44","atum_locations":[],"atum_stock_status":"instock","restock_status":false,"low_stock_amount":"","sales_update_date":"2026-04-09T11:39:44","calc_backorders":null,"group_of_quantity":0,"min_quantity":0,"max_quantity":"","exclude_order_quantity_value_rules":"no","exclude_category_quantity_rules":"no","combine_variations":"no","yoast_head":"<!-- This site is optimized with the Yoast SEO Premium plugin v26.5 (Yoast SEO v26.5) - https:\/\/yoast.com\/wordpress\/plugins\/seo\/ -->\n<title>Vanilla Essential Oil | Living Libations<\/title>\n<meta name=\"description\" content=\"Vanilla Essential Oil est un extrait supercritique pur et puissant, distill\u00e9 \u00e0 partir du nectar int\u00e9rieur velout\u00e9 de l&#039;orchid\u00e9e de la gousse de vanille de l&#039;Ouganda.\" \/>\n<meta name=\"robots\" content=\"index, follow, max-snippet:-1, max-image-preview:large, max-video-preview:-1\" \/>\n<link rel=\"canonical\" href=\"https:\/\/dutchhealthstore.com\/fr\/product\/vanilla-essential-oil-living-libations\/\" \/>\n<meta property=\"og:locale\" content=\"fr_FR\" \/>\n<meta property=\"og:type\" content=\"article\" \/>\n<meta property=\"og:title\" content=\"Vanilla Essential Oil - Dutch Health Store\" \/>\n<meta property=\"og:description\" content=\"Vanilla Essential Oil est un extrait supercritique pur et puissant, distill\u00e9 \u00e0 partir du nectar int\u00e9rieur velout\u00e9 de l&#039;orchid\u00e9e de la gousse de vanille de l&#039;Ouganda.\" \/>\n<meta property=\"og:url\" content=\"https:\/\/dutchhealthstore.com\/fr\/product\/vanilla-essential-oil-living-libations\/\" \/>\n<meta property=\"og:site_name\" content=\"Dutch Health Store\" \/>\n<meta property=\"article:publisher\" content=\"https:\/\/www.instagram.com\/dutchhealthstore\/\" \/>\n<meta property=\"article:modified_time\" content=\"2025-07-24T18:10:35+00:00\" \/>\n<meta property=\"og:image\" content=\"https:\/\/dutchhealthstore.com\/wp-content\/uploads\/2018\/05\/Living-Libations-Vanilla-Essential-Oil-e1596442820250.png\" \/>\n\t<meta property=\"og:image:width\" content=\"500\" \/>\n\t<meta property=\"og:image:height\" content=\"499\" \/>\n\t<meta property=\"og:image:type\" content=\"image\/jpeg\" \/>\n<meta name=\"twitter:card\" content=\"summary_large_image\" \/>\n<meta name=\"twitter:label1\" content=\"Prix\" \/>\n\t<meta name=\"twitter:data1\" content=\"&euro;90,00\" \/>\n\t<meta name=\"twitter:label2\" content=\"Disponibilit\u00e9\" \/>\n\t<meta name=\"twitter:data2\" content=\"En stock\" \/>\n<script type=\"application\/ld+json\" class=\"yoast-schema-graph\">{\"@context\":\"https:\/\/schema.org\",\"@graph\":[{\"@type\":\"WebPage\",\"@id\":\"https:\/\/dutchhealthstore.com\/fr\/product\/vanilla-essential-oil-living-libations\/\",\"url\":\"https:\/\/dutchhealthstore.com\/fr\/product\/vanilla-essential-oil-living-libations\/\",\"name\":\"Vanilla Essential Oil | Living Libations\",\"isPartOf\":{\"@id\":\"https:\/\/dutchhealthstore.com\/fr\/#website\"},\"primaryImageOfPage\":{\"@id\":\"https:\/\/dutchhealthstore.com\/fr\/product\/vanilla-essential-oil-living-libations\/#primaryimage\"},\"image\":{\"@id\":\"https:\/\/dutchhealthstore.com\/fr\/product\/vanilla-essential-oil-living-libations\/#primaryimage\"},\"thumbnailUrl\":\"https:\/\/dutchhealthstore.com\/wp-content\/uploads\/2018\/05\/Living-Libations-Vanilla-Essential-Oil-e1596442820250.png\",\"datePublished\":\"2018-05-04T06:19:56+00:00\",\"dateModified\":\"2025-07-24T18:10:35+00:00\",\"description\":\"Vanilla Essential Oil est un extrait supercritique pur et puissant, distill\u00e9 \u00e0 partir du nectar int\u00e9rieur velout\u00e9 de l'orchid\u00e9e de la gousse de vanille de l'Ouganda.\",\"breadcrumb\":{\"@id\":\"https:\/\/dutchhealthstore.com\/fr\/product\/vanilla-essential-oil-living-libations\/#breadcrumb\"},\"inLanguage\":\"fr-FR\",\"potentialAction\":[{\"@type\":\"ReadAction\",\"target\":[\"https:\/\/dutchhealthstore.com\/fr\/product\/vanilla-essential-oil-living-libations\/\"]}]},{\"@type\":\"ImageObject\",\"inLanguage\":\"fr-FR\",\"@id\":\"https:\/\/dutchhealthstore.com\/fr\/product\/vanilla-essential-oil-living-libations\/#primaryimage\",\"url\":\"https:\/\/dutchhealthstore.com\/wp-content\/uploads\/2018\/05\/Living-Libations-Vanilla-Essential-Oil-e1596442820250.png\",\"contentUrl\":\"https:\/\/dutchhealthstore.com\/wp-content\/uploads\/2018\/05\/Living-Libations-Vanilla-Essential-Oil-e1596442820250.png\",\"width\":500,\"height\":499,\"caption\":\"Vanilla Essential Oil Living Libations\"},{\"@type\":\"BreadcrumbList\",\"@id\":\"https:\/\/dutchhealthstore.com\/fr\/product\/vanilla-essential-oil-living-libations\/#breadcrumb\",\"itemListElement\":[{\"@type\":\"ListItem\",\"position\":1,\"name\":\"Home\",\"item\":\"https:\/\/dutchhealthstore.com\/fr\/\"},{\"@type\":\"ListItem\",\"position\":2,\"name\":\"Shop\",\"item\":\"https:\/\/dutchhealthstore.com\/fr\/shop\/\"},{\"@type\":\"ListItem\",\"position\":3,\"name\":\"Vanilla Essential Oil\"}]},{\"@type\":\"WebSite\",\"@id\":\"https:\/\/dutchhealthstore.com\/fr\/#website\",\"url\":\"https:\/\/dutchhealthstore.com\/fr\/\",\"name\":\"Dutch Health Store\",\"description\":\"Enhance Your Beauty with Organic &amp; Natural Skincare\",\"publisher\":{\"@id\":\"https:\/\/dutchhealthstore.com\/fr\/#organization\"},\"potentialAction\":[{\"@type\":\"SearchAction\",\"target\":{\"@type\":\"EntryPoint\",\"urlTemplate\":\"https:\/\/dutchhealthstore.com\/fr\/?s={search_term_string}\"},\"query-input\":{\"@type\":\"PropertyValueSpecification\",\"valueRequired\":true,\"valueName\":\"search_term_string\"}}],\"inLanguage\":\"fr-FR\"},{\"@type\":\"Organization\",\"@id\":\"https:\/\/dutchhealthstore.com\/fr\/#organization\",\"name\":\"Dutch Health Store\",\"url\":\"https:\/\/dutchhealthstore.com\/fr\/\",\"logo\":{\"@type\":\"ImageObject\",\"inLanguage\":\"fr-FR\",\"@id\":\"https:\/\/dutchhealthstore.com\/fr\/#\/schema\/logo\/image\/\",\"url\":\"https:\/\/dutchhealthstore.com\/wp-content\/uploads\/2020\/08\/logo-dutchhealthstore-jpg-e1599484957574.jpg\",\"contentUrl\":\"https:\/\/dutchhealthstore.com\/wp-content\/uploads\/2020\/08\/logo-dutchhealthstore-jpg-e1599484957574.jpg\",\"width\":400,\"height\":62,\"caption\":\"Dutch Health Store\"},\"image\":{\"@id\":\"https:\/\/dutchhealthstore.com\/fr\/#\/schema\/logo\/image\/\"},\"sameAs\":[\"https:\/\/www.instagram.com\/dutchhealthstore\/\",\"https:\/\/www.facebook.com\/dutchhealthstore\"]}]}<\/script>\n<meta property=\"product:brand\" content=\"Living Libations\" \/>\n<meta property=\"product:price:amount\" content=\"90.00\" \/>\n<meta property=\"product:price:currency\" content=\"EUR\" \/>\n<meta property=\"og:availability\" content=\"instock\" \/>\n<meta property=\"product:availability\" content=\"instock\" \/>\n<meta property=\"product:condition\" content=\"new\" \/>\n<!-- \/ Yoast SEO Premium plugin. -->","yoast_head_json":{"title":"Vanilla Essential Oil | Living Libations","description":"Vanilla Essential Oil est un extrait supercritique pur et puissant, distill\u00e9 \u00e0 partir du nectar int\u00e9rieur velout\u00e9 de l'orchid\u00e9e de la gousse de vanille de l'Ouganda.","robots":{"index":"index","follow":"follow","max-snippet":"max-snippet:-1","max-image-preview":"max-image-preview:large","max-video-preview":"max-video-preview:-1"},"canonical":"https:\/\/dutchhealthstore.com\/fr\/product\/vanilla-essential-oil-living-libations\/","og_locale":"fr_FR","og_type":"article","og_title":"Vanilla Essential Oil - Dutch Health Store","og_description":"Vanilla Essential Oil est un extrait supercritique pur et puissant, distill\u00e9 \u00e0 partir du nectar int\u00e9rieur velout\u00e9 de l'orchid\u00e9e de la gousse de vanille de l'Ouganda.","og_url":"https:\/\/dutchhealthstore.com\/fr\/product\/vanilla-essential-oil-living-libations\/","og_site_name":"Dutch Health Store","article_publisher":"https:\/\/www.instagram.com\/dutchhealthstore\/","article_modified_time":"2025-07-24T18:10:35+00:00","og_image":[{"width":500,"height":499,"url":"https:\/\/dutchhealthstore.com\/wp-content\/uploads\/2018\/05\/Living-Libations-Vanilla-Essential-Oil-e1596442820250.png","type":"image\/jpeg"}],"twitter_card":"summary_large_image","twitter_misc":{"Prix":"&euro;90,00","Disponibilit\u00e9":"En stock"},"schema":{"@context":"https:\/\/schema.org","@graph":[{"@type":"WebPage","@id":"https:\/\/dutchhealthstore.com\/fr\/product\/vanilla-essential-oil-living-libations\/","url":"https:\/\/dutchhealthstore.com\/fr\/product\/vanilla-essential-oil-living-libations\/","name":"Vanilla Essential Oil | Living Libations","isPartOf":{"@id":"https:\/\/dutchhealthstore.com\/fr\/#website"},"primaryImageOfPage":{"@id":"https:\/\/dutchhealthstore.com\/fr\/product\/vanilla-essential-oil-living-libations\/#primaryimage"},"image":{"@id":"https:\/\/dutchhealthstore.com\/fr\/product\/vanilla-essential-oil-living-libations\/#primaryimage"},"thumbnailUrl":"https:\/\/dutchhealthstore.com\/wp-content\/uploads\/2018\/05\/Living-Libations-Vanilla-Essential-Oil-e1596442820250.png","datePublished":"2018-05-04T06:19:56+00:00","dateModified":"2025-07-24T18:10:35+00:00","description":"Vanilla Essential Oil est un extrait supercritique pur et puissant, distill\u00e9 \u00e0 partir du nectar int\u00e9rieur velout\u00e9 de l'orchid\u00e9e de la gousse de vanille de l'Ouganda.","breadcrumb":{"@id":"https:\/\/dutchhealthstore.com\/fr\/product\/vanilla-essential-oil-living-libations\/#breadcrumb"},"inLanguage":"fr-FR","potentialAction":[{"@type":"ReadAction","target":["https:\/\/dutchhealthstore.com\/fr\/product\/vanilla-essential-oil-living-libations\/"]}]},{"@type":"ImageObject","inLanguage":"fr-FR","@id":"https:\/\/dutchhealthstore.com\/fr\/product\/vanilla-essential-oil-living-libations\/#primaryimage","url":"https:\/\/dutchhealthstore.com\/wp-content\/uploads\/2018\/05\/Living-Libations-Vanilla-Essential-Oil-e1596442820250.png","contentUrl":"https:\/\/dutchhealthstore.com\/wp-content\/uploads\/2018\/05\/Living-Libations-Vanilla-Essential-Oil-e1596442820250.png","width":500,"height":499,"caption":"Vanilla Essential Oil Living Libations"},{"@type":"BreadcrumbList","@id":"https:\/\/dutchhealthstore.com\/fr\/product\/vanilla-essential-oil-living-libations\/#breadcrumb","itemListElement":[{"@type":"ListItem","position":1,"name":"Home","item":"https:\/\/dutchhealthstore.com\/fr\/"},{"@type":"ListItem","position":2,"name":"Shop","item":"https:\/\/dutchhealthstore.com\/fr\/shop\/"},{"@type":"ListItem","position":3,"name":"Vanilla Essential Oil"}]},{"@type":"WebSite","@id":"https:\/\/dutchhealthstore.com\/fr\/#website","url":"https:\/\/dutchhealthstore.com\/fr\/","name":"Dutch Health Store","description":"Enhance Your Beauty with Organic &amp; Natural Skincare","publisher":{"@id":"https:\/\/dutchhealthstore.com\/fr\/#organization"},"potentialAction":[{"@type":"SearchAction","target":{"@type":"EntryPoint","urlTemplate":"https:\/\/dutchhealthstore.com\/fr\/?s={search_term_string}"},"query-input":{"@type":"PropertyValueSpecification","valueRequired":true,"valueName":"search_term_string"}}],"inLanguage":"fr-FR"},{"@type":"Organization","@id":"https:\/\/dutchhealthstore.com\/fr\/#organization","name":"Dutch Health Store","url":"https:\/\/dutchhealthstore.com\/fr\/","logo":{"@type":"ImageObject","inLanguage":"fr-FR","@id":"https:\/\/dutchhealthstore.com\/fr\/#\/schema\/logo\/image\/","url":"https:\/\/dutchhealthstore.com\/wp-content\/uploads\/2020\/08\/logo-dutchhealthstore-jpg-e1599484957574.jpg","contentUrl":"https:\/\/dutchhealthstore.com\/wp-content\/uploads\/2020\/08\/logo-dutchhealthstore-jpg-e1599484957574.jpg","width":400,"height":62,"caption":"Dutch Health Store"},"image":{"@id":"https:\/\/dutchhealthstore.com\/fr\/#\/schema\/logo\/image\/"},"sameAs":["https:\/\/www.instagram.com\/dutchhealthstore\/","https:\/\/www.facebook.com\/dutchhealthstore"]}]},"product_brand":"Living Libations","product_price_amount":"90.00","product_price_currency":"EUR","og_availability":"instock","product_availability":"instock","product_condition":"new"},"_links":{"self":[{"href":"https:\/\/dutchhealthstore.com\/fr\/wp-json\/wp\/v2\/product\/125100","targetHints":{"allow":["GET"]}}],"collection":[{"href":"https:\/\/dutchhealthstore.com\/fr\/wp-json\/wp\/v2\/product"}],"about":[{"href":"https:\/\/dutchhealthstore.com\/fr\/wp-json\/wp\/v2\/types\/product"}],"replies":[{"embeddable":true,"href":"https:\/\/dutchhealthstore.com\/fr\/wp-json\/wp\/v2\/comments?post=125100"}],"wp:featuredmedia":[{"embeddable":true,"href":"https:\/\/dutchhealthstore.com\/fr\/wp-json\/wp\/v2\/media\/117463"}],"wp:attachment":[{"href":"https:\/\/dutchhealthstore.com\/fr\/wp-json\/wp\/v2\/media?parent=125100"}],"wp:term":[{"taxonomy":"product_brand","embeddable":true,"href":"https:\/\/dutchhealthstore.com\/fr\/wp-json\/wp\/v2\/product_brand?post=125100"},{"taxonomy":"product_cat","embeddable":true,"href":"https:\/\/dutchhealthstore.com\/fr\/wp-json\/wp\/v2\/product_cat?post=125100"},{"taxonomy":"product_tag","embeddable":true,"href":"https:\/\/dutchhealthstore.com\/fr\/wp-json\/wp\/v2\/product_tag?post=125100"}],"curies":[{"name":"wp","href":"https:\/\/api.w.org\/{rel}","templated":true}]}}