{"id":125076,"date":"2018-10-05T05:47:30","date_gmt":"2018-10-05T03:47:30","guid":{"rendered":"https:\/\/dutchhealthstore.com\/product\/turmeric-essential-oil\/"},"modified":"2024-04-03T14:47:20","modified_gmt":"2024-04-03T14:47:20","slug":"turmeric-essential-oil","status":"publish","type":"product","link":"https:\/\/dutchhealthstore.com\/fr\/product\/turmeric-essential-oil\/","title":{"rendered":"Turmeric Essential Oil"},"content":{"rendered":"<p><span style=\"font-family: Tahoma, Arial, Helvetica, sans-serif;\"><img decoding=\"async\" class=\"wp-image-37041 alignright\" src=\"https:\/\/dutchhealthstore.com\/wp-content\/uploads\/2018\/04\/Living_Libations-1.png\" alt=\"Organic &amp; Natural Beautyproducts - Living Libations\" width=\"173\" height=\"81\"><\/span><strong>Nom botanique:<\/strong> Curcuma longa<br \/>\n<strong>Famille botanique:<\/strong> Zingiberaceae<br \/>\n<strong>M\u00e9thode d&rsquo;extraction :<\/strong> CO2<br \/>\n<strong>Partie de la plante distill\u00e9e :<\/strong> Rhizomes<br \/>\n<strong>Pays d&rsquo;origine :<\/strong> Vietnam<br \/>\n<strong>M\u00e9thode de culture :<\/strong> Organique<br \/>\n<strong>Composition:<\/strong> 100% Curcuma longa<br \/>\n<strong>Consistance :<\/strong> Moyenne<\/p>\n<h3>Description de l&rsquo;odeur<\/h3>\n<p><span style=\"font-family: helvetica, arial, sans-serif;\">Bois doux avec de subtiles touches d&rsquo;\u00e9pices acidul\u00e9es.<\/span><\/p>\n<h3>Dans Living Libations<\/h3>\n<p><span style=\"font-family: helvetica, arial, sans-serif;\">Everybody Loves the Sunshine, Cell Serum, Soothsayer Serum, Sundew Cr\u00e8me, et Hot Lover Lips.<\/span><\/p>\n<h3>Se m\u00e9lange bien avec<\/h3>\n<p><span style=\"font-family: helvetica, arial, sans-serif;\">Gingembre, cannelle, orange sanguine, pamplemousse, ylang, vanille, argousier et cardamome.<\/span><\/p>\n<a href=\"https:\/\/dutchhealthstore.com\/wp-content\/uploads\/2018\/10\/ANALYSIS-Turmeric-Essential-Oil-Living-Libations.pdf\" class=\"button primary is-primary is-small\"  >\n\t\t<span>ANALYSE DES HUILES ESSENTIELLES &gt;<\/span>\n\t<\/a>\n\n<h3>Utilisations<\/h3>\n<p><span style=\"font-family: helvetica, arial, sans-serif;\">Culinaire. S\u00e9rums calmants et apaisants pour adoucir l&rsquo;apparence des cicatrices, des ridules et du teint.<\/span><\/p>\n<p style=\"font-weight: 400;\"><span style=\"font-family: helvetica, arial, sans-serif;\">De la couleur d&rsquo;un lever de soleil, notre Turmeric Essential Oil biologique est un d\u00e9lice culinaire. Elle peut \u00eatre utilis\u00e9e une goutte \u00e0 la fois ou en association avec des racines fra\u00eeches ou s\u00e9ch\u00e9es pour \u00e9blouir vos plats, subjuguer vos smoothies avec sa surprise piquante et \u00e9pic\u00e9e.<\/span><br \/>\n<span style=\"font-family: helvetica, arial, sans-serif;\">Dans les s\u00e9rums et les nettoyants apaisants pour la peau, il rafra\u00eechit et calme les rougeurs et peut contribuer \u00e0 am\u00e9liorer l&rsquo;apparence des ridules, des cicatrices et des imperfections cutan\u00e9es associ\u00e9es \u00e0 une peau sage, surexpos\u00e9e ou sujette aux imperfections. Richement pigment\u00e9e, une goutte suffira et il est pr\u00e9f\u00e9rable d&rsquo;utiliser Turmeric Essential Oil le soir pour laisser l&rsquo;\u00e9clat jaune-orange s&rsquo;absorber avant le matin.<\/span><\/p>\n<p><strong>Taille : 15 ml<\/strong><\/p>\n<h3>Ingr\u00e9dients biologiques<\/h3>\n<p>100% huile essentielle de curcuma (Curcuma longa).<\/p>\n<p style=\"text-align: center;\"><i><em>\u00ab\u00a0Chaque \u00e9pice a un jour particulier. Pour le curcuma, c&rsquo;est le dimanche, quand la lumi\u00e8re fait couler la graisse et la couleur du beurre dans les bacs pour qu&rsquo;elle s&rsquo;impr\u00e8gne de la lueur, quand on prie les neuf plan\u00e8tes pour l&rsquo;amour et la chance.\u00a0\u00bb<br \/>\n<\/em><\/i>&#8211; Chitra Banerjee Divakaruni, <strong>The Mistress of Spices<\/strong><\/p>\n<p><img fetchpriority=\"high\" decoding=\"async\" class=\"size-full wp-image-31577 aligncenter\" src=\"https:\/\/dutchhealthstore.com\/wp-content\/uploads\/2018\/03\/organic_big.png\" alt=\"Organic and Natural - Living Libations\" width=\"623\" height=\"103\" srcset=\"https:\/\/dutchhealthstore.com\/wp-content\/uploads\/2018\/03\/organic_big.png 623w, https:\/\/dutchhealthstore.com\/wp-content\/uploads\/2018\/03\/organic_big-510x84.png 510w, https:\/\/dutchhealthstore.com\/wp-content\/uploads\/2018\/03\/organic_big-600x99.png 600w, https:\/\/dutchhealthstore.com\/wp-content\/uploads\/2018\/03\/organic_big-350x58.png 350w\" sizes=\"(max-width: 623px) 100vw, 623px\" \/><\/p>\n<p style=\"font-weight: 400;\">\n","protected":false},"excerpt":{"rendered":"<p><strong>Turmeric Essential Oil <\/strong> est d&rsquo;un orange riche et dor\u00e9, et offre une corne d&rsquo;abondance d&rsquo;avantages g\u00e9n\u00e9reux.<br \/>\nTous les compos\u00e9s lipophiles (qui aiment l&rsquo;huile) de cet extrait supercritique sont distill\u00e9s \u00e0 partir de la racine de curcuma. Ce processus d&rsquo;extraction sp\u00e9cial permet de capturer beaucoup plus de lipides et de pigments qu&rsquo;une herbe en poudre typique.<\/p>\n","protected":false},"featured_media":117446,"comment_status":"open","ping_status":"closed","template":"","meta":[],"product_brand":[],"product_cat":[6734,1507,1211,1209,3757,1010,6733],"product_tag":[4495],"class_list":{"0":"post-125076","1":"product","2":"type-product","3":"status-publish","4":"has-post-thumbnail","6":"product_cat-essential-oils","7":"product_cat-plantes-huiles-essentielles-living-libations","8":"product_cat-living-libations-france","9":"product_cat-par-marques","10":"product_cat-plantes-huiles-essentielles","11":"product_cat-notre-boutique","12":"product_cat-wellness-fr-2","13":"product_tag-essential-oil-fr","14":"pa_brand-livinglibations-fr","15":"pa_essential-oils-product-type-essential-oils-fr","16":"pa_size-5-ml-fr","17":"pa_size-15-ml-fr","19":"first","20":"instock","21":"taxable","22":"shipping-taxable","23":"purchasable","24":"product-type-variable"},"bundled_by":[],"bundle_stock_status":"instock","bundle_stock_quantity":null,"bundle_virtual":false,"bundle_layout":"","bundle_add_to_cart_form_location":"","bundle_editable_in_cart":false,"bundle_sold_individually_context":"","bundle_item_grouping":"","bundle_min_size":"","bundle_max_size":"","bundle_price":[],"bundled_items":[],"bundle_sell_ids":[],"atum_controlled":true,"out_stock_date":null,"out_stock_threshold":null,"inheritable":true,"stock_on_hold":0,"sold_today":0,"sales_last_days":0,"out_stock_days":0,"lost_sales":0,"update_date":"2026-04-07T06:57:36","atum_locations":[],"atum_stock_status":"instock","restock_status":false,"low_stock_amount":"","sales_update_date":"2026-04-07T06:57:36","calc_backorders":null,"group_of_quantity":0,"min_quantity":0,"max_quantity":"","exclude_order_quantity_value_rules":"no","exclude_category_quantity_rules":"no","combine_variations":"no","yoast_head":"<!-- This site is optimized with the Yoast SEO Premium plugin v26.5 (Yoast SEO v26.5) - https:\/\/yoast.com\/wordpress\/plugins\/seo\/ -->\n<title>Turmeric Essential Oil | Living Libations<\/title>\n<meta name=\"description\" content=\"Turmeric Essential Oil est d&#039;un orange riche et dor\u00e9, et offre une corne d&#039;abondance d&#039;avantages g\u00e9n\u00e9reux.\" \/>\n<meta name=\"robots\" content=\"index, follow, max-snippet:-1, max-image-preview:large, max-video-preview:-1\" \/>\n<link rel=\"canonical\" href=\"https:\/\/dutchhealthstore.com\/fr\/product\/turmeric-essential-oil\/\" \/>\n<meta property=\"og:locale\" content=\"fr_FR\" \/>\n<meta property=\"og:type\" content=\"article\" \/>\n<meta property=\"og:title\" content=\"Turmeric Essential Oil - Dutch Health Store\" \/>\n<meta property=\"og:description\" content=\"Turmeric Essential Oil est d&#039;un orange riche et dor\u00e9, et offre une corne d&#039;abondance d&#039;avantages g\u00e9n\u00e9reux.\" \/>\n<meta property=\"og:url\" content=\"https:\/\/dutchhealthstore.com\/fr\/product\/turmeric-essential-oil\/\" \/>\n<meta property=\"og:site_name\" content=\"Dutch Health Store\" \/>\n<meta property=\"article:publisher\" content=\"https:\/\/www.instagram.com\/dutchhealthstore\/\" \/>\n<meta property=\"article:modified_time\" content=\"2024-04-03T14:47:20+00:00\" \/>\n<meta property=\"og:image\" content=\"https:\/\/dutchhealthstore.com\/wp-content\/uploads\/2018\/10\/Living-Libations-Turmeric-Essential-Oil-1-e1596440903914.jpg\" \/>\n\t<meta property=\"og:image:width\" content=\"500\" \/>\n\t<meta property=\"og:image:height\" content=\"500\" \/>\n\t<meta property=\"og:image:type\" content=\"image\/jpeg\" \/>\n<meta name=\"twitter:card\" content=\"summary_large_image\" \/>\n<meta name=\"twitter:label1\" content=\"Disponibilit\u00e9\" \/>\n\t<meta name=\"twitter:data1\" content=\"En stock\" \/>\n<script type=\"application\/ld+json\" class=\"yoast-schema-graph\">{\"@context\":\"https:\/\/schema.org\",\"@graph\":[{\"@type\":\"WebPage\",\"@id\":\"https:\/\/dutchhealthstore.com\/fr\/product\/turmeric-essential-oil\/\",\"url\":\"https:\/\/dutchhealthstore.com\/fr\/product\/turmeric-essential-oil\/\",\"name\":\"Turmeric Essential Oil | Living Libations\",\"isPartOf\":{\"@id\":\"https:\/\/dutchhealthstore.com\/fr\/#website\"},\"primaryImageOfPage\":{\"@id\":\"https:\/\/dutchhealthstore.com\/fr\/product\/turmeric-essential-oil\/#primaryimage\"},\"image\":{\"@id\":\"https:\/\/dutchhealthstore.com\/fr\/product\/turmeric-essential-oil\/#primaryimage\"},\"thumbnailUrl\":\"https:\/\/dutchhealthstore.com\/wp-content\/uploads\/2018\/10\/Living-Libations-Turmeric-Essential-Oil-1-e1596440903914.jpg\",\"datePublished\":\"2018-10-05T03:47:30+00:00\",\"dateModified\":\"2024-04-03T14:47:20+00:00\",\"description\":\"Turmeric Essential Oil est d'un orange riche et dor\u00e9, et offre une corne d'abondance d'avantages g\u00e9n\u00e9reux.\",\"breadcrumb\":{\"@id\":\"https:\/\/dutchhealthstore.com\/fr\/product\/turmeric-essential-oil\/#breadcrumb\"},\"inLanguage\":\"fr-FR\",\"potentialAction\":[{\"@type\":\"ReadAction\",\"target\":[\"https:\/\/dutchhealthstore.com\/fr\/product\/turmeric-essential-oil\/\"]}]},{\"@type\":\"ImageObject\",\"inLanguage\":\"fr-FR\",\"@id\":\"https:\/\/dutchhealthstore.com\/fr\/product\/turmeric-essential-oil\/#primaryimage\",\"url\":\"https:\/\/dutchhealthstore.com\/wp-content\/uploads\/2018\/10\/Living-Libations-Turmeric-Essential-Oil-1-e1596440903914.jpg\",\"contentUrl\":\"https:\/\/dutchhealthstore.com\/wp-content\/uploads\/2018\/10\/Living-Libations-Turmeric-Essential-Oil-1-e1596440903914.jpg\",\"width\":500,\"height\":500,\"caption\":\"Living Libations Turmeric Essential Oil\"},{\"@type\":\"BreadcrumbList\",\"@id\":\"https:\/\/dutchhealthstore.com\/fr\/product\/turmeric-essential-oil\/#breadcrumb\",\"itemListElement\":[{\"@type\":\"ListItem\",\"position\":1,\"name\":\"Home\",\"item\":\"https:\/\/dutchhealthstore.com\/fr\/\"},{\"@type\":\"ListItem\",\"position\":2,\"name\":\"Shop\",\"item\":\"https:\/\/dutchhealthstore.com\/fr\/shop\/\"},{\"@type\":\"ListItem\",\"position\":3,\"name\":\"Turmeric Essential Oil\"}]},{\"@type\":\"WebSite\",\"@id\":\"https:\/\/dutchhealthstore.com\/fr\/#website\",\"url\":\"https:\/\/dutchhealthstore.com\/fr\/\",\"name\":\"Dutch Health Store\",\"description\":\"Enhance Your Beauty with Organic &amp; Natural Skincare\",\"publisher\":{\"@id\":\"https:\/\/dutchhealthstore.com\/fr\/#organization\"},\"potentialAction\":[{\"@type\":\"SearchAction\",\"target\":{\"@type\":\"EntryPoint\",\"urlTemplate\":\"https:\/\/dutchhealthstore.com\/fr\/?s={search_term_string}\"},\"query-input\":{\"@type\":\"PropertyValueSpecification\",\"valueRequired\":true,\"valueName\":\"search_term_string\"}}],\"inLanguage\":\"fr-FR\"},{\"@type\":\"Organization\",\"@id\":\"https:\/\/dutchhealthstore.com\/fr\/#organization\",\"name\":\"Dutch Health Store\",\"url\":\"https:\/\/dutchhealthstore.com\/fr\/\",\"logo\":{\"@type\":\"ImageObject\",\"inLanguage\":\"fr-FR\",\"@id\":\"https:\/\/dutchhealthstore.com\/fr\/#\/schema\/logo\/image\/\",\"url\":\"https:\/\/dutchhealthstore.com\/wp-content\/uploads\/2020\/08\/logo-dutchhealthstore-jpg-e1599484957574.jpg\",\"contentUrl\":\"https:\/\/dutchhealthstore.com\/wp-content\/uploads\/2020\/08\/logo-dutchhealthstore-jpg-e1599484957574.jpg\",\"width\":400,\"height\":62,\"caption\":\"Dutch Health Store\"},\"image\":{\"@id\":\"https:\/\/dutchhealthstore.com\/fr\/#\/schema\/logo\/image\/\"},\"sameAs\":[\"https:\/\/www.instagram.com\/dutchhealthstore\/\",\"https:\/\/www.facebook.com\/dutchhealthstore\"]}]}<\/script>\n<meta property=\"product:brand\" content=\"Living Libations\" \/>\n<meta property=\"og:availability\" content=\"instock\" \/>\n<meta property=\"product:availability\" content=\"instock\" \/>\n<meta property=\"product:condition\" content=\"new\" \/>\n<!-- \/ Yoast SEO Premium plugin. -->","yoast_head_json":{"title":"Turmeric Essential Oil | Living Libations","description":"Turmeric Essential Oil est d'un orange riche et dor\u00e9, et offre une corne d'abondance d'avantages g\u00e9n\u00e9reux.","robots":{"index":"index","follow":"follow","max-snippet":"max-snippet:-1","max-image-preview":"max-image-preview:large","max-video-preview":"max-video-preview:-1"},"canonical":"https:\/\/dutchhealthstore.com\/fr\/product\/turmeric-essential-oil\/","og_locale":"fr_FR","og_type":"article","og_title":"Turmeric Essential Oil - Dutch Health Store","og_description":"Turmeric Essential Oil est d'un orange riche et dor\u00e9, et offre une corne d'abondance d'avantages g\u00e9n\u00e9reux.","og_url":"https:\/\/dutchhealthstore.com\/fr\/product\/turmeric-essential-oil\/","og_site_name":"Dutch Health Store","article_publisher":"https:\/\/www.instagram.com\/dutchhealthstore\/","article_modified_time":"2024-04-03T14:47:20+00:00","og_image":[{"width":500,"height":500,"url":"https:\/\/dutchhealthstore.com\/wp-content\/uploads\/2018\/10\/Living-Libations-Turmeric-Essential-Oil-1-e1596440903914.jpg","type":"image\/jpeg"}],"twitter_card":"summary_large_image","twitter_misc":{"Disponibilit\u00e9":"En stock"},"schema":{"@context":"https:\/\/schema.org","@graph":[{"@type":"WebPage","@id":"https:\/\/dutchhealthstore.com\/fr\/product\/turmeric-essential-oil\/","url":"https:\/\/dutchhealthstore.com\/fr\/product\/turmeric-essential-oil\/","name":"Turmeric Essential Oil | Living Libations","isPartOf":{"@id":"https:\/\/dutchhealthstore.com\/fr\/#website"},"primaryImageOfPage":{"@id":"https:\/\/dutchhealthstore.com\/fr\/product\/turmeric-essential-oil\/#primaryimage"},"image":{"@id":"https:\/\/dutchhealthstore.com\/fr\/product\/turmeric-essential-oil\/#primaryimage"},"thumbnailUrl":"https:\/\/dutchhealthstore.com\/wp-content\/uploads\/2018\/10\/Living-Libations-Turmeric-Essential-Oil-1-e1596440903914.jpg","datePublished":"2018-10-05T03:47:30+00:00","dateModified":"2024-04-03T14:47:20+00:00","description":"Turmeric Essential Oil est d'un orange riche et dor\u00e9, et offre une corne d'abondance d'avantages g\u00e9n\u00e9reux.","breadcrumb":{"@id":"https:\/\/dutchhealthstore.com\/fr\/product\/turmeric-essential-oil\/#breadcrumb"},"inLanguage":"fr-FR","potentialAction":[{"@type":"ReadAction","target":["https:\/\/dutchhealthstore.com\/fr\/product\/turmeric-essential-oil\/"]}]},{"@type":"ImageObject","inLanguage":"fr-FR","@id":"https:\/\/dutchhealthstore.com\/fr\/product\/turmeric-essential-oil\/#primaryimage","url":"https:\/\/dutchhealthstore.com\/wp-content\/uploads\/2018\/10\/Living-Libations-Turmeric-Essential-Oil-1-e1596440903914.jpg","contentUrl":"https:\/\/dutchhealthstore.com\/wp-content\/uploads\/2018\/10\/Living-Libations-Turmeric-Essential-Oil-1-e1596440903914.jpg","width":500,"height":500,"caption":"Living Libations Turmeric Essential Oil"},{"@type":"BreadcrumbList","@id":"https:\/\/dutchhealthstore.com\/fr\/product\/turmeric-essential-oil\/#breadcrumb","itemListElement":[{"@type":"ListItem","position":1,"name":"Home","item":"https:\/\/dutchhealthstore.com\/fr\/"},{"@type":"ListItem","position":2,"name":"Shop","item":"https:\/\/dutchhealthstore.com\/fr\/shop\/"},{"@type":"ListItem","position":3,"name":"Turmeric Essential Oil"}]},{"@type":"WebSite","@id":"https:\/\/dutchhealthstore.com\/fr\/#website","url":"https:\/\/dutchhealthstore.com\/fr\/","name":"Dutch Health Store","description":"Enhance Your Beauty with Organic &amp; Natural Skincare","publisher":{"@id":"https:\/\/dutchhealthstore.com\/fr\/#organization"},"potentialAction":[{"@type":"SearchAction","target":{"@type":"EntryPoint","urlTemplate":"https:\/\/dutchhealthstore.com\/fr\/?s={search_term_string}"},"query-input":{"@type":"PropertyValueSpecification","valueRequired":true,"valueName":"search_term_string"}}],"inLanguage":"fr-FR"},{"@type":"Organization","@id":"https:\/\/dutchhealthstore.com\/fr\/#organization","name":"Dutch Health Store","url":"https:\/\/dutchhealthstore.com\/fr\/","logo":{"@type":"ImageObject","inLanguage":"fr-FR","@id":"https:\/\/dutchhealthstore.com\/fr\/#\/schema\/logo\/image\/","url":"https:\/\/dutchhealthstore.com\/wp-content\/uploads\/2020\/08\/logo-dutchhealthstore-jpg-e1599484957574.jpg","contentUrl":"https:\/\/dutchhealthstore.com\/wp-content\/uploads\/2020\/08\/logo-dutchhealthstore-jpg-e1599484957574.jpg","width":400,"height":62,"caption":"Dutch Health Store"},"image":{"@id":"https:\/\/dutchhealthstore.com\/fr\/#\/schema\/logo\/image\/"},"sameAs":["https:\/\/www.instagram.com\/dutchhealthstore\/","https:\/\/www.facebook.com\/dutchhealthstore"]}]},"product_brand":"Living Libations","og_availability":"instock","product_availability":"instock","product_condition":"new"},"_links":{"self":[{"href":"https:\/\/dutchhealthstore.com\/fr\/wp-json\/wp\/v2\/product\/125076","targetHints":{"allow":["GET"]}}],"collection":[{"href":"https:\/\/dutchhealthstore.com\/fr\/wp-json\/wp\/v2\/product"}],"about":[{"href":"https:\/\/dutchhealthstore.com\/fr\/wp-json\/wp\/v2\/types\/product"}],"replies":[{"embeddable":true,"href":"https:\/\/dutchhealthstore.com\/fr\/wp-json\/wp\/v2\/comments?post=125076"}],"wp:featuredmedia":[{"embeddable":true,"href":"https:\/\/dutchhealthstore.com\/fr\/wp-json\/wp\/v2\/media\/117446"}],"wp:attachment":[{"href":"https:\/\/dutchhealthstore.com\/fr\/wp-json\/wp\/v2\/media?parent=125076"}],"wp:term":[{"taxonomy":"product_brand","embeddable":true,"href":"https:\/\/dutchhealthstore.com\/fr\/wp-json\/wp\/v2\/product_brand?post=125076"},{"taxonomy":"product_cat","embeddable":true,"href":"https:\/\/dutchhealthstore.com\/fr\/wp-json\/wp\/v2\/product_cat?post=125076"},{"taxonomy":"product_tag","embeddable":true,"href":"https:\/\/dutchhealthstore.com\/fr\/wp-json\/wp\/v2\/product_tag?post=125076"}],"curies":[{"name":"wp","href":"https:\/\/api.w.org\/{rel}","templated":true}]}}