{"id":125016,"date":"2020-06-27T14:59:08","date_gmt":"2020-06-27T14:59:08","guid":{"rendered":"https:\/\/dutchhealthstore.com\/product\/tobacco-absolute\/"},"modified":"2025-12-23T09:39:12","modified_gmt":"2025-12-23T08:39:12","slug":"tobacco-absolute","status":"publish","type":"product","link":"https:\/\/dutchhealthstore.com\/fr\/product\/tobacco-absolute\/","title":{"rendered":"Tobacco Absolute"},"content":{"rendered":"<h3><img decoding=\"async\" class=\"alignright size-full wp-image-69549\" src=\"https:\/\/dutchhealthstore.com\/wp-content\/uploads\/2019\/08\/NEW-Living-Libations-Logo.jpg\" alt=\"NEW - Living Libations - Logo\" width=\"175\" height=\"82\"><\/h3>\n<p><strong>Nom botanique :<\/strong> Nicotiana tabacum<br \/>\n<strong>Famille botanique :<\/strong> Solanaceae<br \/>\n<strong>M\u00e9thode d&rsquo;extraction :<\/strong> Extraction par solvant<br \/>\n<strong>Partie de la plante distill\u00e9e :<\/strong> Feuilles<br \/>\n<strong>Pays d&rsquo;origine :<\/strong> France<br \/>\n<strong>M\u00e9thode de culture :<\/strong> Organique<br \/>\n<strong>Composition :<\/strong> 100% Nicotiana tabacum<br \/>\n<strong>Consistance :<\/strong> Viscosit\u00e9 moyenne<\/p>\n<a href=\"https:\/\/dutchhealthstore.com\/wp-content\/uploads\/2020\/06\/ANALYSIS-Tobacco-Absolute-Living-Libations.pdf\" class=\"button primary is-primary is-small\"  >\n\t\t<span> ANALYSE DU PRODUIT &gt;<\/span>\n\t<\/a>\n\n<h3>Description de l&rsquo;odeur<\/h3>\n<p>Riche et terreux, avec d&rsquo;ind\u00e9niables notes de tabac cuir\u00e9, temp\u00e9r\u00e9es par des fleurs douces, semblables \u00e0 des \u0153illets, et des racines tordues.<\/p>\n<h3>Se marie bien avec<\/h3>\n<p>Jasmin, pamplemousse, bois de santal, v\u00e9tiver, patchouli, ciste, labdanum, bergamote, cardamome, marjolaine, lavande, ylang, tub\u00e9reuse et \u0153illet.<\/p>\n<h3>Utilisations<\/h3>\n<p>Diluez dans de l&rsquo;alcool ou du Jojoba pour cr\u00e9er une eau de Cologne ou un parfum forestier fin. Inspirez pour \u00e9lever les \u00e9motions et l&rsquo;esprit. Faites un m\u00e9lange magistral avec les Sages et le C\u00e8dre comme boue pschitt pour les espaces sacr\u00e9s et les c\u00e9r\u00e9monies.<\/p>\n<p>Des profondeurs fumantes du sol jaillit un cadeau doux et parfum\u00e9 : les feuilles de la plante de tabac qui brillent au clair de lune fran\u00e7ais. Cet absolu \u00e9pais et rebelle conf\u00e8re un air doux, riche, \u00e9pic\u00e9 mais terreux \u00e0 tout m\u00e9lange de parfums, apportant avec lui une \u00e9paisse tapisserie d&rsquo;airs anciens, de c\u00e9r\u00e9monies fougueuses et de m\u00e9diations de pleine lune.<\/p>\n<p>Les Azt\u00e8ques cultivaient des plants de tabac sp\u00e9ciaux afin de pouvoir utiliser les fleurs odorantes comme ornements c\u00e9r\u00e9moniels, tandis que les Am\u00e9rindiens utilisaient souvent la fum\u00e9e de tabac \u00e0 la place de l&rsquo;encens. Le tabac est une plante sacr\u00e9e et on dit qu&rsquo;il facilite la communion avec les plans astraux et le monde des esprits.<\/p>\n<p><strong>Taille : 2,5 ml et 5 ml<\/strong><\/p>\n<h3>Ingr\u00e9dients biologiques<\/h3>\n<p>100% de tabac (Nicotiana tabacum) absolu.<\/p>\n<p style=\"text-align: center;\"><em>\u00a0\u00bb L&rsquo;huile absolue de Tabac est issue de diverses esp\u00e8ces de Nicotiana. Elle a une odeur tr\u00e8s douce rappelant la m\u00e9thyl ionone, mais elle est beaucoup plus sucr\u00e9e, rappelant un peu le rose girofle. Arctander dit qu&rsquo;elle est proche de l&rsquo;odeur du phlox, si ind\u00e9finissable et que beaucoup ont d\u00fb souvent essayer en vain de d\u00e9crire.\u00a0\u00bb<\/em><br \/>\n~ NPCS Board of Consultants and Engineers, <strong>The Complete Technology Book on Flavors, Fragrances and Perfumes<\/strong><\/p>\n<p style=\"text-align: center;\"><em>\u00ab\u00a0Le tabac, le divin, le rare, le superexcellent tabac, qui d\u00e9passe de beaucoup toutes les panac\u00e9es, l&rsquo;or potable, et les pierres des philosophes, un cordial souverain pour le bien-\u00eatre&#8230; mais il est commun\u00e9ment abus\u00e9 par la plupart des hommes, qui le prennent comme les bricoleurs font de l&rsquo;ale.\u00a0\u00bb<\/em><br \/>\n~ Robert Burton, <strong>1621<\/strong><\/p>\n<p>&nbsp;<\/p>\n<p><img fetchpriority=\"high\" decoding=\"async\" class=\"size-medium wp-image-68103 aligncenter\" src=\"https:\/\/dutchhealthstore.com\/wp-content\/uploads\/2018\/02\/Living-Libations-Organic-Logo-800x89.png\" alt=\"Living Libations - Organic Logo\" width=\"800\" height=\"89\" srcset=\"https:\/\/dutchhealthstore.com\/wp-content\/uploads\/2018\/02\/Living-Libations-Organic-Logo-800x89.png 800w, https:\/\/dutchhealthstore.com\/wp-content\/uploads\/2018\/02\/Living-Libations-Organic-Logo-510x57.png 510w, https:\/\/dutchhealthstore.com\/wp-content\/uploads\/2018\/02\/Living-Libations-Organic-Logo-768x85.png 768w, https:\/\/dutchhealthstore.com\/wp-content\/uploads\/2018\/02\/Living-Libations-Organic-Logo.png 1400w\" sizes=\"(max-width: 800px) 100vw, 800px\" \/><\/p>\n","protected":false},"excerpt":{"rendered":"<p><strong>Tobacco Absolute<\/strong> transformatrice est une huile rare et captivante cultiv\u00e9e dans la belle campagne fran\u00e7aise.<\/p>\n<p>Extraite des feuilles enharnach\u00e9es de la plante de tabac, l&rsquo;absolue de tabac est recherch\u00e9e par les parfumeurs du monde entier comme l&rsquo;un des ar\u00f4mes les plus ravissants et les plus s\u00e9duisants disponibles aujourd&rsquo;hui.<\/p>\n","protected":false},"featured_media":109485,"comment_status":"open","ping_status":"closed","template":"","meta":[],"product_brand":[],"product_cat":[3754,1507,6734,1211,1209,6733],"product_tag":[8678,21668,21811],"class_list":{"0":"post-125016","1":"product","2":"type-product","3":"status-publish","4":"has-post-thumbnail","6":"product_cat-essences-absolues","7":"product_cat-plantes-huiles-essentielles-living-libations","8":"product_cat-essential-oils","9":"product_cat-living-libations-france","10":"product_cat-par-marques","11":"product_cat-wellness-fr-2","12":"product_tag-absolute-fr","13":"product_tag-arome","14":"product_tag-natural-fr","15":"pa_brand-livinglibations-fr","16":"pa_essential-oils-product-type-absolute-essences-fr","17":"pa_essential-oils-product-type-essential-oils-fr","18":"pa_size-2-5-ml-fr","19":"pa_size-5-ml-fr","21":"first","22":"instock","23":"taxable","24":"shipping-taxable","25":"purchasable","26":"product-type-variable"},"bundled_by":[],"bundle_stock_status":"instock","bundle_stock_quantity":null,"bundle_virtual":false,"bundle_layout":"","bundle_add_to_cart_form_location":"","bundle_editable_in_cart":false,"bundle_sold_individually_context":"","bundle_item_grouping":"","bundle_min_size":"","bundle_max_size":"","bundle_price":[],"bundled_items":[],"bundle_sell_ids":[],"atum_controlled":true,"out_stock_date":null,"out_stock_threshold":null,"inheritable":true,"stock_on_hold":0,"sold_today":0,"sales_last_days":0,"out_stock_days":0,"lost_sales":0,"update_date":"2026-04-25T00:12:53","atum_locations":[],"atum_stock_status":"instock","restock_status":false,"low_stock_amount":"","sales_update_date":"2026-04-25T00:12:53","calc_backorders":null,"group_of_quantity":0,"min_quantity":0,"max_quantity":"","exclude_order_quantity_value_rules":"no","exclude_category_quantity_rules":"no","combine_variations":"no","yoast_head":"<!-- This site is optimized with the Yoast SEO Premium plugin v26.5 (Yoast SEO v26.5) - https:\/\/yoast.com\/wordpress\/plugins\/seo\/ -->\n<title>Tobacco Absolute | Living Libations<\/title>\n<meta name=\"description\" content=\"Tobacco Absolute transformatrice est une huile rare et captivante cultiv\u00e9e dans la belle campagne fran\u00e7aise. Extrait des feuilles emboss\u00e9es de la plante de tabac.\" \/>\n<meta name=\"robots\" content=\"index, follow, max-snippet:-1, max-image-preview:large, max-video-preview:-1\" \/>\n<link rel=\"canonical\" href=\"https:\/\/dutchhealthstore.com\/fr\/product\/tobacco-absolute\/\" \/>\n<meta property=\"og:locale\" content=\"fr_FR\" \/>\n<meta property=\"og:type\" content=\"article\" \/>\n<meta property=\"og:title\" content=\"Tobacco Absolute - Dutch Health Store\" \/>\n<meta property=\"og:description\" content=\"Tobacco Absolute transformatrice est une huile rare et captivante cultiv\u00e9e dans la belle campagne fran\u00e7aise. Extrait des feuilles emboss\u00e9es de la plante de tabac.\" \/>\n<meta property=\"og:url\" content=\"https:\/\/dutchhealthstore.com\/fr\/product\/tobacco-absolute\/\" \/>\n<meta property=\"og:site_name\" content=\"Dutch Health Store\" \/>\n<meta property=\"article:publisher\" content=\"https:\/\/www.instagram.com\/dutchhealthstore\/\" \/>\n<meta property=\"article:modified_time\" content=\"2025-12-23T08:39:12+00:00\" \/>\n<meta property=\"og:image\" content=\"https:\/\/dutchhealthstore.com\/wp-content\/uploads\/2020\/06\/Living-Libations-Tobacco-Absolute-e1593269908939.jpg\" \/>\n\t<meta property=\"og:image:width\" content=\"500\" \/>\n\t<meta property=\"og:image:height\" content=\"500\" \/>\n\t<meta property=\"og:image:type\" content=\"image\/jpeg\" \/>\n<meta name=\"twitter:card\" content=\"summary_large_image\" \/>\n<meta name=\"twitter:label1\" content=\"Disponibilit\u00e9\" \/>\n\t<meta name=\"twitter:data1\" content=\"En stock\" \/>\n<script type=\"application\/ld+json\" class=\"yoast-schema-graph\">{\"@context\":\"https:\/\/schema.org\",\"@graph\":[{\"@type\":\"WebPage\",\"@id\":\"https:\/\/dutchhealthstore.com\/fr\/product\/tobacco-absolute\/\",\"url\":\"https:\/\/dutchhealthstore.com\/fr\/product\/tobacco-absolute\/\",\"name\":\"Tobacco Absolute | Living Libations\",\"isPartOf\":{\"@id\":\"https:\/\/dutchhealthstore.com\/fr\/#website\"},\"primaryImageOfPage\":{\"@id\":\"https:\/\/dutchhealthstore.com\/fr\/product\/tobacco-absolute\/#primaryimage\"},\"image\":{\"@id\":\"https:\/\/dutchhealthstore.com\/fr\/product\/tobacco-absolute\/#primaryimage\"},\"thumbnailUrl\":\"https:\/\/dutchhealthstore.com\/wp-content\/uploads\/2020\/06\/Living-Libations-Tobacco-Absolute-e1593269908939.jpg\",\"datePublished\":\"2020-06-27T14:59:08+00:00\",\"dateModified\":\"2025-12-23T08:39:12+00:00\",\"description\":\"Tobacco Absolute transformatrice est une huile rare et captivante cultiv\u00e9e dans la belle campagne fran\u00e7aise. Extrait des feuilles emboss\u00e9es de la plante de tabac.\",\"breadcrumb\":{\"@id\":\"https:\/\/dutchhealthstore.com\/fr\/product\/tobacco-absolute\/#breadcrumb\"},\"inLanguage\":\"fr-FR\",\"potentialAction\":[{\"@type\":\"ReadAction\",\"target\":[\"https:\/\/dutchhealthstore.com\/fr\/product\/tobacco-absolute\/\"]}]},{\"@type\":\"ImageObject\",\"inLanguage\":\"fr-FR\",\"@id\":\"https:\/\/dutchhealthstore.com\/fr\/product\/tobacco-absolute\/#primaryimage\",\"url\":\"https:\/\/dutchhealthstore.com\/wp-content\/uploads\/2020\/06\/Living-Libations-Tobacco-Absolute-e1593269908939.jpg\",\"contentUrl\":\"https:\/\/dutchhealthstore.com\/wp-content\/uploads\/2020\/06\/Living-Libations-Tobacco-Absolute-e1593269908939.jpg\",\"width\":500,\"height\":500,\"caption\":\"Living Libations - Tobacco Absolute\"},{\"@type\":\"BreadcrumbList\",\"@id\":\"https:\/\/dutchhealthstore.com\/fr\/product\/tobacco-absolute\/#breadcrumb\",\"itemListElement\":[{\"@type\":\"ListItem\",\"position\":1,\"name\":\"Home\",\"item\":\"https:\/\/dutchhealthstore.com\/fr\/\"},{\"@type\":\"ListItem\",\"position\":2,\"name\":\"Shop\",\"item\":\"https:\/\/dutchhealthstore.com\/fr\/shop\/\"},{\"@type\":\"ListItem\",\"position\":3,\"name\":\"Tobacco Absolute\"}]},{\"@type\":\"WebSite\",\"@id\":\"https:\/\/dutchhealthstore.com\/fr\/#website\",\"url\":\"https:\/\/dutchhealthstore.com\/fr\/\",\"name\":\"Dutch Health Store\",\"description\":\"Enhance Your Beauty with Organic &amp; Natural Skincare\",\"publisher\":{\"@id\":\"https:\/\/dutchhealthstore.com\/fr\/#organization\"},\"potentialAction\":[{\"@type\":\"SearchAction\",\"target\":{\"@type\":\"EntryPoint\",\"urlTemplate\":\"https:\/\/dutchhealthstore.com\/fr\/?s={search_term_string}\"},\"query-input\":{\"@type\":\"PropertyValueSpecification\",\"valueRequired\":true,\"valueName\":\"search_term_string\"}}],\"inLanguage\":\"fr-FR\"},{\"@type\":\"Organization\",\"@id\":\"https:\/\/dutchhealthstore.com\/fr\/#organization\",\"name\":\"Dutch Health Store\",\"url\":\"https:\/\/dutchhealthstore.com\/fr\/\",\"logo\":{\"@type\":\"ImageObject\",\"inLanguage\":\"fr-FR\",\"@id\":\"https:\/\/dutchhealthstore.com\/fr\/#\/schema\/logo\/image\/\",\"url\":\"https:\/\/dutchhealthstore.com\/wp-content\/uploads\/2020\/08\/logo-dutchhealthstore-jpg-e1599484957574.jpg\",\"contentUrl\":\"https:\/\/dutchhealthstore.com\/wp-content\/uploads\/2020\/08\/logo-dutchhealthstore-jpg-e1599484957574.jpg\",\"width\":400,\"height\":62,\"caption\":\"Dutch Health Store\"},\"image\":{\"@id\":\"https:\/\/dutchhealthstore.com\/fr\/#\/schema\/logo\/image\/\"},\"sameAs\":[\"https:\/\/www.instagram.com\/dutchhealthstore\/\",\"https:\/\/www.facebook.com\/dutchhealthstore\"]}]}<\/script>\n<meta property=\"product:brand\" content=\"Living Libations\" \/>\n<meta property=\"og:availability\" content=\"instock\" \/>\n<meta property=\"product:availability\" content=\"instock\" \/>\n<meta property=\"product:condition\" content=\"new\" \/>\n<!-- \/ Yoast SEO Premium plugin. -->","yoast_head_json":{"title":"Tobacco Absolute | Living Libations","description":"Tobacco Absolute transformatrice est une huile rare et captivante cultiv\u00e9e dans la belle campagne fran\u00e7aise. Extrait des feuilles emboss\u00e9es de la plante de tabac.","robots":{"index":"index","follow":"follow","max-snippet":"max-snippet:-1","max-image-preview":"max-image-preview:large","max-video-preview":"max-video-preview:-1"},"canonical":"https:\/\/dutchhealthstore.com\/fr\/product\/tobacco-absolute\/","og_locale":"fr_FR","og_type":"article","og_title":"Tobacco Absolute - Dutch Health Store","og_description":"Tobacco Absolute transformatrice est une huile rare et captivante cultiv\u00e9e dans la belle campagne fran\u00e7aise. Extrait des feuilles emboss\u00e9es de la plante de tabac.","og_url":"https:\/\/dutchhealthstore.com\/fr\/product\/tobacco-absolute\/","og_site_name":"Dutch Health Store","article_publisher":"https:\/\/www.instagram.com\/dutchhealthstore\/","article_modified_time":"2025-12-23T08:39:12+00:00","og_image":[{"width":500,"height":500,"url":"https:\/\/dutchhealthstore.com\/wp-content\/uploads\/2020\/06\/Living-Libations-Tobacco-Absolute-e1593269908939.jpg","type":"image\/jpeg"}],"twitter_card":"summary_large_image","twitter_misc":{"Disponibilit\u00e9":"En stock"},"schema":{"@context":"https:\/\/schema.org","@graph":[{"@type":"WebPage","@id":"https:\/\/dutchhealthstore.com\/fr\/product\/tobacco-absolute\/","url":"https:\/\/dutchhealthstore.com\/fr\/product\/tobacco-absolute\/","name":"Tobacco Absolute | Living Libations","isPartOf":{"@id":"https:\/\/dutchhealthstore.com\/fr\/#website"},"primaryImageOfPage":{"@id":"https:\/\/dutchhealthstore.com\/fr\/product\/tobacco-absolute\/#primaryimage"},"image":{"@id":"https:\/\/dutchhealthstore.com\/fr\/product\/tobacco-absolute\/#primaryimage"},"thumbnailUrl":"https:\/\/dutchhealthstore.com\/wp-content\/uploads\/2020\/06\/Living-Libations-Tobacco-Absolute-e1593269908939.jpg","datePublished":"2020-06-27T14:59:08+00:00","dateModified":"2025-12-23T08:39:12+00:00","description":"Tobacco Absolute transformatrice est une huile rare et captivante cultiv\u00e9e dans la belle campagne fran\u00e7aise. Extrait des feuilles emboss\u00e9es de la plante de tabac.","breadcrumb":{"@id":"https:\/\/dutchhealthstore.com\/fr\/product\/tobacco-absolute\/#breadcrumb"},"inLanguage":"fr-FR","potentialAction":[{"@type":"ReadAction","target":["https:\/\/dutchhealthstore.com\/fr\/product\/tobacco-absolute\/"]}]},{"@type":"ImageObject","inLanguage":"fr-FR","@id":"https:\/\/dutchhealthstore.com\/fr\/product\/tobacco-absolute\/#primaryimage","url":"https:\/\/dutchhealthstore.com\/wp-content\/uploads\/2020\/06\/Living-Libations-Tobacco-Absolute-e1593269908939.jpg","contentUrl":"https:\/\/dutchhealthstore.com\/wp-content\/uploads\/2020\/06\/Living-Libations-Tobacco-Absolute-e1593269908939.jpg","width":500,"height":500,"caption":"Living Libations - Tobacco Absolute"},{"@type":"BreadcrumbList","@id":"https:\/\/dutchhealthstore.com\/fr\/product\/tobacco-absolute\/#breadcrumb","itemListElement":[{"@type":"ListItem","position":1,"name":"Home","item":"https:\/\/dutchhealthstore.com\/fr\/"},{"@type":"ListItem","position":2,"name":"Shop","item":"https:\/\/dutchhealthstore.com\/fr\/shop\/"},{"@type":"ListItem","position":3,"name":"Tobacco Absolute"}]},{"@type":"WebSite","@id":"https:\/\/dutchhealthstore.com\/fr\/#website","url":"https:\/\/dutchhealthstore.com\/fr\/","name":"Dutch Health Store","description":"Enhance Your Beauty with Organic &amp; Natural Skincare","publisher":{"@id":"https:\/\/dutchhealthstore.com\/fr\/#organization"},"potentialAction":[{"@type":"SearchAction","target":{"@type":"EntryPoint","urlTemplate":"https:\/\/dutchhealthstore.com\/fr\/?s={search_term_string}"},"query-input":{"@type":"PropertyValueSpecification","valueRequired":true,"valueName":"search_term_string"}}],"inLanguage":"fr-FR"},{"@type":"Organization","@id":"https:\/\/dutchhealthstore.com\/fr\/#organization","name":"Dutch Health Store","url":"https:\/\/dutchhealthstore.com\/fr\/","logo":{"@type":"ImageObject","inLanguage":"fr-FR","@id":"https:\/\/dutchhealthstore.com\/fr\/#\/schema\/logo\/image\/","url":"https:\/\/dutchhealthstore.com\/wp-content\/uploads\/2020\/08\/logo-dutchhealthstore-jpg-e1599484957574.jpg","contentUrl":"https:\/\/dutchhealthstore.com\/wp-content\/uploads\/2020\/08\/logo-dutchhealthstore-jpg-e1599484957574.jpg","width":400,"height":62,"caption":"Dutch Health Store"},"image":{"@id":"https:\/\/dutchhealthstore.com\/fr\/#\/schema\/logo\/image\/"},"sameAs":["https:\/\/www.instagram.com\/dutchhealthstore\/","https:\/\/www.facebook.com\/dutchhealthstore"]}]},"product_brand":"Living Libations","og_availability":"instock","product_availability":"instock","product_condition":"new"},"_links":{"self":[{"href":"https:\/\/dutchhealthstore.com\/fr\/wp-json\/wp\/v2\/product\/125016","targetHints":{"allow":["GET"]}}],"collection":[{"href":"https:\/\/dutchhealthstore.com\/fr\/wp-json\/wp\/v2\/product"}],"about":[{"href":"https:\/\/dutchhealthstore.com\/fr\/wp-json\/wp\/v2\/types\/product"}],"replies":[{"embeddable":true,"href":"https:\/\/dutchhealthstore.com\/fr\/wp-json\/wp\/v2\/comments?post=125016"}],"wp:featuredmedia":[{"embeddable":true,"href":"https:\/\/dutchhealthstore.com\/fr\/wp-json\/wp\/v2\/media\/109485"}],"wp:attachment":[{"href":"https:\/\/dutchhealthstore.com\/fr\/wp-json\/wp\/v2\/media?parent=125016"}],"wp:term":[{"taxonomy":"product_brand","embeddable":true,"href":"https:\/\/dutchhealthstore.com\/fr\/wp-json\/wp\/v2\/product_brand?post=125016"},{"taxonomy":"product_cat","embeddable":true,"href":"https:\/\/dutchhealthstore.com\/fr\/wp-json\/wp\/v2\/product_cat?post=125016"},{"taxonomy":"product_tag","embeddable":true,"href":"https:\/\/dutchhealthstore.com\/fr\/wp-json\/wp\/v2\/product_tag?post=125016"}],"curies":[{"name":"wp","href":"https:\/\/api.w.org\/{rel}","templated":true}]}}