{"id":125003,"date":"2020-07-09T09:42:12","date_gmt":"2020-07-09T07:42:12","guid":{"rendered":"https:\/\/dutchhealthstore.com\/product\/thyme-sweet-essential-oil\/"},"modified":"2025-08-12T10:36:58","modified_gmt":"2025-08-12T08:36:58","slug":"thyme-sweet-essential-oil","status":"publish","type":"product","link":"https:\/\/dutchhealthstore.com\/fr\/product\/thyme-sweet-essential-oil\/","title":{"rendered":"Thyme, Sweet Essential Oil"},"content":{"rendered":"<p><strong><img decoding=\"async\" class=\"size-full wp-image-69549 alignright\" src=\"https:\/\/dutchhealthstore.com\/wp-content\/uploads\/2019\/08\/NEW-Living-Libations-Logo.jpg\" alt=\"NEW - Living Libations - Logo\" width=\"175\" height=\"82\">Nom botanique:<\/strong> Thymus linalool<br \/>\n<strong>Famille botanique:<\/strong> Lamiaceae<br \/>\n<strong>M\u00e9thode d&rsquo;extraction:<\/strong> Distillation \u00e0 la vapeur<br \/>\n<strong>Partie de la plante distill\u00e9e:<\/strong> Herbe<br \/>\n<strong>Pays d&rsquo;origine:<\/strong> France<br \/>\n<strong>M\u00e9thode de culture:<\/strong> Organique<br \/>\n<strong>Composition:<\/strong> 100% Thymus linalool<br \/>\n<strong>Coh\u00e9rence:<\/strong> Mince<\/p>\n<h3>Description de l&rsquo;odeur<\/h3>\n<p>\u00c9pic\u00e9, doux, beurr\u00e9 et chaud, avec des notes p\u00e9n\u00e9trantes de bois et d&rsquo;herbes.<\/p>\n<h3>Dans Living Libations<\/h3>\n<p>Happy Gum Drops, Happy Gum Drops Gel Ozon\u00e9, Happy Gums Paste, Wild Child Happy Gum Drops, Soothsayer Serum, Ensorcell Serum, Frankincense First Friend, Sweet Sleep Serum, et Seabuckthorn Cinnamon Hot Lips.<\/p>\n<h3>Se marie bien avec<\/h3>\n<p>Encens, Rose Otto, Nard, Lavande, Mandarine, Mandarine, Bergamote, Citron, Marjolaine, Sapin argent\u00e9, Palo Santo, Cardamome, Graine de Carotte et G\u00e9ranium.<\/p>\n<a href=\"https:\/\/dutchhealthstore.com\/wp-content\/uploads\/2020\/07\/ANALYSIS-Thyme-Sweet-Essential-Oil-Living-Libations.pdf\" class=\"button primary is-primary is-small\"  >\n\t\t<span>ANALYSE DES HUILES ESSENTIELLES &gt;<\/span>\n\t<\/a>\n\n<h3>Utilisations<\/h3>\n<p>Magnifique dans les m\u00e9langes, les bains, les tuyaux de sel et les diffuseurs. Excellent dans les s\u00e9rums de soins de la peau.<\/p>\n<p>Aussi forte que douce, Sweet Thyme Essential Oil est connue pour revitaliser le corps et l&rsquo;esprit tout en \u00e9tant suffisamment douce pour \u00eatre utilis\u00e9e sur les peaux sensibles, les jeunes enfants et les personnes \u00e2g\u00e9es. Cette vari\u00e9t\u00e9 sp\u00e9ciale de thym est un ingr\u00e9dient pr\u00e9cieux de nos s\u00e9rums doux pour la peau. C&rsquo;est un agent efficace de soins bucco-dentaires pour rafra\u00eechir la bouche et l&rsquo;haleine. Le thym doux b\u00e9nit \u00e9galement le corps et l&rsquo;esprit et favorise la concentration pour les efforts cr\u00e9atifs.<\/p>\n<p><strong>Taille: 5 ml et 15 ml<\/strong><\/p>\n<h3>Ingr\u00e9dients Biologiques<\/h3>\n<p>100% huile essentielle de thym doux (Thymus linalool).<\/p>\n<p style=\"text-align: center;\"><em>\u00ab\u00a0Dans cette huile, la douceur du linalol et de l&rsquo;ac\u00e9tate de linalyle est associ\u00e9e \u00e0 l&rsquo;action forte du thym. Elle est excellente pour les impuret\u00e9s de la peau&#8230; Sa douceur en a fait du jour au lendemain un classique de l&rsquo;aromath\u00e9rapie&#8230; un tonique agr\u00e9able et irrempla\u00e7able pour les soins de la peau.\u00a0\u00bb<\/em><br \/>\n~ Kurt Schnaubelt, <strong>Advanced Aromatherapy<\/strong><\/p>\n<p style=\"text-align: center;\"><em>\u00ab\u00a0Il est non irritant et doux, et particuli\u00e8rement recommand\u00e9 pour traiter les enfants et les personnes \u00e2g\u00e9es ou infirmes.\u00a0\u00bb<\/em><br \/>\n~ Jeanne Rose, <strong>The Aromatherapy Book: Inhalations et applications<\/strong><\/p>\n<p style=\"text-align: center;\"><em>\u00ab\u00a0Les essences produites par les diff\u00e9rentes esp\u00e8ces de thym pr\u00e9sentent des diff\u00e9rences notables dans leur composition chimique. Certaines contiennent une plus grande proportion de thymol, d&rsquo;autres de carcavrol et d&rsquo;autres encore de citral (analogue \u00e0 l&rsquo;essence de verveine). N\u00e9anmoins, leurs propri\u00e9t\u00e9s sont \u00e9troitement li\u00e9es.\u00a0\u00bb<\/em><br \/>\n~ Jean Valnet, <strong>The Practice of Aromatherapy<\/strong><\/p>\n<p style=\"text-align: center;\"><em>\u00ab\u00a0Je connais une rive o\u00f9 souffle le thym sauvage, o\u00f9 poussent les oxlips et la violette pench\u00e9e, tout \u00e0 fait couverte de l&rsquo;\u00e9pine-vinette luxuriante, de roses musqu\u00e9es et d&rsquo;\u00e9glantines.\u00a0\u00bb<\/em><br \/>\n~ William Shakespeare<\/p>\n<p><img fetchpriority=\"high\" decoding=\"async\" class=\"size-medium wp-image-68103 aligncenter\" src=\"https:\/\/dutchhealthstore.com\/wp-content\/uploads\/2018\/02\/Living-Libations-Organic-Logo-800x89.png\" alt=\"Living Libations - Organic Logo\" width=\"800\" height=\"89\" srcset=\"https:\/\/dutchhealthstore.com\/wp-content\/uploads\/2018\/02\/Living-Libations-Organic-Logo-800x89.png 800w, https:\/\/dutchhealthstore.com\/wp-content\/uploads\/2018\/02\/Living-Libations-Organic-Logo-510x57.png 510w, https:\/\/dutchhealthstore.com\/wp-content\/uploads\/2018\/02\/Living-Libations-Organic-Logo-768x85.png 768w, https:\/\/dutchhealthstore.com\/wp-content\/uploads\/2018\/02\/Living-Libations-Organic-Logo.png 1400w\" sizes=\"(max-width: 800px) 100vw, 800px\" \/><\/p>\n","protected":false},"excerpt":{"rendered":"<p>Abandonnez-vous \u00e0 <strong>Sweet Thyme Essential Oil<\/strong> qui \u00e9tend ses vrilles opportunes de douceur, d&rsquo;amour Le thym doux est la belle vari\u00e9t\u00e9 linalol et il est distill\u00e9 \u00e0 la vapeur de minuscules glandes situ\u00e9es dans les feuilles de cette herbe hale et chaleureux.<br \/>\nDans la Rome antique, les soldats pr\u00e9paraient des bains chauds et relaxants avec du thym doux pour apaiser le corps et absorber l&rsquo;essence de bravoure et de courage de l&rsquo;huile.<br \/>\nLe thym \u00e9tait utilis\u00e9 par les Grecs anciens comme parfum et d\u00e9odorant. Ils l&rsquo;utilisaient comme un bouclier v\u00e9g\u00e9tal pur contre les odeurs environnementales moins douces.<br \/>\nCette b\u00e9n\u00e9diction sucr\u00e9e et beurr\u00e9e est une essence ch\u00e9rie dans notre aroma-apothicaire.<\/p>\n","protected":false},"featured_media":117417,"comment_status":"open","ping_status":"closed","template":"","meta":[],"product_brand":[],"product_cat":[6734,1507,1211,1209,3757,6733],"product_tag":[4495],"class_list":{"0":"post-125003","1":"product","2":"type-product","3":"status-publish","4":"has-post-thumbnail","6":"product_cat-essential-oils","7":"product_cat-plantes-huiles-essentielles-living-libations","8":"product_cat-living-libations-france","9":"product_cat-par-marques","10":"product_cat-plantes-huiles-essentielles","11":"product_cat-wellness-fr-2","12":"product_tag-essential-oil-fr","13":"pa_brand-livinglibations-fr","14":"pa_essential-oils-product-type-essential-oils-fr","15":"pa_size-15-ml-fr","16":"pa_size-5-ml-fr","18":"first","19":"instock","20":"taxable","21":"shipping-taxable","22":"purchasable","23":"product-type-variable"},"bundled_by":[],"bundle_stock_status":"instock","bundle_stock_quantity":null,"bundle_virtual":false,"bundle_layout":"","bundle_add_to_cart_form_location":"","bundle_editable_in_cart":false,"bundle_sold_individually_context":"","bundle_item_grouping":"","bundle_min_size":"","bundle_max_size":"","bundle_price":[],"bundled_items":[],"bundle_sell_ids":[],"atum_controlled":true,"out_stock_date":null,"out_stock_threshold":null,"inheritable":true,"stock_on_hold":1,"sold_today":0,"sales_last_days":0,"out_stock_days":0,"lost_sales":0,"update_date":"2026-04-17T11:58:47","atum_locations":[],"atum_stock_status":"instock","restock_status":false,"low_stock_amount":"","sales_update_date":"2026-04-17T11:58:47","calc_backorders":null,"group_of_quantity":0,"min_quantity":0,"max_quantity":"","exclude_order_quantity_value_rules":"no","exclude_category_quantity_rules":"no","combine_variations":"no","yoast_head":"<!-- This site is optimized with the Yoast SEO Premium plugin v26.5 (Yoast SEO v26.5) - https:\/\/yoast.com\/wordpress\/plugins\/seo\/ -->\n<title>Thyme, Sweet Essential Oil | Living Libations<\/title>\n<meta name=\"description\" content=\"Dans la Rome antique, les soldats pr\u00e9paraient des bains chauds et relaxants avec du thym doux pour apaiser le corps et absorber l&#039;essence de bravoure et de courage de l&#039;huile.\" \/>\n<meta name=\"robots\" content=\"index, follow, max-snippet:-1, max-image-preview:large, max-video-preview:-1\" \/>\n<link rel=\"canonical\" href=\"https:\/\/dutchhealthstore.com\/fr\/product\/thyme-sweet-essential-oil\/\" \/>\n<meta property=\"og:locale\" content=\"fr_FR\" \/>\n<meta property=\"og:type\" content=\"article\" \/>\n<meta property=\"og:title\" content=\"Thyme, Sweet Essential Oil - Dutch Health Store\" \/>\n<meta property=\"og:description\" content=\"Dans la Rome antique, les soldats pr\u00e9paraient des bains chauds et relaxants avec du thym doux pour apaiser le corps et absorber l&#039;essence de bravoure et de courage de l&#039;huile.\" \/>\n<meta property=\"og:url\" content=\"https:\/\/dutchhealthstore.com\/fr\/product\/thyme-sweet-essential-oil\/\" \/>\n<meta property=\"og:site_name\" content=\"Dutch Health Store\" \/>\n<meta property=\"article:publisher\" content=\"https:\/\/www.instagram.com\/dutchhealthstore\/\" \/>\n<meta property=\"article:modified_time\" content=\"2025-08-12T08:36:58+00:00\" \/>\n<meta property=\"og:image\" content=\"https:\/\/dutchhealthstore.com\/wp-content\/uploads\/2020\/07\/Living-Libations-Thyme-Sweet-Esential-oil-e1596438361775.png\" \/>\n\t<meta property=\"og:image:width\" content=\"500\" \/>\n\t<meta property=\"og:image:height\" content=\"500\" \/>\n\t<meta property=\"og:image:type\" content=\"image\/jpeg\" \/>\n<meta name=\"twitter:card\" content=\"summary_large_image\" \/>\n<meta name=\"twitter:label1\" content=\"Disponibilit\u00e9\" \/>\n\t<meta name=\"twitter:data1\" content=\"En stock\" \/>\n<script type=\"application\/ld+json\" class=\"yoast-schema-graph\">{\"@context\":\"https:\/\/schema.org\",\"@graph\":[{\"@type\":\"WebPage\",\"@id\":\"https:\/\/dutchhealthstore.com\/fr\/product\/thyme-sweet-essential-oil\/\",\"url\":\"https:\/\/dutchhealthstore.com\/fr\/product\/thyme-sweet-essential-oil\/\",\"name\":\"Thyme, Sweet Essential Oil | Living Libations\",\"isPartOf\":{\"@id\":\"https:\/\/dutchhealthstore.com\/fr\/#website\"},\"primaryImageOfPage\":{\"@id\":\"https:\/\/dutchhealthstore.com\/fr\/product\/thyme-sweet-essential-oil\/#primaryimage\"},\"image\":{\"@id\":\"https:\/\/dutchhealthstore.com\/fr\/product\/thyme-sweet-essential-oil\/#primaryimage\"},\"thumbnailUrl\":\"https:\/\/dutchhealthstore.com\/wp-content\/uploads\/2020\/07\/Living-Libations-Thyme-Sweet-Esential-oil-e1596438361775.png\",\"datePublished\":\"2020-07-09T07:42:12+00:00\",\"dateModified\":\"2025-08-12T08:36:58+00:00\",\"description\":\"Dans la Rome antique, les soldats pr\u00e9paraient des bains chauds et relaxants avec du thym doux pour apaiser le corps et absorber l'essence de bravoure et de courage de l'huile.\",\"breadcrumb\":{\"@id\":\"https:\/\/dutchhealthstore.com\/fr\/product\/thyme-sweet-essential-oil\/#breadcrumb\"},\"inLanguage\":\"fr-FR\",\"potentialAction\":[{\"@type\":\"ReadAction\",\"target\":[\"https:\/\/dutchhealthstore.com\/fr\/product\/thyme-sweet-essential-oil\/\"]}]},{\"@type\":\"ImageObject\",\"inLanguage\":\"fr-FR\",\"@id\":\"https:\/\/dutchhealthstore.com\/fr\/product\/thyme-sweet-essential-oil\/#primaryimage\",\"url\":\"https:\/\/dutchhealthstore.com\/wp-content\/uploads\/2020\/07\/Living-Libations-Thyme-Sweet-Esential-oil-e1596438361775.png\",\"contentUrl\":\"https:\/\/dutchhealthstore.com\/wp-content\/uploads\/2020\/07\/Living-Libations-Thyme-Sweet-Esential-oil-e1596438361775.png\",\"width\":500,\"height\":500,\"caption\":\"Living Libations Thyme, Sweet Esential oil\"},{\"@type\":\"BreadcrumbList\",\"@id\":\"https:\/\/dutchhealthstore.com\/fr\/product\/thyme-sweet-essential-oil\/#breadcrumb\",\"itemListElement\":[{\"@type\":\"ListItem\",\"position\":1,\"name\":\"Home\",\"item\":\"https:\/\/dutchhealthstore.com\/fr\/\"},{\"@type\":\"ListItem\",\"position\":2,\"name\":\"Shop\",\"item\":\"https:\/\/dutchhealthstore.com\/fr\/shop\/\"},{\"@type\":\"ListItem\",\"position\":3,\"name\":\"Thyme, Sweet Essential Oil\"}]},{\"@type\":\"WebSite\",\"@id\":\"https:\/\/dutchhealthstore.com\/fr\/#website\",\"url\":\"https:\/\/dutchhealthstore.com\/fr\/\",\"name\":\"Dutch Health Store\",\"description\":\"Enhance Your Beauty with Organic &amp; Natural Skincare\",\"publisher\":{\"@id\":\"https:\/\/dutchhealthstore.com\/fr\/#organization\"},\"potentialAction\":[{\"@type\":\"SearchAction\",\"target\":{\"@type\":\"EntryPoint\",\"urlTemplate\":\"https:\/\/dutchhealthstore.com\/fr\/?s={search_term_string}\"},\"query-input\":{\"@type\":\"PropertyValueSpecification\",\"valueRequired\":true,\"valueName\":\"search_term_string\"}}],\"inLanguage\":\"fr-FR\"},{\"@type\":\"Organization\",\"@id\":\"https:\/\/dutchhealthstore.com\/fr\/#organization\",\"name\":\"Dutch Health Store\",\"url\":\"https:\/\/dutchhealthstore.com\/fr\/\",\"logo\":{\"@type\":\"ImageObject\",\"inLanguage\":\"fr-FR\",\"@id\":\"https:\/\/dutchhealthstore.com\/fr\/#\/schema\/logo\/image\/\",\"url\":\"https:\/\/dutchhealthstore.com\/wp-content\/uploads\/2020\/08\/logo-dutchhealthstore-jpg-e1599484957574.jpg\",\"contentUrl\":\"https:\/\/dutchhealthstore.com\/wp-content\/uploads\/2020\/08\/logo-dutchhealthstore-jpg-e1599484957574.jpg\",\"width\":400,\"height\":62,\"caption\":\"Dutch Health Store\"},\"image\":{\"@id\":\"https:\/\/dutchhealthstore.com\/fr\/#\/schema\/logo\/image\/\"},\"sameAs\":[\"https:\/\/www.instagram.com\/dutchhealthstore\/\",\"https:\/\/www.facebook.com\/dutchhealthstore\"]}]}<\/script>\n<meta property=\"product:brand\" content=\"Living Libations\" \/>\n<meta property=\"og:availability\" content=\"instock\" \/>\n<meta property=\"product:availability\" content=\"instock\" \/>\n<meta property=\"product:condition\" content=\"new\" \/>\n<!-- \/ Yoast SEO Premium plugin. -->","yoast_head_json":{"title":"Thyme, Sweet Essential Oil | Living Libations","description":"Dans la Rome antique, les soldats pr\u00e9paraient des bains chauds et relaxants avec du thym doux pour apaiser le corps et absorber l'essence de bravoure et de courage de l'huile.","robots":{"index":"index","follow":"follow","max-snippet":"max-snippet:-1","max-image-preview":"max-image-preview:large","max-video-preview":"max-video-preview:-1"},"canonical":"https:\/\/dutchhealthstore.com\/fr\/product\/thyme-sweet-essential-oil\/","og_locale":"fr_FR","og_type":"article","og_title":"Thyme, Sweet Essential Oil - Dutch Health Store","og_description":"Dans la Rome antique, les soldats pr\u00e9paraient des bains chauds et relaxants avec du thym doux pour apaiser le corps et absorber l'essence de bravoure et de courage de l'huile.","og_url":"https:\/\/dutchhealthstore.com\/fr\/product\/thyme-sweet-essential-oil\/","og_site_name":"Dutch Health Store","article_publisher":"https:\/\/www.instagram.com\/dutchhealthstore\/","article_modified_time":"2025-08-12T08:36:58+00:00","og_image":[{"width":500,"height":500,"url":"https:\/\/dutchhealthstore.com\/wp-content\/uploads\/2020\/07\/Living-Libations-Thyme-Sweet-Esential-oil-e1596438361775.png","type":"image\/jpeg"}],"twitter_card":"summary_large_image","twitter_misc":{"Disponibilit\u00e9":"En stock"},"schema":{"@context":"https:\/\/schema.org","@graph":[{"@type":"WebPage","@id":"https:\/\/dutchhealthstore.com\/fr\/product\/thyme-sweet-essential-oil\/","url":"https:\/\/dutchhealthstore.com\/fr\/product\/thyme-sweet-essential-oil\/","name":"Thyme, Sweet Essential Oil | Living Libations","isPartOf":{"@id":"https:\/\/dutchhealthstore.com\/fr\/#website"},"primaryImageOfPage":{"@id":"https:\/\/dutchhealthstore.com\/fr\/product\/thyme-sweet-essential-oil\/#primaryimage"},"image":{"@id":"https:\/\/dutchhealthstore.com\/fr\/product\/thyme-sweet-essential-oil\/#primaryimage"},"thumbnailUrl":"https:\/\/dutchhealthstore.com\/wp-content\/uploads\/2020\/07\/Living-Libations-Thyme-Sweet-Esential-oil-e1596438361775.png","datePublished":"2020-07-09T07:42:12+00:00","dateModified":"2025-08-12T08:36:58+00:00","description":"Dans la Rome antique, les soldats pr\u00e9paraient des bains chauds et relaxants avec du thym doux pour apaiser le corps et absorber l'essence de bravoure et de courage de l'huile.","breadcrumb":{"@id":"https:\/\/dutchhealthstore.com\/fr\/product\/thyme-sweet-essential-oil\/#breadcrumb"},"inLanguage":"fr-FR","potentialAction":[{"@type":"ReadAction","target":["https:\/\/dutchhealthstore.com\/fr\/product\/thyme-sweet-essential-oil\/"]}]},{"@type":"ImageObject","inLanguage":"fr-FR","@id":"https:\/\/dutchhealthstore.com\/fr\/product\/thyme-sweet-essential-oil\/#primaryimage","url":"https:\/\/dutchhealthstore.com\/wp-content\/uploads\/2020\/07\/Living-Libations-Thyme-Sweet-Esential-oil-e1596438361775.png","contentUrl":"https:\/\/dutchhealthstore.com\/wp-content\/uploads\/2020\/07\/Living-Libations-Thyme-Sweet-Esential-oil-e1596438361775.png","width":500,"height":500,"caption":"Living Libations Thyme, Sweet Esential oil"},{"@type":"BreadcrumbList","@id":"https:\/\/dutchhealthstore.com\/fr\/product\/thyme-sweet-essential-oil\/#breadcrumb","itemListElement":[{"@type":"ListItem","position":1,"name":"Home","item":"https:\/\/dutchhealthstore.com\/fr\/"},{"@type":"ListItem","position":2,"name":"Shop","item":"https:\/\/dutchhealthstore.com\/fr\/shop\/"},{"@type":"ListItem","position":3,"name":"Thyme, Sweet Essential Oil"}]},{"@type":"WebSite","@id":"https:\/\/dutchhealthstore.com\/fr\/#website","url":"https:\/\/dutchhealthstore.com\/fr\/","name":"Dutch Health Store","description":"Enhance Your Beauty with Organic &amp; Natural Skincare","publisher":{"@id":"https:\/\/dutchhealthstore.com\/fr\/#organization"},"potentialAction":[{"@type":"SearchAction","target":{"@type":"EntryPoint","urlTemplate":"https:\/\/dutchhealthstore.com\/fr\/?s={search_term_string}"},"query-input":{"@type":"PropertyValueSpecification","valueRequired":true,"valueName":"search_term_string"}}],"inLanguage":"fr-FR"},{"@type":"Organization","@id":"https:\/\/dutchhealthstore.com\/fr\/#organization","name":"Dutch Health Store","url":"https:\/\/dutchhealthstore.com\/fr\/","logo":{"@type":"ImageObject","inLanguage":"fr-FR","@id":"https:\/\/dutchhealthstore.com\/fr\/#\/schema\/logo\/image\/","url":"https:\/\/dutchhealthstore.com\/wp-content\/uploads\/2020\/08\/logo-dutchhealthstore-jpg-e1599484957574.jpg","contentUrl":"https:\/\/dutchhealthstore.com\/wp-content\/uploads\/2020\/08\/logo-dutchhealthstore-jpg-e1599484957574.jpg","width":400,"height":62,"caption":"Dutch Health Store"},"image":{"@id":"https:\/\/dutchhealthstore.com\/fr\/#\/schema\/logo\/image\/"},"sameAs":["https:\/\/www.instagram.com\/dutchhealthstore\/","https:\/\/www.facebook.com\/dutchhealthstore"]}]},"product_brand":"Living Libations","og_availability":"instock","product_availability":"instock","product_condition":"new"},"_links":{"self":[{"href":"https:\/\/dutchhealthstore.com\/fr\/wp-json\/wp\/v2\/product\/125003","targetHints":{"allow":["GET"]}}],"collection":[{"href":"https:\/\/dutchhealthstore.com\/fr\/wp-json\/wp\/v2\/product"}],"about":[{"href":"https:\/\/dutchhealthstore.com\/fr\/wp-json\/wp\/v2\/types\/product"}],"replies":[{"embeddable":true,"href":"https:\/\/dutchhealthstore.com\/fr\/wp-json\/wp\/v2\/comments?post=125003"}],"wp:featuredmedia":[{"embeddable":true,"href":"https:\/\/dutchhealthstore.com\/fr\/wp-json\/wp\/v2\/media\/117417"}],"wp:attachment":[{"href":"https:\/\/dutchhealthstore.com\/fr\/wp-json\/wp\/v2\/media?parent=125003"}],"wp:term":[{"taxonomy":"product_brand","embeddable":true,"href":"https:\/\/dutchhealthstore.com\/fr\/wp-json\/wp\/v2\/product_brand?post=125003"},{"taxonomy":"product_cat","embeddable":true,"href":"https:\/\/dutchhealthstore.com\/fr\/wp-json\/wp\/v2\/product_cat?post=125003"},{"taxonomy":"product_tag","embeddable":true,"href":"https:\/\/dutchhealthstore.com\/fr\/wp-json\/wp\/v2\/product_tag?post=125003"}],"curies":[{"name":"wp","href":"https:\/\/api.w.org\/{rel}","templated":true}]}}