{"id":124994,"date":"2018-02-10T19:30:06","date_gmt":"2018-02-10T18:30:06","guid":{"rendered":"https:\/\/dutchhealthstore.com\/product\/thyme-essential-oil\/"},"modified":"2025-11-23T13:22:57","modified_gmt":"2025-11-23T12:22:57","slug":"thyme-essential-oil","status":"publish","type":"product","link":"https:\/\/dutchhealthstore.com\/fr\/product\/thyme-essential-oil\/","title":{"rendered":"Thyme Essential Oil"},"content":{"rendered":"<p style=\"font-weight: 400;\"><img decoding=\"async\" class=\"alignright size-full wp-image-37041\" src=\"https:\/\/dutchhealthstore.com\/wp-content\/uploads\/2018\/04\/Living_Libations-1.png\" alt=\"Organic &amp; Natural Beautyproducts - Living Libations\" width=\"175\" height=\"82\"><\/p>\n<p><strong>Nom botanique:<\/strong> Thymus vulgaris<br \/>\n<strong>Famille botanique:<\/strong> Lamiaceae<br \/>\n<strong>M\u00e9thode d&rsquo;extraction:<\/strong> Distillation \u00e0 la vapeur<br \/>\n<strong>Partie de la plante distill\u00e9e:<\/strong> Feuilles et fleurs<br \/>\n<strong>Pays d&rsquo;origine:<\/strong> France<br \/>\n<strong>M\u00e9thode de culture:<\/strong> R\u00e9colte sauvage<br \/>\n<strong>Composition:<\/strong> 100% Thymus vulgaris<br \/>\n<strong>Coh\u00e9rence:<\/strong> Mince<\/p>\n<a href=\"https:\/\/dutchhealthstore.com\/wp-content\/uploads\/2019\/02\/ESSENTIAL-OIL-ANALYSIS-Thyme-Essential-Oil-Living-Libations.pdf\" class=\"button primary is-primary is-small\"  >\n\t\t<span>ANALYSE DES HUILES ESSENTIELLES &gt;&gt;<\/span>\n\t<\/a>\n\n<h3>Description de l&rsquo;odeur<\/h3>\n<p>Frais, chaud, herbac\u00e9, semblable au foin et rigoureux.<\/p>\n<h3>Dans Living Libations<\/h3>\n<p>Frankincense First Friend, Illume Classic<\/p>\n<h3>Se marie bien avec<\/h3>\n<p>Origan, Marjolaine, Vitex, Lavande, Encens, Immortelle, Bergamote, Sauge, Citron, Myrrhe, Ciste, Verveine, Melissa, Ylang, Vanille, Cypr\u00e8s, Gen\u00e9vrier, Rose Otto, et Nard.<\/p>\n<h3>Utilisations<\/h3>\n<p>Diluer pour utiliser comme s\u00e9rum et nettoyant pour la peau. Remontant et \u00e9nergisant. Diffuser pour d\u00e9sodoriser l&rsquo;air. Ponctue les parfums et les eaux de Cologne. Efficace \u00e0 inhaler dans la pipe \u00e0 sel, elle est cependant mieux combin\u00e9e avec d&rsquo;autres huiles essentielles comme le Ravensara, l&rsquo;Eucalyptus, le Romarin, la Lavande, l&rsquo;Encens et la Marjolaine. Pour un traitement soign\u00e9 lorsque la force est n\u00e9cessaire, diluez \u00e0 5% avec de la lavande.<\/p>\n<p>D\u00e9crit comme \u00ab\u00a0le parfum de l&rsquo;aube au paradis\u00a0\u00bb, le thym se r\u00e9v\u00e8le \u00eatre une herbe h\u00e9ro\u00efque. Il est rare et envo\u00fbtant de trouver une huile aussi puissante qui sent aussi bon. Le mot latin thymos signifie \u00ab\u00a0parfumer\u00a0\u00bb, et les Grecs anciens utilisaient le mot thymiatechny pour d\u00e9crire l&rsquo;art d&rsquo;utiliser les parfums comme th\u00e9rapie. Un \u00e9ternel favori de l&rsquo;industrie de la parfumerie, et en m\u00eame temps, le thym est un magicien dans les s\u00e9rums pour la peau.<\/p>\n<p>Laissez le parfum embaumer votre esprit avec ces mol\u00e9cules qui d\u00e9gagent les voies de la concentration et de la cr\u00e9ativit\u00e9.<\/p>\n<h3>Ingr\u00e9dients Biologiques<\/h3>\n<p>100% huile essentielle de thym (thymus vulgaris).<\/p>\n<p style=\"text-align: center;\"><em>\u00ab\u00a0Le v\u00e9ritable Thymus vulgaris n&rsquo;est pas aussi facilement disponible qu&rsquo;on pourrait le croire. Dans son \u00e9tat authentique, il a un parfum nettement plus agr\u00e9able que la plupart des huiles dont la teneur en ph\u00e9nols a \u00e9t\u00e9 ajust\u00e9e vers le haut.\u00a0\u00bb<\/em><br \/>\n~Kurt Schnaubelt, <strong>Advanced Aromatherapy<\/strong><\/p>\n<p style=\"text-align: center;\"><em>\u00ab\u00a0Il y a du feu dans l&rsquo;\u00e2me du thym&#8230;\u00a0\u00bb<\/em><br \/>\n~Valerie Ann Worwood, <strong>Aromatherapy for the Soul<\/strong><\/p>\n<p style=\"text-align: center;\"><em>\u00ab\u00a0Il [thyme] est utile chaque fois que la chaleur int\u00e9rieure est faible ou absente; exc\u00e8s d&rsquo;eau, tendances frileuses, froid et faiblesse du <span style=\"font-size: 14.4px;\">centre<\/span> vital\u00a0\u00bb.<\/em><br \/>\n~Marcel Lavabre, <strong>Aromatherapy Workbook<\/strong><\/p>\n<p style=\"text-align: center;\"><em>\u00a0\u00bb L&rsquo;huile essentielle r\u00e9duit la fatigue et aide \u00e0 reprendre des forces apr\u00e8s de longues maladies.<\/em><br \/>\n<em>On pense m\u00eame que le thym augmente l&rsquo;intelligence et favorise la concentration.\u00a0\u00bb<\/em><br \/>\n~Suzanne Fischer-Rizzi, <strong>Complete Aromatherapy Handbook<\/strong><\/p>\n<p style=\"text-align: center;\"><em>\u00ab\u00a0Les Romains se baignaient dans le thym pour se donner de la <span style=\"font-size: 14.4px;\">vigueur<\/span> et du courage&#8230; Il \u00e9tait \u00e9galement consid\u00e9r\u00e9 comme un excellent tonique pour la m\u00e9lancolie&#8230; En tant que fumig\u00e8ne, elle \u00e9tait consid\u00e9r\u00e9e comme une herbe de purification et de nettoyage, et on pensait qu&rsquo;elle \u00ab\u00a0\u00e9gayait les esprits\u00a0\u00bb par son parfum.\u00a0\u00bb<\/em><br \/>\n~Julia Lawless, <strong>Aromatherapy and the Mind<\/strong><\/p>\n<p style=\"text-align: center;\"><em>\u00ab\u00a0Comme le mot grec ancien \u00ab\u00a0thymos\u00a0\u00bb signifie \u00ab\u00a0parfumer\u00a0\u00bb, il n&rsquo;est gu\u00e8re surprenant que l&rsquo;huile de thym soit utilis\u00e9e en parfumerie.\u00a0\u00bb<\/em><br \/>\n~ Marlene Jones, <strong>The Complete Guide to Creating huile, Soaps, Creams, and Herbal Gels for your Mind and Body<\/strong><\/p>\n<p>&nbsp;<\/p>\n<p style=\"text-align: center;\"><img fetchpriority=\"high\" decoding=\"async\" class=\"aligncenter size-full wp-image-31577\" src=\"https:\/\/dutchhealthstore.com\/wp-content\/uploads\/2018\/03\/organic_big.png\" alt=\"Organic and Natural - Living Libations\" width=\"623\" height=\"103\" srcset=\"https:\/\/dutchhealthstore.com\/wp-content\/uploads\/2018\/03\/organic_big.png 623w, https:\/\/dutchhealthstore.com\/wp-content\/uploads\/2018\/03\/organic_big-510x84.png 510w, https:\/\/dutchhealthstore.com\/wp-content\/uploads\/2018\/03\/organic_big-600x99.png 600w, https:\/\/dutchhealthstore.com\/wp-content\/uploads\/2018\/03\/organic_big-350x58.png 350w\" sizes=\"(max-width: 623px) 100vw, 623px\" \/><\/p>\n","protected":false},"excerpt":{"rendered":"<p><strong>Thyme Essential Oil<\/strong> est un d\u00e9sodorisant et un nettoyant vigoureux. Ce parfum chaud et l\u00e9g\u00e8rement rigoureux t\u00e9moigne de la puissance v\u00e9g\u00e9tale pure de cette essence puissante. Cette plante h\u00e9ro\u00efque a l&rsquo;habitude d&rsquo;aider les gens \u00e0 se r\u00e9tablir \u00e9motionnellement apr\u00e8s un d\u00e9clin de leur bien-\u00eatre. Notre huile essentielle huile thym sauvage est herbac\u00e9e et douce et l&rsquo;une des essences de plantes les plus pratiques que vous puissiez rencontrer.<\/p>\n","protected":false},"featured_media":117398,"comment_status":"open","ping_status":"closed","template":"","meta":[],"product_brand":[],"product_cat":[1507,6734,1211,1209,3757,1010,6733],"product_tag":[4495],"class_list":{"0":"post-124994","1":"product","2":"type-product","3":"status-publish","4":"has-post-thumbnail","6":"product_cat-plantes-huiles-essentielles-living-libations","7":"product_cat-essential-oils","8":"product_cat-living-libations-france","9":"product_cat-par-marques","10":"product_cat-plantes-huiles-essentielles","11":"product_cat-notre-boutique","12":"product_cat-wellness-fr-2","13":"product_tag-essential-oil-fr","14":"pa_bestsellers-goed-fr","15":"pa_brand-livinglibations-fr","16":"pa_essential-oils-product-type-essential-oils-fr","17":"pa_size-5-ml-fr","18":"pa_size-15-ml-fr","20":"first","21":"instock","22":"taxable","23":"shipping-taxable","24":"purchasable","25":"product-type-variable"},"bundled_by":[],"bundle_stock_status":"instock","bundle_stock_quantity":null,"bundle_virtual":false,"bundle_layout":"","bundle_add_to_cart_form_location":"","bundle_editable_in_cart":false,"bundle_sold_individually_context":"","bundle_item_grouping":"","bundle_min_size":"","bundle_max_size":"","bundle_price":[],"bundled_items":[],"bundle_sell_ids":[],"atum_controlled":true,"out_stock_date":null,"out_stock_threshold":null,"inheritable":true,"stock_on_hold":0,"sold_today":0,"sales_last_days":0,"out_stock_days":0,"lost_sales":0,"update_date":"2026-04-05T01:45:29","atum_locations":[],"atum_stock_status":"outofstock","restock_status":false,"low_stock_amount":"","sales_update_date":"2026-04-05T01:45:29","calc_backorders":null,"group_of_quantity":0,"min_quantity":0,"max_quantity":"","exclude_order_quantity_value_rules":"no","exclude_category_quantity_rules":"no","combine_variations":"no","yoast_head":"<!-- This site is optimized with the Yoast SEO Premium plugin v26.5 (Yoast SEO v26.5) - https:\/\/yoast.com\/wordpress\/plugins\/seo\/ -->\n<title>Thyme Essential Oil | Living Libations<\/title>\n<meta name=\"description\" content=\"Thyme Essential Oil est un d\u00e9sodorisant et un nettoyant vigoureux. Ce parfum chaud et l\u00e9g\u00e8rement rigoureux t\u00e9moigne de la puissance v\u00e9g\u00e9tale pure de cette essence puissante.\" \/>\n<meta name=\"robots\" content=\"index, follow, max-snippet:-1, max-image-preview:large, max-video-preview:-1\" \/>\n<link rel=\"canonical\" href=\"https:\/\/dutchhealthstore.com\/fr\/product\/thyme-essential-oil\/\" \/>\n<meta property=\"og:locale\" content=\"fr_FR\" \/>\n<meta property=\"og:type\" content=\"article\" \/>\n<meta property=\"og:title\" content=\"Thyme Essential Oil - Dutch Health Store\" \/>\n<meta property=\"og:description\" content=\"Thyme Essential Oil est un d\u00e9sodorisant et un nettoyant vigoureux. Ce parfum chaud et l\u00e9g\u00e8rement rigoureux t\u00e9moigne de la puissance v\u00e9g\u00e9tale pure de cette essence puissante.\" \/>\n<meta property=\"og:url\" content=\"https:\/\/dutchhealthstore.com\/fr\/product\/thyme-essential-oil\/\" \/>\n<meta property=\"og:site_name\" content=\"Dutch Health Store\" \/>\n<meta property=\"article:publisher\" content=\"https:\/\/www.instagram.com\/dutchhealthstore\/\" \/>\n<meta property=\"article:modified_time\" content=\"2025-11-23T12:22:57+00:00\" \/>\n<meta property=\"og:image\" content=\"https:\/\/dutchhealthstore.com\/wp-content\/uploads\/2018\/02\/Living-Libations-Thyme-Essential-Oil-e1596437588518.jpg\" \/>\n\t<meta property=\"og:image:width\" content=\"500\" \/>\n\t<meta property=\"og:image:height\" content=\"500\" \/>\n\t<meta property=\"og:image:type\" content=\"image\/jpeg\" \/>\n<meta name=\"twitter:card\" content=\"summary_large_image\" \/>\n<meta name=\"twitter:label1\" content=\"Disponibilit\u00e9\" \/>\n\t<meta name=\"twitter:data1\" content=\"En stock\" \/>\n<script type=\"application\/ld+json\" class=\"yoast-schema-graph\">{\"@context\":\"https:\/\/schema.org\",\"@graph\":[{\"@type\":\"WebPage\",\"@id\":\"https:\/\/dutchhealthstore.com\/fr\/product\/thyme-essential-oil\/\",\"url\":\"https:\/\/dutchhealthstore.com\/fr\/product\/thyme-essential-oil\/\",\"name\":\"Thyme Essential Oil | Living Libations\",\"isPartOf\":{\"@id\":\"https:\/\/dutchhealthstore.com\/fr\/#website\"},\"primaryImageOfPage\":{\"@id\":\"https:\/\/dutchhealthstore.com\/fr\/product\/thyme-essential-oil\/#primaryimage\"},\"image\":{\"@id\":\"https:\/\/dutchhealthstore.com\/fr\/product\/thyme-essential-oil\/#primaryimage\"},\"thumbnailUrl\":\"https:\/\/dutchhealthstore.com\/wp-content\/uploads\/2018\/02\/Living-Libations-Thyme-Essential-Oil-e1596437588518.jpg\",\"datePublished\":\"2018-02-10T18:30:06+00:00\",\"dateModified\":\"2025-11-23T12:22:57+00:00\",\"description\":\"Thyme Essential Oil est un d\u00e9sodorisant et un nettoyant vigoureux. Ce parfum chaud et l\u00e9g\u00e8rement rigoureux t\u00e9moigne de la puissance v\u00e9g\u00e9tale pure de cette essence puissante.\",\"breadcrumb\":{\"@id\":\"https:\/\/dutchhealthstore.com\/fr\/product\/thyme-essential-oil\/#breadcrumb\"},\"inLanguage\":\"fr-FR\",\"potentialAction\":[{\"@type\":\"ReadAction\",\"target\":[\"https:\/\/dutchhealthstore.com\/fr\/product\/thyme-essential-oil\/\"]}]},{\"@type\":\"ImageObject\",\"inLanguage\":\"fr-FR\",\"@id\":\"https:\/\/dutchhealthstore.com\/fr\/product\/thyme-essential-oil\/#primaryimage\",\"url\":\"https:\/\/dutchhealthstore.com\/wp-content\/uploads\/2018\/02\/Living-Libations-Thyme-Essential-Oil-e1596437588518.jpg\",\"contentUrl\":\"https:\/\/dutchhealthstore.com\/wp-content\/uploads\/2018\/02\/Living-Libations-Thyme-Essential-Oil-e1596437588518.jpg\",\"width\":500,\"height\":500,\"caption\":\"Living Libations Thyme Essential Oil\"},{\"@type\":\"BreadcrumbList\",\"@id\":\"https:\/\/dutchhealthstore.com\/fr\/product\/thyme-essential-oil\/#breadcrumb\",\"itemListElement\":[{\"@type\":\"ListItem\",\"position\":1,\"name\":\"Home\",\"item\":\"https:\/\/dutchhealthstore.com\/fr\/\"},{\"@type\":\"ListItem\",\"position\":2,\"name\":\"Shop\",\"item\":\"https:\/\/dutchhealthstore.com\/fr\/shop\/\"},{\"@type\":\"ListItem\",\"position\":3,\"name\":\"Thyme Essential Oil\"}]},{\"@type\":\"WebSite\",\"@id\":\"https:\/\/dutchhealthstore.com\/fr\/#website\",\"url\":\"https:\/\/dutchhealthstore.com\/fr\/\",\"name\":\"Dutch Health Store\",\"description\":\"Enhance Your Beauty with Organic &amp; Natural Skincare\",\"publisher\":{\"@id\":\"https:\/\/dutchhealthstore.com\/fr\/#organization\"},\"potentialAction\":[{\"@type\":\"SearchAction\",\"target\":{\"@type\":\"EntryPoint\",\"urlTemplate\":\"https:\/\/dutchhealthstore.com\/fr\/?s={search_term_string}\"},\"query-input\":{\"@type\":\"PropertyValueSpecification\",\"valueRequired\":true,\"valueName\":\"search_term_string\"}}],\"inLanguage\":\"fr-FR\"},{\"@type\":\"Organization\",\"@id\":\"https:\/\/dutchhealthstore.com\/fr\/#organization\",\"name\":\"Dutch Health Store\",\"url\":\"https:\/\/dutchhealthstore.com\/fr\/\",\"logo\":{\"@type\":\"ImageObject\",\"inLanguage\":\"fr-FR\",\"@id\":\"https:\/\/dutchhealthstore.com\/fr\/#\/schema\/logo\/image\/\",\"url\":\"https:\/\/dutchhealthstore.com\/wp-content\/uploads\/2020\/08\/logo-dutchhealthstore-jpg-e1599484957574.jpg\",\"contentUrl\":\"https:\/\/dutchhealthstore.com\/wp-content\/uploads\/2020\/08\/logo-dutchhealthstore-jpg-e1599484957574.jpg\",\"width\":400,\"height\":62,\"caption\":\"Dutch Health Store\"},\"image\":{\"@id\":\"https:\/\/dutchhealthstore.com\/fr\/#\/schema\/logo\/image\/\"},\"sameAs\":[\"https:\/\/www.instagram.com\/dutchhealthstore\/\",\"https:\/\/www.facebook.com\/dutchhealthstore\"]}]}<\/script>\n<meta property=\"product:brand\" content=\"Living Libations\" \/>\n<meta property=\"og:availability\" content=\"instock\" \/>\n<meta property=\"product:availability\" content=\"instock\" \/>\n<meta property=\"product:condition\" content=\"new\" \/>\n<!-- \/ Yoast SEO Premium plugin. -->","yoast_head_json":{"title":"Thyme Essential Oil | Living Libations","description":"Thyme Essential Oil est un d\u00e9sodorisant et un nettoyant vigoureux. Ce parfum chaud et l\u00e9g\u00e8rement rigoureux t\u00e9moigne de la puissance v\u00e9g\u00e9tale pure de cette essence puissante.","robots":{"index":"index","follow":"follow","max-snippet":"max-snippet:-1","max-image-preview":"max-image-preview:large","max-video-preview":"max-video-preview:-1"},"canonical":"https:\/\/dutchhealthstore.com\/fr\/product\/thyme-essential-oil\/","og_locale":"fr_FR","og_type":"article","og_title":"Thyme Essential Oil - Dutch Health Store","og_description":"Thyme Essential Oil est un d\u00e9sodorisant et un nettoyant vigoureux. Ce parfum chaud et l\u00e9g\u00e8rement rigoureux t\u00e9moigne de la puissance v\u00e9g\u00e9tale pure de cette essence puissante.","og_url":"https:\/\/dutchhealthstore.com\/fr\/product\/thyme-essential-oil\/","og_site_name":"Dutch Health Store","article_publisher":"https:\/\/www.instagram.com\/dutchhealthstore\/","article_modified_time":"2025-11-23T12:22:57+00:00","og_image":[{"width":500,"height":500,"url":"https:\/\/dutchhealthstore.com\/wp-content\/uploads\/2018\/02\/Living-Libations-Thyme-Essential-Oil-e1596437588518.jpg","type":"image\/jpeg"}],"twitter_card":"summary_large_image","twitter_misc":{"Disponibilit\u00e9":"En stock"},"schema":{"@context":"https:\/\/schema.org","@graph":[{"@type":"WebPage","@id":"https:\/\/dutchhealthstore.com\/fr\/product\/thyme-essential-oil\/","url":"https:\/\/dutchhealthstore.com\/fr\/product\/thyme-essential-oil\/","name":"Thyme Essential Oil | Living Libations","isPartOf":{"@id":"https:\/\/dutchhealthstore.com\/fr\/#website"},"primaryImageOfPage":{"@id":"https:\/\/dutchhealthstore.com\/fr\/product\/thyme-essential-oil\/#primaryimage"},"image":{"@id":"https:\/\/dutchhealthstore.com\/fr\/product\/thyme-essential-oil\/#primaryimage"},"thumbnailUrl":"https:\/\/dutchhealthstore.com\/wp-content\/uploads\/2018\/02\/Living-Libations-Thyme-Essential-Oil-e1596437588518.jpg","datePublished":"2018-02-10T18:30:06+00:00","dateModified":"2025-11-23T12:22:57+00:00","description":"Thyme Essential Oil est un d\u00e9sodorisant et un nettoyant vigoureux. Ce parfum chaud et l\u00e9g\u00e8rement rigoureux t\u00e9moigne de la puissance v\u00e9g\u00e9tale pure de cette essence puissante.","breadcrumb":{"@id":"https:\/\/dutchhealthstore.com\/fr\/product\/thyme-essential-oil\/#breadcrumb"},"inLanguage":"fr-FR","potentialAction":[{"@type":"ReadAction","target":["https:\/\/dutchhealthstore.com\/fr\/product\/thyme-essential-oil\/"]}]},{"@type":"ImageObject","inLanguage":"fr-FR","@id":"https:\/\/dutchhealthstore.com\/fr\/product\/thyme-essential-oil\/#primaryimage","url":"https:\/\/dutchhealthstore.com\/wp-content\/uploads\/2018\/02\/Living-Libations-Thyme-Essential-Oil-e1596437588518.jpg","contentUrl":"https:\/\/dutchhealthstore.com\/wp-content\/uploads\/2018\/02\/Living-Libations-Thyme-Essential-Oil-e1596437588518.jpg","width":500,"height":500,"caption":"Living Libations Thyme Essential Oil"},{"@type":"BreadcrumbList","@id":"https:\/\/dutchhealthstore.com\/fr\/product\/thyme-essential-oil\/#breadcrumb","itemListElement":[{"@type":"ListItem","position":1,"name":"Home","item":"https:\/\/dutchhealthstore.com\/fr\/"},{"@type":"ListItem","position":2,"name":"Shop","item":"https:\/\/dutchhealthstore.com\/fr\/shop\/"},{"@type":"ListItem","position":3,"name":"Thyme Essential Oil"}]},{"@type":"WebSite","@id":"https:\/\/dutchhealthstore.com\/fr\/#website","url":"https:\/\/dutchhealthstore.com\/fr\/","name":"Dutch Health Store","description":"Enhance Your Beauty with Organic &amp; Natural Skincare","publisher":{"@id":"https:\/\/dutchhealthstore.com\/fr\/#organization"},"potentialAction":[{"@type":"SearchAction","target":{"@type":"EntryPoint","urlTemplate":"https:\/\/dutchhealthstore.com\/fr\/?s={search_term_string}"},"query-input":{"@type":"PropertyValueSpecification","valueRequired":true,"valueName":"search_term_string"}}],"inLanguage":"fr-FR"},{"@type":"Organization","@id":"https:\/\/dutchhealthstore.com\/fr\/#organization","name":"Dutch Health Store","url":"https:\/\/dutchhealthstore.com\/fr\/","logo":{"@type":"ImageObject","inLanguage":"fr-FR","@id":"https:\/\/dutchhealthstore.com\/fr\/#\/schema\/logo\/image\/","url":"https:\/\/dutchhealthstore.com\/wp-content\/uploads\/2020\/08\/logo-dutchhealthstore-jpg-e1599484957574.jpg","contentUrl":"https:\/\/dutchhealthstore.com\/wp-content\/uploads\/2020\/08\/logo-dutchhealthstore-jpg-e1599484957574.jpg","width":400,"height":62,"caption":"Dutch Health Store"},"image":{"@id":"https:\/\/dutchhealthstore.com\/fr\/#\/schema\/logo\/image\/"},"sameAs":["https:\/\/www.instagram.com\/dutchhealthstore\/","https:\/\/www.facebook.com\/dutchhealthstore"]}]},"product_brand":"Living Libations","og_availability":"instock","product_availability":"instock","product_condition":"new"},"_links":{"self":[{"href":"https:\/\/dutchhealthstore.com\/fr\/wp-json\/wp\/v2\/product\/124994","targetHints":{"allow":["GET"]}}],"collection":[{"href":"https:\/\/dutchhealthstore.com\/fr\/wp-json\/wp\/v2\/product"}],"about":[{"href":"https:\/\/dutchhealthstore.com\/fr\/wp-json\/wp\/v2\/types\/product"}],"replies":[{"embeddable":true,"href":"https:\/\/dutchhealthstore.com\/fr\/wp-json\/wp\/v2\/comments?post=124994"}],"wp:featuredmedia":[{"embeddable":true,"href":"https:\/\/dutchhealthstore.com\/fr\/wp-json\/wp\/v2\/media\/117398"}],"wp:attachment":[{"href":"https:\/\/dutchhealthstore.com\/fr\/wp-json\/wp\/v2\/media?parent=124994"}],"wp:term":[{"taxonomy":"product_brand","embeddable":true,"href":"https:\/\/dutchhealthstore.com\/fr\/wp-json\/wp\/v2\/product_brand?post=124994"},{"taxonomy":"product_cat","embeddable":true,"href":"https:\/\/dutchhealthstore.com\/fr\/wp-json\/wp\/v2\/product_cat?post=124994"},{"taxonomy":"product_tag","embeddable":true,"href":"https:\/\/dutchhealthstore.com\/fr\/wp-json\/wp\/v2\/product_tag?post=124994"}],"curies":[{"name":"wp","href":"https:\/\/api.w.org\/{rel}","templated":true}]}}