{"id":124986,"date":"2020-06-16T09:00:37","date_gmt":"2020-06-16T07:00:37","guid":{"rendered":"https:\/\/dutchhealthstore.com\/product\/tarragon-essential-oil\/"},"modified":"2025-11-23T13:22:35","modified_gmt":"2025-11-23T12:22:35","slug":"tarragon-essential-oil","status":"publish","type":"product","link":"https:\/\/dutchhealthstore.com\/fr\/product\/tarragon-essential-oil\/","title":{"rendered":"Tarragon Essential Oil"},"content":{"rendered":"<p><img decoding=\"async\" class=\"size-full wp-image-69549 alignright\" src=\"https:\/\/dutchhealthstore.com\/wp-content\/uploads\/2019\/08\/NEW-Living-Libations-Logo.jpg\" alt=\"NEW - Living Libations - Logo\" width=\"175\" height=\"82\"><strong>Nom botanique :<\/strong> Artemisia dracunculus<br \/>\n<strong>Famille botanique :<\/strong> Asteraceae<br \/>\n<strong>M\u00e9thode d&rsquo;extraction :<\/strong> Distillation \u00e0 la vapeur<br \/>\n<strong>Partie de la plante distill\u00e9e :<\/strong> Feuilles et fleurs<br \/>\n<strong>Pays d&rsquo;origine :<\/strong> France<br \/>\n<strong>M\u00e9thode de culture :<\/strong> Organique<br \/>\n<strong>Composition :<\/strong> 100 % Artemisia dracunculus<br \/>\n<strong>Coh\u00e9rence :<\/strong> Mince<\/p>\n<h3>Description de l&rsquo;odeur<\/h3>\n<p>Doux et \u00e9pic\u00e9 avec des notes parfum\u00e9es d&rsquo;anis envelopp\u00e9es de sauge.<\/p>\n<h3>Dans Living Libations<\/h3>\n<p>Zest the Best<\/p>\n<h3>Se marie bien avec<\/h3>\n<p>Cardamome, sauge sclar\u00e9e, lavande, marjolaine, origan, hysope, menthe poivr\u00e9e, citron, lime, bergamote, pin, cypr\u00e8s, gen\u00e9vrier et thym.<\/p>\n<h3>Utilisations<\/h3>\n<p>M\u00e9langez comme une huile de massage musculaire. Un rafra\u00eechisseur d&rsquo;haleine savoureux. B\u00e9n\u00e9fique dans les bains. Termine les cr\u00e9ations culinaires.<\/p>\n<h3>Contre-indication<\/h3>\n<p>Ne pas utiliser pendant la grossesse.<\/p>\n<a href=\"https:\/\/dutchhealthstore.com\/wp-content\/uploads\/2020\/06\/ANALYSIS-Tarragon-Essential-Oil-Living-Libations-1.pdf\" class=\"button primary is-primary is-small\"  >\n\t\t<span>ANALYSE DES HUILES ESSENTIELLES &gt;<\/span>\n\t<\/a>\n\n<p>Tarragon Essential Oil est distill\u00e9e \u00e0 partir de l&rsquo;\u00e9nergie g\u00e9n\u00e9reuse et protectrice de l&rsquo;estragon, \u00ab\u00a0plante compagne\u00a0\u00bb. L&rsquo;estragon pousse dans les zones sablonneuses avec peu d&rsquo;eau dans le sol et prot\u00e8ge ses voisins v\u00e9g\u00e9taux des insectes et de la pourriture. Les racines en forme de dragon de cette plante sont utilis\u00e9es depuis des si\u00e8cles en Europe et en Am\u00e9rique du Nord pour des cr\u00e9ations culinaires, des huiles de massage musculaire et des baumes respiratoires.<\/p>\n<p>Utilis\u00e9 comme une herbe culinaire extraordinaire, l&rsquo;estragon peut \u00eatre utilis\u00e9 \u00e0 la place de l&rsquo;herbe fra\u00eeche ou s\u00e9ch\u00e9e. L&rsquo;ar\u00f4me, un des pr\u00e9f\u00e9r\u00e9s des chefs, est doux et \u00e9pic\u00e9, avec d&rsquo;heureuses notes d&rsquo;anis et de sauge conseil.<\/p>\n<p><strong>Taille : 5 ml<\/strong><\/p>\n<h3>Ingr\u00e9dients biologiques<\/h3>\n<p>100% huile essentielle d&rsquo;estragon (Artemisia dracunculus).<\/p>\n<p style=\"text-align: center;\"><em>\u00ab\u00a0L&rsquo;orgue \u00e0 parfums jouait un d\u00e9licieux et rafra\u00eechissant Capriccio aux herbes &#8211; des arp\u00e8ges de thym et de lavande, de romarin, de basilic, de myrte, d&rsquo;estragon ; une s\u00e9rie de modulations audacieuses \u00e0 travers les touches d&rsquo;\u00e9pices jusqu&rsquo;\u00e0 l&rsquo;ambre gris ; et un lent retour \u00e0 travers le bois de santal, le camphre, le c\u00e8dre et le foin fra\u00eechement coup\u00e9&#8230; pour revenir aux simples ar\u00f4mes avec lesquels la pi\u00e8ce avait commenc\u00e9. Le dernier souffle de thym s&rsquo;est \u00e9teint, il y a eu une salve d&rsquo;applaudissements et les lumi\u00e8res se sont \u00e9teintes\u00a0\u00bb.<\/em><br \/>\n~ Aldous Huxley, <strong>Brave New World<\/strong><\/p>\n<p><img fetchpriority=\"high\" decoding=\"async\" class=\"size-medium wp-image-68103 aligncenter\" src=\"https:\/\/dutchhealthstore.com\/wp-content\/uploads\/2018\/02\/Living-Libations-Organic-Logo-800x89.png\" alt=\"Living Libations - Organic Logo\" width=\"800\" height=\"89\" srcset=\"https:\/\/dutchhealthstore.com\/wp-content\/uploads\/2018\/02\/Living-Libations-Organic-Logo-800x89.png 800w, https:\/\/dutchhealthstore.com\/wp-content\/uploads\/2018\/02\/Living-Libations-Organic-Logo-510x57.png 510w, https:\/\/dutchhealthstore.com\/wp-content\/uploads\/2018\/02\/Living-Libations-Organic-Logo-768x85.png 768w, https:\/\/dutchhealthstore.com\/wp-content\/uploads\/2018\/02\/Living-Libations-Organic-Logo.png 1400w\" sizes=\"(max-width: 800px) 100vw, 800px\" \/><\/p>\n","protected":false},"excerpt":{"rendered":"<p><strong>Tarragon Essential Oil<\/strong> all\u00e9chante est distill\u00e9e \u00e0 la vapeur \u00e0 partir des feuilles et des fleurs de la plante Artemisia dracunculus. Il est \u00e9galement connu sous le nom d&rsquo;herbe au dragon, en raison de ses racines semblables \u00e0 celles d&rsquo;un dragon. Notre huile savoureuse s\u00e9duit par l&rsquo;ar\u00f4me app\u00e9tissant de l&rsquo;anis qui est envelopp\u00e9 de sauge et de verdure.<\/p>\n","protected":false},"featured_media":86311,"comment_status":"open","ping_status":"closed","template":"","meta":[],"product_brand":[],"product_cat":[6734,1507,1211,1209,3757,6733],"product_tag":[4495],"class_list":{"0":"post-124986","1":"product","2":"type-product","3":"status-publish","4":"has-post-thumbnail","6":"product_cat-essential-oils","7":"product_cat-plantes-huiles-essentielles-living-libations","8":"product_cat-living-libations-france","9":"product_cat-par-marques","10":"product_cat-plantes-huiles-essentielles","11":"product_cat-wellness-fr-2","12":"product_tag-essential-oil-fr","13":"pa_brand-livinglibations-fr","14":"pa_essential-oils-product-type-essential-oils-fr","15":"pa_size-5-ml-fr","17":"first","18":"instock","19":"taxable","20":"shipping-taxable","21":"purchasable","22":"product-type-simple"},"bundled_by":[],"bundle_stock_status":"instock","bundle_stock_quantity":3,"bundle_virtual":false,"bundle_layout":"","bundle_add_to_cart_form_location":"","bundle_editable_in_cart":false,"bundle_sold_individually_context":"","bundle_item_grouping":"","bundle_min_size":"","bundle_max_size":"","bundle_price":[],"bundled_items":[],"bundle_sell_ids":[],"atum_controlled":true,"out_stock_date":null,"out_stock_threshold":null,"inheritable":false,"stock_on_hold":0,"sold_today":0,"sales_last_days":0,"out_stock_days":0,"lost_sales":0,"update_date":"2026-04-05T01:46:36","atum_locations":[],"atum_stock_status":"instock","restock_status":false,"low_stock_amount":"","sales_update_date":"2026-04-05T01:46:36","calc_backorders":null,"group_of_quantity":0,"min_quantity":0,"max_quantity":"","exclude_order_quantity_value_rules":"no","exclude_category_quantity_rules":"no","combine_variations":"no","yoast_head":"<!-- This site is optimized with the Yoast SEO Premium plugin v26.5 (Yoast SEO v26.5) - https:\/\/yoast.com\/wordpress\/plugins\/seo\/ -->\n<title>Tarragon Essential Oil | Living Libations<\/title>\n<meta name=\"description\" content=\"Tarragon Essential Oil all\u00e9chante est distill\u00e9e \u00e0 la vapeur \u00e0 partir des feuilles et des fleurs de la plante Artemisia dracunculus.\" \/>\n<meta name=\"robots\" content=\"index, follow, max-snippet:-1, max-image-preview:large, max-video-preview:-1\" \/>\n<link rel=\"canonical\" href=\"https:\/\/dutchhealthstore.com\/fr\/product\/tarragon-essential-oil\/\" \/>\n<meta property=\"og:locale\" content=\"fr_FR\" \/>\n<meta property=\"og:type\" content=\"article\" \/>\n<meta property=\"og:title\" content=\"Tarragon Essential Oil - Dutch Health Store\" \/>\n<meta property=\"og:description\" content=\"Tarragon Essential Oil all\u00e9chante est distill\u00e9e \u00e0 la vapeur \u00e0 partir des feuilles et des fleurs de la plante Artemisia dracunculus.\" \/>\n<meta property=\"og:url\" content=\"https:\/\/dutchhealthstore.com\/fr\/product\/tarragon-essential-oil\/\" \/>\n<meta property=\"og:site_name\" content=\"Dutch Health Store\" \/>\n<meta property=\"article:publisher\" content=\"https:\/\/www.instagram.com\/dutchhealthstore\/\" \/>\n<meta property=\"article:modified_time\" content=\"2025-11-23T12:22:35+00:00\" \/>\n<meta property=\"og:image\" content=\"https:\/\/dutchhealthstore.com\/wp-content\/uploads\/2018\/02\/Tarragon-Essential-Oil-Living-Libations-e1592297216591.jpg\" \/>\n\t<meta property=\"og:image:width\" content=\"500\" \/>\n\t<meta property=\"og:image:height\" content=\"500\" \/>\n\t<meta property=\"og:image:type\" content=\"image\/jpeg\" \/>\n<meta name=\"twitter:card\" content=\"summary_large_image\" \/>\n<meta name=\"twitter:label1\" content=\"Prix\" \/>\n\t<meta name=\"twitter:data1\" content=\"&euro;21,00\" \/>\n\t<meta name=\"twitter:label2\" content=\"Disponibilit\u00e9\" \/>\n\t<meta name=\"twitter:data2\" content=\"En stock\" \/>\n<script type=\"application\/ld+json\" class=\"yoast-schema-graph\">{\"@context\":\"https:\/\/schema.org\",\"@graph\":[{\"@type\":\"WebPage\",\"@id\":\"https:\/\/dutchhealthstore.com\/fr\/product\/tarragon-essential-oil\/\",\"url\":\"https:\/\/dutchhealthstore.com\/fr\/product\/tarragon-essential-oil\/\",\"name\":\"Tarragon Essential Oil | Living Libations\",\"isPartOf\":{\"@id\":\"https:\/\/dutchhealthstore.com\/fr\/#website\"},\"primaryImageOfPage\":{\"@id\":\"https:\/\/dutchhealthstore.com\/fr\/product\/tarragon-essential-oil\/#primaryimage\"},\"image\":{\"@id\":\"https:\/\/dutchhealthstore.com\/fr\/product\/tarragon-essential-oil\/#primaryimage\"},\"thumbnailUrl\":\"https:\/\/dutchhealthstore.com\/wp-content\/uploads\/2018\/02\/Tarragon-Essential-Oil-Living-Libations-e1592297216591.jpg\",\"datePublished\":\"2020-06-16T07:00:37+00:00\",\"dateModified\":\"2025-11-23T12:22:35+00:00\",\"description\":\"Tarragon Essential Oil all\u00e9chante est distill\u00e9e \u00e0 la vapeur \u00e0 partir des feuilles et des fleurs de la plante Artemisia dracunculus.\",\"breadcrumb\":{\"@id\":\"https:\/\/dutchhealthstore.com\/fr\/product\/tarragon-essential-oil\/#breadcrumb\"},\"inLanguage\":\"fr-FR\",\"potentialAction\":[{\"@type\":\"ReadAction\",\"target\":[\"https:\/\/dutchhealthstore.com\/fr\/product\/tarragon-essential-oil\/\"]}]},{\"@type\":\"ImageObject\",\"inLanguage\":\"fr-FR\",\"@id\":\"https:\/\/dutchhealthstore.com\/fr\/product\/tarragon-essential-oil\/#primaryimage\",\"url\":\"https:\/\/dutchhealthstore.com\/wp-content\/uploads\/2018\/02\/Tarragon-Essential-Oil-Living-Libations-e1592297216591.jpg\",\"contentUrl\":\"https:\/\/dutchhealthstore.com\/wp-content\/uploads\/2018\/02\/Tarragon-Essential-Oil-Living-Libations-e1592297216591.jpg\",\"width\":500,\"height\":500,\"caption\":\"Tarragon Essential Oil | Living Libations\"},{\"@type\":\"BreadcrumbList\",\"@id\":\"https:\/\/dutchhealthstore.com\/fr\/product\/tarragon-essential-oil\/#breadcrumb\",\"itemListElement\":[{\"@type\":\"ListItem\",\"position\":1,\"name\":\"Home\",\"item\":\"https:\/\/dutchhealthstore.com\/fr\/\"},{\"@type\":\"ListItem\",\"position\":2,\"name\":\"Shop\",\"item\":\"https:\/\/dutchhealthstore.com\/fr\/shop\/\"},{\"@type\":\"ListItem\",\"position\":3,\"name\":\"Tarragon Essential Oil\"}]},{\"@type\":\"WebSite\",\"@id\":\"https:\/\/dutchhealthstore.com\/fr\/#website\",\"url\":\"https:\/\/dutchhealthstore.com\/fr\/\",\"name\":\"Dutch Health Store\",\"description\":\"Enhance Your Beauty with Organic &amp; Natural Skincare\",\"publisher\":{\"@id\":\"https:\/\/dutchhealthstore.com\/fr\/#organization\"},\"potentialAction\":[{\"@type\":\"SearchAction\",\"target\":{\"@type\":\"EntryPoint\",\"urlTemplate\":\"https:\/\/dutchhealthstore.com\/fr\/?s={search_term_string}\"},\"query-input\":{\"@type\":\"PropertyValueSpecification\",\"valueRequired\":true,\"valueName\":\"search_term_string\"}}],\"inLanguage\":\"fr-FR\"},{\"@type\":\"Organization\",\"@id\":\"https:\/\/dutchhealthstore.com\/fr\/#organization\",\"name\":\"Dutch Health Store\",\"url\":\"https:\/\/dutchhealthstore.com\/fr\/\",\"logo\":{\"@type\":\"ImageObject\",\"inLanguage\":\"fr-FR\",\"@id\":\"https:\/\/dutchhealthstore.com\/fr\/#\/schema\/logo\/image\/\",\"url\":\"https:\/\/dutchhealthstore.com\/wp-content\/uploads\/2020\/08\/logo-dutchhealthstore-jpg-e1599484957574.jpg\",\"contentUrl\":\"https:\/\/dutchhealthstore.com\/wp-content\/uploads\/2020\/08\/logo-dutchhealthstore-jpg-e1599484957574.jpg\",\"width\":400,\"height\":62,\"caption\":\"Dutch Health Store\"},\"image\":{\"@id\":\"https:\/\/dutchhealthstore.com\/fr\/#\/schema\/logo\/image\/\"},\"sameAs\":[\"https:\/\/www.instagram.com\/dutchhealthstore\/\",\"https:\/\/www.facebook.com\/dutchhealthstore\"]}]}<\/script>\n<meta property=\"product:brand\" content=\"Living Libations\" \/>\n<meta property=\"product:price:amount\" content=\"21.00\" \/>\n<meta property=\"product:price:currency\" content=\"EUR\" \/>\n<meta property=\"og:availability\" content=\"instock\" \/>\n<meta property=\"product:availability\" content=\"instock\" \/>\n<meta property=\"product:condition\" content=\"new\" \/>\n<!-- \/ Yoast SEO Premium plugin. -->","yoast_head_json":{"title":"Tarragon Essential Oil | Living Libations","description":"Tarragon Essential Oil all\u00e9chante est distill\u00e9e \u00e0 la vapeur \u00e0 partir des feuilles et des fleurs de la plante Artemisia dracunculus.","robots":{"index":"index","follow":"follow","max-snippet":"max-snippet:-1","max-image-preview":"max-image-preview:large","max-video-preview":"max-video-preview:-1"},"canonical":"https:\/\/dutchhealthstore.com\/fr\/product\/tarragon-essential-oil\/","og_locale":"fr_FR","og_type":"article","og_title":"Tarragon Essential Oil - Dutch Health Store","og_description":"Tarragon Essential Oil all\u00e9chante est distill\u00e9e \u00e0 la vapeur \u00e0 partir des feuilles et des fleurs de la plante Artemisia dracunculus.","og_url":"https:\/\/dutchhealthstore.com\/fr\/product\/tarragon-essential-oil\/","og_site_name":"Dutch Health Store","article_publisher":"https:\/\/www.instagram.com\/dutchhealthstore\/","article_modified_time":"2025-11-23T12:22:35+00:00","og_image":[{"width":500,"height":500,"url":"https:\/\/dutchhealthstore.com\/wp-content\/uploads\/2018\/02\/Tarragon-Essential-Oil-Living-Libations-e1592297216591.jpg","type":"image\/jpeg"}],"twitter_card":"summary_large_image","twitter_misc":{"Prix":"&euro;21,00","Disponibilit\u00e9":"En stock"},"schema":{"@context":"https:\/\/schema.org","@graph":[{"@type":"WebPage","@id":"https:\/\/dutchhealthstore.com\/fr\/product\/tarragon-essential-oil\/","url":"https:\/\/dutchhealthstore.com\/fr\/product\/tarragon-essential-oil\/","name":"Tarragon Essential Oil | Living Libations","isPartOf":{"@id":"https:\/\/dutchhealthstore.com\/fr\/#website"},"primaryImageOfPage":{"@id":"https:\/\/dutchhealthstore.com\/fr\/product\/tarragon-essential-oil\/#primaryimage"},"image":{"@id":"https:\/\/dutchhealthstore.com\/fr\/product\/tarragon-essential-oil\/#primaryimage"},"thumbnailUrl":"https:\/\/dutchhealthstore.com\/wp-content\/uploads\/2018\/02\/Tarragon-Essential-Oil-Living-Libations-e1592297216591.jpg","datePublished":"2020-06-16T07:00:37+00:00","dateModified":"2025-11-23T12:22:35+00:00","description":"Tarragon Essential Oil all\u00e9chante est distill\u00e9e \u00e0 la vapeur \u00e0 partir des feuilles et des fleurs de la plante Artemisia dracunculus.","breadcrumb":{"@id":"https:\/\/dutchhealthstore.com\/fr\/product\/tarragon-essential-oil\/#breadcrumb"},"inLanguage":"fr-FR","potentialAction":[{"@type":"ReadAction","target":["https:\/\/dutchhealthstore.com\/fr\/product\/tarragon-essential-oil\/"]}]},{"@type":"ImageObject","inLanguage":"fr-FR","@id":"https:\/\/dutchhealthstore.com\/fr\/product\/tarragon-essential-oil\/#primaryimage","url":"https:\/\/dutchhealthstore.com\/wp-content\/uploads\/2018\/02\/Tarragon-Essential-Oil-Living-Libations-e1592297216591.jpg","contentUrl":"https:\/\/dutchhealthstore.com\/wp-content\/uploads\/2018\/02\/Tarragon-Essential-Oil-Living-Libations-e1592297216591.jpg","width":500,"height":500,"caption":"Tarragon Essential Oil | Living Libations"},{"@type":"BreadcrumbList","@id":"https:\/\/dutchhealthstore.com\/fr\/product\/tarragon-essential-oil\/#breadcrumb","itemListElement":[{"@type":"ListItem","position":1,"name":"Home","item":"https:\/\/dutchhealthstore.com\/fr\/"},{"@type":"ListItem","position":2,"name":"Shop","item":"https:\/\/dutchhealthstore.com\/fr\/shop\/"},{"@type":"ListItem","position":3,"name":"Tarragon Essential Oil"}]},{"@type":"WebSite","@id":"https:\/\/dutchhealthstore.com\/fr\/#website","url":"https:\/\/dutchhealthstore.com\/fr\/","name":"Dutch Health Store","description":"Enhance Your Beauty with Organic &amp; Natural Skincare","publisher":{"@id":"https:\/\/dutchhealthstore.com\/fr\/#organization"},"potentialAction":[{"@type":"SearchAction","target":{"@type":"EntryPoint","urlTemplate":"https:\/\/dutchhealthstore.com\/fr\/?s={search_term_string}"},"query-input":{"@type":"PropertyValueSpecification","valueRequired":true,"valueName":"search_term_string"}}],"inLanguage":"fr-FR"},{"@type":"Organization","@id":"https:\/\/dutchhealthstore.com\/fr\/#organization","name":"Dutch Health Store","url":"https:\/\/dutchhealthstore.com\/fr\/","logo":{"@type":"ImageObject","inLanguage":"fr-FR","@id":"https:\/\/dutchhealthstore.com\/fr\/#\/schema\/logo\/image\/","url":"https:\/\/dutchhealthstore.com\/wp-content\/uploads\/2020\/08\/logo-dutchhealthstore-jpg-e1599484957574.jpg","contentUrl":"https:\/\/dutchhealthstore.com\/wp-content\/uploads\/2020\/08\/logo-dutchhealthstore-jpg-e1599484957574.jpg","width":400,"height":62,"caption":"Dutch Health Store"},"image":{"@id":"https:\/\/dutchhealthstore.com\/fr\/#\/schema\/logo\/image\/"},"sameAs":["https:\/\/www.instagram.com\/dutchhealthstore\/","https:\/\/www.facebook.com\/dutchhealthstore"]}]},"product_brand":"Living Libations","product_price_amount":"21.00","product_price_currency":"EUR","og_availability":"instock","product_availability":"instock","product_condition":"new"},"_links":{"self":[{"href":"https:\/\/dutchhealthstore.com\/fr\/wp-json\/wp\/v2\/product\/124986","targetHints":{"allow":["GET"]}}],"collection":[{"href":"https:\/\/dutchhealthstore.com\/fr\/wp-json\/wp\/v2\/product"}],"about":[{"href":"https:\/\/dutchhealthstore.com\/fr\/wp-json\/wp\/v2\/types\/product"}],"replies":[{"embeddable":true,"href":"https:\/\/dutchhealthstore.com\/fr\/wp-json\/wp\/v2\/comments?post=124986"}],"wp:featuredmedia":[{"embeddable":true,"href":"https:\/\/dutchhealthstore.com\/fr\/wp-json\/wp\/v2\/media\/86311"}],"wp:attachment":[{"href":"https:\/\/dutchhealthstore.com\/fr\/wp-json\/wp\/v2\/media?parent=124986"}],"wp:term":[{"taxonomy":"product_brand","embeddable":true,"href":"https:\/\/dutchhealthstore.com\/fr\/wp-json\/wp\/v2\/product_brand?post=124986"},{"taxonomy":"product_cat","embeddable":true,"href":"https:\/\/dutchhealthstore.com\/fr\/wp-json\/wp\/v2\/product_cat?post=124986"},{"taxonomy":"product_tag","embeddable":true,"href":"https:\/\/dutchhealthstore.com\/fr\/wp-json\/wp\/v2\/product_tag?post=124986"}],"curies":[{"name":"wp","href":"https:\/\/api.w.org\/{rel}","templated":true}]}}