{"id":124961,"date":"2018-02-10T20:58:56","date_gmt":"2018-02-10T19:58:56","guid":{"rendered":"https:\/\/dutchhealthstore.com\/product\/tamanu-organic-oil\/"},"modified":"2026-01-22T10:41:30","modified_gmt":"2026-01-22T09:41:30","slug":"tamanu-organic-oil","status":"publish","type":"product","link":"https:\/\/dutchhealthstore.com\/fr\/product\/tamanu-organic-oil\/","title":{"rendered":"Tamanu Carrier Oil"},"content":{"rendered":"<p><strong><img decoding=\"async\" class=\"size-full wp-image-69549 alignright\" src=\"https:\/\/dutchhealthstore.com\/wp-content\/uploads\/2019\/08\/NEW-Living-Libations-Logo.jpg\" alt=\"NEW - Living Libations - Logo\" width=\"175\" height=\"82\">Nom botanique:<\/strong> Calophyllum inophyllum<br \/>\n<strong>Famille botanique:<\/strong> Calophyllacea<br \/>\n<strong>M\u00e9thode d&rsquo;extraction:<\/strong> Press\u00e9 \u00e0 froid<br \/>\n<strong>Partie de la plante distill\u00e9e:<\/strong> Noix<br \/>\n<strong>Pays d&rsquo;origine:<\/strong> Madagascar<br \/>\n<strong>M\u00e9thode de culture:<\/strong> Sauvage et certifi\u00e9 biologique<br \/>\n<strong>Composition:<\/strong> 100% Calophyllum inophyllum<br \/>\n<strong>Consistance:<\/strong> Moyenne<\/p>\n<h3>Description de l&rsquo;odeur<\/h3>\n<p>Bien \u00e9quilibr\u00e9 et distinctif avec des notes riches et agr\u00e9ables de pralines et de cr\u00e8me, de liv\u00e8che et de fruits.<\/p>\n<h3>Dans Living Libations<\/h3>\n<p>Seabuckthorn Best Skin Ever, Everybody Loves the Sunshine.<\/p>\n<h3>Se marie bien avec<\/h3>\n<p>Bergamote, Ravensara, Encens, Lavande, Marjolaine, Palmarosa, Origan, Citron, Immortelle, Ylang, Thym doux et Rose.<\/p>\n<h3>Utilisations<\/h3>\n<p>Excellent appliqu\u00e9 pur avec des huiles essentielles ou dilu\u00e9 \u00e0 5-20% avec du jojoba.<\/p>\n<h3>Constituants<\/h3>\n<p>Glycolipides et phospholipides ainsi que l&rsquo;acide calophyllique.<\/p>\n<p>L&rsquo;huile Tamanu, \u00e9galement connue sous le nom de Foraha, est press\u00e9e \u00e0 froid \u00e0 partir des amandes du fruit de l&rsquo;arbre Calophyllum inophyllum, originaire de Polyn\u00e9sie. Les amandes elles-m\u00eames ne produisent pas d&rsquo;huile avant d&rsquo;\u00eatre s\u00e9ch\u00e9es au soleil pendant au moins un mois, apr\u00e8s quoi elles produisent une huile douce et collante qui est un nectar nourrissant pour la peau. Aux Fidji, les populations indig\u00e8nes utilisent le Tamanu depuis des si\u00e8cles pour des soins sublimes de la peau.<\/p>\n<p>Cette huile biologique est plus qu&rsquo;une simple huile de support car elle contient \u00e0 la fois des huiles grasses et aromatiques et regorge de bienfaits nourrissants, notamment de beaux lipides et un festin d&rsquo;acides gras. Sa teneur extr\u00eamement \u00e9lev\u00e9e en lipides (92%) permet de repulper le volume de la peau. Le tamanu contient \u00e9galement des niveaux \u00e9lev\u00e9s d&rsquo;un acide gras essentiel unique qui r\u00e9duit l&rsquo;apparence des rougeurs, du m\u00e9lasma, des cicatrices, des lignes fines et de la texture de la peau. La peau se r\u00e9tracte lorsque le Tamanu touche l&rsquo;\u00e9pith\u00e9lium. Lorsque le tr\u00e9sor du Tamanu est renforc\u00e9 par le pouvoir des huiles essentielles, toutes ces plantes b\u00e9n\u00e9fiques s&rsquo;unissent pour cr\u00e9er l&rsquo;une des huiles porteuses les plus nourrissantes et les plus riches en nutriments de la plan\u00e8te.<\/p>\n<h3>Ingr\u00e9dients Biologiques<\/h3>\n<p>100% huile biologique de tamanu (Calophyllum inophyllum).<\/p>\n<p style=\"text-align: center;\"><em>\u00ab\u00a0Partout o\u00f9 pousse l&rsquo;arbre Calophyllum inophyllum, l&rsquo;huile des graines de l&rsquo;arbre est utilis\u00e9e comme rem\u00e8de populaire. L&rsquo;arbre se trouve sur la c\u00f4te est de l&rsquo;Afrique et \u00e0 Madagascar, en Inde, en Asie du Sud-Est, dans les \u00eeles polyn\u00e9siennes et dans les \u00eeles Hawa\u00ef. &#8230; L&rsquo;huile opalescente vert fonc\u00e9, connue sous le nom d&rsquo;huile de foraha \u00e0 Madagascar, a un ar\u00f4me agr\u00e9able, discret et l\u00e9g\u00e8rement v\u00e9g\u00e9tal. &#8230; Au cours des derni\u00e8res d\u00e9cennies, la m\u00e9decine moderne a d\u00e9couvert les bienfaits du Calophyllum inophyllum.\u00a0\u00bb<\/em><br \/>\n~ George Halpern, <strong>The Essential Oils of Madagascar<\/strong><\/p>\n<p><img fetchpriority=\"high\" decoding=\"async\" class=\"size-medium wp-image-68103 aligncenter\" src=\"https:\/\/dutchhealthstore.com\/wp-content\/uploads\/2018\/02\/Living-Libations-Organic-Logo-800x89.png\" alt=\"Living Libations - Organic Logo\" width=\"800\" height=\"89\" srcset=\"https:\/\/dutchhealthstore.com\/wp-content\/uploads\/2018\/02\/Living-Libations-Organic-Logo-800x89.png 800w, https:\/\/dutchhealthstore.com\/wp-content\/uploads\/2018\/02\/Living-Libations-Organic-Logo-510x57.png 510w, https:\/\/dutchhealthstore.com\/wp-content\/uploads\/2018\/02\/Living-Libations-Organic-Logo-768x85.png 768w, https:\/\/dutchhealthstore.com\/wp-content\/uploads\/2018\/02\/Living-Libations-Organic-Logo.png 1400w\" sizes=\"(max-width: 800px) 100vw, 800px\" \/><\/p>\n","protected":false},"excerpt":{"rendered":"<p><strong>L&rsquo;huile de tamanu<\/strong> regorge de compos\u00e9s nourrissants, notamment des lipides, des acides gras et des agents anti-inflammatoires. Les principaux lipides pr\u00e9sents dans l&rsquo;huile de Tamanu sont les glycolipides, qui fortifient les cellules saines de la peau, les phospholipides, qui renforcent les cellules de la peau et augmentent leur flexibilit\u00e9, et les lipides neutres, qui favorisent la formation de membranes saines. Le tamanu contient \u00e9galement des niveaux \u00e9lev\u00e9s d&rsquo;acide calophyllique, un acide gras essentiel qui s&rsquo;est av\u00e9r\u00e9 capable de combattre les bact\u00e9ries, de r\u00e9duire l&rsquo;inflammation et m\u00eame d&rsquo;inhiber le Staphylococcus aureus. Le tamanu est unique par son pouvoir d&rsquo;absorption, qui permet d&rsquo;hydrater en profondeur les couches de la peau pour soigner les cicatrices, les br\u00fblures et les blessures de l&rsquo;int\u00e9rieur.<\/p>\n","protected":false},"featured_media":28156,"comment_status":"open","ping_status":"closed","template":"","meta":[],"product_brand":[],"product_cat":[6752,6642,1507,6734,3755,1211,1047,1209,1010,6733],"product_tag":[4495],"class_list":{"0":"post-124961","1":"product","2":"type-product","3":"status-publish","4":"has-post-thumbnail","6":"product_cat-babies-pregnancy-fr-2","7":"product_cat-family-fr","8":"product_cat-plantes-huiles-essentielles-living-libations","9":"product_cat-essential-oils","10":"product_cat-huiles-vegetales","11":"product_cat-living-libations-france","12":"product_cat-nos-collections","13":"product_cat-par-marques","14":"product_cat-notre-boutique","15":"product_cat-wellness-fr-2","16":"product_tag-essential-oil-fr","17":"pa_brand-livinglibations-fr","18":"pa_essential-oils-product-type-carrier-oils-fr","19":"pa_essential-oils-product-type-essential-oils-fr","20":"pa_size-15-ml-fr","21":"pa_size-30-ml-fr","23":"first","24":"instock","25":"taxable","26":"shipping-taxable","27":"purchasable","28":"product-type-variable"},"bundled_by":[],"bundle_stock_status":"instock","bundle_stock_quantity":null,"bundle_virtual":false,"bundle_layout":"","bundle_add_to_cart_form_location":"","bundle_editable_in_cart":false,"bundle_sold_individually_context":"","bundle_item_grouping":"","bundle_min_size":"","bundle_max_size":"","bundle_price":[],"bundled_items":[],"bundle_sell_ids":[],"atum_controlled":true,"out_stock_date":null,"out_stock_threshold":null,"inheritable":true,"stock_on_hold":0,"sold_today":0,"sales_last_days":0,"out_stock_days":0,"lost_sales":0,"update_date":"2026-04-07T06:57:36","atum_locations":[],"atum_stock_status":"instock","restock_status":false,"low_stock_amount":"","sales_update_date":"2026-04-07T06:57:36","calc_backorders":null,"group_of_quantity":0,"min_quantity":0,"max_quantity":"","exclude_order_quantity_value_rules":"no","exclude_category_quantity_rules":"no","combine_variations":"no","yoast_head":"<!-- This site is optimized with the Yoast SEO Premium plugin v26.5 (Yoast SEO v26.5) - https:\/\/yoast.com\/wordpress\/plugins\/seo\/ -->\n<title>Tamanu Organic Oil | Living Libations<\/title>\n<meta name=\"description\" content=\"Le tamanu est unique par son pouvoir d&#039;absorption, qui permet d&#039;hydrater en profondeur les couches de la peau pour soigner les cicatrices, les br\u00fblures et les blessures de l&#039;int\u00e9rieur.\" \/>\n<meta name=\"robots\" content=\"index, follow, max-snippet:-1, max-image-preview:large, max-video-preview:-1\" \/>\n<link rel=\"canonical\" href=\"https:\/\/dutchhealthstore.com\/fr\/product\/tamanu-organic-oil\/\" \/>\n<meta property=\"og:locale\" content=\"fr_FR\" \/>\n<meta property=\"og:type\" content=\"article\" \/>\n<meta property=\"og:title\" content=\"Tamanu Carrier Oil - Dutch Health Store\" \/>\n<meta property=\"og:description\" content=\"Le tamanu est unique par son pouvoir d&#039;absorption, qui permet d&#039;hydrater en profondeur les couches de la peau pour soigner les cicatrices, les br\u00fblures et les blessures de l&#039;int\u00e9rieur.\" \/>\n<meta property=\"og:url\" content=\"https:\/\/dutchhealthstore.com\/fr\/product\/tamanu-organic-oil\/\" \/>\n<meta property=\"og:site_name\" content=\"Dutch Health Store\" \/>\n<meta property=\"article:publisher\" content=\"https:\/\/www.instagram.com\/dutchhealthstore\/\" \/>\n<meta property=\"article:modified_time\" content=\"2026-01-22T09:41:30+00:00\" \/>\n<meta property=\"og:image\" content=\"https:\/\/dutchhealthstore.com\/wp-content\/uploads\/2018\/02\/Tamanu_Organic_Oil_Living_Libations-1.jpg\" \/>\n\t<meta property=\"og:image:width\" content=\"500\" \/>\n\t<meta property=\"og:image:height\" content=\"500\" \/>\n\t<meta property=\"og:image:type\" content=\"image\/jpeg\" \/>\n<meta name=\"twitter:card\" content=\"summary_large_image\" \/>\n<meta name=\"twitter:label1\" content=\"Disponibilit\u00e9\" \/>\n\t<meta name=\"twitter:data1\" content=\"En stock\" \/>\n<script type=\"application\/ld+json\" class=\"yoast-schema-graph\">{\"@context\":\"https:\/\/schema.org\",\"@graph\":[{\"@type\":\"WebPage\",\"@id\":\"https:\/\/dutchhealthstore.com\/fr\/product\/tamanu-organic-oil\/\",\"url\":\"https:\/\/dutchhealthstore.com\/fr\/product\/tamanu-organic-oil\/\",\"name\":\"Tamanu Organic Oil | Living Libations\",\"isPartOf\":{\"@id\":\"https:\/\/dutchhealthstore.com\/fr\/#website\"},\"primaryImageOfPage\":{\"@id\":\"https:\/\/dutchhealthstore.com\/fr\/product\/tamanu-organic-oil\/#primaryimage\"},\"image\":{\"@id\":\"https:\/\/dutchhealthstore.com\/fr\/product\/tamanu-organic-oil\/#primaryimage\"},\"thumbnailUrl\":\"https:\/\/dutchhealthstore.com\/wp-content\/uploads\/2018\/02\/Tamanu_Organic_Oil_Living_Libations-1.jpg\",\"datePublished\":\"2018-02-10T19:58:56+00:00\",\"dateModified\":\"2026-01-22T09:41:30+00:00\",\"description\":\"Le tamanu est unique par son pouvoir d'absorption, qui permet d'hydrater en profondeur les couches de la peau pour soigner les cicatrices, les br\u00fblures et les blessures de l'int\u00e9rieur.\",\"breadcrumb\":{\"@id\":\"https:\/\/dutchhealthstore.com\/fr\/product\/tamanu-organic-oil\/#breadcrumb\"},\"inLanguage\":\"fr-FR\",\"potentialAction\":[{\"@type\":\"ReadAction\",\"target\":[\"https:\/\/dutchhealthstore.com\/fr\/product\/tamanu-organic-oil\/\"]}]},{\"@type\":\"ImageObject\",\"inLanguage\":\"fr-FR\",\"@id\":\"https:\/\/dutchhealthstore.com\/fr\/product\/tamanu-organic-oil\/#primaryimage\",\"url\":\"https:\/\/dutchhealthstore.com\/wp-content\/uploads\/2018\/02\/Tamanu_Organic_Oil_Living_Libations-1.jpg\",\"contentUrl\":\"https:\/\/dutchhealthstore.com\/wp-content\/uploads\/2018\/02\/Tamanu_Organic_Oil_Living_Libations-1.jpg\",\"width\":500,\"height\":500},{\"@type\":\"BreadcrumbList\",\"@id\":\"https:\/\/dutchhealthstore.com\/fr\/product\/tamanu-organic-oil\/#breadcrumb\",\"itemListElement\":[{\"@type\":\"ListItem\",\"position\":1,\"name\":\"Home\",\"item\":\"https:\/\/dutchhealthstore.com\/fr\/\"},{\"@type\":\"ListItem\",\"position\":2,\"name\":\"Shop\",\"item\":\"https:\/\/dutchhealthstore.com\/fr\/shop\/\"},{\"@type\":\"ListItem\",\"position\":3,\"name\":\"Tamanu Carrier Oil\"}]},{\"@type\":\"WebSite\",\"@id\":\"https:\/\/dutchhealthstore.com\/fr\/#website\",\"url\":\"https:\/\/dutchhealthstore.com\/fr\/\",\"name\":\"Dutch Health Store\",\"description\":\"Enhance Your Beauty with Organic &amp; Natural Skincare\",\"publisher\":{\"@id\":\"https:\/\/dutchhealthstore.com\/fr\/#organization\"},\"potentialAction\":[{\"@type\":\"SearchAction\",\"target\":{\"@type\":\"EntryPoint\",\"urlTemplate\":\"https:\/\/dutchhealthstore.com\/fr\/?s={search_term_string}\"},\"query-input\":{\"@type\":\"PropertyValueSpecification\",\"valueRequired\":true,\"valueName\":\"search_term_string\"}}],\"inLanguage\":\"fr-FR\"},{\"@type\":\"Organization\",\"@id\":\"https:\/\/dutchhealthstore.com\/fr\/#organization\",\"name\":\"Dutch Health Store\",\"url\":\"https:\/\/dutchhealthstore.com\/fr\/\",\"logo\":{\"@type\":\"ImageObject\",\"inLanguage\":\"fr-FR\",\"@id\":\"https:\/\/dutchhealthstore.com\/fr\/#\/schema\/logo\/image\/\",\"url\":\"https:\/\/dutchhealthstore.com\/wp-content\/uploads\/2020\/08\/logo-dutchhealthstore-jpg-e1599484957574.jpg\",\"contentUrl\":\"https:\/\/dutchhealthstore.com\/wp-content\/uploads\/2020\/08\/logo-dutchhealthstore-jpg-e1599484957574.jpg\",\"width\":400,\"height\":62,\"caption\":\"Dutch Health Store\"},\"image\":{\"@id\":\"https:\/\/dutchhealthstore.com\/fr\/#\/schema\/logo\/image\/\"},\"sameAs\":[\"https:\/\/www.instagram.com\/dutchhealthstore\/\",\"https:\/\/www.facebook.com\/dutchhealthstore\"]}]}<\/script>\n<meta property=\"product:brand\" content=\"Living Libations\" \/>\n<meta property=\"og:availability\" content=\"instock\" \/>\n<meta property=\"product:availability\" content=\"instock\" \/>\n<meta property=\"product:condition\" content=\"new\" \/>\n<!-- \/ Yoast SEO Premium plugin. -->","yoast_head_json":{"title":"Tamanu Organic Oil | Living Libations","description":"Le tamanu est unique par son pouvoir d'absorption, qui permet d'hydrater en profondeur les couches de la peau pour soigner les cicatrices, les br\u00fblures et les blessures de l'int\u00e9rieur.","robots":{"index":"index","follow":"follow","max-snippet":"max-snippet:-1","max-image-preview":"max-image-preview:large","max-video-preview":"max-video-preview:-1"},"canonical":"https:\/\/dutchhealthstore.com\/fr\/product\/tamanu-organic-oil\/","og_locale":"fr_FR","og_type":"article","og_title":"Tamanu Carrier Oil - Dutch Health Store","og_description":"Le tamanu est unique par son pouvoir d'absorption, qui permet d'hydrater en profondeur les couches de la peau pour soigner les cicatrices, les br\u00fblures et les blessures de l'int\u00e9rieur.","og_url":"https:\/\/dutchhealthstore.com\/fr\/product\/tamanu-organic-oil\/","og_site_name":"Dutch Health Store","article_publisher":"https:\/\/www.instagram.com\/dutchhealthstore\/","article_modified_time":"2026-01-22T09:41:30+00:00","og_image":[{"width":500,"height":500,"url":"https:\/\/dutchhealthstore.com\/wp-content\/uploads\/2018\/02\/Tamanu_Organic_Oil_Living_Libations-1.jpg","type":"image\/jpeg"}],"twitter_card":"summary_large_image","twitter_misc":{"Disponibilit\u00e9":"En stock"},"schema":{"@context":"https:\/\/schema.org","@graph":[{"@type":"WebPage","@id":"https:\/\/dutchhealthstore.com\/fr\/product\/tamanu-organic-oil\/","url":"https:\/\/dutchhealthstore.com\/fr\/product\/tamanu-organic-oil\/","name":"Tamanu Organic Oil | Living Libations","isPartOf":{"@id":"https:\/\/dutchhealthstore.com\/fr\/#website"},"primaryImageOfPage":{"@id":"https:\/\/dutchhealthstore.com\/fr\/product\/tamanu-organic-oil\/#primaryimage"},"image":{"@id":"https:\/\/dutchhealthstore.com\/fr\/product\/tamanu-organic-oil\/#primaryimage"},"thumbnailUrl":"https:\/\/dutchhealthstore.com\/wp-content\/uploads\/2018\/02\/Tamanu_Organic_Oil_Living_Libations-1.jpg","datePublished":"2018-02-10T19:58:56+00:00","dateModified":"2026-01-22T09:41:30+00:00","description":"Le tamanu est unique par son pouvoir d'absorption, qui permet d'hydrater en profondeur les couches de la peau pour soigner les cicatrices, les br\u00fblures et les blessures de l'int\u00e9rieur.","breadcrumb":{"@id":"https:\/\/dutchhealthstore.com\/fr\/product\/tamanu-organic-oil\/#breadcrumb"},"inLanguage":"fr-FR","potentialAction":[{"@type":"ReadAction","target":["https:\/\/dutchhealthstore.com\/fr\/product\/tamanu-organic-oil\/"]}]},{"@type":"ImageObject","inLanguage":"fr-FR","@id":"https:\/\/dutchhealthstore.com\/fr\/product\/tamanu-organic-oil\/#primaryimage","url":"https:\/\/dutchhealthstore.com\/wp-content\/uploads\/2018\/02\/Tamanu_Organic_Oil_Living_Libations-1.jpg","contentUrl":"https:\/\/dutchhealthstore.com\/wp-content\/uploads\/2018\/02\/Tamanu_Organic_Oil_Living_Libations-1.jpg","width":500,"height":500},{"@type":"BreadcrumbList","@id":"https:\/\/dutchhealthstore.com\/fr\/product\/tamanu-organic-oil\/#breadcrumb","itemListElement":[{"@type":"ListItem","position":1,"name":"Home","item":"https:\/\/dutchhealthstore.com\/fr\/"},{"@type":"ListItem","position":2,"name":"Shop","item":"https:\/\/dutchhealthstore.com\/fr\/shop\/"},{"@type":"ListItem","position":3,"name":"Tamanu Carrier Oil"}]},{"@type":"WebSite","@id":"https:\/\/dutchhealthstore.com\/fr\/#website","url":"https:\/\/dutchhealthstore.com\/fr\/","name":"Dutch Health Store","description":"Enhance Your Beauty with Organic &amp; Natural Skincare","publisher":{"@id":"https:\/\/dutchhealthstore.com\/fr\/#organization"},"potentialAction":[{"@type":"SearchAction","target":{"@type":"EntryPoint","urlTemplate":"https:\/\/dutchhealthstore.com\/fr\/?s={search_term_string}"},"query-input":{"@type":"PropertyValueSpecification","valueRequired":true,"valueName":"search_term_string"}}],"inLanguage":"fr-FR"},{"@type":"Organization","@id":"https:\/\/dutchhealthstore.com\/fr\/#organization","name":"Dutch Health Store","url":"https:\/\/dutchhealthstore.com\/fr\/","logo":{"@type":"ImageObject","inLanguage":"fr-FR","@id":"https:\/\/dutchhealthstore.com\/fr\/#\/schema\/logo\/image\/","url":"https:\/\/dutchhealthstore.com\/wp-content\/uploads\/2020\/08\/logo-dutchhealthstore-jpg-e1599484957574.jpg","contentUrl":"https:\/\/dutchhealthstore.com\/wp-content\/uploads\/2020\/08\/logo-dutchhealthstore-jpg-e1599484957574.jpg","width":400,"height":62,"caption":"Dutch Health Store"},"image":{"@id":"https:\/\/dutchhealthstore.com\/fr\/#\/schema\/logo\/image\/"},"sameAs":["https:\/\/www.instagram.com\/dutchhealthstore\/","https:\/\/www.facebook.com\/dutchhealthstore"]}]},"product_brand":"Living Libations","og_availability":"instock","product_availability":"instock","product_condition":"new"},"_links":{"self":[{"href":"https:\/\/dutchhealthstore.com\/fr\/wp-json\/wp\/v2\/product\/124961","targetHints":{"allow":["GET"]}}],"collection":[{"href":"https:\/\/dutchhealthstore.com\/fr\/wp-json\/wp\/v2\/product"}],"about":[{"href":"https:\/\/dutchhealthstore.com\/fr\/wp-json\/wp\/v2\/types\/product"}],"replies":[{"embeddable":true,"href":"https:\/\/dutchhealthstore.com\/fr\/wp-json\/wp\/v2\/comments?post=124961"}],"wp:featuredmedia":[{"embeddable":true,"href":"https:\/\/dutchhealthstore.com\/fr\/wp-json\/wp\/v2\/media\/28156"}],"wp:attachment":[{"href":"https:\/\/dutchhealthstore.com\/fr\/wp-json\/wp\/v2\/media?parent=124961"}],"wp:term":[{"taxonomy":"product_brand","embeddable":true,"href":"https:\/\/dutchhealthstore.com\/fr\/wp-json\/wp\/v2\/product_brand?post=124961"},{"taxonomy":"product_cat","embeddable":true,"href":"https:\/\/dutchhealthstore.com\/fr\/wp-json\/wp\/v2\/product_cat?post=124961"},{"taxonomy":"product_tag","embeddable":true,"href":"https:\/\/dutchhealthstore.com\/fr\/wp-json\/wp\/v2\/product_tag?post=124961"}],"curies":[{"name":"wp","href":"https:\/\/api.w.org\/{rel}","templated":true}]}}