{"id":124939,"date":"2020-07-09T06:27:30","date_gmt":"2020-07-09T04:27:30","guid":{"rendered":"https:\/\/dutchhealthstore.com\/product\/sweet-birch-essential-oil\/"},"modified":"2024-11-22T12:23:20","modified_gmt":"2024-11-22T11:23:20","slug":"sweet-birch-essential-oil","status":"publish","type":"product","link":"https:\/\/dutchhealthstore.com\/fr\/product\/sweet-birch-essential-oil\/","title":{"rendered":"Sweet Birch Essential Oil"},"content":{"rendered":"<p><strong><img decoding=\"async\" class=\"size-full wp-image-69549 alignright\" src=\"https:\/\/dutchhealthstore.com\/wp-content\/uploads\/2019\/08\/NEW-Living-Libations-Logo.jpg\" alt=\"NEW - Living Libations - Logo\" width=\"175\" height=\"82\">Nom botanique:<\/strong> Betula lenta<br \/>\n<strong>Famille botanique:<\/strong> Betulaceae<br \/>\n<strong>M\u00e9thode d&rsquo;extraction:<\/strong> Distillation \u00e0 la vapeur<br \/>\n<strong>Partie de la plante distill\u00e9e:<\/strong> \u00c9corce<br \/>\n<strong>Pays d&rsquo;origine:<\/strong> Canada<br \/>\n<strong>M\u00e9thode de culture:<\/strong> Sauvage et r\u00e9colt\u00e9 de mani\u00e8re \u00e9thique<br \/>\n<strong>Composition:<\/strong> 100% Betula lenta<br \/>\n<strong>Coh\u00e9rence:<\/strong> Mince<\/p>\n<h3>Description de l&rsquo;odeur<\/h3>\n<p>Bonbon vert menthol\u00e9 avec des notes douces et tranchantes de camphre frais.<\/p>\n<h3>Dans Living Libations<\/h3>\n<p>Lion Balm<\/p>\n<h3>Se marie bien avec<\/h3>\n<p>Marjolaine, menthe poivr\u00e9e, lavande, citronnelle, wintergreen, eucalyptus, romarin, cardamome, sapin argent\u00e9, hysope, Vitex, origan, cypr\u00e8s, cypr\u00e8s \u00e9meraude et gen\u00e9vrier.<\/p>\n<a href=\"https:\/\/dutchhealthstore.com\/wp-content\/uploads\/2020\/07\/ANALYSIS-Sweet-Birch-Essential-Oil-Living-Libations.pdf\" class=\"button primary is-primary is-small\"  >\n\t\t<span>ANALYSE DES HUILES ESSENTIELLES &gt;<\/span>\n\t<\/a>\n\n<h3>Utilisations<\/h3>\n<p>Magnifique dans les bains et les m\u00e9langes de massage pour les muscles fatigu\u00e9s. Nettoyage et d\u00e9gagement dans les tuyaux et les diffuseurs de sel. Un d\u00e9lice pour d\u00e9samorcer et insuffler \u00e0 la maison la fra\u00eecheur de la for\u00eat canadienne. Super pour les \u00e9tudes et la clart\u00e9 cristalline.<\/p>\n<h3>Constituants<\/h3>\n<p>Comprend le salicylate de m\u00e9thyle et l&rsquo;acide salicylique.<\/p>\n<p>Notre Sweet Birch Essential Oil est fabriqu\u00e9e \u00e0 l&rsquo;\u00e9tat sauvage dans la nature canadienne, ce qui lui conf\u00e8re un ar\u00f4me de camphre frais et de menthe succulente. Distill\u00e9 \u00e0 la vapeur \u00e0 partir de l&rsquo;\u00e9corce de l&rsquo;arbre, le profil aromatique du bouleau doux pr\u00e9sente une chimie similaire \u00e0 celle de son ami forestier, la gaulth\u00e9rie. Il chante une chanson apaisante qui a \u00e9t\u00e9 utilis\u00e9e historiquement dans les baumes pour soulager les muscles fatigu\u00e9s, dans les sirops relaxants et dans les \u00e9lixirs de r\u00eave.<\/p>\n<p>Admir\u00e9e dans les parfums pour hommes des ann\u00e9es 1800 et au 19\u00e8me si\u00e8cle, Sweet Birch Essential Oil \u00e9tait l&rsquo;une des huiles les plus recherch\u00e9es au monde. Le bouleau a \u00e9t\u00e9 immortalis\u00e9 dans la litt\u00e9rature et son huile a \u00e9t\u00e9 ajout\u00e9e \u00e0 tout, du savon \u00e0 la mousse \u00e0 raser en passant par l&rsquo;eau de Cologne, car les gens appr\u00e9ciaient la capacit\u00e9 de l&rsquo;ar\u00f4me \u00e0 clarifier l&rsquo;esprit et \u00e0 am\u00e9liorer l&rsquo;humeur.<\/p>\n<p><strong>Taille: 5 ml et 15 ml<\/strong><\/p>\n<h3>Ingr\u00e9dients Biologiques<\/h3>\n<p>100% huile essentielle de bouleau doux (Betula lenta).<\/p>\n<p style=\"text-align: center;\"><em>\u00ab\u00a0Le bouleau commence \u00e0 craquer sa gaine ext\u00e9rieure vert tendre et \u00e0 montrer le blanc en dessous.\u00a0\u00bb<\/em><br \/>\n~ Robert Frost, <strong>Birch Trees<\/strong><\/p>\n<p style=\"text-align: center;\"><em>\u00ab\u00a0L&rsquo;huile de bouleau doux \u00e9tait tr\u00e8s demand\u00e9e au cours du XIXe si\u00e8cle. En cons\u00e9quence, les bouleaux ont \u00e9t\u00e9 coup\u00e9s et d\u00e9cim\u00e9s, pour ne se r\u00e9tablir que lorsque l&rsquo;huile de gaulth\u00e9rie, qui a des propri\u00e9t\u00e9s similaires, a commenc\u00e9 \u00e0 \u00eatre produite synth\u00e9tiquement et substitu\u00e9e au bouleau.\u00a0\u00bb<\/em><br \/>\n~ Carol Schiller, <strong>The Aromatherapy Encyclopedia<\/strong><\/p>\n<p><img fetchpriority=\"high\" decoding=\"async\" class=\"size-medium wp-image-68103 aligncenter\" src=\"https:\/\/dutchhealthstore.com\/wp-content\/uploads\/2018\/02\/Living-Libations-Organic-Logo-800x89.png\" alt=\"Living Libations - Organic Logo\" width=\"800\" height=\"89\" srcset=\"https:\/\/dutchhealthstore.com\/wp-content\/uploads\/2018\/02\/Living-Libations-Organic-Logo-800x89.png 800w, https:\/\/dutchhealthstore.com\/wp-content\/uploads\/2018\/02\/Living-Libations-Organic-Logo-510x57.png 510w, https:\/\/dutchhealthstore.com\/wp-content\/uploads\/2018\/02\/Living-Libations-Organic-Logo-768x85.png 768w, https:\/\/dutchhealthstore.com\/wp-content\/uploads\/2018\/02\/Living-Libations-Organic-Logo.png 1400w\" sizes=\"(max-width: 800px) 100vw, 800px\" \/><\/p>\n","protected":false},"excerpt":{"rendered":"<p>Sprightly <strong>Sweet Birch Essential Oil<\/strong> est pure, l&rsquo;hiver frais enchantement dans une bouteille.<br \/>\nCet \u00e9lixir spirituel est distill\u00e9 \u00e0 la vapeur d&rsquo;eau \u00e0 partir de l&rsquo;\u00e9corce du bouleau canadien. Son ar\u00f4me incisif a la capacit\u00e9 de d\u00e9gager les voies de la communication et de la m\u00e9ditation.<\/p>\n","protected":false},"featured_media":54230,"comment_status":"open","ping_status":"closed","template":"","meta":[],"product_brand":[],"product_cat":[1507,6734,1211,1209,1030,3757,1010,6733],"product_tag":[4495],"class_list":{"0":"post-124939","1":"product","2":"type-product","3":"status-publish","4":"has-post-thumbnail","6":"product_cat-plantes-huiles-essentielles-living-libations","7":"product_cat-essential-oils","8":"product_cat-living-libations-france","9":"product_cat-par-marques","10":"product_cat-par-produits","11":"product_cat-plantes-huiles-essentielles","12":"product_cat-notre-boutique","13":"product_cat-wellness-fr-2","14":"product_tag-essential-oil-fr","15":"pa_brand-livinglibations-fr","16":"pa_essential-oils-product-type-essential-oils-fr","17":"pa_size-15-ml-fr","18":"pa_size-5-ml-fr","20":"first","21":"instock","22":"taxable","23":"shipping-taxable","24":"purchasable","25":"product-type-variable"},"bundled_by":[],"bundle_stock_status":"instock","bundle_stock_quantity":null,"bundle_virtual":false,"bundle_layout":"","bundle_add_to_cart_form_location":"","bundle_editable_in_cart":false,"bundle_sold_individually_context":"","bundle_item_grouping":"","bundle_min_size":"","bundle_max_size":"","bundle_price":[],"bundled_items":[],"bundle_sell_ids":[],"atum_controlled":true,"out_stock_date":null,"out_stock_threshold":null,"inheritable":true,"stock_on_hold":0,"sold_today":0,"sales_last_days":0,"out_stock_days":0,"lost_sales":0,"update_date":"2026-04-29T00:14:36","atum_locations":[],"atum_stock_status":"instock","restock_status":false,"low_stock_amount":"","sales_update_date":"2026-04-29T00:14:36","calc_backorders":null,"group_of_quantity":0,"min_quantity":0,"max_quantity":"","exclude_order_quantity_value_rules":"no","exclude_category_quantity_rules":"no","combine_variations":"no","yoast_head":"<!-- This site is optimized with the Yoast SEO Premium plugin v26.5 (Yoast SEO v26.5) - https:\/\/yoast.com\/wordpress\/plugins\/seo\/ -->\n<title>Sweet Birch Essential Oil | Living Libations<\/title>\n<meta name=\"description\" content=\"Cet \u00e9lixir est distill\u00e9 \u00e0 la vapeur \u00e0 partir de l&#039;\u00e9corce du bouleau canadien et son ar\u00f4me incisif a la capacit\u00e9 de d\u00e9gager les voies de la m\u00e9ditation.\" \/>\n<meta name=\"robots\" content=\"index, follow, max-snippet:-1, max-image-preview:large, max-video-preview:-1\" \/>\n<link rel=\"canonical\" href=\"https:\/\/dutchhealthstore.com\/fr\/product\/sweet-birch-essential-oil\/\" \/>\n<meta property=\"og:locale\" content=\"fr_FR\" \/>\n<meta property=\"og:type\" content=\"article\" \/>\n<meta property=\"og:title\" content=\"Sweet Birch Essential Oil - Dutch Health Store\" \/>\n<meta property=\"og:description\" content=\"Cet \u00e9lixir est distill\u00e9 \u00e0 la vapeur \u00e0 partir de l&#039;\u00e9corce du bouleau canadien et son ar\u00f4me incisif a la capacit\u00e9 de d\u00e9gager les voies de la m\u00e9ditation.\" \/>\n<meta property=\"og:url\" content=\"https:\/\/dutchhealthstore.com\/fr\/product\/sweet-birch-essential-oil\/\" \/>\n<meta property=\"og:site_name\" content=\"Dutch Health Store\" \/>\n<meta property=\"article:publisher\" content=\"https:\/\/www.instagram.com\/dutchhealthstore\/\" \/>\n<meta property=\"article:modified_time\" content=\"2024-11-22T11:23:20+00:00\" \/>\n<meta property=\"og:image\" content=\"https:\/\/dutchhealthstore.com\/wp-content\/uploads\/2018\/02\/Sweet-Birch-Essential-Oil-Living-Libations-e1594275873210.jpg\" \/>\n\t<meta property=\"og:image:width\" content=\"500\" \/>\n\t<meta property=\"og:image:height\" content=\"500\" \/>\n\t<meta property=\"og:image:type\" content=\"image\/jpeg\" \/>\n<meta name=\"twitter:card\" content=\"summary_large_image\" \/>\n<meta name=\"twitter:label1\" content=\"Disponibilit\u00e9\" \/>\n\t<meta name=\"twitter:data1\" content=\"En stock\" \/>\n<script type=\"application\/ld+json\" class=\"yoast-schema-graph\">{\"@context\":\"https:\/\/schema.org\",\"@graph\":[{\"@type\":\"WebPage\",\"@id\":\"https:\/\/dutchhealthstore.com\/fr\/product\/sweet-birch-essential-oil\/\",\"url\":\"https:\/\/dutchhealthstore.com\/fr\/product\/sweet-birch-essential-oil\/\",\"name\":\"Sweet Birch Essential Oil | Living Libations\",\"isPartOf\":{\"@id\":\"https:\/\/dutchhealthstore.com\/fr\/#website\"},\"primaryImageOfPage\":{\"@id\":\"https:\/\/dutchhealthstore.com\/fr\/product\/sweet-birch-essential-oil\/#primaryimage\"},\"image\":{\"@id\":\"https:\/\/dutchhealthstore.com\/fr\/product\/sweet-birch-essential-oil\/#primaryimage\"},\"thumbnailUrl\":\"https:\/\/dutchhealthstore.com\/wp-content\/uploads\/2018\/02\/Sweet-Birch-Essential-Oil-Living-Libations-e1594275873210.jpg\",\"datePublished\":\"2020-07-09T04:27:30+00:00\",\"dateModified\":\"2024-11-22T11:23:20+00:00\",\"description\":\"Cet \u00e9lixir est distill\u00e9 \u00e0 la vapeur \u00e0 partir de l'\u00e9corce du bouleau canadien et son ar\u00f4me incisif a la capacit\u00e9 de d\u00e9gager les voies de la m\u00e9ditation.\",\"breadcrumb\":{\"@id\":\"https:\/\/dutchhealthstore.com\/fr\/product\/sweet-birch-essential-oil\/#breadcrumb\"},\"inLanguage\":\"fr-FR\",\"potentialAction\":[{\"@type\":\"ReadAction\",\"target\":[\"https:\/\/dutchhealthstore.com\/fr\/product\/sweet-birch-essential-oil\/\"]}]},{\"@type\":\"ImageObject\",\"inLanguage\":\"fr-FR\",\"@id\":\"https:\/\/dutchhealthstore.com\/fr\/product\/sweet-birch-essential-oil\/#primaryimage\",\"url\":\"https:\/\/dutchhealthstore.com\/wp-content\/uploads\/2018\/02\/Sweet-Birch-Essential-Oil-Living-Libations-e1594275873210.jpg\",\"contentUrl\":\"https:\/\/dutchhealthstore.com\/wp-content\/uploads\/2018\/02\/Sweet-Birch-Essential-Oil-Living-Libations-e1594275873210.jpg\",\"width\":500,\"height\":500,\"caption\":\"Sweet Birch Essential Oil - Living Libations\"},{\"@type\":\"BreadcrumbList\",\"@id\":\"https:\/\/dutchhealthstore.com\/fr\/product\/sweet-birch-essential-oil\/#breadcrumb\",\"itemListElement\":[{\"@type\":\"ListItem\",\"position\":1,\"name\":\"Home\",\"item\":\"https:\/\/dutchhealthstore.com\/fr\/\"},{\"@type\":\"ListItem\",\"position\":2,\"name\":\"Shop\",\"item\":\"https:\/\/dutchhealthstore.com\/fr\/shop\/\"},{\"@type\":\"ListItem\",\"position\":3,\"name\":\"Sweet Birch Essential Oil\"}]},{\"@type\":\"WebSite\",\"@id\":\"https:\/\/dutchhealthstore.com\/fr\/#website\",\"url\":\"https:\/\/dutchhealthstore.com\/fr\/\",\"name\":\"Dutch Health Store\",\"description\":\"Enhance Your Beauty with Organic &amp; Natural Skincare\",\"publisher\":{\"@id\":\"https:\/\/dutchhealthstore.com\/fr\/#organization\"},\"potentialAction\":[{\"@type\":\"SearchAction\",\"target\":{\"@type\":\"EntryPoint\",\"urlTemplate\":\"https:\/\/dutchhealthstore.com\/fr\/?s={search_term_string}\"},\"query-input\":{\"@type\":\"PropertyValueSpecification\",\"valueRequired\":true,\"valueName\":\"search_term_string\"}}],\"inLanguage\":\"fr-FR\"},{\"@type\":\"Organization\",\"@id\":\"https:\/\/dutchhealthstore.com\/fr\/#organization\",\"name\":\"Dutch Health Store\",\"url\":\"https:\/\/dutchhealthstore.com\/fr\/\",\"logo\":{\"@type\":\"ImageObject\",\"inLanguage\":\"fr-FR\",\"@id\":\"https:\/\/dutchhealthstore.com\/fr\/#\/schema\/logo\/image\/\",\"url\":\"https:\/\/dutchhealthstore.com\/wp-content\/uploads\/2020\/08\/logo-dutchhealthstore-jpg-e1599484957574.jpg\",\"contentUrl\":\"https:\/\/dutchhealthstore.com\/wp-content\/uploads\/2020\/08\/logo-dutchhealthstore-jpg-e1599484957574.jpg\",\"width\":400,\"height\":62,\"caption\":\"Dutch Health Store\"},\"image\":{\"@id\":\"https:\/\/dutchhealthstore.com\/fr\/#\/schema\/logo\/image\/\"},\"sameAs\":[\"https:\/\/www.instagram.com\/dutchhealthstore\/\",\"https:\/\/www.facebook.com\/dutchhealthstore\"]}]}<\/script>\n<meta property=\"product:brand\" content=\"Living Libations\" \/>\n<meta property=\"og:availability\" content=\"instock\" \/>\n<meta property=\"product:availability\" content=\"instock\" \/>\n<meta property=\"product:condition\" content=\"new\" \/>\n<!-- \/ Yoast SEO Premium plugin. -->","yoast_head_json":{"title":"Sweet Birch Essential Oil | Living Libations","description":"Cet \u00e9lixir est distill\u00e9 \u00e0 la vapeur \u00e0 partir de l'\u00e9corce du bouleau canadien et son ar\u00f4me incisif a la capacit\u00e9 de d\u00e9gager les voies de la m\u00e9ditation.","robots":{"index":"index","follow":"follow","max-snippet":"max-snippet:-1","max-image-preview":"max-image-preview:large","max-video-preview":"max-video-preview:-1"},"canonical":"https:\/\/dutchhealthstore.com\/fr\/product\/sweet-birch-essential-oil\/","og_locale":"fr_FR","og_type":"article","og_title":"Sweet Birch Essential Oil - Dutch Health Store","og_description":"Cet \u00e9lixir est distill\u00e9 \u00e0 la vapeur \u00e0 partir de l'\u00e9corce du bouleau canadien et son ar\u00f4me incisif a la capacit\u00e9 de d\u00e9gager les voies de la m\u00e9ditation.","og_url":"https:\/\/dutchhealthstore.com\/fr\/product\/sweet-birch-essential-oil\/","og_site_name":"Dutch Health Store","article_publisher":"https:\/\/www.instagram.com\/dutchhealthstore\/","article_modified_time":"2024-11-22T11:23:20+00:00","og_image":[{"width":500,"height":500,"url":"https:\/\/dutchhealthstore.com\/wp-content\/uploads\/2018\/02\/Sweet-Birch-Essential-Oil-Living-Libations-e1594275873210.jpg","type":"image\/jpeg"}],"twitter_card":"summary_large_image","twitter_misc":{"Disponibilit\u00e9":"En stock"},"schema":{"@context":"https:\/\/schema.org","@graph":[{"@type":"WebPage","@id":"https:\/\/dutchhealthstore.com\/fr\/product\/sweet-birch-essential-oil\/","url":"https:\/\/dutchhealthstore.com\/fr\/product\/sweet-birch-essential-oil\/","name":"Sweet Birch Essential Oil | Living Libations","isPartOf":{"@id":"https:\/\/dutchhealthstore.com\/fr\/#website"},"primaryImageOfPage":{"@id":"https:\/\/dutchhealthstore.com\/fr\/product\/sweet-birch-essential-oil\/#primaryimage"},"image":{"@id":"https:\/\/dutchhealthstore.com\/fr\/product\/sweet-birch-essential-oil\/#primaryimage"},"thumbnailUrl":"https:\/\/dutchhealthstore.com\/wp-content\/uploads\/2018\/02\/Sweet-Birch-Essential-Oil-Living-Libations-e1594275873210.jpg","datePublished":"2020-07-09T04:27:30+00:00","dateModified":"2024-11-22T11:23:20+00:00","description":"Cet \u00e9lixir est distill\u00e9 \u00e0 la vapeur \u00e0 partir de l'\u00e9corce du bouleau canadien et son ar\u00f4me incisif a la capacit\u00e9 de d\u00e9gager les voies de la m\u00e9ditation.","breadcrumb":{"@id":"https:\/\/dutchhealthstore.com\/fr\/product\/sweet-birch-essential-oil\/#breadcrumb"},"inLanguage":"fr-FR","potentialAction":[{"@type":"ReadAction","target":["https:\/\/dutchhealthstore.com\/fr\/product\/sweet-birch-essential-oil\/"]}]},{"@type":"ImageObject","inLanguage":"fr-FR","@id":"https:\/\/dutchhealthstore.com\/fr\/product\/sweet-birch-essential-oil\/#primaryimage","url":"https:\/\/dutchhealthstore.com\/wp-content\/uploads\/2018\/02\/Sweet-Birch-Essential-Oil-Living-Libations-e1594275873210.jpg","contentUrl":"https:\/\/dutchhealthstore.com\/wp-content\/uploads\/2018\/02\/Sweet-Birch-Essential-Oil-Living-Libations-e1594275873210.jpg","width":500,"height":500,"caption":"Sweet Birch Essential Oil - Living Libations"},{"@type":"BreadcrumbList","@id":"https:\/\/dutchhealthstore.com\/fr\/product\/sweet-birch-essential-oil\/#breadcrumb","itemListElement":[{"@type":"ListItem","position":1,"name":"Home","item":"https:\/\/dutchhealthstore.com\/fr\/"},{"@type":"ListItem","position":2,"name":"Shop","item":"https:\/\/dutchhealthstore.com\/fr\/shop\/"},{"@type":"ListItem","position":3,"name":"Sweet Birch Essential Oil"}]},{"@type":"WebSite","@id":"https:\/\/dutchhealthstore.com\/fr\/#website","url":"https:\/\/dutchhealthstore.com\/fr\/","name":"Dutch Health Store","description":"Enhance Your Beauty with Organic &amp; Natural Skincare","publisher":{"@id":"https:\/\/dutchhealthstore.com\/fr\/#organization"},"potentialAction":[{"@type":"SearchAction","target":{"@type":"EntryPoint","urlTemplate":"https:\/\/dutchhealthstore.com\/fr\/?s={search_term_string}"},"query-input":{"@type":"PropertyValueSpecification","valueRequired":true,"valueName":"search_term_string"}}],"inLanguage":"fr-FR"},{"@type":"Organization","@id":"https:\/\/dutchhealthstore.com\/fr\/#organization","name":"Dutch Health Store","url":"https:\/\/dutchhealthstore.com\/fr\/","logo":{"@type":"ImageObject","inLanguage":"fr-FR","@id":"https:\/\/dutchhealthstore.com\/fr\/#\/schema\/logo\/image\/","url":"https:\/\/dutchhealthstore.com\/wp-content\/uploads\/2020\/08\/logo-dutchhealthstore-jpg-e1599484957574.jpg","contentUrl":"https:\/\/dutchhealthstore.com\/wp-content\/uploads\/2020\/08\/logo-dutchhealthstore-jpg-e1599484957574.jpg","width":400,"height":62,"caption":"Dutch Health Store"},"image":{"@id":"https:\/\/dutchhealthstore.com\/fr\/#\/schema\/logo\/image\/"},"sameAs":["https:\/\/www.instagram.com\/dutchhealthstore\/","https:\/\/www.facebook.com\/dutchhealthstore"]}]},"product_brand":"Living Libations","og_availability":"instock","product_availability":"instock","product_condition":"new"},"_links":{"self":[{"href":"https:\/\/dutchhealthstore.com\/fr\/wp-json\/wp\/v2\/product\/124939","targetHints":{"allow":["GET"]}}],"collection":[{"href":"https:\/\/dutchhealthstore.com\/fr\/wp-json\/wp\/v2\/product"}],"about":[{"href":"https:\/\/dutchhealthstore.com\/fr\/wp-json\/wp\/v2\/types\/product"}],"replies":[{"embeddable":true,"href":"https:\/\/dutchhealthstore.com\/fr\/wp-json\/wp\/v2\/comments?post=124939"}],"wp:featuredmedia":[{"embeddable":true,"href":"https:\/\/dutchhealthstore.com\/fr\/wp-json\/wp\/v2\/media\/54230"}],"wp:attachment":[{"href":"https:\/\/dutchhealthstore.com\/fr\/wp-json\/wp\/v2\/media?parent=124939"}],"wp:term":[{"taxonomy":"product_brand","embeddable":true,"href":"https:\/\/dutchhealthstore.com\/fr\/wp-json\/wp\/v2\/product_brand?post=124939"},{"taxonomy":"product_cat","embeddable":true,"href":"https:\/\/dutchhealthstore.com\/fr\/wp-json\/wp\/v2\/product_cat?post=124939"},{"taxonomy":"product_tag","embeddable":true,"href":"https:\/\/dutchhealthstore.com\/fr\/wp-json\/wp\/v2\/product_tag?post=124939"}],"curies":[{"name":"wp","href":"https:\/\/api.w.org\/{rel}","templated":true}]}}