{"id":123939,"date":"2018-02-10T19:36:34","date_gmt":"2018-02-10T18:36:34","guid":{"rendered":"https:\/\/dutchhealthstore.com\/product\/stinging-nettle-essential-oil\/"},"modified":"2025-01-16T14:30:34","modified_gmt":"2025-01-16T13:30:34","slug":"stinging-nettle-essential-oil","status":"publish","type":"product","link":"https:\/\/dutchhealthstore.com\/fr\/product\/stinging-nettle-essential-oil\/","title":{"rendered":"Stinging Nettle Essential Oil"},"content":{"rendered":"<p><img decoding=\"async\" class=\"size-full wp-image-69549 alignright\" src=\"https:\/\/dutchhealthstore.com\/wp-content\/uploads\/2019\/08\/NEW-Living-Libations-Logo.jpg\" alt=\"NEW - Living Libations - Logo\" width=\"175\" height=\"82\"><strong>Nom botanique:<\/strong> Urtica dioica<br \/>\n<strong>Famille botanique:<\/strong> Urticaceae<br \/>\n<strong>M\u00e9thode d&rsquo;extraction:<\/strong> Distillation \u00e0 la vapeur<br \/>\n<strong>Partie de la plante distill\u00e9e:<\/strong> Feuilles<br \/>\n<strong>Pays d&rsquo;origine:<\/strong> Corse<br \/>\n<strong>M\u00e9thode de culture:<\/strong> Cueillette sauvage<br \/>\n<strong>Description du parfum:<\/strong> Douceur, terre verte<br \/>\n<strong>Composition:<\/strong> 100% Urtica dioica<br \/>\n<strong>Consistance:<\/strong> \u00c9pais<\/p>\n<h3>Se marie bien avec<\/h3>\n<p>Encens, Rose Otto, Pamplemousse, Foug\u00e8re douce, Mousse du Groenland, Bergamote, Myrrhe, Myrte \u00e0 miel, Epinette blanche, Citron, Lime Fragonia, V\u00e9tiver, Mousse de ch\u00eane et Inula.<\/p>\n<a href=\"https:\/\/dutchhealthstore.com\/wp-content\/uploads\/2018\/02\/ANALYSIS-Stinging-Nettle-Essential-Oil-Living-Libations.pdf\" class=\"button primary is-primary is-small\"  >\n\t\t<span>ANALYSE DES HUILES ESSENTIELLES &gt;<\/span>\n\t<\/a>\n\n<h3>Utilisations<\/h3>\n<p>Tonique pour la peau, le cuir chevelu et les soins capillaires. \u00c0 utiliser dans les m\u00e9langes de massage, les huiles capillaires et les s\u00e9rums pour le visage.<\/p>\n<p>Cette distillation tr\u00e8s rare d\u00e9gage un ar\u00f4me unique qui est la ponctuation parfaite pour ajouter des notes foresti\u00e8res aux parfums de p\u00e9tales et aux eaux de Cologne chypr\u00e9es.<\/p>\n<p>Stinging Nettle Essential Oil est un tonique opportun pour \u00e9quilibrer la production de s\u00e9bum dans les peaux et les cheveux trop gras. Les cuirs chevelus secs ont constat\u00e9 une diminution des flocons d\u00e9tach\u00e9s avec l&rsquo;application r\u00e9guli\u00e8re. Pour les soins capillaires, diluez pour l&rsquo;utiliser dans une huile de massage du cuir chevelu avec notre Best Skin Ever, Scalp Tonic, ou notre Seabuckthorn Shampoo.<\/p>\n<p><strong>Taille: 5 ml, 15 ml et 30 ml<\/strong><\/p>\n<h3>Ingr\u00e9dients Biologiques<\/h3>\n<p>100% d&rsquo;huile essentielle d&rsquo;ortie (Urtica dioica).<\/p>\n<p style=\"text-align: center;\"><em>\u00ab\u00a0Mieux vaut \u00eatre une ortie dans le flanc de ton ami que son \u00e9cho.\u00a0\u00bb<\/em><br \/>\n~ Ralph Waldo Emerson<\/p>\n<p><img fetchpriority=\"high\" decoding=\"async\" class=\"size-medium wp-image-68103 aligncenter\" src=\"https:\/\/dutchhealthstore.com\/wp-content\/uploads\/2018\/02\/Living-Libations-Organic-Logo-800x89.png\" alt=\"Living Libations - Organic Logo\" width=\"800\" height=\"89\" srcset=\"https:\/\/dutchhealthstore.com\/wp-content\/uploads\/2018\/02\/Living-Libations-Organic-Logo-800x89.png 800w, https:\/\/dutchhealthstore.com\/wp-content\/uploads\/2018\/02\/Living-Libations-Organic-Logo-510x57.png 510w, https:\/\/dutchhealthstore.com\/wp-content\/uploads\/2018\/02\/Living-Libations-Organic-Logo-768x85.png 768w, https:\/\/dutchhealthstore.com\/wp-content\/uploads\/2018\/02\/Living-Libations-Organic-Logo.png 1400w\" sizes=\"(max-width: 800px) 100vw, 800px\" \/><\/p>\n","protected":false},"excerpt":{"rendered":"<p>Mettez une petite chanson dans votre d\u00e9marche avec Stinging Nettle Essential Oil, un tonique opportun pour le corps, les cheveux et la peau. Les orties sont utilis\u00e9es depuis des centaines d&rsquo;ann\u00e9es comme plante tonique \u00e9quilibrante.<\/p>\n","protected":false},"featured_media":87301,"comment_status":"open","ping_status":"closed","template":"","meta":[],"product_brand":[],"product_cat":[1507,6734,1211,1209,3757,1010,6733],"product_tag":[4495],"class_list":{"0":"post-123939","1":"product","2":"type-product","3":"status-publish","4":"has-post-thumbnail","6":"product_cat-plantes-huiles-essentielles-living-libations","7":"product_cat-essential-oils","8":"product_cat-living-libations-france","9":"product_cat-par-marques","10":"product_cat-plantes-huiles-essentielles","11":"product_cat-notre-boutique","12":"product_cat-wellness-fr-2","13":"product_tag-essential-oil-fr","14":"pa_brand-livinglibations-fr","15":"pa_essential-oils-product-type-essential-oils-fr","16":"pa_size-5-ml-fr","17":"pa_size-15-ml-fr","18":"pa_size-30-ml-fr","20":"first","21":"instock","22":"taxable","23":"shipping-taxable","24":"purchasable","25":"product-type-variable"},"bundled_by":[],"bundle_stock_status":"instock","bundle_stock_quantity":null,"bundle_virtual":false,"bundle_layout":"","bundle_add_to_cart_form_location":"","bundle_editable_in_cart":false,"bundle_sold_individually_context":"","bundle_item_grouping":"","bundle_min_size":"","bundle_max_size":"","bundle_price":[],"bundled_items":[],"bundle_sell_ids":[],"atum_controlled":true,"out_stock_date":null,"out_stock_threshold":null,"inheritable":true,"stock_on_hold":1,"sold_today":0,"sales_last_days":0,"out_stock_days":0,"lost_sales":0,"update_date":"2026-04-09T01:48:22","atum_locations":[],"atum_stock_status":"instock","restock_status":false,"low_stock_amount":"","sales_update_date":"2026-04-09T01:48:22","calc_backorders":null,"group_of_quantity":0,"min_quantity":0,"max_quantity":"","exclude_order_quantity_value_rules":"no","exclude_category_quantity_rules":"no","combine_variations":"no","yoast_head":"<!-- This site is optimized with the Yoast SEO Premium plugin v26.5 (Yoast SEO v26.5) - https:\/\/yoast.com\/wordpress\/plugins\/seo\/ -->\n<title>Stinging Nettle Essential Oil | Living Libations<\/title>\n<meta name=\"description\" content=\"Mettez une petite chanson dans votre d\u00e9marche avec Stinging Nettle Essential Oil, un tonique opportun pour le corps, les cheveux et la peau.\" \/>\n<meta name=\"robots\" content=\"index, follow, max-snippet:-1, max-image-preview:large, max-video-preview:-1\" \/>\n<link rel=\"canonical\" href=\"https:\/\/dutchhealthstore.com\/fr\/product\/stinging-nettle-essential-oil\/\" \/>\n<meta property=\"og:locale\" content=\"fr_FR\" \/>\n<meta property=\"og:type\" content=\"article\" \/>\n<meta property=\"og:title\" content=\"Stinging Nettle Essential Oil - Dutch Health Store\" \/>\n<meta property=\"og:description\" content=\"Mettez une petite chanson dans votre d\u00e9marche avec Stinging Nettle Essential Oil, un tonique opportun pour le corps, les cheveux et la peau.\" \/>\n<meta property=\"og:url\" content=\"https:\/\/dutchhealthstore.com\/fr\/product\/stinging-nettle-essential-oil\/\" \/>\n<meta property=\"og:site_name\" content=\"Dutch Health Store\" \/>\n<meta property=\"article:publisher\" content=\"https:\/\/www.instagram.com\/dutchhealthstore\/\" \/>\n<meta property=\"article:modified_time\" content=\"2025-01-16T13:30:34+00:00\" \/>\n<meta property=\"og:image\" content=\"https:\/\/dutchhealthstore.com\/wp-content\/uploads\/2018\/02\/Stinging-Nettle-Essential-Oil-Living-Libations.jpg\" \/>\n\t<meta property=\"og:image:width\" content=\"500\" \/>\n\t<meta property=\"og:image:height\" content=\"500\" \/>\n\t<meta property=\"og:image:type\" content=\"image\/jpeg\" \/>\n<meta name=\"twitter:card\" content=\"summary_large_image\" \/>\n<meta name=\"twitter:label1\" content=\"Disponibilit\u00e9\" \/>\n\t<meta name=\"twitter:data1\" content=\"En stock\" \/>\n<script type=\"application\/ld+json\" class=\"yoast-schema-graph\">{\"@context\":\"https:\/\/schema.org\",\"@graph\":[{\"@type\":\"WebPage\",\"@id\":\"https:\/\/dutchhealthstore.com\/fr\/product\/stinging-nettle-essential-oil\/\",\"url\":\"https:\/\/dutchhealthstore.com\/fr\/product\/stinging-nettle-essential-oil\/\",\"name\":\"Stinging Nettle Essential Oil | Living Libations\",\"isPartOf\":{\"@id\":\"https:\/\/dutchhealthstore.com\/fr\/#website\"},\"primaryImageOfPage\":{\"@id\":\"https:\/\/dutchhealthstore.com\/fr\/product\/stinging-nettle-essential-oil\/#primaryimage\"},\"image\":{\"@id\":\"https:\/\/dutchhealthstore.com\/fr\/product\/stinging-nettle-essential-oil\/#primaryimage\"},\"thumbnailUrl\":\"https:\/\/dutchhealthstore.com\/wp-content\/uploads\/2018\/02\/Stinging-Nettle-Essential-Oil-Living-Libations.jpg\",\"datePublished\":\"2018-02-10T18:36:34+00:00\",\"dateModified\":\"2025-01-16T13:30:34+00:00\",\"description\":\"Mettez une petite chanson dans votre d\u00e9marche avec Stinging Nettle Essential Oil, un tonique opportun pour le corps, les cheveux et la peau.\",\"breadcrumb\":{\"@id\":\"https:\/\/dutchhealthstore.com\/fr\/product\/stinging-nettle-essential-oil\/#breadcrumb\"},\"inLanguage\":\"fr-FR\",\"potentialAction\":[{\"@type\":\"ReadAction\",\"target\":[\"https:\/\/dutchhealthstore.com\/fr\/product\/stinging-nettle-essential-oil\/\"]}]},{\"@type\":\"ImageObject\",\"inLanguage\":\"fr-FR\",\"@id\":\"https:\/\/dutchhealthstore.com\/fr\/product\/stinging-nettle-essential-oil\/#primaryimage\",\"url\":\"https:\/\/dutchhealthstore.com\/wp-content\/uploads\/2018\/02\/Stinging-Nettle-Essential-Oil-Living-Libations.jpg\",\"contentUrl\":\"https:\/\/dutchhealthstore.com\/wp-content\/uploads\/2018\/02\/Stinging-Nettle-Essential-Oil-Living-Libations.jpg\",\"width\":500,\"height\":500,\"caption\":\"Stinging Nettle Essential Oil - Living Libations\"},{\"@type\":\"BreadcrumbList\",\"@id\":\"https:\/\/dutchhealthstore.com\/fr\/product\/stinging-nettle-essential-oil\/#breadcrumb\",\"itemListElement\":[{\"@type\":\"ListItem\",\"position\":1,\"name\":\"Home\",\"item\":\"https:\/\/dutchhealthstore.com\/fr\/\"},{\"@type\":\"ListItem\",\"position\":2,\"name\":\"Shop\",\"item\":\"https:\/\/dutchhealthstore.com\/fr\/shop\/\"},{\"@type\":\"ListItem\",\"position\":3,\"name\":\"Stinging Nettle Essential Oil\"}]},{\"@type\":\"WebSite\",\"@id\":\"https:\/\/dutchhealthstore.com\/fr\/#website\",\"url\":\"https:\/\/dutchhealthstore.com\/fr\/\",\"name\":\"Dutch Health Store\",\"description\":\"Enhance Your Beauty with Organic &amp; Natural Skincare\",\"publisher\":{\"@id\":\"https:\/\/dutchhealthstore.com\/fr\/#organization\"},\"potentialAction\":[{\"@type\":\"SearchAction\",\"target\":{\"@type\":\"EntryPoint\",\"urlTemplate\":\"https:\/\/dutchhealthstore.com\/fr\/?s={search_term_string}\"},\"query-input\":{\"@type\":\"PropertyValueSpecification\",\"valueRequired\":true,\"valueName\":\"search_term_string\"}}],\"inLanguage\":\"fr-FR\"},{\"@type\":\"Organization\",\"@id\":\"https:\/\/dutchhealthstore.com\/fr\/#organization\",\"name\":\"Dutch Health Store\",\"url\":\"https:\/\/dutchhealthstore.com\/fr\/\",\"logo\":{\"@type\":\"ImageObject\",\"inLanguage\":\"fr-FR\",\"@id\":\"https:\/\/dutchhealthstore.com\/fr\/#\/schema\/logo\/image\/\",\"url\":\"https:\/\/dutchhealthstore.com\/wp-content\/uploads\/2020\/08\/logo-dutchhealthstore-jpg-e1599484957574.jpg\",\"contentUrl\":\"https:\/\/dutchhealthstore.com\/wp-content\/uploads\/2020\/08\/logo-dutchhealthstore-jpg-e1599484957574.jpg\",\"width\":400,\"height\":62,\"caption\":\"Dutch Health Store\"},\"image\":{\"@id\":\"https:\/\/dutchhealthstore.com\/fr\/#\/schema\/logo\/image\/\"},\"sameAs\":[\"https:\/\/www.instagram.com\/dutchhealthstore\/\",\"https:\/\/www.facebook.com\/dutchhealthstore\"]}]}<\/script>\n<meta property=\"product:brand\" content=\"Living Libations\" \/>\n<meta property=\"og:availability\" content=\"instock\" \/>\n<meta property=\"product:availability\" content=\"instock\" \/>\n<meta property=\"product:condition\" content=\"new\" \/>\n<!-- \/ Yoast SEO Premium plugin. -->","yoast_head_json":{"title":"Stinging Nettle Essential Oil | Living Libations","description":"Mettez une petite chanson dans votre d\u00e9marche avec Stinging Nettle Essential Oil, un tonique opportun pour le corps, les cheveux et la peau.","robots":{"index":"index","follow":"follow","max-snippet":"max-snippet:-1","max-image-preview":"max-image-preview:large","max-video-preview":"max-video-preview:-1"},"canonical":"https:\/\/dutchhealthstore.com\/fr\/product\/stinging-nettle-essential-oil\/","og_locale":"fr_FR","og_type":"article","og_title":"Stinging Nettle Essential Oil - Dutch Health Store","og_description":"Mettez une petite chanson dans votre d\u00e9marche avec Stinging Nettle Essential Oil, un tonique opportun pour le corps, les cheveux et la peau.","og_url":"https:\/\/dutchhealthstore.com\/fr\/product\/stinging-nettle-essential-oil\/","og_site_name":"Dutch Health Store","article_publisher":"https:\/\/www.instagram.com\/dutchhealthstore\/","article_modified_time":"2025-01-16T13:30:34+00:00","og_image":[{"width":500,"height":500,"url":"https:\/\/dutchhealthstore.com\/wp-content\/uploads\/2018\/02\/Stinging-Nettle-Essential-Oil-Living-Libations.jpg","type":"image\/jpeg"}],"twitter_card":"summary_large_image","twitter_misc":{"Disponibilit\u00e9":"En stock"},"schema":{"@context":"https:\/\/schema.org","@graph":[{"@type":"WebPage","@id":"https:\/\/dutchhealthstore.com\/fr\/product\/stinging-nettle-essential-oil\/","url":"https:\/\/dutchhealthstore.com\/fr\/product\/stinging-nettle-essential-oil\/","name":"Stinging Nettle Essential Oil | Living Libations","isPartOf":{"@id":"https:\/\/dutchhealthstore.com\/fr\/#website"},"primaryImageOfPage":{"@id":"https:\/\/dutchhealthstore.com\/fr\/product\/stinging-nettle-essential-oil\/#primaryimage"},"image":{"@id":"https:\/\/dutchhealthstore.com\/fr\/product\/stinging-nettle-essential-oil\/#primaryimage"},"thumbnailUrl":"https:\/\/dutchhealthstore.com\/wp-content\/uploads\/2018\/02\/Stinging-Nettle-Essential-Oil-Living-Libations.jpg","datePublished":"2018-02-10T18:36:34+00:00","dateModified":"2025-01-16T13:30:34+00:00","description":"Mettez une petite chanson dans votre d\u00e9marche avec Stinging Nettle Essential Oil, un tonique opportun pour le corps, les cheveux et la peau.","breadcrumb":{"@id":"https:\/\/dutchhealthstore.com\/fr\/product\/stinging-nettle-essential-oil\/#breadcrumb"},"inLanguage":"fr-FR","potentialAction":[{"@type":"ReadAction","target":["https:\/\/dutchhealthstore.com\/fr\/product\/stinging-nettle-essential-oil\/"]}]},{"@type":"ImageObject","inLanguage":"fr-FR","@id":"https:\/\/dutchhealthstore.com\/fr\/product\/stinging-nettle-essential-oil\/#primaryimage","url":"https:\/\/dutchhealthstore.com\/wp-content\/uploads\/2018\/02\/Stinging-Nettle-Essential-Oil-Living-Libations.jpg","contentUrl":"https:\/\/dutchhealthstore.com\/wp-content\/uploads\/2018\/02\/Stinging-Nettle-Essential-Oil-Living-Libations.jpg","width":500,"height":500,"caption":"Stinging Nettle Essential Oil - Living Libations"},{"@type":"BreadcrumbList","@id":"https:\/\/dutchhealthstore.com\/fr\/product\/stinging-nettle-essential-oil\/#breadcrumb","itemListElement":[{"@type":"ListItem","position":1,"name":"Home","item":"https:\/\/dutchhealthstore.com\/fr\/"},{"@type":"ListItem","position":2,"name":"Shop","item":"https:\/\/dutchhealthstore.com\/fr\/shop\/"},{"@type":"ListItem","position":3,"name":"Stinging Nettle Essential Oil"}]},{"@type":"WebSite","@id":"https:\/\/dutchhealthstore.com\/fr\/#website","url":"https:\/\/dutchhealthstore.com\/fr\/","name":"Dutch Health Store","description":"Enhance Your Beauty with Organic &amp; Natural Skincare","publisher":{"@id":"https:\/\/dutchhealthstore.com\/fr\/#organization"},"potentialAction":[{"@type":"SearchAction","target":{"@type":"EntryPoint","urlTemplate":"https:\/\/dutchhealthstore.com\/fr\/?s={search_term_string}"},"query-input":{"@type":"PropertyValueSpecification","valueRequired":true,"valueName":"search_term_string"}}],"inLanguage":"fr-FR"},{"@type":"Organization","@id":"https:\/\/dutchhealthstore.com\/fr\/#organization","name":"Dutch Health Store","url":"https:\/\/dutchhealthstore.com\/fr\/","logo":{"@type":"ImageObject","inLanguage":"fr-FR","@id":"https:\/\/dutchhealthstore.com\/fr\/#\/schema\/logo\/image\/","url":"https:\/\/dutchhealthstore.com\/wp-content\/uploads\/2020\/08\/logo-dutchhealthstore-jpg-e1599484957574.jpg","contentUrl":"https:\/\/dutchhealthstore.com\/wp-content\/uploads\/2020\/08\/logo-dutchhealthstore-jpg-e1599484957574.jpg","width":400,"height":62,"caption":"Dutch Health Store"},"image":{"@id":"https:\/\/dutchhealthstore.com\/fr\/#\/schema\/logo\/image\/"},"sameAs":["https:\/\/www.instagram.com\/dutchhealthstore\/","https:\/\/www.facebook.com\/dutchhealthstore"]}]},"product_brand":"Living Libations","og_availability":"instock","product_availability":"instock","product_condition":"new"},"_links":{"self":[{"href":"https:\/\/dutchhealthstore.com\/fr\/wp-json\/wp\/v2\/product\/123939","targetHints":{"allow":["GET"]}}],"collection":[{"href":"https:\/\/dutchhealthstore.com\/fr\/wp-json\/wp\/v2\/product"}],"about":[{"href":"https:\/\/dutchhealthstore.com\/fr\/wp-json\/wp\/v2\/types\/product"}],"replies":[{"embeddable":true,"href":"https:\/\/dutchhealthstore.com\/fr\/wp-json\/wp\/v2\/comments?post=123939"}],"wp:featuredmedia":[{"embeddable":true,"href":"https:\/\/dutchhealthstore.com\/fr\/wp-json\/wp\/v2\/media\/87301"}],"wp:attachment":[{"href":"https:\/\/dutchhealthstore.com\/fr\/wp-json\/wp\/v2\/media?parent=123939"}],"wp:term":[{"taxonomy":"product_brand","embeddable":true,"href":"https:\/\/dutchhealthstore.com\/fr\/wp-json\/wp\/v2\/product_brand?post=123939"},{"taxonomy":"product_cat","embeddable":true,"href":"https:\/\/dutchhealthstore.com\/fr\/wp-json\/wp\/v2\/product_cat?post=123939"},{"taxonomy":"product_tag","embeddable":true,"href":"https:\/\/dutchhealthstore.com\/fr\/wp-json\/wp\/v2\/product_tag?post=123939"}],"curies":[{"name":"wp","href":"https:\/\/api.w.org\/{rel}","templated":true}]}}