{"id":123903,"date":"2020-06-22T13:17:00","date_gmt":"2020-06-22T11:17:00","guid":{"rendered":"https:\/\/dutchhealthstore.com\/product\/spruce-black-essential-oil\/"},"modified":"2025-12-23T09:39:07","modified_gmt":"2025-12-23T08:39:07","slug":"spruce-black-essential-oil","status":"publish","type":"product","link":"https:\/\/dutchhealthstore.com\/fr\/product\/spruce-black-essential-oil\/","title":{"rendered":"Spruce, Black Essential Oil"},"content":{"rendered":"<p><img decoding=\"async\" class=\"size-full wp-image-69549 alignright\" src=\"https:\/\/dutchhealthstore.com\/wp-content\/uploads\/2019\/08\/NEW-Living-Libations-Logo.jpg\" alt=\"NEW - Living Libations - Logo\" width=\"175\" height=\"82\"><strong>Nom botanique:<\/strong> Picea mariana<br \/>\n<strong>Famille botanique:<\/strong> Pinaceae<br \/>\n<strong>M\u00e9thode d&rsquo;extraction:<\/strong> Distillation \u00e0 la vapeur<br \/>\n<strong>Partie de la plante distill\u00e9e:<\/strong> Aiguilles<br \/>\n<strong>Pays d&rsquo;origine:<\/strong> Canada<br \/>\n<strong>M\u00e9thode de culture:<\/strong> Sauvage<br \/>\n<strong>Composition:<\/strong> 100% Picea mariana<br \/>\n<strong>Consistance:<\/strong> Viscosit\u00e9 fine<\/p>\n<h3>Description de l&rsquo;odeur<\/h3>\n<p>Frais et propre, avec de douces notes de bois et de terre.<\/p>\n<h3>Dans Living Libations<\/h3>\n<p>Trees Please Forest Cologne<\/p>\n<h3>Se marie bien avec<\/h3>\n<p>Encens, sapin, pamplemousse, bergamote, nard, eucalyptus et romarin.<\/p>\n<a href=\"https:\/\/dutchhealthstore.com\/wp-content\/uploads\/2020\/06\/ANALYSIS-Spruce-Black-Essential-Oil-Living-Libations.pdf\" class=\"button primary is-primary is-small\"  >\n\t\t<span>ANALYSE DES HUILES ESSENTIELLES &gt;<\/span>\n\t<\/a>\n\n<h3>Utilisations<\/h3>\n<p>Tonique utilis\u00e9 par les Indiens Lakota pour am\u00e9liorer la communication avec le Grand Esprit. Super pour inhaler. Fortifiant pour les sentiments. Diffusez pour un air frais et pur ou ajoutez \u00e0 notre pipe \u00e0 sel.<\/p>\n<p>Notre Black Spruce Essential Oil est un bouclier fortifiant qui a \u00e9t\u00e9 utilis\u00e9 pendant des si\u00e8cles en Europe et en Am\u00e9rique du Nord pour ses propri\u00e9t\u00e9s v\u00e9g\u00e9tales. Utilis\u00e9e par les Indiens Lakota dans les c\u00e9r\u00e9monies spirituelles, l&rsquo;essence d&rsquo;\u00e9pic\u00e9a inspire la communion avec le divin. Alors que de nombreuses huiles essentielles de la famille des conif\u00e8res ont un parfum et un effet vifs et vigoureux, l&rsquo;essence d&rsquo;\u00e9pinette noire est douce, discr\u00e8te et subtile.<\/p>\n<p>En raison de sa capacit\u00e9 r\u00e9put\u00e9e \u00e0 lib\u00e9rer les blocages et \u00e0 relancer la respiration, il a \u00e9t\u00e9 utilis\u00e9 historiquement dans les bains de source chaude, les saunas et les massages. Il permet de sortir des impasses \u00e9motionnelles et spirituelles et suscite des sentiments de paix, d&rsquo;\u00e9quilibre et un sentiment d&rsquo;\u00eatre \u00e0 l&rsquo;aise dans sa propre peau peuvent \u00eatre attribu\u00e9s \u00e0 l&rsquo;\u00e9pic\u00e9a.<\/p>\n<p>Taille: 5 ml, 15 ml et 30 ml<\/p>\n<h3>Ingr\u00e9dients Biologiques<\/h3>\n<p>100% d&rsquo;huile essentielle d&rsquo;\u00e9pinette noire (Picea mariana).<\/p>\n<p style=\"text-align: center;\"><em>\u00ab\u00a0Les arbres sont une nuit debout, et chaque sapin et \u00e9pic\u00e9a que vous avez abattu est une plume arrach\u00e9e \u00e0 l&rsquo;aile du corbeau de la nuit.\u00a0\u00bb<\/em><br \/>\n~ Henry David Thoreau, <strong>L&rsquo;Allegash et la branche Est<\/strong><\/p>\n<p style=\"text-align: center;\"><em>\u00ab\u00a0L&rsquo;huile d&rsquo;\u00e9pic\u00e9a a une odeur douce et sucr\u00e9e, chaude et invitante, comme une for\u00eat \u00e0 feuilles persistantes qui veut vous envelopper, vous prot\u00e9ger et vous ramener \u00e0 l&rsquo;\u00e9quilibre.\u00a0\u00bb<\/em><br \/>\n~ Roberta Wilson, <strong>Aromatherapy: Essential Oils for Vibrant Health and Beauty<\/strong><\/p>\n<p style=\"text-align: center;\"><em>\u00ab\u00a0L&rsquo;\u00e9pinette noire est un tonique vivifiant et un nervin stabilisant. Elle est \u00e0 la fois \u00e9l\u00e9vatrice et fondatrice. Sur le plan psychologique, elle donne de la force et de la confiance en soi.\u00a0\u00bb<\/em><br \/>\n~ Kate et Peter Damian, <strong>Scent and Psyche<\/strong>.<\/p>\n<p>&nbsp;<\/p>\n<p><img fetchpriority=\"high\" decoding=\"async\" class=\"size-medium wp-image-68103 aligncenter\" src=\"https:\/\/dutchhealthstore.com\/wp-content\/uploads\/2018\/02\/Living-Libations-Organic-Logo-800x89.png\" alt=\"Living Libations - Organic Logo\" width=\"800\" height=\"89\" srcset=\"https:\/\/dutchhealthstore.com\/wp-content\/uploads\/2018\/02\/Living-Libations-Organic-Logo-800x89.png 800w, https:\/\/dutchhealthstore.com\/wp-content\/uploads\/2018\/02\/Living-Libations-Organic-Logo-510x57.png 510w, https:\/\/dutchhealthstore.com\/wp-content\/uploads\/2018\/02\/Living-Libations-Organic-Logo-768x85.png 768w, https:\/\/dutchhealthstore.com\/wp-content\/uploads\/2018\/02\/Living-Libations-Organic-Logo.png 1400w\" sizes=\"(max-width: 800px) 100vw, 800px\" \/><\/p>\n","protected":false},"excerpt":{"rendered":"<p>L&rsquo;huile essentielle de <strong>\u00e9pic\u00e9a<\/strong> est fabriqu\u00e9e de mani\u00e8re sauvage et distill\u00e9e \u00e0 la vapeur au c\u0153ur de la nature sauvage canadienne. \u00c9galement connue sous le nom d&rsquo;\u00e9pinette noire, cette pommade est revigorante et peut att\u00e9nuer les sentiments de fatigue et raviver les niveaux de clart\u00e9.<br \/>\nL&rsquo;\u00e9pinette noire est plus douce que les autres huiles d&rsquo;arbres \u00e0 feuilles persistantes. Profitez d&rsquo;un parfum invitant de feuillage persistant, de neige fra\u00eechement tomb\u00e9e et de bois doux pour clarifier le souffle et soulager la tension du temps.<\/p>\n","protected":false},"featured_media":108412,"comment_status":"open","ping_status":"closed","template":"","meta":[],"product_brand":[],"product_cat":[6734,1507,1211,1209,3757,6733],"product_tag":[4495],"class_list":{"0":"post-123903","1":"product","2":"type-product","3":"status-publish","4":"has-post-thumbnail","6":"product_cat-essential-oils","7":"product_cat-plantes-huiles-essentielles-living-libations","8":"product_cat-living-libations-france","9":"product_cat-par-marques","10":"product_cat-plantes-huiles-essentielles","11":"product_cat-wellness-fr-2","12":"product_tag-essential-oil-fr","13":"pa_brand-livinglibations-fr","14":"pa_essential-oils-product-type-essential-oils-fr","15":"pa_size-5-ml-fr","16":"pa_size-15-ml-fr","17":"pa_size-30-ml-fr","19":"first","20":"instock","21":"taxable","22":"shipping-taxable","23":"purchasable","24":"product-type-variable"},"bundled_by":[],"bundle_stock_status":"instock","bundle_stock_quantity":null,"bundle_virtual":false,"bundle_layout":"","bundle_add_to_cart_form_location":"","bundle_editable_in_cart":false,"bundle_sold_individually_context":"","bundle_item_grouping":"","bundle_min_size":"","bundle_max_size":"","bundle_price":[],"bundled_items":[],"bundle_sell_ids":[],"atum_controlled":true,"out_stock_date":null,"out_stock_threshold":null,"inheritable":true,"stock_on_hold":1,"sold_today":0,"sales_last_days":0,"out_stock_days":0,"lost_sales":0,"update_date":"2026-04-03T01:44:31","atum_locations":[],"atum_stock_status":"instock","restock_status":false,"low_stock_amount":"","sales_update_date":"2026-04-03T01:44:31","calc_backorders":null,"group_of_quantity":0,"min_quantity":0,"max_quantity":"","exclude_order_quantity_value_rules":"no","exclude_category_quantity_rules":"no","combine_variations":"no","yoast_head":"<!-- This site is optimized with the Yoast SEO Premium plugin v26.5 (Yoast SEO v26.5) - https:\/\/yoast.com\/wordpress\/plugins\/seo\/ -->\n<title>Spruce, Black Essential Oil | Living Libations<\/title>\n<meta name=\"description\" content=\"Profitez d&#039;un parfum invitant de feuillage persistant, de neige fra\u00eechement tomb\u00e9e et de bois doux pour clarifier le souffle et soulager la tension du temps.\" \/>\n<meta name=\"robots\" content=\"index, follow, max-snippet:-1, max-image-preview:large, max-video-preview:-1\" \/>\n<link rel=\"canonical\" href=\"https:\/\/dutchhealthstore.com\/fr\/product\/spruce-black-essential-oil\/\" \/>\n<meta property=\"og:locale\" content=\"fr_FR\" \/>\n<meta property=\"og:type\" content=\"article\" \/>\n<meta property=\"og:title\" content=\"Spruce, Black Essential Oil - Dutch Health Store\" \/>\n<meta property=\"og:description\" content=\"Profitez d&#039;un parfum invitant de feuillage persistant, de neige fra\u00eechement tomb\u00e9e et de bois doux pour clarifier le souffle et soulager la tension du temps.\" \/>\n<meta property=\"og:url\" content=\"https:\/\/dutchhealthstore.com\/fr\/product\/spruce-black-essential-oil\/\" \/>\n<meta property=\"og:site_name\" content=\"Dutch Health Store\" \/>\n<meta property=\"article:publisher\" content=\"https:\/\/www.instagram.com\/dutchhealthstore\/\" \/>\n<meta property=\"article:modified_time\" content=\"2025-12-23T08:39:07+00:00\" \/>\n<meta property=\"og:image\" content=\"https:\/\/dutchhealthstore.com\/wp-content\/uploads\/2020\/06\/Living-Libations-Spruce-Black-essential-oil-e1592831622650.jpg\" \/>\n\t<meta property=\"og:image:width\" content=\"500\" \/>\n\t<meta property=\"og:image:height\" content=\"500\" \/>\n\t<meta property=\"og:image:type\" content=\"image\/jpeg\" \/>\n<meta name=\"twitter:card\" content=\"summary_large_image\" \/>\n<meta name=\"twitter:label1\" content=\"Disponibilit\u00e9\" \/>\n\t<meta name=\"twitter:data1\" content=\"En stock\" \/>\n<script type=\"application\/ld+json\" class=\"yoast-schema-graph\">{\"@context\":\"https:\/\/schema.org\",\"@graph\":[{\"@type\":\"WebPage\",\"@id\":\"https:\/\/dutchhealthstore.com\/fr\/product\/spruce-black-essential-oil\/\",\"url\":\"https:\/\/dutchhealthstore.com\/fr\/product\/spruce-black-essential-oil\/\",\"name\":\"Spruce, Black Essential Oil | Living Libations\",\"isPartOf\":{\"@id\":\"https:\/\/dutchhealthstore.com\/fr\/#website\"},\"primaryImageOfPage\":{\"@id\":\"https:\/\/dutchhealthstore.com\/fr\/product\/spruce-black-essential-oil\/#primaryimage\"},\"image\":{\"@id\":\"https:\/\/dutchhealthstore.com\/fr\/product\/spruce-black-essential-oil\/#primaryimage\"},\"thumbnailUrl\":\"https:\/\/dutchhealthstore.com\/wp-content\/uploads\/2020\/06\/Living-Libations-Spruce-Black-essential-oil-e1592831622650.jpg\",\"datePublished\":\"2020-06-22T11:17:00+00:00\",\"dateModified\":\"2025-12-23T08:39:07+00:00\",\"description\":\"Profitez d'un parfum invitant de feuillage persistant, de neige fra\u00eechement tomb\u00e9e et de bois doux pour clarifier le souffle et soulager la tension du temps.\",\"breadcrumb\":{\"@id\":\"https:\/\/dutchhealthstore.com\/fr\/product\/spruce-black-essential-oil\/#breadcrumb\"},\"inLanguage\":\"fr-FR\",\"potentialAction\":[{\"@type\":\"ReadAction\",\"target\":[\"https:\/\/dutchhealthstore.com\/fr\/product\/spruce-black-essential-oil\/\"]}]},{\"@type\":\"ImageObject\",\"inLanguage\":\"fr-FR\",\"@id\":\"https:\/\/dutchhealthstore.com\/fr\/product\/spruce-black-essential-oil\/#primaryimage\",\"url\":\"https:\/\/dutchhealthstore.com\/wp-content\/uploads\/2020\/06\/Living-Libations-Spruce-Black-essential-oil-e1592831622650.jpg\",\"contentUrl\":\"https:\/\/dutchhealthstore.com\/wp-content\/uploads\/2020\/06\/Living-Libations-Spruce-Black-essential-oil-e1592831622650.jpg\",\"width\":500,\"height\":500},{\"@type\":\"BreadcrumbList\",\"@id\":\"https:\/\/dutchhealthstore.com\/fr\/product\/spruce-black-essential-oil\/#breadcrumb\",\"itemListElement\":[{\"@type\":\"ListItem\",\"position\":1,\"name\":\"Home\",\"item\":\"https:\/\/dutchhealthstore.com\/fr\/\"},{\"@type\":\"ListItem\",\"position\":2,\"name\":\"Shop\",\"item\":\"https:\/\/dutchhealthstore.com\/fr\/shop\/\"},{\"@type\":\"ListItem\",\"position\":3,\"name\":\"Spruce, Black Essential Oil\"}]},{\"@type\":\"WebSite\",\"@id\":\"https:\/\/dutchhealthstore.com\/fr\/#website\",\"url\":\"https:\/\/dutchhealthstore.com\/fr\/\",\"name\":\"Dutch Health Store\",\"description\":\"Enhance Your Beauty with Organic &amp; Natural Skincare\",\"publisher\":{\"@id\":\"https:\/\/dutchhealthstore.com\/fr\/#organization\"},\"potentialAction\":[{\"@type\":\"SearchAction\",\"target\":{\"@type\":\"EntryPoint\",\"urlTemplate\":\"https:\/\/dutchhealthstore.com\/fr\/?s={search_term_string}\"},\"query-input\":{\"@type\":\"PropertyValueSpecification\",\"valueRequired\":true,\"valueName\":\"search_term_string\"}}],\"inLanguage\":\"fr-FR\"},{\"@type\":\"Organization\",\"@id\":\"https:\/\/dutchhealthstore.com\/fr\/#organization\",\"name\":\"Dutch Health Store\",\"url\":\"https:\/\/dutchhealthstore.com\/fr\/\",\"logo\":{\"@type\":\"ImageObject\",\"inLanguage\":\"fr-FR\",\"@id\":\"https:\/\/dutchhealthstore.com\/fr\/#\/schema\/logo\/image\/\",\"url\":\"https:\/\/dutchhealthstore.com\/wp-content\/uploads\/2020\/08\/logo-dutchhealthstore-jpg-e1599484957574.jpg\",\"contentUrl\":\"https:\/\/dutchhealthstore.com\/wp-content\/uploads\/2020\/08\/logo-dutchhealthstore-jpg-e1599484957574.jpg\",\"width\":400,\"height\":62,\"caption\":\"Dutch Health Store\"},\"image\":{\"@id\":\"https:\/\/dutchhealthstore.com\/fr\/#\/schema\/logo\/image\/\"},\"sameAs\":[\"https:\/\/www.instagram.com\/dutchhealthstore\/\",\"https:\/\/www.facebook.com\/dutchhealthstore\"]}]}<\/script>\n<meta property=\"product:brand\" content=\"Living Libations\" \/>\n<meta property=\"og:availability\" content=\"instock\" \/>\n<meta property=\"product:availability\" content=\"instock\" \/>\n<meta property=\"product:condition\" content=\"new\" \/>\n<!-- \/ Yoast SEO Premium plugin. -->","yoast_head_json":{"title":"Spruce, Black Essential Oil | Living Libations","description":"Profitez d'un parfum invitant de feuillage persistant, de neige fra\u00eechement tomb\u00e9e et de bois doux pour clarifier le souffle et soulager la tension du temps.","robots":{"index":"index","follow":"follow","max-snippet":"max-snippet:-1","max-image-preview":"max-image-preview:large","max-video-preview":"max-video-preview:-1"},"canonical":"https:\/\/dutchhealthstore.com\/fr\/product\/spruce-black-essential-oil\/","og_locale":"fr_FR","og_type":"article","og_title":"Spruce, Black Essential Oil - Dutch Health Store","og_description":"Profitez d'un parfum invitant de feuillage persistant, de neige fra\u00eechement tomb\u00e9e et de bois doux pour clarifier le souffle et soulager la tension du temps.","og_url":"https:\/\/dutchhealthstore.com\/fr\/product\/spruce-black-essential-oil\/","og_site_name":"Dutch Health Store","article_publisher":"https:\/\/www.instagram.com\/dutchhealthstore\/","article_modified_time":"2025-12-23T08:39:07+00:00","og_image":[{"width":500,"height":500,"url":"https:\/\/dutchhealthstore.com\/wp-content\/uploads\/2020\/06\/Living-Libations-Spruce-Black-essential-oil-e1592831622650.jpg","type":"image\/jpeg"}],"twitter_card":"summary_large_image","twitter_misc":{"Disponibilit\u00e9":"En stock"},"schema":{"@context":"https:\/\/schema.org","@graph":[{"@type":"WebPage","@id":"https:\/\/dutchhealthstore.com\/fr\/product\/spruce-black-essential-oil\/","url":"https:\/\/dutchhealthstore.com\/fr\/product\/spruce-black-essential-oil\/","name":"Spruce, Black Essential Oil | Living Libations","isPartOf":{"@id":"https:\/\/dutchhealthstore.com\/fr\/#website"},"primaryImageOfPage":{"@id":"https:\/\/dutchhealthstore.com\/fr\/product\/spruce-black-essential-oil\/#primaryimage"},"image":{"@id":"https:\/\/dutchhealthstore.com\/fr\/product\/spruce-black-essential-oil\/#primaryimage"},"thumbnailUrl":"https:\/\/dutchhealthstore.com\/wp-content\/uploads\/2020\/06\/Living-Libations-Spruce-Black-essential-oil-e1592831622650.jpg","datePublished":"2020-06-22T11:17:00+00:00","dateModified":"2025-12-23T08:39:07+00:00","description":"Profitez d'un parfum invitant de feuillage persistant, de neige fra\u00eechement tomb\u00e9e et de bois doux pour clarifier le souffle et soulager la tension du temps.","breadcrumb":{"@id":"https:\/\/dutchhealthstore.com\/fr\/product\/spruce-black-essential-oil\/#breadcrumb"},"inLanguage":"fr-FR","potentialAction":[{"@type":"ReadAction","target":["https:\/\/dutchhealthstore.com\/fr\/product\/spruce-black-essential-oil\/"]}]},{"@type":"ImageObject","inLanguage":"fr-FR","@id":"https:\/\/dutchhealthstore.com\/fr\/product\/spruce-black-essential-oil\/#primaryimage","url":"https:\/\/dutchhealthstore.com\/wp-content\/uploads\/2020\/06\/Living-Libations-Spruce-Black-essential-oil-e1592831622650.jpg","contentUrl":"https:\/\/dutchhealthstore.com\/wp-content\/uploads\/2020\/06\/Living-Libations-Spruce-Black-essential-oil-e1592831622650.jpg","width":500,"height":500},{"@type":"BreadcrumbList","@id":"https:\/\/dutchhealthstore.com\/fr\/product\/spruce-black-essential-oil\/#breadcrumb","itemListElement":[{"@type":"ListItem","position":1,"name":"Home","item":"https:\/\/dutchhealthstore.com\/fr\/"},{"@type":"ListItem","position":2,"name":"Shop","item":"https:\/\/dutchhealthstore.com\/fr\/shop\/"},{"@type":"ListItem","position":3,"name":"Spruce, Black Essential Oil"}]},{"@type":"WebSite","@id":"https:\/\/dutchhealthstore.com\/fr\/#website","url":"https:\/\/dutchhealthstore.com\/fr\/","name":"Dutch Health Store","description":"Enhance Your Beauty with Organic &amp; Natural Skincare","publisher":{"@id":"https:\/\/dutchhealthstore.com\/fr\/#organization"},"potentialAction":[{"@type":"SearchAction","target":{"@type":"EntryPoint","urlTemplate":"https:\/\/dutchhealthstore.com\/fr\/?s={search_term_string}"},"query-input":{"@type":"PropertyValueSpecification","valueRequired":true,"valueName":"search_term_string"}}],"inLanguage":"fr-FR"},{"@type":"Organization","@id":"https:\/\/dutchhealthstore.com\/fr\/#organization","name":"Dutch Health Store","url":"https:\/\/dutchhealthstore.com\/fr\/","logo":{"@type":"ImageObject","inLanguage":"fr-FR","@id":"https:\/\/dutchhealthstore.com\/fr\/#\/schema\/logo\/image\/","url":"https:\/\/dutchhealthstore.com\/wp-content\/uploads\/2020\/08\/logo-dutchhealthstore-jpg-e1599484957574.jpg","contentUrl":"https:\/\/dutchhealthstore.com\/wp-content\/uploads\/2020\/08\/logo-dutchhealthstore-jpg-e1599484957574.jpg","width":400,"height":62,"caption":"Dutch Health Store"},"image":{"@id":"https:\/\/dutchhealthstore.com\/fr\/#\/schema\/logo\/image\/"},"sameAs":["https:\/\/www.instagram.com\/dutchhealthstore\/","https:\/\/www.facebook.com\/dutchhealthstore"]}]},"product_brand":"Living Libations","og_availability":"instock","product_availability":"instock","product_condition":"new"},"_links":{"self":[{"href":"https:\/\/dutchhealthstore.com\/fr\/wp-json\/wp\/v2\/product\/123903","targetHints":{"allow":["GET"]}}],"collection":[{"href":"https:\/\/dutchhealthstore.com\/fr\/wp-json\/wp\/v2\/product"}],"about":[{"href":"https:\/\/dutchhealthstore.com\/fr\/wp-json\/wp\/v2\/types\/product"}],"replies":[{"embeddable":true,"href":"https:\/\/dutchhealthstore.com\/fr\/wp-json\/wp\/v2\/comments?post=123903"}],"wp:featuredmedia":[{"embeddable":true,"href":"https:\/\/dutchhealthstore.com\/fr\/wp-json\/wp\/v2\/media\/108412"}],"wp:attachment":[{"href":"https:\/\/dutchhealthstore.com\/fr\/wp-json\/wp\/v2\/media?parent=123903"}],"wp:term":[{"taxonomy":"product_brand","embeddable":true,"href":"https:\/\/dutchhealthstore.com\/fr\/wp-json\/wp\/v2\/product_brand?post=123903"},{"taxonomy":"product_cat","embeddable":true,"href":"https:\/\/dutchhealthstore.com\/fr\/wp-json\/wp\/v2\/product_cat?post=123903"},{"taxonomy":"product_tag","embeddable":true,"href":"https:\/\/dutchhealthstore.com\/fr\/wp-json\/wp\/v2\/product_tag?post=123903"}],"curies":[{"name":"wp","href":"https:\/\/api.w.org\/{rel}","templated":true}]}}