{"id":123884,"date":"2020-07-03T14:04:00","date_gmt":"2020-07-03T12:04:00","guid":{"rendered":"https:\/\/dutchhealthstore.com\/product\/spruce-mountain-essential-oil\/"},"modified":"2023-02-16T10:39:35","modified_gmt":"2023-02-16T10:39:35","slug":"spruce-mountain-essential-oil","status":"publish","type":"product","link":"https:\/\/dutchhealthstore.com\/fr\/product\/spruce-mountain-essential-oil\/","title":{"rendered":"Spruce Mountain Essential Oil"},"content":{"rendered":"<p><strong><img decoding=\"async\" class=\"size-full wp-image-69549 alignright\" src=\"https:\/\/dutchhealthstore.com\/wp-content\/uploads\/2019\/08\/NEW-Living-Libations-Logo.jpg\" alt=\"NEW - Living Libations - Logo\" width=\"175\" height=\"82\">Nom botanique :<\/strong> Picea engelmannii<br \/>\n<strong>Famille botanique :<\/strong> Pinaceae<br \/>\n<strong>M\u00e9thode d&rsquo;extraction :<\/strong> Distillation \u00e0 la vapeur<br \/>\n<strong>Partie de la plante distill\u00e9e :<\/strong> Aiguilles, branches, brindilles<br \/>\n<strong>Pays d&rsquo;origine :<\/strong> \u00c9tats-Unis<br \/>\n<strong>M\u00e9thode de culture :<\/strong> R\u00e9colte sauvage<br \/>\n<strong>Composition :<\/strong> 100% Picea engelmannii<br \/>\n<strong>Consistance :<\/strong> Viscosit\u00e9 fine<\/p>\n<h3>Description de l&rsquo;odeur<\/h3>\n<p>Un accord herbac\u00e9 et camphr\u00e9 avec des notes glaciales de neige de montagne fra\u00eechement tomb\u00e9e.<\/p>\n<h3>Se marie bien avec<\/h3>\n<p>Encens, pin, bergamote, hysope, origan, basilic, marjolaine, lavande, citron, palo santo, bois de santal, inule et sapin blanc.<\/p>\n<h3>Utilisations<\/h3>\n<p>Diluer pour masser la peau, le visage et la poitrine. Utilisez 3-5 gouttes dans un bain. Excellent dans notre pipe \u00e0 sel et notre diffuseur. Indispensable pour les voyages en avion. Super dans les saunas. Nettoie l&rsquo;air de la cabine de l&rsquo;\u00e9touffement hivernal. Nous aimons l&rsquo;utiliser pour am\u00e9liorer la respiration profonde, ancrer l&rsquo;esprit et soutenir les 1er, 3e et 7e chakras.<\/p>\n<p>L&rsquo;\u00e9pic\u00e9a de montagne pousse dans tout l&rsquo;ouest de l&rsquo;Am\u00e9rique du Nord, s&rsquo;\u00e9tendant de la Colombie-Britannique au nord jusqu&rsquo;au nord du Mexique au sud. Il s&rsquo;agit d&rsquo;un \u00e9pic\u00e9a de haute altitude qui pousse sur des sommets d&rsquo;au moins 900 m\u00e8tres de haut ; ainsi, les qualit\u00e9s imposantes, \u00e9difiantes et in\u00e9branlables de l&rsquo;\u00e9pic\u00e9a de montagne en font un excellent choix pour les compresses de renforcement de la colonne vert\u00e9brale (au sens figur\u00e9) et la mise \u00e0 la terre des \u00e9motions.<\/p>\n<p>Mountain Spruce Essential Oil est semblable \u00e0 l&rsquo;\u00e9pinette bleue en tant que championne de l&rsquo;alignement, tout comme les montagnes in\u00e9branlables sur lesquelles elle pousse. Dans le m\u00eame temps, l&rsquo;huile exploite la hauteur et la majest\u00e9 des puissants sommets, reliant ainsi le moi enracin\u00e9 au moi sup\u00e9rieur. Cette huile est expansive ; elle invite les nouvelles \u00e9nergies \u00e0 entrer tout en bannissant les \u00e9nergies fatigu\u00e9es gr\u00e2ce \u00e0 un filtre d&rsquo;\u00e9pic\u00e9a pur et juteux. L&rsquo;huile d&rsquo;\u00e9pic\u00e9a de montagne peut \u00eatre utilis\u00e9e pendant la m\u00e9ditation pour harmoniser la clart\u00e9 \u00e9motionnelle et mentale, pour calmer et ressentir l&rsquo;esprit, et pour \u00e9largir l&rsquo;esprit vers de nouveaux sommets.<\/p>\n<p><strong>Taille : 5 ml, 15 ml et 30 ml<\/strong><\/p>\n<h3>Ingr\u00e9dients biologiques<\/h3>\n<p>100% d&rsquo;huile essentielle d&rsquo;\u00e9pic\u00e9a de montagne (Picea engelmannii).<\/p>\n<p style=\"text-align: center;\">\u00ab\u00a0La pleine lune se l\u00e8ve. Le brouillard s&rsquo;accroche aux branches les plus basses des \u00e9pic\u00e9as.\u00a0\u00bb<br \/>\n~ Garth Stein, <strong>L&rsquo;art de courir sous la pluie<\/strong><\/p>\n<p style=\"text-align: center;\">\u00ab\u00a0Les peuples autochtones accordent \u00e9galement une grande valeur sacr\u00e9e \u00e0 l&rsquo;\u00e9pic\u00e9a. Les Premi\u00e8res nations du sud du Canada, par exemple, l&rsquo;appellent l&rsquo;arbre de la paix et croient qu&rsquo;il enseigne les valeurs de la coop\u00e9ration, de la joie et de la tranquillit\u00e9, et qu&rsquo;il solidifie les liens entre les humains et les cieux.\u00a0\u00bb<br \/>\n~ Christopher Cumo, <strong>Encyclop\u00e9die des plantes cultiv\u00e9es : De l&rsquo;acacia au zinnia<\/strong><\/p>\n<p>&nbsp;<\/p>\n<p><img fetchpriority=\"high\" decoding=\"async\" class=\"size-medium wp-image-68103 aligncenter\" src=\"https:\/\/dutchhealthstore.com\/wp-content\/uploads\/2018\/02\/Living-Libations-Organic-Logo-800x89.png\" alt=\"Living Libations - Organic Logo\" width=\"800\" height=\"89\" srcset=\"https:\/\/dutchhealthstore.com\/wp-content\/uploads\/2018\/02\/Living-Libations-Organic-Logo-800x89.png 800w, https:\/\/dutchhealthstore.com\/wp-content\/uploads\/2018\/02\/Living-Libations-Organic-Logo-510x57.png 510w, https:\/\/dutchhealthstore.com\/wp-content\/uploads\/2018\/02\/Living-Libations-Organic-Logo-768x85.png 768w, https:\/\/dutchhealthstore.com\/wp-content\/uploads\/2018\/02\/Living-Libations-Organic-Logo.png 1400w\" sizes=\"(max-width: 800px) 100vw, 800px\" \/><\/p>\n","protected":false},"excerpt":{"rendered":"<p><strong>Mountain Spruce Essential Oil<\/strong> majestueuses est un r\u00eave vivifiant \u00e0 feuilles persistantes ! C&rsquo;est un tonique traditionnel des Am\u00e9rindiens d&rsquo;Am\u00e9rique du Nord pour b\u00e9nir le corps et le souffle dans l&rsquo;air froid de l&rsquo;hiver.<br \/>\nDistill\u00e9 \u00e0 partir des brindilles fr\u00e9missantes et des branches givr\u00e9es des \u00e9pic\u00e9as de haute altitude, qui s&rsquo;\u00e9l\u00e8vent vers l&rsquo;infini depuis les sommets des plus hautes montagnes d&rsquo;Am\u00e9rique du Nord. \u00c9galement connue sous le nom d&rsquo;\u00e9pinette d&rsquo;Engelmann, cette huile est une ancienne plante m\u00e9dicinale qui aide les Am\u00e9rindiens et les Canadiens indig\u00e8nes.<br \/>\nL&rsquo;huile est traditionnellement utilis\u00e9e dans les baumes respiratoires relaxants et les huiles de massage pour les muscles surmen\u00e9s, et pour fournir simultan\u00e9ment un ancrage et une expansion spirituels.<\/p>\n","protected":false},"featured_media":337456,"comment_status":"open","ping_status":"closed","template":"","meta":[],"product_brand":[],"product_cat":[6734,1507,1211,1209,3757,6733],"product_tag":[4495],"class_list":{"0":"post-123884","1":"product","2":"type-product","3":"status-publish","4":"has-post-thumbnail","6":"product_cat-essential-oils","7":"product_cat-plantes-huiles-essentielles-living-libations","8":"product_cat-living-libations-france","9":"product_cat-par-marques","10":"product_cat-plantes-huiles-essentielles","11":"product_cat-wellness-fr-2","12":"product_tag-essential-oil-fr","13":"pa_brand-livinglibations-fr","14":"pa_essential-oils-product-type-essential-oils-fr","15":"pa_size-15-ml-fr","16":"pa_size-30-ml-fr","17":"pa_size-5-ml-fr","19":"first","20":"instock","21":"taxable","22":"shipping-taxable","23":"purchasable","24":"product-type-variable"},"bundled_by":[],"bundle_stock_status":"instock","bundle_stock_quantity":null,"bundle_virtual":false,"bundle_layout":"","bundle_add_to_cart_form_location":"","bundle_editable_in_cart":false,"bundle_sold_individually_context":"","bundle_item_grouping":"","bundle_min_size":"","bundle_max_size":"","bundle_price":[],"bundled_items":[],"bundle_sell_ids":[],"atum_controlled":true,"out_stock_date":null,"out_stock_threshold":null,"inheritable":true,"stock_on_hold":0,"sold_today":0,"sales_last_days":0,"out_stock_days":0,"lost_sales":0,"update_date":"2026-04-30T00:14:59","atum_locations":[],"atum_stock_status":"instock","restock_status":false,"low_stock_amount":"","sales_update_date":"2026-04-30T00:14:59","calc_backorders":null,"group_of_quantity":0,"min_quantity":0,"max_quantity":"","exclude_order_quantity_value_rules":"no","exclude_category_quantity_rules":"no","combine_variations":"no","yoast_head":"<!-- This site is optimized with the Yoast SEO Premium plugin v26.5 (Yoast SEO v26.5) - https:\/\/yoast.com\/wordpress\/plugins\/seo\/ -->\n<title>\u00c0 la recherche de Spruce Mountain Essential Oil ? Commandez Spruce Mountain Essential Oil aujourd&#039;hui chez Dutch Health Store. Contact personnel &amp; envoi rapide.<\/title>\n<meta name=\"description\" content=\"Mountain Spruce Essential Oil majestueuses est un r\u00eave vivifiant \u00e0 feuilles persistantes ! C&#039;est un tonique traditionnel pour b\u00e9nir le corps et le souffle dans l&#039;air froid de l&#039;hiver.\" \/>\n<meta name=\"robots\" content=\"index, follow, max-snippet:-1, max-image-preview:large, max-video-preview:-1\" \/>\n<link rel=\"canonical\" href=\"https:\/\/dutchhealthstore.com\/fr\/product\/spruce-mountain-essential-oil\/\" \/>\n<meta property=\"og:locale\" content=\"fr_FR\" \/>\n<meta property=\"og:type\" content=\"article\" \/>\n<meta property=\"og:title\" content=\"Spruce Mountain Essential Oil - Dutch Health Store\" \/>\n<meta property=\"og:description\" content=\"Mountain Spruce Essential Oil majestueuses est un r\u00eave vivifiant \u00e0 feuilles persistantes ! C&#039;est un tonique traditionnel pour b\u00e9nir le corps et le souffle dans l&#039;air froid de l&#039;hiver.\" \/>\n<meta property=\"og:url\" content=\"https:\/\/dutchhealthstore.com\/fr\/product\/spruce-mountain-essential-oil\/\" \/>\n<meta property=\"og:site_name\" content=\"Dutch Health Store\" \/>\n<meta property=\"article:publisher\" content=\"https:\/\/www.instagram.com\/dutchhealthstore\/\" \/>\n<meta property=\"article:modified_time\" content=\"2023-02-16T10:39:35+00:00\" \/>\n<meta property=\"og:image\" content=\"https:\/\/dutchhealthstore.com\/wp-content\/uploads\/2020\/07\/Spruce-Mountain-Essential-Oil-Living-libations.-.jpg\" \/>\n\t<meta property=\"og:image:width\" content=\"500\" \/>\n\t<meta property=\"og:image:height\" content=\"500\" \/>\n\t<meta property=\"og:image:type\" content=\"image\/jpeg\" \/>\n<meta name=\"twitter:card\" content=\"summary_large_image\" \/>\n<meta name=\"twitter:label1\" content=\"Disponibilit\u00e9\" \/>\n\t<meta name=\"twitter:data1\" content=\"En stock\" \/>\n<script type=\"application\/ld+json\" class=\"yoast-schema-graph\">{\"@context\":\"https:\/\/schema.org\",\"@graph\":[{\"@type\":\"WebPage\",\"@id\":\"https:\/\/dutchhealthstore.com\/fr\/product\/spruce-mountain-essential-oil\/\",\"url\":\"https:\/\/dutchhealthstore.com\/fr\/product\/spruce-mountain-essential-oil\/\",\"name\":\"\u00c0 la recherche de Spruce Mountain Essential Oil ? Commandez Spruce Mountain Essential Oil aujourd'hui chez Dutch Health Store. Contact personnel & envoi rapide.\",\"isPartOf\":{\"@id\":\"https:\/\/dutchhealthstore.com\/fr\/#website\"},\"primaryImageOfPage\":{\"@id\":\"https:\/\/dutchhealthstore.com\/fr\/product\/spruce-mountain-essential-oil\/#primaryimage\"},\"image\":{\"@id\":\"https:\/\/dutchhealthstore.com\/fr\/product\/spruce-mountain-essential-oil\/#primaryimage\"},\"thumbnailUrl\":\"https:\/\/dutchhealthstore.com\/wp-content\/uploads\/2020\/07\/2025-04-15-13_41_14-Mountain-Spruce-Essential-Oil-\u2013-Living-Libations-INT.jpg\",\"datePublished\":\"2020-07-03T12:04:00+00:00\",\"dateModified\":\"2023-02-16T10:39:35+00:00\",\"description\":\"Mountain Spruce Essential Oil majestueuses est un r\u00eave vivifiant \u00e0 feuilles persistantes ! C'est un tonique traditionnel pour b\u00e9nir le corps et le souffle dans l'air froid de l'hiver.\",\"breadcrumb\":{\"@id\":\"https:\/\/dutchhealthstore.com\/fr\/product\/spruce-mountain-essential-oil\/#breadcrumb\"},\"inLanguage\":\"fr-FR\",\"potentialAction\":[{\"@type\":\"ReadAction\",\"target\":[\"https:\/\/dutchhealthstore.com\/fr\/product\/spruce-mountain-essential-oil\/\"]}]},{\"@type\":\"ImageObject\",\"inLanguage\":\"fr-FR\",\"@id\":\"https:\/\/dutchhealthstore.com\/fr\/product\/spruce-mountain-essential-oil\/#primaryimage\",\"url\":\"https:\/\/dutchhealthstore.com\/wp-content\/uploads\/2020\/07\/2025-04-15-13_41_14-Mountain-Spruce-Essential-Oil-\u2013-Living-Libations-INT.jpg\",\"contentUrl\":\"https:\/\/dutchhealthstore.com\/wp-content\/uploads\/2020\/07\/2025-04-15-13_41_14-Mountain-Spruce-Essential-Oil-\u2013-Living-Libations-INT.jpg\",\"width\":530,\"height\":530},{\"@type\":\"BreadcrumbList\",\"@id\":\"https:\/\/dutchhealthstore.com\/fr\/product\/spruce-mountain-essential-oil\/#breadcrumb\",\"itemListElement\":[{\"@type\":\"ListItem\",\"position\":1,\"name\":\"Home\",\"item\":\"https:\/\/dutchhealthstore.com\/fr\/\"},{\"@type\":\"ListItem\",\"position\":2,\"name\":\"Shop\",\"item\":\"https:\/\/dutchhealthstore.com\/fr\/shop\/\"},{\"@type\":\"ListItem\",\"position\":3,\"name\":\"Spruce Mountain Essential Oil\"}]},{\"@type\":\"WebSite\",\"@id\":\"https:\/\/dutchhealthstore.com\/fr\/#website\",\"url\":\"https:\/\/dutchhealthstore.com\/fr\/\",\"name\":\"Dutch Health Store\",\"description\":\"Enhance Your Beauty with Organic &amp; Natural Skincare\",\"publisher\":{\"@id\":\"https:\/\/dutchhealthstore.com\/fr\/#organization\"},\"potentialAction\":[{\"@type\":\"SearchAction\",\"target\":{\"@type\":\"EntryPoint\",\"urlTemplate\":\"https:\/\/dutchhealthstore.com\/fr\/?s={search_term_string}\"},\"query-input\":{\"@type\":\"PropertyValueSpecification\",\"valueRequired\":true,\"valueName\":\"search_term_string\"}}],\"inLanguage\":\"fr-FR\"},{\"@type\":\"Organization\",\"@id\":\"https:\/\/dutchhealthstore.com\/fr\/#organization\",\"name\":\"Dutch Health Store\",\"url\":\"https:\/\/dutchhealthstore.com\/fr\/\",\"logo\":{\"@type\":\"ImageObject\",\"inLanguage\":\"fr-FR\",\"@id\":\"https:\/\/dutchhealthstore.com\/fr\/#\/schema\/logo\/image\/\",\"url\":\"https:\/\/dutchhealthstore.com\/wp-content\/uploads\/2020\/08\/logo-dutchhealthstore-jpg-e1599484957574.jpg\",\"contentUrl\":\"https:\/\/dutchhealthstore.com\/wp-content\/uploads\/2020\/08\/logo-dutchhealthstore-jpg-e1599484957574.jpg\",\"width\":400,\"height\":62,\"caption\":\"Dutch Health Store\"},\"image\":{\"@id\":\"https:\/\/dutchhealthstore.com\/fr\/#\/schema\/logo\/image\/\"},\"sameAs\":[\"https:\/\/www.instagram.com\/dutchhealthstore\/\",\"https:\/\/www.facebook.com\/dutchhealthstore\"]}]}<\/script>\n<meta property=\"product:brand\" content=\"Living Libations\" \/>\n<meta property=\"og:availability\" content=\"instock\" \/>\n<meta property=\"product:availability\" content=\"instock\" \/>\n<meta property=\"product:condition\" content=\"new\" \/>\n<!-- \/ Yoast SEO Premium plugin. -->","yoast_head_json":{"title":"\u00c0 la recherche de Spruce Mountain Essential Oil ? Commandez Spruce Mountain Essential Oil aujourd'hui chez Dutch Health Store. Contact personnel & envoi rapide.","description":"Mountain Spruce Essential Oil majestueuses est un r\u00eave vivifiant \u00e0 feuilles persistantes ! C'est un tonique traditionnel pour b\u00e9nir le corps et le souffle dans l'air froid de l'hiver.","robots":{"index":"index","follow":"follow","max-snippet":"max-snippet:-1","max-image-preview":"max-image-preview:large","max-video-preview":"max-video-preview:-1"},"canonical":"https:\/\/dutchhealthstore.com\/fr\/product\/spruce-mountain-essential-oil\/","og_locale":"fr_FR","og_type":"article","og_title":"Spruce Mountain Essential Oil - Dutch Health Store","og_description":"Mountain Spruce Essential Oil majestueuses est un r\u00eave vivifiant \u00e0 feuilles persistantes ! C'est un tonique traditionnel pour b\u00e9nir le corps et le souffle dans l'air froid de l'hiver.","og_url":"https:\/\/dutchhealthstore.com\/fr\/product\/spruce-mountain-essential-oil\/","og_site_name":"Dutch Health Store","article_publisher":"https:\/\/www.instagram.com\/dutchhealthstore\/","article_modified_time":"2023-02-16T10:39:35+00:00","og_image":[{"width":500,"height":500,"url":"https:\/\/dutchhealthstore.com\/wp-content\/uploads\/2020\/07\/Spruce-Mountain-Essential-Oil-Living-libations.-.jpg","type":"image\/jpeg"}],"twitter_card":"summary_large_image","twitter_misc":{"Disponibilit\u00e9":"En stock"},"schema":{"@context":"https:\/\/schema.org","@graph":[{"@type":"WebPage","@id":"https:\/\/dutchhealthstore.com\/fr\/product\/spruce-mountain-essential-oil\/","url":"https:\/\/dutchhealthstore.com\/fr\/product\/spruce-mountain-essential-oil\/","name":"\u00c0 la recherche de Spruce Mountain Essential Oil ? Commandez Spruce Mountain Essential Oil aujourd'hui chez Dutch Health Store. Contact personnel & envoi rapide.","isPartOf":{"@id":"https:\/\/dutchhealthstore.com\/fr\/#website"},"primaryImageOfPage":{"@id":"https:\/\/dutchhealthstore.com\/fr\/product\/spruce-mountain-essential-oil\/#primaryimage"},"image":{"@id":"https:\/\/dutchhealthstore.com\/fr\/product\/spruce-mountain-essential-oil\/#primaryimage"},"thumbnailUrl":"https:\/\/dutchhealthstore.com\/wp-content\/uploads\/2020\/07\/2025-04-15-13_41_14-Mountain-Spruce-Essential-Oil-\u2013-Living-Libations-INT.jpg","datePublished":"2020-07-03T12:04:00+00:00","dateModified":"2023-02-16T10:39:35+00:00","description":"Mountain Spruce Essential Oil majestueuses est un r\u00eave vivifiant \u00e0 feuilles persistantes ! C'est un tonique traditionnel pour b\u00e9nir le corps et le souffle dans l'air froid de l'hiver.","breadcrumb":{"@id":"https:\/\/dutchhealthstore.com\/fr\/product\/spruce-mountain-essential-oil\/#breadcrumb"},"inLanguage":"fr-FR","potentialAction":[{"@type":"ReadAction","target":["https:\/\/dutchhealthstore.com\/fr\/product\/spruce-mountain-essential-oil\/"]}]},{"@type":"ImageObject","inLanguage":"fr-FR","@id":"https:\/\/dutchhealthstore.com\/fr\/product\/spruce-mountain-essential-oil\/#primaryimage","url":"https:\/\/dutchhealthstore.com\/wp-content\/uploads\/2020\/07\/2025-04-15-13_41_14-Mountain-Spruce-Essential-Oil-\u2013-Living-Libations-INT.jpg","contentUrl":"https:\/\/dutchhealthstore.com\/wp-content\/uploads\/2020\/07\/2025-04-15-13_41_14-Mountain-Spruce-Essential-Oil-\u2013-Living-Libations-INT.jpg","width":530,"height":530},{"@type":"BreadcrumbList","@id":"https:\/\/dutchhealthstore.com\/fr\/product\/spruce-mountain-essential-oil\/#breadcrumb","itemListElement":[{"@type":"ListItem","position":1,"name":"Home","item":"https:\/\/dutchhealthstore.com\/fr\/"},{"@type":"ListItem","position":2,"name":"Shop","item":"https:\/\/dutchhealthstore.com\/fr\/shop\/"},{"@type":"ListItem","position":3,"name":"Spruce Mountain Essential Oil"}]},{"@type":"WebSite","@id":"https:\/\/dutchhealthstore.com\/fr\/#website","url":"https:\/\/dutchhealthstore.com\/fr\/","name":"Dutch Health Store","description":"Enhance Your Beauty with Organic &amp; Natural Skincare","publisher":{"@id":"https:\/\/dutchhealthstore.com\/fr\/#organization"},"potentialAction":[{"@type":"SearchAction","target":{"@type":"EntryPoint","urlTemplate":"https:\/\/dutchhealthstore.com\/fr\/?s={search_term_string}"},"query-input":{"@type":"PropertyValueSpecification","valueRequired":true,"valueName":"search_term_string"}}],"inLanguage":"fr-FR"},{"@type":"Organization","@id":"https:\/\/dutchhealthstore.com\/fr\/#organization","name":"Dutch Health Store","url":"https:\/\/dutchhealthstore.com\/fr\/","logo":{"@type":"ImageObject","inLanguage":"fr-FR","@id":"https:\/\/dutchhealthstore.com\/fr\/#\/schema\/logo\/image\/","url":"https:\/\/dutchhealthstore.com\/wp-content\/uploads\/2020\/08\/logo-dutchhealthstore-jpg-e1599484957574.jpg","contentUrl":"https:\/\/dutchhealthstore.com\/wp-content\/uploads\/2020\/08\/logo-dutchhealthstore-jpg-e1599484957574.jpg","width":400,"height":62,"caption":"Dutch Health Store"},"image":{"@id":"https:\/\/dutchhealthstore.com\/fr\/#\/schema\/logo\/image\/"},"sameAs":["https:\/\/www.instagram.com\/dutchhealthstore\/","https:\/\/www.facebook.com\/dutchhealthstore"]}]},"product_brand":"Living Libations","og_availability":"instock","product_availability":"instock","product_condition":"new"},"_links":{"self":[{"href":"https:\/\/dutchhealthstore.com\/fr\/wp-json\/wp\/v2\/product\/123884","targetHints":{"allow":["GET"]}}],"collection":[{"href":"https:\/\/dutchhealthstore.com\/fr\/wp-json\/wp\/v2\/product"}],"about":[{"href":"https:\/\/dutchhealthstore.com\/fr\/wp-json\/wp\/v2\/types\/product"}],"replies":[{"embeddable":true,"href":"https:\/\/dutchhealthstore.com\/fr\/wp-json\/wp\/v2\/comments?post=123884"}],"wp:featuredmedia":[{"embeddable":true,"href":"https:\/\/dutchhealthstore.com\/fr\/wp-json\/wp\/v2\/media\/337456"}],"wp:attachment":[{"href":"https:\/\/dutchhealthstore.com\/fr\/wp-json\/wp\/v2\/media?parent=123884"}],"wp:term":[{"taxonomy":"product_brand","embeddable":true,"href":"https:\/\/dutchhealthstore.com\/fr\/wp-json\/wp\/v2\/product_brand?post=123884"},{"taxonomy":"product_cat","embeddable":true,"href":"https:\/\/dutchhealthstore.com\/fr\/wp-json\/wp\/v2\/product_cat?post=123884"},{"taxonomy":"product_tag","embeddable":true,"href":"https:\/\/dutchhealthstore.com\/fr\/wp-json\/wp\/v2\/product_tag?post=123884"}],"curies":[{"name":"wp","href":"https:\/\/api.w.org\/{rel}","templated":true}]}}