{"id":123713,"date":"2020-03-13T18:54:29","date_gmt":"2020-03-13T17:54:29","guid":{"rendered":"https:\/\/dutchhealthstore.com\/product\/siam-wood-essential-oil\/"},"modified":"2023-11-03T11:12:21","modified_gmt":"2023-11-03T11:12:21","slug":"siam-wood-essential-oil","status":"publish","type":"product","link":"https:\/\/dutchhealthstore.com\/fr\/product\/siam-wood-essential-oil\/","title":{"rendered":"Siam Wood Essential Oil"},"content":{"rendered":"<p><img decoding=\"async\" class=\"alignright size-full wp-image-69549\" src=\"https:\/\/dutchhealthstore.com\/wp-content\/uploads\/2019\/08\/NEW-Living-Libations-Logo.jpg\" alt=\"NEW - Living Libations - Logo\" width=\"175\" height=\"82\"><\/p>\n<p><strong>Nom botanique <\/strong>: Fokinia hodginsii<br \/>\n<strong>Famille botanique <\/strong>: Cupressaceae<br \/>\n<strong>M\u00e9thode d&rsquo;extraction <\/strong>: Distillation \u00e0 la vapeur<br \/>\n<strong>Partie de la plante distill\u00e9e<\/strong> : Bois de c\u0153ur<br \/>\n<strong>Pays d&rsquo;origine<\/strong> : Vietnam<br \/>\n<strong>M\u00e9thode de culture<\/strong> : Cueillette sauvage<br \/>\n<strong>Composition <\/strong>: 100% Fokinia hodginsii<br \/>\n<strong>Consistance<\/strong> : Viscosit\u00e9 moyenne<\/p>\n<h3>Description de l&rsquo;odeur<\/h3>\n<p>Riche, chaud, doux, cr\u00e9meux, bois\u00e9, balsamique et l\u00e9g\u00e8rement conif\u00e8re.<\/p>\n<h3>Se marie bien avec<\/h3>\n<p>Bois d&rsquo;agar, \u00e9pinette noire, bois de c\u00e8dre, encens, g\u00e9ranium, pamplemousse, jasmin sambac, lavande, n\u00e9roli, palmarosa, bois de santal, vanille et ylang.<\/p>\n<h3>Utilisations<\/h3>\n<p>D\u00e9licieuse dans un diffuseur et fabuleuse comme huile de bain de for\u00eat. Fixateur dans les parfums. Mise \u00e0 la terre pour la m\u00e9ditation et les m\u00e9langes spirituels. L&rsquo;int\u00e9r\u00eat des insectes s&rsquo;\u00e9teint et s&rsquo;\u00e9teint naturellement.<\/p>\n<h3>Constituants<\/h3>\n<p>32% fokienol et 30% trans-nerolidol.<\/p>\n<p><strong>Siam Wood huile Essential Oil<\/strong> r\u00e9gulier parfume les for\u00eats temp\u00e9r\u00e9es de l&rsquo;Asie du Sud-Est.<br \/>\nSiam essential oil est obtenue de mani\u00e8re sauvage \u00e0 partir du bois de c\u0153ur d&rsquo;imposants conif\u00e8res Fokinia hodginsii dont le parfum rappelle celui des huiles de bois de santal et de bois de rose.<\/p>\n<p>Cette eau de Cologne de conif\u00e8re chaude et cr\u00e9meuse renforce les sentiments de connexion et d&rsquo;accueil dans le monde et est un d\u00e9lice dans un diffuseur, une pipe \u00e0 sel ou un bain.<br \/>\nSes propri\u00e9t\u00e9s anti-insectes naturel en font un partenaire id\u00e9al pour les joyeuses escapades en plein air.<\/p>\n<p>Le <strong>Fokinia<\/strong> est un conif\u00e8re \u00e0 feuilles persistantes aiguill\u00e9es, originaire des for\u00eats chaudes, humides et douces du Vietnam, de la Chine et du nord du Laos. L&rsquo;\u00e9corce fissur\u00e9e des arbres matures lib\u00e8re des huiles aromatiques qui parfument l&rsquo;air de la for\u00eat, parfaites pour de luxueux bains de for\u00eat. Siam Wood essential oil nous permet d&rsquo;apporter une for\u00eat de Fokinia \u00e0 l&rsquo;int\u00e9rieur par diffusion, une goutte dans une pipe \u00e0 sel, ou comme ajout sensuel aux bains de vapeur.<\/p>\n<p>Ce conif\u00e8re aromatique est pris\u00e9 au Vietnam pour son bois dense et aromatique, utilis\u00e9 pour la fabrication de meubles et d&rsquo;objets d&rsquo;art artisanaux. La distillation de l&rsquo;huile essentielle donne un nouveau sens \u00e0 la r\u00e9colte du tronc, qui reste apr\u00e8s la r\u00e9colte du bois d&rsquo;\u0153uvre, et offre la plus forte concentration de Fokienol, le principal constituant de Siam Wood essential oil.<\/p>\n<p>En aromath\u00e9rapie, Siam Wood essential oil cultive des sentiments de confort, de r\u00e9confort et de calme int\u00e9rieur.<\/p>\n<p><strong>Taille : 5 ml<\/strong><\/p>\n<h3>Ingr\u00e9dients biologiques<\/h3>\n<p>100% huile essentielle de bois de siam (Fokinia hodginsii).<\/p>\n<p><img fetchpriority=\"high\" decoding=\"async\" class=\"size-medium wp-image-68103 aligncenter\" src=\"https:\/\/dutchhealthstore.com\/wp-content\/uploads\/2018\/02\/Living-Libations-Organic-Logo-800x89.png\" alt=\"Living Libations - Organic Logo\" width=\"800\" height=\"89\" srcset=\"https:\/\/dutchhealthstore.com\/wp-content\/uploads\/2018\/02\/Living-Libations-Organic-Logo-800x89.png 800w, https:\/\/dutchhealthstore.com\/wp-content\/uploads\/2018\/02\/Living-Libations-Organic-Logo-510x57.png 510w, https:\/\/dutchhealthstore.com\/wp-content\/uploads\/2018\/02\/Living-Libations-Organic-Logo-768x85.png 768w, https:\/\/dutchhealthstore.com\/wp-content\/uploads\/2018\/02\/Living-Libations-Organic-Logo.png 1400w\" sizes=\"(max-width: 800px) 100vw, 800px\" \/><\/p>\n","protected":false},"excerpt":{"rendered":"<p><strong>Siam Wood Essential Oil<\/strong> r\u00e9gulier parfume les for\u00eats temp\u00e9r\u00e9es de l&rsquo;Asie du Sud-Est.<br \/>\nSiam essential oil est obtenue de mani\u00e8re sauvage \u00e0 partir du bois de c\u0153ur d&rsquo;imposants conif\u00e8res Fokinia hodginsii dont le parfum rappelle celui des huiles de bois de santal et de bois de rose.<\/p>\n<p>Cette eau de Cologne de conif\u00e8re chaude et cr\u00e9meuse renforce les sentiments de connexion et d&rsquo;accueil dans le monde et est un d\u00e9lice dans un diffuseur, une pipe \u00e0 sel ou un bain.<br \/>\nSes propri\u00e9t\u00e9s anti-insectes naturel en font un partenaire id\u00e9al pour les joyeuses escapades en plein air.<\/p>\n","protected":false},"featured_media":96320,"comment_status":"open","ping_status":"closed","template":"","meta":[],"product_brand":[],"product_cat":[6734,1507,1211,1209,3757,6733],"product_tag":[4495],"class_list":{"0":"post-123713","1":"product","2":"type-product","3":"status-publish","4":"has-post-thumbnail","6":"product_cat-essential-oils","7":"product_cat-plantes-huiles-essentielles-living-libations","8":"product_cat-living-libations-france","9":"product_cat-par-marques","10":"product_cat-plantes-huiles-essentielles","11":"product_cat-wellness-fr-2","12":"product_tag-essential-oil-fr","13":"pa_brand-livinglibations-fr","14":"pa_essential-oils-product-type-essential-oils-fr","15":"pa_gtin-7439657362309-fr","16":"pa_size-5-ml-fr","18":"first","19":"instock","20":"taxable","21":"shipping-taxable","22":"purchasable","23":"product-type-simple"},"bundled_by":[],"bundle_stock_status":"instock","bundle_stock_quantity":1,"bundle_virtual":false,"bundle_layout":"","bundle_add_to_cart_form_location":"","bundle_editable_in_cart":false,"bundle_sold_individually_context":"","bundle_item_grouping":"","bundle_min_size":"","bundle_max_size":"","bundle_price":[],"bundled_items":[],"bundle_sell_ids":[],"atum_controlled":true,"out_stock_date":null,"out_stock_threshold":null,"inheritable":false,"stock_on_hold":0,"sold_today":0,"sales_last_days":0,"out_stock_days":0,"lost_sales":0,"update_date":"2026-04-09T11:39:57","atum_locations":[],"atum_stock_status":"instock","restock_status":false,"low_stock_amount":"","sales_update_date":"2026-04-09T11:39:57","calc_backorders":null,"group_of_quantity":0,"min_quantity":0,"max_quantity":"","exclude_order_quantity_value_rules":"no","exclude_category_quantity_rules":"no","combine_variations":"no","yoast_head":"<!-- This site is optimized with the Yoast SEO Premium plugin v26.5 (Yoast SEO v26.5) - https:\/\/yoast.com\/wordpress\/plugins\/seo\/ -->\n<title>Siam Wood Essential Oil | Living Libations<\/title>\n<meta name=\"description\" content=\"Siam essential oil est obtenue de mani\u00e8re sauvage \u00e0 partir du bois de c\u0153ur d&#039;imposants conif\u00e8res Fokinia hodginsii dont le parfum rappelle celui des huiles de bois de santal et de bois de rose.\" \/>\n<meta name=\"robots\" content=\"index, follow, max-snippet:-1, max-image-preview:large, max-video-preview:-1\" \/>\n<link rel=\"canonical\" href=\"https:\/\/dutchhealthstore.com\/fr\/product\/siam-wood-essential-oil\/\" \/>\n<meta property=\"og:locale\" content=\"fr_FR\" \/>\n<meta property=\"og:type\" content=\"article\" \/>\n<meta property=\"og:title\" content=\"Siam Wood Essential Oil - Dutch Health Store\" \/>\n<meta property=\"og:description\" content=\"Siam essential oil est obtenue de mani\u00e8re sauvage \u00e0 partir du bois de c\u0153ur d&#039;imposants conif\u00e8res Fokinia hodginsii dont le parfum rappelle celui des huiles de bois de santal et de bois de rose.\" \/>\n<meta property=\"og:url\" content=\"https:\/\/dutchhealthstore.com\/fr\/product\/siam-wood-essential-oil\/\" \/>\n<meta property=\"og:site_name\" content=\"Dutch Health Store\" \/>\n<meta property=\"article:publisher\" content=\"https:\/\/www.instagram.com\/dutchhealthstore\/\" \/>\n<meta property=\"article:modified_time\" content=\"2023-11-03T11:12:21+00:00\" \/>\n<meta property=\"og:image\" content=\"https:\/\/dutchhealthstore.com\/wp-content\/uploads\/2020\/03\/Living-Libations-Siam-Wood-Essential-Oil.jpg\" \/>\n\t<meta property=\"og:image:width\" content=\"700\" \/>\n\t<meta property=\"og:image:height\" content=\"700\" \/>\n\t<meta property=\"og:image:type\" content=\"image\/jpeg\" \/>\n<meta name=\"twitter:card\" content=\"summary_large_image\" \/>\n<meta name=\"twitter:label1\" content=\"Prix\" \/>\n\t<meta name=\"twitter:data1\" content=\"&euro;48,00\" \/>\n\t<meta name=\"twitter:label2\" content=\"Disponibilit\u00e9\" \/>\n\t<meta name=\"twitter:data2\" content=\"En stock\" \/>\n<script type=\"application\/ld+json\" class=\"yoast-schema-graph\">{\"@context\":\"https:\/\/schema.org\",\"@graph\":[{\"@type\":\"WebPage\",\"@id\":\"https:\/\/dutchhealthstore.com\/fr\/product\/siam-wood-essential-oil\/\",\"url\":\"https:\/\/dutchhealthstore.com\/fr\/product\/siam-wood-essential-oil\/\",\"name\":\"Siam Wood Essential Oil | Living Libations\",\"isPartOf\":{\"@id\":\"https:\/\/dutchhealthstore.com\/fr\/#website\"},\"primaryImageOfPage\":{\"@id\":\"https:\/\/dutchhealthstore.com\/fr\/product\/siam-wood-essential-oil\/#primaryimage\"},\"image\":{\"@id\":\"https:\/\/dutchhealthstore.com\/fr\/product\/siam-wood-essential-oil\/#primaryimage\"},\"thumbnailUrl\":\"https:\/\/dutchhealthstore.com\/wp-content\/uploads\/2020\/03\/Living-Libations-Siam-Wood-Essential-Oil.jpg\",\"datePublished\":\"2020-03-13T17:54:29+00:00\",\"dateModified\":\"2023-11-03T11:12:21+00:00\",\"description\":\"Siam essential oil est obtenue de mani\u00e8re sauvage \u00e0 partir du bois de c\u0153ur d'imposants conif\u00e8res Fokinia hodginsii dont le parfum rappelle celui des huiles de bois de santal et de bois de rose.\",\"breadcrumb\":{\"@id\":\"https:\/\/dutchhealthstore.com\/fr\/product\/siam-wood-essential-oil\/#breadcrumb\"},\"inLanguage\":\"fr-FR\",\"potentialAction\":[{\"@type\":\"ReadAction\",\"target\":[\"https:\/\/dutchhealthstore.com\/fr\/product\/siam-wood-essential-oil\/\"]}]},{\"@type\":\"ImageObject\",\"inLanguage\":\"fr-FR\",\"@id\":\"https:\/\/dutchhealthstore.com\/fr\/product\/siam-wood-essential-oil\/#primaryimage\",\"url\":\"https:\/\/dutchhealthstore.com\/wp-content\/uploads\/2020\/03\/Living-Libations-Siam-Wood-Essential-Oil.jpg\",\"contentUrl\":\"https:\/\/dutchhealthstore.com\/wp-content\/uploads\/2020\/03\/Living-Libations-Siam-Wood-Essential-Oil.jpg\",\"width\":700,\"height\":700,\"caption\":\"Living Libations - Siam Wood Essential Oil\"},{\"@type\":\"BreadcrumbList\",\"@id\":\"https:\/\/dutchhealthstore.com\/fr\/product\/siam-wood-essential-oil\/#breadcrumb\",\"itemListElement\":[{\"@type\":\"ListItem\",\"position\":1,\"name\":\"Home\",\"item\":\"https:\/\/dutchhealthstore.com\/fr\/\"},{\"@type\":\"ListItem\",\"position\":2,\"name\":\"Shop\",\"item\":\"https:\/\/dutchhealthstore.com\/fr\/shop\/\"},{\"@type\":\"ListItem\",\"position\":3,\"name\":\"Siam Wood Essential Oil\"}]},{\"@type\":\"WebSite\",\"@id\":\"https:\/\/dutchhealthstore.com\/fr\/#website\",\"url\":\"https:\/\/dutchhealthstore.com\/fr\/\",\"name\":\"Dutch Health Store\",\"description\":\"Enhance Your Beauty with Organic &amp; Natural Skincare\",\"publisher\":{\"@id\":\"https:\/\/dutchhealthstore.com\/fr\/#organization\"},\"potentialAction\":[{\"@type\":\"SearchAction\",\"target\":{\"@type\":\"EntryPoint\",\"urlTemplate\":\"https:\/\/dutchhealthstore.com\/fr\/?s={search_term_string}\"},\"query-input\":{\"@type\":\"PropertyValueSpecification\",\"valueRequired\":true,\"valueName\":\"search_term_string\"}}],\"inLanguage\":\"fr-FR\"},{\"@type\":\"Organization\",\"@id\":\"https:\/\/dutchhealthstore.com\/fr\/#organization\",\"name\":\"Dutch Health Store\",\"url\":\"https:\/\/dutchhealthstore.com\/fr\/\",\"logo\":{\"@type\":\"ImageObject\",\"inLanguage\":\"fr-FR\",\"@id\":\"https:\/\/dutchhealthstore.com\/fr\/#\/schema\/logo\/image\/\",\"url\":\"https:\/\/dutchhealthstore.com\/wp-content\/uploads\/2020\/08\/logo-dutchhealthstore-jpg-e1599484957574.jpg\",\"contentUrl\":\"https:\/\/dutchhealthstore.com\/wp-content\/uploads\/2020\/08\/logo-dutchhealthstore-jpg-e1599484957574.jpg\",\"width\":400,\"height\":62,\"caption\":\"Dutch Health Store\"},\"image\":{\"@id\":\"https:\/\/dutchhealthstore.com\/fr\/#\/schema\/logo\/image\/\"},\"sameAs\":[\"https:\/\/www.instagram.com\/dutchhealthstore\/\",\"https:\/\/www.facebook.com\/dutchhealthstore\"]}]}<\/script>\n<meta property=\"product:brand\" content=\"Living Libations\" \/>\n<meta property=\"product:price:amount\" content=\"48.00\" \/>\n<meta property=\"product:price:currency\" content=\"EUR\" \/>\n<meta property=\"og:availability\" content=\"instock\" \/>\n<meta property=\"product:availability\" content=\"instock\" \/>\n<meta property=\"product:condition\" content=\"new\" \/>\n<!-- \/ Yoast SEO Premium plugin. -->","yoast_head_json":{"title":"Siam Wood Essential Oil | Living Libations","description":"Siam essential oil est obtenue de mani\u00e8re sauvage \u00e0 partir du bois de c\u0153ur d'imposants conif\u00e8res Fokinia hodginsii dont le parfum rappelle celui des huiles de bois de santal et de bois de rose.","robots":{"index":"index","follow":"follow","max-snippet":"max-snippet:-1","max-image-preview":"max-image-preview:large","max-video-preview":"max-video-preview:-1"},"canonical":"https:\/\/dutchhealthstore.com\/fr\/product\/siam-wood-essential-oil\/","og_locale":"fr_FR","og_type":"article","og_title":"Siam Wood Essential Oil - Dutch Health Store","og_description":"Siam essential oil est obtenue de mani\u00e8re sauvage \u00e0 partir du bois de c\u0153ur d'imposants conif\u00e8res Fokinia hodginsii dont le parfum rappelle celui des huiles de bois de santal et de bois de rose.","og_url":"https:\/\/dutchhealthstore.com\/fr\/product\/siam-wood-essential-oil\/","og_site_name":"Dutch Health Store","article_publisher":"https:\/\/www.instagram.com\/dutchhealthstore\/","article_modified_time":"2023-11-03T11:12:21+00:00","og_image":[{"width":700,"height":700,"url":"https:\/\/dutchhealthstore.com\/wp-content\/uploads\/2020\/03\/Living-Libations-Siam-Wood-Essential-Oil.jpg","type":"image\/jpeg"}],"twitter_card":"summary_large_image","twitter_misc":{"Prix":"&euro;48,00","Disponibilit\u00e9":"En stock"},"schema":{"@context":"https:\/\/schema.org","@graph":[{"@type":"WebPage","@id":"https:\/\/dutchhealthstore.com\/fr\/product\/siam-wood-essential-oil\/","url":"https:\/\/dutchhealthstore.com\/fr\/product\/siam-wood-essential-oil\/","name":"Siam Wood Essential Oil | Living Libations","isPartOf":{"@id":"https:\/\/dutchhealthstore.com\/fr\/#website"},"primaryImageOfPage":{"@id":"https:\/\/dutchhealthstore.com\/fr\/product\/siam-wood-essential-oil\/#primaryimage"},"image":{"@id":"https:\/\/dutchhealthstore.com\/fr\/product\/siam-wood-essential-oil\/#primaryimage"},"thumbnailUrl":"https:\/\/dutchhealthstore.com\/wp-content\/uploads\/2020\/03\/Living-Libations-Siam-Wood-Essential-Oil.jpg","datePublished":"2020-03-13T17:54:29+00:00","dateModified":"2023-11-03T11:12:21+00:00","description":"Siam essential oil est obtenue de mani\u00e8re sauvage \u00e0 partir du bois de c\u0153ur d'imposants conif\u00e8res Fokinia hodginsii dont le parfum rappelle celui des huiles de bois de santal et de bois de rose.","breadcrumb":{"@id":"https:\/\/dutchhealthstore.com\/fr\/product\/siam-wood-essential-oil\/#breadcrumb"},"inLanguage":"fr-FR","potentialAction":[{"@type":"ReadAction","target":["https:\/\/dutchhealthstore.com\/fr\/product\/siam-wood-essential-oil\/"]}]},{"@type":"ImageObject","inLanguage":"fr-FR","@id":"https:\/\/dutchhealthstore.com\/fr\/product\/siam-wood-essential-oil\/#primaryimage","url":"https:\/\/dutchhealthstore.com\/wp-content\/uploads\/2020\/03\/Living-Libations-Siam-Wood-Essential-Oil.jpg","contentUrl":"https:\/\/dutchhealthstore.com\/wp-content\/uploads\/2020\/03\/Living-Libations-Siam-Wood-Essential-Oil.jpg","width":700,"height":700,"caption":"Living Libations - Siam Wood Essential Oil"},{"@type":"BreadcrumbList","@id":"https:\/\/dutchhealthstore.com\/fr\/product\/siam-wood-essential-oil\/#breadcrumb","itemListElement":[{"@type":"ListItem","position":1,"name":"Home","item":"https:\/\/dutchhealthstore.com\/fr\/"},{"@type":"ListItem","position":2,"name":"Shop","item":"https:\/\/dutchhealthstore.com\/fr\/shop\/"},{"@type":"ListItem","position":3,"name":"Siam Wood Essential Oil"}]},{"@type":"WebSite","@id":"https:\/\/dutchhealthstore.com\/fr\/#website","url":"https:\/\/dutchhealthstore.com\/fr\/","name":"Dutch Health Store","description":"Enhance Your Beauty with Organic &amp; Natural Skincare","publisher":{"@id":"https:\/\/dutchhealthstore.com\/fr\/#organization"},"potentialAction":[{"@type":"SearchAction","target":{"@type":"EntryPoint","urlTemplate":"https:\/\/dutchhealthstore.com\/fr\/?s={search_term_string}"},"query-input":{"@type":"PropertyValueSpecification","valueRequired":true,"valueName":"search_term_string"}}],"inLanguage":"fr-FR"},{"@type":"Organization","@id":"https:\/\/dutchhealthstore.com\/fr\/#organization","name":"Dutch Health Store","url":"https:\/\/dutchhealthstore.com\/fr\/","logo":{"@type":"ImageObject","inLanguage":"fr-FR","@id":"https:\/\/dutchhealthstore.com\/fr\/#\/schema\/logo\/image\/","url":"https:\/\/dutchhealthstore.com\/wp-content\/uploads\/2020\/08\/logo-dutchhealthstore-jpg-e1599484957574.jpg","contentUrl":"https:\/\/dutchhealthstore.com\/wp-content\/uploads\/2020\/08\/logo-dutchhealthstore-jpg-e1599484957574.jpg","width":400,"height":62,"caption":"Dutch Health Store"},"image":{"@id":"https:\/\/dutchhealthstore.com\/fr\/#\/schema\/logo\/image\/"},"sameAs":["https:\/\/www.instagram.com\/dutchhealthstore\/","https:\/\/www.facebook.com\/dutchhealthstore"]}]},"product_brand":"Living Libations","product_price_amount":"48.00","product_price_currency":"EUR","og_availability":"instock","product_availability":"instock","product_condition":"new"},"_links":{"self":[{"href":"https:\/\/dutchhealthstore.com\/fr\/wp-json\/wp\/v2\/product\/123713","targetHints":{"allow":["GET"]}}],"collection":[{"href":"https:\/\/dutchhealthstore.com\/fr\/wp-json\/wp\/v2\/product"}],"about":[{"href":"https:\/\/dutchhealthstore.com\/fr\/wp-json\/wp\/v2\/types\/product"}],"replies":[{"embeddable":true,"href":"https:\/\/dutchhealthstore.com\/fr\/wp-json\/wp\/v2\/comments?post=123713"}],"wp:featuredmedia":[{"embeddable":true,"href":"https:\/\/dutchhealthstore.com\/fr\/wp-json\/wp\/v2\/media\/96320"}],"wp:attachment":[{"href":"https:\/\/dutchhealthstore.com\/fr\/wp-json\/wp\/v2\/media?parent=123713"}],"wp:term":[{"taxonomy":"product_brand","embeddable":true,"href":"https:\/\/dutchhealthstore.com\/fr\/wp-json\/wp\/v2\/product_brand?post=123713"},{"taxonomy":"product_cat","embeddable":true,"href":"https:\/\/dutchhealthstore.com\/fr\/wp-json\/wp\/v2\/product_cat?post=123713"},{"taxonomy":"product_tag","embeddable":true,"href":"https:\/\/dutchhealthstore.com\/fr\/wp-json\/wp\/v2\/product_tag?post=123713"}],"curies":[{"name":"wp","href":"https:\/\/api.w.org\/{rel}","templated":true}]}}