{"id":123706,"date":"2018-02-10T21:48:19","date_gmt":"2018-02-10T20:48:19","guid":{"rendered":"https:\/\/dutchhealthstore.com\/product\/seabuckthorn-berry-essential-oil\/"},"modified":"2025-12-23T09:38:52","modified_gmt":"2025-12-23T08:38:52","slug":"seabuckthorn-berry-essential-oil","status":"publish","type":"product","link":"https:\/\/dutchhealthstore.com\/fr\/product\/seabuckthorn-berry-essential-oil\/","title":{"rendered":"Seabuckthorn Berry Essential Oil"},"content":{"rendered":"<p><img decoding=\"async\" class=\"size-full wp-image-69549 alignright\" src=\"https:\/\/dutchhealthstore.com\/wp-content\/uploads\/2019\/08\/NEW-Living-Libations-Logo.jpg\" alt=\"NEW - Living Libations - Logo\" width=\"175\" height=\"82\"><strong>Nom botanique:<\/strong> Hippophae rhamnoides<br \/>\n<strong>Famille botanique:<\/strong> Elaeagnaceae<br \/>\n<strong>M\u00e9thode d&rsquo;extraction:<\/strong> CO2<br \/>\n<strong>Partie de la plante distill\u00e9e:<\/strong> Baies<br \/>\n<strong>Pays d&rsquo;origine:<\/strong> Pakistan<br \/>\n<strong>M\u00e9thode de culture:<\/strong> Organique<br \/>\n<strong>Composition:<\/strong> 100% Hippophae rhamnoides<br \/>\n<strong>Consistance:<\/strong> Moyennement \u00e9paisse<\/p>\n<h3>Description de l&rsquo;odeur<\/h3>\n<p>Notes fruit\u00e9es douces et chaudes.<\/p>\n<h3>Dans Living Libations<\/h3>\n<p>Seabuckthorn Best Skin Ever, Seabuckthorn Shampoo, Rose Best Skin Ever, Sundew Cr\u00e9me, Rose Glow Cr\u00e8me, Radiant Love Butter, Seabuckthorn Cinnamon Hot Lips, et Soothsayer Serum.<\/p>\n<h3>Se marie bien avec<\/h3>\n<p>Pamplemousse, encens, rose otto, lavande, baie de schizandra, palmarosa, thym doux, romarin, menthe poivr\u00e9e, origan, bergamote et citron vert.<\/p>\n<a href=\"https:\/\/dutchhealthstore.com\/wp-content\/uploads\/2018\/02\/ANALYSIS-Seabuckthorn-Berry-Essential-Oil-Living-Libations.pdf\" class=\"button primary is-primary is-small\"  >\n\t\t<span>ANALYSE DES HUILES ESSENTIELLES &gt;<\/span>\n\t<\/a>\n\n<h3>Utilisations<\/h3>\n<p>Utilisez-le dilu\u00e9 dans tous les soins de la peau ; il est doux pour la peau mais tr\u00e8s riche en pigments de couleur orange. Sublime pour adoucir l&rsquo;apparence des cicatrices, des taches, des ridules et de la texture in\u00e9gale. Il est utilis\u00e9 dans les huiles capillaires et les shampooings pour des cheveux brillants. Utilisez-le dans du miel ou de l&rsquo;huile pour des cr\u00e9ations culinaires. Il n&rsquo;est g\u00e9n\u00e9ralement pas utilis\u00e9 dans les diffuseurs, les bains et les tuyaux de sel car il contient des lipides.<\/p>\n<h3>Constituants<\/h3>\n<p>Il est parfaitement \u00e9quilibr\u00e9 en acides gras om\u00e9ga-3, -6, -7 et -9. En une seule goutte, cet extrait vital capture plus de 190 substances bioactives de la baie comestible, dont les vitamines C, E, A, B1, B2 et B12, des antioxydants, quarante et un carot\u00e9no\u00efdes dont le b\u00eata-carot\u00e8ne, et dix-sept phytost\u00e9rols.<\/p>\n<p>Seabuckthorn Berry est un extrait supercritique qui regorge de puissantes propri\u00e9t\u00e9s \u00e0 la fois d&rsquo;acides gras et d&rsquo;huile aromatique qui en font un super-h\u00e9ros pour les peaux sages et les peaux surexpos\u00e9es aux \u00e9l\u00e9ments. Cette huile de baies \u00e0 l&rsquo;orange vif descend dans la peau et att\u00e9nue les d\u00e9s\u00e9quilibres de l&rsquo;int\u00e9rieur.<\/p>\n<p>Cette essence entre en synergie avec la peau en favorisant la restauration du teint en r\u00e9duisant l&rsquo;apparence des rougeurs, du m\u00e9lasma, des cicatrices, des vergetures, en adoucissant la texture et en nettoyant l&rsquo;acn\u00e9. Cette huile est si efficace qu&rsquo;apr\u00e8s la catastrophe de la centrale nucl\u00e9aire de Tchernobyl, l&rsquo;huile d&rsquo;argousier a \u00e9t\u00e9 utilis\u00e9e pour traiter la peau des personnes expos\u00e9es. Le glorieux pigment orange absorbe toute la chaleur et la puissance du soleil et conf\u00e8re \u00e0 la peau un \u00e9clat ensoleill\u00e9. Ses propri\u00e9t\u00e9s d&rsquo;harmonisation solaire peuvent \u00eatre appr\u00e9ci\u00e9es avant et apr\u00e8s un bain de soleil.<\/p>\n<p>Seabuckthorn Berry Essential Oil est un must-have pour tous ceux qui cherchent une peau pure, vibrante, lisse et radieuse.<\/p>\n<h3>Ingr\u00e9dients Biologiques<\/h3>\n<p>100% huile essentielle de baies d&rsquo;argousier (Hippophae rhamnoides).<\/p>\n<p style=\"text-align: center;\"><em>\u00ab\u00a0Dans nos \u00e9tudes, ce sont les analyses biochimiques qui ont permis de d\u00e9terminer les principaux composants (vitamines, min\u00e9raux) de cette plante s&rsquo;exprimant \u00e0 diff\u00e9rents stades de croissance&#8230; Cette plante est une riche source de polysaccharides, de compos\u00e9s ph\u00e9noliques et d&rsquo;autres m\u00e9tabolites secondaires.\u00a0\u00bb<\/em><br \/>\n~ Shazia Arif et al, <strong>L&rsquo;argousier: Une plante magique<\/strong><\/p>\n<p>&nbsp;<\/p>\n<p><img fetchpriority=\"high\" decoding=\"async\" class=\"size-medium wp-image-68103 aligncenter\" src=\"https:\/\/dutchhealthstore.com\/wp-content\/uploads\/2018\/02\/Living-Libations-Organic-Logo-800x89.png\" alt=\"Living Libations - Organic Logo\" width=\"800\" height=\"89\" srcset=\"https:\/\/dutchhealthstore.com\/wp-content\/uploads\/2018\/02\/Living-Libations-Organic-Logo-800x89.png 800w, https:\/\/dutchhealthstore.com\/wp-content\/uploads\/2018\/02\/Living-Libations-Organic-Logo-510x57.png 510w, https:\/\/dutchhealthstore.com\/wp-content\/uploads\/2018\/02\/Living-Libations-Organic-Logo-768x85.png 768w, https:\/\/dutchhealthstore.com\/wp-content\/uploads\/2018\/02\/Living-Libations-Organic-Logo.png 1400w\" sizes=\"(max-width: 800px) 100vw, 800px\" \/><\/p>\n","protected":false},"excerpt":{"rendered":"<p><strong>Seabuckthorn Berry Essential Oil<\/strong> est cr\u00e9\u00e9e par une extraction supercritique sp\u00e9ciale pour recueillir tous les bienfaits que ces baies orange ont \u00e0 offrir.<br \/>\nUne seule goutte de notre extrait supercritique de baies d&rsquo;argousier contient plus de 190 substances de s\u00e9cr\u00e9tion v\u00e9g\u00e9tale.<br \/>\nNaturellement riche en vitamines vitales et en lipides om\u00e9ga rares, cette huile opulente fait briller les cheveux, adoucit les peaux s\u00e8ches, fixe l&rsquo;hydratation, dynamise la barri\u00e8re lipidique et apaise les rougeurs.<\/p>\n","protected":false},"featured_media":59657,"comment_status":"open","ping_status":"closed","template":"","meta":[],"product_brand":[],"product_cat":[6734,1507,1211,1209,3757,1010,6733],"product_tag":[4495],"class_list":{"0":"post-123706","1":"product","2":"type-product","3":"status-publish","4":"has-post-thumbnail","6":"product_cat-essential-oils","7":"product_cat-plantes-huiles-essentielles-living-libations","8":"product_cat-living-libations-france","9":"product_cat-par-marques","10":"product_cat-plantes-huiles-essentielles","11":"product_cat-notre-boutique","12":"product_cat-wellness-fr-2","13":"product_tag-essential-oil-fr","14":"pa_brand-livinglibations-fr","15":"pa_essential-oils-product-type-essential-oils-fr","16":"pa_size-5-ml-fr","17":"pa_size-15-ml-fr","19":"first","20":"instock","21":"taxable","22":"shipping-taxable","23":"purchasable","24":"product-type-variable"},"bundled_by":[],"bundle_stock_status":"instock","bundle_stock_quantity":null,"bundle_virtual":false,"bundle_layout":"","bundle_add_to_cart_form_location":"","bundle_editable_in_cart":false,"bundle_sold_individually_context":"","bundle_item_grouping":"","bundle_min_size":"","bundle_max_size":"","bundle_price":[],"bundled_items":[],"bundle_sell_ids":[],"atum_controlled":true,"out_stock_date":null,"out_stock_threshold":null,"inheritable":true,"stock_on_hold":0,"sold_today":0,"sales_last_days":0,"out_stock_days":0,"lost_sales":0,"update_date":"2026-04-10T00:01:30","atum_locations":[],"atum_stock_status":"instock","restock_status":false,"low_stock_amount":"","sales_update_date":"2026-04-10T00:01:30","calc_backorders":null,"group_of_quantity":0,"min_quantity":0,"max_quantity":"","exclude_order_quantity_value_rules":"no","exclude_category_quantity_rules":"no","combine_variations":"no","yoast_head":"<!-- This site is optimized with the Yoast SEO Premium plugin v26.5 (Yoast SEO v26.5) - https:\/\/yoast.com\/wordpress\/plugins\/seo\/ -->\n<title>Seabuckthorn Berry Essential Oil | Living Libations<\/title>\n<meta name=\"description\" content=\"Naturellement riche en vitamines vitales et en lipides om\u00e9ga rares, cette huile opulente fait briller les cheveux, dynamise la barri\u00e8re lipidique et apaise les rougeurs.\" \/>\n<meta name=\"robots\" content=\"index, follow, max-snippet:-1, max-image-preview:large, max-video-preview:-1\" \/>\n<link rel=\"canonical\" href=\"https:\/\/dutchhealthstore.com\/fr\/product\/seabuckthorn-berry-essential-oil\/\" \/>\n<meta property=\"og:locale\" content=\"fr_FR\" \/>\n<meta property=\"og:type\" content=\"article\" \/>\n<meta property=\"og:title\" content=\"Seabuckthorn Berry Essential Oil - Dutch Health Store\" \/>\n<meta property=\"og:description\" content=\"Naturellement riche en vitamines vitales et en lipides om\u00e9ga rares, cette huile opulente fait briller les cheveux, dynamise la barri\u00e8re lipidique et apaise les rougeurs.\" \/>\n<meta property=\"og:url\" content=\"https:\/\/dutchhealthstore.com\/fr\/product\/seabuckthorn-berry-essential-oil\/\" \/>\n<meta property=\"og:site_name\" content=\"Dutch Health Store\" \/>\n<meta property=\"article:publisher\" content=\"https:\/\/www.instagram.com\/dutchhealthstore\/\" \/>\n<meta property=\"article:modified_time\" content=\"2025-12-23T08:38:52+00:00\" \/>\n<meta property=\"og:image\" content=\"https:\/\/dutchhealthstore.com\/wp-content\/uploads\/2018\/02\/Seabuckthorn-Berry-Essential-Oil-Living-Libations-e1594907975968.jpg\" \/>\n\t<meta property=\"og:image:width\" content=\"500\" \/>\n\t<meta property=\"og:image:height\" content=\"500\" \/>\n\t<meta property=\"og:image:type\" content=\"image\/jpeg\" \/>\n<meta name=\"twitter:card\" content=\"summary_large_image\" \/>\n<meta name=\"twitter:label1\" content=\"Disponibilit\u00e9\" \/>\n\t<meta name=\"twitter:data1\" content=\"En stock\" \/>\n<script type=\"application\/ld+json\" class=\"yoast-schema-graph\">{\"@context\":\"https:\/\/schema.org\",\"@graph\":[{\"@type\":\"WebPage\",\"@id\":\"https:\/\/dutchhealthstore.com\/fr\/product\/seabuckthorn-berry-essential-oil\/\",\"url\":\"https:\/\/dutchhealthstore.com\/fr\/product\/seabuckthorn-berry-essential-oil\/\",\"name\":\"Seabuckthorn Berry Essential Oil | Living Libations\",\"isPartOf\":{\"@id\":\"https:\/\/dutchhealthstore.com\/fr\/#website\"},\"primaryImageOfPage\":{\"@id\":\"https:\/\/dutchhealthstore.com\/fr\/product\/seabuckthorn-berry-essential-oil\/#primaryimage\"},\"image\":{\"@id\":\"https:\/\/dutchhealthstore.com\/fr\/product\/seabuckthorn-berry-essential-oil\/#primaryimage\"},\"thumbnailUrl\":\"https:\/\/dutchhealthstore.com\/wp-content\/uploads\/2018\/02\/Seabuckthorn-Berry-Essential-Oil-Living-Libations-e1594907975968.jpg\",\"datePublished\":\"2018-02-10T20:48:19+00:00\",\"dateModified\":\"2025-12-23T08:38:52+00:00\",\"description\":\"Naturellement riche en vitamines vitales et en lipides om\u00e9ga rares, cette huile opulente fait briller les cheveux, dynamise la barri\u00e8re lipidique et apaise les rougeurs.\",\"breadcrumb\":{\"@id\":\"https:\/\/dutchhealthstore.com\/fr\/product\/seabuckthorn-berry-essential-oil\/#breadcrumb\"},\"inLanguage\":\"fr-FR\",\"potentialAction\":[{\"@type\":\"ReadAction\",\"target\":[\"https:\/\/dutchhealthstore.com\/fr\/product\/seabuckthorn-berry-essential-oil\/\"]}]},{\"@type\":\"ImageObject\",\"inLanguage\":\"fr-FR\",\"@id\":\"https:\/\/dutchhealthstore.com\/fr\/product\/seabuckthorn-berry-essential-oil\/#primaryimage\",\"url\":\"https:\/\/dutchhealthstore.com\/wp-content\/uploads\/2018\/02\/Seabuckthorn-Berry-Essential-Oil-Living-Libations-e1594907975968.jpg\",\"contentUrl\":\"https:\/\/dutchhealthstore.com\/wp-content\/uploads\/2018\/02\/Seabuckthorn-Berry-Essential-Oil-Living-Libations-e1594907975968.jpg\",\"width\":500,\"height\":500,\"caption\":\"Seabuckthorn Berry Essential Oil - Living Libations\"},{\"@type\":\"BreadcrumbList\",\"@id\":\"https:\/\/dutchhealthstore.com\/fr\/product\/seabuckthorn-berry-essential-oil\/#breadcrumb\",\"itemListElement\":[{\"@type\":\"ListItem\",\"position\":1,\"name\":\"Home\",\"item\":\"https:\/\/dutchhealthstore.com\/fr\/\"},{\"@type\":\"ListItem\",\"position\":2,\"name\":\"Shop\",\"item\":\"https:\/\/dutchhealthstore.com\/fr\/shop\/\"},{\"@type\":\"ListItem\",\"position\":3,\"name\":\"Seabuckthorn Berry Essential Oil\"}]},{\"@type\":\"WebSite\",\"@id\":\"https:\/\/dutchhealthstore.com\/fr\/#website\",\"url\":\"https:\/\/dutchhealthstore.com\/fr\/\",\"name\":\"Dutch Health Store\",\"description\":\"Enhance Your Beauty with Organic &amp; Natural Skincare\",\"publisher\":{\"@id\":\"https:\/\/dutchhealthstore.com\/fr\/#organization\"},\"potentialAction\":[{\"@type\":\"SearchAction\",\"target\":{\"@type\":\"EntryPoint\",\"urlTemplate\":\"https:\/\/dutchhealthstore.com\/fr\/?s={search_term_string}\"},\"query-input\":{\"@type\":\"PropertyValueSpecification\",\"valueRequired\":true,\"valueName\":\"search_term_string\"}}],\"inLanguage\":\"fr-FR\"},{\"@type\":\"Organization\",\"@id\":\"https:\/\/dutchhealthstore.com\/fr\/#organization\",\"name\":\"Dutch Health Store\",\"url\":\"https:\/\/dutchhealthstore.com\/fr\/\",\"logo\":{\"@type\":\"ImageObject\",\"inLanguage\":\"fr-FR\",\"@id\":\"https:\/\/dutchhealthstore.com\/fr\/#\/schema\/logo\/image\/\",\"url\":\"https:\/\/dutchhealthstore.com\/wp-content\/uploads\/2020\/08\/logo-dutchhealthstore-jpg-e1599484957574.jpg\",\"contentUrl\":\"https:\/\/dutchhealthstore.com\/wp-content\/uploads\/2020\/08\/logo-dutchhealthstore-jpg-e1599484957574.jpg\",\"width\":400,\"height\":62,\"caption\":\"Dutch Health Store\"},\"image\":{\"@id\":\"https:\/\/dutchhealthstore.com\/fr\/#\/schema\/logo\/image\/\"},\"sameAs\":[\"https:\/\/www.instagram.com\/dutchhealthstore\/\",\"https:\/\/www.facebook.com\/dutchhealthstore\"]}]}<\/script>\n<meta property=\"product:brand\" content=\"Living Libations\" \/>\n<meta property=\"og:availability\" content=\"instock\" \/>\n<meta property=\"product:availability\" content=\"instock\" \/>\n<meta property=\"product:condition\" content=\"new\" \/>\n<!-- \/ Yoast SEO Premium plugin. -->","yoast_head_json":{"title":"Seabuckthorn Berry Essential Oil | Living Libations","description":"Naturellement riche en vitamines vitales et en lipides om\u00e9ga rares, cette huile opulente fait briller les cheveux, dynamise la barri\u00e8re lipidique et apaise les rougeurs.","robots":{"index":"index","follow":"follow","max-snippet":"max-snippet:-1","max-image-preview":"max-image-preview:large","max-video-preview":"max-video-preview:-1"},"canonical":"https:\/\/dutchhealthstore.com\/fr\/product\/seabuckthorn-berry-essential-oil\/","og_locale":"fr_FR","og_type":"article","og_title":"Seabuckthorn Berry Essential Oil - Dutch Health Store","og_description":"Naturellement riche en vitamines vitales et en lipides om\u00e9ga rares, cette huile opulente fait briller les cheveux, dynamise la barri\u00e8re lipidique et apaise les rougeurs.","og_url":"https:\/\/dutchhealthstore.com\/fr\/product\/seabuckthorn-berry-essential-oil\/","og_site_name":"Dutch Health Store","article_publisher":"https:\/\/www.instagram.com\/dutchhealthstore\/","article_modified_time":"2025-12-23T08:38:52+00:00","og_image":[{"width":500,"height":500,"url":"https:\/\/dutchhealthstore.com\/wp-content\/uploads\/2018\/02\/Seabuckthorn-Berry-Essential-Oil-Living-Libations-e1594907975968.jpg","type":"image\/jpeg"}],"twitter_card":"summary_large_image","twitter_misc":{"Disponibilit\u00e9":"En stock"},"schema":{"@context":"https:\/\/schema.org","@graph":[{"@type":"WebPage","@id":"https:\/\/dutchhealthstore.com\/fr\/product\/seabuckthorn-berry-essential-oil\/","url":"https:\/\/dutchhealthstore.com\/fr\/product\/seabuckthorn-berry-essential-oil\/","name":"Seabuckthorn Berry Essential Oil | Living Libations","isPartOf":{"@id":"https:\/\/dutchhealthstore.com\/fr\/#website"},"primaryImageOfPage":{"@id":"https:\/\/dutchhealthstore.com\/fr\/product\/seabuckthorn-berry-essential-oil\/#primaryimage"},"image":{"@id":"https:\/\/dutchhealthstore.com\/fr\/product\/seabuckthorn-berry-essential-oil\/#primaryimage"},"thumbnailUrl":"https:\/\/dutchhealthstore.com\/wp-content\/uploads\/2018\/02\/Seabuckthorn-Berry-Essential-Oil-Living-Libations-e1594907975968.jpg","datePublished":"2018-02-10T20:48:19+00:00","dateModified":"2025-12-23T08:38:52+00:00","description":"Naturellement riche en vitamines vitales et en lipides om\u00e9ga rares, cette huile opulente fait briller les cheveux, dynamise la barri\u00e8re lipidique et apaise les rougeurs.","breadcrumb":{"@id":"https:\/\/dutchhealthstore.com\/fr\/product\/seabuckthorn-berry-essential-oil\/#breadcrumb"},"inLanguage":"fr-FR","potentialAction":[{"@type":"ReadAction","target":["https:\/\/dutchhealthstore.com\/fr\/product\/seabuckthorn-berry-essential-oil\/"]}]},{"@type":"ImageObject","inLanguage":"fr-FR","@id":"https:\/\/dutchhealthstore.com\/fr\/product\/seabuckthorn-berry-essential-oil\/#primaryimage","url":"https:\/\/dutchhealthstore.com\/wp-content\/uploads\/2018\/02\/Seabuckthorn-Berry-Essential-Oil-Living-Libations-e1594907975968.jpg","contentUrl":"https:\/\/dutchhealthstore.com\/wp-content\/uploads\/2018\/02\/Seabuckthorn-Berry-Essential-Oil-Living-Libations-e1594907975968.jpg","width":500,"height":500,"caption":"Seabuckthorn Berry Essential Oil - Living Libations"},{"@type":"BreadcrumbList","@id":"https:\/\/dutchhealthstore.com\/fr\/product\/seabuckthorn-berry-essential-oil\/#breadcrumb","itemListElement":[{"@type":"ListItem","position":1,"name":"Home","item":"https:\/\/dutchhealthstore.com\/fr\/"},{"@type":"ListItem","position":2,"name":"Shop","item":"https:\/\/dutchhealthstore.com\/fr\/shop\/"},{"@type":"ListItem","position":3,"name":"Seabuckthorn Berry Essential Oil"}]},{"@type":"WebSite","@id":"https:\/\/dutchhealthstore.com\/fr\/#website","url":"https:\/\/dutchhealthstore.com\/fr\/","name":"Dutch Health Store","description":"Enhance Your Beauty with Organic &amp; Natural Skincare","publisher":{"@id":"https:\/\/dutchhealthstore.com\/fr\/#organization"},"potentialAction":[{"@type":"SearchAction","target":{"@type":"EntryPoint","urlTemplate":"https:\/\/dutchhealthstore.com\/fr\/?s={search_term_string}"},"query-input":{"@type":"PropertyValueSpecification","valueRequired":true,"valueName":"search_term_string"}}],"inLanguage":"fr-FR"},{"@type":"Organization","@id":"https:\/\/dutchhealthstore.com\/fr\/#organization","name":"Dutch Health Store","url":"https:\/\/dutchhealthstore.com\/fr\/","logo":{"@type":"ImageObject","inLanguage":"fr-FR","@id":"https:\/\/dutchhealthstore.com\/fr\/#\/schema\/logo\/image\/","url":"https:\/\/dutchhealthstore.com\/wp-content\/uploads\/2020\/08\/logo-dutchhealthstore-jpg-e1599484957574.jpg","contentUrl":"https:\/\/dutchhealthstore.com\/wp-content\/uploads\/2020\/08\/logo-dutchhealthstore-jpg-e1599484957574.jpg","width":400,"height":62,"caption":"Dutch Health Store"},"image":{"@id":"https:\/\/dutchhealthstore.com\/fr\/#\/schema\/logo\/image\/"},"sameAs":["https:\/\/www.instagram.com\/dutchhealthstore\/","https:\/\/www.facebook.com\/dutchhealthstore"]}]},"product_brand":"Living Libations","og_availability":"instock","product_availability":"instock","product_condition":"new"},"_links":{"self":[{"href":"https:\/\/dutchhealthstore.com\/fr\/wp-json\/wp\/v2\/product\/123706","targetHints":{"allow":["GET"]}}],"collection":[{"href":"https:\/\/dutchhealthstore.com\/fr\/wp-json\/wp\/v2\/product"}],"about":[{"href":"https:\/\/dutchhealthstore.com\/fr\/wp-json\/wp\/v2\/types\/product"}],"replies":[{"embeddable":true,"href":"https:\/\/dutchhealthstore.com\/fr\/wp-json\/wp\/v2\/comments?post=123706"}],"wp:featuredmedia":[{"embeddable":true,"href":"https:\/\/dutchhealthstore.com\/fr\/wp-json\/wp\/v2\/media\/59657"}],"wp:attachment":[{"href":"https:\/\/dutchhealthstore.com\/fr\/wp-json\/wp\/v2\/media?parent=123706"}],"wp:term":[{"taxonomy":"product_brand","embeddable":true,"href":"https:\/\/dutchhealthstore.com\/fr\/wp-json\/wp\/v2\/product_brand?post=123706"},{"taxonomy":"product_cat","embeddable":true,"href":"https:\/\/dutchhealthstore.com\/fr\/wp-json\/wp\/v2\/product_cat?post=123706"},{"taxonomy":"product_tag","embeddable":true,"href":"https:\/\/dutchhealthstore.com\/fr\/wp-json\/wp\/v2\/product_tag?post=123706"}],"curies":[{"name":"wp","href":"https:\/\/api.w.org\/{rel}","templated":true}]}}