{"id":123435,"date":"2020-01-14T17:02:31","date_gmt":"2020-01-14T16:02:31","guid":{"rendered":"https:\/\/dutchhealthstore.com\/product\/schizandra-berry-essential-oil\/"},"modified":"2026-03-05T21:04:26","modified_gmt":"2026-03-05T20:04:26","slug":"schizandra-berry-essential-oil","status":"publish","type":"product","link":"https:\/\/dutchhealthstore.com\/fr\/product\/schizandra-berry-essential-oil\/","title":{"rendered":"Schizandra Berry Essential Oil"},"content":{"rendered":"<p><img decoding=\"async\" class=\"alignright wp-image-56014\" src=\"https:\/\/dutchhealthstore.com\/wp-content\/uploads\/2019\/04\/logo.png\" alt=\"Living libations logo\" width=\"200\" height=\"59\"><strong>Nom botanique :<\/strong> Schisandra sphenanthera<br \/>\n<strong>Famille botanique :<\/strong> Schisandraceae<br \/>\n<strong>M\u00e9thode d&rsquo;extraction :<\/strong> CO2<br \/>\n<strong>Partie de la plante distill\u00e9e :<\/strong> Baies<br \/>\n<strong>Pays d&rsquo;origine :<\/strong> Indon\u00e9sie<br \/>\n<strong>M\u00e9thode de culture :<\/strong> Organique<br \/>\n<strong>Composition :<\/strong> 100 % Schisandra sphenanthera<br \/>\n<strong>Consistance :<\/strong> Moyennement \u00e9paisse<\/p>\n<h3>Description de l&rsquo;odeur<\/h3>\n<p>Notes fruit\u00e9es douces et subtiles.<\/p>\n<h3>Dans Living Libations<\/h3>\n<p>Love Wine, RoseGlow Serum, Grapefruit Stellar Renewal, Languid Love Butter, et Love Lotion.<\/p>\n<h3>Se marie bien avec<\/h3>\n<p>Argousier, Pamplemousse, Bergamote, Palmarosa, Cannelle, Rose Otto, Cardamome, Lavande, Gingembre et Clou de Girofle.<\/p>\n<a href=\"https:\/\/dutchhealthstore.com\/wp-content\/uploads\/2020\/01\/ESSENTIAL-OIL-ANALYSIS-Schizandra-Berry-Essential-Oil-Living-Libations.pdf\" class=\"button primary is-primary is-small\"  >\n\t\t<span>ANALYSE DES HUILES ESSENTIELLES<\/span>\n\t<\/a>\n\n<h3>Utilisations<\/h3>\n<p>Diluez pour l&rsquo;utiliser dans des huiles de soin et de massage calmantes et apaisantes. Ajoutez 1-2 gouttes dans du miel ou de l&rsquo;huile d&rsquo;olive pour des cr\u00e9ations culinaires et des th\u00e9s.<\/p>\n<p><strong>Taille : 5 ml et 15 ml<\/strong><\/p>\n<h3>Ingr\u00e9dients biologiques<\/h3>\n<p>100% huile essentielle de baie de schizandra (Schisandra sphenanthera).<\/p>\n<p style=\"text-align: center;\">\u00ab\u00a0Je ne suis pas li\u00e9 \u00e0 un lieu public, mais \u00e0 un terrain qui m&rsquo;appartient, o\u00f9 j&rsquo;ai plant\u00e9 des vignes et des arbres fruitiers, et o\u00f9, dans la chaleur du jour, j&rsquo;ai grimp\u00e9 dans l&rsquo;ombre bienfaisante des bois. Mieux que n&rsquo;importe quel argument, c&rsquo;est de se lever \u00e0 l&rsquo;aube et de cueillir des baies rouges mouill\u00e9es de ros\u00e9e dans une coupe.\u00a0\u00bb<br \/>\n\u223c Wendell Berry<\/p>\n<p style=\"text-align: center;\">\u00ab\u00a0La valeur reconstituante du Schizandra a \u00e9t\u00e9 mentionn\u00e9e pendant la dynastie Han en Chine, de 25 \u00e0 200 apr\u00e8s J.-C.\u00a0\u00bb.<br \/>\nLa plante a \u00e9galement \u00e9t\u00e9 utilis\u00e9e en Russie et au Japon pendant de nombreux si\u00e8cles.\u00a0\u00bb<br \/>\n\u223c Carol Schiller, David Schiller, <strong>The Aromatherapy Encyclopedia<\/strong><\/p>\n<p>&nbsp;<\/p>\n<p><img fetchpriority=\"high\" decoding=\"async\" class=\"aligncenter wp-image-68106\" src=\"https:\/\/dutchhealthstore.com\/wp-content\/uploads\/2018\/02\/Living-Libations-Organic-Logo.png\" alt=\"Living Libations - Organic Logo\" width=\"800\" height=\"89\" srcset=\"https:\/\/dutchhealthstore.com\/wp-content\/uploads\/2018\/02\/Living-Libations-Organic-Logo.png 1400w, https:\/\/dutchhealthstore.com\/wp-content\/uploads\/2018\/02\/Living-Libations-Organic-Logo-510x57.png 510w, https:\/\/dutchhealthstore.com\/wp-content\/uploads\/2018\/02\/Living-Libations-Organic-Logo-800x89.png 800w, https:\/\/dutchhealthstore.com\/wp-content\/uploads\/2018\/02\/Living-Libations-Organic-Logo-768x85.png 768w\" sizes=\"(max-width: 800px) 100vw, 800px\" \/><\/p>\n","protected":false},"excerpt":{"rendered":"<p>La splendide <strong>Schizandra Berry Essential Oil<\/strong> est distill\u00e9e \u00e0 partir des baies de l&rsquo;arbuste indon\u00e9sien Schizandra.<br \/>\nCes baies sont un \u00e9l\u00e9ment de base de l&rsquo;herboristerie traditionnelle chinoise, et sont utilis\u00e9es depuis des milliers d&rsquo;ann\u00e9es pour stimuler le chi et l&rsquo;\u00e9quilibre du corps. Connu sous le nom de \u00ab\u00a0wu wei zi\u00a0\u00bb en chinois, ce \u00ab\u00a0fruit aux cinq saveurs\u00a0\u00bb contient une palette complexe de saveurs am\u00e8res, sal\u00e9es, \u00e9pic\u00e9es, sucr\u00e9es et acides.<br \/>\nNotre Schizandra Berry Essential Oil est distill\u00e9e par extraction super-critique, cr\u00e9ant une huile brillante qui contient tous les composants lipophiles pour encore plus de b\u00e9n\u00e9fices aromath\u00e9rapeutiques qu&rsquo;elle n&rsquo;a d&rsquo;ar\u00f4mes !<\/p>\n","protected":false},"featured_media":89732,"comment_status":"open","ping_status":"closed","template":"","meta":[],"product_brand":[],"product_cat":[1507,6734,1211,1209,3757,6733],"product_tag":[4495],"class_list":{"0":"post-123435","1":"product","2":"type-product","3":"status-publish","4":"has-post-thumbnail","6":"product_cat-plantes-huiles-essentielles-living-libations","7":"product_cat-essential-oils","8":"product_cat-living-libations-france","9":"product_cat-par-marques","10":"product_cat-plantes-huiles-essentielles","11":"product_cat-wellness-fr-2","12":"product_tag-essential-oil-fr","13":"pa_brand-livinglibations-fr","14":"pa_essential-oils-product-type-essential-oils-fr","15":"pa_size-15-ml-fr","16":"pa_size-5-ml-fr","18":"first","19":"outofstock","20":"taxable","21":"shipping-taxable","22":"purchasable","23":"product-type-variable"},"bundled_by":[],"bundle_stock_status":"outofstock","bundle_stock_quantity":null,"bundle_virtual":false,"bundle_layout":"","bundle_add_to_cart_form_location":"","bundle_editable_in_cart":false,"bundle_sold_individually_context":"","bundle_item_grouping":"","bundle_min_size":"","bundle_max_size":"","bundle_price":[],"bundled_items":[],"bundle_sell_ids":[],"atum_controlled":true,"out_stock_date":null,"out_stock_threshold":null,"inheritable":true,"stock_on_hold":0,"sold_today":0,"sales_last_days":0,"out_stock_days":0,"lost_sales":0,"update_date":"2026-04-08T01:47:15","atum_locations":[],"atum_stock_status":"instock","restock_status":false,"low_stock_amount":"","sales_update_date":"2026-04-08T01:47:15","calc_backorders":null,"group_of_quantity":0,"min_quantity":0,"max_quantity":"","exclude_order_quantity_value_rules":"no","exclude_category_quantity_rules":"no","combine_variations":"no","yoast_head":"<!-- This site is optimized with the Yoast SEO Premium plugin v26.5 (Yoast SEO v26.5) - https:\/\/yoast.com\/wordpress\/plugins\/seo\/ -->\n<title>Schizandra Berry Essential Oil | Organic &amp; Natural | Living Libations<\/title>\n<meta name=\"description\" content=\"Ces baies sont un \u00e9l\u00e9ment de base de l&#039;herboristerie traditionnelle chinoise, et sont utilis\u00e9es depuis des milliers d&#039;ann\u00e9es pour stimuler le chi et l&#039;\u00e9quilibre du corps.\" \/>\n<meta name=\"robots\" content=\"index, follow, max-snippet:-1, max-image-preview:large, max-video-preview:-1\" \/>\n<link rel=\"canonical\" href=\"https:\/\/dutchhealthstore.com\/fr\/product\/schizandra-berry-essential-oil\/\" \/>\n<meta property=\"og:locale\" content=\"fr_FR\" \/>\n<meta property=\"og:type\" content=\"article\" \/>\n<meta property=\"og:title\" content=\"Schizandra Berry Essential Oil - Dutch Health Store\" \/>\n<meta property=\"og:description\" content=\"Ces baies sont un \u00e9l\u00e9ment de base de l&#039;herboristerie traditionnelle chinoise, et sont utilis\u00e9es depuis des milliers d&#039;ann\u00e9es pour stimuler le chi et l&#039;\u00e9quilibre du corps.\" \/>\n<meta property=\"og:url\" content=\"https:\/\/dutchhealthstore.com\/fr\/product\/schizandra-berry-essential-oil\/\" \/>\n<meta property=\"og:site_name\" content=\"Dutch Health Store\" \/>\n<meta property=\"article:publisher\" content=\"https:\/\/www.instagram.com\/dutchhealthstore\/\" \/>\n<meta property=\"article:modified_time\" content=\"2026-03-05T20:04:26+00:00\" \/>\n<meta property=\"og:image\" content=\"https:\/\/dutchhealthstore.com\/wp-content\/uploads\/2020\/01\/Schizandra-Berry-Essential-Oil-Living-Libations-e1593585980988.jpg\" \/>\n\t<meta property=\"og:image:width\" content=\"500\" \/>\n\t<meta property=\"og:image:height\" content=\"500\" \/>\n\t<meta property=\"og:image:type\" content=\"image\/jpeg\" \/>\n<meta name=\"twitter:card\" content=\"summary_large_image\" \/>\n<meta name=\"twitter:label1\" content=\"Disponibilit\u00e9\" \/>\n\t<meta name=\"twitter:data1\" content=\"Rupture de stock\" \/>\n<script type=\"application\/ld+json\" class=\"yoast-schema-graph\">{\"@context\":\"https:\/\/schema.org\",\"@graph\":[{\"@type\":\"WebPage\",\"@id\":\"https:\/\/dutchhealthstore.com\/fr\/product\/schizandra-berry-essential-oil\/\",\"url\":\"https:\/\/dutchhealthstore.com\/fr\/product\/schizandra-berry-essential-oil\/\",\"name\":\"Schizandra Berry Essential Oil | Organic & Natural | Living Libations\",\"isPartOf\":{\"@id\":\"https:\/\/dutchhealthstore.com\/fr\/#website\"},\"primaryImageOfPage\":{\"@id\":\"https:\/\/dutchhealthstore.com\/fr\/product\/schizandra-berry-essential-oil\/#primaryimage\"},\"image\":{\"@id\":\"https:\/\/dutchhealthstore.com\/fr\/product\/schizandra-berry-essential-oil\/#primaryimage\"},\"thumbnailUrl\":\"https:\/\/dutchhealthstore.com\/wp-content\/uploads\/2020\/01\/Schizandra-Berry-Essential-Oil-Living-Libations-e1593585980988.jpg\",\"datePublished\":\"2020-01-14T16:02:31+00:00\",\"dateModified\":\"2026-03-05T20:04:26+00:00\",\"description\":\"Ces baies sont un \u00e9l\u00e9ment de base de l'herboristerie traditionnelle chinoise, et sont utilis\u00e9es depuis des milliers d'ann\u00e9es pour stimuler le chi et l'\u00e9quilibre du corps.\",\"breadcrumb\":{\"@id\":\"https:\/\/dutchhealthstore.com\/fr\/product\/schizandra-berry-essential-oil\/#breadcrumb\"},\"inLanguage\":\"fr-FR\",\"potentialAction\":[{\"@type\":\"ReadAction\",\"target\":[\"https:\/\/dutchhealthstore.com\/fr\/product\/schizandra-berry-essential-oil\/\"]}]},{\"@type\":\"ImageObject\",\"inLanguage\":\"fr-FR\",\"@id\":\"https:\/\/dutchhealthstore.com\/fr\/product\/schizandra-berry-essential-oil\/#primaryimage\",\"url\":\"https:\/\/dutchhealthstore.com\/wp-content\/uploads\/2020\/01\/Schizandra-Berry-Essential-Oil-Living-Libations-e1593585980988.jpg\",\"contentUrl\":\"https:\/\/dutchhealthstore.com\/wp-content\/uploads\/2020\/01\/Schizandra-Berry-Essential-Oil-Living-Libations-e1593585980988.jpg\",\"width\":500,\"height\":500},{\"@type\":\"BreadcrumbList\",\"@id\":\"https:\/\/dutchhealthstore.com\/fr\/product\/schizandra-berry-essential-oil\/#breadcrumb\",\"itemListElement\":[{\"@type\":\"ListItem\",\"position\":1,\"name\":\"Home\",\"item\":\"https:\/\/dutchhealthstore.com\/fr\/\"},{\"@type\":\"ListItem\",\"position\":2,\"name\":\"Shop\",\"item\":\"https:\/\/dutchhealthstore.com\/fr\/shop\/\"},{\"@type\":\"ListItem\",\"position\":3,\"name\":\"Schizandra Berry Essential Oil\"}]},{\"@type\":\"WebSite\",\"@id\":\"https:\/\/dutchhealthstore.com\/fr\/#website\",\"url\":\"https:\/\/dutchhealthstore.com\/fr\/\",\"name\":\"Dutch Health Store\",\"description\":\"Enhance Your Beauty with Organic &amp; Natural Skincare\",\"publisher\":{\"@id\":\"https:\/\/dutchhealthstore.com\/fr\/#organization\"},\"potentialAction\":[{\"@type\":\"SearchAction\",\"target\":{\"@type\":\"EntryPoint\",\"urlTemplate\":\"https:\/\/dutchhealthstore.com\/fr\/?s={search_term_string}\"},\"query-input\":{\"@type\":\"PropertyValueSpecification\",\"valueRequired\":true,\"valueName\":\"search_term_string\"}}],\"inLanguage\":\"fr-FR\"},{\"@type\":\"Organization\",\"@id\":\"https:\/\/dutchhealthstore.com\/fr\/#organization\",\"name\":\"Dutch Health Store\",\"url\":\"https:\/\/dutchhealthstore.com\/fr\/\",\"logo\":{\"@type\":\"ImageObject\",\"inLanguage\":\"fr-FR\",\"@id\":\"https:\/\/dutchhealthstore.com\/fr\/#\/schema\/logo\/image\/\",\"url\":\"https:\/\/dutchhealthstore.com\/wp-content\/uploads\/2020\/08\/logo-dutchhealthstore-jpg-e1599484957574.jpg\",\"contentUrl\":\"https:\/\/dutchhealthstore.com\/wp-content\/uploads\/2020\/08\/logo-dutchhealthstore-jpg-e1599484957574.jpg\",\"width\":400,\"height\":62,\"caption\":\"Dutch Health Store\"},\"image\":{\"@id\":\"https:\/\/dutchhealthstore.com\/fr\/#\/schema\/logo\/image\/\"},\"sameAs\":[\"https:\/\/www.instagram.com\/dutchhealthstore\/\",\"https:\/\/www.facebook.com\/dutchhealthstore\"]}]}<\/script>\n<meta property=\"product:brand\" content=\"Living Libations\" \/>\n<meta property=\"og:availability\" content=\"out of stock\" \/>\n<meta property=\"product:availability\" content=\"out of stock\" \/>\n<meta property=\"product:condition\" content=\"new\" \/>\n<!-- \/ Yoast SEO Premium plugin. -->","yoast_head_json":{"title":"Schizandra Berry Essential Oil | Organic & Natural | Living Libations","description":"Ces baies sont un \u00e9l\u00e9ment de base de l'herboristerie traditionnelle chinoise, et sont utilis\u00e9es depuis des milliers d'ann\u00e9es pour stimuler le chi et l'\u00e9quilibre du corps.","robots":{"index":"index","follow":"follow","max-snippet":"max-snippet:-1","max-image-preview":"max-image-preview:large","max-video-preview":"max-video-preview:-1"},"canonical":"https:\/\/dutchhealthstore.com\/fr\/product\/schizandra-berry-essential-oil\/","og_locale":"fr_FR","og_type":"article","og_title":"Schizandra Berry Essential Oil - Dutch Health Store","og_description":"Ces baies sont un \u00e9l\u00e9ment de base de l'herboristerie traditionnelle chinoise, et sont utilis\u00e9es depuis des milliers d'ann\u00e9es pour stimuler le chi et l'\u00e9quilibre du corps.","og_url":"https:\/\/dutchhealthstore.com\/fr\/product\/schizandra-berry-essential-oil\/","og_site_name":"Dutch Health Store","article_publisher":"https:\/\/www.instagram.com\/dutchhealthstore\/","article_modified_time":"2026-03-05T20:04:26+00:00","og_image":[{"width":500,"height":500,"url":"https:\/\/dutchhealthstore.com\/wp-content\/uploads\/2020\/01\/Schizandra-Berry-Essential-Oil-Living-Libations-e1593585980988.jpg","type":"image\/jpeg"}],"twitter_card":"summary_large_image","twitter_misc":{"Disponibilit\u00e9":"Rupture de stock"},"schema":{"@context":"https:\/\/schema.org","@graph":[{"@type":"WebPage","@id":"https:\/\/dutchhealthstore.com\/fr\/product\/schizandra-berry-essential-oil\/","url":"https:\/\/dutchhealthstore.com\/fr\/product\/schizandra-berry-essential-oil\/","name":"Schizandra Berry Essential Oil | Organic & Natural | Living Libations","isPartOf":{"@id":"https:\/\/dutchhealthstore.com\/fr\/#website"},"primaryImageOfPage":{"@id":"https:\/\/dutchhealthstore.com\/fr\/product\/schizandra-berry-essential-oil\/#primaryimage"},"image":{"@id":"https:\/\/dutchhealthstore.com\/fr\/product\/schizandra-berry-essential-oil\/#primaryimage"},"thumbnailUrl":"https:\/\/dutchhealthstore.com\/wp-content\/uploads\/2020\/01\/Schizandra-Berry-Essential-Oil-Living-Libations-e1593585980988.jpg","datePublished":"2020-01-14T16:02:31+00:00","dateModified":"2026-03-05T20:04:26+00:00","description":"Ces baies sont un \u00e9l\u00e9ment de base de l'herboristerie traditionnelle chinoise, et sont utilis\u00e9es depuis des milliers d'ann\u00e9es pour stimuler le chi et l'\u00e9quilibre du corps.","breadcrumb":{"@id":"https:\/\/dutchhealthstore.com\/fr\/product\/schizandra-berry-essential-oil\/#breadcrumb"},"inLanguage":"fr-FR","potentialAction":[{"@type":"ReadAction","target":["https:\/\/dutchhealthstore.com\/fr\/product\/schizandra-berry-essential-oil\/"]}]},{"@type":"ImageObject","inLanguage":"fr-FR","@id":"https:\/\/dutchhealthstore.com\/fr\/product\/schizandra-berry-essential-oil\/#primaryimage","url":"https:\/\/dutchhealthstore.com\/wp-content\/uploads\/2020\/01\/Schizandra-Berry-Essential-Oil-Living-Libations-e1593585980988.jpg","contentUrl":"https:\/\/dutchhealthstore.com\/wp-content\/uploads\/2020\/01\/Schizandra-Berry-Essential-Oil-Living-Libations-e1593585980988.jpg","width":500,"height":500},{"@type":"BreadcrumbList","@id":"https:\/\/dutchhealthstore.com\/fr\/product\/schizandra-berry-essential-oil\/#breadcrumb","itemListElement":[{"@type":"ListItem","position":1,"name":"Home","item":"https:\/\/dutchhealthstore.com\/fr\/"},{"@type":"ListItem","position":2,"name":"Shop","item":"https:\/\/dutchhealthstore.com\/fr\/shop\/"},{"@type":"ListItem","position":3,"name":"Schizandra Berry Essential Oil"}]},{"@type":"WebSite","@id":"https:\/\/dutchhealthstore.com\/fr\/#website","url":"https:\/\/dutchhealthstore.com\/fr\/","name":"Dutch Health Store","description":"Enhance Your Beauty with Organic &amp; Natural Skincare","publisher":{"@id":"https:\/\/dutchhealthstore.com\/fr\/#organization"},"potentialAction":[{"@type":"SearchAction","target":{"@type":"EntryPoint","urlTemplate":"https:\/\/dutchhealthstore.com\/fr\/?s={search_term_string}"},"query-input":{"@type":"PropertyValueSpecification","valueRequired":true,"valueName":"search_term_string"}}],"inLanguage":"fr-FR"},{"@type":"Organization","@id":"https:\/\/dutchhealthstore.com\/fr\/#organization","name":"Dutch Health Store","url":"https:\/\/dutchhealthstore.com\/fr\/","logo":{"@type":"ImageObject","inLanguage":"fr-FR","@id":"https:\/\/dutchhealthstore.com\/fr\/#\/schema\/logo\/image\/","url":"https:\/\/dutchhealthstore.com\/wp-content\/uploads\/2020\/08\/logo-dutchhealthstore-jpg-e1599484957574.jpg","contentUrl":"https:\/\/dutchhealthstore.com\/wp-content\/uploads\/2020\/08\/logo-dutchhealthstore-jpg-e1599484957574.jpg","width":400,"height":62,"caption":"Dutch Health Store"},"image":{"@id":"https:\/\/dutchhealthstore.com\/fr\/#\/schema\/logo\/image\/"},"sameAs":["https:\/\/www.instagram.com\/dutchhealthstore\/","https:\/\/www.facebook.com\/dutchhealthstore"]}]},"product_brand":"Living Libations","og_availability":"out of stock","product_availability":"out of stock","product_condition":"new"},"_links":{"self":[{"href":"https:\/\/dutchhealthstore.com\/fr\/wp-json\/wp\/v2\/product\/123435","targetHints":{"allow":["GET"]}}],"collection":[{"href":"https:\/\/dutchhealthstore.com\/fr\/wp-json\/wp\/v2\/product"}],"about":[{"href":"https:\/\/dutchhealthstore.com\/fr\/wp-json\/wp\/v2\/types\/product"}],"replies":[{"embeddable":true,"href":"https:\/\/dutchhealthstore.com\/fr\/wp-json\/wp\/v2\/comments?post=123435"}],"wp:featuredmedia":[{"embeddable":true,"href":"https:\/\/dutchhealthstore.com\/fr\/wp-json\/wp\/v2\/media\/89732"}],"wp:attachment":[{"href":"https:\/\/dutchhealthstore.com\/fr\/wp-json\/wp\/v2\/media?parent=123435"}],"wp:term":[{"taxonomy":"product_brand","embeddable":true,"href":"https:\/\/dutchhealthstore.com\/fr\/wp-json\/wp\/v2\/product_brand?post=123435"},{"taxonomy":"product_cat","embeddable":true,"href":"https:\/\/dutchhealthstore.com\/fr\/wp-json\/wp\/v2\/product_cat?post=123435"},{"taxonomy":"product_tag","embeddable":true,"href":"https:\/\/dutchhealthstore.com\/fr\/wp-json\/wp\/v2\/product_tag?post=123435"}],"curies":[{"name":"wp","href":"https:\/\/api.w.org\/{rel}","templated":true}]}}