{"id":123372,"date":"2020-06-15T13:52:39","date_gmt":"2020-06-15T11:52:39","guid":{"rendered":"https:\/\/dutchhealthstore.com\/product\/saw-palmetto-berry-essential-oil\/"},"modified":"2025-12-23T09:39:02","modified_gmt":"2025-12-23T08:39:02","slug":"saw-palmetto-berry-essential-oil","status":"publish","type":"product","link":"https:\/\/dutchhealthstore.com\/fr\/product\/saw-palmetto-berry-essential-oil\/","title":{"rendered":"Saw Palmetto Berry Essential Oil"},"content":{"rendered":"<p><img decoding=\"async\" class=\"size-full wp-image-69549 alignright\" src=\"https:\/\/dutchhealthstore.com\/wp-content\/uploads\/2019\/08\/NEW-Living-Libations-Logo.jpg\" alt=\"NEW - Living Libations - Logo\" width=\"175\" height=\"82\"><strong>Nom botanique :<\/strong> Sabal serulata<br \/>\n<strong>Famille botanique :<\/strong> Arecaceae<br \/>\n<strong>M\u00e9thode d&rsquo;extraction :<\/strong> CO2<br \/>\n<strong>Partie de la plante distill\u00e9e :<\/strong> Baies<br \/>\n<strong>Pays d&rsquo;origine :<\/strong> \u00c9tats-Unis<br \/>\n<strong>M\u00e9thode de culture :<\/strong> Cueillette sauvage<br \/>\n<strong>Composition :<\/strong> 100% Sabal serrulata<br \/>\n<strong>Consistance :<\/strong> Moyennement \u00e9paisse<\/p>\n<h3>Description de l&rsquo;odeur<\/h3>\n<p>Baies fra\u00eeches et piquantes avec un soup\u00e7on de baies des bois.<\/p>\n<h3>Se marie bien avec<\/h3>\n<p>Romarin, Pamplemousse, Argousier, Curcuma, Sauge, Encens, Citron, Hysope, Marjolaine, Lavande, Ylang, Bergamote, Fragonia, Sauge sclar\u00e9e et Menthe poivr\u00e9e.<\/p>\n<h3>Utilisations<\/h3>\n<p>Cr\u00e9ations culinaires. Tonique sup\u00e9rieur pour la peau et les cheveux. \u00c9quilibrer l&rsquo;\u00e9nergie masculine. Huile de massage stimulante pour le cuir chevelu. Magnifique comme huile corporelle et peut \u00eatre ajout\u00e9 \u00e0 un Best Skin Ever.<\/p>\n<p>Le palmier nain a \u00e9t\u00e9 utilis\u00e9 pour la premi\u00e8re fois par les Am\u00e9rindiens, qui en r\u00e9coltaient les baies pour cr\u00e9er des toniques pour hommes. Les colons am\u00e9ricains n&rsquo;ont pas tard\u00e9 \u00e0 suivre le mouvement, et aujourd&rsquo;hui, la scie reste le tonique de choix des Europ\u00e9ens qui cherchent \u00e0 \u00e9quilibrer l&rsquo;\u00e9nergie masculine.<\/p>\n<p>Saw Palmetto Berry Essential Oil est un \u00e9l\u00e9gant \u00e9lixir pour la peau et contient beaucoup des m\u00eames avantages et lipides affectueux que l&rsquo;huile d&rsquo;argousier. Comme l&rsquo;argousier, il maintient l&rsquo;hydratation de la peau et la rend agr\u00e9ablement pulpeuse, am\u00e9liore l&rsquo;apparence des peaux sages et prot\u00e8ge la peau des agressions de la vie quotidienne.<\/p>\n<p><strong>Taille : 5 ml et 15 ml<\/strong><\/p>\n<h3>Ingr\u00e9dients biologiques<\/h3>\n<p>100% huile essentielle de baies de palmier nain (Sabal serulata).<\/p>\n<p style=\"text-align: center;\"><em>\u00ab\u00a0Le Dr Moerck recommande l&rsquo;huile de palmier nain (extrait de CO2 supercritique). La qualit\u00e9 est extr\u00eamement importante&#8230; Selon lui, l&rsquo;extraction au CO2 supercritique est la m\u00e9thode d&rsquo;extraction la plus propre connue \u00e0 ce jour, \u00e0 part le fait de manger l&rsquo;aliment entier. Et plus la pression utilis\u00e9e est \u00e9lev\u00e9e, plus l&rsquo;huile contient de micronutriments, tels que la lut\u00e9ine, le lycop\u00e8ne, la z\u00e9axanthine et la chlorophylle. Les produits de la plus haute qualit\u00e9 sont les huiles de palmier nain biologiques extraites par voie supercritique, qui sont de couleur vert tr\u00e8s fonc\u00e9.\u00a0\u00bb<\/em><br \/>\n~ Joe Mercola<\/p>\n<p>&nbsp;<\/p>\n<p><img fetchpriority=\"high\" decoding=\"async\" class=\"size-medium wp-image-68103 aligncenter\" src=\"https:\/\/dutchhealthstore.com\/wp-content\/uploads\/2018\/02\/Living-Libations-Organic-Logo-800x89.png\" alt=\"Living Libations - Organic Logo\" width=\"800\" height=\"89\" srcset=\"https:\/\/dutchhealthstore.com\/wp-content\/uploads\/2018\/02\/Living-Libations-Organic-Logo-800x89.png 800w, https:\/\/dutchhealthstore.com\/wp-content\/uploads\/2018\/02\/Living-Libations-Organic-Logo-510x57.png 510w, https:\/\/dutchhealthstore.com\/wp-content\/uploads\/2018\/02\/Living-Libations-Organic-Logo-768x85.png 768w, https:\/\/dutchhealthstore.com\/wp-content\/uploads\/2018\/02\/Living-Libations-Organic-Logo.png 1400w\" sizes=\"(max-width: 800px) 100vw, 800px\" \/><\/p>\n","protected":false},"excerpt":{"rendered":"<p><strong>Saw Palmetto Berry Essential Oil<\/strong> est fabriqu\u00e9e par extraction supercritique, cr\u00e9ant une huile remarquablement riche et de haute qualit\u00e9. Ingr\u00e9dient lipidique de choix pour les soins de la peau, cette essence de palmier nain est \u00e9labor\u00e9e \u00e0 l&rsquo;aide de la meilleure m\u00e9thode d&rsquo;extraction pour conserver tous les phytost\u00e9rols lipophiles b\u00e9n\u00e9fiques de l&rsquo;huile.<\/p>\n","protected":false},"featured_media":107202,"comment_status":"open","ping_status":"closed","template":"","meta":[],"product_brand":[],"product_cat":[1507,6734,1211,1209,3757,6733],"product_tag":[4495],"class_list":{"0":"post-123372","1":"product","2":"type-product","3":"status-publish","4":"has-post-thumbnail","6":"product_cat-plantes-huiles-essentielles-living-libations","7":"product_cat-essential-oils","8":"product_cat-living-libations-france","9":"product_cat-par-marques","10":"product_cat-plantes-huiles-essentielles","11":"product_cat-wellness-fr-2","12":"product_tag-essential-oil-fr","13":"pa_brand-livinglibations-fr","14":"pa_essential-oils-product-type-essential-oils-fr","15":"pa_size-5-ml-fr","16":"pa_size-15-ml-fr","18":"first","19":"instock","20":"taxable","21":"shipping-taxable","22":"purchasable","23":"product-type-variable"},"bundled_by":[],"bundle_stock_status":"instock","bundle_stock_quantity":null,"bundle_virtual":false,"bundle_layout":"","bundle_add_to_cart_form_location":"","bundle_editable_in_cart":false,"bundle_sold_individually_context":"","bundle_item_grouping":"","bundle_min_size":"","bundle_max_size":"","bundle_price":[],"bundled_items":[],"bundle_sell_ids":[],"atum_controlled":true,"out_stock_date":null,"out_stock_threshold":null,"inheritable":true,"stock_on_hold":0,"sold_today":0,"sales_last_days":1,"out_stock_days":0,"lost_sales":0,"update_date":"2026-04-07T12:41:19","atum_locations":[],"atum_stock_status":"instock","restock_status":false,"low_stock_amount":"","sales_update_date":"2026-04-02T01:44:13","calc_backorders":null,"group_of_quantity":0,"min_quantity":0,"max_quantity":"","exclude_order_quantity_value_rules":"no","exclude_category_quantity_rules":"no","combine_variations":"no","yoast_head":"<!-- This site is optimized with the Yoast SEO Premium plugin v26.5 (Yoast SEO v26.5) - https:\/\/yoast.com\/wordpress\/plugins\/seo\/ -->\n<title>Saw Palmetto Berry Essential Oil | Living Libations<\/title>\n<meta name=\"description\" content=\"Saw Palmetto Berry Essential Oil est fabriqu\u00e9e par extraction supercritique, cr\u00e9ant une huile remarquablement riche et de haute qualit\u00e9.\" \/>\n<meta name=\"robots\" content=\"index, follow, max-snippet:-1, max-image-preview:large, max-video-preview:-1\" \/>\n<link rel=\"canonical\" href=\"https:\/\/dutchhealthstore.com\/fr\/product\/saw-palmetto-berry-essential-oil\/\" \/>\n<meta property=\"og:locale\" content=\"fr_FR\" \/>\n<meta property=\"og:type\" content=\"article\" \/>\n<meta property=\"og:title\" content=\"Saw Palmetto Berry Essential Oil - Dutch Health Store\" \/>\n<meta property=\"og:description\" content=\"Saw Palmetto Berry Essential Oil est fabriqu\u00e9e par extraction supercritique, cr\u00e9ant une huile remarquablement riche et de haute qualit\u00e9.\" \/>\n<meta property=\"og:url\" content=\"https:\/\/dutchhealthstore.com\/fr\/product\/saw-palmetto-berry-essential-oil\/\" \/>\n<meta property=\"og:site_name\" content=\"Dutch Health Store\" \/>\n<meta property=\"article:publisher\" content=\"https:\/\/www.instagram.com\/dutchhealthstore\/\" \/>\n<meta property=\"article:modified_time\" content=\"2025-12-23T08:39:02+00:00\" \/>\n<meta property=\"og:image\" content=\"https:\/\/dutchhealthstore.com\/wp-content\/uploads\/2020\/06\/living-libations-saw-palmetto-berry-essential-oil-e1592229294294.jpg\" \/>\n\t<meta property=\"og:image:width\" content=\"500\" \/>\n\t<meta property=\"og:image:height\" content=\"500\" \/>\n\t<meta property=\"og:image:type\" content=\"image\/jpeg\" \/>\n<meta name=\"twitter:card\" content=\"summary_large_image\" \/>\n<meta name=\"twitter:label1\" content=\"Disponibilit\u00e9\" \/>\n\t<meta name=\"twitter:data1\" content=\"En stock\" \/>\n<script type=\"application\/ld+json\" class=\"yoast-schema-graph\">{\"@context\":\"https:\/\/schema.org\",\"@graph\":[{\"@type\":\"WebPage\",\"@id\":\"https:\/\/dutchhealthstore.com\/fr\/product\/saw-palmetto-berry-essential-oil\/\",\"url\":\"https:\/\/dutchhealthstore.com\/fr\/product\/saw-palmetto-berry-essential-oil\/\",\"name\":\"Saw Palmetto Berry Essential Oil | Living Libations\",\"isPartOf\":{\"@id\":\"https:\/\/dutchhealthstore.com\/fr\/#website\"},\"primaryImageOfPage\":{\"@id\":\"https:\/\/dutchhealthstore.com\/fr\/product\/saw-palmetto-berry-essential-oil\/#primaryimage\"},\"image\":{\"@id\":\"https:\/\/dutchhealthstore.com\/fr\/product\/saw-palmetto-berry-essential-oil\/#primaryimage\"},\"thumbnailUrl\":\"https:\/\/dutchhealthstore.com\/wp-content\/uploads\/2020\/06\/living-libations-saw-palmetto-berry-essential-oil-e1592229294294.jpg\",\"datePublished\":\"2020-06-15T11:52:39+00:00\",\"dateModified\":\"2025-12-23T08:39:02+00:00\",\"description\":\"Saw Palmetto Berry Essential Oil est fabriqu\u00e9e par extraction supercritique, cr\u00e9ant une huile remarquablement riche et de haute qualit\u00e9.\",\"breadcrumb\":{\"@id\":\"https:\/\/dutchhealthstore.com\/fr\/product\/saw-palmetto-berry-essential-oil\/#breadcrumb\"},\"inLanguage\":\"fr-FR\",\"potentialAction\":[{\"@type\":\"ReadAction\",\"target\":[\"https:\/\/dutchhealthstore.com\/fr\/product\/saw-palmetto-berry-essential-oil\/\"]}]},{\"@type\":\"ImageObject\",\"inLanguage\":\"fr-FR\",\"@id\":\"https:\/\/dutchhealthstore.com\/fr\/product\/saw-palmetto-berry-essential-oil\/#primaryimage\",\"url\":\"https:\/\/dutchhealthstore.com\/wp-content\/uploads\/2020\/06\/living-libations-saw-palmetto-berry-essential-oil-e1592229294294.jpg\",\"contentUrl\":\"https:\/\/dutchhealthstore.com\/wp-content\/uploads\/2020\/06\/living-libations-saw-palmetto-berry-essential-oil-e1592229294294.jpg\",\"width\":500,\"height\":500},{\"@type\":\"BreadcrumbList\",\"@id\":\"https:\/\/dutchhealthstore.com\/fr\/product\/saw-palmetto-berry-essential-oil\/#breadcrumb\",\"itemListElement\":[{\"@type\":\"ListItem\",\"position\":1,\"name\":\"Home\",\"item\":\"https:\/\/dutchhealthstore.com\/fr\/\"},{\"@type\":\"ListItem\",\"position\":2,\"name\":\"Shop\",\"item\":\"https:\/\/dutchhealthstore.com\/fr\/shop\/\"},{\"@type\":\"ListItem\",\"position\":3,\"name\":\"Saw Palmetto Berry Essential Oil\"}]},{\"@type\":\"WebSite\",\"@id\":\"https:\/\/dutchhealthstore.com\/fr\/#website\",\"url\":\"https:\/\/dutchhealthstore.com\/fr\/\",\"name\":\"Dutch Health Store\",\"description\":\"Enhance Your Beauty with Organic &amp; Natural Skincare\",\"publisher\":{\"@id\":\"https:\/\/dutchhealthstore.com\/fr\/#organization\"},\"potentialAction\":[{\"@type\":\"SearchAction\",\"target\":{\"@type\":\"EntryPoint\",\"urlTemplate\":\"https:\/\/dutchhealthstore.com\/fr\/?s={search_term_string}\"},\"query-input\":{\"@type\":\"PropertyValueSpecification\",\"valueRequired\":true,\"valueName\":\"search_term_string\"}}],\"inLanguage\":\"fr-FR\"},{\"@type\":\"Organization\",\"@id\":\"https:\/\/dutchhealthstore.com\/fr\/#organization\",\"name\":\"Dutch Health Store\",\"url\":\"https:\/\/dutchhealthstore.com\/fr\/\",\"logo\":{\"@type\":\"ImageObject\",\"inLanguage\":\"fr-FR\",\"@id\":\"https:\/\/dutchhealthstore.com\/fr\/#\/schema\/logo\/image\/\",\"url\":\"https:\/\/dutchhealthstore.com\/wp-content\/uploads\/2020\/08\/logo-dutchhealthstore-jpg-e1599484957574.jpg\",\"contentUrl\":\"https:\/\/dutchhealthstore.com\/wp-content\/uploads\/2020\/08\/logo-dutchhealthstore-jpg-e1599484957574.jpg\",\"width\":400,\"height\":62,\"caption\":\"Dutch Health Store\"},\"image\":{\"@id\":\"https:\/\/dutchhealthstore.com\/fr\/#\/schema\/logo\/image\/\"},\"sameAs\":[\"https:\/\/www.instagram.com\/dutchhealthstore\/\",\"https:\/\/www.facebook.com\/dutchhealthstore\"]}]}<\/script>\n<meta property=\"product:brand\" content=\"Living Libations\" \/>\n<meta property=\"og:availability\" content=\"instock\" \/>\n<meta property=\"product:availability\" content=\"instock\" \/>\n<meta property=\"product:condition\" content=\"new\" \/>\n<!-- \/ Yoast SEO Premium plugin. -->","yoast_head_json":{"title":"Saw Palmetto Berry Essential Oil | Living Libations","description":"Saw Palmetto Berry Essential Oil est fabriqu\u00e9e par extraction supercritique, cr\u00e9ant une huile remarquablement riche et de haute qualit\u00e9.","robots":{"index":"index","follow":"follow","max-snippet":"max-snippet:-1","max-image-preview":"max-image-preview:large","max-video-preview":"max-video-preview:-1"},"canonical":"https:\/\/dutchhealthstore.com\/fr\/product\/saw-palmetto-berry-essential-oil\/","og_locale":"fr_FR","og_type":"article","og_title":"Saw Palmetto Berry Essential Oil - Dutch Health Store","og_description":"Saw Palmetto Berry Essential Oil est fabriqu\u00e9e par extraction supercritique, cr\u00e9ant une huile remarquablement riche et de haute qualit\u00e9.","og_url":"https:\/\/dutchhealthstore.com\/fr\/product\/saw-palmetto-berry-essential-oil\/","og_site_name":"Dutch Health Store","article_publisher":"https:\/\/www.instagram.com\/dutchhealthstore\/","article_modified_time":"2025-12-23T08:39:02+00:00","og_image":[{"width":500,"height":500,"url":"https:\/\/dutchhealthstore.com\/wp-content\/uploads\/2020\/06\/living-libations-saw-palmetto-berry-essential-oil-e1592229294294.jpg","type":"image\/jpeg"}],"twitter_card":"summary_large_image","twitter_misc":{"Disponibilit\u00e9":"En stock"},"schema":{"@context":"https:\/\/schema.org","@graph":[{"@type":"WebPage","@id":"https:\/\/dutchhealthstore.com\/fr\/product\/saw-palmetto-berry-essential-oil\/","url":"https:\/\/dutchhealthstore.com\/fr\/product\/saw-palmetto-berry-essential-oil\/","name":"Saw Palmetto Berry Essential Oil | Living Libations","isPartOf":{"@id":"https:\/\/dutchhealthstore.com\/fr\/#website"},"primaryImageOfPage":{"@id":"https:\/\/dutchhealthstore.com\/fr\/product\/saw-palmetto-berry-essential-oil\/#primaryimage"},"image":{"@id":"https:\/\/dutchhealthstore.com\/fr\/product\/saw-palmetto-berry-essential-oil\/#primaryimage"},"thumbnailUrl":"https:\/\/dutchhealthstore.com\/wp-content\/uploads\/2020\/06\/living-libations-saw-palmetto-berry-essential-oil-e1592229294294.jpg","datePublished":"2020-06-15T11:52:39+00:00","dateModified":"2025-12-23T08:39:02+00:00","description":"Saw Palmetto Berry Essential Oil est fabriqu\u00e9e par extraction supercritique, cr\u00e9ant une huile remarquablement riche et de haute qualit\u00e9.","breadcrumb":{"@id":"https:\/\/dutchhealthstore.com\/fr\/product\/saw-palmetto-berry-essential-oil\/#breadcrumb"},"inLanguage":"fr-FR","potentialAction":[{"@type":"ReadAction","target":["https:\/\/dutchhealthstore.com\/fr\/product\/saw-palmetto-berry-essential-oil\/"]}]},{"@type":"ImageObject","inLanguage":"fr-FR","@id":"https:\/\/dutchhealthstore.com\/fr\/product\/saw-palmetto-berry-essential-oil\/#primaryimage","url":"https:\/\/dutchhealthstore.com\/wp-content\/uploads\/2020\/06\/living-libations-saw-palmetto-berry-essential-oil-e1592229294294.jpg","contentUrl":"https:\/\/dutchhealthstore.com\/wp-content\/uploads\/2020\/06\/living-libations-saw-palmetto-berry-essential-oil-e1592229294294.jpg","width":500,"height":500},{"@type":"BreadcrumbList","@id":"https:\/\/dutchhealthstore.com\/fr\/product\/saw-palmetto-berry-essential-oil\/#breadcrumb","itemListElement":[{"@type":"ListItem","position":1,"name":"Home","item":"https:\/\/dutchhealthstore.com\/fr\/"},{"@type":"ListItem","position":2,"name":"Shop","item":"https:\/\/dutchhealthstore.com\/fr\/shop\/"},{"@type":"ListItem","position":3,"name":"Saw Palmetto Berry Essential Oil"}]},{"@type":"WebSite","@id":"https:\/\/dutchhealthstore.com\/fr\/#website","url":"https:\/\/dutchhealthstore.com\/fr\/","name":"Dutch Health Store","description":"Enhance Your Beauty with Organic &amp; Natural Skincare","publisher":{"@id":"https:\/\/dutchhealthstore.com\/fr\/#organization"},"potentialAction":[{"@type":"SearchAction","target":{"@type":"EntryPoint","urlTemplate":"https:\/\/dutchhealthstore.com\/fr\/?s={search_term_string}"},"query-input":{"@type":"PropertyValueSpecification","valueRequired":true,"valueName":"search_term_string"}}],"inLanguage":"fr-FR"},{"@type":"Organization","@id":"https:\/\/dutchhealthstore.com\/fr\/#organization","name":"Dutch Health Store","url":"https:\/\/dutchhealthstore.com\/fr\/","logo":{"@type":"ImageObject","inLanguage":"fr-FR","@id":"https:\/\/dutchhealthstore.com\/fr\/#\/schema\/logo\/image\/","url":"https:\/\/dutchhealthstore.com\/wp-content\/uploads\/2020\/08\/logo-dutchhealthstore-jpg-e1599484957574.jpg","contentUrl":"https:\/\/dutchhealthstore.com\/wp-content\/uploads\/2020\/08\/logo-dutchhealthstore-jpg-e1599484957574.jpg","width":400,"height":62,"caption":"Dutch Health Store"},"image":{"@id":"https:\/\/dutchhealthstore.com\/fr\/#\/schema\/logo\/image\/"},"sameAs":["https:\/\/www.instagram.com\/dutchhealthstore\/","https:\/\/www.facebook.com\/dutchhealthstore"]}]},"product_brand":"Living Libations","og_availability":"instock","product_availability":"instock","product_condition":"new"},"_links":{"self":[{"href":"https:\/\/dutchhealthstore.com\/fr\/wp-json\/wp\/v2\/product\/123372","targetHints":{"allow":["GET"]}}],"collection":[{"href":"https:\/\/dutchhealthstore.com\/fr\/wp-json\/wp\/v2\/product"}],"about":[{"href":"https:\/\/dutchhealthstore.com\/fr\/wp-json\/wp\/v2\/types\/product"}],"replies":[{"embeddable":true,"href":"https:\/\/dutchhealthstore.com\/fr\/wp-json\/wp\/v2\/comments?post=123372"}],"wp:featuredmedia":[{"embeddable":true,"href":"https:\/\/dutchhealthstore.com\/fr\/wp-json\/wp\/v2\/media\/107202"}],"wp:attachment":[{"href":"https:\/\/dutchhealthstore.com\/fr\/wp-json\/wp\/v2\/media?parent=123372"}],"wp:term":[{"taxonomy":"product_brand","embeddable":true,"href":"https:\/\/dutchhealthstore.com\/fr\/wp-json\/wp\/v2\/product_brand?post=123372"},{"taxonomy":"product_cat","embeddable":true,"href":"https:\/\/dutchhealthstore.com\/fr\/wp-json\/wp\/v2\/product_cat?post=123372"},{"taxonomy":"product_tag","embeddable":true,"href":"https:\/\/dutchhealthstore.com\/fr\/wp-json\/wp\/v2\/product_tag?post=123372"}],"curies":[{"name":"wp","href":"https:\/\/api.w.org\/{rel}","templated":true}]}}