{"id":123356,"date":"2020-06-25T13:36:53","date_gmt":"2020-06-25T11:36:53","guid":{"rendered":"https:\/\/dutchhealthstore.com\/product\/sandalwood-royal-hawaiian-essential-oil\/"},"modified":"2024-07-18T09:10:58","modified_gmt":"2024-07-18T07:10:58","slug":"sandalwood-royal-hawaiian-essential-oil","status":"publish","type":"product","link":"https:\/\/dutchhealthstore.com\/fr\/product\/sandalwood-royal-hawaiian-essential-oil\/","title":{"rendered":"Sandalwood, Royal Hawaiian Essential Oil"},"content":{"rendered":"<h3><img decoding=\"async\" class=\"size-full wp-image-69549 alignright\" src=\"https:\/\/dutchhealthstore.com\/wp-content\/uploads\/2019\/08\/NEW-Living-Libations-Logo.jpg\" alt=\"NEW - Living Libations - Logo\" width=\"175\" height=\"82\"><\/h3>\n<p><strong>Nom botanique :<\/strong> Santalum paniculatum<br \/>\n<strong>Famille botanique :<\/strong> Santalaceae<br \/>\n<strong>M\u00e9thode d&rsquo;extraction :<\/strong> Distillation \u00e0 la vapeur<br \/>\n<strong>Partie de la plante distill\u00e9e :<\/strong> Bois<br \/>\n<strong>Pays d&rsquo;origine :<\/strong> \u00c9tats-Unis, Hawaii<br \/>\n<strong>M\u00e9thode de culture :<\/strong> R\u00e9colte \u00e9thique<br \/>\n<strong>Composition :<\/strong> 100% Santalum paniculatum<br \/>\n<strong>Consistance :<\/strong> \u00c9paisse mais versable<\/p>\n<h3>Description de l&rsquo;odeur<\/h3>\n<p>Bois de c\u0153ur riche, noisette, cors\u00e9, avec une finale \u00e9th\u00e9r\u00e9e, cr\u00e9meuse et sensuelle.<\/p>\n<h3>Dans Living Libations<\/h3>\n<p>Neroli Poetic Pits.<\/p>\n<h3>Se marie bien avec<\/h3>\n<p>Rose, N\u00e9roli, Encens, tous les agrumes. Il est \u00e9l\u00e9gant avec n&rsquo;importe quelle huile essentielle car c&rsquo;est un fixateur sans \u00e9gal pour la parfumerie naturel depuis l&rsquo;Antiquit\u00e9.<\/p>\n<h3>Utilisations<\/h3>\n<p>Un fixateur de parfum de premier ordre. Hydratant et tonique sublime pour la peau qui adoucit l&rsquo;apparence des lignes fines, des cicatrices, des taches et de la texture de la peau. Conditionneur de cheveux. J&rsquo;adore le liniment. D\u00e9odorant Divine (appliquer une goutte pour charmer chaque aisselle). R\u00eaveur dans les bains et avant le coucher.<\/p>\n<a href=\"https:\/\/dutchhealthstore.com\/wp-content\/uploads\/2020\/06\/ANALYSIS-Sandalwood-Royal-Hawaiian-Essential-Oil-Living-Libations.pdf\" class=\"button primary is-primary is-small\"  >\n\t\t<span>ANALYSE DES HUILES ESSENTIELLES &gt;<\/span>\n\t<\/a>\n\n<p>L&rsquo;onguent offert par ces arbres anciens est sacr\u00e9, sensuel, sublime et serein. Contrairement au bois de santal ordinaire, le Santalum paniculatum a des notes volcaniques distinctes qui \u00e9voquent des images de paysages montagneux insulaires, de vagues bleues clapotantes et de milliers d&rsquo;hectares d&rsquo;arbres florissants qui se balancent.<\/p>\n<p>Cette huile opulente est le fruit d&rsquo;un projet de reforestation du bois de santal hawa\u00efen qui permet de sauver les arbres de santal menac\u00e9s d&rsquo;extinction. Le bois de santal royal hawa\u00efen est r\u00e9colt\u00e9 uniquement sur des arbres qui arrivent naturel\u00e0 la fin de leur cycle de vie, et vingt arbres sont plant\u00e9s pour chaque arbre r\u00e9colt\u00e9. Dans d&rsquo;autres r\u00e9gions, ces arbres sont r\u00e9colt\u00e9s fr\u00e9quemment et, dans de nombreux cas, ill\u00e9galement. Cette r\u00e9colte ill\u00e9gale entra\u00eene une culture excessive, des huiles de mauvaise qualit\u00e9 et la quasi-extinction de ces arbres bienveillants dans le monde entier. (Notre bois de santal du Vanuatu est r\u00e9colt\u00e9 de mani\u00e8re \u00e9thique et est tr\u00e8s beau, mais ce bois de santal hawa\u00efen est tr\u00e8s sp\u00e9cial). Notre distillateur a multipli\u00e9 par 50 la population d&rsquo;arbres de bois de santal au cours des trois derni\u00e8res ann\u00e9es seulement. Chaque arbre qui est r\u00e9colt\u00e9 pour l&rsquo;huile est choisi parce qu&rsquo;il est d\u00e9j\u00e0 \u00e0 la fin de son cycle de vie.<\/p>\n<p>Royal Hawaiian Sandalwood Essential Oil c\u00e9leste combine 4 000 ans de sagesse ancienne avec l&rsquo;essence g\u00e9n\u00e9reuse de la durabilit\u00e9 moderne. Le cycle de vie naturel de chaque arbre r\u00e9colt\u00e9 est exsud\u00e9 dans l&rsquo;extrait bienfaisant, dont la puret\u00e9 b\u00e9nit la beaut\u00e9 de la peau et apaise les \u00e9motions de tristesse et de chagrin. Alors que l&rsquo;ancien arbre de santal hawa\u00efen rend son dernier souffle, son cadeau d&rsquo;adieu est un rappel odorant de notre propre \u00e9tat naturel: une joie abondante et un esprit \u00e9ternel.<\/p>\n<p>Cette huile superbe est un \u00e9mollient secret de beaut\u00e9 des femmes des \u00e9poques anciennes. Le bois de santal royal hawa\u00efen peut \u00eatre utilis\u00e9 comme un parfum sensuel, un d\u00e9odorant divin, une huile hydratante pour tout le corps ou un traitement en profondeur des cheveux qui laissera les cheveux assoiff\u00e9s, brillants, doux et rassasi\u00e9s.<\/p>\n<p><strong>Taille : 5 ml, 15 ml et 30 ml<\/strong><\/p>\n<h3>Ingr\u00e9dients biologiques<\/h3>\n<p>Huile essentielle de bois de santal royal (Santalum paniculatum) 100% hawa\u00efenne.<\/p>\n<p style=\"text-align: center;\"><em>\u00ab\u00a0L&rsquo;effet calmant, harmonisant et \u00e9quilibrant du bois de santal agit comme des vagues lentes et profondes.\u00a0\u00bb<\/em><br \/>\n~ Suzanne Fischer-Rizzi, <strong>The Complete Aromatherapy Handbook<\/strong><\/p>\n<p><img fetchpriority=\"high\" decoding=\"async\" class=\"size-medium wp-image-68103 aligncenter\" src=\"https:\/\/dutchhealthstore.com\/wp-content\/uploads\/2018\/02\/Living-Libations-Organic-Logo-800x89.png\" alt=\"Living Libations - Organic Logo\" width=\"800\" height=\"89\" srcset=\"https:\/\/dutchhealthstore.com\/wp-content\/uploads\/2018\/02\/Living-Libations-Organic-Logo-800x89.png 800w, https:\/\/dutchhealthstore.com\/wp-content\/uploads\/2018\/02\/Living-Libations-Organic-Logo-510x57.png 510w, https:\/\/dutchhealthstore.com\/wp-content\/uploads\/2018\/02\/Living-Libations-Organic-Logo-768x85.png 768w, https:\/\/dutchhealthstore.com\/wp-content\/uploads\/2018\/02\/Living-Libations-Organic-Logo.png 1400w\" sizes=\"(max-width: 800px) 100vw, 800px\" \/><\/p>\n","protected":false},"excerpt":{"rendered":"<p>Il s&rsquo;agit de Living Libations le plus r\u00eaveur, le plus cr\u00e9meux des <strong> Sandalwood Essential Oil<\/strong>! R\u00e9colt\u00e9e de mani\u00e8re \u00e9thique dans le cadre d&rsquo;un projet de reforestation durable \u00e0 Hawa\u00ef, cette essence exquise est disponible pour la premi\u00e8re fois en plus de 200 ans.<br \/>\nCe bois de santal sp\u00e9cifique est une essence \u00e9th\u00e9r\u00e9e sereine et cors\u00e9e qui chuchote la sagesse de son h\u00f4te majestueux et ancien bois de c\u0153ur.<br \/>\nCette huile sacr\u00e9e et sensuelle \u00e9voque la d\u00e9votion et la puret\u00e9 de la pr\u00e9sence.<br \/>\nSon ar\u00f4me onctueux est l&rsquo;une des substances les plus v\u00e9n\u00e9r\u00e9es pour les soins de la peau et la m\u00e9diation depuis l&rsquo;Antiquit\u00e9 &#8211; une seule bouff\u00e9e de cette exhalaison exalt\u00e9e de l&rsquo;arbre de Santal \u00e9l\u00e8vera votre esprit \u00e0 la noblesse.<\/p>\n","protected":false},"featured_media":109127,"comment_status":"open","ping_status":"closed","template":"","meta":[],"product_brand":[],"product_cat":[1507,6734,1211,1209,3757,6733],"product_tag":[4495],"class_list":{"0":"post-123356","1":"product","2":"type-product","3":"status-publish","4":"has-post-thumbnail","6":"product_cat-plantes-huiles-essentielles-living-libations","7":"product_cat-essential-oils","8":"product_cat-living-libations-france","9":"product_cat-par-marques","10":"product_cat-plantes-huiles-essentielles","11":"product_cat-wellness-fr-2","12":"product_tag-essential-oil-fr","13":"pa_brand-livinglibations-fr","14":"pa_essential-oils-product-type-essential-oils-fr","15":"pa_size-5-ml-fr","17":"first","18":"instock","19":"taxable","20":"shipping-taxable","21":"purchasable","22":"product-type-simple"},"bundled_by":[],"bundle_stock_status":"instock","bundle_stock_quantity":1,"bundle_virtual":false,"bundle_layout":"","bundle_add_to_cart_form_location":"","bundle_editable_in_cart":false,"bundle_sold_individually_context":"","bundle_item_grouping":"","bundle_min_size":"","bundle_max_size":"","bundle_price":[],"bundled_items":[],"bundle_sell_ids":[],"atum_controlled":true,"out_stock_date":null,"out_stock_threshold":null,"inheritable":false,"stock_on_hold":0,"sold_today":0,"sales_last_days":0,"out_stock_days":0,"lost_sales":0,"update_date":"2026-04-13T10:08:46","atum_locations":[],"atum_stock_status":"instock","restock_status":false,"low_stock_amount":"","sales_update_date":"2026-04-13T10:08:46","calc_backorders":null,"group_of_quantity":0,"min_quantity":0,"max_quantity":"","exclude_order_quantity_value_rules":"no","exclude_category_quantity_rules":"no","combine_variations":"no","yoast_head":"<!-- This site is optimized with the Yoast SEO Premium plugin v26.5 (Yoast SEO v26.5) - https:\/\/yoast.com\/wordpress\/plugins\/seo\/ -->\n<title>Sandalwood, Royal Hawaiian Essential Oil | Living Libations<\/title>\n<meta name=\"description\" content=\"R\u00e9colt\u00e9e de mani\u00e8re \u00e9thique dans le cadre d&#039;un projet de reforestation durable \u00e0 Hawa\u00ef, cette essence exquise est disponible pour la premi\u00e8re fois depuis plus de 200 ans.\" \/>\n<meta name=\"robots\" content=\"index, follow, max-snippet:-1, max-image-preview:large, max-video-preview:-1\" \/>\n<link rel=\"canonical\" href=\"https:\/\/dutchhealthstore.com\/fr\/product\/sandalwood-royal-hawaiian-essential-oil\/\" \/>\n<meta property=\"og:locale\" content=\"fr_FR\" \/>\n<meta property=\"og:type\" content=\"article\" \/>\n<meta property=\"og:title\" content=\"Sandalwood, Royal Hawaiian Essential Oil - Dutch Health Store\" \/>\n<meta property=\"og:description\" content=\"R\u00e9colt\u00e9e de mani\u00e8re \u00e9thique dans le cadre d&#039;un projet de reforestation durable \u00e0 Hawa\u00ef, cette essence exquise est disponible pour la premi\u00e8re fois depuis plus de 200 ans.\" \/>\n<meta property=\"og:url\" content=\"https:\/\/dutchhealthstore.com\/fr\/product\/sandalwood-royal-hawaiian-essential-oil\/\" \/>\n<meta property=\"og:site_name\" content=\"Dutch Health Store\" \/>\n<meta property=\"article:publisher\" content=\"https:\/\/www.instagram.com\/dutchhealthstore\/\" \/>\n<meta property=\"article:modified_time\" content=\"2024-07-18T07:10:58+00:00\" \/>\n<meta property=\"og:image\" content=\"https:\/\/dutchhealthstore.com\/wp-content\/uploads\/2020\/06\/Living-Libations-Sandalwood-Royal-Hawaiian-Essential-Oil-e1593090922172.jpg\" \/>\n\t<meta property=\"og:image:width\" content=\"500\" \/>\n\t<meta property=\"og:image:height\" content=\"500\" \/>\n\t<meta property=\"og:image:type\" content=\"image\/jpeg\" \/>\n<meta name=\"twitter:card\" content=\"summary_large_image\" \/>\n<meta name=\"twitter:label1\" content=\"Prix\" \/>\n\t<meta name=\"twitter:data1\" content=\"&euro;110,00\" \/>\n\t<meta name=\"twitter:label2\" content=\"Disponibilit\u00e9\" \/>\n\t<meta name=\"twitter:data2\" content=\"En stock\" \/>\n<script type=\"application\/ld+json\" class=\"yoast-schema-graph\">{\"@context\":\"https:\/\/schema.org\",\"@graph\":[{\"@type\":\"WebPage\",\"@id\":\"https:\/\/dutchhealthstore.com\/fr\/product\/sandalwood-royal-hawaiian-essential-oil\/\",\"url\":\"https:\/\/dutchhealthstore.com\/fr\/product\/sandalwood-royal-hawaiian-essential-oil\/\",\"name\":\"Sandalwood, Royal Hawaiian Essential Oil | Living Libations\",\"isPartOf\":{\"@id\":\"https:\/\/dutchhealthstore.com\/fr\/#website\"},\"primaryImageOfPage\":{\"@id\":\"https:\/\/dutchhealthstore.com\/fr\/product\/sandalwood-royal-hawaiian-essential-oil\/#primaryimage\"},\"image\":{\"@id\":\"https:\/\/dutchhealthstore.com\/fr\/product\/sandalwood-royal-hawaiian-essential-oil\/#primaryimage\"},\"thumbnailUrl\":\"https:\/\/dutchhealthstore.com\/wp-content\/uploads\/2020\/06\/Living-Libations-Sandalwood-Royal-Hawaiian-Essential-Oil-e1593090922172.jpg\",\"datePublished\":\"2020-06-25T11:36:53+00:00\",\"dateModified\":\"2024-07-18T07:10:58+00:00\",\"description\":\"R\u00e9colt\u00e9e de mani\u00e8re \u00e9thique dans le cadre d'un projet de reforestation durable \u00e0 Hawa\u00ef, cette essence exquise est disponible pour la premi\u00e8re fois depuis plus de 200 ans.\",\"breadcrumb\":{\"@id\":\"https:\/\/dutchhealthstore.com\/fr\/product\/sandalwood-royal-hawaiian-essential-oil\/#breadcrumb\"},\"inLanguage\":\"fr-FR\",\"potentialAction\":[{\"@type\":\"ReadAction\",\"target\":[\"https:\/\/dutchhealthstore.com\/fr\/product\/sandalwood-royal-hawaiian-essential-oil\/\"]}]},{\"@type\":\"ImageObject\",\"inLanguage\":\"fr-FR\",\"@id\":\"https:\/\/dutchhealthstore.com\/fr\/product\/sandalwood-royal-hawaiian-essential-oil\/#primaryimage\",\"url\":\"https:\/\/dutchhealthstore.com\/wp-content\/uploads\/2020\/06\/Living-Libations-Sandalwood-Royal-Hawaiian-Essential-Oil-e1593090922172.jpg\",\"contentUrl\":\"https:\/\/dutchhealthstore.com\/wp-content\/uploads\/2020\/06\/Living-Libations-Sandalwood-Royal-Hawaiian-Essential-Oil-e1593090922172.jpg\",\"width\":500,\"height\":500,\"caption\":\"Living Libations Sandalwood Royal Essential Oil\"},{\"@type\":\"BreadcrumbList\",\"@id\":\"https:\/\/dutchhealthstore.com\/fr\/product\/sandalwood-royal-hawaiian-essential-oil\/#breadcrumb\",\"itemListElement\":[{\"@type\":\"ListItem\",\"position\":1,\"name\":\"Home\",\"item\":\"https:\/\/dutchhealthstore.com\/fr\/\"},{\"@type\":\"ListItem\",\"position\":2,\"name\":\"Shop\",\"item\":\"https:\/\/dutchhealthstore.com\/fr\/shop\/\"},{\"@type\":\"ListItem\",\"position\":3,\"name\":\"Sandalwood, Royal Hawaiian Essential Oil\"}]},{\"@type\":\"WebSite\",\"@id\":\"https:\/\/dutchhealthstore.com\/fr\/#website\",\"url\":\"https:\/\/dutchhealthstore.com\/fr\/\",\"name\":\"Dutch Health Store\",\"description\":\"Enhance Your Beauty with Organic &amp; Natural Skincare\",\"publisher\":{\"@id\":\"https:\/\/dutchhealthstore.com\/fr\/#organization\"},\"potentialAction\":[{\"@type\":\"SearchAction\",\"target\":{\"@type\":\"EntryPoint\",\"urlTemplate\":\"https:\/\/dutchhealthstore.com\/fr\/?s={search_term_string}\"},\"query-input\":{\"@type\":\"PropertyValueSpecification\",\"valueRequired\":true,\"valueName\":\"search_term_string\"}}],\"inLanguage\":\"fr-FR\"},{\"@type\":\"Organization\",\"@id\":\"https:\/\/dutchhealthstore.com\/fr\/#organization\",\"name\":\"Dutch Health Store\",\"url\":\"https:\/\/dutchhealthstore.com\/fr\/\",\"logo\":{\"@type\":\"ImageObject\",\"inLanguage\":\"fr-FR\",\"@id\":\"https:\/\/dutchhealthstore.com\/fr\/#\/schema\/logo\/image\/\",\"url\":\"https:\/\/dutchhealthstore.com\/wp-content\/uploads\/2020\/08\/logo-dutchhealthstore-jpg-e1599484957574.jpg\",\"contentUrl\":\"https:\/\/dutchhealthstore.com\/wp-content\/uploads\/2020\/08\/logo-dutchhealthstore-jpg-e1599484957574.jpg\",\"width\":400,\"height\":62,\"caption\":\"Dutch Health Store\"},\"image\":{\"@id\":\"https:\/\/dutchhealthstore.com\/fr\/#\/schema\/logo\/image\/\"},\"sameAs\":[\"https:\/\/www.instagram.com\/dutchhealthstore\/\",\"https:\/\/www.facebook.com\/dutchhealthstore\"]}]}<\/script>\n<meta property=\"product:brand\" content=\"Living Libations\" \/>\n<meta property=\"product:price:amount\" content=\"110.00\" \/>\n<meta property=\"product:price:currency\" content=\"EUR\" \/>\n<meta property=\"og:availability\" content=\"instock\" \/>\n<meta property=\"product:availability\" content=\"instock\" \/>\n<meta property=\"product:condition\" content=\"new\" \/>\n<!-- \/ Yoast SEO Premium plugin. -->","yoast_head_json":{"title":"Sandalwood, Royal Hawaiian Essential Oil | Living Libations","description":"R\u00e9colt\u00e9e de mani\u00e8re \u00e9thique dans le cadre d'un projet de reforestation durable \u00e0 Hawa\u00ef, cette essence exquise est disponible pour la premi\u00e8re fois depuis plus de 200 ans.","robots":{"index":"index","follow":"follow","max-snippet":"max-snippet:-1","max-image-preview":"max-image-preview:large","max-video-preview":"max-video-preview:-1"},"canonical":"https:\/\/dutchhealthstore.com\/fr\/product\/sandalwood-royal-hawaiian-essential-oil\/","og_locale":"fr_FR","og_type":"article","og_title":"Sandalwood, Royal Hawaiian Essential Oil - Dutch Health Store","og_description":"R\u00e9colt\u00e9e de mani\u00e8re \u00e9thique dans le cadre d'un projet de reforestation durable \u00e0 Hawa\u00ef, cette essence exquise est disponible pour la premi\u00e8re fois depuis plus de 200 ans.","og_url":"https:\/\/dutchhealthstore.com\/fr\/product\/sandalwood-royal-hawaiian-essential-oil\/","og_site_name":"Dutch Health Store","article_publisher":"https:\/\/www.instagram.com\/dutchhealthstore\/","article_modified_time":"2024-07-18T07:10:58+00:00","og_image":[{"width":500,"height":500,"url":"https:\/\/dutchhealthstore.com\/wp-content\/uploads\/2020\/06\/Living-Libations-Sandalwood-Royal-Hawaiian-Essential-Oil-e1593090922172.jpg","type":"image\/jpeg"}],"twitter_card":"summary_large_image","twitter_misc":{"Prix":"&euro;110,00","Disponibilit\u00e9":"En stock"},"schema":{"@context":"https:\/\/schema.org","@graph":[{"@type":"WebPage","@id":"https:\/\/dutchhealthstore.com\/fr\/product\/sandalwood-royal-hawaiian-essential-oil\/","url":"https:\/\/dutchhealthstore.com\/fr\/product\/sandalwood-royal-hawaiian-essential-oil\/","name":"Sandalwood, Royal Hawaiian Essential Oil | Living Libations","isPartOf":{"@id":"https:\/\/dutchhealthstore.com\/fr\/#website"},"primaryImageOfPage":{"@id":"https:\/\/dutchhealthstore.com\/fr\/product\/sandalwood-royal-hawaiian-essential-oil\/#primaryimage"},"image":{"@id":"https:\/\/dutchhealthstore.com\/fr\/product\/sandalwood-royal-hawaiian-essential-oil\/#primaryimage"},"thumbnailUrl":"https:\/\/dutchhealthstore.com\/wp-content\/uploads\/2020\/06\/Living-Libations-Sandalwood-Royal-Hawaiian-Essential-Oil-e1593090922172.jpg","datePublished":"2020-06-25T11:36:53+00:00","dateModified":"2024-07-18T07:10:58+00:00","description":"R\u00e9colt\u00e9e de mani\u00e8re \u00e9thique dans le cadre d'un projet de reforestation durable \u00e0 Hawa\u00ef, cette essence exquise est disponible pour la premi\u00e8re fois depuis plus de 200 ans.","breadcrumb":{"@id":"https:\/\/dutchhealthstore.com\/fr\/product\/sandalwood-royal-hawaiian-essential-oil\/#breadcrumb"},"inLanguage":"fr-FR","potentialAction":[{"@type":"ReadAction","target":["https:\/\/dutchhealthstore.com\/fr\/product\/sandalwood-royal-hawaiian-essential-oil\/"]}]},{"@type":"ImageObject","inLanguage":"fr-FR","@id":"https:\/\/dutchhealthstore.com\/fr\/product\/sandalwood-royal-hawaiian-essential-oil\/#primaryimage","url":"https:\/\/dutchhealthstore.com\/wp-content\/uploads\/2020\/06\/Living-Libations-Sandalwood-Royal-Hawaiian-Essential-Oil-e1593090922172.jpg","contentUrl":"https:\/\/dutchhealthstore.com\/wp-content\/uploads\/2020\/06\/Living-Libations-Sandalwood-Royal-Hawaiian-Essential-Oil-e1593090922172.jpg","width":500,"height":500,"caption":"Living Libations Sandalwood Royal Essential Oil"},{"@type":"BreadcrumbList","@id":"https:\/\/dutchhealthstore.com\/fr\/product\/sandalwood-royal-hawaiian-essential-oil\/#breadcrumb","itemListElement":[{"@type":"ListItem","position":1,"name":"Home","item":"https:\/\/dutchhealthstore.com\/fr\/"},{"@type":"ListItem","position":2,"name":"Shop","item":"https:\/\/dutchhealthstore.com\/fr\/shop\/"},{"@type":"ListItem","position":3,"name":"Sandalwood, Royal Hawaiian Essential Oil"}]},{"@type":"WebSite","@id":"https:\/\/dutchhealthstore.com\/fr\/#website","url":"https:\/\/dutchhealthstore.com\/fr\/","name":"Dutch Health Store","description":"Enhance Your Beauty with Organic &amp; Natural Skincare","publisher":{"@id":"https:\/\/dutchhealthstore.com\/fr\/#organization"},"potentialAction":[{"@type":"SearchAction","target":{"@type":"EntryPoint","urlTemplate":"https:\/\/dutchhealthstore.com\/fr\/?s={search_term_string}"},"query-input":{"@type":"PropertyValueSpecification","valueRequired":true,"valueName":"search_term_string"}}],"inLanguage":"fr-FR"},{"@type":"Organization","@id":"https:\/\/dutchhealthstore.com\/fr\/#organization","name":"Dutch Health Store","url":"https:\/\/dutchhealthstore.com\/fr\/","logo":{"@type":"ImageObject","inLanguage":"fr-FR","@id":"https:\/\/dutchhealthstore.com\/fr\/#\/schema\/logo\/image\/","url":"https:\/\/dutchhealthstore.com\/wp-content\/uploads\/2020\/08\/logo-dutchhealthstore-jpg-e1599484957574.jpg","contentUrl":"https:\/\/dutchhealthstore.com\/wp-content\/uploads\/2020\/08\/logo-dutchhealthstore-jpg-e1599484957574.jpg","width":400,"height":62,"caption":"Dutch Health Store"},"image":{"@id":"https:\/\/dutchhealthstore.com\/fr\/#\/schema\/logo\/image\/"},"sameAs":["https:\/\/www.instagram.com\/dutchhealthstore\/","https:\/\/www.facebook.com\/dutchhealthstore"]}]},"product_brand":"Living Libations","product_price_amount":"110.00","product_price_currency":"EUR","og_availability":"instock","product_availability":"instock","product_condition":"new"},"_links":{"self":[{"href":"https:\/\/dutchhealthstore.com\/fr\/wp-json\/wp\/v2\/product\/123356","targetHints":{"allow":["GET"]}}],"collection":[{"href":"https:\/\/dutchhealthstore.com\/fr\/wp-json\/wp\/v2\/product"}],"about":[{"href":"https:\/\/dutchhealthstore.com\/fr\/wp-json\/wp\/v2\/types\/product"}],"replies":[{"embeddable":true,"href":"https:\/\/dutchhealthstore.com\/fr\/wp-json\/wp\/v2\/comments?post=123356"}],"wp:featuredmedia":[{"embeddable":true,"href":"https:\/\/dutchhealthstore.com\/fr\/wp-json\/wp\/v2\/media\/109127"}],"wp:attachment":[{"href":"https:\/\/dutchhealthstore.com\/fr\/wp-json\/wp\/v2\/media?parent=123356"}],"wp:term":[{"taxonomy":"product_brand","embeddable":true,"href":"https:\/\/dutchhealthstore.com\/fr\/wp-json\/wp\/v2\/product_brand?post=123356"},{"taxonomy":"product_cat","embeddable":true,"href":"https:\/\/dutchhealthstore.com\/fr\/wp-json\/wp\/v2\/product_cat?post=123356"},{"taxonomy":"product_tag","embeddable":true,"href":"https:\/\/dutchhealthstore.com\/fr\/wp-json\/wp\/v2\/product_tag?post=123356"}],"curies":[{"name":"wp","href":"https:\/\/api.w.org\/{rel}","templated":true}]}}