{"id":123347,"date":"2018-02-10T19:42:55","date_gmt":"2018-02-10T18:42:55","guid":{"rendered":"https:\/\/dutchhealthstore.com\/product\/sandalwood-nut-oil\/"},"modified":"2025-11-23T13:17:51","modified_gmt":"2025-11-23T12:17:51","slug":"sandalwood-nut-oil","status":"publish","type":"product","link":"https:\/\/dutchhealthstore.com\/fr\/product\/sandalwood-nut-oil\/","title":{"rendered":"Sandalwood Nut Carrier Oil"},"content":{"rendered":"<p><strong><img decoding=\"async\" class=\"size-full wp-image-69549 alignright\" src=\"https:\/\/dutchhealthstore.com\/wp-content\/uploads\/2019\/08\/NEW-Living-Libations-Logo.jpg\" alt=\"NEW - Living Libations - Logo\" width=\"175\" height=\"82\">Nom botanique:<\/strong> Santalum spicatum<br \/>\n<strong>Famille botanique :<\/strong> Santalaceae<br \/>\n<strong>M\u00e9thode d&rsquo;extraction:<\/strong> Press\u00e9 \u00e0 froid<br \/>\n<strong>Partie de la plante distill\u00e9e:<\/strong> Noix<br \/>\n<strong>Country of Origin :<\/strong> Australia<br \/>\n<strong>M\u00e9thode de culture :<\/strong> Organique<br \/>\n<strong>Composition:<\/strong> 100% Santalum spicatum<br \/>\n<strong>Consistance :<\/strong> Moyenne<\/p>\n<h3>Description de l&rsquo;odeur<\/h3>\n<p>Des notes de base douces et bois\u00e9es de baume vert sous des notes de t\u00eate subtiles de noisette.<\/p>\n<h3>Dans Living Libations<\/h3>\n<p>Supreme Sandalwood Serum, Sandalwood Best Skin Ever.<\/p>\n<h3>Se marie bien avec<\/h3>\n<p>Bois de santal, encens, myrrhe, camomille, cardamome, rose otto, v\u00e9tiver, citron, ciste, sapin argent\u00e9, achill\u00e9e, laurier, marjolaine, bergamote, palo santo et ylang.<\/p>\n<a href=\"https:\/\/dutchhealthstore.com\/wp-content\/uploads\/2018\/02\/ANALYSIS-Sandalwood-Nut-Carrier-Oil-Living-Libations.pdf\" class=\"button primary is-primary is-small\"  >\n\t\t<span>ANALYSE DU PRODUIT &gt;<\/span>\n\t<\/a>\n\n<h3>Utilisations<\/h3>\n<p>Emollient extraordinaire. S\u00e9rum pour toutes les peaux.<\/p>\n<h3>Composition botanique<\/h3>\n<p>La composition mol\u00e9culaire est principalement constitu\u00e9e d&rsquo;acides gras \u00e0 longue cha\u00eene, dont l&rsquo;acide ol\u00e9ique (50%) et l&rsquo;acide xim\u00e9nylique (30-35%).<\/p>\n<p>Pendant des si\u00e8cles, les indig\u00e8nes australiens ont utilis\u00e9 l&rsquo;huile de noix de santal pour adoucir leurs cheveux et hydrater la peau du visage, en particulier celle du d\u00e9sert. Les noix de santal ont \u00e9galement \u00e9t\u00e9 \u00e9cras\u00e9es et transform\u00e9es en cataplasmes, puis plac\u00e9es sur la peau du visage pour former un masque, rendant l&rsquo;apparence de la peau plus lisse, plus douce et plus tendue.<\/p>\n<p>La composition mol\u00e9culaire de Sandalwood Nut Oil est principalement constitu\u00e9e d&rsquo;acides gras \u00e0 cha\u00eene plus longue, et ces lipides luxuriants rendent l&rsquo;huile sp\u00e9ciale pour les soins de la peau. Gr\u00e2ce \u00e0 la pr\u00e9sence de ces lipides, Sandalwood Nut Oil peut \u00eatre utilis\u00e9e pour am\u00e9liorer l&rsquo;apparence, la texture, les cicatrices, le rel\u00e2chement, la cr\u00e9pitation et la s\u00e9cheresse de la peau.<\/p>\n<p>L&rsquo;Australie occidentale abrite la plus grande plantation de bois de santal du monde, une \u00e9tendue de terre durable si grande qu&rsquo;elle \u00e9clipse trois fois la superficie de la France! Des partenariats sont en cours de formation avec diverses tribus indig\u00e8nes afin de les impliquer dans le maintien \u00e9cologique de la terre et des arbres de noix de santal.<\/p>\n<p><strong>Taille : 15 ml<\/strong><\/p>\n<h3>Ingr\u00e9dients biologiques<\/h3>\n<p>huile de noix de santal (Santalum spicatum).<\/p>\n<p><img fetchpriority=\"high\" decoding=\"async\" class=\"size-medium wp-image-68103 aligncenter\" src=\"https:\/\/dutchhealthstore.com\/wp-content\/uploads\/2018\/02\/Living-Libations-Organic-Logo-800x89.png\" alt=\"Living Libations - Organic Logo\" width=\"800\" height=\"89\" srcset=\"https:\/\/dutchhealthstore.com\/wp-content\/uploads\/2018\/02\/Living-Libations-Organic-Logo-800x89.png 800w, https:\/\/dutchhealthstore.com\/wp-content\/uploads\/2018\/02\/Living-Libations-Organic-Logo-510x57.png 510w, https:\/\/dutchhealthstore.com\/wp-content\/uploads\/2018\/02\/Living-Libations-Organic-Logo-768x85.png 768w, https:\/\/dutchhealthstore.com\/wp-content\/uploads\/2018\/02\/Living-Libations-Organic-Logo.png 1400w\" sizes=\"(max-width: 800px) 100vw, 800px\" \/><\/p>\n","protected":false},"excerpt":{"rendered":"<p>Apaisante, lissante, sublime, <strong>Sandalwood Nut Oil<\/strong> est l&rsquo;un des lipides les plus succulents que nous ayons jamais appliqu\u00e9s sur notre peau.<br \/>\nCette huile opulente est fra\u00eechement press\u00e9e par le processus d&rsquo;extraction supercritique des noix de santal cultiv\u00e9es dans les r\u00e9gions sauvages de l&rsquo;Australie occidentale.<br \/>\nBien que cette huile rare soit difficile \u00e0 trouver, c&rsquo;est un \u00e9mollient ancien. Sandalwood Nut Oil est un \u00e9l\u00e9ment de base de la vie des indig\u00e8nes australiens et est toujours utilis\u00e9e par les communaut\u00e9s indig\u00e8nes modernes.<\/p>\n","protected":false},"featured_media":337333,"comment_status":"open","ping_status":"closed","template":"","meta":[],"product_brand":[],"product_cat":[6734,1507,3755,1211,1209,3757,1010,6733],"product_tag":[8910,4495],"class_list":{"0":"post-123347","1":"product","2":"type-product","3":"status-publish","4":"has-post-thumbnail","6":"product_cat-essential-oils","7":"product_cat-plantes-huiles-essentielles-living-libations","8":"product_cat-huiles-vegetales","9":"product_cat-living-libations-france","10":"product_cat-par-marques","11":"product_cat-plantes-huiles-essentielles","12":"product_cat-notre-boutique","13":"product_cat-wellness-fr-2","14":"product_tag-carrier-oil-fr","15":"product_tag-essential-oil-fr","16":"pa_brand-livinglibations-fr","17":"pa_essential-oils-product-type-carrier-oils-fr","18":"pa_essential-oils-product-type-essential-oils-fr","19":"pa_size-15-ml-fr","21":"first","22":"instock","23":"taxable","24":"shipping-taxable","25":"purchasable","26":"product-type-simple"},"bundled_by":[],"bundle_stock_status":"instock","bundle_stock_quantity":3,"bundle_virtual":false,"bundle_layout":"","bundle_add_to_cart_form_location":"","bundle_editable_in_cart":false,"bundle_sold_individually_context":"","bundle_item_grouping":"","bundle_min_size":"","bundle_max_size":"","bundle_price":[],"bundled_items":[],"bundle_sell_ids":[],"atum_controlled":true,"out_stock_date":null,"out_stock_threshold":null,"inheritable":false,"stock_on_hold":0,"sold_today":0,"sales_last_days":0,"out_stock_days":0,"lost_sales":0,"update_date":"2026-04-09T11:35:46","atum_locations":[],"atum_stock_status":"instock","restock_status":false,"low_stock_amount":"","sales_update_date":"2026-04-09T11:35:46","calc_backorders":null,"group_of_quantity":0,"min_quantity":0,"max_quantity":"","exclude_order_quantity_value_rules":"no","exclude_category_quantity_rules":"no","combine_variations":"no","yoast_head":"<!-- This site is optimized with the Yoast SEO Premium plugin v26.5 (Yoast SEO v26.5) - https:\/\/yoast.com\/wordpress\/plugins\/seo\/ -->\n<title>Sandalwood Nut Carrier Oil | Living Libations<\/title>\n<meta name=\"description\" content=\"Cette huile opulente est fra\u00eechement press\u00e9e par le processus d&#039;extraction supercritique des noix de santal cultiv\u00e9es dans les r\u00e9gions sauvages de l&#039;Australie occidentale.\" \/>\n<meta name=\"robots\" content=\"index, follow, max-snippet:-1, max-image-preview:large, max-video-preview:-1\" \/>\n<link rel=\"canonical\" href=\"https:\/\/dutchhealthstore.com\/fr\/product\/sandalwood-nut-oil\/\" \/>\n<meta property=\"og:locale\" content=\"fr_FR\" \/>\n<meta property=\"og:type\" content=\"article\" \/>\n<meta property=\"og:title\" content=\"Sandalwood Nut Carrier Oil - Dutch Health Store\" \/>\n<meta property=\"og:description\" content=\"Cette huile opulente est fra\u00eechement press\u00e9e par le processus d&#039;extraction supercritique des noix de santal cultiv\u00e9es dans les r\u00e9gions sauvages de l&#039;Australie occidentale.\" \/>\n<meta property=\"og:url\" content=\"https:\/\/dutchhealthstore.com\/fr\/product\/sandalwood-nut-oil\/\" \/>\n<meta property=\"og:site_name\" content=\"Dutch Health Store\" \/>\n<meta property=\"article:publisher\" content=\"https:\/\/www.instagram.com\/dutchhealthstore\/\" \/>\n<meta property=\"article:modified_time\" content=\"2025-11-23T12:17:51+00:00\" \/>\n<meta property=\"og:image\" content=\"https:\/\/dutchhealthstore.com\/wp-content\/uploads\/2018\/02\/Living-Libations-Sandalwood-Nut-Carrier-Oil-Round.jpg\" \/>\n\t<meta property=\"og:image:width\" content=\"500\" \/>\n\t<meta property=\"og:image:height\" content=\"500\" \/>\n\t<meta property=\"og:image:type\" content=\"image\/jpeg\" \/>\n<meta name=\"twitter:card\" content=\"summary_large_image\" \/>\n<meta name=\"twitter:label1\" content=\"Prix\" \/>\n\t<meta name=\"twitter:data1\" content=\"&euro;74,00\" \/>\n\t<meta name=\"twitter:label2\" content=\"Disponibilit\u00e9\" \/>\n\t<meta name=\"twitter:data2\" content=\"En stock\" \/>\n<script type=\"application\/ld+json\" class=\"yoast-schema-graph\">{\"@context\":\"https:\/\/schema.org\",\"@graph\":[{\"@type\":\"WebPage\",\"@id\":\"https:\/\/dutchhealthstore.com\/fr\/product\/sandalwood-nut-oil\/\",\"url\":\"https:\/\/dutchhealthstore.com\/fr\/product\/sandalwood-nut-oil\/\",\"name\":\"Sandalwood Nut Carrier Oil | Living Libations\",\"isPartOf\":{\"@id\":\"https:\/\/dutchhealthstore.com\/fr\/#website\"},\"primaryImageOfPage\":{\"@id\":\"https:\/\/dutchhealthstore.com\/fr\/product\/sandalwood-nut-oil\/#primaryimage\"},\"image\":{\"@id\":\"https:\/\/dutchhealthstore.com\/fr\/product\/sandalwood-nut-oil\/#primaryimage\"},\"thumbnailUrl\":\"https:\/\/dutchhealthstore.com\/wp-content\/uploads\/2018\/02\/Sandalwood-Nut-Carrier-Oil-\u2013-530x530-1.jpg\",\"datePublished\":\"2018-02-10T18:42:55+00:00\",\"dateModified\":\"2025-11-23T12:17:51+00:00\",\"description\":\"Cette huile opulente est fra\u00eechement press\u00e9e par le processus d'extraction supercritique des noix de santal cultiv\u00e9es dans les r\u00e9gions sauvages de l'Australie occidentale.\",\"breadcrumb\":{\"@id\":\"https:\/\/dutchhealthstore.com\/fr\/product\/sandalwood-nut-oil\/#breadcrumb\"},\"inLanguage\":\"fr-FR\",\"potentialAction\":[{\"@type\":\"ReadAction\",\"target\":[\"https:\/\/dutchhealthstore.com\/fr\/product\/sandalwood-nut-oil\/\"]}]},{\"@type\":\"ImageObject\",\"inLanguage\":\"fr-FR\",\"@id\":\"https:\/\/dutchhealthstore.com\/fr\/product\/sandalwood-nut-oil\/#primaryimage\",\"url\":\"https:\/\/dutchhealthstore.com\/wp-content\/uploads\/2018\/02\/Sandalwood-Nut-Carrier-Oil-\u2013-530x530-1.jpg\",\"contentUrl\":\"https:\/\/dutchhealthstore.com\/wp-content\/uploads\/2018\/02\/Sandalwood-Nut-Carrier-Oil-\u2013-530x530-1.jpg\",\"width\":530,\"height\":530},{\"@type\":\"BreadcrumbList\",\"@id\":\"https:\/\/dutchhealthstore.com\/fr\/product\/sandalwood-nut-oil\/#breadcrumb\",\"itemListElement\":[{\"@type\":\"ListItem\",\"position\":1,\"name\":\"Home\",\"item\":\"https:\/\/dutchhealthstore.com\/fr\/\"},{\"@type\":\"ListItem\",\"position\":2,\"name\":\"Shop\",\"item\":\"https:\/\/dutchhealthstore.com\/fr\/shop\/\"},{\"@type\":\"ListItem\",\"position\":3,\"name\":\"Sandalwood Nut Carrier Oil\"}]},{\"@type\":\"WebSite\",\"@id\":\"https:\/\/dutchhealthstore.com\/fr\/#website\",\"url\":\"https:\/\/dutchhealthstore.com\/fr\/\",\"name\":\"Dutch Health Store\",\"description\":\"Enhance Your Beauty with Organic &amp; Natural Skincare\",\"publisher\":{\"@id\":\"https:\/\/dutchhealthstore.com\/fr\/#organization\"},\"potentialAction\":[{\"@type\":\"SearchAction\",\"target\":{\"@type\":\"EntryPoint\",\"urlTemplate\":\"https:\/\/dutchhealthstore.com\/fr\/?s={search_term_string}\"},\"query-input\":{\"@type\":\"PropertyValueSpecification\",\"valueRequired\":true,\"valueName\":\"search_term_string\"}}],\"inLanguage\":\"fr-FR\"},{\"@type\":\"Organization\",\"@id\":\"https:\/\/dutchhealthstore.com\/fr\/#organization\",\"name\":\"Dutch Health Store\",\"url\":\"https:\/\/dutchhealthstore.com\/fr\/\",\"logo\":{\"@type\":\"ImageObject\",\"inLanguage\":\"fr-FR\",\"@id\":\"https:\/\/dutchhealthstore.com\/fr\/#\/schema\/logo\/image\/\",\"url\":\"https:\/\/dutchhealthstore.com\/wp-content\/uploads\/2020\/08\/logo-dutchhealthstore-jpg-e1599484957574.jpg\",\"contentUrl\":\"https:\/\/dutchhealthstore.com\/wp-content\/uploads\/2020\/08\/logo-dutchhealthstore-jpg-e1599484957574.jpg\",\"width\":400,\"height\":62,\"caption\":\"Dutch Health Store\"},\"image\":{\"@id\":\"https:\/\/dutchhealthstore.com\/fr\/#\/schema\/logo\/image\/\"},\"sameAs\":[\"https:\/\/www.instagram.com\/dutchhealthstore\/\",\"https:\/\/www.facebook.com\/dutchhealthstore\"]}]}<\/script>\n<meta property=\"product:brand\" content=\"Living Libations\" \/>\n<meta property=\"product:price:amount\" content=\"74.00\" \/>\n<meta property=\"product:price:currency\" content=\"EUR\" \/>\n<meta property=\"og:availability\" content=\"instock\" \/>\n<meta property=\"product:availability\" content=\"instock\" \/>\n<meta property=\"product:condition\" content=\"new\" \/>\n<!-- \/ Yoast SEO Premium plugin. -->","yoast_head_json":{"title":"Sandalwood Nut Carrier Oil | Living Libations","description":"Cette huile opulente est fra\u00eechement press\u00e9e par le processus d'extraction supercritique des noix de santal cultiv\u00e9es dans les r\u00e9gions sauvages de l'Australie occidentale.","robots":{"index":"index","follow":"follow","max-snippet":"max-snippet:-1","max-image-preview":"max-image-preview:large","max-video-preview":"max-video-preview:-1"},"canonical":"https:\/\/dutchhealthstore.com\/fr\/product\/sandalwood-nut-oil\/","og_locale":"fr_FR","og_type":"article","og_title":"Sandalwood Nut Carrier Oil - Dutch Health Store","og_description":"Cette huile opulente est fra\u00eechement press\u00e9e par le processus d'extraction supercritique des noix de santal cultiv\u00e9es dans les r\u00e9gions sauvages de l'Australie occidentale.","og_url":"https:\/\/dutchhealthstore.com\/fr\/product\/sandalwood-nut-oil\/","og_site_name":"Dutch Health Store","article_publisher":"https:\/\/www.instagram.com\/dutchhealthstore\/","article_modified_time":"2025-11-23T12:17:51+00:00","og_image":[{"width":500,"height":500,"url":"https:\/\/dutchhealthstore.com\/wp-content\/uploads\/2018\/02\/Living-Libations-Sandalwood-Nut-Carrier-Oil-Round.jpg","type":"image\/jpeg"}],"twitter_card":"summary_large_image","twitter_misc":{"Prix":"&euro;74,00","Disponibilit\u00e9":"En stock"},"schema":{"@context":"https:\/\/schema.org","@graph":[{"@type":"WebPage","@id":"https:\/\/dutchhealthstore.com\/fr\/product\/sandalwood-nut-oil\/","url":"https:\/\/dutchhealthstore.com\/fr\/product\/sandalwood-nut-oil\/","name":"Sandalwood Nut Carrier Oil | Living Libations","isPartOf":{"@id":"https:\/\/dutchhealthstore.com\/fr\/#website"},"primaryImageOfPage":{"@id":"https:\/\/dutchhealthstore.com\/fr\/product\/sandalwood-nut-oil\/#primaryimage"},"image":{"@id":"https:\/\/dutchhealthstore.com\/fr\/product\/sandalwood-nut-oil\/#primaryimage"},"thumbnailUrl":"https:\/\/dutchhealthstore.com\/wp-content\/uploads\/2018\/02\/Sandalwood-Nut-Carrier-Oil-\u2013-530x530-1.jpg","datePublished":"2018-02-10T18:42:55+00:00","dateModified":"2025-11-23T12:17:51+00:00","description":"Cette huile opulente est fra\u00eechement press\u00e9e par le processus d'extraction supercritique des noix de santal cultiv\u00e9es dans les r\u00e9gions sauvages de l'Australie occidentale.","breadcrumb":{"@id":"https:\/\/dutchhealthstore.com\/fr\/product\/sandalwood-nut-oil\/#breadcrumb"},"inLanguage":"fr-FR","potentialAction":[{"@type":"ReadAction","target":["https:\/\/dutchhealthstore.com\/fr\/product\/sandalwood-nut-oil\/"]}]},{"@type":"ImageObject","inLanguage":"fr-FR","@id":"https:\/\/dutchhealthstore.com\/fr\/product\/sandalwood-nut-oil\/#primaryimage","url":"https:\/\/dutchhealthstore.com\/wp-content\/uploads\/2018\/02\/Sandalwood-Nut-Carrier-Oil-\u2013-530x530-1.jpg","contentUrl":"https:\/\/dutchhealthstore.com\/wp-content\/uploads\/2018\/02\/Sandalwood-Nut-Carrier-Oil-\u2013-530x530-1.jpg","width":530,"height":530},{"@type":"BreadcrumbList","@id":"https:\/\/dutchhealthstore.com\/fr\/product\/sandalwood-nut-oil\/#breadcrumb","itemListElement":[{"@type":"ListItem","position":1,"name":"Home","item":"https:\/\/dutchhealthstore.com\/fr\/"},{"@type":"ListItem","position":2,"name":"Shop","item":"https:\/\/dutchhealthstore.com\/fr\/shop\/"},{"@type":"ListItem","position":3,"name":"Sandalwood Nut Carrier Oil"}]},{"@type":"WebSite","@id":"https:\/\/dutchhealthstore.com\/fr\/#website","url":"https:\/\/dutchhealthstore.com\/fr\/","name":"Dutch Health Store","description":"Enhance Your Beauty with Organic &amp; Natural Skincare","publisher":{"@id":"https:\/\/dutchhealthstore.com\/fr\/#organization"},"potentialAction":[{"@type":"SearchAction","target":{"@type":"EntryPoint","urlTemplate":"https:\/\/dutchhealthstore.com\/fr\/?s={search_term_string}"},"query-input":{"@type":"PropertyValueSpecification","valueRequired":true,"valueName":"search_term_string"}}],"inLanguage":"fr-FR"},{"@type":"Organization","@id":"https:\/\/dutchhealthstore.com\/fr\/#organization","name":"Dutch Health Store","url":"https:\/\/dutchhealthstore.com\/fr\/","logo":{"@type":"ImageObject","inLanguage":"fr-FR","@id":"https:\/\/dutchhealthstore.com\/fr\/#\/schema\/logo\/image\/","url":"https:\/\/dutchhealthstore.com\/wp-content\/uploads\/2020\/08\/logo-dutchhealthstore-jpg-e1599484957574.jpg","contentUrl":"https:\/\/dutchhealthstore.com\/wp-content\/uploads\/2020\/08\/logo-dutchhealthstore-jpg-e1599484957574.jpg","width":400,"height":62,"caption":"Dutch Health Store"},"image":{"@id":"https:\/\/dutchhealthstore.com\/fr\/#\/schema\/logo\/image\/"},"sameAs":["https:\/\/www.instagram.com\/dutchhealthstore\/","https:\/\/www.facebook.com\/dutchhealthstore"]}]},"product_brand":"Living Libations","product_price_amount":"74.00","product_price_currency":"EUR","og_availability":"instock","product_availability":"instock","product_condition":"new"},"_links":{"self":[{"href":"https:\/\/dutchhealthstore.com\/fr\/wp-json\/wp\/v2\/product\/123347","targetHints":{"allow":["GET"]}}],"collection":[{"href":"https:\/\/dutchhealthstore.com\/fr\/wp-json\/wp\/v2\/product"}],"about":[{"href":"https:\/\/dutchhealthstore.com\/fr\/wp-json\/wp\/v2\/types\/product"}],"replies":[{"embeddable":true,"href":"https:\/\/dutchhealthstore.com\/fr\/wp-json\/wp\/v2\/comments?post=123347"}],"wp:featuredmedia":[{"embeddable":true,"href":"https:\/\/dutchhealthstore.com\/fr\/wp-json\/wp\/v2\/media\/337333"}],"wp:attachment":[{"href":"https:\/\/dutchhealthstore.com\/fr\/wp-json\/wp\/v2\/media?parent=123347"}],"wp:term":[{"taxonomy":"product_brand","embeddable":true,"href":"https:\/\/dutchhealthstore.com\/fr\/wp-json\/wp\/v2\/product_brand?post=123347"},{"taxonomy":"product_cat","embeddable":true,"href":"https:\/\/dutchhealthstore.com\/fr\/wp-json\/wp\/v2\/product_cat?post=123347"},{"taxonomy":"product_tag","embeddable":true,"href":"https:\/\/dutchhealthstore.com\/fr\/wp-json\/wp\/v2\/product_tag?post=123347"}],"curies":[{"name":"wp","href":"https:\/\/api.w.org\/{rel}","templated":true}]}}