{"id":123335,"date":"2018-02-10T19:48:13","date_gmt":"2018-02-10T18:48:13","guid":{"rendered":"https:\/\/dutchhealthstore.com\/product\/sandalwood-essential-oil\/"},"modified":"2025-12-23T09:38:47","modified_gmt":"2025-12-23T08:38:47","slug":"sandalwood-essential-oil","status":"publish","type":"product","link":"https:\/\/dutchhealthstore.com\/fr\/product\/sandalwood-essential-oil\/","title":{"rendered":"Sandalwood Essential Oil"},"content":{"rendered":"<p><img decoding=\"async\" class=\"alignright size-full wp-image-37041\" src=\"https:\/\/dutchhealthstore.com\/wp-content\/uploads\/2018\/04\/Living_Libations-1.png\" alt=\"Organic &amp; Natural Beautyproducts - Living Libations\" width=\"175\" height=\"82\"><\/p>\n<p><strong>Nom botanique :<\/strong> Santalum album  <strong>Famille botanique :<\/strong> Santalaceae  <strong>M\u00e9thode d&rsquo;extraction :<\/strong> Distillation \u00e0 la vapeur  <strong>Partie de la plante distill\u00e9e :<\/strong> Bois de c\u0153ur  <strong>Pays d&rsquo;origine :<\/strong>  Australie  <strong>M\u00e9thode de culture :<\/strong>  R\u00e9colte \u00e9thique  <strong>Composition :<\/strong>  100% Santalum spicatum  <strong>Coh\u00e9rence :<\/strong>  \u00c9pais  <\/p>\n<h3>Description de l&rsquo;odeur<\/h3>\n<p>  Sirop de miel doux avec des notes balsamiques bois\u00e9es et euphoriques.  <\/p>\n<h3>Dans Living Libations<\/h3>\n<p>  Toutes les fosses po\u00e9tiques (sauf les fosses po\u00e9tiques \u00e0 la myrrhe), l&rsquo;eau de Cologne Secret Land of Is, le s\u00e9rum Soothsayer et Everybody Loves the Sunshine.  <\/p>\n<h3>Se marie bien avec<\/h3>\n<p>  Lavande, Rose Otto, G\u00e9ranium, Encens, Palo Santo, Cardamome, Citronnelle, Pamplemousse, Sapin blanc, Myrrhe, Spikenard et Vanille.<\/p>\n<a href=\"https:\/\/dutchhealthstore.com\/wp-content\/uploads\/2018\/02\/ANALYSIS-Sandalwood-Essential-Oil-Living-Libations.pdf\" class=\"button primary is-primary is-small\"  >\n\t\t<span>ANALYSE DES HUILES ESSENTIELLES &gt;<\/span>\n\t<\/a>\n\n<h3>Utilisations<\/h3>\n<p>  Tonique calmant. Ajout\u00e9 aux shampooings, apr\u00e8s-shampooings et huiles capillaires pour des cheveux brillants et parfum\u00e9s. D\u00e9odorant merveilleux et efficace. Sublime pour adoucir l&rsquo;apparence des cicatrices, des taches, des ridules, du m\u00e9lasma et de la texture de la peau.  <\/p>\n<h3>Constituants<\/h3>\n<p>  Comprend des monoterp\u00e8nes alpha santalol et b\u00eata santalol. L&rsquo;essence de bois de santal au parfum divin est r\u00e9colt\u00e9e de mani\u00e8re \u00e9thique et distill\u00e9e \u00e0 la vapeur \u00e0 partir du c\u0153ur de l&rsquo;arbre aromatique. L&rsquo;arbre du bois de santal pousse pendant 30 ans avant de commencer \u00e0 produire de l&rsquo;huile, de sorte que chaque bouteille Sandalwood Essential Oil luxueux est au moins trois d\u00e9cennies dans la fabrication. Le bois de santal est l&rsquo;un des ingr\u00e9dients les plus importants des parfums anciens et apaise les peaux sensibles et s\u00e8ches. Il regorge d&rsquo;une magnifique hydratation et est historiquement utilis\u00e9 pour rafra\u00eechir et rassasier les peaux chaudes et d\u00e9shydrat\u00e9es. Des \u00e9tudes scientifiques r\u00e9v\u00e8lent que les monoterp\u00e8nes contenus dans lSandalwood Essential Oil sont b\u00e9n\u00e9fiques pour tonifier la peau et notamment la couche corn\u00e9e, ce qui explique pourquoi le bois de santal est un \u00e9l\u00e9ment de base des soins naturel de la peau et des cheveux depuis l&rsquo;Antiquit\u00e9. Le bois de santal apaisant, sacr\u00e9 depuis des milliers d&rsquo;ann\u00e9es, acc\u00e9l\u00e8re la restauration de la peau, estompe le m\u00e9lasme et r\u00e9duit l&rsquo;apparence des cicatrices. Cet aromate ancien et amoureux contient \u00e9galement une ph\u00e9romone botanique similaire \u00e0 l&rsquo;androst\u00e9rone, la s\u00e9cr\u00e9tion de ph\u00e9romone sous les bras qui agit comme un signal sexuel. Cela en fait un d\u00e9odorant fringant et super efficace qu&rsquo;il suffit d&rsquo;appliquer une goutte pour charmer chaque aisselle. Notre huile essentielle de bois de santal calme tout en revitalisant, \u00e9nerg\u00e9tise tout en \u00e9quilibrant, et cr\u00e9e un sentiment g\u00e9n\u00e9ral de c\u00e9l\u00e9bration d&rsquo;une beaut\u00e9 d\u00e9lectable.  <\/p>\n<h3>Ingr\u00e9dients Biologiques<\/h3>\n<p>  100% d&rsquo;huile essentielle de bois de santal (Santalum album).  <\/p>\n<p style=\"text-align: center;\"><em>\u00ab\u00a0L&rsquo;effet calmant, harmonisant et \u00e9quilibrant du bois de santal agit comme des vagues lentes et profondes.<\/em> ~ Suzanne Fischer-Rizzi, <strong>The Complete Aromatherapy Handbook (Manuel complet d&rsquo;aromath\u00e9rapie)<\/strong><\/p>\n<p style=\"text-align: center;\"><em>\u00ab\u00a0L&rsquo;huile essentielle (de bois de santal) est un ingr\u00e9dient courant dans les parfums et les eaux de Cologne exotiques, avec une histoire de 4 000 ans d&rsquo;utilisation. Dans de nombreux endroits tropicaux, les femmes m\u00e9langent l&rsquo;huile essentielle de bois de santal avec de l&rsquo;huile de noix de coco et la frottent dans leurs cheveux pour obtenir une belle brillance et un bon parfum.\u00a0\u00bb<\/em> ~ Brigitte Mars, <strong>Beauty by Nature<\/strong><\/p>\n<p style=\"text-align: center;\"><em>\u00ab\u00a0Avicenne a \u00e9crit que le parfum du bois de santal \u00ab\u00a0gu\u00e9rit les passions du c\u0153ur et exalte\u00a0\u00bb.<\/em> ~ Julia Lawless, <strong>L&rsquo;aromath\u00e9rapie et l&rsquo;esprit<\/strong><\/p>\n<p style=\"text-align: center;\"><em>\u00ab\u00a0L&rsquo;huile parfum\u00e9e obtenue \u00e0 partir du bois de santal a de nombreuses associations et applications culturelles importantes. Les yogis affirment que le bois de santal est le \u00ab\u00a0parfum du corps subtil\u00a0\u00bb et, dans la pratique tantrique, il est utilis\u00e9 par les hommes pour \u00e9veiller l&rsquo;\u00e9nergie de la kundalini et la transformer en un esprit \u00e9clair\u00e9\u00a0\u00bb.<\/em> ~ Jennifer Peace Rhind, <strong>Parfum et bien-\u00eatre<\/strong><\/p>\n<p style=\"text-align: center;\"><em>\u00ab\u00a0Un parfum qui s&rsquo;\u00e9tend vers l&rsquo;univers, dans l&rsquo;espace sacr\u00e9 entre le ciel et la terre, pour entrer en contact avec la pr\u00e9sence divine. Le bois de santal am\u00e8ne notre sagesse \u00e0 un \u00e9tat m\u00e9ditatif, nous apaise afin que nous puissions entendre et nous r\u00e9jouir du chant choral de l&rsquo;\u00e2me universelle.\u00a0\u00bb ~ Valerie Ann Worwood, Aromath\u00e9rapie pour l&rsquo;\u00e2me<\/em> ~ Valerie Ann Worwood, <strong>Aromath\u00e9rapie pour l&rsquo;\u00e2me.<\/strong><\/p>\n<p>&nbsp;<\/p>\n<p><img fetchpriority=\"high\" decoding=\"async\" class=\"size-medium wp-image-68103 aligncenter\" src=\"https:\/\/dutchhealthstore.com\/wp-content\/uploads\/2018\/02\/Living-Libations-Organic-Logo-800x89.png\" alt=\"Living Libations - Organic Logo\" width=\"800\" height=\"89\" srcset=\"https:\/\/dutchhealthstore.com\/wp-content\/uploads\/2018\/02\/Living-Libations-Organic-Logo-800x89.png 800w, https:\/\/dutchhealthstore.com\/wp-content\/uploads\/2018\/02\/Living-Libations-Organic-Logo-510x57.png 510w, https:\/\/dutchhealthstore.com\/wp-content\/uploads\/2018\/02\/Living-Libations-Organic-Logo-768x85.png 768w, https:\/\/dutchhealthstore.com\/wp-content\/uploads\/2018\/02\/Living-Libations-Organic-Logo.png 1400w\" sizes=\"(max-width: 800px) 100vw, 800px\" \/><\/p>\n","protected":false},"excerpt":{"rendered":"<p>Parfum, huile corporelle et traitement capillaire pr\u00e9f\u00e9r\u00e9s des femmes du monde entier, l <strong>&lsquo;huile de santal<\/strong> est \u00e9galement un puissant agent antibact\u00e9rien et antiviral. Les infections des voies urinaires, la gonorrh\u00e9e, la congestion de la gorge, les infections fongiques et m\u00eame le virus de l&rsquo;herp\u00e8s n&rsquo;ont rien \u00e0 envier au pouvoir du bois de santal. Les marins utilisaient le bois de santal pour enrayer les \u00e9pid\u00e9mies de gale, et il est utilis\u00e9 traditionnellement pour rafra\u00eechir et rassasier les personnes surchauff\u00e9es et d\u00e9shydrat\u00e9es.<\/p>\n","protected":false},"featured_media":337328,"comment_status":"open","ping_status":"closed","template":"","meta":[],"product_brand":[],"product_cat":[1507,6734,1211,1209,3757,1010,6733],"product_tag":[4495],"class_list":{"0":"post-123335","1":"product","2":"type-product","3":"status-publish","4":"has-post-thumbnail","6":"product_cat-plantes-huiles-essentielles-living-libations","7":"product_cat-essential-oils","8":"product_cat-living-libations-france","9":"product_cat-par-marques","10":"product_cat-plantes-huiles-essentielles","11":"product_cat-notre-boutique","12":"product_cat-wellness-fr-2","13":"product_tag-essential-oil-fr","14":"pa_brand-livinglibations-fr","15":"pa_essential-oils-product-type-essential-oils-fr","16":"pa_size-5-ml-fr","17":"pa_size-15-ml-fr","18":"pa_size-30-ml-fr","20":"first","21":"instock","22":"taxable","23":"shipping-taxable","24":"purchasable","25":"product-type-variable"},"bundled_by":[],"bundle_stock_status":"instock","bundle_stock_quantity":null,"bundle_virtual":false,"bundle_layout":"","bundle_add_to_cart_form_location":"","bundle_editable_in_cart":false,"bundle_sold_individually_context":"","bundle_item_grouping":"","bundle_min_size":"","bundle_max_size":"","bundle_price":[],"bundled_items":[],"bundle_sell_ids":[],"atum_controlled":true,"out_stock_date":null,"out_stock_threshold":null,"inheritable":true,"stock_on_hold":0,"sold_today":0,"sales_last_days":1,"out_stock_days":0,"lost_sales":0,"update_date":"2026-04-07T06:57:36","atum_locations":[],"atum_stock_status":"instock","restock_status":false,"low_stock_amount":"","sales_update_date":"2026-04-07T06:57:36","calc_backorders":null,"group_of_quantity":0,"min_quantity":0,"max_quantity":"","exclude_order_quantity_value_rules":"no","exclude_category_quantity_rules":"no","combine_variations":"no","yoast_head":"<!-- This site is optimized with the Yoast SEO Premium plugin v26.5 (Yoast SEO v26.5) - https:\/\/yoast.com\/wordpress\/plugins\/seo\/ -->\n<title>Sandalwood Essential Oil | Living Libations<\/title>\n<meta name=\"description\" content=\"Parfum, huile corporelle et traitement capillaire pr\u00e9f\u00e9r\u00e9s des femmes du monde entier, l&#039;huile bois de santal est \u00e9galement un puissant agent antibact\u00e9rien et antiviral.\" \/>\n<meta name=\"robots\" content=\"index, follow, max-snippet:-1, max-image-preview:large, max-video-preview:-1\" \/>\n<link rel=\"canonical\" href=\"https:\/\/dutchhealthstore.com\/fr\/product\/sandalwood-essential-oil\/\" \/>\n<meta property=\"og:locale\" content=\"fr_FR\" \/>\n<meta property=\"og:type\" content=\"article\" \/>\n<meta property=\"og:title\" content=\"Sandalwood Essential Oil - Dutch Health Store\" \/>\n<meta property=\"og:description\" content=\"Parfum, huile corporelle et traitement capillaire pr\u00e9f\u00e9r\u00e9s des femmes du monde entier, l&#039;huile bois de santal est \u00e9galement un puissant agent antibact\u00e9rien et antiviral.\" \/>\n<meta property=\"og:url\" content=\"https:\/\/dutchhealthstore.com\/fr\/product\/sandalwood-essential-oil\/\" \/>\n<meta property=\"og:site_name\" content=\"Dutch Health Store\" \/>\n<meta property=\"article:publisher\" content=\"https:\/\/www.instagram.com\/dutchhealthstore\/\" \/>\n<meta property=\"article:modified_time\" content=\"2025-12-23T08:38:47+00:00\" \/>\n<meta property=\"og:image\" content=\"https:\/\/dutchhealthstore.com\/wp-content\/uploads\/2018\/02\/Living-Libations-Sandalwood-Essential-Oil-Round.jpg\" \/>\n\t<meta property=\"og:image:width\" content=\"500\" \/>\n\t<meta property=\"og:image:height\" content=\"500\" \/>\n\t<meta property=\"og:image:type\" content=\"image\/jpeg\" \/>\n<meta name=\"twitter:card\" content=\"summary_large_image\" \/>\n<meta name=\"twitter:label1\" content=\"Disponibilit\u00e9\" \/>\n\t<meta name=\"twitter:data1\" content=\"En stock\" \/>\n<script type=\"application\/ld+json\" class=\"yoast-schema-graph\">{\"@context\":\"https:\/\/schema.org\",\"@graph\":[{\"@type\":\"WebPage\",\"@id\":\"https:\/\/dutchhealthstore.com\/fr\/product\/sandalwood-essential-oil\/\",\"url\":\"https:\/\/dutchhealthstore.com\/fr\/product\/sandalwood-essential-oil\/\",\"name\":\"Sandalwood Essential Oil | Living Libations\",\"isPartOf\":{\"@id\":\"https:\/\/dutchhealthstore.com\/fr\/#website\"},\"primaryImageOfPage\":{\"@id\":\"https:\/\/dutchhealthstore.com\/fr\/product\/sandalwood-essential-oil\/#primaryimage\"},\"image\":{\"@id\":\"https:\/\/dutchhealthstore.com\/fr\/product\/sandalwood-essential-oil\/#primaryimage\"},\"thumbnailUrl\":\"https:\/\/dutchhealthstore.com\/wp-content\/uploads\/2018\/02\/Sandalwood-Essential-\u2013-530x530-1.jpg\",\"datePublished\":\"2018-02-10T18:48:13+00:00\",\"dateModified\":\"2025-12-23T08:38:47+00:00\",\"description\":\"Parfum, huile corporelle et traitement capillaire pr\u00e9f\u00e9r\u00e9s des femmes du monde entier, l'huile bois de santal est \u00e9galement un puissant agent antibact\u00e9rien et antiviral.\",\"breadcrumb\":{\"@id\":\"https:\/\/dutchhealthstore.com\/fr\/product\/sandalwood-essential-oil\/#breadcrumb\"},\"inLanguage\":\"fr-FR\",\"potentialAction\":[{\"@type\":\"ReadAction\",\"target\":[\"https:\/\/dutchhealthstore.com\/fr\/product\/sandalwood-essential-oil\/\"]}]},{\"@type\":\"ImageObject\",\"inLanguage\":\"fr-FR\",\"@id\":\"https:\/\/dutchhealthstore.com\/fr\/product\/sandalwood-essential-oil\/#primaryimage\",\"url\":\"https:\/\/dutchhealthstore.com\/wp-content\/uploads\/2018\/02\/Sandalwood-Essential-\u2013-530x530-1.jpg\",\"contentUrl\":\"https:\/\/dutchhealthstore.com\/wp-content\/uploads\/2018\/02\/Sandalwood-Essential-\u2013-530x530-1.jpg\",\"width\":530,\"height\":530},{\"@type\":\"BreadcrumbList\",\"@id\":\"https:\/\/dutchhealthstore.com\/fr\/product\/sandalwood-essential-oil\/#breadcrumb\",\"itemListElement\":[{\"@type\":\"ListItem\",\"position\":1,\"name\":\"Home\",\"item\":\"https:\/\/dutchhealthstore.com\/fr\/\"},{\"@type\":\"ListItem\",\"position\":2,\"name\":\"Shop\",\"item\":\"https:\/\/dutchhealthstore.com\/fr\/shop\/\"},{\"@type\":\"ListItem\",\"position\":3,\"name\":\"Sandalwood Essential Oil\"}]},{\"@type\":\"WebSite\",\"@id\":\"https:\/\/dutchhealthstore.com\/fr\/#website\",\"url\":\"https:\/\/dutchhealthstore.com\/fr\/\",\"name\":\"Dutch Health Store\",\"description\":\"Enhance Your Beauty with Organic &amp; Natural Skincare\",\"publisher\":{\"@id\":\"https:\/\/dutchhealthstore.com\/fr\/#organization\"},\"potentialAction\":[{\"@type\":\"SearchAction\",\"target\":{\"@type\":\"EntryPoint\",\"urlTemplate\":\"https:\/\/dutchhealthstore.com\/fr\/?s={search_term_string}\"},\"query-input\":{\"@type\":\"PropertyValueSpecification\",\"valueRequired\":true,\"valueName\":\"search_term_string\"}}],\"inLanguage\":\"fr-FR\"},{\"@type\":\"Organization\",\"@id\":\"https:\/\/dutchhealthstore.com\/fr\/#organization\",\"name\":\"Dutch Health Store\",\"url\":\"https:\/\/dutchhealthstore.com\/fr\/\",\"logo\":{\"@type\":\"ImageObject\",\"inLanguage\":\"fr-FR\",\"@id\":\"https:\/\/dutchhealthstore.com\/fr\/#\/schema\/logo\/image\/\",\"url\":\"https:\/\/dutchhealthstore.com\/wp-content\/uploads\/2020\/08\/logo-dutchhealthstore-jpg-e1599484957574.jpg\",\"contentUrl\":\"https:\/\/dutchhealthstore.com\/wp-content\/uploads\/2020\/08\/logo-dutchhealthstore-jpg-e1599484957574.jpg\",\"width\":400,\"height\":62,\"caption\":\"Dutch Health Store\"},\"image\":{\"@id\":\"https:\/\/dutchhealthstore.com\/fr\/#\/schema\/logo\/image\/\"},\"sameAs\":[\"https:\/\/www.instagram.com\/dutchhealthstore\/\",\"https:\/\/www.facebook.com\/dutchhealthstore\"]}]}<\/script>\n<meta property=\"product:brand\" content=\"Living Libations\" \/>\n<meta property=\"og:availability\" content=\"instock\" \/>\n<meta property=\"product:availability\" content=\"instock\" \/>\n<meta property=\"product:condition\" content=\"new\" \/>\n<!-- \/ Yoast SEO Premium plugin. -->","yoast_head_json":{"title":"Sandalwood Essential Oil | Living Libations","description":"Parfum, huile corporelle et traitement capillaire pr\u00e9f\u00e9r\u00e9s des femmes du monde entier, l'huile bois de santal est \u00e9galement un puissant agent antibact\u00e9rien et antiviral.","robots":{"index":"index","follow":"follow","max-snippet":"max-snippet:-1","max-image-preview":"max-image-preview:large","max-video-preview":"max-video-preview:-1"},"canonical":"https:\/\/dutchhealthstore.com\/fr\/product\/sandalwood-essential-oil\/","og_locale":"fr_FR","og_type":"article","og_title":"Sandalwood Essential Oil - Dutch Health Store","og_description":"Parfum, huile corporelle et traitement capillaire pr\u00e9f\u00e9r\u00e9s des femmes du monde entier, l'huile bois de santal est \u00e9galement un puissant agent antibact\u00e9rien et antiviral.","og_url":"https:\/\/dutchhealthstore.com\/fr\/product\/sandalwood-essential-oil\/","og_site_name":"Dutch Health Store","article_publisher":"https:\/\/www.instagram.com\/dutchhealthstore\/","article_modified_time":"2025-12-23T08:38:47+00:00","og_image":[{"width":500,"height":500,"url":"https:\/\/dutchhealthstore.com\/wp-content\/uploads\/2018\/02\/Living-Libations-Sandalwood-Essential-Oil-Round.jpg","type":"image\/jpeg"}],"twitter_card":"summary_large_image","twitter_misc":{"Disponibilit\u00e9":"En stock"},"schema":{"@context":"https:\/\/schema.org","@graph":[{"@type":"WebPage","@id":"https:\/\/dutchhealthstore.com\/fr\/product\/sandalwood-essential-oil\/","url":"https:\/\/dutchhealthstore.com\/fr\/product\/sandalwood-essential-oil\/","name":"Sandalwood Essential Oil | Living Libations","isPartOf":{"@id":"https:\/\/dutchhealthstore.com\/fr\/#website"},"primaryImageOfPage":{"@id":"https:\/\/dutchhealthstore.com\/fr\/product\/sandalwood-essential-oil\/#primaryimage"},"image":{"@id":"https:\/\/dutchhealthstore.com\/fr\/product\/sandalwood-essential-oil\/#primaryimage"},"thumbnailUrl":"https:\/\/dutchhealthstore.com\/wp-content\/uploads\/2018\/02\/Sandalwood-Essential-\u2013-530x530-1.jpg","datePublished":"2018-02-10T18:48:13+00:00","dateModified":"2025-12-23T08:38:47+00:00","description":"Parfum, huile corporelle et traitement capillaire pr\u00e9f\u00e9r\u00e9s des femmes du monde entier, l'huile bois de santal est \u00e9galement un puissant agent antibact\u00e9rien et antiviral.","breadcrumb":{"@id":"https:\/\/dutchhealthstore.com\/fr\/product\/sandalwood-essential-oil\/#breadcrumb"},"inLanguage":"fr-FR","potentialAction":[{"@type":"ReadAction","target":["https:\/\/dutchhealthstore.com\/fr\/product\/sandalwood-essential-oil\/"]}]},{"@type":"ImageObject","inLanguage":"fr-FR","@id":"https:\/\/dutchhealthstore.com\/fr\/product\/sandalwood-essential-oil\/#primaryimage","url":"https:\/\/dutchhealthstore.com\/wp-content\/uploads\/2018\/02\/Sandalwood-Essential-\u2013-530x530-1.jpg","contentUrl":"https:\/\/dutchhealthstore.com\/wp-content\/uploads\/2018\/02\/Sandalwood-Essential-\u2013-530x530-1.jpg","width":530,"height":530},{"@type":"BreadcrumbList","@id":"https:\/\/dutchhealthstore.com\/fr\/product\/sandalwood-essential-oil\/#breadcrumb","itemListElement":[{"@type":"ListItem","position":1,"name":"Home","item":"https:\/\/dutchhealthstore.com\/fr\/"},{"@type":"ListItem","position":2,"name":"Shop","item":"https:\/\/dutchhealthstore.com\/fr\/shop\/"},{"@type":"ListItem","position":3,"name":"Sandalwood Essential Oil"}]},{"@type":"WebSite","@id":"https:\/\/dutchhealthstore.com\/fr\/#website","url":"https:\/\/dutchhealthstore.com\/fr\/","name":"Dutch Health Store","description":"Enhance Your Beauty with Organic &amp; Natural Skincare","publisher":{"@id":"https:\/\/dutchhealthstore.com\/fr\/#organization"},"potentialAction":[{"@type":"SearchAction","target":{"@type":"EntryPoint","urlTemplate":"https:\/\/dutchhealthstore.com\/fr\/?s={search_term_string}"},"query-input":{"@type":"PropertyValueSpecification","valueRequired":true,"valueName":"search_term_string"}}],"inLanguage":"fr-FR"},{"@type":"Organization","@id":"https:\/\/dutchhealthstore.com\/fr\/#organization","name":"Dutch Health Store","url":"https:\/\/dutchhealthstore.com\/fr\/","logo":{"@type":"ImageObject","inLanguage":"fr-FR","@id":"https:\/\/dutchhealthstore.com\/fr\/#\/schema\/logo\/image\/","url":"https:\/\/dutchhealthstore.com\/wp-content\/uploads\/2020\/08\/logo-dutchhealthstore-jpg-e1599484957574.jpg","contentUrl":"https:\/\/dutchhealthstore.com\/wp-content\/uploads\/2020\/08\/logo-dutchhealthstore-jpg-e1599484957574.jpg","width":400,"height":62,"caption":"Dutch Health Store"},"image":{"@id":"https:\/\/dutchhealthstore.com\/fr\/#\/schema\/logo\/image\/"},"sameAs":["https:\/\/www.instagram.com\/dutchhealthstore\/","https:\/\/www.facebook.com\/dutchhealthstore"]}]},"product_brand":"Living Libations","og_availability":"instock","product_availability":"instock","product_condition":"new"},"_links":{"self":[{"href":"https:\/\/dutchhealthstore.com\/fr\/wp-json\/wp\/v2\/product\/123335","targetHints":{"allow":["GET"]}}],"collection":[{"href":"https:\/\/dutchhealthstore.com\/fr\/wp-json\/wp\/v2\/product"}],"about":[{"href":"https:\/\/dutchhealthstore.com\/fr\/wp-json\/wp\/v2\/types\/product"}],"replies":[{"embeddable":true,"href":"https:\/\/dutchhealthstore.com\/fr\/wp-json\/wp\/v2\/comments?post=123335"}],"wp:featuredmedia":[{"embeddable":true,"href":"https:\/\/dutchhealthstore.com\/fr\/wp-json\/wp\/v2\/media\/337328"}],"wp:attachment":[{"href":"https:\/\/dutchhealthstore.com\/fr\/wp-json\/wp\/v2\/media?parent=123335"}],"wp:term":[{"taxonomy":"product_brand","embeddable":true,"href":"https:\/\/dutchhealthstore.com\/fr\/wp-json\/wp\/v2\/product_brand?post=123335"},{"taxonomy":"product_cat","embeddable":true,"href":"https:\/\/dutchhealthstore.com\/fr\/wp-json\/wp\/v2\/product_cat?post=123335"},{"taxonomy":"product_tag","embeddable":true,"href":"https:\/\/dutchhealthstore.com\/fr\/wp-json\/wp\/v2\/product_tag?post=123335"}],"curies":[{"name":"wp","href":"https:\/\/api.w.org\/{rel}","templated":true}]}}