{"id":123223,"date":"2020-07-07T07:25:49","date_gmt":"2020-07-07T05:25:49","guid":{"rendered":"https:\/\/dutchhealthstore.com\/product\/sage-essential-oil\/"},"modified":"2025-11-23T13:18:26","modified_gmt":"2025-11-23T12:18:26","slug":"sage-essential-oil","status":"publish","type":"product","link":"https:\/\/dutchhealthstore.com\/fr\/product\/sage-essential-oil\/","title":{"rendered":"Sage Essential Oil"},"content":{"rendered":"<p><strong><img decoding=\"async\" class=\"size-full wp-image-69549 alignright\" src=\"https:\/\/dutchhealthstore.com\/wp-content\/uploads\/2019\/08\/NEW-Living-Libations-Logo.jpg\" alt=\"NEW - Living Libations - Logo\" width=\"175\" height=\"82\">Nom botanique:<\/strong> Salvia officinalis<br \/>\n<strong>Famille botanique:<\/strong> Lamiaceae<br \/>\n<strong>M\u00e9thode d&rsquo;extraction:<\/strong> Distillation \u00e0 la vapeur<br \/>\n<strong>Partie de la plante distill\u00e9e:<\/strong> Feuilles<br \/>\n<strong>Pays d&rsquo;origine:<\/strong> France<br \/>\n<strong>M\u00e9thode de culture:<\/strong> Organique<br \/>\n<strong>Coh\u00e9rence:<\/strong> Mince<br \/>\n<strong>Composition:<\/strong> 100% Salvia officinalis<\/p>\n<h3>Description de l&rsquo;odeur<\/h3>\n<p>Camphre herbac\u00e9 avec des feuilles fra\u00eeches et de la douceur.<\/p>\n<h3>Dans Living Libations<\/h3>\n<p>Sacred Sage Smudge<\/p>\n<h3>Se marie bien avec<\/h3>\n<p>V\u00e9tiver, Sapin, Encens, Palo Santo, Santal, Menthe poivr\u00e9e, Lavande, Marjolaine, Thym, Origan, Hysope, Myrte, Sauge sclar\u00e9e, Bergamote, Fragonia, C\u00e8dre, Nard, Bois de Bouddha et Rose.<\/p>\n<a href=\"https:\/\/dutchhealthstore.com\/wp-content\/uploads\/2020\/07\/ANALYSIS-Sage-Essential-Oil-Living-Libations.pdf\" class=\"button primary is-primary is-small\"  >\n\t\t<span>ANALYSE DES HUILES ESSENTIELLES &gt;<\/span>\n\t<\/a>\n\n<h3>Utilisations<\/h3>\n<p>Dans la pipe de sel, le diffuseur et les bains. Inhalez la bouteille pour stimuler l&rsquo;esprit. Diluer pour utiliser dans les soins corporels de massage et les toniques pour le cuir chevelu. Sublime pour faire des pschitt de sauge de c\u00e9r\u00e9monie. Tonique g\u00e9n\u00e9ral.<\/p>\n<p>Dans l&rsquo;Europe m\u00e9di\u00e9vale, on disait que la sauge b\u00e9nissait l&rsquo;\u00e2me en lui apportant sagesse, clart\u00e9 et conseils avis\u00e9s. Les Grecs anciens avaient l&rsquo;habitude de br\u00fbler des feuilles de sauge et d&rsquo;inhaler l&rsquo;ar\u00f4me camphr\u00e9 pour b\u00e9nir les respirations profondes. Et quel plaisir pour la peau! En compl\u00e9ment des nettoyants pour peaux acn\u00e9iques et grasses, Sage Essential Oil peut \u00eatre utilis\u00e9e pour obtenir une peau plus claire et plus lumineuse.<\/p>\n<p><strong>Taille: 5 ml et 15 ml<\/strong><\/p>\n<h3>Ingr\u00e9dients Biologiques<\/h3>\n<p>100% d&rsquo;huile essentielle de sauge (Salvia officinalis).<\/p>\n<p style=\"text-align: center;\"><em>\u00ab\u00a0Il a \u00e9t\u00e9 d\u00e9montr\u00e9 in vitro que l&rsquo;huile de sauge a un spectre d&rsquo;action extr\u00eamement large\u00a0\u00bb.<\/em><br \/>\n~ Kurt Schnaubelt, <strong>Advanced Aromatherapy<\/strong><\/p>\n<p style=\"text-align: center;\"><em>\u00ab\u00a0La sauge \u00e9tait cens\u00e9e bannir tout chagrin de l&rsquo;esprit et du corps&#8230;\u00a0\u00bb<\/em><br \/>\n~ Julia Lawless, <strong>Aromatherapy and the Mind<\/strong><\/p>\n<p style=\"text-align: center;\"><em>\u00ab\u00a0De toutes les herbes du jardin, aucune n&rsquo;est de plus grande vertu que la sauge&#8230; telle est la vertu de la sauge que, si c&rsquo;\u00e9tait possible, elle rendrait un homme immortel.\u00a0\u00bb<\/em><br \/>\n~ Thomas Coghan, <strong>Le Havre de la Sant\u00e9<\/strong><\/p>\n<p style=\"text-align: center;\"><em>\u00a0\u00bb La sauge fait un excellent gargarisme pour les bains de bouche et les soins buccaux&#8230;. L&rsquo;herbe s\u00e9ch\u00e9e est br\u00fbl\u00e9e comme encens pour la purification de l&rsquo;\u00e9nergie n\u00e9gative. Voici un ancien dicton \u00e0 propos de la sauge: \u00ab\u00a0Manger quelques feuilles de sauge par jour \u00e9loigne la vieillesse\u00a0\u00bb.<\/em><br \/>\n~ Brigitte Mars, <strong>Beauty by Nature<\/strong><\/p>\n<p><img fetchpriority=\"high\" decoding=\"async\" class=\"size-medium wp-image-68103 aligncenter\" src=\"https:\/\/dutchhealthstore.com\/wp-content\/uploads\/2018\/02\/Living-Libations-Organic-Logo-800x89.png\" alt=\"Living Libations - Organic Logo\" width=\"800\" height=\"89\" srcset=\"https:\/\/dutchhealthstore.com\/wp-content\/uploads\/2018\/02\/Living-Libations-Organic-Logo-800x89.png 800w, https:\/\/dutchhealthstore.com\/wp-content\/uploads\/2018\/02\/Living-Libations-Organic-Logo-510x57.png 510w, https:\/\/dutchhealthstore.com\/wp-content\/uploads\/2018\/02\/Living-Libations-Organic-Logo-768x85.png 768w, https:\/\/dutchhealthstore.com\/wp-content\/uploads\/2018\/02\/Living-Libations-Organic-Logo.png 1400w\" sizes=\"(max-width: 800px) 100vw, 800px\" \/><\/p>\n","protected":false},"excerpt":{"rendered":"<p><strong>Sage Essential Oil<\/strong> sagace est distill\u00e9 \u00e0 la vapeur d&rsquo;eau \u00e0 partir des feuilles duveteuses de la plante de sauge fran\u00e7aise, une herbe utilis\u00e9e plus fr\u00e9quemment \u00e0 travers l&rsquo;histoire que peut-\u00eatre toute autre.<br \/>\nLa popularit\u00e9 de Sage Essential Oil, depuis la Gr\u00e8ce antique jusqu&rsquo;\u00e0 la Renaissance, est due \u00e0 son \u00e9tonnante polyvalence pour la peau et les soins personnels.<br \/>\nSon homonyme est d\u00e9riv\u00e9 du latin salvaro, qui signifie \u00ab\u00a0sauver\u00a0\u00bb.<br \/>\nLa litt\u00e9rature s\u00e9culaire des quatre coins du monde fait r\u00e9f\u00e9rence au pouvoir global de la sauge; quelques gouttes par jour suffisent pour garder l&rsquo;esprit en \u00e9veil!<\/p>\n","protected":false},"featured_media":112107,"comment_status":"open","ping_status":"closed","template":"","meta":[],"product_brand":[],"product_cat":[6734,1507,1211,1209,3757,6733],"product_tag":[4495],"class_list":{"0":"post-123223","1":"product","2":"type-product","3":"status-publish","4":"has-post-thumbnail","6":"product_cat-essential-oils","7":"product_cat-plantes-huiles-essentielles-living-libations","8":"product_cat-living-libations-france","9":"product_cat-par-marques","10":"product_cat-plantes-huiles-essentielles","11":"product_cat-wellness-fr-2","12":"product_tag-essential-oil-fr","13":"pa_brand-livinglibations-fr","14":"pa_essential-oils-product-type-essential-oils-fr","15":"pa_size-15-ml-fr","16":"pa_size-5-ml-fr","18":"first","19":"instock","20":"taxable","21":"shipping-taxable","22":"purchasable","23":"product-type-variable"},"bundled_by":[],"bundle_stock_status":"instock","bundle_stock_quantity":null,"bundle_virtual":false,"bundle_layout":"","bundle_add_to_cart_form_location":"","bundle_editable_in_cart":false,"bundle_sold_individually_context":"","bundle_item_grouping":"","bundle_min_size":"","bundle_max_size":"","bundle_price":[],"bundled_items":[],"bundle_sell_ids":[],"atum_controlled":true,"out_stock_date":null,"out_stock_threshold":null,"inheritable":true,"stock_on_hold":0,"sold_today":0,"sales_last_days":0,"out_stock_days":0,"lost_sales":0,"update_date":"2026-04-10T09:01:04","atum_locations":[],"atum_stock_status":"instock","restock_status":false,"low_stock_amount":"","sales_update_date":"2026-04-10T09:01:04","calc_backorders":null,"group_of_quantity":0,"min_quantity":0,"max_quantity":"","exclude_order_quantity_value_rules":"no","exclude_category_quantity_rules":"no","combine_variations":"no","yoast_head":"<!-- This site is optimized with the Yoast SEO Premium plugin v26.5 (Yoast SEO v26.5) - https:\/\/yoast.com\/wordpress\/plugins\/seo\/ -->\n<title>Sage Essential Oil | Living Libations<\/title>\n<meta name=\"description\" content=\"La popularit\u00e9 de Sage Essential Oil, depuis la Gr\u00e8ce antique jusqu&#039;\u00e0 la Renaissance, est due \u00e0 son \u00e9tonnante capacit\u00e9 \u00e0 tout faire pour la peau et les soins personnels.\" \/>\n<meta name=\"robots\" content=\"index, follow, max-snippet:-1, max-image-preview:large, max-video-preview:-1\" \/>\n<link rel=\"canonical\" href=\"https:\/\/dutchhealthstore.com\/fr\/product\/sage-essential-oil\/\" \/>\n<meta property=\"og:locale\" content=\"fr_FR\" \/>\n<meta property=\"og:type\" content=\"article\" \/>\n<meta property=\"og:title\" content=\"Sage Essential Oil - Dutch Health Store\" \/>\n<meta property=\"og:description\" content=\"La popularit\u00e9 de Sage Essential Oil, depuis la Gr\u00e8ce antique jusqu&#039;\u00e0 la Renaissance, est due \u00e0 son \u00e9tonnante capacit\u00e9 \u00e0 tout faire pour la peau et les soins personnels.\" \/>\n<meta property=\"og:url\" content=\"https:\/\/dutchhealthstore.com\/fr\/product\/sage-essential-oil\/\" \/>\n<meta property=\"og:site_name\" content=\"Dutch Health Store\" \/>\n<meta property=\"article:publisher\" content=\"https:\/\/www.instagram.com\/dutchhealthstore\/\" \/>\n<meta property=\"article:modified_time\" content=\"2025-11-23T12:18:26+00:00\" \/>\n<meta property=\"og:image\" content=\"https:\/\/dutchhealthstore.com\/wp-content\/uploads\/2020\/07\/Living-Libations-Sage-Essential-Oil-1-e1594205491237.jpg\" \/>\n\t<meta property=\"og:image:width\" content=\"500\" \/>\n\t<meta property=\"og:image:height\" content=\"500\" \/>\n\t<meta property=\"og:image:type\" content=\"image\/jpeg\" \/>\n<meta name=\"twitter:card\" content=\"summary_large_image\" \/>\n<meta name=\"twitter:label1\" content=\"Disponibilit\u00e9\" \/>\n\t<meta name=\"twitter:data1\" content=\"En stock\" \/>\n<script type=\"application\/ld+json\" class=\"yoast-schema-graph\">{\"@context\":\"https:\/\/schema.org\",\"@graph\":[{\"@type\":\"WebPage\",\"@id\":\"https:\/\/dutchhealthstore.com\/fr\/product\/sage-essential-oil\/\",\"url\":\"https:\/\/dutchhealthstore.com\/fr\/product\/sage-essential-oil\/\",\"name\":\"Sage Essential Oil | Living Libations\",\"isPartOf\":{\"@id\":\"https:\/\/dutchhealthstore.com\/fr\/#website\"},\"primaryImageOfPage\":{\"@id\":\"https:\/\/dutchhealthstore.com\/fr\/product\/sage-essential-oil\/#primaryimage\"},\"image\":{\"@id\":\"https:\/\/dutchhealthstore.com\/fr\/product\/sage-essential-oil\/#primaryimage\"},\"thumbnailUrl\":\"https:\/\/dutchhealthstore.com\/wp-content\/uploads\/2020\/07\/Living-Libations-Sage-Essential-Oil-1-e1594205491237.jpg\",\"datePublished\":\"2020-07-07T05:25:49+00:00\",\"dateModified\":\"2025-11-23T12:18:26+00:00\",\"description\":\"La popularit\u00e9 de Sage Essential Oil, depuis la Gr\u00e8ce antique jusqu'\u00e0 la Renaissance, est due \u00e0 son \u00e9tonnante capacit\u00e9 \u00e0 tout faire pour la peau et les soins personnels.\",\"breadcrumb\":{\"@id\":\"https:\/\/dutchhealthstore.com\/fr\/product\/sage-essential-oil\/#breadcrumb\"},\"inLanguage\":\"fr-FR\",\"potentialAction\":[{\"@type\":\"ReadAction\",\"target\":[\"https:\/\/dutchhealthstore.com\/fr\/product\/sage-essential-oil\/\"]}]},{\"@type\":\"ImageObject\",\"inLanguage\":\"fr-FR\",\"@id\":\"https:\/\/dutchhealthstore.com\/fr\/product\/sage-essential-oil\/#primaryimage\",\"url\":\"https:\/\/dutchhealthstore.com\/wp-content\/uploads\/2020\/07\/Living-Libations-Sage-Essential-Oil-1-e1594205491237.jpg\",\"contentUrl\":\"https:\/\/dutchhealthstore.com\/wp-content\/uploads\/2020\/07\/Living-Libations-Sage-Essential-Oil-1-e1594205491237.jpg\",\"width\":500,\"height\":500,\"caption\":\"Living Libations - Sage Essential Oil\"},{\"@type\":\"BreadcrumbList\",\"@id\":\"https:\/\/dutchhealthstore.com\/fr\/product\/sage-essential-oil\/#breadcrumb\",\"itemListElement\":[{\"@type\":\"ListItem\",\"position\":1,\"name\":\"Home\",\"item\":\"https:\/\/dutchhealthstore.com\/fr\/\"},{\"@type\":\"ListItem\",\"position\":2,\"name\":\"Shop\",\"item\":\"https:\/\/dutchhealthstore.com\/fr\/shop\/\"},{\"@type\":\"ListItem\",\"position\":3,\"name\":\"Sage Essential Oil\"}]},{\"@type\":\"WebSite\",\"@id\":\"https:\/\/dutchhealthstore.com\/fr\/#website\",\"url\":\"https:\/\/dutchhealthstore.com\/fr\/\",\"name\":\"Dutch Health Store\",\"description\":\"Enhance Your Beauty with Organic &amp; Natural Skincare\",\"publisher\":{\"@id\":\"https:\/\/dutchhealthstore.com\/fr\/#organization\"},\"potentialAction\":[{\"@type\":\"SearchAction\",\"target\":{\"@type\":\"EntryPoint\",\"urlTemplate\":\"https:\/\/dutchhealthstore.com\/fr\/?s={search_term_string}\"},\"query-input\":{\"@type\":\"PropertyValueSpecification\",\"valueRequired\":true,\"valueName\":\"search_term_string\"}}],\"inLanguage\":\"fr-FR\"},{\"@type\":\"Organization\",\"@id\":\"https:\/\/dutchhealthstore.com\/fr\/#organization\",\"name\":\"Dutch Health Store\",\"url\":\"https:\/\/dutchhealthstore.com\/fr\/\",\"logo\":{\"@type\":\"ImageObject\",\"inLanguage\":\"fr-FR\",\"@id\":\"https:\/\/dutchhealthstore.com\/fr\/#\/schema\/logo\/image\/\",\"url\":\"https:\/\/dutchhealthstore.com\/wp-content\/uploads\/2020\/08\/logo-dutchhealthstore-jpg-e1599484957574.jpg\",\"contentUrl\":\"https:\/\/dutchhealthstore.com\/wp-content\/uploads\/2020\/08\/logo-dutchhealthstore-jpg-e1599484957574.jpg\",\"width\":400,\"height\":62,\"caption\":\"Dutch Health Store\"},\"image\":{\"@id\":\"https:\/\/dutchhealthstore.com\/fr\/#\/schema\/logo\/image\/\"},\"sameAs\":[\"https:\/\/www.instagram.com\/dutchhealthstore\/\",\"https:\/\/www.facebook.com\/dutchhealthstore\"]}]}<\/script>\n<meta property=\"product:brand\" content=\"Living Libations\" \/>\n<meta property=\"og:availability\" content=\"instock\" \/>\n<meta property=\"product:availability\" content=\"instock\" \/>\n<meta property=\"product:condition\" content=\"new\" \/>\n<!-- \/ Yoast SEO Premium plugin. -->","yoast_head_json":{"title":"Sage Essential Oil | Living Libations","description":"La popularit\u00e9 de Sage Essential Oil, depuis la Gr\u00e8ce antique jusqu'\u00e0 la Renaissance, est due \u00e0 son \u00e9tonnante capacit\u00e9 \u00e0 tout faire pour la peau et les soins personnels.","robots":{"index":"index","follow":"follow","max-snippet":"max-snippet:-1","max-image-preview":"max-image-preview:large","max-video-preview":"max-video-preview:-1"},"canonical":"https:\/\/dutchhealthstore.com\/fr\/product\/sage-essential-oil\/","og_locale":"fr_FR","og_type":"article","og_title":"Sage Essential Oil - Dutch Health Store","og_description":"La popularit\u00e9 de Sage Essential Oil, depuis la Gr\u00e8ce antique jusqu'\u00e0 la Renaissance, est due \u00e0 son \u00e9tonnante capacit\u00e9 \u00e0 tout faire pour la peau et les soins personnels.","og_url":"https:\/\/dutchhealthstore.com\/fr\/product\/sage-essential-oil\/","og_site_name":"Dutch Health Store","article_publisher":"https:\/\/www.instagram.com\/dutchhealthstore\/","article_modified_time":"2025-11-23T12:18:26+00:00","og_image":[{"width":500,"height":500,"url":"https:\/\/dutchhealthstore.com\/wp-content\/uploads\/2020\/07\/Living-Libations-Sage-Essential-Oil-1-e1594205491237.jpg","type":"image\/jpeg"}],"twitter_card":"summary_large_image","twitter_misc":{"Disponibilit\u00e9":"En stock"},"schema":{"@context":"https:\/\/schema.org","@graph":[{"@type":"WebPage","@id":"https:\/\/dutchhealthstore.com\/fr\/product\/sage-essential-oil\/","url":"https:\/\/dutchhealthstore.com\/fr\/product\/sage-essential-oil\/","name":"Sage Essential Oil | Living Libations","isPartOf":{"@id":"https:\/\/dutchhealthstore.com\/fr\/#website"},"primaryImageOfPage":{"@id":"https:\/\/dutchhealthstore.com\/fr\/product\/sage-essential-oil\/#primaryimage"},"image":{"@id":"https:\/\/dutchhealthstore.com\/fr\/product\/sage-essential-oil\/#primaryimage"},"thumbnailUrl":"https:\/\/dutchhealthstore.com\/wp-content\/uploads\/2020\/07\/Living-Libations-Sage-Essential-Oil-1-e1594205491237.jpg","datePublished":"2020-07-07T05:25:49+00:00","dateModified":"2025-11-23T12:18:26+00:00","description":"La popularit\u00e9 de Sage Essential Oil, depuis la Gr\u00e8ce antique jusqu'\u00e0 la Renaissance, est due \u00e0 son \u00e9tonnante capacit\u00e9 \u00e0 tout faire pour la peau et les soins personnels.","breadcrumb":{"@id":"https:\/\/dutchhealthstore.com\/fr\/product\/sage-essential-oil\/#breadcrumb"},"inLanguage":"fr-FR","potentialAction":[{"@type":"ReadAction","target":["https:\/\/dutchhealthstore.com\/fr\/product\/sage-essential-oil\/"]}]},{"@type":"ImageObject","inLanguage":"fr-FR","@id":"https:\/\/dutchhealthstore.com\/fr\/product\/sage-essential-oil\/#primaryimage","url":"https:\/\/dutchhealthstore.com\/wp-content\/uploads\/2020\/07\/Living-Libations-Sage-Essential-Oil-1-e1594205491237.jpg","contentUrl":"https:\/\/dutchhealthstore.com\/wp-content\/uploads\/2020\/07\/Living-Libations-Sage-Essential-Oil-1-e1594205491237.jpg","width":500,"height":500,"caption":"Living Libations - Sage Essential Oil"},{"@type":"BreadcrumbList","@id":"https:\/\/dutchhealthstore.com\/fr\/product\/sage-essential-oil\/#breadcrumb","itemListElement":[{"@type":"ListItem","position":1,"name":"Home","item":"https:\/\/dutchhealthstore.com\/fr\/"},{"@type":"ListItem","position":2,"name":"Shop","item":"https:\/\/dutchhealthstore.com\/fr\/shop\/"},{"@type":"ListItem","position":3,"name":"Sage Essential Oil"}]},{"@type":"WebSite","@id":"https:\/\/dutchhealthstore.com\/fr\/#website","url":"https:\/\/dutchhealthstore.com\/fr\/","name":"Dutch Health Store","description":"Enhance Your Beauty with Organic &amp; Natural Skincare","publisher":{"@id":"https:\/\/dutchhealthstore.com\/fr\/#organization"},"potentialAction":[{"@type":"SearchAction","target":{"@type":"EntryPoint","urlTemplate":"https:\/\/dutchhealthstore.com\/fr\/?s={search_term_string}"},"query-input":{"@type":"PropertyValueSpecification","valueRequired":true,"valueName":"search_term_string"}}],"inLanguage":"fr-FR"},{"@type":"Organization","@id":"https:\/\/dutchhealthstore.com\/fr\/#organization","name":"Dutch Health Store","url":"https:\/\/dutchhealthstore.com\/fr\/","logo":{"@type":"ImageObject","inLanguage":"fr-FR","@id":"https:\/\/dutchhealthstore.com\/fr\/#\/schema\/logo\/image\/","url":"https:\/\/dutchhealthstore.com\/wp-content\/uploads\/2020\/08\/logo-dutchhealthstore-jpg-e1599484957574.jpg","contentUrl":"https:\/\/dutchhealthstore.com\/wp-content\/uploads\/2020\/08\/logo-dutchhealthstore-jpg-e1599484957574.jpg","width":400,"height":62,"caption":"Dutch Health Store"},"image":{"@id":"https:\/\/dutchhealthstore.com\/fr\/#\/schema\/logo\/image\/"},"sameAs":["https:\/\/www.instagram.com\/dutchhealthstore\/","https:\/\/www.facebook.com\/dutchhealthstore"]}]},"product_brand":"Living Libations","og_availability":"instock","product_availability":"instock","product_condition":"new"},"_links":{"self":[{"href":"https:\/\/dutchhealthstore.com\/fr\/wp-json\/wp\/v2\/product\/123223","targetHints":{"allow":["GET"]}}],"collection":[{"href":"https:\/\/dutchhealthstore.com\/fr\/wp-json\/wp\/v2\/product"}],"about":[{"href":"https:\/\/dutchhealthstore.com\/fr\/wp-json\/wp\/v2\/types\/product"}],"replies":[{"embeddable":true,"href":"https:\/\/dutchhealthstore.com\/fr\/wp-json\/wp\/v2\/comments?post=123223"}],"wp:featuredmedia":[{"embeddable":true,"href":"https:\/\/dutchhealthstore.com\/fr\/wp-json\/wp\/v2\/media\/112107"}],"wp:attachment":[{"href":"https:\/\/dutchhealthstore.com\/fr\/wp-json\/wp\/v2\/media?parent=123223"}],"wp:term":[{"taxonomy":"product_brand","embeddable":true,"href":"https:\/\/dutchhealthstore.com\/fr\/wp-json\/wp\/v2\/product_brand?post=123223"},{"taxonomy":"product_cat","embeddable":true,"href":"https:\/\/dutchhealthstore.com\/fr\/wp-json\/wp\/v2\/product_cat?post=123223"},{"taxonomy":"product_tag","embeddable":true,"href":"https:\/\/dutchhealthstore.com\/fr\/wp-json\/wp\/v2\/product_tag?post=123223"}],"curies":[{"name":"wp","href":"https:\/\/api.w.org\/{rel}","templated":true}]}}