{"id":123192,"date":"2018-02-10T18:18:59","date_gmt":"2018-02-10T17:18:59","guid":{"rendered":"https:\/\/dutchhealthstore.com\/product\/rosewood-essential-oil\/"},"modified":"2024-04-03T14:55:50","modified_gmt":"2024-04-03T14:55:50","slug":"rosewood-essential-oil","status":"publish","type":"product","link":"https:\/\/dutchhealthstore.com\/fr\/product\/rosewood-essential-oil\/","title":{"rendered":"Rosewood Essential Oil"},"content":{"rendered":"<p style=\"font-weight: 400;\"><b><strong><img decoding=\"async\" class=\"size-full wp-image-69549 alignright\" src=\"https:\/\/dutchhealthstore.com\/wp-content\/uploads\/2019\/08\/NEW-Living-Libations-Logo.jpg\" alt=\"NEW - Living Libations - Logo\" width=\"175\" height=\"82\">Nom botanique<\/strong><\/b>: <i><em>Aniba rosaeodora<br \/>\n<\/em><\/i><b><strong>Famille botanique : <\/strong><\/b><i><em>Lauraceae<br \/>\n<\/em><\/i><b><strong>M\u00e9thode d&rsquo;extraction :<\/strong><\/b> Distill\u00e9 \u00e0 la vapeur<br \/>\n<span style=\"font-weight: 400;\"><b><strong>Partie de la plante distill\u00e9e :<\/strong><\/b><\/span><span style=\"font-weight: 400;\">Branches<br \/>\n<\/span><b><strong>Pays d&rsquo;origine :<\/strong><\/b> Br\u00e9sil<br \/>\n<b><strong>M\u00e9thode de culture : <\/strong><\/b>Eco-cert<b> <\/b>et de l&rsquo;artisanat sauvage \u00e9thique<\/p>\n<h3 style=\"font-weight: 400;\"><strong>Description de l&rsquo;odeur<\/strong><\/h3>\n<p style=\"font-weight: 400;\">Parfum doux, d\u00e9licat, ros\u00e9, floral, avec des nuances douces et bois\u00e9es.<\/p>\n<h3 style=\"font-weight: 400;\"><strong>Se m\u00e9lange bien avec<\/strong><\/h3>\n<p style=\"font-weight: 400;\">Bergamote, lavande, ylang, g\u00e9ranium, encens, palmarosa, bois de santal, n\u00e9roli, rose otto, citron, pamplemousse, thym doux, vanille, cannelle, lilas, gard\u00e9nia, immortelle et marjolaine.<\/p>\n<h3 style=\"font-weight: 400;\"><strong>Utilisations<\/strong><\/h3>\n<p style=\"font-weight: 400;\">Positivement parfait dans les parfums l\u00e9gers et charmants du printemps. Ajouter aux s\u00e9rums de soins de la peau, aux huiles corporelles pour le massage et aux bains avant le coucher. Diffusez ou inhalez pour son luxe \u00e9clairant qui calme et r\u00e9conforte les \u00e9tats fatigu\u00e9s et l&rsquo;\u00e9puisement de fin de journ\u00e9e.<\/p>\n<p style=\"font-weight: 400;\">Les douces teintes ros\u00e9es du bois de rose proviennent d&rsquo;une combinaison unique d&rsquo;alcools monoterp\u00e9niques b\u00e9n\u00e9fiques pour la peau, \u00e0 savoir le <i><em>linalol<\/em><\/i> et <i><em>g\u00e9raniol<\/em><\/i> (\u00e9galement pr\u00e9sents naturel dans les huiles essentielles de g\u00e9ranium et de rose). Cette essence antifongique douce poss\u00e8de \u00e9galement des qualit\u00e9s tonifiantes qui sont un baume pour le stress, un nid pour les nerfs et un relaxant pour les tensions.<\/p>\n<p style=\"font-weight: 400;\">Le bois de rose reconstituant est absolument b\u00e9n\u00e9fique dans les s\u00e9rums pour la peau. Pour profiter de ses bienfaits, utilisez les gouttelettes dans les bains, les huiles de massage et les pommades pour la peau. Combin\u00e9 avec les huiles d&rsquo;immortelle, de rose otto, de lavande et d&rsquo;\u00e9glantier, ce m\u00e9lange envo\u00fbtant fera chanter la peau et la rendra souple et douce, \u00e9quilibrant ainsi tous les teints.<\/p>\n<p><strong>Taille: 5 ml, 15 ml et 30 ml<\/strong><\/p>\n<h3>Ingr\u00e9dients biologiques<\/h3>\n<p>100% huile essentielle de bois de rose (Aniba rosaeodora).<\/p>\n<p style=\"font-weight: 400; text-align: center;\"><em>\u00ab\u00a0Attributs \u00e9motionnels : le bois de rose encourage la tranquillit\u00e9 et le travail \u00e9motionnel constructif.\u00a0\u00bb<\/em><br \/>\n\u223c Keville and Green, <i><em>Aromatherapy: <strong>A Complete Guide to the Healing Art<\/strong><\/em><\/i><\/p>\n<p style=\"font-weight: 400; text-align: center;\"><em>\u00ab\u00a0Bois de rose : l&rsquo;huile essentielle a une odeur bois\u00e9e douce et sucr\u00e9e, avec des notes ros\u00e9es ; un m\u00e9lange rac\u00e9mique de d-et l-linalol domine (85%), avec de l&rsquo;a-terpin\u00e9ol (3-5%) et un oxyde de cis- et trans-linalool (3%) ; sur la base de ces constituants, elle devrait avoir des actions anti-nociceptives, anti-inflammatoires, anti-oxydantes, antimicrobiennes et anxiolytiques.\u00a0\u00bb<\/em><br \/>\n\u223c Jennifer Peace Rhind<em>, <\/em><strong>Aromatherapeutic Blending<\/strong><\/p>\n<p><img fetchpriority=\"high\" decoding=\"async\" class=\"aligncenter size-full wp-image-31577\" src=\"https:\/\/dutchhealthstore.com\/wp-content\/uploads\/2018\/03\/organic_big.png\" alt=\"Organic and Natural - Living Libations\" width=\"623\" height=\"103\" srcset=\"https:\/\/dutchhealthstore.com\/wp-content\/uploads\/2018\/03\/organic_big.png 623w, https:\/\/dutchhealthstore.com\/wp-content\/uploads\/2018\/03\/organic_big-510x84.png 510w, https:\/\/dutchhealthstore.com\/wp-content\/uploads\/2018\/03\/organic_big-600x99.png 600w, https:\/\/dutchhealthstore.com\/wp-content\/uploads\/2018\/03\/organic_big-350x58.png 350w\" sizes=\"(max-width: 623px) 100vw, 623px\" \/><\/p>\n","protected":false},"excerpt":{"rendered":"<p><b>Rosewood essential oil<\/b> rajeunissante Living Libations est un ar\u00f4me stimulant distill\u00e9 \u00e0 partir des branches de ce feuillage tropical persistant.<br \/>\nCette belle essence de bois \u00e0 l&rsquo;ar\u00f4me ros\u00e9 rare est \u00e9galement connue sous le nom de Bois de Rose.<br \/>\nNotre essence de bois de rose est tr\u00e8s riche en linalool naturel, ce qui en fait une huile optimale pour les pr\u00e9parations de soins apaisantes, parfaite en parfumerie et excellente pour \u00e9lever les \u00e9motions.<\/p>\n","protected":false},"featured_media":114127,"comment_status":"open","ping_status":"closed","template":"","meta":[],"product_brand":[],"product_cat":[6734,1507,1211,1209,3757,1010,6733],"product_tag":[4495],"class_list":{"0":"post-123192","1":"product","2":"type-product","3":"status-publish","4":"has-post-thumbnail","6":"product_cat-essential-oils","7":"product_cat-plantes-huiles-essentielles-living-libations","8":"product_cat-living-libations-france","9":"product_cat-par-marques","10":"product_cat-plantes-huiles-essentielles","11":"product_cat-notre-boutique","12":"product_cat-wellness-fr-2","13":"product_tag-essential-oil-fr","14":"pa_brand-livinglibations-fr","15":"pa_essential-oils-product-type-essential-oils-fr","16":"pa_size-15-ml-fr","17":"pa_size-30-ml-fr","18":"pa_size-5-ml-fr","20":"first","21":"instock","22":"taxable","23":"shipping-taxable","24":"purchasable","25":"product-type-variable"},"bundled_by":[],"bundle_stock_status":"instock","bundle_stock_quantity":null,"bundle_virtual":false,"bundle_layout":"","bundle_add_to_cart_form_location":"","bundle_editable_in_cart":false,"bundle_sold_individually_context":"","bundle_item_grouping":"","bundle_min_size":"","bundle_max_size":"","bundle_price":[],"bundled_items":[],"bundle_sell_ids":[],"atum_controlled":true,"out_stock_date":"2021-03-12 22:57:24","out_stock_threshold":null,"inheritable":true,"stock_on_hold":0,"sold_today":0,"sales_last_days":0,"out_stock_days":1883,"lost_sales":0,"update_date":"2026-05-09T00:19:59","atum_locations":[],"atum_stock_status":"instock","restock_status":false,"low_stock_amount":"","sales_update_date":"2026-05-09T00:19:59","calc_backorders":null,"group_of_quantity":0,"min_quantity":0,"max_quantity":"","exclude_order_quantity_value_rules":"no","exclude_category_quantity_rules":"no","combine_variations":"no","yoast_head":"<!-- This site is optimized with the Yoast SEO Premium plugin v26.5 (Yoast SEO v26.5) - https:\/\/yoast.com\/wordpress\/plugins\/seo\/ -->\n<title>Rosewood Essential Oil - Living Libations<\/title>\n<meta name=\"description\" content=\"L&#039;essence de bois de rose est riche en linalool naturel, ce qui en fait une huile optimale pour les pr\u00e9parations de soins apaisantes, parfaite en parfumerie.\" \/>\n<meta name=\"robots\" content=\"index, follow, max-snippet:-1, max-image-preview:large, max-video-preview:-1\" \/>\n<link rel=\"canonical\" href=\"https:\/\/dutchhealthstore.com\/fr\/product\/rosewood-essential-oil\/\" \/>\n<meta property=\"og:locale\" content=\"fr_FR\" \/>\n<meta property=\"og:type\" content=\"article\" \/>\n<meta property=\"og:title\" content=\"Rosewood Essential Oil - Dutch Health Store\" \/>\n<meta property=\"og:description\" content=\"L&#039;essence de bois de rose est riche en linalool naturel, ce qui en fait une huile optimale pour les pr\u00e9parations de soins apaisantes, parfaite en parfumerie.\" \/>\n<meta property=\"og:url\" content=\"https:\/\/dutchhealthstore.com\/fr\/product\/rosewood-essential-oil\/\" \/>\n<meta property=\"og:site_name\" content=\"Dutch Health Store\" \/>\n<meta property=\"article:publisher\" content=\"https:\/\/www.instagram.com\/dutchhealthstore\/\" \/>\n<meta property=\"article:modified_time\" content=\"2024-04-03T14:55:50+00:00\" \/>\n<meta property=\"og:image\" content=\"https:\/\/dutchhealthstore.com\/wp-content\/uploads\/2018\/02\/Living-Libations-Rosewood-Essential-Oil-e1594904110152.jpg\" \/>\n\t<meta property=\"og:image:width\" content=\"500\" \/>\n\t<meta property=\"og:image:height\" content=\"500\" \/>\n\t<meta property=\"og:image:type\" content=\"image\/jpeg\" \/>\n<meta name=\"twitter:card\" content=\"summary_large_image\" \/>\n<meta name=\"twitter:label1\" content=\"Disponibilit\u00e9\" \/>\n\t<meta name=\"twitter:data1\" content=\"En stock\" \/>\n<script type=\"application\/ld+json\" class=\"yoast-schema-graph\">{\"@context\":\"https:\/\/schema.org\",\"@graph\":[{\"@type\":\"WebPage\",\"@id\":\"https:\/\/dutchhealthstore.com\/fr\/product\/rosewood-essential-oil\/\",\"url\":\"https:\/\/dutchhealthstore.com\/fr\/product\/rosewood-essential-oil\/\",\"name\":\"Rosewood Essential Oil - Living Libations\",\"isPartOf\":{\"@id\":\"https:\/\/dutchhealthstore.com\/fr\/#website\"},\"primaryImageOfPage\":{\"@id\":\"https:\/\/dutchhealthstore.com\/fr\/product\/rosewood-essential-oil\/#primaryimage\"},\"image\":{\"@id\":\"https:\/\/dutchhealthstore.com\/fr\/product\/rosewood-essential-oil\/#primaryimage\"},\"thumbnailUrl\":\"https:\/\/dutchhealthstore.com\/wp-content\/uploads\/2018\/02\/Living-Libations-Rosewood-Essential-Oil-e1594904110152.jpg\",\"datePublished\":\"2018-02-10T17:18:59+00:00\",\"dateModified\":\"2024-04-03T14:55:50+00:00\",\"description\":\"L'essence de bois de rose est riche en linalool naturel, ce qui en fait une huile optimale pour les pr\u00e9parations de soins apaisantes, parfaite en parfumerie.\",\"breadcrumb\":{\"@id\":\"https:\/\/dutchhealthstore.com\/fr\/product\/rosewood-essential-oil\/#breadcrumb\"},\"inLanguage\":\"fr-FR\",\"potentialAction\":[{\"@type\":\"ReadAction\",\"target\":[\"https:\/\/dutchhealthstore.com\/fr\/product\/rosewood-essential-oil\/\"]}]},{\"@type\":\"ImageObject\",\"inLanguage\":\"fr-FR\",\"@id\":\"https:\/\/dutchhealthstore.com\/fr\/product\/rosewood-essential-oil\/#primaryimage\",\"url\":\"https:\/\/dutchhealthstore.com\/wp-content\/uploads\/2018\/02\/Living-Libations-Rosewood-Essential-Oil-e1594904110152.jpg\",\"contentUrl\":\"https:\/\/dutchhealthstore.com\/wp-content\/uploads\/2018\/02\/Living-Libations-Rosewood-Essential-Oil-e1594904110152.jpg\",\"width\":500,\"height\":500,\"caption\":\"Living Libations Rosewood Essential Oil\"},{\"@type\":\"BreadcrumbList\",\"@id\":\"https:\/\/dutchhealthstore.com\/fr\/product\/rosewood-essential-oil\/#breadcrumb\",\"itemListElement\":[{\"@type\":\"ListItem\",\"position\":1,\"name\":\"Home\",\"item\":\"https:\/\/dutchhealthstore.com\/fr\/\"},{\"@type\":\"ListItem\",\"position\":2,\"name\":\"Shop\",\"item\":\"https:\/\/dutchhealthstore.com\/fr\/shop\/\"},{\"@type\":\"ListItem\",\"position\":3,\"name\":\"Rosewood Essential Oil\"}]},{\"@type\":\"WebSite\",\"@id\":\"https:\/\/dutchhealthstore.com\/fr\/#website\",\"url\":\"https:\/\/dutchhealthstore.com\/fr\/\",\"name\":\"Dutch Health Store\",\"description\":\"Enhance Your Beauty with Organic &amp; Natural Skincare\",\"publisher\":{\"@id\":\"https:\/\/dutchhealthstore.com\/fr\/#organization\"},\"potentialAction\":[{\"@type\":\"SearchAction\",\"target\":{\"@type\":\"EntryPoint\",\"urlTemplate\":\"https:\/\/dutchhealthstore.com\/fr\/?s={search_term_string}\"},\"query-input\":{\"@type\":\"PropertyValueSpecification\",\"valueRequired\":true,\"valueName\":\"search_term_string\"}}],\"inLanguage\":\"fr-FR\"},{\"@type\":\"Organization\",\"@id\":\"https:\/\/dutchhealthstore.com\/fr\/#organization\",\"name\":\"Dutch Health Store\",\"url\":\"https:\/\/dutchhealthstore.com\/fr\/\",\"logo\":{\"@type\":\"ImageObject\",\"inLanguage\":\"fr-FR\",\"@id\":\"https:\/\/dutchhealthstore.com\/fr\/#\/schema\/logo\/image\/\",\"url\":\"https:\/\/dutchhealthstore.com\/wp-content\/uploads\/2020\/08\/logo-dutchhealthstore-jpg-e1599484957574.jpg\",\"contentUrl\":\"https:\/\/dutchhealthstore.com\/wp-content\/uploads\/2020\/08\/logo-dutchhealthstore-jpg-e1599484957574.jpg\",\"width\":400,\"height\":62,\"caption\":\"Dutch Health Store\"},\"image\":{\"@id\":\"https:\/\/dutchhealthstore.com\/fr\/#\/schema\/logo\/image\/\"},\"sameAs\":[\"https:\/\/www.instagram.com\/dutchhealthstore\/\",\"https:\/\/www.facebook.com\/dutchhealthstore\"]}]}<\/script>\n<meta property=\"product:brand\" content=\"Living Libations\" \/>\n<meta property=\"og:availability\" content=\"instock\" \/>\n<meta property=\"product:availability\" content=\"instock\" \/>\n<meta property=\"product:condition\" content=\"new\" \/>\n<!-- \/ Yoast SEO Premium plugin. -->","yoast_head_json":{"title":"Rosewood Essential Oil - Living Libations","description":"L'essence de bois de rose est riche en linalool naturel, ce qui en fait une huile optimale pour les pr\u00e9parations de soins apaisantes, parfaite en parfumerie.","robots":{"index":"index","follow":"follow","max-snippet":"max-snippet:-1","max-image-preview":"max-image-preview:large","max-video-preview":"max-video-preview:-1"},"canonical":"https:\/\/dutchhealthstore.com\/fr\/product\/rosewood-essential-oil\/","og_locale":"fr_FR","og_type":"article","og_title":"Rosewood Essential Oil - Dutch Health Store","og_description":"L'essence de bois de rose est riche en linalool naturel, ce qui en fait une huile optimale pour les pr\u00e9parations de soins apaisantes, parfaite en parfumerie.","og_url":"https:\/\/dutchhealthstore.com\/fr\/product\/rosewood-essential-oil\/","og_site_name":"Dutch Health Store","article_publisher":"https:\/\/www.instagram.com\/dutchhealthstore\/","article_modified_time":"2024-04-03T14:55:50+00:00","og_image":[{"width":500,"height":500,"url":"https:\/\/dutchhealthstore.com\/wp-content\/uploads\/2018\/02\/Living-Libations-Rosewood-Essential-Oil-e1594904110152.jpg","type":"image\/jpeg"}],"twitter_card":"summary_large_image","twitter_misc":{"Disponibilit\u00e9":"En stock"},"schema":{"@context":"https:\/\/schema.org","@graph":[{"@type":"WebPage","@id":"https:\/\/dutchhealthstore.com\/fr\/product\/rosewood-essential-oil\/","url":"https:\/\/dutchhealthstore.com\/fr\/product\/rosewood-essential-oil\/","name":"Rosewood Essential Oil - Living Libations","isPartOf":{"@id":"https:\/\/dutchhealthstore.com\/fr\/#website"},"primaryImageOfPage":{"@id":"https:\/\/dutchhealthstore.com\/fr\/product\/rosewood-essential-oil\/#primaryimage"},"image":{"@id":"https:\/\/dutchhealthstore.com\/fr\/product\/rosewood-essential-oil\/#primaryimage"},"thumbnailUrl":"https:\/\/dutchhealthstore.com\/wp-content\/uploads\/2018\/02\/Living-Libations-Rosewood-Essential-Oil-e1594904110152.jpg","datePublished":"2018-02-10T17:18:59+00:00","dateModified":"2024-04-03T14:55:50+00:00","description":"L'essence de bois de rose est riche en linalool naturel, ce qui en fait une huile optimale pour les pr\u00e9parations de soins apaisantes, parfaite en parfumerie.","breadcrumb":{"@id":"https:\/\/dutchhealthstore.com\/fr\/product\/rosewood-essential-oil\/#breadcrumb"},"inLanguage":"fr-FR","potentialAction":[{"@type":"ReadAction","target":["https:\/\/dutchhealthstore.com\/fr\/product\/rosewood-essential-oil\/"]}]},{"@type":"ImageObject","inLanguage":"fr-FR","@id":"https:\/\/dutchhealthstore.com\/fr\/product\/rosewood-essential-oil\/#primaryimage","url":"https:\/\/dutchhealthstore.com\/wp-content\/uploads\/2018\/02\/Living-Libations-Rosewood-Essential-Oil-e1594904110152.jpg","contentUrl":"https:\/\/dutchhealthstore.com\/wp-content\/uploads\/2018\/02\/Living-Libations-Rosewood-Essential-Oil-e1594904110152.jpg","width":500,"height":500,"caption":"Living Libations Rosewood Essential Oil"},{"@type":"BreadcrumbList","@id":"https:\/\/dutchhealthstore.com\/fr\/product\/rosewood-essential-oil\/#breadcrumb","itemListElement":[{"@type":"ListItem","position":1,"name":"Home","item":"https:\/\/dutchhealthstore.com\/fr\/"},{"@type":"ListItem","position":2,"name":"Shop","item":"https:\/\/dutchhealthstore.com\/fr\/shop\/"},{"@type":"ListItem","position":3,"name":"Rosewood Essential Oil"}]},{"@type":"WebSite","@id":"https:\/\/dutchhealthstore.com\/fr\/#website","url":"https:\/\/dutchhealthstore.com\/fr\/","name":"Dutch Health Store","description":"Enhance Your Beauty with Organic &amp; Natural Skincare","publisher":{"@id":"https:\/\/dutchhealthstore.com\/fr\/#organization"},"potentialAction":[{"@type":"SearchAction","target":{"@type":"EntryPoint","urlTemplate":"https:\/\/dutchhealthstore.com\/fr\/?s={search_term_string}"},"query-input":{"@type":"PropertyValueSpecification","valueRequired":true,"valueName":"search_term_string"}}],"inLanguage":"fr-FR"},{"@type":"Organization","@id":"https:\/\/dutchhealthstore.com\/fr\/#organization","name":"Dutch Health Store","url":"https:\/\/dutchhealthstore.com\/fr\/","logo":{"@type":"ImageObject","inLanguage":"fr-FR","@id":"https:\/\/dutchhealthstore.com\/fr\/#\/schema\/logo\/image\/","url":"https:\/\/dutchhealthstore.com\/wp-content\/uploads\/2020\/08\/logo-dutchhealthstore-jpg-e1599484957574.jpg","contentUrl":"https:\/\/dutchhealthstore.com\/wp-content\/uploads\/2020\/08\/logo-dutchhealthstore-jpg-e1599484957574.jpg","width":400,"height":62,"caption":"Dutch Health Store"},"image":{"@id":"https:\/\/dutchhealthstore.com\/fr\/#\/schema\/logo\/image\/"},"sameAs":["https:\/\/www.instagram.com\/dutchhealthstore\/","https:\/\/www.facebook.com\/dutchhealthstore"]}]},"product_brand":"Living Libations","og_availability":"instock","product_availability":"instock","product_condition":"new"},"_links":{"self":[{"href":"https:\/\/dutchhealthstore.com\/fr\/wp-json\/wp\/v2\/product\/123192","targetHints":{"allow":["GET"]}}],"collection":[{"href":"https:\/\/dutchhealthstore.com\/fr\/wp-json\/wp\/v2\/product"}],"about":[{"href":"https:\/\/dutchhealthstore.com\/fr\/wp-json\/wp\/v2\/types\/product"}],"replies":[{"embeddable":true,"href":"https:\/\/dutchhealthstore.com\/fr\/wp-json\/wp\/v2\/comments?post=123192"}],"wp:featuredmedia":[{"embeddable":true,"href":"https:\/\/dutchhealthstore.com\/fr\/wp-json\/wp\/v2\/media\/114127"}],"wp:attachment":[{"href":"https:\/\/dutchhealthstore.com\/fr\/wp-json\/wp\/v2\/media?parent=123192"}],"wp:term":[{"taxonomy":"product_brand","embeddable":true,"href":"https:\/\/dutchhealthstore.com\/fr\/wp-json\/wp\/v2\/product_brand?post=123192"},{"taxonomy":"product_cat","embeddable":true,"href":"https:\/\/dutchhealthstore.com\/fr\/wp-json\/wp\/v2\/product_cat?post=123192"},{"taxonomy":"product_tag","embeddable":true,"href":"https:\/\/dutchhealthstore.com\/fr\/wp-json\/wp\/v2\/product_tag?post=123192"}],"curies":[{"name":"wp","href":"https:\/\/api.w.org\/{rel}","templated":true}]}}