{"id":123183,"date":"2018-02-10T21:01:15","date_gmt":"2018-02-10T20:01:15","guid":{"rendered":"https:\/\/dutchhealthstore.com\/product\/roses-over-vetiver-essential-oil\/"},"modified":"2025-12-23T09:30:28","modified_gmt":"2025-12-23T08:30:28","slug":"roses-over-vetiver-essential-oil","status":"publish","type":"product","link":"https:\/\/dutchhealthstore.com\/fr\/product\/roses-over-vetiver-essential-oil\/","title":{"rendered":"Roses Over Vetiver Essential Oil"},"content":{"rendered":"<p><img decoding=\"async\" class=\"alignright size-full wp-image-37041\" src=\"https:\/\/dutchhealthstore.com\/wp-content\/uploads\/2018\/04\/Living_Libations-1.png\" alt=\"Organic &amp; Natural Beautyproducts - Living Libations\" width=\"175\" height=\"82\">Notre co-distillation captivante de p\u00e9tales de rose et de racines de v\u00e9tiver est l&rsquo;unification de deux essences anciennes pour cr\u00e9er un \u00e9lixir terreux et \u00e9th\u00e9r\u00e9 qui parle \u00e0 un esprit qui s&rsquo;\u00e9l\u00e8ve tout en restant enracin\u00e9 et sur terre. Les racines rebelles du v\u00e9tiver se d\u00e9lectent de la royaut\u00e9 de la rose. Ensemble, ces deux extraits donnent un parfum cors\u00e9, sensuel, terreux et floral qui est un puissant parfum de pr\u00e9sence.<\/p>\n<p><strong>Nom botanique:<\/strong> Rosa damascena et Vetiveria zizanioides<br \/>\n<strong>Famille botanique:<\/strong> Rosaceae et Poaceae<br \/>\n<strong>Ingr\u00e9dients:<\/strong> huile essentielle huile rose otto et de v\u00e9tiver<br \/>\n<strong>M\u00e9thode d&rsquo;extraction:<\/strong> Distillation \u00e0 la vapeur<br \/>\n<strong>Partie de la plante distill\u00e9e:<\/strong> Fleurs\/Racines<br \/>\n<strong>Pays d&rsquo;origine:<\/strong> Inde<br \/>\n<strong>M\u00e9thode de culture:<\/strong> Organique<br \/>\n<strong>Composition:<\/strong> 100% Rosa damascena et Pelargonium graveolens<br \/>\n<strong>Consistance:<\/strong> \u00c9pais<\/p>\n<a href=\"https:\/\/dutchhealthstore.com\/wp-content\/uploads\/2019\/04\/ESSENTIAL-OIL-ANALYSIS-Roses-Over-Vetiver-Essential-Oil-Living-Libations.pdf\" class=\"button primary is-primary is-small\"  >\n\t\t<span>ANALYSE DES HUILES ESSENTIELLES &gt;<\/span>\n\t<\/a>\n\n<h3>Description de l&rsquo;odeur<\/h3>\n<p>Les ondulations de la rose s&rsquo;enfoncent dans la terre rougeoyante avec des notes de tabac floral.<\/p>\n<h3>Dans Living Libations<\/h3>\n<p>Le pays secret du parfum d&rsquo;Is.<\/p>\n<h3><span style=\"font-family: Helvetica;\">Se marie bien avec<\/span><\/h3>\n<p>Bois de santal, jasmin, pamplemousse, palmarosa, sapin argent\u00e9, nard et lavande.<\/p>\n<h3>Utilisations<\/h3>\n<p>Appliquer pur comme d\u00e9odorant, parfum et pommade pour les cheveux. Diluer pour masser la peau. Mettre dans les bains et diffuser pour la m\u00e9ditation.<\/p>\n<p><strong>Taille: 5 ml et 15 ml<\/strong><\/p>\n<h3>Ingr\u00e9dients Biologiques<\/h3>\n<p>100% roses sur huile essentielle de v\u00e9tiver (Rosa damascena et Vetiveria zizanioides).<\/p>\n<p style=\"text-align: center;\"><em>\u00ab\u00a0I know a bank where the wild thyme blows, Where oxlips and the nodding violet grows, <\/em><br \/>\n<em>Quite over canopied with luscious woodbine, With sweet musk-roses, and with eglantine: <\/em><br \/>\n<em>There sleeps Titania sometime of the night, Lulled in these flowers with dances and delight.\u00a0\u00bb<\/em><br \/>\n\u223c William Shakespeare, <strong>Midsummers Night Dream<\/strong><\/p>\n<p>&nbsp;<\/p>\n<p style=\"text-align: center;\"><em>\u00ab\u00a0Quand j&rsquo;ai senti pour la premi\u00e8re fois le parfum Atelier Cologne Rose Anonyme et Vetiver Fatal, <\/em><br \/>\n<em>J&rsquo;ai imm\u00e9diatement craqu\u00e9 pour les roses fum\u00e9es et transparentes et j&rsquo;ai laiss\u00e9 le v\u00e9tiver se languir sur mon bureau. <\/em><br \/>\n<em>Ce jour-l\u00e0, j&rsquo;avais peut-\u00eatre envie de plus de flamboyance et de glamour, ce que Rose Anonyme m&rsquo;a largement apport\u00e9. <\/em><br \/>\n<em>Le parfum sur ma peau \u00e9tait brillant mais lunatique, rustique mais sophistiqu\u00e9. <\/em><br \/>\n<em>Elle sentait les oranges tranch\u00e9es, la terre humide et les feuilles mortes &#8211; une petite vignette de la fin de l&rsquo;\u00e9t\u00e9.\u00a0\u00bb<\/em><br \/>\n\u223c Victoria Frolova, <strong>Bois de Jasmin<\/strong><\/p>\n<p>&nbsp;<\/p>\n<p><img fetchpriority=\"high\" decoding=\"async\" class=\"aligncenter size-full wp-image-31577\" src=\"https:\/\/dutchhealthstore.com\/wp-content\/uploads\/2018\/03\/organic_big.png\" alt=\"Organic and Natural - Living Libations\" width=\"623\" height=\"103\" srcset=\"https:\/\/dutchhealthstore.com\/wp-content\/uploads\/2018\/03\/organic_big.png 623w, https:\/\/dutchhealthstore.com\/wp-content\/uploads\/2018\/03\/organic_big-510x84.png 510w, https:\/\/dutchhealthstore.com\/wp-content\/uploads\/2018\/03\/organic_big-600x99.png 600w, https:\/\/dutchhealthstore.com\/wp-content\/uploads\/2018\/03\/organic_big-350x58.png 350w\" sizes=\"(max-width: 623px) 100vw, 623px\" \/><\/p>\n","protected":false},"excerpt":{"rendered":"<p>Resplendent <strong>Roses Over Vetiver Essential Oil<\/strong> est une co-distillation chor\u00e9graphi\u00e9e de la ravissante Rose Otto avec les racines du v\u00e9n\u00e9r\u00e9 V\u00e9tiver.<\/p>\n<p>Le r\u00e9sultat est une danse d&rsquo;\u00e9lixir doublement distill\u00e9 d&rsquo;une beaut\u00e9 g\u00e9n\u00e9reuse qui \u00e9mane un ar\u00f4me \u00e9th\u00e9r\u00e9 de ciel et de terre. La Rose Otto, sublime pour le soin de la peau et expansive pour les \u00e9motions, est fusionn\u00e9e avec la gr\u00e2ce du V\u00e9tiver et son nectar reconstituant pour le corps et le visage.<br \/>\nAvec le parfum cors\u00e9 et terreux du v\u00e9tiver anim\u00e9 par l&rsquo;\u00e9th\u00e9r\u00e9 de la rose Otto, Roses over Vetiver vesp\u00e8re un parfum qui ne manquera pas de rassurer et de s\u00e9duire.<\/p>\n","protected":false},"featured_media":55111,"comment_status":"open","ping_status":"closed","template":"","meta":[],"product_brand":[],"product_cat":[6734,1507,1211,1209,3757,1010,6733],"product_tag":[4495],"class_list":{"0":"post-123183","1":"product","2":"type-product","3":"status-publish","4":"has-post-thumbnail","6":"product_cat-essential-oils","7":"product_cat-plantes-huiles-essentielles-living-libations","8":"product_cat-living-libations-france","9":"product_cat-par-marques","10":"product_cat-plantes-huiles-essentielles","11":"product_cat-notre-boutique","12":"product_cat-wellness-fr-2","13":"product_tag-essential-oil-fr","14":"pa_brand-livinglibations-fr","15":"pa_essential-oils-product-type-essential-oils-fr","16":"pa_size-15-ml-fr","17":"pa_size-5-ml-fr","19":"first","20":"instock","21":"taxable","22":"shipping-taxable","23":"purchasable","24":"product-type-variable"},"bundled_by":[],"bundle_stock_status":"instock","bundle_stock_quantity":null,"bundle_virtual":false,"bundle_layout":"","bundle_add_to_cart_form_location":"","bundle_editable_in_cart":false,"bundle_sold_individually_context":"","bundle_item_grouping":"","bundle_min_size":"","bundle_max_size":"","bundle_price":[],"bundled_items":[],"bundle_sell_ids":[],"atum_controlled":true,"out_stock_date":null,"out_stock_threshold":null,"inheritable":true,"stock_on_hold":0,"sold_today":0,"sales_last_days":0,"out_stock_days":0,"lost_sales":0,"update_date":"2026-04-23T00:10:27","atum_locations":[],"atum_stock_status":"instock","restock_status":false,"low_stock_amount":"","sales_update_date":"2026-04-23T00:10:27","calc_backorders":null,"group_of_quantity":0,"min_quantity":0,"max_quantity":"","exclude_order_quantity_value_rules":"no","exclude_category_quantity_rules":"no","combine_variations":"no","yoast_head":"<!-- This site is optimized with the Yoast SEO Premium plugin v26.5 (Yoast SEO v26.5) - https:\/\/yoast.com\/wordpress\/plugins\/seo\/ -->\n<title>Roses Over Vetiver Essential Oil | Living Libations<\/title>\n<meta name=\"description\" content=\"A la fois calmante et stimulante, notre Roses Over Vetiver Essential Oil combine les propri\u00e9t\u00e9s m\u00e9dicinales les plus puissantes de la Rose Otto et du V\u00e9tiver.\" \/>\n<meta name=\"robots\" content=\"index, follow, max-snippet:-1, max-image-preview:large, max-video-preview:-1\" \/>\n<link rel=\"canonical\" href=\"https:\/\/dutchhealthstore.com\/fr\/product\/roses-over-vetiver-essential-oil\/\" \/>\n<meta property=\"og:locale\" content=\"fr_FR\" \/>\n<meta property=\"og:type\" content=\"article\" \/>\n<meta property=\"og:title\" content=\"Roses Over Vetiver Essential Oil - Dutch Health Store\" \/>\n<meta property=\"og:description\" content=\"A la fois calmante et stimulante, notre Roses Over Vetiver Essential Oil combine les propri\u00e9t\u00e9s m\u00e9dicinales les plus puissantes de la Rose Otto et du V\u00e9tiver.\" \/>\n<meta property=\"og:url\" content=\"https:\/\/dutchhealthstore.com\/fr\/product\/roses-over-vetiver-essential-oil\/\" \/>\n<meta property=\"og:site_name\" content=\"Dutch Health Store\" \/>\n<meta property=\"article:publisher\" content=\"https:\/\/www.instagram.com\/dutchhealthstore\/\" \/>\n<meta property=\"article:modified_time\" content=\"2025-12-23T08:30:28+00:00\" \/>\n<meta property=\"og:image\" content=\"https:\/\/dutchhealthstore.com\/wp-content\/uploads\/2018\/02\/Roses-Over-Vetiver-Essential-Oil-Living-Libations.jpg\" \/>\n\t<meta property=\"og:image:width\" content=\"1200\" \/>\n\t<meta property=\"og:image:height\" content=\"1200\" \/>\n\t<meta property=\"og:image:type\" content=\"image\/jpeg\" \/>\n<meta name=\"twitter:card\" content=\"summary_large_image\" \/>\n<meta name=\"twitter:label1\" content=\"Disponibilit\u00e9\" \/>\n\t<meta name=\"twitter:data1\" content=\"En stock\" \/>\n<script type=\"application\/ld+json\" class=\"yoast-schema-graph\">{\"@context\":\"https:\/\/schema.org\",\"@graph\":[{\"@type\":\"WebPage\",\"@id\":\"https:\/\/dutchhealthstore.com\/fr\/product\/roses-over-vetiver-essential-oil\/\",\"url\":\"https:\/\/dutchhealthstore.com\/fr\/product\/roses-over-vetiver-essential-oil\/\",\"name\":\"Roses Over Vetiver Essential Oil | Living Libations\",\"isPartOf\":{\"@id\":\"https:\/\/dutchhealthstore.com\/fr\/#website\"},\"primaryImageOfPage\":{\"@id\":\"https:\/\/dutchhealthstore.com\/fr\/product\/roses-over-vetiver-essential-oil\/#primaryimage\"},\"image\":{\"@id\":\"https:\/\/dutchhealthstore.com\/fr\/product\/roses-over-vetiver-essential-oil\/#primaryimage\"},\"thumbnailUrl\":\"https:\/\/dutchhealthstore.com\/wp-content\/uploads\/2018\/02\/Roses-Over-Vetiver-Essential-Oil-Living-Libations.jpg\",\"datePublished\":\"2018-02-10T20:01:15+00:00\",\"dateModified\":\"2025-12-23T08:30:28+00:00\",\"description\":\"A la fois calmante et stimulante, notre Roses Over Vetiver Essential Oil combine les propri\u00e9t\u00e9s m\u00e9dicinales les plus puissantes de la Rose Otto et du V\u00e9tiver.\",\"breadcrumb\":{\"@id\":\"https:\/\/dutchhealthstore.com\/fr\/product\/roses-over-vetiver-essential-oil\/#breadcrumb\"},\"inLanguage\":\"fr-FR\",\"potentialAction\":[{\"@type\":\"ReadAction\",\"target\":[\"https:\/\/dutchhealthstore.com\/fr\/product\/roses-over-vetiver-essential-oil\/\"]}]},{\"@type\":\"ImageObject\",\"inLanguage\":\"fr-FR\",\"@id\":\"https:\/\/dutchhealthstore.com\/fr\/product\/roses-over-vetiver-essential-oil\/#primaryimage\",\"url\":\"https:\/\/dutchhealthstore.com\/wp-content\/uploads\/2018\/02\/Roses-Over-Vetiver-Essential-Oil-Living-Libations.jpg\",\"contentUrl\":\"https:\/\/dutchhealthstore.com\/wp-content\/uploads\/2018\/02\/Roses-Over-Vetiver-Essential-Oil-Living-Libations.jpg\",\"width\":1200,\"height\":1200,\"caption\":\"Roses Over Vetiver Essential Oil - Living Libations\"},{\"@type\":\"BreadcrumbList\",\"@id\":\"https:\/\/dutchhealthstore.com\/fr\/product\/roses-over-vetiver-essential-oil\/#breadcrumb\",\"itemListElement\":[{\"@type\":\"ListItem\",\"position\":1,\"name\":\"Home\",\"item\":\"https:\/\/dutchhealthstore.com\/fr\/\"},{\"@type\":\"ListItem\",\"position\":2,\"name\":\"Shop\",\"item\":\"https:\/\/dutchhealthstore.com\/fr\/shop\/\"},{\"@type\":\"ListItem\",\"position\":3,\"name\":\"Roses Over Vetiver Essential Oil\"}]},{\"@type\":\"WebSite\",\"@id\":\"https:\/\/dutchhealthstore.com\/fr\/#website\",\"url\":\"https:\/\/dutchhealthstore.com\/fr\/\",\"name\":\"Dutch Health Store\",\"description\":\"Enhance Your Beauty with Organic &amp; Natural Skincare\",\"publisher\":{\"@id\":\"https:\/\/dutchhealthstore.com\/fr\/#organization\"},\"potentialAction\":[{\"@type\":\"SearchAction\",\"target\":{\"@type\":\"EntryPoint\",\"urlTemplate\":\"https:\/\/dutchhealthstore.com\/fr\/?s={search_term_string}\"},\"query-input\":{\"@type\":\"PropertyValueSpecification\",\"valueRequired\":true,\"valueName\":\"search_term_string\"}}],\"inLanguage\":\"fr-FR\"},{\"@type\":\"Organization\",\"@id\":\"https:\/\/dutchhealthstore.com\/fr\/#organization\",\"name\":\"Dutch Health Store\",\"url\":\"https:\/\/dutchhealthstore.com\/fr\/\",\"logo\":{\"@type\":\"ImageObject\",\"inLanguage\":\"fr-FR\",\"@id\":\"https:\/\/dutchhealthstore.com\/fr\/#\/schema\/logo\/image\/\",\"url\":\"https:\/\/dutchhealthstore.com\/wp-content\/uploads\/2020\/08\/logo-dutchhealthstore-jpg-e1599484957574.jpg\",\"contentUrl\":\"https:\/\/dutchhealthstore.com\/wp-content\/uploads\/2020\/08\/logo-dutchhealthstore-jpg-e1599484957574.jpg\",\"width\":400,\"height\":62,\"caption\":\"Dutch Health Store\"},\"image\":{\"@id\":\"https:\/\/dutchhealthstore.com\/fr\/#\/schema\/logo\/image\/\"},\"sameAs\":[\"https:\/\/www.instagram.com\/dutchhealthstore\/\",\"https:\/\/www.facebook.com\/dutchhealthstore\"]}]}<\/script>\n<meta property=\"product:brand\" content=\"Living Libations\" \/>\n<meta property=\"og:availability\" content=\"instock\" \/>\n<meta property=\"product:availability\" content=\"instock\" \/>\n<meta property=\"product:condition\" content=\"new\" \/>\n<!-- \/ Yoast SEO Premium plugin. -->","yoast_head_json":{"title":"Roses Over Vetiver Essential Oil | Living Libations","description":"A la fois calmante et stimulante, notre Roses Over Vetiver Essential Oil combine les propri\u00e9t\u00e9s m\u00e9dicinales les plus puissantes de la Rose Otto et du V\u00e9tiver.","robots":{"index":"index","follow":"follow","max-snippet":"max-snippet:-1","max-image-preview":"max-image-preview:large","max-video-preview":"max-video-preview:-1"},"canonical":"https:\/\/dutchhealthstore.com\/fr\/product\/roses-over-vetiver-essential-oil\/","og_locale":"fr_FR","og_type":"article","og_title":"Roses Over Vetiver Essential Oil - Dutch Health Store","og_description":"A la fois calmante et stimulante, notre Roses Over Vetiver Essential Oil combine les propri\u00e9t\u00e9s m\u00e9dicinales les plus puissantes de la Rose Otto et du V\u00e9tiver.","og_url":"https:\/\/dutchhealthstore.com\/fr\/product\/roses-over-vetiver-essential-oil\/","og_site_name":"Dutch Health Store","article_publisher":"https:\/\/www.instagram.com\/dutchhealthstore\/","article_modified_time":"2025-12-23T08:30:28+00:00","og_image":[{"width":1200,"height":1200,"url":"https:\/\/dutchhealthstore.com\/wp-content\/uploads\/2018\/02\/Roses-Over-Vetiver-Essential-Oil-Living-Libations.jpg","type":"image\/jpeg"}],"twitter_card":"summary_large_image","twitter_misc":{"Disponibilit\u00e9":"En stock"},"schema":{"@context":"https:\/\/schema.org","@graph":[{"@type":"WebPage","@id":"https:\/\/dutchhealthstore.com\/fr\/product\/roses-over-vetiver-essential-oil\/","url":"https:\/\/dutchhealthstore.com\/fr\/product\/roses-over-vetiver-essential-oil\/","name":"Roses Over Vetiver Essential Oil | Living Libations","isPartOf":{"@id":"https:\/\/dutchhealthstore.com\/fr\/#website"},"primaryImageOfPage":{"@id":"https:\/\/dutchhealthstore.com\/fr\/product\/roses-over-vetiver-essential-oil\/#primaryimage"},"image":{"@id":"https:\/\/dutchhealthstore.com\/fr\/product\/roses-over-vetiver-essential-oil\/#primaryimage"},"thumbnailUrl":"https:\/\/dutchhealthstore.com\/wp-content\/uploads\/2018\/02\/Roses-Over-Vetiver-Essential-Oil-Living-Libations.jpg","datePublished":"2018-02-10T20:01:15+00:00","dateModified":"2025-12-23T08:30:28+00:00","description":"A la fois calmante et stimulante, notre Roses Over Vetiver Essential Oil combine les propri\u00e9t\u00e9s m\u00e9dicinales les plus puissantes de la Rose Otto et du V\u00e9tiver.","breadcrumb":{"@id":"https:\/\/dutchhealthstore.com\/fr\/product\/roses-over-vetiver-essential-oil\/#breadcrumb"},"inLanguage":"fr-FR","potentialAction":[{"@type":"ReadAction","target":["https:\/\/dutchhealthstore.com\/fr\/product\/roses-over-vetiver-essential-oil\/"]}]},{"@type":"ImageObject","inLanguage":"fr-FR","@id":"https:\/\/dutchhealthstore.com\/fr\/product\/roses-over-vetiver-essential-oil\/#primaryimage","url":"https:\/\/dutchhealthstore.com\/wp-content\/uploads\/2018\/02\/Roses-Over-Vetiver-Essential-Oil-Living-Libations.jpg","contentUrl":"https:\/\/dutchhealthstore.com\/wp-content\/uploads\/2018\/02\/Roses-Over-Vetiver-Essential-Oil-Living-Libations.jpg","width":1200,"height":1200,"caption":"Roses Over Vetiver Essential Oil - Living Libations"},{"@type":"BreadcrumbList","@id":"https:\/\/dutchhealthstore.com\/fr\/product\/roses-over-vetiver-essential-oil\/#breadcrumb","itemListElement":[{"@type":"ListItem","position":1,"name":"Home","item":"https:\/\/dutchhealthstore.com\/fr\/"},{"@type":"ListItem","position":2,"name":"Shop","item":"https:\/\/dutchhealthstore.com\/fr\/shop\/"},{"@type":"ListItem","position":3,"name":"Roses Over Vetiver Essential Oil"}]},{"@type":"WebSite","@id":"https:\/\/dutchhealthstore.com\/fr\/#website","url":"https:\/\/dutchhealthstore.com\/fr\/","name":"Dutch Health Store","description":"Enhance Your Beauty with Organic &amp; Natural Skincare","publisher":{"@id":"https:\/\/dutchhealthstore.com\/fr\/#organization"},"potentialAction":[{"@type":"SearchAction","target":{"@type":"EntryPoint","urlTemplate":"https:\/\/dutchhealthstore.com\/fr\/?s={search_term_string}"},"query-input":{"@type":"PropertyValueSpecification","valueRequired":true,"valueName":"search_term_string"}}],"inLanguage":"fr-FR"},{"@type":"Organization","@id":"https:\/\/dutchhealthstore.com\/fr\/#organization","name":"Dutch Health Store","url":"https:\/\/dutchhealthstore.com\/fr\/","logo":{"@type":"ImageObject","inLanguage":"fr-FR","@id":"https:\/\/dutchhealthstore.com\/fr\/#\/schema\/logo\/image\/","url":"https:\/\/dutchhealthstore.com\/wp-content\/uploads\/2020\/08\/logo-dutchhealthstore-jpg-e1599484957574.jpg","contentUrl":"https:\/\/dutchhealthstore.com\/wp-content\/uploads\/2020\/08\/logo-dutchhealthstore-jpg-e1599484957574.jpg","width":400,"height":62,"caption":"Dutch Health Store"},"image":{"@id":"https:\/\/dutchhealthstore.com\/fr\/#\/schema\/logo\/image\/"},"sameAs":["https:\/\/www.instagram.com\/dutchhealthstore\/","https:\/\/www.facebook.com\/dutchhealthstore"]}]},"product_brand":"Living Libations","og_availability":"instock","product_availability":"instock","product_condition":"new"},"_links":{"self":[{"href":"https:\/\/dutchhealthstore.com\/fr\/wp-json\/wp\/v2\/product\/123183","targetHints":{"allow":["GET"]}}],"collection":[{"href":"https:\/\/dutchhealthstore.com\/fr\/wp-json\/wp\/v2\/product"}],"about":[{"href":"https:\/\/dutchhealthstore.com\/fr\/wp-json\/wp\/v2\/types\/product"}],"replies":[{"embeddable":true,"href":"https:\/\/dutchhealthstore.com\/fr\/wp-json\/wp\/v2\/comments?post=123183"}],"wp:featuredmedia":[{"embeddable":true,"href":"https:\/\/dutchhealthstore.com\/fr\/wp-json\/wp\/v2\/media\/55111"}],"wp:attachment":[{"href":"https:\/\/dutchhealthstore.com\/fr\/wp-json\/wp\/v2\/media?parent=123183"}],"wp:term":[{"taxonomy":"product_brand","embeddable":true,"href":"https:\/\/dutchhealthstore.com\/fr\/wp-json\/wp\/v2\/product_brand?post=123183"},{"taxonomy":"product_cat","embeddable":true,"href":"https:\/\/dutchhealthstore.com\/fr\/wp-json\/wp\/v2\/product_cat?post=123183"},{"taxonomy":"product_tag","embeddable":true,"href":"https:\/\/dutchhealthstore.com\/fr\/wp-json\/wp\/v2\/product_tag?post=123183"}],"curies":[{"name":"wp","href":"https:\/\/api.w.org\/{rel}","templated":true}]}}