{"id":123161,"date":"2018-02-10T21:55:40","date_gmt":"2018-02-10T20:55:40","guid":{"rendered":"https:\/\/dutchhealthstore.com\/product\/rosemary-essential-oil\/"},"modified":"2025-11-25T13:56:03","modified_gmt":"2025-11-25T12:56:03","slug":"rosemary-essential-oil","status":"publish","type":"product","link":"https:\/\/dutchhealthstore.com\/fr\/product\/rosemary-essential-oil\/","title":{"rendered":"Rosemary Essential Oil"},"content":{"rendered":"<p><img decoding=\"async\" class=\"alignright size-full wp-image-37041\" src=\"https:\/\/dutchhealthstore.com\/wp-content\/uploads\/2018\/04\/Living_Libations-1.png\" alt=\"Organic &amp; Natural Beautyproducts - Living Libations\" width=\"175\" height=\"82\"><\/p>\n<p style=\"text-align: left;\" align=\"center\"><strong>Nom botanique:<\/strong> Rosmarinus officinalis<br \/>\n<strong>Famille botanique:<\/strong> Lamiaceae<br \/>\n<strong>M\u00e9thode d&rsquo;extraction:<\/strong> Distillation \u00e0 la vapeur<br \/>\n<strong>Partie de la plante distill\u00e9e:<\/strong> Herbe<br \/>\n<strong>Pays d&rsquo;origine:<\/strong> France<br \/>\n<strong>M\u00e9thode de culture:<\/strong> Organique<br \/>\n<strong>Composition:<\/strong> 100% Rosmarinus officinalis<br \/>\n<strong>Coh\u00e9rence:<\/strong> Mince<\/p>\n<h3 style=\"text-align: left;\" align=\"center\">Description de l&rsquo;odeur<\/h3>\n<p style=\"text-align: left;\" align=\"center\">Clair et brillant, avec des notes invitantes de menthe douce et de camphre.<\/p>\n<h3 style=\"text-align: left;\" align=\"center\">Dans Living Libations<\/h3>\n<p style=\"text-align: left;\" align=\"center\">Seabuckthorn Shampoo, Scalp Tonic, Illume, Deep Breathing, Verve Tonic, and Breathing Balm.<\/p>\n<h3 style=\"text-align: left;\" align=\"center\">Se marie bien avec<\/h3>\n<p style=\"text-align: left;\" align=\"center\">Encens, menthe poivr\u00e9e, \u00e9pic\u00e9a, sauge, marjolaine, v\u00e9tiver, patchouli, citron, pamplemousse, sapin, pin, mousse du Groenland, chrysanth\u00e8me et inule.<\/p>\n<a href=\"https:\/\/dutchhealthstore.com\/wp-content\/uploads\/2018\/02\/ANALYSIS-Rosemary-Essential-Oil-Living-Libations.pdf\" class=\"button primary is-primary is-small\"  >\n\t\t<span>ANALYSE DES HUILES ESSENTIELLES &gt;<\/span>\n\t<\/a>\n\n<h3 style=\"text-align: left;\" align=\"center\">Utilisations<\/h3>\n<p style=\"text-align: left;\" align=\"center\">Un d\u00e9lice dans nos tuyaux, bains et diffuseurs de sel. Utilisez-le pur comme nettoyant pour l&rsquo;acn\u00e9 et comme s\u00e9rum pour les boutons. Excellent tonique pour les cheveux. Il est couramment utilis\u00e9 pour \u00e9liminer les squames, apaiser le cuir chevelu sec, et renforcer et faire briller les m\u00e8ches de cheveux. Massez le cuir chevelu et les cheveux avec du jojoba ou un Best Skin Ever. Inspirez pour les m\u00e9ditations et la concentration savante, stimulez l&rsquo;esprit et augmentez la concentration et la conscience.<\/p>\n<h3 style=\"text-align: left;\" align=\"center\">Constituants<\/h3>\n<p style=\"text-align: left;\" align=\"center\">D\u00e9bordant de compos\u00e9s bioactifs d&rsquo;acide carnosique, de camphre et de rosmaridiph\u00e9nol.<\/p>\n<p>Notre Rosemary Essential Oil des hauts plateaux contient plus de camphre et de cin\u00e9ole que le romarin poussant au niveau de la mer. Ce romarin rafra\u00eechissant est traditionnellement utilis\u00e9 pour am\u00e9liorer l&rsquo;apparence de la peau, am\u00e9liorer la m\u00e9moire, \u00e9liminer les squames s\u00e8ches du cuir chevelu et donner de l&rsquo;\u00e9clat aux cheveux. Le romarin est particuli\u00e8rement adapt\u00e9 aux soins de la peau, des cheveux et des cuticules gr\u00e2ce \u00e0 ses qualit\u00e9s tonifiantes, nettoyantes, rajeunissantes, anti-acn\u00e9iques et revigorantes pour la peau.<\/p>\n<p>L&rsquo;ar\u00f4me vivifiant du romarin clarifie la respiration et le corps, et est mentalement r\u00e9parateur, aidant \u00e0 accro\u00eetre la concentration et \u00e0 dissiper la confusion. De plus, le romarin lib\u00e8re de la stagnation, ravive les \u00e9motions pour passer de l&rsquo;apathie \u00e0 un regain de confiance et de motivation.<\/p>\n<h3>Ingr\u00e9dients Biologiques<\/h3>\n<p>100% huile essentielle de romarin (Rosmarinus officinalis).<\/p>\n<p style=\"text-align: center;\"><em>\u00ab\u00a0En aromath\u00e9rapie, le romarin est une huile probl\u00e9matique. Aucune autre huile n&rsquo;est aussi r\u00e9guli\u00e8rement falsifi\u00e9e et dilu\u00e9e : &#8230;.. <\/em><br \/>\n<em>La qualit\u00e9 ne peut \u00eatre assur\u00e9e que par les producteurs qui fabriquent l&rsquo;huile exclusivement pour le march\u00e9 de l&rsquo;aromath\u00e9rapie, et dont les huiles atteignent le prix appropri\u00e9.\u00a0\u00bb<\/em><br \/>\n~Kurt Schnaubelt, Ph.D., <strong>Advanced Aromatherapy<\/strong><\/p>\n<p style=\"text-align: center;\"><em>\u00ab\u00a0En aromath\u00e9rapie, l&rsquo;huile est utilis\u00e9e comme tonique pour les nerfs, le c\u0153ur et la circulation&#8230;<br \/>\nSon parfum rafra\u00eechissant et tonifiant a un effet revigorant et stimulant sur l&rsquo;esprit et aide \u00e0 dissiper la confusion et \u00e0 clarifier l&rsquo;esprit&#8230;<br \/>\nRudolf Steiner pensait que le romarin fortifiait le <span style=\"font-size: 14.4px;\">centre<\/span> vital d&rsquo;un individu et augmentait l&rsquo;activit\u00e9 de l&rsquo;ensemble du m\u00e9tabolisme\u00a0\u00bb.<\/em><br \/>\n~Julia Lawless, <strong>Aromatherapy and the Mind<\/strong><\/p>\n<p style=\"text-align: center;\"><em>\u00ab\u00a0L&rsquo;huile de romarin stimule les follicules pileux et la circulation dans le cuir chevelu et peut donc \u00e9galement \u00eatre utile en cas de calvitie pr\u00e9matur\u00e9e. <\/em><br \/>\n<em>L&rsquo;huile est utile pour contr\u00f4ler les pellicules, favoriser la croissance des cheveux et contr\u00f4ler les cheveux gras. <\/em><br \/>\n<em>L&rsquo;huile de romarin est \u00e9galement utilis\u00e9e dans les shampooings, car elle est connue pour donner une couleur noire aux cheveux.\u00a0\u00bb<\/em><br \/>\n~K. V. Peter, <strong>Handbook of Herbs and Spices<\/strong><\/p>\n<p style=\"text-align: center;\"><em>\u00ab\u00a0Il y a du romarin, c&rsquo;est pour le souvenir, priez, aimez, souvenez-vous.\u00a0\u00bb<\/em><br \/>\n~William Shakespeare, <strong>Hamlet<\/strong><\/p>\n<p><img fetchpriority=\"high\" decoding=\"async\" class=\"size-medium wp-image-68103 aligncenter\" src=\"https:\/\/dutchhealthstore.com\/wp-content\/uploads\/2018\/02\/Living-Libations-Organic-Logo-800x89.png\" alt=\"Living Libations - Organic Logo\" width=\"800\" height=\"89\" srcset=\"https:\/\/dutchhealthstore.com\/wp-content\/uploads\/2018\/02\/Living-Libations-Organic-Logo-800x89.png 800w, https:\/\/dutchhealthstore.com\/wp-content\/uploads\/2018\/02\/Living-Libations-Organic-Logo-510x57.png 510w, https:\/\/dutchhealthstore.com\/wp-content\/uploads\/2018\/02\/Living-Libations-Organic-Logo-768x85.png 768w, https:\/\/dutchhealthstore.com\/wp-content\/uploads\/2018\/02\/Living-Libations-Organic-Logo.png 1400w\" sizes=\"(max-width: 800px) 100vw, 800px\" \/><\/p>\n","protected":false},"excerpt":{"rendered":"<div class=\"product attribute overview\">\n<div class=\"value\">\n<p>Rousing <strong>Rosemary Essential Oil<\/strong> est un herbac\u00e9 revivre-vivre-verve-tonique avec un ar\u00f4me rafra\u00eechissant, p\u00e9n\u00e9trant.<br \/>\nConsid\u00e9rez le romarin comme l&rsquo;ami courageux qui stimule la l\u00e9thargie pour la sortir de sa stagnation, aidant les syst\u00e8mes \u00e9nerg\u00e9tiques et cutan\u00e9s \u00e0 prosp\u00e9rer avec une fra\u00eecheur renouvel\u00e9e.<\/p>\n<\/div>\n<\/div>\n","protected":false},"featured_media":49131,"comment_status":"open","ping_status":"closed","template":"","meta":[],"product_brand":[],"product_cat":[1507,6734,1211,1209,3757,1010,6733],"product_tag":[4495],"class_list":{"0":"post-123161","1":"product","2":"type-product","3":"status-publish","4":"has-post-thumbnail","6":"product_cat-plantes-huiles-essentielles-living-libations","7":"product_cat-essential-oils","8":"product_cat-living-libations-france","9":"product_cat-par-marques","10":"product_cat-plantes-huiles-essentielles","11":"product_cat-notre-boutique","12":"product_cat-wellness-fr-2","13":"product_tag-essential-oil-fr","14":"pa_brand-livinglibations-fr","15":"pa_essential-oils-product-type-essential-oils-fr","16":"pa_size-15-ml-fr","17":"pa_size-5-ml-fr","19":"first","20":"instock","21":"taxable","22":"shipping-taxable","23":"purchasable","24":"product-type-variable"},"bundled_by":[],"bundle_stock_status":"instock","bundle_stock_quantity":null,"bundle_virtual":false,"bundle_layout":"","bundle_add_to_cart_form_location":"","bundle_editable_in_cart":false,"bundle_sold_individually_context":"","bundle_item_grouping":"","bundle_min_size":"","bundle_max_size":"","bundle_price":[],"bundled_items":[],"bundle_sell_ids":[],"atum_controlled":true,"out_stock_date":null,"out_stock_threshold":null,"inheritable":true,"stock_on_hold":0,"sold_today":0,"sales_last_days":0,"out_stock_days":0,"lost_sales":0,"update_date":"2026-04-28T00:13:06","atum_locations":[],"atum_stock_status":"instock","restock_status":false,"low_stock_amount":"","sales_update_date":"2026-04-28T00:13:06","calc_backorders":null,"group_of_quantity":0,"min_quantity":0,"max_quantity":"","exclude_order_quantity_value_rules":"no","exclude_category_quantity_rules":"no","combine_variations":"no","yoast_head":"<!-- This site is optimized with the Yoast SEO Premium plugin v26.5 (Yoast SEO v26.5) - https:\/\/yoast.com\/wordpress\/plugins\/seo\/ -->\n<title>Rosemary Essential Oil | Living Libations<\/title>\n<meta name=\"description\" content=\"Rosemary Essential Oil est un herbac\u00e9 revivre-vivre-verve-tonique avec un ar\u00f4me rafra\u00eechissant, p\u00e9n\u00e9trant.\" \/>\n<meta name=\"robots\" content=\"index, follow, max-snippet:-1, max-image-preview:large, max-video-preview:-1\" \/>\n<link rel=\"canonical\" href=\"https:\/\/dutchhealthstore.com\/fr\/product\/rosemary-essential-oil\/\" \/>\n<meta property=\"og:locale\" content=\"fr_FR\" \/>\n<meta property=\"og:type\" content=\"article\" \/>\n<meta property=\"og:title\" content=\"Rosemary Essential Oil - Dutch Health Store\" \/>\n<meta property=\"og:description\" content=\"Rosemary Essential Oil est un herbac\u00e9 revivre-vivre-verve-tonique avec un ar\u00f4me rafra\u00eechissant, p\u00e9n\u00e9trant.\" \/>\n<meta property=\"og:url\" content=\"https:\/\/dutchhealthstore.com\/fr\/product\/rosemary-essential-oil\/\" \/>\n<meta property=\"og:site_name\" content=\"Dutch Health Store\" \/>\n<meta property=\"article:publisher\" content=\"https:\/\/www.instagram.com\/dutchhealthstore\/\" \/>\n<meta property=\"article:modified_time\" content=\"2025-11-25T12:56:03+00:00\" \/>\n<meta property=\"og:image\" content=\"https:\/\/dutchhealthstore.com\/wp-content\/uploads\/2018\/02\/Living-Libations-Rosemary-Essential-Oil-e1598271682290.jpg\" \/>\n\t<meta property=\"og:image:width\" content=\"500\" \/>\n\t<meta property=\"og:image:height\" content=\"500\" \/>\n\t<meta property=\"og:image:type\" content=\"image\/jpeg\" \/>\n<meta name=\"twitter:card\" content=\"summary_large_image\" \/>\n<meta name=\"twitter:label1\" content=\"Disponibilit\u00e9\" \/>\n\t<meta name=\"twitter:data1\" content=\"En stock\" \/>\n<script type=\"application\/ld+json\" class=\"yoast-schema-graph\">{\"@context\":\"https:\/\/schema.org\",\"@graph\":[{\"@type\":\"WebPage\",\"@id\":\"https:\/\/dutchhealthstore.com\/fr\/product\/rosemary-essential-oil\/\",\"url\":\"https:\/\/dutchhealthstore.com\/fr\/product\/rosemary-essential-oil\/\",\"name\":\"Rosemary Essential Oil | Living Libations\",\"isPartOf\":{\"@id\":\"https:\/\/dutchhealthstore.com\/fr\/#website\"},\"primaryImageOfPage\":{\"@id\":\"https:\/\/dutchhealthstore.com\/fr\/product\/rosemary-essential-oil\/#primaryimage\"},\"image\":{\"@id\":\"https:\/\/dutchhealthstore.com\/fr\/product\/rosemary-essential-oil\/#primaryimage\"},\"thumbnailUrl\":\"https:\/\/dutchhealthstore.com\/wp-content\/uploads\/2018\/02\/Living-Libations-Rosemary-Essential-Oil-e1598271682290.jpg\",\"datePublished\":\"2018-02-10T20:55:40+00:00\",\"dateModified\":\"2025-11-25T12:56:03+00:00\",\"description\":\"Rosemary Essential Oil est un herbac\u00e9 revivre-vivre-verve-tonique avec un ar\u00f4me rafra\u00eechissant, p\u00e9n\u00e9trant.\",\"breadcrumb\":{\"@id\":\"https:\/\/dutchhealthstore.com\/fr\/product\/rosemary-essential-oil\/#breadcrumb\"},\"inLanguage\":\"fr-FR\",\"potentialAction\":[{\"@type\":\"ReadAction\",\"target\":[\"https:\/\/dutchhealthstore.com\/fr\/product\/rosemary-essential-oil\/\"]}]},{\"@type\":\"ImageObject\",\"inLanguage\":\"fr-FR\",\"@id\":\"https:\/\/dutchhealthstore.com\/fr\/product\/rosemary-essential-oil\/#primaryimage\",\"url\":\"https:\/\/dutchhealthstore.com\/wp-content\/uploads\/2018\/02\/Living-Libations-Rosemary-Essential-Oil-e1598271682290.jpg\",\"contentUrl\":\"https:\/\/dutchhealthstore.com\/wp-content\/uploads\/2018\/02\/Living-Libations-Rosemary-Essential-Oil-e1598271682290.jpg\",\"width\":500,\"height\":500,\"caption\":\"Living Libations - Rosemary Essential Oil\"},{\"@type\":\"BreadcrumbList\",\"@id\":\"https:\/\/dutchhealthstore.com\/fr\/product\/rosemary-essential-oil\/#breadcrumb\",\"itemListElement\":[{\"@type\":\"ListItem\",\"position\":1,\"name\":\"Home\",\"item\":\"https:\/\/dutchhealthstore.com\/fr\/\"},{\"@type\":\"ListItem\",\"position\":2,\"name\":\"Shop\",\"item\":\"https:\/\/dutchhealthstore.com\/fr\/shop\/\"},{\"@type\":\"ListItem\",\"position\":3,\"name\":\"Rosemary Essential Oil\"}]},{\"@type\":\"WebSite\",\"@id\":\"https:\/\/dutchhealthstore.com\/fr\/#website\",\"url\":\"https:\/\/dutchhealthstore.com\/fr\/\",\"name\":\"Dutch Health Store\",\"description\":\"Enhance Your Beauty with Organic &amp; Natural Skincare\",\"publisher\":{\"@id\":\"https:\/\/dutchhealthstore.com\/fr\/#organization\"},\"potentialAction\":[{\"@type\":\"SearchAction\",\"target\":{\"@type\":\"EntryPoint\",\"urlTemplate\":\"https:\/\/dutchhealthstore.com\/fr\/?s={search_term_string}\"},\"query-input\":{\"@type\":\"PropertyValueSpecification\",\"valueRequired\":true,\"valueName\":\"search_term_string\"}}],\"inLanguage\":\"fr-FR\"},{\"@type\":\"Organization\",\"@id\":\"https:\/\/dutchhealthstore.com\/fr\/#organization\",\"name\":\"Dutch Health Store\",\"url\":\"https:\/\/dutchhealthstore.com\/fr\/\",\"logo\":{\"@type\":\"ImageObject\",\"inLanguage\":\"fr-FR\",\"@id\":\"https:\/\/dutchhealthstore.com\/fr\/#\/schema\/logo\/image\/\",\"url\":\"https:\/\/dutchhealthstore.com\/wp-content\/uploads\/2020\/08\/logo-dutchhealthstore-jpg-e1599484957574.jpg\",\"contentUrl\":\"https:\/\/dutchhealthstore.com\/wp-content\/uploads\/2020\/08\/logo-dutchhealthstore-jpg-e1599484957574.jpg\",\"width\":400,\"height\":62,\"caption\":\"Dutch Health Store\"},\"image\":{\"@id\":\"https:\/\/dutchhealthstore.com\/fr\/#\/schema\/logo\/image\/\"},\"sameAs\":[\"https:\/\/www.instagram.com\/dutchhealthstore\/\",\"https:\/\/www.facebook.com\/dutchhealthstore\"]}]}<\/script>\n<meta property=\"product:brand\" content=\"Living Libations\" \/>\n<meta property=\"og:availability\" content=\"instock\" \/>\n<meta property=\"product:availability\" content=\"instock\" \/>\n<meta property=\"product:condition\" content=\"new\" \/>\n<!-- \/ Yoast SEO Premium plugin. -->","yoast_head_json":{"title":"Rosemary Essential Oil | Living Libations","description":"Rosemary Essential Oil est un herbac\u00e9 revivre-vivre-verve-tonique avec un ar\u00f4me rafra\u00eechissant, p\u00e9n\u00e9trant.","robots":{"index":"index","follow":"follow","max-snippet":"max-snippet:-1","max-image-preview":"max-image-preview:large","max-video-preview":"max-video-preview:-1"},"canonical":"https:\/\/dutchhealthstore.com\/fr\/product\/rosemary-essential-oil\/","og_locale":"fr_FR","og_type":"article","og_title":"Rosemary Essential Oil - Dutch Health Store","og_description":"Rosemary Essential Oil est un herbac\u00e9 revivre-vivre-verve-tonique avec un ar\u00f4me rafra\u00eechissant, p\u00e9n\u00e9trant.","og_url":"https:\/\/dutchhealthstore.com\/fr\/product\/rosemary-essential-oil\/","og_site_name":"Dutch Health Store","article_publisher":"https:\/\/www.instagram.com\/dutchhealthstore\/","article_modified_time":"2025-11-25T12:56:03+00:00","og_image":[{"width":500,"height":500,"url":"https:\/\/dutchhealthstore.com\/wp-content\/uploads\/2018\/02\/Living-Libations-Rosemary-Essential-Oil-e1598271682290.jpg","type":"image\/jpeg"}],"twitter_card":"summary_large_image","twitter_misc":{"Disponibilit\u00e9":"En stock"},"schema":{"@context":"https:\/\/schema.org","@graph":[{"@type":"WebPage","@id":"https:\/\/dutchhealthstore.com\/fr\/product\/rosemary-essential-oil\/","url":"https:\/\/dutchhealthstore.com\/fr\/product\/rosemary-essential-oil\/","name":"Rosemary Essential Oil | Living Libations","isPartOf":{"@id":"https:\/\/dutchhealthstore.com\/fr\/#website"},"primaryImageOfPage":{"@id":"https:\/\/dutchhealthstore.com\/fr\/product\/rosemary-essential-oil\/#primaryimage"},"image":{"@id":"https:\/\/dutchhealthstore.com\/fr\/product\/rosemary-essential-oil\/#primaryimage"},"thumbnailUrl":"https:\/\/dutchhealthstore.com\/wp-content\/uploads\/2018\/02\/Living-Libations-Rosemary-Essential-Oil-e1598271682290.jpg","datePublished":"2018-02-10T20:55:40+00:00","dateModified":"2025-11-25T12:56:03+00:00","description":"Rosemary Essential Oil est un herbac\u00e9 revivre-vivre-verve-tonique avec un ar\u00f4me rafra\u00eechissant, p\u00e9n\u00e9trant.","breadcrumb":{"@id":"https:\/\/dutchhealthstore.com\/fr\/product\/rosemary-essential-oil\/#breadcrumb"},"inLanguage":"fr-FR","potentialAction":[{"@type":"ReadAction","target":["https:\/\/dutchhealthstore.com\/fr\/product\/rosemary-essential-oil\/"]}]},{"@type":"ImageObject","inLanguage":"fr-FR","@id":"https:\/\/dutchhealthstore.com\/fr\/product\/rosemary-essential-oil\/#primaryimage","url":"https:\/\/dutchhealthstore.com\/wp-content\/uploads\/2018\/02\/Living-Libations-Rosemary-Essential-Oil-e1598271682290.jpg","contentUrl":"https:\/\/dutchhealthstore.com\/wp-content\/uploads\/2018\/02\/Living-Libations-Rosemary-Essential-Oil-e1598271682290.jpg","width":500,"height":500,"caption":"Living Libations - Rosemary Essential Oil"},{"@type":"BreadcrumbList","@id":"https:\/\/dutchhealthstore.com\/fr\/product\/rosemary-essential-oil\/#breadcrumb","itemListElement":[{"@type":"ListItem","position":1,"name":"Home","item":"https:\/\/dutchhealthstore.com\/fr\/"},{"@type":"ListItem","position":2,"name":"Shop","item":"https:\/\/dutchhealthstore.com\/fr\/shop\/"},{"@type":"ListItem","position":3,"name":"Rosemary Essential Oil"}]},{"@type":"WebSite","@id":"https:\/\/dutchhealthstore.com\/fr\/#website","url":"https:\/\/dutchhealthstore.com\/fr\/","name":"Dutch Health Store","description":"Enhance Your Beauty with Organic &amp; Natural Skincare","publisher":{"@id":"https:\/\/dutchhealthstore.com\/fr\/#organization"},"potentialAction":[{"@type":"SearchAction","target":{"@type":"EntryPoint","urlTemplate":"https:\/\/dutchhealthstore.com\/fr\/?s={search_term_string}"},"query-input":{"@type":"PropertyValueSpecification","valueRequired":true,"valueName":"search_term_string"}}],"inLanguage":"fr-FR"},{"@type":"Organization","@id":"https:\/\/dutchhealthstore.com\/fr\/#organization","name":"Dutch Health Store","url":"https:\/\/dutchhealthstore.com\/fr\/","logo":{"@type":"ImageObject","inLanguage":"fr-FR","@id":"https:\/\/dutchhealthstore.com\/fr\/#\/schema\/logo\/image\/","url":"https:\/\/dutchhealthstore.com\/wp-content\/uploads\/2020\/08\/logo-dutchhealthstore-jpg-e1599484957574.jpg","contentUrl":"https:\/\/dutchhealthstore.com\/wp-content\/uploads\/2020\/08\/logo-dutchhealthstore-jpg-e1599484957574.jpg","width":400,"height":62,"caption":"Dutch Health Store"},"image":{"@id":"https:\/\/dutchhealthstore.com\/fr\/#\/schema\/logo\/image\/"},"sameAs":["https:\/\/www.instagram.com\/dutchhealthstore\/","https:\/\/www.facebook.com\/dutchhealthstore"]}]},"product_brand":"Living Libations","og_availability":"instock","product_availability":"instock","product_condition":"new"},"_links":{"self":[{"href":"https:\/\/dutchhealthstore.com\/fr\/wp-json\/wp\/v2\/product\/123161","targetHints":{"allow":["GET"]}}],"collection":[{"href":"https:\/\/dutchhealthstore.com\/fr\/wp-json\/wp\/v2\/product"}],"about":[{"href":"https:\/\/dutchhealthstore.com\/fr\/wp-json\/wp\/v2\/types\/product"}],"replies":[{"embeddable":true,"href":"https:\/\/dutchhealthstore.com\/fr\/wp-json\/wp\/v2\/comments?post=123161"}],"wp:featuredmedia":[{"embeddable":true,"href":"https:\/\/dutchhealthstore.com\/fr\/wp-json\/wp\/v2\/media\/49131"}],"wp:attachment":[{"href":"https:\/\/dutchhealthstore.com\/fr\/wp-json\/wp\/v2\/media?parent=123161"}],"wp:term":[{"taxonomy":"product_brand","embeddable":true,"href":"https:\/\/dutchhealthstore.com\/fr\/wp-json\/wp\/v2\/product_brand?post=123161"},{"taxonomy":"product_cat","embeddable":true,"href":"https:\/\/dutchhealthstore.com\/fr\/wp-json\/wp\/v2\/product_cat?post=123161"},{"taxonomy":"product_tag","embeddable":true,"href":"https:\/\/dutchhealthstore.com\/fr\/wp-json\/wp\/v2\/product_tag?post=123161"}],"curies":[{"name":"wp","href":"https:\/\/api.w.org\/{rel}","templated":true}]}}