{"id":123145,"date":"2018-02-10T20:19:45","date_gmt":"2018-02-10T19:19:45","guid":{"rendered":"https:\/\/dutchhealthstore.com\/product\/rosemary-verbenone-essential-oil\/"},"modified":"2025-06-16T12:11:53","modified_gmt":"2025-06-16T10:11:53","slug":"rosemary-verbenone-essential-oil","status":"publish","type":"product","link":"https:\/\/dutchhealthstore.com\/fr\/product\/rosemary-verbenone-essential-oil\/","title":{"rendered":"Rosemary Verbenone Essential Oil"},"content":{"rendered":"<p><img decoding=\"async\" class=\"alignright size-full wp-image-37041\" src=\"https:\/\/dutchhealthstore.com\/wp-content\/uploads\/2018\/04\/Living_Libations-1.png\" alt=\"Organic &amp; Natural Beautyproducts - Living Libations\" width=\"175\" height=\"82\"><strong>Nom botanique:<\/strong> Rosmarinus officinalis verb\u00e9none<br \/>\n<strong>Nom botanique :<\/strong> Lamiaceae<br \/>\n<strong>M\u00e9thode d&rsquo;extraction : <\/strong>Distillation \u00e0 la vapeur<br \/>\n<strong>Partie de la plante distill\u00e9e :<\/strong> Feuilles et fleurs<br \/>\n<strong>Pays d&rsquo;origine :<\/strong> France<br \/>\n<strong>M\u00e9thode de culture :<\/strong> Organique<br \/>\n<strong>Composition:<\/strong> 100% Rosmarinus officinalis verb\u00e9none<br \/>\n<strong>Coh\u00e9rence :<\/strong> Mince<\/p>\n<h3>Analyses de produits<\/h3>\n<p>Veuillez cliquer sur le lien ci-dessous pour lire le certificat d&rsquo;analyse du produit.<\/p>\n<p><a href=\"https:\/\/dutchhealthstore.com\/wp-content\/uploads\/2019\/07\/ESSENTIAL-OIL-ANALYSIS-Rosemary-Verbenone-Essential-Oil-Living-Libations.pdf\" target=\"_blank\" rel=\"noopener noreferrer\"><img decoding=\"async\" class=\"alignleft wp-image-56302 size-full\" src=\"https:\/\/dutchhealthstore.com\/wp-content\/uploads\/2019\/05\/logo-pdf-navi-organics.jpg\" alt=\"logo pdf navi organics\" width=\"100\" height=\"104\"><\/a><\/p>\n<p>&nbsp;<\/p>\n<p>&nbsp;<\/p>\n<p>&nbsp;<\/p>\n<h3><\/h3>\n<h3>Description de l&rsquo;odeur<\/h3>\n<p>Herbac\u00e9 et frais avec des notes d\u00e9licates et subtiles de camphre.<\/p>\n<h3>Se marie bien avec<\/h3>\n<p>Bois de santal, \u00e9pinette noire, cumin, sauge, fenouil, lavande, bergamote, hysope, pamplemousse, argousier, inule, thym, fenouil, mastic, encens et citron.<\/p>\n<h3>Utilisations<\/h3>\n<p>S\u00e9rums pour la peau et huiles pour le corps. Son pouvoir hydratant en fait un produit parfait pour les cuirs chevelus secs et les peaux assoiff\u00e9es. Puissant rafra\u00eechisseur d&rsquo;haleine.<\/p>\n<p>Huile pr\u00e9f\u00e9r\u00e9e de tous, des Grecs anciens \u00e0 la royaut\u00e9 hongroise, la vari\u00e9t\u00e9 Verbenone du romarin est une gr\u00e2ce herbac\u00e9e camphr\u00e9e pour le corps, la respiration et le visage. Cette vari\u00e9t\u00e9 de romarin rafra\u00eechissant est moins stimulante et \u00e9nergisante que la vari\u00e9t\u00e9 officinale, bien qu&rsquo;elle ait la capacit\u00e9 myst\u00e9rieuse de revitaliser l&rsquo;esprit et l&rsquo;\u00e2me. Rosemary Verbenone Essential Oil stimulerait la concentration et l&rsquo;optimisme tout en clarifiant les pens\u00e9es sur l&rsquo;avenir.<\/p>\n<p><strong>Taille : 5 ml<\/strong><\/p>\n<h3>Ingr\u00e9dients biologiques<\/h3>\n<p>100% d&rsquo;huile essentielle de romarin \u00e0 verb\u00e9none (Rosmarinus officinalis verb\u00e9none).<\/p>\n<p style=\"text-align: center;\"><em>\u00ab\u00a0Cette huile [Rosemary verbenone] a \u00e9t\u00e9 reconnue pour son utilit\u00e9 dans les formules de soins de la peau.\u00a0\u00bb<\/em><br \/>\nKurt Schnaubelt, <strong>The Intelligence of Essential Oils<\/strong><\/p>\n<p>&nbsp;<\/p>\n<p><img fetchpriority=\"high\" decoding=\"async\" class=\"size-full wp-image-31577 aligncenter\" src=\"https:\/\/dutchhealthstore.com\/wp-content\/uploads\/2018\/03\/organic_big.png\" alt=\"Organic and Natural - Living Libations\" width=\"623\" height=\"103\" srcset=\"https:\/\/dutchhealthstore.com\/wp-content\/uploads\/2018\/03\/organic_big.png 623w, https:\/\/dutchhealthstore.com\/wp-content\/uploads\/2018\/03\/organic_big-510x84.png 510w, https:\/\/dutchhealthstore.com\/wp-content\/uploads\/2018\/03\/organic_big-600x99.png 600w, https:\/\/dutchhealthstore.com\/wp-content\/uploads\/2018\/03\/organic_big-350x58.png 350w\" sizes=\"(max-width: 623px) 100vw, 623px\" \/><\/p>\n","protected":false},"excerpt":{"rendered":"<p><strong>Rosemary Verbenone Essential Oil<\/strong> rafra\u00eechissante est une huile inspirante, revigorante qui est connue comme la \u00ab\u00a0rose de la mer\u00a0\u00bb. Il est plus doux et m\u00eame plus adapt\u00e9 aux soins des peaux sensibles que le romarin officinal classique. La verb\u00e9none vitalisante chante la clart\u00e9 de votre peau, car ses mol\u00e9cules magistrales mettent de la verve dans votre d\u00e9marche pour que vous puissiez commencer.<\/p>\n","protected":false},"featured_media":114118,"comment_status":"open","ping_status":"closed","template":"","meta":[],"product_brand":[],"product_cat":[6734,1507,1211,1209,3757,1010,6733],"product_tag":[4495],"class_list":{"0":"post-123145","1":"product","2":"type-product","3":"status-publish","4":"has-post-thumbnail","6":"product_cat-essential-oils","7":"product_cat-plantes-huiles-essentielles-living-libations","8":"product_cat-living-libations-france","9":"product_cat-par-marques","10":"product_cat-plantes-huiles-essentielles","11":"product_cat-notre-boutique","12":"product_cat-wellness-fr-2","13":"product_tag-essential-oil-fr","14":"pa_brand-livinglibations-fr","15":"pa_essential-oils-product-type-essential-oils-fr","16":"pa_gtin-7439657338359-fr","17":"pa_size-5-ml-fr","19":"first","20":"instock","21":"taxable","22":"shipping-taxable","23":"purchasable","24":"product-type-simple"},"bundled_by":[],"bundle_stock_status":"instock","bundle_stock_quantity":2,"bundle_virtual":false,"bundle_layout":"","bundle_add_to_cart_form_location":"","bundle_editable_in_cart":false,"bundle_sold_individually_context":"","bundle_item_grouping":"","bundle_min_size":"","bundle_max_size":"","bundle_price":[],"bundled_items":[],"bundle_sell_ids":[],"atum_controlled":true,"out_stock_date":null,"out_stock_threshold":null,"inheritable":false,"stock_on_hold":0,"sold_today":0,"sales_last_days":0,"out_stock_days":0,"lost_sales":0,"update_date":"2026-04-05T01:46:03","atum_locations":[],"atum_stock_status":"instock","restock_status":false,"low_stock_amount":"","sales_update_date":"2026-04-05T01:46:03","calc_backorders":null,"group_of_quantity":0,"min_quantity":0,"max_quantity":"","exclude_order_quantity_value_rules":"no","exclude_category_quantity_rules":"no","combine_variations":"no","yoast_head":"<!-- This site is optimized with the Yoast SEO Premium plugin v26.5 (Yoast SEO v26.5) - https:\/\/yoast.com\/wordpress\/plugins\/seo\/ -->\n<title>Rosemary Verbenone Essential Oil | Living Libations<\/title>\n<meta name=\"description\" content=\"La verb\u00e9none vitalisante chante la clart\u00e9 de votre peau, car ses mol\u00e9cules magistrales mettent de la verve dans votre d\u00e9marche pour que vous puissiez commencer.\" \/>\n<meta name=\"robots\" content=\"index, follow, max-snippet:-1, max-image-preview:large, max-video-preview:-1\" \/>\n<link rel=\"canonical\" href=\"https:\/\/dutchhealthstore.com\/fr\/product\/rosemary-verbenone-essential-oil\/\" \/>\n<meta property=\"og:locale\" content=\"fr_FR\" \/>\n<meta property=\"og:type\" content=\"article\" \/>\n<meta property=\"og:title\" content=\"Rosemary Verbenone Essential Oil - Dutch Health Store\" \/>\n<meta property=\"og:description\" content=\"La verb\u00e9none vitalisante chante la clart\u00e9 de votre peau, car ses mol\u00e9cules magistrales mettent de la verve dans votre d\u00e9marche pour que vous puissiez commencer.\" \/>\n<meta property=\"og:url\" content=\"https:\/\/dutchhealthstore.com\/fr\/product\/rosemary-verbenone-essential-oil\/\" \/>\n<meta property=\"og:site_name\" content=\"Dutch Health Store\" \/>\n<meta property=\"article:publisher\" content=\"https:\/\/www.instagram.com\/dutchhealthstore\/\" \/>\n<meta property=\"article:modified_time\" content=\"2025-06-16T10:11:53+00:00\" \/>\n<meta property=\"og:image\" content=\"https:\/\/dutchhealthstore.com\/wp-content\/uploads\/2018\/02\/Living-Libations-Rosemary-Verbenone-Essential-Oil-e1594903545933.jpg\" \/>\n\t<meta property=\"og:image:width\" content=\"500\" \/>\n\t<meta property=\"og:image:height\" content=\"500\" \/>\n\t<meta property=\"og:image:type\" content=\"image\/jpeg\" \/>\n<meta name=\"twitter:card\" content=\"summary_large_image\" \/>\n<meta name=\"twitter:label1\" content=\"Prix\" \/>\n\t<meta name=\"twitter:data1\" content=\"&euro;21,00\" \/>\n\t<meta name=\"twitter:label2\" content=\"Disponibilit\u00e9\" \/>\n\t<meta name=\"twitter:data2\" content=\"En stock\" \/>\n<script type=\"application\/ld+json\" class=\"yoast-schema-graph\">{\"@context\":\"https:\/\/schema.org\",\"@graph\":[{\"@type\":\"WebPage\",\"@id\":\"https:\/\/dutchhealthstore.com\/fr\/product\/rosemary-verbenone-essential-oil\/\",\"url\":\"https:\/\/dutchhealthstore.com\/fr\/product\/rosemary-verbenone-essential-oil\/\",\"name\":\"Rosemary Verbenone Essential Oil | Living Libations\",\"isPartOf\":{\"@id\":\"https:\/\/dutchhealthstore.com\/fr\/#website\"},\"primaryImageOfPage\":{\"@id\":\"https:\/\/dutchhealthstore.com\/fr\/product\/rosemary-verbenone-essential-oil\/#primaryimage\"},\"image\":{\"@id\":\"https:\/\/dutchhealthstore.com\/fr\/product\/rosemary-verbenone-essential-oil\/#primaryimage\"},\"thumbnailUrl\":\"https:\/\/dutchhealthstore.com\/wp-content\/uploads\/2018\/02\/Living-Libations-Rosemary-Verbenone-Essential-Oil-e1594903545933.jpg\",\"datePublished\":\"2018-02-10T19:19:45+00:00\",\"dateModified\":\"2025-06-16T10:11:53+00:00\",\"description\":\"La verb\u00e9none vitalisante chante la clart\u00e9 de votre peau, car ses mol\u00e9cules magistrales mettent de la verve dans votre d\u00e9marche pour que vous puissiez commencer.\",\"breadcrumb\":{\"@id\":\"https:\/\/dutchhealthstore.com\/fr\/product\/rosemary-verbenone-essential-oil\/#breadcrumb\"},\"inLanguage\":\"fr-FR\",\"potentialAction\":[{\"@type\":\"ReadAction\",\"target\":[\"https:\/\/dutchhealthstore.com\/fr\/product\/rosemary-verbenone-essential-oil\/\"]}]},{\"@type\":\"ImageObject\",\"inLanguage\":\"fr-FR\",\"@id\":\"https:\/\/dutchhealthstore.com\/fr\/product\/rosemary-verbenone-essential-oil\/#primaryimage\",\"url\":\"https:\/\/dutchhealthstore.com\/wp-content\/uploads\/2018\/02\/Living-Libations-Rosemary-Verbenone-Essential-Oil-e1594903545933.jpg\",\"contentUrl\":\"https:\/\/dutchhealthstore.com\/wp-content\/uploads\/2018\/02\/Living-Libations-Rosemary-Verbenone-Essential-Oil-e1594903545933.jpg\",\"width\":500,\"height\":500,\"caption\":\"Living Libations Rosemary Verbenone Essential Oil\"},{\"@type\":\"BreadcrumbList\",\"@id\":\"https:\/\/dutchhealthstore.com\/fr\/product\/rosemary-verbenone-essential-oil\/#breadcrumb\",\"itemListElement\":[{\"@type\":\"ListItem\",\"position\":1,\"name\":\"Home\",\"item\":\"https:\/\/dutchhealthstore.com\/fr\/\"},{\"@type\":\"ListItem\",\"position\":2,\"name\":\"Shop\",\"item\":\"https:\/\/dutchhealthstore.com\/fr\/shop\/\"},{\"@type\":\"ListItem\",\"position\":3,\"name\":\"Rosemary Verbenone Essential Oil\"}]},{\"@type\":\"WebSite\",\"@id\":\"https:\/\/dutchhealthstore.com\/fr\/#website\",\"url\":\"https:\/\/dutchhealthstore.com\/fr\/\",\"name\":\"Dutch Health Store\",\"description\":\"Enhance Your Beauty with Organic &amp; Natural Skincare\",\"publisher\":{\"@id\":\"https:\/\/dutchhealthstore.com\/fr\/#organization\"},\"potentialAction\":[{\"@type\":\"SearchAction\",\"target\":{\"@type\":\"EntryPoint\",\"urlTemplate\":\"https:\/\/dutchhealthstore.com\/fr\/?s={search_term_string}\"},\"query-input\":{\"@type\":\"PropertyValueSpecification\",\"valueRequired\":true,\"valueName\":\"search_term_string\"}}],\"inLanguage\":\"fr-FR\"},{\"@type\":\"Organization\",\"@id\":\"https:\/\/dutchhealthstore.com\/fr\/#organization\",\"name\":\"Dutch Health Store\",\"url\":\"https:\/\/dutchhealthstore.com\/fr\/\",\"logo\":{\"@type\":\"ImageObject\",\"inLanguage\":\"fr-FR\",\"@id\":\"https:\/\/dutchhealthstore.com\/fr\/#\/schema\/logo\/image\/\",\"url\":\"https:\/\/dutchhealthstore.com\/wp-content\/uploads\/2020\/08\/logo-dutchhealthstore-jpg-e1599484957574.jpg\",\"contentUrl\":\"https:\/\/dutchhealthstore.com\/wp-content\/uploads\/2020\/08\/logo-dutchhealthstore-jpg-e1599484957574.jpg\",\"width\":400,\"height\":62,\"caption\":\"Dutch Health Store\"},\"image\":{\"@id\":\"https:\/\/dutchhealthstore.com\/fr\/#\/schema\/logo\/image\/\"},\"sameAs\":[\"https:\/\/www.instagram.com\/dutchhealthstore\/\",\"https:\/\/www.facebook.com\/dutchhealthstore\"]}]}<\/script>\n<meta property=\"product:brand\" content=\"Living Libations\" \/>\n<meta property=\"product:price:amount\" content=\"21.00\" \/>\n<meta property=\"product:price:currency\" content=\"EUR\" \/>\n<meta property=\"og:availability\" content=\"instock\" \/>\n<meta property=\"product:availability\" content=\"instock\" \/>\n<meta property=\"product:condition\" content=\"new\" \/>\n<!-- \/ Yoast SEO Premium plugin. -->","yoast_head_json":{"title":"Rosemary Verbenone Essential Oil | Living Libations","description":"La verb\u00e9none vitalisante chante la clart\u00e9 de votre peau, car ses mol\u00e9cules magistrales mettent de la verve dans votre d\u00e9marche pour que vous puissiez commencer.","robots":{"index":"index","follow":"follow","max-snippet":"max-snippet:-1","max-image-preview":"max-image-preview:large","max-video-preview":"max-video-preview:-1"},"canonical":"https:\/\/dutchhealthstore.com\/fr\/product\/rosemary-verbenone-essential-oil\/","og_locale":"fr_FR","og_type":"article","og_title":"Rosemary Verbenone Essential Oil - Dutch Health Store","og_description":"La verb\u00e9none vitalisante chante la clart\u00e9 de votre peau, car ses mol\u00e9cules magistrales mettent de la verve dans votre d\u00e9marche pour que vous puissiez commencer.","og_url":"https:\/\/dutchhealthstore.com\/fr\/product\/rosemary-verbenone-essential-oil\/","og_site_name":"Dutch Health Store","article_publisher":"https:\/\/www.instagram.com\/dutchhealthstore\/","article_modified_time":"2025-06-16T10:11:53+00:00","og_image":[{"width":500,"height":500,"url":"https:\/\/dutchhealthstore.com\/wp-content\/uploads\/2018\/02\/Living-Libations-Rosemary-Verbenone-Essential-Oil-e1594903545933.jpg","type":"image\/jpeg"}],"twitter_card":"summary_large_image","twitter_misc":{"Prix":"&euro;21,00","Disponibilit\u00e9":"En stock"},"schema":{"@context":"https:\/\/schema.org","@graph":[{"@type":"WebPage","@id":"https:\/\/dutchhealthstore.com\/fr\/product\/rosemary-verbenone-essential-oil\/","url":"https:\/\/dutchhealthstore.com\/fr\/product\/rosemary-verbenone-essential-oil\/","name":"Rosemary Verbenone Essential Oil | Living Libations","isPartOf":{"@id":"https:\/\/dutchhealthstore.com\/fr\/#website"},"primaryImageOfPage":{"@id":"https:\/\/dutchhealthstore.com\/fr\/product\/rosemary-verbenone-essential-oil\/#primaryimage"},"image":{"@id":"https:\/\/dutchhealthstore.com\/fr\/product\/rosemary-verbenone-essential-oil\/#primaryimage"},"thumbnailUrl":"https:\/\/dutchhealthstore.com\/wp-content\/uploads\/2018\/02\/Living-Libations-Rosemary-Verbenone-Essential-Oil-e1594903545933.jpg","datePublished":"2018-02-10T19:19:45+00:00","dateModified":"2025-06-16T10:11:53+00:00","description":"La verb\u00e9none vitalisante chante la clart\u00e9 de votre peau, car ses mol\u00e9cules magistrales mettent de la verve dans votre d\u00e9marche pour que vous puissiez commencer.","breadcrumb":{"@id":"https:\/\/dutchhealthstore.com\/fr\/product\/rosemary-verbenone-essential-oil\/#breadcrumb"},"inLanguage":"fr-FR","potentialAction":[{"@type":"ReadAction","target":["https:\/\/dutchhealthstore.com\/fr\/product\/rosemary-verbenone-essential-oil\/"]}]},{"@type":"ImageObject","inLanguage":"fr-FR","@id":"https:\/\/dutchhealthstore.com\/fr\/product\/rosemary-verbenone-essential-oil\/#primaryimage","url":"https:\/\/dutchhealthstore.com\/wp-content\/uploads\/2018\/02\/Living-Libations-Rosemary-Verbenone-Essential-Oil-e1594903545933.jpg","contentUrl":"https:\/\/dutchhealthstore.com\/wp-content\/uploads\/2018\/02\/Living-Libations-Rosemary-Verbenone-Essential-Oil-e1594903545933.jpg","width":500,"height":500,"caption":"Living Libations Rosemary Verbenone Essential Oil"},{"@type":"BreadcrumbList","@id":"https:\/\/dutchhealthstore.com\/fr\/product\/rosemary-verbenone-essential-oil\/#breadcrumb","itemListElement":[{"@type":"ListItem","position":1,"name":"Home","item":"https:\/\/dutchhealthstore.com\/fr\/"},{"@type":"ListItem","position":2,"name":"Shop","item":"https:\/\/dutchhealthstore.com\/fr\/shop\/"},{"@type":"ListItem","position":3,"name":"Rosemary Verbenone Essential Oil"}]},{"@type":"WebSite","@id":"https:\/\/dutchhealthstore.com\/fr\/#website","url":"https:\/\/dutchhealthstore.com\/fr\/","name":"Dutch Health Store","description":"Enhance Your Beauty with Organic &amp; Natural Skincare","publisher":{"@id":"https:\/\/dutchhealthstore.com\/fr\/#organization"},"potentialAction":[{"@type":"SearchAction","target":{"@type":"EntryPoint","urlTemplate":"https:\/\/dutchhealthstore.com\/fr\/?s={search_term_string}"},"query-input":{"@type":"PropertyValueSpecification","valueRequired":true,"valueName":"search_term_string"}}],"inLanguage":"fr-FR"},{"@type":"Organization","@id":"https:\/\/dutchhealthstore.com\/fr\/#organization","name":"Dutch Health Store","url":"https:\/\/dutchhealthstore.com\/fr\/","logo":{"@type":"ImageObject","inLanguage":"fr-FR","@id":"https:\/\/dutchhealthstore.com\/fr\/#\/schema\/logo\/image\/","url":"https:\/\/dutchhealthstore.com\/wp-content\/uploads\/2020\/08\/logo-dutchhealthstore-jpg-e1599484957574.jpg","contentUrl":"https:\/\/dutchhealthstore.com\/wp-content\/uploads\/2020\/08\/logo-dutchhealthstore-jpg-e1599484957574.jpg","width":400,"height":62,"caption":"Dutch Health Store"},"image":{"@id":"https:\/\/dutchhealthstore.com\/fr\/#\/schema\/logo\/image\/"},"sameAs":["https:\/\/www.instagram.com\/dutchhealthstore\/","https:\/\/www.facebook.com\/dutchhealthstore"]}]},"product_brand":"Living Libations","product_price_amount":"21.00","product_price_currency":"EUR","og_availability":"instock","product_availability":"instock","product_condition":"new"},"_links":{"self":[{"href":"https:\/\/dutchhealthstore.com\/fr\/wp-json\/wp\/v2\/product\/123145","targetHints":{"allow":["GET"]}}],"collection":[{"href":"https:\/\/dutchhealthstore.com\/fr\/wp-json\/wp\/v2\/product"}],"about":[{"href":"https:\/\/dutchhealthstore.com\/fr\/wp-json\/wp\/v2\/types\/product"}],"replies":[{"embeddable":true,"href":"https:\/\/dutchhealthstore.com\/fr\/wp-json\/wp\/v2\/comments?post=123145"}],"wp:featuredmedia":[{"embeddable":true,"href":"https:\/\/dutchhealthstore.com\/fr\/wp-json\/wp\/v2\/media\/114118"}],"wp:attachment":[{"href":"https:\/\/dutchhealthstore.com\/fr\/wp-json\/wp\/v2\/media?parent=123145"}],"wp:term":[{"taxonomy":"product_brand","embeddable":true,"href":"https:\/\/dutchhealthstore.com\/fr\/wp-json\/wp\/v2\/product_brand?post=123145"},{"taxonomy":"product_cat","embeddable":true,"href":"https:\/\/dutchhealthstore.com\/fr\/wp-json\/wp\/v2\/product_cat?post=123145"},{"taxonomy":"product_tag","embeddable":true,"href":"https:\/\/dutchhealthstore.com\/fr\/wp-json\/wp\/v2\/product_tag?post=123145"}],"curies":[{"name":"wp","href":"https:\/\/api.w.org\/{rel}","templated":true}]}}