{"id":123138,"date":"2018-06-16T08:22:23","date_gmt":"2018-06-16T08:22:23","guid":{"rendered":"https:\/\/dutchhealthstore.com\/product\/rose-de-mai-absolute\/"},"modified":"2024-08-26T12:25:06","modified_gmt":"2024-08-26T10:25:06","slug":"rose-de-mai-absolute","status":"publish","type":"product","link":"https:\/\/dutchhealthstore.com\/fr\/product\/rose-de-mai-absolute\/","title":{"rendered":"Rose De Mai Absolute"},"content":{"rendered":"<p><img decoding=\"async\" class=\"alignright size-full wp-image-37041\" src=\"https:\/\/dutchhealthstore.com\/wp-content\/uploads\/2018\/04\/Living_Libations-1.png\" alt=\"Organic &amp; Natural Beautyproducts - Living Libations\" width=\"175\" height=\"82\"><\/p>\n<p><strong>Nom botanique : <\/strong>Rosa centifolia<br \/>\n<strong>Famille botanique : <\/strong>Rosaceae <strong><br \/>\nM\u00e9thode d&rsquo;extraction :<\/strong> Absolue <strong><br \/>\nPartie de la plante distill\u00e9e :<\/strong> Fleurs<br \/>\n<strong>Pays d&rsquo;origine:<\/strong> \u00c9gypte<br \/>\n<strong>M\u00e9thode de culture :<\/strong> Organique<br \/>\n<strong>Composition :<\/strong> 100% Rosa centifolia<br \/>\n<strong>Consistance :<\/strong> Viscosit\u00e9 moyenne<\/p>\n<h3>Analyses de produits<\/h3>\n<p>Veuillez cliquer sur le lien ci-dessous pour lire le certificat d&rsquo;analyse du produit.<\/p>\n<p><a href=\"https:\/\/dutchhealthstore.com\/wp-content\/uploads\/2019\/05\/ANALYSIS-Rose-De-Mai-Absolute-Living-Libations.pdf\" rel=\"noopener\"><img decoding=\"async\" class=\"wp-image-56302 size-full alignnone\" src=\"https:\/\/dutchhealthstore.com\/wp-content\/uploads\/2019\/05\/logo-pdf-navi-organics.jpg\" alt=\"logo pdf navi organics\" width=\"100\" height=\"104\"><\/a><\/p>\n<h3>Description de l&rsquo;odeur<\/h3>\n<p>Une rose sous un autre nom ne sentirait pas aussi bon ! Impr\u00e9gnez vous d&rsquo;un bouquet doux et sucr\u00e9 de fleurs miell\u00e9es et de verdure acidul\u00e9e avec une t\u00e9nacit\u00e9 \u00e0 couper le souffle.<\/p>\n<h3>Dans Living Libations<\/h3>\n<p>Roses Shining Everywhere Perfume<\/p>\n<h3>Se marie bien avec<\/h3>\n<p>Rose Otto, Ylang, encens, bois de santal, patchouli, bergamote, mandarine, petit grain, n\u00e9roli, vanille, citron, citron vert, ciste, immortelle, nard, mousse de ch\u00eane, \u0153illet, nid d&rsquo;abeille, tub\u00e9reuse, g\u00e9ranium et lavande.<strong><br \/>\n<\/strong><\/p>\n<h3>Utilisations<\/h3>\n<p>Les p\u00e9tales parfaits pour cr\u00e9er des parfums pr\u00e9cieux. Diffusion d\u00e9lectable. M\u00e9langes d&rsquo;aromath\u00e9rapie pour l&rsquo;amour. M\u00e9ditations et salutations spirituelles pour \u00e9largir le c\u0153ur.<\/p>\n<p>Rose de Mai se d\u00e9ploie joyeusement, p\u00e9tale apr\u00e8s p\u00e9tale, pour offrir au nez des d\u00e9lices parfum\u00e9s. Ce magnifique bouquet oint la journ\u00e9e avec les offrandes aromatiques de la Rose de Mai, un absolu de Rose principalement appr\u00e9ci\u00e9 en parfumerie et en aromath\u00e9rapie. Riche en rose, avec des notes douces d&rsquo;ambre, de miel vert, et un bouquet ros\u00e9 royal, <em>Rosa centifolia<\/em> exhale plus de milliers d&rsquo;ann\u00e9es d&rsquo;\u00e9merveillement ros\u00e9 dans chaque goutte parfum\u00e9e. L&rsquo;essence de rose est utilis\u00e9e depuis l&rsquo;antiquit\u00e9 pour inspirer des sentiments d&rsquo;amour et de bonheur, \u00e9lever l&rsquo;esprit, ouvrir le c\u0153ur et \u00e9lever l&rsquo;essence masculine et f\u00e9minine.<\/p>\n<p>Distill\u00e9e \u00e0 partir des p\u00e9tales doux et velout\u00e9s de la rose du chou, l&rsquo;absolue de rose de mai renferme dans son huile une histoire vieille de plus de 12 000 ans. L&rsquo;utilisation de la rose comme essence de bonheur et d&rsquo;amour, ainsi que comme parfum, remonte \u00e0 10 000 ans avant J\u00e9sus-Christ, lorsque des peuples anciens ont grav\u00e9 des images de la fleur sur les murs des grottes. Des si\u00e8cles plus tard, Pline loue les vertus de la rose et \u00e9num\u00e8re trente-deux rem\u00e8des parfum\u00e9s \u00e0 la rose, et l&rsquo;Iliade d&rsquo;Hom\u00e8re d\u00e9crit les gr\u00e2ces de cette fleur odorante pour oindre le corps avant l&rsquo;enterrement. Plus tard encore, la fleur a offert ses premi\u00e8res gouttes d&rsquo;huile aux Arabes. Au XVIIe si\u00e8cle, les Turcs ont apport\u00e9 l&rsquo;huile de rose en Europe, o\u00f9 elle s&rsquo;est depuis \u00e9panouie pour devenir l&rsquo;un des parfums les plus recherch\u00e9s de la plan\u00e8te.<\/p>\n<p>L&rsquo;Absolu de Rose de Mai est principalement utilis\u00e9 en parfumerie, dans des applications d&rsquo;aromath\u00e9rapie, et pour l&rsquo;onction pendant les c\u00e9r\u00e9monies sacr\u00e9es. Oignez Rose de Mai et laissez votre joie sortir et jouer.<\/p>\n<p><strong>Taille : 5 ml<\/strong><\/p>\n<h3>Ingr\u00e9dients biologiques<\/h3>\n<p>100% d&rsquo;absolue de rose de mai (Rosa centifolia).<\/p>\n<p style=\"text-align: center;\"><em>\u00ab\u00a0Rose de Mai Absolute est tr\u00e8s utilis\u00e9 pour les bases florales, les chypres et les Orientaux, ainsi que pour arrondir&#8230; A utiliser avec le jasmin, la casse, le mimosa, la fleur d&rsquo;oranger&#8230; Vous pouvez \u00e9galement l&rsquo;utiliser pour modifier la bergamote, la sauge sclar\u00e9e, le g\u00e9ranium, le bois de santal, le bois de ga\u00efac et le patchouli.\u00a0\u00bb<\/em><br \/>\n~ Richard Alan Miller and Iona Miller,<strong> Perfumes<\/strong><\/p>\n<p style=\"text-align: center;\"><em>\u00ab\u00a0J&rsquo;ai lu un jour dans un livre qu&rsquo;une rose par n&rsquo;importe quel autre nom sentirait aussi bon, mais je n&rsquo;ai jamais pu le croire. Je ne crois pas qu&rsquo;une rose SERAIT aussi agr\u00e9able si elle s&rsquo;appelait chardon ou chou puant.\u00a0\u00bb<\/em><br \/>\n~ L.M. Montgomery, <strong>Anne of Green Gables<\/strong><\/p>\n<p style=\"text-align: center;\"><em>\u00ab\u00a0Mais maintenant son esprit ressemblait, dans sa puissance, \u00e0 une infime quantit\u00e9 d&rsquo;attar de rose dans l&rsquo;un des \u00e9normes coffres d&rsquo;Hephzibah, reli\u00e9s en fer, diffusant son parfum \u00e0 travers les divers articles de lin et de dentelle, les foulards, les bonnets, les bas, les robes pli\u00e9es, les gants, et tout ce qui y \u00e9tait conserv\u00e9. Comme chaque article du grand coffre \u00e9tait plus doux gr\u00e2ce au parfum de la rose, ainsi toutes les pens\u00e9es et les \u00e9motions de Hephzibah et de Clifford, aussi <span style=\"font-size: 14.4px;\">sombres<\/span> qu&rsquo;elles puissent para\u00eetre, acqu\u00e9raient un subtil attribut de bonheur du fait que Phoebe s&rsquo;y m\u00ealait.\u00a0\u00bb<\/em><br \/>\n~ Nathaniel Hawthorne, <strong>The House of the Seven Gables<\/strong><\/p>\n<p>&nbsp;<\/p>\n<p>&nbsp;<\/p>\n<p>&nbsp;<\/p>\n","protected":false},"excerpt":{"rendered":"<p><strong>Rose de Mai Absolute<\/strong> resplendissant sature absolument les sens avec les merveilles anciennes de la rose. Cette huile de rose marocaine est le r\u00eave floral parfum\u00e9 d&rsquo;un aromath\u00e9rapeute, avec des chuchotements sereins de miel doux, de verts ambr\u00e9s, et ce parfum ind\u00e9niable et ancien de la fleur rose de M\u00e8re Nature : la rose fra\u00eeche et aromatique.<\/p>\n","protected":false},"featured_media":114102,"comment_status":"open","ping_status":"closed","template":"","meta":[],"product_brand":[],"product_cat":[3754,6734,1507,1211,1209,1010,6733],"product_tag":[4495],"class_list":{"0":"post-123138","1":"product","2":"type-product","3":"status-publish","4":"has-post-thumbnail","6":"product_cat-essences-absolues","7":"product_cat-essential-oils","8":"product_cat-plantes-huiles-essentielles-living-libations","9":"product_cat-living-libations-france","10":"product_cat-par-marques","11":"product_cat-notre-boutique","12":"product_cat-wellness-fr-2","13":"product_tag-essential-oil-fr","14":"pa_brand-livinglibations-fr","15":"pa_essential-oils-product-type-absolute-essences-fr","16":"pa_essential-oils-product-type-essential-oils-fr","17":"pa_size-5-ml-fr","19":"first","20":"instock","21":"taxable","22":"shipping-taxable","23":"purchasable","24":"product-type-simple"},"bundled_by":[],"bundle_stock_status":"instock","bundle_stock_quantity":3,"bundle_virtual":false,"bundle_layout":"","bundle_add_to_cart_form_location":"","bundle_editable_in_cart":false,"bundle_sold_individually_context":"","bundle_item_grouping":"","bundle_min_size":"","bundle_max_size":"","bundle_price":[],"bundled_items":[],"bundle_sell_ids":[],"atum_controlled":true,"out_stock_date":null,"out_stock_threshold":null,"inheritable":false,"stock_on_hold":0,"sold_today":0,"sales_last_days":0,"out_stock_days":0,"lost_sales":0,"update_date":"2026-04-09T11:36:42","atum_locations":[],"atum_stock_status":"instock","restock_status":false,"low_stock_amount":0,"sales_update_date":"2026-04-09T11:36:42","calc_backorders":null,"group_of_quantity":0,"min_quantity":0,"max_quantity":"","exclude_order_quantity_value_rules":"no","exclude_category_quantity_rules":"no","combine_variations":"no","yoast_head":"<!-- This site is optimized with the Yoast SEO Premium plugin v26.5 (Yoast SEO v26.5) - https:\/\/yoast.com\/wordpress\/plugins\/seo\/ -->\n<title>Rose De Mai Absolute | Organic &amp; Natural | Living Libations<\/title>\n<meta name=\"description\" content=\"Living Libations Rose de Mai Absolute sature absolument les sens des merveilles anciennes de la rose. Cette huile de rose marocaine est le r\u00eave floral parfum\u00e9 d&#039;un aromath\u00e9rapeute.\" \/>\n<meta name=\"robots\" content=\"index, follow, max-snippet:-1, max-image-preview:large, max-video-preview:-1\" \/>\n<link rel=\"canonical\" href=\"https:\/\/dutchhealthstore.com\/fr\/product\/rose-de-mai-absolute\/\" \/>\n<meta property=\"og:locale\" content=\"fr_FR\" \/>\n<meta property=\"og:type\" content=\"article\" \/>\n<meta property=\"og:title\" content=\"Rose De Mai Absolute - Dutch Health Store\" \/>\n<meta property=\"og:description\" content=\"Living Libations Rose de Mai Absolute sature absolument les sens des merveilles anciennes de la rose. Cette huile de rose marocaine est le r\u00eave floral parfum\u00e9 d&#039;un aromath\u00e9rapeute.\" \/>\n<meta property=\"og:url\" content=\"https:\/\/dutchhealthstore.com\/fr\/product\/rose-de-mai-absolute\/\" \/>\n<meta property=\"og:site_name\" content=\"Dutch Health Store\" \/>\n<meta property=\"article:publisher\" content=\"https:\/\/www.instagram.com\/dutchhealthstore\/\" \/>\n<meta property=\"article:modified_time\" content=\"2024-08-26T10:25:06+00:00\" \/>\n<meta property=\"og:image\" content=\"https:\/\/dutchhealthstore.com\/wp-content\/uploads\/2018\/06\/Living-Libations-Rose-de-Mai-Absolute-1-e1594901237847.jpg\" \/>\n\t<meta property=\"og:image:width\" content=\"500\" \/>\n\t<meta property=\"og:image:height\" content=\"500\" \/>\n\t<meta property=\"og:image:type\" content=\"image\/jpeg\" \/>\n<meta name=\"twitter:card\" content=\"summary_large_image\" \/>\n<meta name=\"twitter:label1\" content=\"Prix\" \/>\n\t<meta name=\"twitter:data1\" content=\"&euro;110,00\" \/>\n\t<meta name=\"twitter:label2\" content=\"Disponibilit\u00e9\" \/>\n\t<meta name=\"twitter:data2\" content=\"En stock\" \/>\n<script type=\"application\/ld+json\" class=\"yoast-schema-graph\">{\"@context\":\"https:\/\/schema.org\",\"@graph\":[{\"@type\":\"WebPage\",\"@id\":\"https:\/\/dutchhealthstore.com\/fr\/product\/rose-de-mai-absolute\/\",\"url\":\"https:\/\/dutchhealthstore.com\/fr\/product\/rose-de-mai-absolute\/\",\"name\":\"Rose De Mai Absolute | Organic & Natural | Living Libations\",\"isPartOf\":{\"@id\":\"https:\/\/dutchhealthstore.com\/fr\/#website\"},\"primaryImageOfPage\":{\"@id\":\"https:\/\/dutchhealthstore.com\/fr\/product\/rose-de-mai-absolute\/#primaryimage\"},\"image\":{\"@id\":\"https:\/\/dutchhealthstore.com\/fr\/product\/rose-de-mai-absolute\/#primaryimage\"},\"thumbnailUrl\":\"https:\/\/dutchhealthstore.com\/wp-content\/uploads\/2018\/06\/Living-Libations-Rose-de-Mai-Absolute-1-e1594901237847.jpg\",\"datePublished\":\"2018-06-16T08:22:23+00:00\",\"dateModified\":\"2024-08-26T10:25:06+00:00\",\"description\":\"Living Libations Rose de Mai Absolute sature absolument les sens des merveilles anciennes de la rose. Cette huile de rose marocaine est le r\u00eave floral parfum\u00e9 d'un aromath\u00e9rapeute.\",\"breadcrumb\":{\"@id\":\"https:\/\/dutchhealthstore.com\/fr\/product\/rose-de-mai-absolute\/#breadcrumb\"},\"inLanguage\":\"fr-FR\",\"potentialAction\":[{\"@type\":\"ReadAction\",\"target\":[\"https:\/\/dutchhealthstore.com\/fr\/product\/rose-de-mai-absolute\/\"]}]},{\"@type\":\"ImageObject\",\"inLanguage\":\"fr-FR\",\"@id\":\"https:\/\/dutchhealthstore.com\/fr\/product\/rose-de-mai-absolute\/#primaryimage\",\"url\":\"https:\/\/dutchhealthstore.com\/wp-content\/uploads\/2018\/06\/Living-Libations-Rose-de-Mai-Absolute-1-e1594901237847.jpg\",\"contentUrl\":\"https:\/\/dutchhealthstore.com\/wp-content\/uploads\/2018\/06\/Living-Libations-Rose-de-Mai-Absolute-1-e1594901237847.jpg\",\"width\":500,\"height\":500,\"caption\":\"Living Libations Rose De Mai Absolute\"},{\"@type\":\"BreadcrumbList\",\"@id\":\"https:\/\/dutchhealthstore.com\/fr\/product\/rose-de-mai-absolute\/#breadcrumb\",\"itemListElement\":[{\"@type\":\"ListItem\",\"position\":1,\"name\":\"Home\",\"item\":\"https:\/\/dutchhealthstore.com\/fr\/\"},{\"@type\":\"ListItem\",\"position\":2,\"name\":\"Shop\",\"item\":\"https:\/\/dutchhealthstore.com\/fr\/shop\/\"},{\"@type\":\"ListItem\",\"position\":3,\"name\":\"Rose De Mai Absolute\"}]},{\"@type\":\"WebSite\",\"@id\":\"https:\/\/dutchhealthstore.com\/fr\/#website\",\"url\":\"https:\/\/dutchhealthstore.com\/fr\/\",\"name\":\"Dutch Health Store\",\"description\":\"Enhance Your Beauty with Organic &amp; Natural Skincare\",\"publisher\":{\"@id\":\"https:\/\/dutchhealthstore.com\/fr\/#organization\"},\"potentialAction\":[{\"@type\":\"SearchAction\",\"target\":{\"@type\":\"EntryPoint\",\"urlTemplate\":\"https:\/\/dutchhealthstore.com\/fr\/?s={search_term_string}\"},\"query-input\":{\"@type\":\"PropertyValueSpecification\",\"valueRequired\":true,\"valueName\":\"search_term_string\"}}],\"inLanguage\":\"fr-FR\"},{\"@type\":\"Organization\",\"@id\":\"https:\/\/dutchhealthstore.com\/fr\/#organization\",\"name\":\"Dutch Health Store\",\"url\":\"https:\/\/dutchhealthstore.com\/fr\/\",\"logo\":{\"@type\":\"ImageObject\",\"inLanguage\":\"fr-FR\",\"@id\":\"https:\/\/dutchhealthstore.com\/fr\/#\/schema\/logo\/image\/\",\"url\":\"https:\/\/dutchhealthstore.com\/wp-content\/uploads\/2020\/08\/logo-dutchhealthstore-jpg-e1599484957574.jpg\",\"contentUrl\":\"https:\/\/dutchhealthstore.com\/wp-content\/uploads\/2020\/08\/logo-dutchhealthstore-jpg-e1599484957574.jpg\",\"width\":400,\"height\":62,\"caption\":\"Dutch Health Store\"},\"image\":{\"@id\":\"https:\/\/dutchhealthstore.com\/fr\/#\/schema\/logo\/image\/\"},\"sameAs\":[\"https:\/\/www.instagram.com\/dutchhealthstore\/\",\"https:\/\/www.facebook.com\/dutchhealthstore\"]}]}<\/script>\n<meta property=\"product:brand\" content=\"Living Libations\" \/>\n<meta property=\"product:price:amount\" content=\"110.00\" \/>\n<meta property=\"product:price:currency\" content=\"EUR\" \/>\n<meta property=\"og:availability\" content=\"instock\" \/>\n<meta property=\"product:availability\" content=\"instock\" \/>\n<meta property=\"product:condition\" content=\"new\" \/>\n<!-- \/ Yoast SEO Premium plugin. -->","yoast_head_json":{"title":"Rose De Mai Absolute | Organic & Natural | Living Libations","description":"Living Libations Rose de Mai Absolute sature absolument les sens des merveilles anciennes de la rose. Cette huile de rose marocaine est le r\u00eave floral parfum\u00e9 d'un aromath\u00e9rapeute.","robots":{"index":"index","follow":"follow","max-snippet":"max-snippet:-1","max-image-preview":"max-image-preview:large","max-video-preview":"max-video-preview:-1"},"canonical":"https:\/\/dutchhealthstore.com\/fr\/product\/rose-de-mai-absolute\/","og_locale":"fr_FR","og_type":"article","og_title":"Rose De Mai Absolute - Dutch Health Store","og_description":"Living Libations Rose de Mai Absolute sature absolument les sens des merveilles anciennes de la rose. Cette huile de rose marocaine est le r\u00eave floral parfum\u00e9 d'un aromath\u00e9rapeute.","og_url":"https:\/\/dutchhealthstore.com\/fr\/product\/rose-de-mai-absolute\/","og_site_name":"Dutch Health Store","article_publisher":"https:\/\/www.instagram.com\/dutchhealthstore\/","article_modified_time":"2024-08-26T10:25:06+00:00","og_image":[{"width":500,"height":500,"url":"https:\/\/dutchhealthstore.com\/wp-content\/uploads\/2018\/06\/Living-Libations-Rose-de-Mai-Absolute-1-e1594901237847.jpg","type":"image\/jpeg"}],"twitter_card":"summary_large_image","twitter_misc":{"Prix":"&euro;110,00","Disponibilit\u00e9":"En stock"},"schema":{"@context":"https:\/\/schema.org","@graph":[{"@type":"WebPage","@id":"https:\/\/dutchhealthstore.com\/fr\/product\/rose-de-mai-absolute\/","url":"https:\/\/dutchhealthstore.com\/fr\/product\/rose-de-mai-absolute\/","name":"Rose De Mai Absolute | Organic & Natural | Living Libations","isPartOf":{"@id":"https:\/\/dutchhealthstore.com\/fr\/#website"},"primaryImageOfPage":{"@id":"https:\/\/dutchhealthstore.com\/fr\/product\/rose-de-mai-absolute\/#primaryimage"},"image":{"@id":"https:\/\/dutchhealthstore.com\/fr\/product\/rose-de-mai-absolute\/#primaryimage"},"thumbnailUrl":"https:\/\/dutchhealthstore.com\/wp-content\/uploads\/2018\/06\/Living-Libations-Rose-de-Mai-Absolute-1-e1594901237847.jpg","datePublished":"2018-06-16T08:22:23+00:00","dateModified":"2024-08-26T10:25:06+00:00","description":"Living Libations Rose de Mai Absolute sature absolument les sens des merveilles anciennes de la rose. Cette huile de rose marocaine est le r\u00eave floral parfum\u00e9 d'un aromath\u00e9rapeute.","breadcrumb":{"@id":"https:\/\/dutchhealthstore.com\/fr\/product\/rose-de-mai-absolute\/#breadcrumb"},"inLanguage":"fr-FR","potentialAction":[{"@type":"ReadAction","target":["https:\/\/dutchhealthstore.com\/fr\/product\/rose-de-mai-absolute\/"]}]},{"@type":"ImageObject","inLanguage":"fr-FR","@id":"https:\/\/dutchhealthstore.com\/fr\/product\/rose-de-mai-absolute\/#primaryimage","url":"https:\/\/dutchhealthstore.com\/wp-content\/uploads\/2018\/06\/Living-Libations-Rose-de-Mai-Absolute-1-e1594901237847.jpg","contentUrl":"https:\/\/dutchhealthstore.com\/wp-content\/uploads\/2018\/06\/Living-Libations-Rose-de-Mai-Absolute-1-e1594901237847.jpg","width":500,"height":500,"caption":"Living Libations Rose De Mai Absolute"},{"@type":"BreadcrumbList","@id":"https:\/\/dutchhealthstore.com\/fr\/product\/rose-de-mai-absolute\/#breadcrumb","itemListElement":[{"@type":"ListItem","position":1,"name":"Home","item":"https:\/\/dutchhealthstore.com\/fr\/"},{"@type":"ListItem","position":2,"name":"Shop","item":"https:\/\/dutchhealthstore.com\/fr\/shop\/"},{"@type":"ListItem","position":3,"name":"Rose De Mai Absolute"}]},{"@type":"WebSite","@id":"https:\/\/dutchhealthstore.com\/fr\/#website","url":"https:\/\/dutchhealthstore.com\/fr\/","name":"Dutch Health Store","description":"Enhance Your Beauty with Organic &amp; Natural Skincare","publisher":{"@id":"https:\/\/dutchhealthstore.com\/fr\/#organization"},"potentialAction":[{"@type":"SearchAction","target":{"@type":"EntryPoint","urlTemplate":"https:\/\/dutchhealthstore.com\/fr\/?s={search_term_string}"},"query-input":{"@type":"PropertyValueSpecification","valueRequired":true,"valueName":"search_term_string"}}],"inLanguage":"fr-FR"},{"@type":"Organization","@id":"https:\/\/dutchhealthstore.com\/fr\/#organization","name":"Dutch Health Store","url":"https:\/\/dutchhealthstore.com\/fr\/","logo":{"@type":"ImageObject","inLanguage":"fr-FR","@id":"https:\/\/dutchhealthstore.com\/fr\/#\/schema\/logo\/image\/","url":"https:\/\/dutchhealthstore.com\/wp-content\/uploads\/2020\/08\/logo-dutchhealthstore-jpg-e1599484957574.jpg","contentUrl":"https:\/\/dutchhealthstore.com\/wp-content\/uploads\/2020\/08\/logo-dutchhealthstore-jpg-e1599484957574.jpg","width":400,"height":62,"caption":"Dutch Health Store"},"image":{"@id":"https:\/\/dutchhealthstore.com\/fr\/#\/schema\/logo\/image\/"},"sameAs":["https:\/\/www.instagram.com\/dutchhealthstore\/","https:\/\/www.facebook.com\/dutchhealthstore"]}]},"product_brand":"Living Libations","product_price_amount":"110.00","product_price_currency":"EUR","og_availability":"instock","product_availability":"instock","product_condition":"new"},"_links":{"self":[{"href":"https:\/\/dutchhealthstore.com\/fr\/wp-json\/wp\/v2\/product\/123138","targetHints":{"allow":["GET"]}}],"collection":[{"href":"https:\/\/dutchhealthstore.com\/fr\/wp-json\/wp\/v2\/product"}],"about":[{"href":"https:\/\/dutchhealthstore.com\/fr\/wp-json\/wp\/v2\/types\/product"}],"replies":[{"embeddable":true,"href":"https:\/\/dutchhealthstore.com\/fr\/wp-json\/wp\/v2\/comments?post=123138"}],"wp:featuredmedia":[{"embeddable":true,"href":"https:\/\/dutchhealthstore.com\/fr\/wp-json\/wp\/v2\/media\/114102"}],"wp:attachment":[{"href":"https:\/\/dutchhealthstore.com\/fr\/wp-json\/wp\/v2\/media?parent=123138"}],"wp:term":[{"taxonomy":"product_brand","embeddable":true,"href":"https:\/\/dutchhealthstore.com\/fr\/wp-json\/wp\/v2\/product_brand?post=123138"},{"taxonomy":"product_cat","embeddable":true,"href":"https:\/\/dutchhealthstore.com\/fr\/wp-json\/wp\/v2\/product_cat?post=123138"},{"taxonomy":"product_tag","embeddable":true,"href":"https:\/\/dutchhealthstore.com\/fr\/wp-json\/wp\/v2\/product_tag?post=123138"}],"curies":[{"name":"wp","href":"https:\/\/api.w.org\/{rel}","templated":true}]}}