{"id":122951,"date":"2020-06-16T06:34:19","date_gmt":"2020-06-16T04:34:19","guid":{"rendered":"https:\/\/dutchhealthstore.com\/product\/rose-otto-white-essential-oil\/"},"modified":"2025-01-16T14:27:02","modified_gmt":"2025-01-16T13:27:02","slug":"rose-otto-white-essential-oil","status":"publish","type":"product","link":"https:\/\/dutchhealthstore.com\/fr\/product\/rose-otto-white-essential-oil\/","title":{"rendered":"Rose Otto, White Essential Oil"},"content":{"rendered":"<p><img decoding=\"async\" class=\"size-full wp-image-69549 alignright\" src=\"https:\/\/dutchhealthstore.com\/wp-content\/uploads\/2019\/08\/NEW-Living-Libations-Logo.jpg\" alt=\"NEW - Living Libations - Logo\" width=\"175\" height=\"82\"><strong>Nom botanique :<\/strong> Rosa alba<br \/>\n<strong>Famille botanique :<\/strong> Rosaceae<br \/>\n<strong>M\u00e9thode d&rsquo;extraction :<\/strong> Distillation \u00e0 la vapeur<br \/>\n<strong>Partie de la plante distill\u00e9e :<\/strong> P\u00e9tales<br \/>\n<strong>Pays d&rsquo;origine :<\/strong> Bulgarie<br \/>\n<strong>M\u00e9thode de culture :<\/strong> Organique<br \/>\n<strong>Composition :<\/strong> 100% Rosa alba<br \/>\n<strong>Consistance :<\/strong> Mince mais peut se solidifier temporairement \u00e0 des temp\u00e9ratures plus froides.<\/p>\n<h3>Description de l&rsquo;odeur<\/h3>\n<p>Un bouquet net et transcendant de boutons de rose rebondissant sur les brises bulgares. \u00c9quilibr\u00e9, frais, et r\u00e9solument ang\u00e9lique.<\/p>\n<h3>Se marie bien avec<\/h3>\n<p>Ylang, citron, rose absolue, g\u00e9ranium, n\u00e9roli, \u0153illet, bornia, santal, palo santo, encens, v\u00e9tiver, nard, vanille, bergamote et citron vert.<\/p>\n<h3>Utilisations<\/h3>\n<p>S\u00e9rum de soin supr\u00eame pour adoucir l&rsquo;apparence des cicatrices, des taches, des ridules et du teint. Nettoie la peau et les cheveux. Oindre pour les c\u00e9r\u00e9monies sacr\u00e9es. Faciliter une m\u00e9ditation plus profonde. B\u00e9nissez le corps avec son parfum floral sacr\u00e9. Ouvrez le c\u0153ur.<\/p>\n<h3>Conseil de pro<\/h3>\n<p>S&rsquo;il se solidifie, il suffit de le tenir dans la paume de la main pour qu&rsquo;il retrouve sa consistance normale.<\/p>\n<a href=\"https:\/\/dutchhealthstore.com\/wp-content\/uploads\/2020\/06\/ANALYSIS-Rose-Otto-White-Essential-Oil-Living-Libations-1.pdf\" class=\"button primary is-primary is-small\"  >\n\t\t<span>ANALYSE DES HUILES ESSENTIELLES &gt;<\/span>\n\t<\/a>\n\n<p style=\"text-align: center;\"><em>Pouvez-vous trouver un autre march\u00e9 comme celui-ci ?<\/em><br \/>\n<em>O\u00f9, avec ta seule rose<\/em><br \/>\n<em>vous pouvez acheter des centaines de roseraies ?<\/em><br \/>\n~ Rumi<\/p>\n<p>Cette huile ravissante, rare et puissamment pr\u00e9cieuse, provient de roses blanches bulgares cultiv\u00e9es biologiquement et offre une abondance de bienfaits aromath\u00e9rapeutiques, spirituels et de soins de la peau. Des mois et des mois de soins attentifs portent les fruits floraux d&rsquo;un travail amoureux. White Rose Otto Essential Oil s&rsquo;\u00e9panouit avec des vrilles florales de doux, clarifiant les notes de bourgeons de rose blanche.<\/p>\n<p>Il faut beaucoup de temps, de ressources et de patience pour cultiver des roses blanches biologiques, qui n\u00e9cessitent une attention particuli\u00e8re tout au long du processus de croissance. Notre distillateur emploie 300 soigneurs de roses qui se consacrent exclusivement au soin et \u00e0 l&rsquo;entretien des roses blanches. Pendant les mois qui pr\u00e9c\u00e8dent la distillation, chaque plant de rose est soigneusement entretenu pour permettre \u00e0 chaque bourgeon de s&rsquo;\u00e9panouir et de prosp\u00e9rer. L&rsquo;amour, le soin et l&rsquo;attention port\u00e9s \u00e0 chaque pr\u00e9cieux p\u00e9tale sont \u00e9vidents d\u00e8s la premi\u00e8re inhalation de cette pure gr\u00e2ce en bouteille.<\/p>\n<p>White Rose Otto est fortement symbolis\u00e9 par le f\u00e9minin sacr\u00e9, les sentiments d&rsquo;amour et la relaxation royale. C&rsquo;est aussi un sublime tonique pour la peau, un d\u00e9odorant et un aromatique amoureux.<\/p>\n<p><strong>Taille : 2,5 ml et 5 ml<\/strong><\/p>\n<h3>Ingr\u00e9dients biologiques<\/h3>\n<p>100% d&rsquo;huile essentielle de rose blanche (Rosa alba).<\/p>\n<p style=\"text-align: center;\"><em>\u00ab\u00a0Le souffle de la rose otto est comme le battement des ailes d&rsquo;un ange. Il op\u00e8re avec une lumi\u00e8re bien plus brillante que le soleil, avec une fr\u00e9quence qui ne peut \u00eatre mesur\u00e9e mais qui est pourtant partout, et que nous pouvons ressentir si nous nous arr\u00eatons seulement pour sentir la rose.\u00a0\u00bb<br \/>\n<\/em><em>~ Valerie Ann Worwood, <strong>Aromatherapy for the Soul<\/strong><\/em><\/p>\n<p style=\"text-align: center;\"><em>\u00ab\u00a0Pablo s&rsquo;est d\u00e9tourn\u00e9. Elle s&rsquo;appelait Rosa Alba. Rose du soleil levant. Magnifique. Il se sentait \u00e0 nouveau comme un idiot.\u00a0\u00bb<\/em><br \/>\n~ Krystyna Rodriguez, <strong>Chabochi<\/strong><\/p>\n<p>&nbsp;<\/p>\n<p><img fetchpriority=\"high\" decoding=\"async\" class=\"size-medium wp-image-68103 aligncenter\" src=\"https:\/\/dutchhealthstore.com\/wp-content\/uploads\/2018\/02\/Living-Libations-Organic-Logo-800x89.png\" alt=\"Living Libations - Organic Logo\" width=\"800\" height=\"89\" srcset=\"https:\/\/dutchhealthstore.com\/wp-content\/uploads\/2018\/02\/Living-Libations-Organic-Logo-800x89.png 800w, https:\/\/dutchhealthstore.com\/wp-content\/uploads\/2018\/02\/Living-Libations-Organic-Logo-510x57.png 510w, https:\/\/dutchhealthstore.com\/wp-content\/uploads\/2018\/02\/Living-Libations-Organic-Logo-768x85.png 768w, https:\/\/dutchhealthstore.com\/wp-content\/uploads\/2018\/02\/Living-Libations-Organic-Logo.png 1400w\" sizes=\"(max-width: 800px) 100vw, 800px\" \/><\/p>\n","protected":false},"excerpt":{"rendered":"<p><strong>White Rose Otto Essential Oil<\/strong> chaleureuse est distill\u00e9e \u00e0 la vapeur d&rsquo;eau \u00e0 partir de bourgeons de roses bulgares blancs, remarquablement rares et d&rsquo;une valeur intemporelle.<br \/>\nL&rsquo;huile qui en r\u00e9sulte, qui est une huile essentielle de Rosa alba 100% pure, capture la beaut\u00e9 et la puissance de la rose blanche poudr\u00e9e, une expression de beaut\u00e9 \u00e9th\u00e9r\u00e9e et douce comme un murmure. Ainsi, cette essence est particuli\u00e8rement sublime pour les soins de la peau, offrant un compl\u00e9ment \u00e9l\u00e9gant \u00e0 notre collection d&rsquo;huiles de rose.<\/p>\n","protected":false},"featured_media":107251,"comment_status":"open","ping_status":"closed","template":"","meta":[],"product_brand":[],"product_cat":[6734,1507,1211,1209,3757,6733],"product_tag":[4495],"class_list":{"0":"post-122951","1":"product","2":"type-product","3":"status-publish","4":"has-post-thumbnail","6":"product_cat-essential-oils","7":"product_cat-plantes-huiles-essentielles-living-libations","8":"product_cat-living-libations-france","9":"product_cat-par-marques","10":"product_cat-plantes-huiles-essentielles","11":"product_cat-wellness-fr-2","12":"product_tag-essential-oil-fr","13":"pa_brand-livinglibations-fr","14":"pa_essential-oils-product-type-essential-oils-fr","15":"pa_size-2-5-ml-fr","16":"pa_size-5-ml-fr","18":"first","19":"instock","20":"taxable","21":"shipping-taxable","22":"purchasable","23":"product-type-simple"},"bundled_by":[],"bundle_stock_status":"instock","bundle_stock_quantity":3,"bundle_virtual":false,"bundle_layout":"","bundle_add_to_cart_form_location":"","bundle_editable_in_cart":false,"bundle_sold_individually_context":"","bundle_item_grouping":"","bundle_min_size":"","bundle_max_size":"","bundle_price":[],"bundled_items":[],"bundle_sell_ids":[],"atum_controlled":true,"out_stock_date":null,"out_stock_threshold":null,"inheritable":false,"stock_on_hold":0,"sold_today":0,"sales_last_days":0,"out_stock_days":0,"lost_sales":0,"update_date":"2026-04-09T11:36:29","atum_locations":[],"atum_stock_status":"instock","restock_status":false,"low_stock_amount":"","sales_update_date":"2026-04-09T11:36:29","calc_backorders":null,"group_of_quantity":0,"min_quantity":0,"max_quantity":"","exclude_order_quantity_value_rules":"no","exclude_category_quantity_rules":"no","combine_variations":"no","yoast_head":"<!-- This site is optimized with the Yoast SEO Premium plugin v26.5 (Yoast SEO v26.5) - https:\/\/yoast.com\/wordpress\/plugins\/seo\/ -->\n<title>Rose Otto, White Essential Oil | Living Libations<\/title>\n<meta name=\"description\" content=\"White Rose Otto Essential Oil chaleureuse est distill\u00e9e \u00e0 la vapeur d&#039;eau \u00e0 partir de bourgeons de roses bulgares blancs, remarquablement rares et d&#039;une valeur intemporelle.\" \/>\n<meta name=\"robots\" content=\"index, follow, max-snippet:-1, max-image-preview:large, max-video-preview:-1\" \/>\n<link rel=\"canonical\" href=\"https:\/\/dutchhealthstore.com\/fr\/product\/rose-otto-white-essential-oil\/\" \/>\n<meta property=\"og:locale\" content=\"fr_FR\" \/>\n<meta property=\"og:type\" content=\"article\" \/>\n<meta property=\"og:title\" content=\"Rose Otto, White Essential Oil - Dutch Health Store\" \/>\n<meta property=\"og:description\" content=\"White Rose Otto Essential Oil chaleureuse est distill\u00e9e \u00e0 la vapeur d&#039;eau \u00e0 partir de bourgeons de roses bulgares blancs, remarquablement rares et d&#039;une valeur intemporelle.\" \/>\n<meta property=\"og:url\" content=\"https:\/\/dutchhealthstore.com\/fr\/product\/rose-otto-white-essential-oil\/\" \/>\n<meta property=\"og:site_name\" content=\"Dutch Health Store\" \/>\n<meta property=\"article:publisher\" content=\"https:\/\/www.instagram.com\/dutchhealthstore\/\" \/>\n<meta property=\"article:modified_time\" content=\"2025-01-16T13:27:02+00:00\" \/>\n<meta property=\"og:image\" content=\"https:\/\/dutchhealthstore.com\/wp-content\/uploads\/2020\/06\/Living-Libations-Rose-Otto-White-essential-oil-e1592288320373.jpg\" \/>\n\t<meta property=\"og:image:width\" content=\"500\" \/>\n\t<meta property=\"og:image:height\" content=\"500\" \/>\n\t<meta property=\"og:image:type\" content=\"image\/jpeg\" \/>\n<meta name=\"twitter:card\" content=\"summary_large_image\" \/>\n<meta name=\"twitter:label1\" content=\"Prix\" \/>\n\t<meta name=\"twitter:data1\" content=\"&euro;135,00\" \/>\n\t<meta name=\"twitter:label2\" content=\"Disponibilit\u00e9\" \/>\n\t<meta name=\"twitter:data2\" content=\"En stock\" \/>\n<script type=\"application\/ld+json\" class=\"yoast-schema-graph\">{\"@context\":\"https:\/\/schema.org\",\"@graph\":[{\"@type\":\"WebPage\",\"@id\":\"https:\/\/dutchhealthstore.com\/fr\/product\/rose-otto-white-essential-oil\/\",\"url\":\"https:\/\/dutchhealthstore.com\/fr\/product\/rose-otto-white-essential-oil\/\",\"name\":\"Rose Otto, White Essential Oil | Living Libations\",\"isPartOf\":{\"@id\":\"https:\/\/dutchhealthstore.com\/fr\/#website\"},\"primaryImageOfPage\":{\"@id\":\"https:\/\/dutchhealthstore.com\/fr\/product\/rose-otto-white-essential-oil\/#primaryimage\"},\"image\":{\"@id\":\"https:\/\/dutchhealthstore.com\/fr\/product\/rose-otto-white-essential-oil\/#primaryimage\"},\"thumbnailUrl\":\"https:\/\/dutchhealthstore.com\/wp-content\/uploads\/2020\/06\/Living-Libations-Rose-Otto-White-essential-oil-e1592288320373.jpg\",\"datePublished\":\"2020-06-16T04:34:19+00:00\",\"dateModified\":\"2025-01-16T13:27:02+00:00\",\"description\":\"White Rose Otto Essential Oil chaleureuse est distill\u00e9e \u00e0 la vapeur d'eau \u00e0 partir de bourgeons de roses bulgares blancs, remarquablement rares et d'une valeur intemporelle.\",\"breadcrumb\":{\"@id\":\"https:\/\/dutchhealthstore.com\/fr\/product\/rose-otto-white-essential-oil\/#breadcrumb\"},\"inLanguage\":\"fr-FR\",\"potentialAction\":[{\"@type\":\"ReadAction\",\"target\":[\"https:\/\/dutchhealthstore.com\/fr\/product\/rose-otto-white-essential-oil\/\"]}]},{\"@type\":\"ImageObject\",\"inLanguage\":\"fr-FR\",\"@id\":\"https:\/\/dutchhealthstore.com\/fr\/product\/rose-otto-white-essential-oil\/#primaryimage\",\"url\":\"https:\/\/dutchhealthstore.com\/wp-content\/uploads\/2020\/06\/Living-Libations-Rose-Otto-White-essential-oil-e1592288320373.jpg\",\"contentUrl\":\"https:\/\/dutchhealthstore.com\/wp-content\/uploads\/2020\/06\/Living-Libations-Rose-Otto-White-essential-oil-e1592288320373.jpg\",\"width\":500,\"height\":500,\"caption\":\"Living Libations Rose Otto, White essential oil\"},{\"@type\":\"BreadcrumbList\",\"@id\":\"https:\/\/dutchhealthstore.com\/fr\/product\/rose-otto-white-essential-oil\/#breadcrumb\",\"itemListElement\":[{\"@type\":\"ListItem\",\"position\":1,\"name\":\"Home\",\"item\":\"https:\/\/dutchhealthstore.com\/fr\/\"},{\"@type\":\"ListItem\",\"position\":2,\"name\":\"Shop\",\"item\":\"https:\/\/dutchhealthstore.com\/fr\/shop\/\"},{\"@type\":\"ListItem\",\"position\":3,\"name\":\"Rose Otto, White Essential Oil\"}]},{\"@type\":\"WebSite\",\"@id\":\"https:\/\/dutchhealthstore.com\/fr\/#website\",\"url\":\"https:\/\/dutchhealthstore.com\/fr\/\",\"name\":\"Dutch Health Store\",\"description\":\"Enhance Your Beauty with Organic &amp; Natural Skincare\",\"publisher\":{\"@id\":\"https:\/\/dutchhealthstore.com\/fr\/#organization\"},\"potentialAction\":[{\"@type\":\"SearchAction\",\"target\":{\"@type\":\"EntryPoint\",\"urlTemplate\":\"https:\/\/dutchhealthstore.com\/fr\/?s={search_term_string}\"},\"query-input\":{\"@type\":\"PropertyValueSpecification\",\"valueRequired\":true,\"valueName\":\"search_term_string\"}}],\"inLanguage\":\"fr-FR\"},{\"@type\":\"Organization\",\"@id\":\"https:\/\/dutchhealthstore.com\/fr\/#organization\",\"name\":\"Dutch Health Store\",\"url\":\"https:\/\/dutchhealthstore.com\/fr\/\",\"logo\":{\"@type\":\"ImageObject\",\"inLanguage\":\"fr-FR\",\"@id\":\"https:\/\/dutchhealthstore.com\/fr\/#\/schema\/logo\/image\/\",\"url\":\"https:\/\/dutchhealthstore.com\/wp-content\/uploads\/2020\/08\/logo-dutchhealthstore-jpg-e1599484957574.jpg\",\"contentUrl\":\"https:\/\/dutchhealthstore.com\/wp-content\/uploads\/2020\/08\/logo-dutchhealthstore-jpg-e1599484957574.jpg\",\"width\":400,\"height\":62,\"caption\":\"Dutch Health Store\"},\"image\":{\"@id\":\"https:\/\/dutchhealthstore.com\/fr\/#\/schema\/logo\/image\/\"},\"sameAs\":[\"https:\/\/www.instagram.com\/dutchhealthstore\/\",\"https:\/\/www.facebook.com\/dutchhealthstore\"]}]}<\/script>\n<meta property=\"product:brand\" content=\"Living Libations\" \/>\n<meta property=\"product:price:amount\" content=\"135.00\" \/>\n<meta property=\"product:price:currency\" content=\"EUR\" \/>\n<meta property=\"og:availability\" content=\"instock\" \/>\n<meta property=\"product:availability\" content=\"instock\" \/>\n<meta property=\"product:condition\" content=\"new\" \/>\n<!-- \/ Yoast SEO Premium plugin. -->","yoast_head_json":{"title":"Rose Otto, White Essential Oil | Living Libations","description":"White Rose Otto Essential Oil chaleureuse est distill\u00e9e \u00e0 la vapeur d'eau \u00e0 partir de bourgeons de roses bulgares blancs, remarquablement rares et d'une valeur intemporelle.","robots":{"index":"index","follow":"follow","max-snippet":"max-snippet:-1","max-image-preview":"max-image-preview:large","max-video-preview":"max-video-preview:-1"},"canonical":"https:\/\/dutchhealthstore.com\/fr\/product\/rose-otto-white-essential-oil\/","og_locale":"fr_FR","og_type":"article","og_title":"Rose Otto, White Essential Oil - Dutch Health Store","og_description":"White Rose Otto Essential Oil chaleureuse est distill\u00e9e \u00e0 la vapeur d'eau \u00e0 partir de bourgeons de roses bulgares blancs, remarquablement rares et d'une valeur intemporelle.","og_url":"https:\/\/dutchhealthstore.com\/fr\/product\/rose-otto-white-essential-oil\/","og_site_name":"Dutch Health Store","article_publisher":"https:\/\/www.instagram.com\/dutchhealthstore\/","article_modified_time":"2025-01-16T13:27:02+00:00","og_image":[{"width":500,"height":500,"url":"https:\/\/dutchhealthstore.com\/wp-content\/uploads\/2020\/06\/Living-Libations-Rose-Otto-White-essential-oil-e1592288320373.jpg","type":"image\/jpeg"}],"twitter_card":"summary_large_image","twitter_misc":{"Prix":"&euro;135,00","Disponibilit\u00e9":"En stock"},"schema":{"@context":"https:\/\/schema.org","@graph":[{"@type":"WebPage","@id":"https:\/\/dutchhealthstore.com\/fr\/product\/rose-otto-white-essential-oil\/","url":"https:\/\/dutchhealthstore.com\/fr\/product\/rose-otto-white-essential-oil\/","name":"Rose Otto, White Essential Oil | Living Libations","isPartOf":{"@id":"https:\/\/dutchhealthstore.com\/fr\/#website"},"primaryImageOfPage":{"@id":"https:\/\/dutchhealthstore.com\/fr\/product\/rose-otto-white-essential-oil\/#primaryimage"},"image":{"@id":"https:\/\/dutchhealthstore.com\/fr\/product\/rose-otto-white-essential-oil\/#primaryimage"},"thumbnailUrl":"https:\/\/dutchhealthstore.com\/wp-content\/uploads\/2020\/06\/Living-Libations-Rose-Otto-White-essential-oil-e1592288320373.jpg","datePublished":"2020-06-16T04:34:19+00:00","dateModified":"2025-01-16T13:27:02+00:00","description":"White Rose Otto Essential Oil chaleureuse est distill\u00e9e \u00e0 la vapeur d'eau \u00e0 partir de bourgeons de roses bulgares blancs, remarquablement rares et d'une valeur intemporelle.","breadcrumb":{"@id":"https:\/\/dutchhealthstore.com\/fr\/product\/rose-otto-white-essential-oil\/#breadcrumb"},"inLanguage":"fr-FR","potentialAction":[{"@type":"ReadAction","target":["https:\/\/dutchhealthstore.com\/fr\/product\/rose-otto-white-essential-oil\/"]}]},{"@type":"ImageObject","inLanguage":"fr-FR","@id":"https:\/\/dutchhealthstore.com\/fr\/product\/rose-otto-white-essential-oil\/#primaryimage","url":"https:\/\/dutchhealthstore.com\/wp-content\/uploads\/2020\/06\/Living-Libations-Rose-Otto-White-essential-oil-e1592288320373.jpg","contentUrl":"https:\/\/dutchhealthstore.com\/wp-content\/uploads\/2020\/06\/Living-Libations-Rose-Otto-White-essential-oil-e1592288320373.jpg","width":500,"height":500,"caption":"Living Libations Rose Otto, White essential oil"},{"@type":"BreadcrumbList","@id":"https:\/\/dutchhealthstore.com\/fr\/product\/rose-otto-white-essential-oil\/#breadcrumb","itemListElement":[{"@type":"ListItem","position":1,"name":"Home","item":"https:\/\/dutchhealthstore.com\/fr\/"},{"@type":"ListItem","position":2,"name":"Shop","item":"https:\/\/dutchhealthstore.com\/fr\/shop\/"},{"@type":"ListItem","position":3,"name":"Rose Otto, White Essential Oil"}]},{"@type":"WebSite","@id":"https:\/\/dutchhealthstore.com\/fr\/#website","url":"https:\/\/dutchhealthstore.com\/fr\/","name":"Dutch Health Store","description":"Enhance Your Beauty with Organic &amp; Natural Skincare","publisher":{"@id":"https:\/\/dutchhealthstore.com\/fr\/#organization"},"potentialAction":[{"@type":"SearchAction","target":{"@type":"EntryPoint","urlTemplate":"https:\/\/dutchhealthstore.com\/fr\/?s={search_term_string}"},"query-input":{"@type":"PropertyValueSpecification","valueRequired":true,"valueName":"search_term_string"}}],"inLanguage":"fr-FR"},{"@type":"Organization","@id":"https:\/\/dutchhealthstore.com\/fr\/#organization","name":"Dutch Health Store","url":"https:\/\/dutchhealthstore.com\/fr\/","logo":{"@type":"ImageObject","inLanguage":"fr-FR","@id":"https:\/\/dutchhealthstore.com\/fr\/#\/schema\/logo\/image\/","url":"https:\/\/dutchhealthstore.com\/wp-content\/uploads\/2020\/08\/logo-dutchhealthstore-jpg-e1599484957574.jpg","contentUrl":"https:\/\/dutchhealthstore.com\/wp-content\/uploads\/2020\/08\/logo-dutchhealthstore-jpg-e1599484957574.jpg","width":400,"height":62,"caption":"Dutch Health Store"},"image":{"@id":"https:\/\/dutchhealthstore.com\/fr\/#\/schema\/logo\/image\/"},"sameAs":["https:\/\/www.instagram.com\/dutchhealthstore\/","https:\/\/www.facebook.com\/dutchhealthstore"]}]},"product_brand":"Living Libations","product_price_amount":"135.00","product_price_currency":"EUR","og_availability":"instock","product_availability":"instock","product_condition":"new"},"_links":{"self":[{"href":"https:\/\/dutchhealthstore.com\/fr\/wp-json\/wp\/v2\/product\/122951","targetHints":{"allow":["GET"]}}],"collection":[{"href":"https:\/\/dutchhealthstore.com\/fr\/wp-json\/wp\/v2\/product"}],"about":[{"href":"https:\/\/dutchhealthstore.com\/fr\/wp-json\/wp\/v2\/types\/product"}],"replies":[{"embeddable":true,"href":"https:\/\/dutchhealthstore.com\/fr\/wp-json\/wp\/v2\/comments?post=122951"}],"wp:featuredmedia":[{"embeddable":true,"href":"https:\/\/dutchhealthstore.com\/fr\/wp-json\/wp\/v2\/media\/107251"}],"wp:attachment":[{"href":"https:\/\/dutchhealthstore.com\/fr\/wp-json\/wp\/v2\/media?parent=122951"}],"wp:term":[{"taxonomy":"product_brand","embeddable":true,"href":"https:\/\/dutchhealthstore.com\/fr\/wp-json\/wp\/v2\/product_brand?post=122951"},{"taxonomy":"product_cat","embeddable":true,"href":"https:\/\/dutchhealthstore.com\/fr\/wp-json\/wp\/v2\/product_cat?post=122951"},{"taxonomy":"product_tag","embeddable":true,"href":"https:\/\/dutchhealthstore.com\/fr\/wp-json\/wp\/v2\/product_tag?post=122951"}],"curies":[{"name":"wp","href":"https:\/\/api.w.org\/{rel}","templated":true}]}}