{"id":122939,"date":"2018-06-12T02:41:39","date_gmt":"2018-06-12T00:41:39","guid":{"rendered":"https:\/\/dutchhealthstore.com\/product\/rose-attar-essential-oil\/"},"modified":"2025-01-16T14:58:14","modified_gmt":"2025-01-16T13:58:14","slug":"rose-attar-essential-oil","status":"publish","type":"product","link":"https:\/\/dutchhealthstore.com\/fr\/product\/rose-attar-essential-oil\/","title":{"rendered":"Rose Attar Essential Oil"},"content":{"rendered":"<p><strong><img decoding=\"async\" class=\"size-full wp-image-69549 alignright\" src=\"https:\/\/dutchhealthstore.com\/wp-content\/uploads\/2019\/08\/NEW-Living-Libations-Logo.jpg\" alt=\"NEW - Living Libations - Logo\" width=\"175\" height=\"82\">Nom botanique:<\/strong> Rosa damascena<br \/>\n<strong>Famille botanique:<\/strong> Rosaceae<br \/>\n<strong>Ingr\u00e9dients :<\/strong> Attar de rose + huile essentielle huile bois de santal<br \/>\n<strong>M\u00e9thode d&rsquo;extraction:<\/strong> Co-distill\u00e9<br \/>\n<strong>Partie de la plante distill\u00e9e :<\/strong> Fleurs<br \/>\n<strong>Pays d&rsquo;origine :<\/strong> Inde<br \/>\n<strong>M\u00e9thode de culture :<\/strong> Organique<br \/>\n<strong>Composition :<\/strong> 100% Rosa damascena co-distill\u00e9 avec Santalum album<br \/>\n<strong>Consistance :<\/strong> \u00c9pais<\/p>\n<h3>Description de l&rsquo;odeur<\/h3>\n<p>Notes de t\u00eate profondes, douces et florales, avec des nuances cr\u00e9pusculaires et mielleuses.<\/p>\n<h3>Se marie bien avec<\/h3>\n<p>Jasmin, v\u00e9tiver, ylang, \u0153illet, n\u00e9roli, vanille et g\u00e9ranium.<\/p>\n<h3>Utilisations<\/h3>\n<p>Reconstituant pour la peau et l&rsquo;\u00e2me. Potion d&rsquo;amour sensuelle. Divin comme d\u00e9odorant. Une beaut\u00e9 baln\u00e9aire. La perfection en parfumerie.<\/p>\n<p>Apr\u00e8s que les pluies de mousson ont drain\u00e9 les cieux au-dessus de l&rsquo;Himalaya, les p\u00e9tales de rose sont cueillis pour \u00eatre distill\u00e9s dans l&rsquo;art ancien de la cr\u00e9ation de l&rsquo;Attar de rose. Notre Rose Attar Essential Oil est co-distill\u00e9e \u00e0 partir de fleurs de Rose de Damas et de sublime bois de Santal. L&rsquo;attar de Rose est une union extraordinaire entre la sensualit\u00e9 sublime du bois de santal et la majest\u00e9 resplendissante de la rose.<\/p>\n<p>Ce duo dynamique est un extraordinaire s\u00e9rum sensuel, un charmeur d&rsquo;aisselles efficace, un apaiseur de peau s\u00e8che, un lisseur de ridules et d&rsquo;acn\u00e9, un parfum parfaitement passionn\u00e9 et un facilitateur de pardon. Harmonisateur \u00e9motionnel et physique, l&rsquo;ar\u00f4me de Rose Attar r\u00e9conforte en p\u00e9riode de deuil et apporte un \u00e9quilibre aux \u00e9motions qui semblent insupportables. Les propri\u00e9t\u00e9s calmantes et rafra\u00eechissantes sont connues pour soulager les tensions, all\u00e9ger le poids des pens\u00e9es lourdes et inviter \u00e0 une essence g\u00e9n\u00e9rale de puret\u00e9 et de sensualit\u00e9.<\/p>\n<p>Rose Attar est une essence rare qui vous enveloppera de la douceur et du luxe de la g\u00e9n\u00e9rosit\u00e9 botanique de la terre.<\/p>\n<p><strong>Taille : 5 ml<\/strong><\/p>\n<h3>Ingr\u00e9dients biologiques<\/h3>\n<p>100% Rosa damascena co-distill\u00e9 avec Santalum album<\/p>\n<p style=\"text-align: center;\"><em>\u00ab\u00a0C&rsquo;\u00e9tait en juin et le monde sentait les roses. Le soleil \u00e9tait comme de l&rsquo;or en poudre sur la colline herbeuse.\u00a0\u00bb<\/em><br \/>\n~ Maud Hart Lovelace<\/p>\n<p style=\"text-align: center;\"><em>\u00ab\u00a0Des p\u00e9tales de rose flottaient au sommet de l&rsquo;eau de rose dans les canaux des jardins de Shalimar pour le mariage de Shah Jahan et de son \u00e9pouse, en l&rsquo;honneur de laquelle le shah construisit plus tard le Taj Mahal. La l\u00e9gende veut que lorsque sa femme a remarqu\u00e9 les particules d&rsquo;huile de rose qui affleuraient sur l&rsquo;eau, elle a ordonn\u00e9 qu&rsquo;elles soient recueillies pour son parfum.\u00a0\u00bb<\/em><br \/>\n~ Roberta Wilson, <strong>Aromatherapy: Essential Oils for Vibrant Health and Beauty<\/strong><\/p>\n<p>&nbsp;<\/p>\n<p><img fetchpriority=\"high\" decoding=\"async\" class=\"size-medium wp-image-68103 aligncenter\" src=\"https:\/\/dutchhealthstore.com\/wp-content\/uploads\/2018\/02\/Living-Libations-Organic-Logo-800x89.png\" alt=\"Living Libations - Organic Logo\" width=\"800\" height=\"89\" srcset=\"https:\/\/dutchhealthstore.com\/wp-content\/uploads\/2018\/02\/Living-Libations-Organic-Logo-800x89.png 800w, https:\/\/dutchhealthstore.com\/wp-content\/uploads\/2018\/02\/Living-Libations-Organic-Logo-510x57.png 510w, https:\/\/dutchhealthstore.com\/wp-content\/uploads\/2018\/02\/Living-Libations-Organic-Logo-768x85.png 768w, https:\/\/dutchhealthstore.com\/wp-content\/uploads\/2018\/02\/Living-Libations-Organic-Logo.png 1400w\" sizes=\"(max-width: 800px) 100vw, 800px\" \/><\/p>\n","protected":false},"excerpt":{"rendered":"<p><span style=\"font-size: 14.4px;\"><strong>Rose Attar Essential Oil<\/strong> biologique de Living Libations, sous un autre nom, sentirait tout aussi bon ! L&rsquo;Attar de Rose est assez doux pour \u00eatre appliqu\u00e9 directement sur les poignets, la nuque et les aisselles comme un parfum naturel numineux.<br \/>\nL&rsquo;application de l&rsquo;Attar de Rose sur le corps et les chakras peut calmer l&rsquo;esprit, r\u00e9orienter la pens\u00e9e et donner le ton de la m\u00e9ditation en pleine conscience. Quelques gouttes dans le bain et appliqu\u00e9es avec du jojoba apr\u00e8s le bain vous pareront des rituels de la royaut\u00e9.<\/span><\/p>\n","protected":false},"featured_media":114089,"comment_status":"open","ping_status":"closed","template":"","meta":[],"product_brand":[],"product_cat":[1507,6734,1211,1209,3757,1010,6733],"product_tag":[4495],"class_list":{"0":"post-122939","1":"product","2":"type-product","3":"status-publish","4":"has-post-thumbnail","6":"product_cat-plantes-huiles-essentielles-living-libations","7":"product_cat-essential-oils","8":"product_cat-living-libations-france","9":"product_cat-par-marques","10":"product_cat-plantes-huiles-essentielles","11":"product_cat-notre-boutique","12":"product_cat-wellness-fr-2","13":"product_tag-essential-oil-fr","14":"pa_brand-livinglibations-fr","15":"pa_essential-oils-product-type-essential-oils-fr","16":"pa_size-2-5-ml-fr","18":"first","19":"outofstock","20":"taxable","21":"shipping-taxable","22":"purchasable","23":"product-type-simple"},"bundled_by":[],"bundle_stock_status":"outofstock","bundle_stock_quantity":0,"bundle_virtual":false,"bundle_layout":"","bundle_add_to_cart_form_location":"","bundle_editable_in_cart":false,"bundle_sold_individually_context":"","bundle_item_grouping":"","bundle_min_size":"","bundle_max_size":"","bundle_price":[],"bundled_items":[],"bundle_sell_ids":[],"atum_controlled":true,"out_stock_date":"2026-03-02 18:00:53","out_stock_threshold":null,"inheritable":false,"stock_on_hold":0,"sold_today":0,"sales_last_days":0,"out_stock_days":10,"lost_sales":0,"update_date":"2026-04-02T09:40:11","atum_locations":[],"atum_stock_status":"outofstock","restock_status":false,"low_stock_amount":"","sales_update_date":"2026-04-02T09:40:11","calc_backorders":null,"group_of_quantity":0,"min_quantity":0,"max_quantity":"","exclude_order_quantity_value_rules":"no","exclude_category_quantity_rules":"no","combine_variations":"no","yoast_head":"<!-- This site is optimized with the Yoast SEO Premium plugin v26.5 (Yoast SEO v26.5) - https:\/\/yoast.com\/wordpress\/plugins\/seo\/ -->\n<title>Rose Attar Essential Oil | Living Libations<\/title>\n<meta name=\"description\" content=\"L&#039;Attar de Rose est assez doux pour \u00eatre appliqu\u00e9 directement sur les poignets, la nuque et les aisselles comme un parfum naturel numineux.\" \/>\n<meta name=\"robots\" content=\"index, follow, max-snippet:-1, max-image-preview:large, max-video-preview:-1\" \/>\n<link rel=\"canonical\" href=\"https:\/\/dutchhealthstore.com\/fr\/product\/rose-attar-essential-oil\/\" \/>\n<meta property=\"og:locale\" content=\"fr_FR\" \/>\n<meta property=\"og:type\" content=\"article\" \/>\n<meta property=\"og:title\" content=\"Rose Attar Essential Oil - Dutch Health Store\" \/>\n<meta property=\"og:description\" content=\"L&#039;Attar de Rose est assez doux pour \u00eatre appliqu\u00e9 directement sur les poignets, la nuque et les aisselles comme un parfum naturel numineux.\" \/>\n<meta property=\"og:url\" content=\"https:\/\/dutchhealthstore.com\/fr\/product\/rose-attar-essential-oil\/\" \/>\n<meta property=\"og:site_name\" content=\"Dutch Health Store\" \/>\n<meta property=\"article:publisher\" content=\"https:\/\/www.instagram.com\/dutchhealthstore\/\" \/>\n<meta property=\"article:modified_time\" content=\"2025-01-16T13:58:14+00:00\" \/>\n<meta property=\"og:image\" content=\"https:\/\/dutchhealthstore.com\/wp-content\/uploads\/2018\/06\/Living-Libations-Rose-Attar-Essential-Oil-e1594898817226.png\" \/>\n\t<meta property=\"og:image:width\" content=\"500\" \/>\n\t<meta property=\"og:image:height\" content=\"500\" \/>\n\t<meta property=\"og:image:type\" content=\"image\/jpeg\" \/>\n<meta name=\"twitter:card\" content=\"summary_large_image\" \/>\n<meta name=\"twitter:label1\" content=\"Prix\" \/>\n\t<meta name=\"twitter:data1\" content=\"&euro;50,00\" \/>\n\t<meta name=\"twitter:label2\" content=\"Disponibilit\u00e9\" \/>\n\t<meta name=\"twitter:data2\" content=\"Rupture de stock\" \/>\n<script type=\"application\/ld+json\" class=\"yoast-schema-graph\">{\"@context\":\"https:\/\/schema.org\",\"@graph\":[{\"@type\":\"WebPage\",\"@id\":\"https:\/\/dutchhealthstore.com\/fr\/product\/rose-attar-essential-oil\/\",\"url\":\"https:\/\/dutchhealthstore.com\/fr\/product\/rose-attar-essential-oil\/\",\"name\":\"Rose Attar Essential Oil | Living Libations\",\"isPartOf\":{\"@id\":\"https:\/\/dutchhealthstore.com\/fr\/#website\"},\"primaryImageOfPage\":{\"@id\":\"https:\/\/dutchhealthstore.com\/fr\/product\/rose-attar-essential-oil\/#primaryimage\"},\"image\":{\"@id\":\"https:\/\/dutchhealthstore.com\/fr\/product\/rose-attar-essential-oil\/#primaryimage\"},\"thumbnailUrl\":\"https:\/\/dutchhealthstore.com\/wp-content\/uploads\/2018\/06\/Living-Libations-Rose-Attar-Essential-Oil-e1594898817226.png\",\"datePublished\":\"2018-06-12T00:41:39+00:00\",\"dateModified\":\"2025-01-16T13:58:14+00:00\",\"description\":\"L'Attar de Rose est assez doux pour \u00eatre appliqu\u00e9 directement sur les poignets, la nuque et les aisselles comme un parfum naturel numineux.\",\"breadcrumb\":{\"@id\":\"https:\/\/dutchhealthstore.com\/fr\/product\/rose-attar-essential-oil\/#breadcrumb\"},\"inLanguage\":\"fr-FR\",\"potentialAction\":[{\"@type\":\"ReadAction\",\"target\":[\"https:\/\/dutchhealthstore.com\/fr\/product\/rose-attar-essential-oil\/\"]}]},{\"@type\":\"ImageObject\",\"inLanguage\":\"fr-FR\",\"@id\":\"https:\/\/dutchhealthstore.com\/fr\/product\/rose-attar-essential-oil\/#primaryimage\",\"url\":\"https:\/\/dutchhealthstore.com\/wp-content\/uploads\/2018\/06\/Living-Libations-Rose-Attar-Essential-Oil-e1594898817226.png\",\"contentUrl\":\"https:\/\/dutchhealthstore.com\/wp-content\/uploads\/2018\/06\/Living-Libations-Rose-Attar-Essential-Oil-e1594898817226.png\",\"width\":500,\"height\":500,\"caption\":\"Living Libations Rose Attar Essential Oil\"},{\"@type\":\"BreadcrumbList\",\"@id\":\"https:\/\/dutchhealthstore.com\/fr\/product\/rose-attar-essential-oil\/#breadcrumb\",\"itemListElement\":[{\"@type\":\"ListItem\",\"position\":1,\"name\":\"Home\",\"item\":\"https:\/\/dutchhealthstore.com\/fr\/\"},{\"@type\":\"ListItem\",\"position\":2,\"name\":\"Shop\",\"item\":\"https:\/\/dutchhealthstore.com\/fr\/shop\/\"},{\"@type\":\"ListItem\",\"position\":3,\"name\":\"Rose Attar Essential Oil\"}]},{\"@type\":\"WebSite\",\"@id\":\"https:\/\/dutchhealthstore.com\/fr\/#website\",\"url\":\"https:\/\/dutchhealthstore.com\/fr\/\",\"name\":\"Dutch Health Store\",\"description\":\"Enhance Your Beauty with Organic &amp; Natural Skincare\",\"publisher\":{\"@id\":\"https:\/\/dutchhealthstore.com\/fr\/#organization\"},\"potentialAction\":[{\"@type\":\"SearchAction\",\"target\":{\"@type\":\"EntryPoint\",\"urlTemplate\":\"https:\/\/dutchhealthstore.com\/fr\/?s={search_term_string}\"},\"query-input\":{\"@type\":\"PropertyValueSpecification\",\"valueRequired\":true,\"valueName\":\"search_term_string\"}}],\"inLanguage\":\"fr-FR\"},{\"@type\":\"Organization\",\"@id\":\"https:\/\/dutchhealthstore.com\/fr\/#organization\",\"name\":\"Dutch Health Store\",\"url\":\"https:\/\/dutchhealthstore.com\/fr\/\",\"logo\":{\"@type\":\"ImageObject\",\"inLanguage\":\"fr-FR\",\"@id\":\"https:\/\/dutchhealthstore.com\/fr\/#\/schema\/logo\/image\/\",\"url\":\"https:\/\/dutchhealthstore.com\/wp-content\/uploads\/2020\/08\/logo-dutchhealthstore-jpg-e1599484957574.jpg\",\"contentUrl\":\"https:\/\/dutchhealthstore.com\/wp-content\/uploads\/2020\/08\/logo-dutchhealthstore-jpg-e1599484957574.jpg\",\"width\":400,\"height\":62,\"caption\":\"Dutch Health Store\"},\"image\":{\"@id\":\"https:\/\/dutchhealthstore.com\/fr\/#\/schema\/logo\/image\/\"},\"sameAs\":[\"https:\/\/www.instagram.com\/dutchhealthstore\/\",\"https:\/\/www.facebook.com\/dutchhealthstore\"]}]}<\/script>\n<meta property=\"product:brand\" content=\"Living Libations\" \/>\n<meta property=\"product:price:amount\" content=\"50.00\" \/>\n<meta property=\"product:price:currency\" content=\"EUR\" \/>\n<meta property=\"og:availability\" content=\"out of stock\" \/>\n<meta property=\"product:availability\" content=\"out of stock\" \/>\n<meta property=\"product:condition\" content=\"new\" \/>\n<!-- \/ Yoast SEO Premium plugin. -->","yoast_head_json":{"title":"Rose Attar Essential Oil | Living Libations","description":"L'Attar de Rose est assez doux pour \u00eatre appliqu\u00e9 directement sur les poignets, la nuque et les aisselles comme un parfum naturel numineux.","robots":{"index":"index","follow":"follow","max-snippet":"max-snippet:-1","max-image-preview":"max-image-preview:large","max-video-preview":"max-video-preview:-1"},"canonical":"https:\/\/dutchhealthstore.com\/fr\/product\/rose-attar-essential-oil\/","og_locale":"fr_FR","og_type":"article","og_title":"Rose Attar Essential Oil - Dutch Health Store","og_description":"L'Attar de Rose est assez doux pour \u00eatre appliqu\u00e9 directement sur les poignets, la nuque et les aisselles comme un parfum naturel numineux.","og_url":"https:\/\/dutchhealthstore.com\/fr\/product\/rose-attar-essential-oil\/","og_site_name":"Dutch Health Store","article_publisher":"https:\/\/www.instagram.com\/dutchhealthstore\/","article_modified_time":"2025-01-16T13:58:14+00:00","og_image":[{"width":500,"height":500,"url":"https:\/\/dutchhealthstore.com\/wp-content\/uploads\/2018\/06\/Living-Libations-Rose-Attar-Essential-Oil-e1594898817226.png","type":"image\/jpeg"}],"twitter_card":"summary_large_image","twitter_misc":{"Prix":"&euro;50,00","Disponibilit\u00e9":"Rupture de stock"},"schema":{"@context":"https:\/\/schema.org","@graph":[{"@type":"WebPage","@id":"https:\/\/dutchhealthstore.com\/fr\/product\/rose-attar-essential-oil\/","url":"https:\/\/dutchhealthstore.com\/fr\/product\/rose-attar-essential-oil\/","name":"Rose Attar Essential Oil | Living Libations","isPartOf":{"@id":"https:\/\/dutchhealthstore.com\/fr\/#website"},"primaryImageOfPage":{"@id":"https:\/\/dutchhealthstore.com\/fr\/product\/rose-attar-essential-oil\/#primaryimage"},"image":{"@id":"https:\/\/dutchhealthstore.com\/fr\/product\/rose-attar-essential-oil\/#primaryimage"},"thumbnailUrl":"https:\/\/dutchhealthstore.com\/wp-content\/uploads\/2018\/06\/Living-Libations-Rose-Attar-Essential-Oil-e1594898817226.png","datePublished":"2018-06-12T00:41:39+00:00","dateModified":"2025-01-16T13:58:14+00:00","description":"L'Attar de Rose est assez doux pour \u00eatre appliqu\u00e9 directement sur les poignets, la nuque et les aisselles comme un parfum naturel numineux.","breadcrumb":{"@id":"https:\/\/dutchhealthstore.com\/fr\/product\/rose-attar-essential-oil\/#breadcrumb"},"inLanguage":"fr-FR","potentialAction":[{"@type":"ReadAction","target":["https:\/\/dutchhealthstore.com\/fr\/product\/rose-attar-essential-oil\/"]}]},{"@type":"ImageObject","inLanguage":"fr-FR","@id":"https:\/\/dutchhealthstore.com\/fr\/product\/rose-attar-essential-oil\/#primaryimage","url":"https:\/\/dutchhealthstore.com\/wp-content\/uploads\/2018\/06\/Living-Libations-Rose-Attar-Essential-Oil-e1594898817226.png","contentUrl":"https:\/\/dutchhealthstore.com\/wp-content\/uploads\/2018\/06\/Living-Libations-Rose-Attar-Essential-Oil-e1594898817226.png","width":500,"height":500,"caption":"Living Libations Rose Attar Essential Oil"},{"@type":"BreadcrumbList","@id":"https:\/\/dutchhealthstore.com\/fr\/product\/rose-attar-essential-oil\/#breadcrumb","itemListElement":[{"@type":"ListItem","position":1,"name":"Home","item":"https:\/\/dutchhealthstore.com\/fr\/"},{"@type":"ListItem","position":2,"name":"Shop","item":"https:\/\/dutchhealthstore.com\/fr\/shop\/"},{"@type":"ListItem","position":3,"name":"Rose Attar Essential Oil"}]},{"@type":"WebSite","@id":"https:\/\/dutchhealthstore.com\/fr\/#website","url":"https:\/\/dutchhealthstore.com\/fr\/","name":"Dutch Health Store","description":"Enhance Your Beauty with Organic &amp; Natural Skincare","publisher":{"@id":"https:\/\/dutchhealthstore.com\/fr\/#organization"},"potentialAction":[{"@type":"SearchAction","target":{"@type":"EntryPoint","urlTemplate":"https:\/\/dutchhealthstore.com\/fr\/?s={search_term_string}"},"query-input":{"@type":"PropertyValueSpecification","valueRequired":true,"valueName":"search_term_string"}}],"inLanguage":"fr-FR"},{"@type":"Organization","@id":"https:\/\/dutchhealthstore.com\/fr\/#organization","name":"Dutch Health Store","url":"https:\/\/dutchhealthstore.com\/fr\/","logo":{"@type":"ImageObject","inLanguage":"fr-FR","@id":"https:\/\/dutchhealthstore.com\/fr\/#\/schema\/logo\/image\/","url":"https:\/\/dutchhealthstore.com\/wp-content\/uploads\/2020\/08\/logo-dutchhealthstore-jpg-e1599484957574.jpg","contentUrl":"https:\/\/dutchhealthstore.com\/wp-content\/uploads\/2020\/08\/logo-dutchhealthstore-jpg-e1599484957574.jpg","width":400,"height":62,"caption":"Dutch Health Store"},"image":{"@id":"https:\/\/dutchhealthstore.com\/fr\/#\/schema\/logo\/image\/"},"sameAs":["https:\/\/www.instagram.com\/dutchhealthstore\/","https:\/\/www.facebook.com\/dutchhealthstore"]}]},"product_brand":"Living Libations","product_price_amount":"50.00","product_price_currency":"EUR","og_availability":"out of stock","product_availability":"out of stock","product_condition":"new"},"_links":{"self":[{"href":"https:\/\/dutchhealthstore.com\/fr\/wp-json\/wp\/v2\/product\/122939","targetHints":{"allow":["GET"]}}],"collection":[{"href":"https:\/\/dutchhealthstore.com\/fr\/wp-json\/wp\/v2\/product"}],"about":[{"href":"https:\/\/dutchhealthstore.com\/fr\/wp-json\/wp\/v2\/types\/product"}],"replies":[{"embeddable":true,"href":"https:\/\/dutchhealthstore.com\/fr\/wp-json\/wp\/v2\/comments?post=122939"}],"wp:featuredmedia":[{"embeddable":true,"href":"https:\/\/dutchhealthstore.com\/fr\/wp-json\/wp\/v2\/media\/114089"}],"wp:attachment":[{"href":"https:\/\/dutchhealthstore.com\/fr\/wp-json\/wp\/v2\/media?parent=122939"}],"wp:term":[{"taxonomy":"product_brand","embeddable":true,"href":"https:\/\/dutchhealthstore.com\/fr\/wp-json\/wp\/v2\/product_brand?post=122939"},{"taxonomy":"product_cat","embeddable":true,"href":"https:\/\/dutchhealthstore.com\/fr\/wp-json\/wp\/v2\/product_cat?post=122939"},{"taxonomy":"product_tag","embeddable":true,"href":"https:\/\/dutchhealthstore.com\/fr\/wp-json\/wp\/v2\/product_tag?post=122939"}],"curies":[{"name":"wp","href":"https:\/\/api.w.org\/{rel}","templated":true}]}}