{"id":122936,"date":"2018-02-10T19:42:17","date_gmt":"2018-02-10T19:42:17","guid":{"rendered":"https:\/\/dutchhealthstore.com\/product\/rose-absolute\/"},"modified":"2024-12-17T16:29:12","modified_gmt":"2024-12-17T15:29:12","slug":"rose-absolute","status":"publish","type":"product","link":"https:\/\/dutchhealthstore.com\/fr\/product\/rose-absolute\/","title":{"rendered":"Rose Absolute"},"content":{"rendered":"<p style=\"font-weight: 400;\"><b><strong><img decoding=\"async\" class=\"alignright size-full wp-image-37041\" src=\"https:\/\/dutchhealthstore.com\/wp-content\/uploads\/2018\/04\/Living_Libations-1.png\" alt=\"Organic &amp; Natural Beautyproducts - Living Libations\" width=\"175\" height=\"82\"><\/strong><\/b><i><\/i><\/p>\n<p><strong>Nom botanique:<\/strong> Rosa damascena<br \/>\n<strong>Famille botanique :<\/strong> Rosaceae<br \/>\n<strong>M\u00e9thode d&rsquo;extraction :<\/strong> Absolue<br \/>\n<strong>Partie de la plante distill\u00e9e:<\/strong> Fleur<br \/>\n<strong>Pays d&rsquo;origine :<\/strong> Bulgarie<br \/>\n<strong>M\u00e9thode de culture :<\/strong> Organique<br \/>\n<strong>Composition:<\/strong> 100% Rosa damascena<br \/>\n<strong>Consistance :<\/strong> Viscosit\u00e9 moyenne<\/p>\n<h3>Description de l&rsquo;odeur<\/h3>\n<p>Rose riche et douce, avec de subtiles notes de miel et d&rsquo;\u00e9pices.<\/p>\n<h3>Dans Living Libations<\/h3>\n<p>Roses Shining Everywhere Petal Perfume, Rose Glow Lover Lips, Secret Land of Is<\/p>\n<h3>Se marie bien avec<\/h3>\n<p>Bergamote, Vanille, Ylang, Pamplemousse, Jasmin, N\u00e9roli, Bois de Santal, Nard et Bois de Santal, Patchouli.<\/p>\n<a href=\"https:\/\/dutchhealthstore.com\/wp-content\/uploads\/2018\/02\/ANALYSIS-Rose-Absolute-Living-Libations.pdf\" class=\"button primary is-primary is-small\"  >\n\t\t<span> ANALYSE DU PRODUIT &gt;<\/span>\n\t<\/a>\n\n<h3>Utilisations<\/h3>\n<p>Parfum et aromath\u00e9rapie topique. Magnifique dans les salles de bains. D\u00e9cadent dans les diffuseurs.<\/p>\n<p>Cette distillation exquise d&rsquo;absolu de rose est r\u00e9colt\u00e9e de mani\u00e8re biologique dans la vall\u00e9e des roses en Bulgarie. L&rsquo;absolue de Rosa damascena est obtenue par l&rsquo;abstraction absolue de d\u00e9licates fleurs de rose, qui offrent une multitude de bienfaits et un bouquet cors\u00e9 de parfum de rose. Cette reine des fleurs, dont on dit qu&rsquo;elle est le sang de V\u00e9nus, d\u00e9gage un parfum riche qui dilate le c\u0153ur et favorise l&rsquo;harmonie entre l&rsquo;esprit, le corps et l&rsquo;\u00e2me. L&rsquo;absolu de rose inspire l&rsquo;amour, la sensualit\u00e9 et l&rsquo;ouverture du c\u0153ur.<\/p>\n<p>L&rsquo;absolu de rose offre le parfum de rose le plus pur disponible pour la parfumerie. La m\u00e9thode d&rsquo;extraction cr\u00e9e une aventure aromatique dont l&rsquo;odeur se rapproche le plus possible de celle d&rsquo;un pot de roses fra\u00eechement cueillies !<\/p>\n<p><strong>Taille : 5 ml<\/strong><\/p>\n<h3>Ingr\u00e9dients biologiques<\/h3>\n<p>100% d&rsquo;absolu de rose (Rosa damascena).<\/p>\n<p style=\"text-align: center;\"><em>\u00ab\u00a0En aromath\u00e9rapie, l&rsquo;essence de rose est utilis\u00e9e comme un bon tonique g\u00e9n\u00e9ral et un fortifiant, en particulier pour le c\u0153ur. Elle a une action apaisante sur l&rsquo;esprit, tout en \u00e9tant un doux aphrodisiaque pour les femmes.\u00a0\u00bb<\/em><br \/>\n~ Julia Lawless, <strong>Aromatherapy and the Mind<\/strong><\/p>\n<p style=\"text-align: center;\"><em>\u00ab\u00a0Mais la rose nous procure surtout une chose : un sentiment de bien-\u00eatre, voire de bonheur, et l&rsquo;individu sous son influence d\u00e9veloppera une aimable tol\u00e9rance\u00a0\u00bb.<\/em><br \/>\n~ Marguerite Maury&rsquo;s, <strong>Marguerite Maury&rsquo;s Guide to Aromatherapy<\/strong><\/p>\n<p style=\"text-align: center;\"><em>\u00ab\u00a0What is the scent of the rose?<\/em><br \/>\n<em>The breath of reason and intelligence,<\/em><br \/>\n<em>a sweet guide on the way to the eternal kingdom.\u00a0\u00bb<\/em><br \/>\n~ Rumi<\/p>\n<p style=\"text-align: center;\"><em>\u00ab\u00a0Can you find another market like this?<\/em><br \/>\n<em>Where, with your one rose<\/em><br \/>\n<em>you can buy hundreds of rose gardens?\u00a0\u00bb<\/em><br \/>\n~ Rumi<\/p>\n<p><img fetchpriority=\"high\" decoding=\"async\" class=\"size-full wp-image-31577 aligncenter\" src=\"https:\/\/dutchhealthstore.com\/wp-content\/uploads\/2018\/03\/organic_big.png\" alt=\"Organic and Natural - Living Libations\" width=\"623\" height=\"103\" srcset=\"https:\/\/dutchhealthstore.com\/wp-content\/uploads\/2018\/03\/organic_big.png 623w, https:\/\/dutchhealthstore.com\/wp-content\/uploads\/2018\/03\/organic_big-510x84.png 510w, https:\/\/dutchhealthstore.com\/wp-content\/uploads\/2018\/03\/organic_big-600x99.png 600w, https:\/\/dutchhealthstore.com\/wp-content\/uploads\/2018\/03\/organic_big-350x58.png 350w\" sizes=\"(max-width: 623px) 100vw, 623px\" \/><\/p>\n","protected":false},"excerpt":{"rendered":"<p>Living Libations Rose Absolute est depuis longtemps associ\u00e9 \u00e0 la confiance dans les chercheurs d&rsquo;amour.<br \/>\nAvec cette huile pure et concentr\u00e9e, vous \u00eates s\u00fbr de para\u00eetre et de vous sentir au mieux de votre forme.<br \/>\nEt n&rsquo;est-ce pas l\u00e0 le plus beau cadeau que l&rsquo;on puisse se faire, ind\u00e9pendamment de ce que Cupidon nous r\u00e9serve?<\/p>\n","protected":false},"featured_media":114073,"comment_status":"open","ping_status":"closed","template":"","meta":[],"product_brand":[],"product_cat":[3754,1507,6734,1211,1209,1010,6733],"product_tag":[8678,21668,21820],"class_list":{"0":"post-122936","1":"product","2":"type-product","3":"status-publish","4":"has-post-thumbnail","6":"product_cat-essences-absolues","7":"product_cat-plantes-huiles-essentielles-living-libations","8":"product_cat-essential-oils","9":"product_cat-living-libations-france","10":"product_cat-par-marques","11":"product_cat-notre-boutique","12":"product_cat-wellness-fr-2","13":"product_tag-absolute-fr","14":"product_tag-arome","15":"product_tag-parfum-fr","16":"pa_brand-livinglibations-fr","17":"pa_essential-oils-product-type-absolute-essences-fr","18":"pa_essential-oils-product-type-essential-oils-fr","19":"pa_size-5-ml-fr","21":"first","22":"instock","23":"taxable","24":"shipping-taxable","25":"purchasable","26":"product-type-simple"},"bundled_by":[],"bundle_stock_status":"instock","bundle_stock_quantity":2,"bundle_virtual":false,"bundle_layout":"","bundle_add_to_cart_form_location":"","bundle_editable_in_cart":false,"bundle_sold_individually_context":"","bundle_item_grouping":"","bundle_min_size":"","bundle_max_size":"","bundle_price":[],"bundled_items":[],"bundle_sell_ids":[],"atum_controlled":true,"out_stock_date":null,"out_stock_threshold":null,"inheritable":false,"stock_on_hold":0,"sold_today":0,"sales_last_days":0,"out_stock_days":0,"lost_sales":0,"update_date":"2026-04-19T00:06:46","atum_locations":[],"atum_stock_status":"instock","restock_status":false,"low_stock_amount":"","sales_update_date":"2026-04-19T00:06:46","calc_backorders":null,"group_of_quantity":0,"min_quantity":0,"max_quantity":"","exclude_order_quantity_value_rules":"no","exclude_category_quantity_rules":"no","combine_variations":"no","yoast_head":"<!-- This site is optimized with the Yoast SEO Premium plugin v26.5 (Yoast SEO v26.5) - https:\/\/yoast.com\/wordpress\/plugins\/seo\/ -->\n<title>Rose Absolute | Living Libations<\/title>\n<meta name=\"description\" content=\"Avec cette huile pure et concentr\u00e9e, vous \u00eates s\u00fbr de para\u00eetre et de vous sentir au mieux de votre forme.\" \/>\n<meta name=\"robots\" content=\"index, follow, max-snippet:-1, max-image-preview:large, max-video-preview:-1\" \/>\n<link rel=\"canonical\" href=\"https:\/\/dutchhealthstore.com\/fr\/product\/rose-absolute\/\" \/>\n<meta property=\"og:locale\" content=\"fr_FR\" \/>\n<meta property=\"og:type\" content=\"article\" \/>\n<meta property=\"og:title\" content=\"Rose Absolute - Dutch Health Store\" \/>\n<meta property=\"og:description\" content=\"Avec cette huile pure et concentr\u00e9e, vous \u00eates s\u00fbr de para\u00eetre et de vous sentir au mieux de votre forme.\" \/>\n<meta property=\"og:url\" content=\"https:\/\/dutchhealthstore.com\/fr\/product\/rose-absolute\/\" \/>\n<meta property=\"og:site_name\" content=\"Dutch Health Store\" \/>\n<meta property=\"article:publisher\" content=\"https:\/\/www.instagram.com\/dutchhealthstore\/\" \/>\n<meta property=\"article:modified_time\" content=\"2024-12-17T15:29:12+00:00\" \/>\n<meta property=\"og:image\" content=\"https:\/\/dutchhealthstore.com\/wp-content\/uploads\/2018\/02\/Living-Libations-Rose-Absolute-e1594895575867.jpg\" \/>\n\t<meta property=\"og:image:width\" content=\"500\" \/>\n\t<meta property=\"og:image:height\" content=\"500\" \/>\n\t<meta property=\"og:image:type\" content=\"image\/jpeg\" \/>\n<meta name=\"twitter:card\" content=\"summary_large_image\" \/>\n<meta name=\"twitter:label1\" content=\"Prix\" \/>\n\t<meta name=\"twitter:data1\" content=\"&euro;81,00\" \/>\n\t<meta name=\"twitter:label2\" content=\"Disponibilit\u00e9\" \/>\n\t<meta name=\"twitter:data2\" content=\"En stock\" \/>\n<script type=\"application\/ld+json\" class=\"yoast-schema-graph\">{\"@context\":\"https:\/\/schema.org\",\"@graph\":[{\"@type\":\"WebPage\",\"@id\":\"https:\/\/dutchhealthstore.com\/fr\/product\/rose-absolute\/\",\"url\":\"https:\/\/dutchhealthstore.com\/fr\/product\/rose-absolute\/\",\"name\":\"Rose Absolute | Living Libations\",\"isPartOf\":{\"@id\":\"https:\/\/dutchhealthstore.com\/fr\/#website\"},\"primaryImageOfPage\":{\"@id\":\"https:\/\/dutchhealthstore.com\/fr\/product\/rose-absolute\/#primaryimage\"},\"image\":{\"@id\":\"https:\/\/dutchhealthstore.com\/fr\/product\/rose-absolute\/#primaryimage\"},\"thumbnailUrl\":\"https:\/\/dutchhealthstore.com\/wp-content\/uploads\/2018\/02\/Living-Libations-Rose-Absolute-e1594895575867.jpg\",\"datePublished\":\"2018-02-10T19:42:17+00:00\",\"dateModified\":\"2024-12-17T15:29:12+00:00\",\"description\":\"Avec cette huile pure et concentr\u00e9e, vous \u00eates s\u00fbr de para\u00eetre et de vous sentir au mieux de votre forme.\",\"breadcrumb\":{\"@id\":\"https:\/\/dutchhealthstore.com\/fr\/product\/rose-absolute\/#breadcrumb\"},\"inLanguage\":\"fr-FR\",\"potentialAction\":[{\"@type\":\"ReadAction\",\"target\":[\"https:\/\/dutchhealthstore.com\/fr\/product\/rose-absolute\/\"]}]},{\"@type\":\"ImageObject\",\"inLanguage\":\"fr-FR\",\"@id\":\"https:\/\/dutchhealthstore.com\/fr\/product\/rose-absolute\/#primaryimage\",\"url\":\"https:\/\/dutchhealthstore.com\/wp-content\/uploads\/2018\/02\/Living-Libations-Rose-Absolute-e1594895575867.jpg\",\"contentUrl\":\"https:\/\/dutchhealthstore.com\/wp-content\/uploads\/2018\/02\/Living-Libations-Rose-Absolute-e1594895575867.jpg\",\"width\":500,\"height\":500,\"caption\":\"Living Libations Rose Absolute\"},{\"@type\":\"BreadcrumbList\",\"@id\":\"https:\/\/dutchhealthstore.com\/fr\/product\/rose-absolute\/#breadcrumb\",\"itemListElement\":[{\"@type\":\"ListItem\",\"position\":1,\"name\":\"Home\",\"item\":\"https:\/\/dutchhealthstore.com\/fr\/\"},{\"@type\":\"ListItem\",\"position\":2,\"name\":\"Shop\",\"item\":\"https:\/\/dutchhealthstore.com\/fr\/shop\/\"},{\"@type\":\"ListItem\",\"position\":3,\"name\":\"Rose Absolute\"}]},{\"@type\":\"WebSite\",\"@id\":\"https:\/\/dutchhealthstore.com\/fr\/#website\",\"url\":\"https:\/\/dutchhealthstore.com\/fr\/\",\"name\":\"Dutch Health Store\",\"description\":\"Enhance Your Beauty with Organic &amp; Natural Skincare\",\"publisher\":{\"@id\":\"https:\/\/dutchhealthstore.com\/fr\/#organization\"},\"potentialAction\":[{\"@type\":\"SearchAction\",\"target\":{\"@type\":\"EntryPoint\",\"urlTemplate\":\"https:\/\/dutchhealthstore.com\/fr\/?s={search_term_string}\"},\"query-input\":{\"@type\":\"PropertyValueSpecification\",\"valueRequired\":true,\"valueName\":\"search_term_string\"}}],\"inLanguage\":\"fr-FR\"},{\"@type\":\"Organization\",\"@id\":\"https:\/\/dutchhealthstore.com\/fr\/#organization\",\"name\":\"Dutch Health Store\",\"url\":\"https:\/\/dutchhealthstore.com\/fr\/\",\"logo\":{\"@type\":\"ImageObject\",\"inLanguage\":\"fr-FR\",\"@id\":\"https:\/\/dutchhealthstore.com\/fr\/#\/schema\/logo\/image\/\",\"url\":\"https:\/\/dutchhealthstore.com\/wp-content\/uploads\/2020\/08\/logo-dutchhealthstore-jpg-e1599484957574.jpg\",\"contentUrl\":\"https:\/\/dutchhealthstore.com\/wp-content\/uploads\/2020\/08\/logo-dutchhealthstore-jpg-e1599484957574.jpg\",\"width\":400,\"height\":62,\"caption\":\"Dutch Health Store\"},\"image\":{\"@id\":\"https:\/\/dutchhealthstore.com\/fr\/#\/schema\/logo\/image\/\"},\"sameAs\":[\"https:\/\/www.instagram.com\/dutchhealthstore\/\",\"https:\/\/www.facebook.com\/dutchhealthstore\"]}]}<\/script>\n<meta property=\"product:brand\" content=\"Living Libations\" \/>\n<meta property=\"product:price:amount\" content=\"81.00\" \/>\n<meta property=\"product:price:currency\" content=\"EUR\" \/>\n<meta property=\"og:availability\" content=\"instock\" \/>\n<meta property=\"product:availability\" content=\"instock\" \/>\n<meta property=\"product:condition\" content=\"new\" \/>\n<!-- \/ Yoast SEO Premium plugin. -->","yoast_head_json":{"title":"Rose Absolute | Living Libations","description":"Avec cette huile pure et concentr\u00e9e, vous \u00eates s\u00fbr de para\u00eetre et de vous sentir au mieux de votre forme.","robots":{"index":"index","follow":"follow","max-snippet":"max-snippet:-1","max-image-preview":"max-image-preview:large","max-video-preview":"max-video-preview:-1"},"canonical":"https:\/\/dutchhealthstore.com\/fr\/product\/rose-absolute\/","og_locale":"fr_FR","og_type":"article","og_title":"Rose Absolute - Dutch Health Store","og_description":"Avec cette huile pure et concentr\u00e9e, vous \u00eates s\u00fbr de para\u00eetre et de vous sentir au mieux de votre forme.","og_url":"https:\/\/dutchhealthstore.com\/fr\/product\/rose-absolute\/","og_site_name":"Dutch Health Store","article_publisher":"https:\/\/www.instagram.com\/dutchhealthstore\/","article_modified_time":"2024-12-17T15:29:12+00:00","og_image":[{"width":500,"height":500,"url":"https:\/\/dutchhealthstore.com\/wp-content\/uploads\/2018\/02\/Living-Libations-Rose-Absolute-e1594895575867.jpg","type":"image\/jpeg"}],"twitter_card":"summary_large_image","twitter_misc":{"Prix":"&euro;81,00","Disponibilit\u00e9":"En stock"},"schema":{"@context":"https:\/\/schema.org","@graph":[{"@type":"WebPage","@id":"https:\/\/dutchhealthstore.com\/fr\/product\/rose-absolute\/","url":"https:\/\/dutchhealthstore.com\/fr\/product\/rose-absolute\/","name":"Rose Absolute | Living Libations","isPartOf":{"@id":"https:\/\/dutchhealthstore.com\/fr\/#website"},"primaryImageOfPage":{"@id":"https:\/\/dutchhealthstore.com\/fr\/product\/rose-absolute\/#primaryimage"},"image":{"@id":"https:\/\/dutchhealthstore.com\/fr\/product\/rose-absolute\/#primaryimage"},"thumbnailUrl":"https:\/\/dutchhealthstore.com\/wp-content\/uploads\/2018\/02\/Living-Libations-Rose-Absolute-e1594895575867.jpg","datePublished":"2018-02-10T19:42:17+00:00","dateModified":"2024-12-17T15:29:12+00:00","description":"Avec cette huile pure et concentr\u00e9e, vous \u00eates s\u00fbr de para\u00eetre et de vous sentir au mieux de votre forme.","breadcrumb":{"@id":"https:\/\/dutchhealthstore.com\/fr\/product\/rose-absolute\/#breadcrumb"},"inLanguage":"fr-FR","potentialAction":[{"@type":"ReadAction","target":["https:\/\/dutchhealthstore.com\/fr\/product\/rose-absolute\/"]}]},{"@type":"ImageObject","inLanguage":"fr-FR","@id":"https:\/\/dutchhealthstore.com\/fr\/product\/rose-absolute\/#primaryimage","url":"https:\/\/dutchhealthstore.com\/wp-content\/uploads\/2018\/02\/Living-Libations-Rose-Absolute-e1594895575867.jpg","contentUrl":"https:\/\/dutchhealthstore.com\/wp-content\/uploads\/2018\/02\/Living-Libations-Rose-Absolute-e1594895575867.jpg","width":500,"height":500,"caption":"Living Libations Rose Absolute"},{"@type":"BreadcrumbList","@id":"https:\/\/dutchhealthstore.com\/fr\/product\/rose-absolute\/#breadcrumb","itemListElement":[{"@type":"ListItem","position":1,"name":"Home","item":"https:\/\/dutchhealthstore.com\/fr\/"},{"@type":"ListItem","position":2,"name":"Shop","item":"https:\/\/dutchhealthstore.com\/fr\/shop\/"},{"@type":"ListItem","position":3,"name":"Rose Absolute"}]},{"@type":"WebSite","@id":"https:\/\/dutchhealthstore.com\/fr\/#website","url":"https:\/\/dutchhealthstore.com\/fr\/","name":"Dutch Health Store","description":"Enhance Your Beauty with Organic &amp; Natural Skincare","publisher":{"@id":"https:\/\/dutchhealthstore.com\/fr\/#organization"},"potentialAction":[{"@type":"SearchAction","target":{"@type":"EntryPoint","urlTemplate":"https:\/\/dutchhealthstore.com\/fr\/?s={search_term_string}"},"query-input":{"@type":"PropertyValueSpecification","valueRequired":true,"valueName":"search_term_string"}}],"inLanguage":"fr-FR"},{"@type":"Organization","@id":"https:\/\/dutchhealthstore.com\/fr\/#organization","name":"Dutch Health Store","url":"https:\/\/dutchhealthstore.com\/fr\/","logo":{"@type":"ImageObject","inLanguage":"fr-FR","@id":"https:\/\/dutchhealthstore.com\/fr\/#\/schema\/logo\/image\/","url":"https:\/\/dutchhealthstore.com\/wp-content\/uploads\/2020\/08\/logo-dutchhealthstore-jpg-e1599484957574.jpg","contentUrl":"https:\/\/dutchhealthstore.com\/wp-content\/uploads\/2020\/08\/logo-dutchhealthstore-jpg-e1599484957574.jpg","width":400,"height":62,"caption":"Dutch Health Store"},"image":{"@id":"https:\/\/dutchhealthstore.com\/fr\/#\/schema\/logo\/image\/"},"sameAs":["https:\/\/www.instagram.com\/dutchhealthstore\/","https:\/\/www.facebook.com\/dutchhealthstore"]}]},"product_brand":"Living Libations","product_price_amount":"81.00","product_price_currency":"EUR","og_availability":"instock","product_availability":"instock","product_condition":"new"},"_links":{"self":[{"href":"https:\/\/dutchhealthstore.com\/fr\/wp-json\/wp\/v2\/product\/122936","targetHints":{"allow":["GET"]}}],"collection":[{"href":"https:\/\/dutchhealthstore.com\/fr\/wp-json\/wp\/v2\/product"}],"about":[{"href":"https:\/\/dutchhealthstore.com\/fr\/wp-json\/wp\/v2\/types\/product"}],"replies":[{"embeddable":true,"href":"https:\/\/dutchhealthstore.com\/fr\/wp-json\/wp\/v2\/comments?post=122936"}],"wp:featuredmedia":[{"embeddable":true,"href":"https:\/\/dutchhealthstore.com\/fr\/wp-json\/wp\/v2\/media\/114073"}],"wp:attachment":[{"href":"https:\/\/dutchhealthstore.com\/fr\/wp-json\/wp\/v2\/media?parent=122936"}],"wp:term":[{"taxonomy":"product_brand","embeddable":true,"href":"https:\/\/dutchhealthstore.com\/fr\/wp-json\/wp\/v2\/product_brand?post=122936"},{"taxonomy":"product_cat","embeddable":true,"href":"https:\/\/dutchhealthstore.com\/fr\/wp-json\/wp\/v2\/product_cat?post=122936"},{"taxonomy":"product_tag","embeddable":true,"href":"https:\/\/dutchhealthstore.com\/fr\/wp-json\/wp\/v2\/product_tag?post=122936"}],"curies":[{"name":"wp","href":"https:\/\/api.w.org\/{rel}","templated":true}]}}