{"id":122894,"date":"2018-02-10T21:20:38","date_gmt":"2018-02-10T19:20:38","guid":{"rendered":"https:\/\/dutchhealthstore.com\/product\/rock-rose-essential-oil\/"},"modified":"2024-08-26T12:25:34","modified_gmt":"2024-08-26T10:25:34","slug":"rock-rose-essential-oil","status":"publish","type":"product","link":"https:\/\/dutchhealthstore.com\/fr\/product\/rock-rose-essential-oil\/","title":{"rendered":"Rock Rose Essential Oil"},"content":{"rendered":"<p><strong><img decoding=\"async\" class=\"alignright size-full wp-image-37041\" src=\"https:\/\/dutchhealthstore.com\/wp-content\/uploads\/2018\/04\/Living_Libations-1.png\" alt=\"Organic &amp; Natural Beautyproducts - Living Libations\" width=\"175\" height=\"82\"><\/strong><\/p>\n<p><strong>Nom botanique : <\/strong>Cistus ladanifer<br \/>\n<strong>Famille botanique :<\/strong> Cistaceae<br \/>\n<strong>M\u00e9thode d&rsquo;extraction :<\/strong> Distillation \u00e0 la vapeur<br \/>\n<strong>Partie de la plante distill\u00e9e :<\/strong> Fleurs<br \/>\n<strong>Pays d&rsquo;origine :<\/strong> Espagne<br \/>\n<strong>M\u00e9thode de culture :<\/strong> Sauvage<br \/>\n<strong>Composition :<\/strong> 100% Cistus ladanifer<br \/>\n<strong>Consistance :<\/strong> Viscosit\u00e9 moyenne<\/p>\n<a href=\"https:\/\/dutchhealthstore.com\/wp-content\/uploads\/2019\/04\/ANALYSIS-Rock-Rose-Essential-Oil-Living-Libations.pdf\" class=\"button primary is-primary is-small\"  >\n\t\t<span>ANALYSE &gt;<\/span>\n\t<\/a>\n\n<h3>Description de l&rsquo;odeur<\/h3>\n<p>Douceur herbac\u00e9e, saveur chaude et rayonnante.<\/p>\n<h3>Dans Living Libations<\/h3>\n<p>All Season Serum<\/p>\n<h3>Se marie bien avec<\/h3>\n<p>Orange sanguine, pamplemousse, jasmin, rose otto, immortelle et encens.<\/p>\n<h3>Utilisations<\/h3>\n<p>Tonique pour la peau, cicatrisant et hydratant extraordinaire. Les peaux s\u00e8ches et grasses appr\u00e9cieront les propri\u00e9t\u00e9s hydratantes de cette essence ancienne. Un superh\u00e9ros pour adoucir l&rsquo;apparence des cicatrices, des taches et de la texture de la peau. Pr\u00e9cieux dans les parfums.<\/p>\n<p>Rockrose Essential Oil ciste est distill\u00e9e \u00e0 la vapeur \u00e0 partir des fleurs de la plante Cistus originaire de Gr\u00e8ce et d&rsquo;Espagne. Son parfum chaud et ambr\u00e9 se marie \u00e0 merveille avec d&rsquo;autres huiles d&rsquo;agrumes ainsi qu&rsquo;avec des essences florales et ambr\u00e9es qui enchantent l&rsquo;esprit lors des r\u00eaves.<\/p>\n<p>Son affinit\u00e9 avec les soins de la peau a \u00e9t\u00e9 reconnue par les anciens \u00c9gyptiens qui l&rsquo;ont m\u00e9lang\u00e9 \u00e0 des cr\u00e8mes de beaut\u00e9. Il \u00e9tait un ingr\u00e9dient cl\u00e9 des onguents et des pommades pour les d\u00e9s\u00e9quilibres cutan\u00e9s en raison de sa nature ass\u00e9chante, antiseptique et r\u00e9g\u00e9n\u00e9ratrice des cellules. Les peaux matures, cicatris\u00e9es, congestionn\u00e9es et expos\u00e9es au soleil appr\u00e9cieront les propri\u00e9t\u00e9s tonifiantes, rajeunissantes et hydratantes de cette huile. Le Dr Kurt Schnaubelt, dans Advanced Aromatherapy, \u00e9crit \u00e0 propos de cette essence v\u00e9g\u00e9tale : \u00ab\u00a0L&rsquo;huile de ciste est produite dans les r\u00e9gions chaudes et ensoleill\u00e9es. Elle est utilis\u00e9e en aroma-m\u00e9decine pour ses qualit\u00e9s astringentes et resserrantes.\u00a0\u00bb<\/p>\n<p>L&rsquo;ar\u00f4me unique de Rockrose Essential Oil transmet un rayonnement qui touchera profond\u00e9ment votre \u00e2me. L&rsquo;ar\u00f4me chaud et balsamique de cette fleur remonte \u00e0 l&rsquo;\u00e9poque de la Gr\u00e8ce antique, o\u00f9 les bergers dirigeaient d\u00e9lib\u00e9r\u00e9ment leurs moutons \u00e0 travers de magnifiques bosquets de cistes. Alors que de nombreux animaux sont naturellement attir\u00e9s par les plantes qui produisent des huiles essentielles, les bergers grecs avaient un autre objectif : une fois que la r\u00e9sine de ciste s&rsquo;\u00e9tait accumul\u00e9e sur le pelage des moutons, elle \u00e9tait extraite et vendue au march\u00e9 \u00e0 des prix exorbitants.<\/p>\n<p><strong>Taille : 5 ml, 15 ml et 30 ml<\/strong><\/p>\n<h3>Ingr\u00e9dients biologiques<\/h3>\n<p>100% d&rsquo;huile essentielle de ciste (Cistus ladanifer).<\/p>\n<p style=\"text-align: center;\"><em>\u00ab\u00a0Le ciste est <span style=\"font-size: 14.4px;\">privil\u00e9gi\u00e9<\/span> pour traiter les patients qui se sentent, g\u00e9n\u00e9ralement apr\u00e8s un \u00e9v\u00e9nement traumatique, froids, vides ou engourdis&#8230;. Le ciste aide \u00e0 la m\u00e9diation et au centrage ainsi qu&rsquo;\u00e0 la visualisation d&rsquo;exp\u00e9riences spirituelles et \u00e0 les amener \u00e0 la conscience.\u00a0\u00bb<\/em><br \/>\n~ Suzanne Fischer-Rizzi, <strong>Complete Aromatherapy Handbook<\/strong><\/p>\n<p>&nbsp;<\/p>\n<p><img fetchpriority=\"high\" decoding=\"async\" class=\"aligncenter size-full wp-image-31577\" src=\"https:\/\/dutchhealthstore.com\/wp-content\/uploads\/2018\/03\/organic_big.png\" alt=\"Organic and Natural - Living Libations\" width=\"623\" height=\"103\" srcset=\"https:\/\/dutchhealthstore.com\/wp-content\/uploads\/2018\/03\/organic_big.png 623w, https:\/\/dutchhealthstore.com\/wp-content\/uploads\/2018\/03\/organic_big-510x84.png 510w, https:\/\/dutchhealthstore.com\/wp-content\/uploads\/2018\/03\/organic_big-600x99.png 600w, https:\/\/dutchhealthstore.com\/wp-content\/uploads\/2018\/03\/organic_big-350x58.png 350w\" sizes=\"(max-width: 623px) 100vw, 623px\" \/><\/p>\n","protected":false},"excerpt":{"rendered":"<p><strong>Rock Rose Essential Oil<\/strong> n&rsquo;est ni un rocher ni une rose ; c&rsquo;est une fleur sauvage m\u00e9diterran\u00e9enne qui ressemble aux roses sauvages. Le ciste pourrait bien \u00eatre la rose de Sharon mentionn\u00e9e dans les Cantiques de Salomon de la Bible, et il est rest\u00e9 recherch\u00e9 en Espagne et en Inde orientale pour son ar\u00f4me ambr\u00e9 exquis qui est la perfection des parfums. Cet \u00e9lixir d&rsquo;huiles essentielles \u00e9veille les sens par son parfum chaud, balsamique, herbac\u00e9 et ambr\u00e9, d\u00e9gageant un ar\u00f4me qui touchera profond\u00e9ment votre esprit.<\/p>\n","protected":false},"featured_media":55528,"comment_status":"closed","ping_status":"closed","template":"","meta":[],"product_brand":[],"product_cat":[6734,1507,1211,1209,3757,1010,6733],"product_tag":[4495],"class_list":{"0":"post-122894","1":"product","2":"type-product","3":"status-publish","4":"has-post-thumbnail","6":"product_cat-essential-oils","7":"product_cat-plantes-huiles-essentielles-living-libations","8":"product_cat-living-libations-france","9":"product_cat-par-marques","10":"product_cat-plantes-huiles-essentielles","11":"product_cat-notre-boutique","12":"product_cat-wellness-fr-2","13":"product_tag-essential-oil-fr","14":"pa_brand-livinglibations-fr","15":"pa_essential-oils-product-type-essential-oils-fr","16":"pa_size-5-ml-fr","17":"pa_size-15-ml-fr","18":"pa_size-30-ml-fr","20":"first","21":"instock","22":"taxable","23":"shipping-taxable","24":"purchasable","25":"product-type-variable"},"bundled_by":[],"bundle_stock_status":"instock","bundle_stock_quantity":null,"bundle_virtual":false,"bundle_layout":"","bundle_add_to_cart_form_location":"","bundle_editable_in_cart":false,"bundle_sold_individually_context":"","bundle_item_grouping":"","bundle_min_size":"","bundle_max_size":"","bundle_price":[],"bundled_items":[],"bundle_sell_ids":[],"atum_controlled":true,"out_stock_date":null,"out_stock_threshold":null,"inheritable":true,"stock_on_hold":0,"sold_today":0,"sales_last_days":0,"out_stock_days":0,"lost_sales":0,"update_date":"2026-04-13T00:02:57","atum_locations":[],"atum_stock_status":"instock","restock_status":false,"low_stock_amount":"","sales_update_date":"2026-04-13T00:02:57","calc_backorders":null,"group_of_quantity":0,"min_quantity":0,"max_quantity":"","exclude_order_quantity_value_rules":"no","exclude_category_quantity_rules":"no","combine_variations":"no","yoast_head":"<!-- This site is optimized with the Yoast SEO Premium plugin v26.5 (Yoast SEO v26.5) - https:\/\/yoast.com\/wordpress\/plugins\/seo\/ -->\n<title>Rock Rose Essential Oil | Living Libations<\/title>\n<meta name=\"description\" content=\"Rock Rose Essential Oil n&#039;est ni un rocher ni une rose ; c&#039;est une fleur sauvage m\u00e9diterran\u00e9enne qui ressemble aux roses sauvages.\" \/>\n<meta name=\"robots\" content=\"index, follow, max-snippet:-1, max-image-preview:large, max-video-preview:-1\" \/>\n<link rel=\"canonical\" href=\"https:\/\/dutchhealthstore.com\/fr\/product\/rock-rose-essential-oil\/\" \/>\n<meta property=\"og:locale\" content=\"fr_FR\" \/>\n<meta property=\"og:type\" content=\"article\" \/>\n<meta property=\"og:title\" content=\"Rock Rose Essential Oil - Dutch Health Store\" \/>\n<meta property=\"og:description\" content=\"Rock Rose Essential Oil n&#039;est ni un rocher ni une rose ; c&#039;est une fleur sauvage m\u00e9diterran\u00e9enne qui ressemble aux roses sauvages.\" \/>\n<meta property=\"og:url\" content=\"https:\/\/dutchhealthstore.com\/fr\/product\/rock-rose-essential-oil\/\" \/>\n<meta property=\"og:site_name\" content=\"Dutch Health Store\" \/>\n<meta property=\"article:publisher\" content=\"https:\/\/www.instagram.com\/dutchhealthstore\/\" \/>\n<meta property=\"article:modified_time\" content=\"2024-08-26T10:25:34+00:00\" \/>\n<meta property=\"og:image\" content=\"https:\/\/dutchhealthstore.com\/wp-content\/uploads\/2018\/02\/Rock-Rose-Essential-Oil-Living-Libations.jpg\" \/>\n\t<meta property=\"og:image:width\" content=\"1200\" \/>\n\t<meta property=\"og:image:height\" content=\"1200\" \/>\n\t<meta property=\"og:image:type\" content=\"image\/jpeg\" \/>\n<meta name=\"twitter:card\" content=\"summary_large_image\" \/>\n<meta name=\"twitter:label1\" content=\"Disponibilit\u00e9\" \/>\n\t<meta name=\"twitter:data1\" content=\"En stock\" \/>\n<script type=\"application\/ld+json\" class=\"yoast-schema-graph\">{\"@context\":\"https:\/\/schema.org\",\"@graph\":[{\"@type\":\"WebPage\",\"@id\":\"https:\/\/dutchhealthstore.com\/fr\/product\/rock-rose-essential-oil\/\",\"url\":\"https:\/\/dutchhealthstore.com\/fr\/product\/rock-rose-essential-oil\/\",\"name\":\"Rock Rose Essential Oil | Living Libations\",\"isPartOf\":{\"@id\":\"https:\/\/dutchhealthstore.com\/fr\/#website\"},\"primaryImageOfPage\":{\"@id\":\"https:\/\/dutchhealthstore.com\/fr\/product\/rock-rose-essential-oil\/#primaryimage\"},\"image\":{\"@id\":\"https:\/\/dutchhealthstore.com\/fr\/product\/rock-rose-essential-oil\/#primaryimage\"},\"thumbnailUrl\":\"https:\/\/dutchhealthstore.com\/wp-content\/uploads\/2018\/02\/Rock-Rose-Essential-Oil-Living-Libations.jpg\",\"datePublished\":\"2018-02-10T19:20:38+00:00\",\"dateModified\":\"2024-08-26T10:25:34+00:00\",\"description\":\"Rock Rose Essential Oil n'est ni un rocher ni une rose ; c'est une fleur sauvage m\u00e9diterran\u00e9enne qui ressemble aux roses sauvages.\",\"breadcrumb\":{\"@id\":\"https:\/\/dutchhealthstore.com\/fr\/product\/rock-rose-essential-oil\/#breadcrumb\"},\"inLanguage\":\"fr-FR\",\"potentialAction\":[{\"@type\":\"ReadAction\",\"target\":[\"https:\/\/dutchhealthstore.com\/fr\/product\/rock-rose-essential-oil\/\"]}]},{\"@type\":\"ImageObject\",\"inLanguage\":\"fr-FR\",\"@id\":\"https:\/\/dutchhealthstore.com\/fr\/product\/rock-rose-essential-oil\/#primaryimage\",\"url\":\"https:\/\/dutchhealthstore.com\/wp-content\/uploads\/2018\/02\/Rock-Rose-Essential-Oil-Living-Libations.jpg\",\"contentUrl\":\"https:\/\/dutchhealthstore.com\/wp-content\/uploads\/2018\/02\/Rock-Rose-Essential-Oil-Living-Libations.jpg\",\"width\":1200,\"height\":1200,\"caption\":\"Rock Rose Essential Oil - Living Libations\"},{\"@type\":\"BreadcrumbList\",\"@id\":\"https:\/\/dutchhealthstore.com\/fr\/product\/rock-rose-essential-oil\/#breadcrumb\",\"itemListElement\":[{\"@type\":\"ListItem\",\"position\":1,\"name\":\"Home\",\"item\":\"https:\/\/dutchhealthstore.com\/fr\/\"},{\"@type\":\"ListItem\",\"position\":2,\"name\":\"Shop\",\"item\":\"https:\/\/dutchhealthstore.com\/fr\/shop\/\"},{\"@type\":\"ListItem\",\"position\":3,\"name\":\"Rock Rose Essential Oil\"}]},{\"@type\":\"WebSite\",\"@id\":\"https:\/\/dutchhealthstore.com\/fr\/#website\",\"url\":\"https:\/\/dutchhealthstore.com\/fr\/\",\"name\":\"Dutch Health Store\",\"description\":\"Enhance Your Beauty with Organic &amp; Natural Skincare\",\"publisher\":{\"@id\":\"https:\/\/dutchhealthstore.com\/fr\/#organization\"},\"potentialAction\":[{\"@type\":\"SearchAction\",\"target\":{\"@type\":\"EntryPoint\",\"urlTemplate\":\"https:\/\/dutchhealthstore.com\/fr\/?s={search_term_string}\"},\"query-input\":{\"@type\":\"PropertyValueSpecification\",\"valueRequired\":true,\"valueName\":\"search_term_string\"}}],\"inLanguage\":\"fr-FR\"},{\"@type\":\"Organization\",\"@id\":\"https:\/\/dutchhealthstore.com\/fr\/#organization\",\"name\":\"Dutch Health Store\",\"url\":\"https:\/\/dutchhealthstore.com\/fr\/\",\"logo\":{\"@type\":\"ImageObject\",\"inLanguage\":\"fr-FR\",\"@id\":\"https:\/\/dutchhealthstore.com\/fr\/#\/schema\/logo\/image\/\",\"url\":\"https:\/\/dutchhealthstore.com\/wp-content\/uploads\/2020\/08\/logo-dutchhealthstore-jpg-e1599484957574.jpg\",\"contentUrl\":\"https:\/\/dutchhealthstore.com\/wp-content\/uploads\/2020\/08\/logo-dutchhealthstore-jpg-e1599484957574.jpg\",\"width\":400,\"height\":62,\"caption\":\"Dutch Health Store\"},\"image\":{\"@id\":\"https:\/\/dutchhealthstore.com\/fr\/#\/schema\/logo\/image\/\"},\"sameAs\":[\"https:\/\/www.instagram.com\/dutchhealthstore\/\",\"https:\/\/www.facebook.com\/dutchhealthstore\"]}]}<\/script>\n<meta property=\"product:brand\" content=\"Living Libations\" \/>\n<meta property=\"og:availability\" content=\"instock\" \/>\n<meta property=\"product:availability\" content=\"instock\" \/>\n<meta property=\"product:condition\" content=\"new\" \/>\n<!-- \/ Yoast SEO Premium plugin. -->","yoast_head_json":{"title":"Rock Rose Essential Oil | Living Libations","description":"Rock Rose Essential Oil n'est ni un rocher ni une rose ; c'est une fleur sauvage m\u00e9diterran\u00e9enne qui ressemble aux roses sauvages.","robots":{"index":"index","follow":"follow","max-snippet":"max-snippet:-1","max-image-preview":"max-image-preview:large","max-video-preview":"max-video-preview:-1"},"canonical":"https:\/\/dutchhealthstore.com\/fr\/product\/rock-rose-essential-oil\/","og_locale":"fr_FR","og_type":"article","og_title":"Rock Rose Essential Oil - Dutch Health Store","og_description":"Rock Rose Essential Oil n'est ni un rocher ni une rose ; c'est une fleur sauvage m\u00e9diterran\u00e9enne qui ressemble aux roses sauvages.","og_url":"https:\/\/dutchhealthstore.com\/fr\/product\/rock-rose-essential-oil\/","og_site_name":"Dutch Health Store","article_publisher":"https:\/\/www.instagram.com\/dutchhealthstore\/","article_modified_time":"2024-08-26T10:25:34+00:00","og_image":[{"width":1200,"height":1200,"url":"https:\/\/dutchhealthstore.com\/wp-content\/uploads\/2018\/02\/Rock-Rose-Essential-Oil-Living-Libations.jpg","type":"image\/jpeg"}],"twitter_card":"summary_large_image","twitter_misc":{"Disponibilit\u00e9":"En stock"},"schema":{"@context":"https:\/\/schema.org","@graph":[{"@type":"WebPage","@id":"https:\/\/dutchhealthstore.com\/fr\/product\/rock-rose-essential-oil\/","url":"https:\/\/dutchhealthstore.com\/fr\/product\/rock-rose-essential-oil\/","name":"Rock Rose Essential Oil | Living Libations","isPartOf":{"@id":"https:\/\/dutchhealthstore.com\/fr\/#website"},"primaryImageOfPage":{"@id":"https:\/\/dutchhealthstore.com\/fr\/product\/rock-rose-essential-oil\/#primaryimage"},"image":{"@id":"https:\/\/dutchhealthstore.com\/fr\/product\/rock-rose-essential-oil\/#primaryimage"},"thumbnailUrl":"https:\/\/dutchhealthstore.com\/wp-content\/uploads\/2018\/02\/Rock-Rose-Essential-Oil-Living-Libations.jpg","datePublished":"2018-02-10T19:20:38+00:00","dateModified":"2024-08-26T10:25:34+00:00","description":"Rock Rose Essential Oil n'est ni un rocher ni une rose ; c'est une fleur sauvage m\u00e9diterran\u00e9enne qui ressemble aux roses sauvages.","breadcrumb":{"@id":"https:\/\/dutchhealthstore.com\/fr\/product\/rock-rose-essential-oil\/#breadcrumb"},"inLanguage":"fr-FR","potentialAction":[{"@type":"ReadAction","target":["https:\/\/dutchhealthstore.com\/fr\/product\/rock-rose-essential-oil\/"]}]},{"@type":"ImageObject","inLanguage":"fr-FR","@id":"https:\/\/dutchhealthstore.com\/fr\/product\/rock-rose-essential-oil\/#primaryimage","url":"https:\/\/dutchhealthstore.com\/wp-content\/uploads\/2018\/02\/Rock-Rose-Essential-Oil-Living-Libations.jpg","contentUrl":"https:\/\/dutchhealthstore.com\/wp-content\/uploads\/2018\/02\/Rock-Rose-Essential-Oil-Living-Libations.jpg","width":1200,"height":1200,"caption":"Rock Rose Essential Oil - Living Libations"},{"@type":"BreadcrumbList","@id":"https:\/\/dutchhealthstore.com\/fr\/product\/rock-rose-essential-oil\/#breadcrumb","itemListElement":[{"@type":"ListItem","position":1,"name":"Home","item":"https:\/\/dutchhealthstore.com\/fr\/"},{"@type":"ListItem","position":2,"name":"Shop","item":"https:\/\/dutchhealthstore.com\/fr\/shop\/"},{"@type":"ListItem","position":3,"name":"Rock Rose Essential Oil"}]},{"@type":"WebSite","@id":"https:\/\/dutchhealthstore.com\/fr\/#website","url":"https:\/\/dutchhealthstore.com\/fr\/","name":"Dutch Health Store","description":"Enhance Your Beauty with Organic &amp; Natural Skincare","publisher":{"@id":"https:\/\/dutchhealthstore.com\/fr\/#organization"},"potentialAction":[{"@type":"SearchAction","target":{"@type":"EntryPoint","urlTemplate":"https:\/\/dutchhealthstore.com\/fr\/?s={search_term_string}"},"query-input":{"@type":"PropertyValueSpecification","valueRequired":true,"valueName":"search_term_string"}}],"inLanguage":"fr-FR"},{"@type":"Organization","@id":"https:\/\/dutchhealthstore.com\/fr\/#organization","name":"Dutch Health Store","url":"https:\/\/dutchhealthstore.com\/fr\/","logo":{"@type":"ImageObject","inLanguage":"fr-FR","@id":"https:\/\/dutchhealthstore.com\/fr\/#\/schema\/logo\/image\/","url":"https:\/\/dutchhealthstore.com\/wp-content\/uploads\/2020\/08\/logo-dutchhealthstore-jpg-e1599484957574.jpg","contentUrl":"https:\/\/dutchhealthstore.com\/wp-content\/uploads\/2020\/08\/logo-dutchhealthstore-jpg-e1599484957574.jpg","width":400,"height":62,"caption":"Dutch Health Store"},"image":{"@id":"https:\/\/dutchhealthstore.com\/fr\/#\/schema\/logo\/image\/"},"sameAs":["https:\/\/www.instagram.com\/dutchhealthstore\/","https:\/\/www.facebook.com\/dutchhealthstore"]}]},"product_brand":"Living Libations","og_availability":"instock","product_availability":"instock","product_condition":"new"},"_links":{"self":[{"href":"https:\/\/dutchhealthstore.com\/fr\/wp-json\/wp\/v2\/product\/122894","targetHints":{"allow":["GET"]}}],"collection":[{"href":"https:\/\/dutchhealthstore.com\/fr\/wp-json\/wp\/v2\/product"}],"about":[{"href":"https:\/\/dutchhealthstore.com\/fr\/wp-json\/wp\/v2\/types\/product"}],"replies":[{"embeddable":true,"href":"https:\/\/dutchhealthstore.com\/fr\/wp-json\/wp\/v2\/comments?post=122894"}],"wp:featuredmedia":[{"embeddable":true,"href":"https:\/\/dutchhealthstore.com\/fr\/wp-json\/wp\/v2\/media\/55528"}],"wp:attachment":[{"href":"https:\/\/dutchhealthstore.com\/fr\/wp-json\/wp\/v2\/media?parent=122894"}],"wp:term":[{"taxonomy":"product_brand","embeddable":true,"href":"https:\/\/dutchhealthstore.com\/fr\/wp-json\/wp\/v2\/product_brand?post=122894"},{"taxonomy":"product_cat","embeddable":true,"href":"https:\/\/dutchhealthstore.com\/fr\/wp-json\/wp\/v2\/product_cat?post=122894"},{"taxonomy":"product_tag","embeddable":true,"href":"https:\/\/dutchhealthstore.com\/fr\/wp-json\/wp\/v2\/product_tag?post=122894"}],"curies":[{"name":"wp","href":"https:\/\/api.w.org\/{rel}","templated":true}]}}