{"id":122870,"date":"2018-02-10T19:50:52","date_gmt":"2018-02-10T18:50:52","guid":{"rendered":"https:\/\/dutchhealthstore.com\/product\/orange-blood-essential-oil\/"},"modified":"2025-11-23T13:09:33","modified_gmt":"2025-11-23T12:09:33","slug":"orange-blood-essential-oil","status":"publish","type":"product","link":"https:\/\/dutchhealthstore.com\/fr\/product\/orange-blood-essential-oil\/","title":{"rendered":"Orange, Blood Essential Oil"},"content":{"rendered":"<p><img decoding=\"async\" class=\"alignright size-full wp-image-37041\" src=\"https:\/\/dutchhealthstore.com\/wp-content\/uploads\/2018\/04\/Living_Libations-1.png\" alt=\"Organic &amp; Natural Beautyproducts - Living Libations\" width=\"175\" height=\"82\">Notre Blood Orange Oil est r\u00e9colt\u00e9e biologiquement et distill\u00e9e \u00e0 la vapeur \u00e0 partir du fruit m\u00fbr du Citrus sinensis italien. Ensoleill\u00e9 et doux, il stimule l&rsquo;humeur et l&rsquo;esprit avec un sourire. Il favorise un \u00e9tat d&rsquo;all\u00e9gresse et de bonheur du c\u0153ur. Les s\u00e9rums de soins de la peau avec ce plaisir ensoleill\u00e9, peuvent sentir la fermet\u00e9 et l&rsquo;\u00e9lasticit\u00e9 retrouv\u00e9es.<\/p>\n<p><strong>Nom botanique:<\/strong> Citrus sinensis<br \/>\n<strong>Famille botanique:<\/strong> Rutaceae Extraction<br \/>\n<strong>M\u00e9thode:<\/strong> Distillation \u00e0 la vapeur Partie de la plante<br \/>\n<strong>Distill\u00e9:<\/strong> Fruit<br \/>\n<strong>Pays d&rsquo;origine:<\/strong> Italie<br \/>\n<strong>M\u00e9thode de culture:<\/strong> Organique<\/p>\n<h3>Description de l&rsquo;odeur<\/h3>\n<p>Agrume frais, sucr\u00e9 et acidul\u00e9.<\/p>\n<h3>Dans Living Libations<\/h3>\n<p>Night Flight to Venus, Vetiver Poetic Pits<\/p>\n<h3>Se marie bien avec<\/h3>\n<p>Lavande, encens, cypr\u00e8s, gen\u00e9vrier, ylang, vanille, rose otto, jasmin, nard, romarin, marjolaine, bergamote, citron vert, inule, thym, origan, v\u00e9tiver, patchouli et sapin blanc.<\/p>\n<a href=\"https:\/\/dutchhealthstore.com\/wp-content\/uploads\/2018\/02\/ANALYSIS-Orange-Blood-Essential-Oil-Living-Libations.pdf\" class=\"button primary is-primary is-small\"  >\n\t\t<span>ANALYSE DES HUILES ESSENTIELLES &gt;<\/span>\n\t<\/a>\n\n<h3>Utilisations<\/h3>\n<p>Diluez pour l&rsquo;utiliser dans les massages, les m\u00e9langes de soins de la peau et les bains. Merveilleux compl\u00e9ment aux huiles de massage des seins. Diluez avec du miel, de l&rsquo;huile d&rsquo;olive ou de noix de coco pour des cr\u00e9ations culinaires. Il donne un bel \u00e9lan aux diffuseurs et aux m\u00e9langes de nettoyage de la maison.<\/p>\n<p><strong>Cet ar\u00f4me joyeux, harmonieux et lumineux inspire la joie partout o\u00f9 il passe!<\/strong><br \/>\nLe bonheur et la joie des agrumes enveloppent l&rsquo;atmosph\u00e8re tandis que l&rsquo;humeur et les soucis disparaissent. L&rsquo;orange sanguine est historiquement utilis\u00e9e pour att\u00e9nuer et am\u00e9liorer l&rsquo;apparence de la peau. Savourez une friandise sucr\u00e9e et juteuse impr\u00e9gn\u00e9e de l&rsquo;\u00e9nergie essentielle du soleil avec cette extraction exquise de ce classique des agrumes r\u00e9alis\u00e9e par notre distillateur biologique en Italie.<\/p>\n<h3>Ingr\u00e9dients Biologiques<\/h3>\n<p>100% d&rsquo;huile essentielle d&rsquo;orange sanguine (Citrus sinensis).<\/p>\n<p style=\"text-align: center;\"><em>\u00ab\u00a0L&rsquo;huile d&rsquo;orange commerciale provenant des plantations d&rsquo;agrumes \u00e0 grande \u00e9chelle est presque invariablement souill\u00e9e par des concentrations intol\u00e9rables de pesticides connus et inconnus&#8230;. <\/em><br \/>\n<em>La v\u00e9ritable huile d&rsquo;orange biologique d&rsquo;une pl\u00e9nitude exquise est produite selon l&rsquo;agriculture biodynamique en Europe.\u00a0\u00bb<\/em><br \/>\n\u223cKurt Schnaubelt, <strong>Advanced Aromatherapy<\/strong> <\/p>\n<p style=\"text-align: center;\"><em>\u00ab\u00a0L&rsquo;huile est merveilleuse lorsque nous prenons tout trop au s\u00e9rieux et que nous oublions de rire &#8211; lorsque nous nous sentons tendus, nerveux et renferm\u00e9s. <\/em><br \/>\n<em>L&rsquo;huile essentielle d&rsquo;orange transmet chaleur, bonheur et l\u00e9g\u00e8ret\u00e9 rafra\u00eechissante&#8230; <\/em><br \/>\n<em>L&rsquo;huile d&rsquo;orange est un merveilleux parfum d&rsquo;ambiance, id\u00e9al pour une utilisation dans la maison. Son influence sur l&rsquo;humeur est positive et joyeuse; <\/em><br \/>\n<em>elle harmonise les sentiments et \u00e9veille la cr\u00e9ativit\u00e9\u00a0\u00bb.<\/em><br \/>\n\u223cSuzanne Fischer-Rizzi, <strong>Complete Aromatherapy Handbook<\/strong><\/p>\n<p style=\"text-align: center;\"><em>\u00ab\u00a0La jeune fille se tenait \u00e0 c\u00f4t\u00e9 de moi. Je n&rsquo;ai pas vu ce que ses jeunes yeux pouvaient voir:<br \/>\n&#8211; Une lumi\u00e8re, disait-elle, qui ne vient pas du ciel, mais qui vit quelque part dans l&rsquo;oranger.\u00a0\u00bb <\/em><br \/>\n<em>\u223cJohn Shaw Neilson <\/em><\/p>\n<div class=\"video video-fit mb\" style=\"padding-top:56.25%;\"><p><iframe title=\"Essential Oils: Bergamot, Blood Orange, Benzoin, Cypress &amp; Black Pepper\" width=\"1020\" height=\"574\" src=\"https:\/\/www.youtube.com\/embed\/s0wlOW9klgg?feature=oembed\" frameborder=\"0\" allow=\"accelerometer; autoplay; encrypted-media; gyroscope; picture-in-picture\" allowfullscreen><\/iframe><\/p>\n<\/div>\n<p><img fetchpriority=\"high\" decoding=\"async\" class=\"aligncenter size-full wp-image-31577\" src=\"https:\/\/dutchhealthstore.com\/wp-content\/uploads\/2018\/03\/organic_big.png\" alt=\"Organic and Natural - Living Libations\" width=\"623\" height=\"103\" srcset=\"https:\/\/dutchhealthstore.com\/wp-content\/uploads\/2018\/03\/organic_big.png 623w, https:\/\/dutchhealthstore.com\/wp-content\/uploads\/2018\/03\/organic_big-510x84.png 510w, https:\/\/dutchhealthstore.com\/wp-content\/uploads\/2018\/03\/organic_big-600x99.png 600w, https:\/\/dutchhealthstore.com\/wp-content\/uploads\/2018\/03\/organic_big-350x58.png 350w\" sizes=\"(max-width: 623px) 100vw, 623px\" \/><\/p>\n","protected":false},"excerpt":{"rendered":"<p>Living Libations <strong>Blood Orange Essential Oil<\/strong> est un pur plaisir pour le corps et l&rsquo;esprit! Son ar\u00f4me doux \u00e9voque des images de jus d&rsquo;orange frais et succulent.<\/p>\n","protected":false},"featured_media":27704,"comment_status":"open","ping_status":"closed","template":"","meta":[],"product_brand":[],"product_cat":[1507,6734,1211,1209,3757,1010,6733],"product_tag":[4495],"class_list":{"0":"post-122870","1":"product","2":"type-product","3":"status-publish","4":"has-post-thumbnail","6":"product_cat-plantes-huiles-essentielles-living-libations","7":"product_cat-essential-oils","8":"product_cat-living-libations-france","9":"product_cat-par-marques","10":"product_cat-plantes-huiles-essentielles","11":"product_cat-notre-boutique","12":"product_cat-wellness-fr-2","13":"product_tag-essential-oil-fr","14":"pa_brand-livinglibations-fr","15":"pa_essential-oils-product-type-essential-oils-fr","16":"pa_size-5-ml-fr","17":"pa_size-15-ml-fr","18":"pa_size-30-ml-fr","20":"first","21":"instock","22":"taxable","23":"shipping-taxable","24":"purchasable","25":"product-type-variable"},"bundled_by":[],"bundle_stock_status":"instock","bundle_stock_quantity":null,"bundle_virtual":false,"bundle_layout":"","bundle_add_to_cart_form_location":"","bundle_editable_in_cart":false,"bundle_sold_individually_context":"","bundle_item_grouping":"","bundle_min_size":"","bundle_max_size":"","bundle_price":[],"bundled_items":[],"bundle_sell_ids":[],"atum_controlled":true,"out_stock_date":null,"out_stock_threshold":null,"inheritable":true,"stock_on_hold":0,"sold_today":0,"sales_last_days":0,"out_stock_days":0,"lost_sales":0,"update_date":"2026-04-09T11:39:57","atum_locations":[],"atum_stock_status":"instock","restock_status":false,"low_stock_amount":"","sales_update_date":"2026-04-09T11:39:57","calc_backorders":null,"group_of_quantity":0,"min_quantity":0,"max_quantity":"","exclude_order_quantity_value_rules":"no","exclude_category_quantity_rules":"no","combine_variations":"no","yoast_head":"<!-- This site is optimized with the Yoast SEO Premium plugin v26.5 (Yoast SEO v26.5) - https:\/\/yoast.com\/wordpress\/plugins\/seo\/ -->\n<title>Orange, Blood Essential Oil | Living Libations<\/title>\n<meta name=\"description\" content=\"Living Libations Blood Orange Essential Oil est un pur plaisir pour le corps et l&#039;esprit! Son ar\u00f4me doux \u00e9voque des images de jus d&#039;orange frais et succulent.\" \/>\n<meta name=\"robots\" content=\"index, follow, max-snippet:-1, max-image-preview:large, max-video-preview:-1\" \/>\n<link rel=\"canonical\" href=\"https:\/\/dutchhealthstore.com\/fr\/product\/orange-blood-essential-oil\/\" \/>\n<meta property=\"og:locale\" content=\"fr_FR\" \/>\n<meta property=\"og:type\" content=\"article\" \/>\n<meta property=\"og:title\" content=\"Orange, Blood Essential Oil - Dutch Health Store\" \/>\n<meta property=\"og:description\" content=\"Living Libations Blood Orange Essential Oil est un pur plaisir pour le corps et l&#039;esprit! Son ar\u00f4me doux \u00e9voque des images de jus d&#039;orange frais et succulent.\" \/>\n<meta property=\"og:url\" content=\"https:\/\/dutchhealthstore.com\/fr\/product\/orange-blood-essential-oil\/\" \/>\n<meta property=\"og:site_name\" content=\"Dutch Health Store\" \/>\n<meta property=\"article:publisher\" content=\"https:\/\/www.instagram.com\/dutchhealthstore\/\" \/>\n<meta property=\"article:modified_time\" content=\"2025-11-23T12:09:33+00:00\" \/>\n<meta property=\"og:image\" content=\"https:\/\/dutchhealthstore.com\/wp-content\/uploads\/2018\/02\/Living_Libations_Orange_Blood_Essential-Oil.jpg\" \/>\n\t<meta property=\"og:image:width\" content=\"500\" \/>\n\t<meta property=\"og:image:height\" content=\"500\" \/>\n\t<meta property=\"og:image:type\" content=\"image\/jpeg\" \/>\n<meta name=\"twitter:card\" content=\"summary_large_image\" \/>\n<meta name=\"twitter:label1\" content=\"Disponibilit\u00e9\" \/>\n\t<meta name=\"twitter:data1\" content=\"En stock\" \/>\n<script type=\"application\/ld+json\" class=\"yoast-schema-graph\">{\"@context\":\"https:\/\/schema.org\",\"@graph\":[{\"@type\":\"WebPage\",\"@id\":\"https:\/\/dutchhealthstore.com\/fr\/product\/orange-blood-essential-oil\/\",\"url\":\"https:\/\/dutchhealthstore.com\/fr\/product\/orange-blood-essential-oil\/\",\"name\":\"Orange, Blood Essential Oil | Living Libations\",\"isPartOf\":{\"@id\":\"https:\/\/dutchhealthstore.com\/fr\/#website\"},\"primaryImageOfPage\":{\"@id\":\"https:\/\/dutchhealthstore.com\/fr\/product\/orange-blood-essential-oil\/#primaryimage\"},\"image\":{\"@id\":\"https:\/\/dutchhealthstore.com\/fr\/product\/orange-blood-essential-oil\/#primaryimage\"},\"thumbnailUrl\":\"https:\/\/dutchhealthstore.com\/wp-content\/uploads\/2018\/02\/Living_Libations_Orange_Blood_Essential-Oil.jpg\",\"datePublished\":\"2018-02-10T18:50:52+00:00\",\"dateModified\":\"2025-11-23T12:09:33+00:00\",\"description\":\"Living Libations Blood Orange Essential Oil est un pur plaisir pour le corps et l'esprit! Son ar\u00f4me doux \u00e9voque des images de jus d'orange frais et succulent.\",\"breadcrumb\":{\"@id\":\"https:\/\/dutchhealthstore.com\/fr\/product\/orange-blood-essential-oil\/#breadcrumb\"},\"inLanguage\":\"fr-FR\",\"potentialAction\":[{\"@type\":\"ReadAction\",\"target\":[\"https:\/\/dutchhealthstore.com\/fr\/product\/orange-blood-essential-oil\/\"]}]},{\"@type\":\"ImageObject\",\"inLanguage\":\"fr-FR\",\"@id\":\"https:\/\/dutchhealthstore.com\/fr\/product\/orange-blood-essential-oil\/#primaryimage\",\"url\":\"https:\/\/dutchhealthstore.com\/wp-content\/uploads\/2018\/02\/Living_Libations_Orange_Blood_Essential-Oil.jpg\",\"contentUrl\":\"https:\/\/dutchhealthstore.com\/wp-content\/uploads\/2018\/02\/Living_Libations_Orange_Blood_Essential-Oil.jpg\",\"width\":500,\"height\":500},{\"@type\":\"BreadcrumbList\",\"@id\":\"https:\/\/dutchhealthstore.com\/fr\/product\/orange-blood-essential-oil\/#breadcrumb\",\"itemListElement\":[{\"@type\":\"ListItem\",\"position\":1,\"name\":\"Home\",\"item\":\"https:\/\/dutchhealthstore.com\/fr\/\"},{\"@type\":\"ListItem\",\"position\":2,\"name\":\"Shop\",\"item\":\"https:\/\/dutchhealthstore.com\/fr\/shop\/\"},{\"@type\":\"ListItem\",\"position\":3,\"name\":\"Orange, Blood Essential Oil\"}]},{\"@type\":\"WebSite\",\"@id\":\"https:\/\/dutchhealthstore.com\/fr\/#website\",\"url\":\"https:\/\/dutchhealthstore.com\/fr\/\",\"name\":\"Dutch Health Store\",\"description\":\"Enhance Your Beauty with Organic &amp; Natural Skincare\",\"publisher\":{\"@id\":\"https:\/\/dutchhealthstore.com\/fr\/#organization\"},\"potentialAction\":[{\"@type\":\"SearchAction\",\"target\":{\"@type\":\"EntryPoint\",\"urlTemplate\":\"https:\/\/dutchhealthstore.com\/fr\/?s={search_term_string}\"},\"query-input\":{\"@type\":\"PropertyValueSpecification\",\"valueRequired\":true,\"valueName\":\"search_term_string\"}}],\"inLanguage\":\"fr-FR\"},{\"@type\":\"Organization\",\"@id\":\"https:\/\/dutchhealthstore.com\/fr\/#organization\",\"name\":\"Dutch Health Store\",\"url\":\"https:\/\/dutchhealthstore.com\/fr\/\",\"logo\":{\"@type\":\"ImageObject\",\"inLanguage\":\"fr-FR\",\"@id\":\"https:\/\/dutchhealthstore.com\/fr\/#\/schema\/logo\/image\/\",\"url\":\"https:\/\/dutchhealthstore.com\/wp-content\/uploads\/2020\/08\/logo-dutchhealthstore-jpg-e1599484957574.jpg\",\"contentUrl\":\"https:\/\/dutchhealthstore.com\/wp-content\/uploads\/2020\/08\/logo-dutchhealthstore-jpg-e1599484957574.jpg\",\"width\":400,\"height\":62,\"caption\":\"Dutch Health Store\"},\"image\":{\"@id\":\"https:\/\/dutchhealthstore.com\/fr\/#\/schema\/logo\/image\/\"},\"sameAs\":[\"https:\/\/www.instagram.com\/dutchhealthstore\/\",\"https:\/\/www.facebook.com\/dutchhealthstore\"]}]}<\/script>\n<meta property=\"product:brand\" content=\"Living Libations\" \/>\n<meta property=\"og:availability\" content=\"instock\" \/>\n<meta property=\"product:availability\" content=\"instock\" \/>\n<meta property=\"product:condition\" content=\"new\" \/>\n<!-- \/ Yoast SEO Premium plugin. -->","yoast_head_json":{"title":"Orange, Blood Essential Oil | Living Libations","description":"Living Libations Blood Orange Essential Oil est un pur plaisir pour le corps et l'esprit! Son ar\u00f4me doux \u00e9voque des images de jus d'orange frais et succulent.","robots":{"index":"index","follow":"follow","max-snippet":"max-snippet:-1","max-image-preview":"max-image-preview:large","max-video-preview":"max-video-preview:-1"},"canonical":"https:\/\/dutchhealthstore.com\/fr\/product\/orange-blood-essential-oil\/","og_locale":"fr_FR","og_type":"article","og_title":"Orange, Blood Essential Oil - Dutch Health Store","og_description":"Living Libations Blood Orange Essential Oil est un pur plaisir pour le corps et l'esprit! Son ar\u00f4me doux \u00e9voque des images de jus d'orange frais et succulent.","og_url":"https:\/\/dutchhealthstore.com\/fr\/product\/orange-blood-essential-oil\/","og_site_name":"Dutch Health Store","article_publisher":"https:\/\/www.instagram.com\/dutchhealthstore\/","article_modified_time":"2025-11-23T12:09:33+00:00","og_image":[{"width":500,"height":500,"url":"https:\/\/dutchhealthstore.com\/wp-content\/uploads\/2018\/02\/Living_Libations_Orange_Blood_Essential-Oil.jpg","type":"image\/jpeg"}],"twitter_card":"summary_large_image","twitter_misc":{"Disponibilit\u00e9":"En stock"},"schema":{"@context":"https:\/\/schema.org","@graph":[{"@type":"WebPage","@id":"https:\/\/dutchhealthstore.com\/fr\/product\/orange-blood-essential-oil\/","url":"https:\/\/dutchhealthstore.com\/fr\/product\/orange-blood-essential-oil\/","name":"Orange, Blood Essential Oil | Living Libations","isPartOf":{"@id":"https:\/\/dutchhealthstore.com\/fr\/#website"},"primaryImageOfPage":{"@id":"https:\/\/dutchhealthstore.com\/fr\/product\/orange-blood-essential-oil\/#primaryimage"},"image":{"@id":"https:\/\/dutchhealthstore.com\/fr\/product\/orange-blood-essential-oil\/#primaryimage"},"thumbnailUrl":"https:\/\/dutchhealthstore.com\/wp-content\/uploads\/2018\/02\/Living_Libations_Orange_Blood_Essential-Oil.jpg","datePublished":"2018-02-10T18:50:52+00:00","dateModified":"2025-11-23T12:09:33+00:00","description":"Living Libations Blood Orange Essential Oil est un pur plaisir pour le corps et l'esprit! Son ar\u00f4me doux \u00e9voque des images de jus d'orange frais et succulent.","breadcrumb":{"@id":"https:\/\/dutchhealthstore.com\/fr\/product\/orange-blood-essential-oil\/#breadcrumb"},"inLanguage":"fr-FR","potentialAction":[{"@type":"ReadAction","target":["https:\/\/dutchhealthstore.com\/fr\/product\/orange-blood-essential-oil\/"]}]},{"@type":"ImageObject","inLanguage":"fr-FR","@id":"https:\/\/dutchhealthstore.com\/fr\/product\/orange-blood-essential-oil\/#primaryimage","url":"https:\/\/dutchhealthstore.com\/wp-content\/uploads\/2018\/02\/Living_Libations_Orange_Blood_Essential-Oil.jpg","contentUrl":"https:\/\/dutchhealthstore.com\/wp-content\/uploads\/2018\/02\/Living_Libations_Orange_Blood_Essential-Oil.jpg","width":500,"height":500},{"@type":"BreadcrumbList","@id":"https:\/\/dutchhealthstore.com\/fr\/product\/orange-blood-essential-oil\/#breadcrumb","itemListElement":[{"@type":"ListItem","position":1,"name":"Home","item":"https:\/\/dutchhealthstore.com\/fr\/"},{"@type":"ListItem","position":2,"name":"Shop","item":"https:\/\/dutchhealthstore.com\/fr\/shop\/"},{"@type":"ListItem","position":3,"name":"Orange, Blood Essential Oil"}]},{"@type":"WebSite","@id":"https:\/\/dutchhealthstore.com\/fr\/#website","url":"https:\/\/dutchhealthstore.com\/fr\/","name":"Dutch Health Store","description":"Enhance Your Beauty with Organic &amp; Natural Skincare","publisher":{"@id":"https:\/\/dutchhealthstore.com\/fr\/#organization"},"potentialAction":[{"@type":"SearchAction","target":{"@type":"EntryPoint","urlTemplate":"https:\/\/dutchhealthstore.com\/fr\/?s={search_term_string}"},"query-input":{"@type":"PropertyValueSpecification","valueRequired":true,"valueName":"search_term_string"}}],"inLanguage":"fr-FR"},{"@type":"Organization","@id":"https:\/\/dutchhealthstore.com\/fr\/#organization","name":"Dutch Health Store","url":"https:\/\/dutchhealthstore.com\/fr\/","logo":{"@type":"ImageObject","inLanguage":"fr-FR","@id":"https:\/\/dutchhealthstore.com\/fr\/#\/schema\/logo\/image\/","url":"https:\/\/dutchhealthstore.com\/wp-content\/uploads\/2020\/08\/logo-dutchhealthstore-jpg-e1599484957574.jpg","contentUrl":"https:\/\/dutchhealthstore.com\/wp-content\/uploads\/2020\/08\/logo-dutchhealthstore-jpg-e1599484957574.jpg","width":400,"height":62,"caption":"Dutch Health Store"},"image":{"@id":"https:\/\/dutchhealthstore.com\/fr\/#\/schema\/logo\/image\/"},"sameAs":["https:\/\/www.instagram.com\/dutchhealthstore\/","https:\/\/www.facebook.com\/dutchhealthstore"]}]},"product_brand":"Living Libations","og_availability":"instock","product_availability":"instock","product_condition":"new"},"_links":{"self":[{"href":"https:\/\/dutchhealthstore.com\/fr\/wp-json\/wp\/v2\/product\/122870","targetHints":{"allow":["GET"]}}],"collection":[{"href":"https:\/\/dutchhealthstore.com\/fr\/wp-json\/wp\/v2\/product"}],"about":[{"href":"https:\/\/dutchhealthstore.com\/fr\/wp-json\/wp\/v2\/types\/product"}],"replies":[{"embeddable":true,"href":"https:\/\/dutchhealthstore.com\/fr\/wp-json\/wp\/v2\/comments?post=122870"}],"wp:featuredmedia":[{"embeddable":true,"href":"https:\/\/dutchhealthstore.com\/fr\/wp-json\/wp\/v2\/media\/27704"}],"wp:attachment":[{"href":"https:\/\/dutchhealthstore.com\/fr\/wp-json\/wp\/v2\/media?parent=122870"}],"wp:term":[{"taxonomy":"product_brand","embeddable":true,"href":"https:\/\/dutchhealthstore.com\/fr\/wp-json\/wp\/v2\/product_brand?post=122870"},{"taxonomy":"product_cat","embeddable":true,"href":"https:\/\/dutchhealthstore.com\/fr\/wp-json\/wp\/v2\/product_cat?post=122870"},{"taxonomy":"product_tag","embeddable":true,"href":"https:\/\/dutchhealthstore.com\/fr\/wp-json\/wp\/v2\/product_tag?post=122870"}],"curies":[{"name":"wp","href":"https:\/\/api.w.org\/{rel}","templated":true}]}}