{"id":122859,"date":"2018-02-10T17:55:16","date_gmt":"2018-02-10T16:55:16","guid":{"rendered":"https:\/\/dutchhealthstore.com\/product\/red-raspberry-seed-oil-lavender\/"},"modified":"2026-01-22T10:42:26","modified_gmt":"2026-01-22T09:42:26","slug":"red-raspberry-seed-oil-lavender","status":"publish","type":"product","link":"https:\/\/dutchhealthstore.com\/fr\/product\/red-raspberry-seed-oil-lavender\/","title":{"rendered":"Red Raspberry Seed Carrier Oil"},"content":{"rendered":"<p><strong><img decoding=\"async\" class=\"size-full wp-image-69549 alignright\" src=\"https:\/\/dutchhealthstore.com\/wp-content\/uploads\/2019\/08\/NEW-Living-Libations-Logo.jpg\" alt=\"NEW - Living Libations - Logo\" width=\"175\" height=\"82\">Nom botanique:<\/strong> Rubus idaeus<br \/>\n<strong>Famille botanique:<\/strong> Rosaceae<br \/>\n<strong>M\u00e9thode d&rsquo;extraction:<\/strong> Press\u00e9 \u00e0 froid<br \/>\n<strong>Partie de la plante distill\u00e9e:<\/strong> Graines<br \/>\n<strong>Pays d&rsquo;origine:<\/strong> \u00c9tats-Unis<br \/>\n<strong>M\u00e9thode de culture:<\/strong> Organique<br \/>\n<strong>Composition:<\/strong> 95% Rubus idaeus + 5% Lavandula angustifolia<br \/>\n<strong>Consistance:<\/strong> Moyenne<\/p>\n<h3>Description de l&rsquo;odeur<\/h3>\n<p>L\u00e9ger et adorable, avec un heureux soup\u00e7on de lavande.<\/p>\n<h3>Dans Living Libations<\/h3>\n<p>Everybody Loves the Sunshine<\/p>\n<h3>Se marie bien avec<\/h3>\n<p>Rose Otto, encens, lavande, thym doux, palmarosa, myrrhe, fragonia, n\u00e9roli et sauge sclar\u00e9e.<\/p>\n<h3>Utilisations<\/h3>\n<p>Hydrate la peau. Nous utilisons cette huile dans nos formules Everybody Loves the Sunshine pour sa l\u00e9g\u00e8ret\u00e9 lors des journ\u00e9es au soleil. Il est super apaisant pour la peau, r\u00e9duisant notamment l&rsquo;apparence d&rsquo;une texture in\u00e9gale, des cicatrices, des rougeurs et des imperfections.<\/p>\n<h3>Constituants<\/h3>\n<p>Acides gras essentiels (acides linol\u00e9ique, alpha-linol\u00e9nique et ol\u00e9ique), vitamine A, carot\u00e9no\u00efdes, tocoph\u00e9rols et tocotri\u00e9nols.<\/p>\n<p>Selon une \u00e9tude de laboratoire r\u00e9alis\u00e9e par David Oomah, Red Raspberry Seed Oil pourrait avoir une utilit\u00e9 potentielle en tant que plante \u00e0 large spectre pour l&rsquo;harmonisation soleil-peau. Bien que les huiles v\u00e9g\u00e9tales offrent des qualit\u00e9s d&rsquo;harmonisation de notre peau aux rayons du soleil, testez toujours ce qui convient le mieux \u00e0 votre peau et \u00e0 votre temps d&rsquo;exposition au soleil, car les niveaux de peau et de m\u00e9lanine varient.<\/p>\n<p><strong>Taille: 15 ml et 30 ml<\/strong><\/p>\n<h3>Ingr\u00e9dients Biologiques<\/h3>\n<p>95% Rubus idaeus + 5% huile de support Lavandula angustifolia.<\/p>\n<p><img fetchpriority=\"high\" decoding=\"async\" class=\"size-medium wp-image-68103 aligncenter\" src=\"https:\/\/dutchhealthstore.com\/wp-content\/uploads\/2018\/02\/Living-Libations-Organic-Logo-800x89.png\" alt=\"Living Libations - Organic Logo\" width=\"800\" height=\"89\" srcset=\"https:\/\/dutchhealthstore.com\/wp-content\/uploads\/2018\/02\/Living-Libations-Organic-Logo-800x89.png 800w, https:\/\/dutchhealthstore.com\/wp-content\/uploads\/2018\/02\/Living-Libations-Organic-Logo-510x57.png 510w, https:\/\/dutchhealthstore.com\/wp-content\/uploads\/2018\/02\/Living-Libations-Organic-Logo-768x85.png 768w, https:\/\/dutchhealthstore.com\/wp-content\/uploads\/2018\/02\/Living-Libations-Organic-Logo.png 1400w\" sizes=\"(max-width: 800px) 100vw, 800px\" \/><\/p>\n","protected":false},"excerpt":{"rendered":"<p><strong>Red Raspberry Seed Oil<\/strong> ravissante est un agr\u00e9able parasol au soleil pr\u00eat \u00e0 b\u00e9nir la peau avec une magie hydratante. Il est agr\u00e9able \u00e0 utiliser \u00e0 l&rsquo;ext\u00e9rieur, notamment pour les jeux de la mi-journ\u00e9e. Nous avons ajout\u00e9 une touche d&rsquo;huile essentielle de lavande pour pr\u00e9server la stabilit\u00e9 et la fra\u00eecheur.<\/p>\n","protected":false},"featured_media":114053,"comment_status":"open","ping_status":"closed","template":"","meta":[],"product_brand":[],"product_cat":[1507,6734,3755,1211,1209,1010,6733],"product_tag":[8910,4495],"class_list":{"0":"post-122859","1":"product","2":"type-product","3":"status-publish","4":"has-post-thumbnail","6":"product_cat-plantes-huiles-essentielles-living-libations","7":"product_cat-essential-oils","8":"product_cat-huiles-vegetales","9":"product_cat-living-libations-france","10":"product_cat-par-marques","11":"product_cat-notre-boutique","12":"product_cat-wellness-fr-2","13":"product_tag-carrier-oil-fr","14":"product_tag-essential-oil-fr","15":"pa_brand-livinglibations-fr","16":"pa_essential-oils-product-type-carrier-oils-fr","17":"pa_essential-oils-product-type-essential-oils-fr","18":"pa_size-15-ml-fr","19":"pa_size-30-ml-fr","21":"first","22":"instock","23":"taxable","24":"shipping-taxable","25":"purchasable","26":"product-type-variable"},"bundled_by":[],"bundle_stock_status":"instock","bundle_stock_quantity":null,"bundle_virtual":false,"bundle_layout":"","bundle_add_to_cart_form_location":"","bundle_editable_in_cart":false,"bundle_sold_individually_context":"","bundle_item_grouping":"","bundle_min_size":"","bundle_max_size":"","bundle_price":[],"bundled_items":[],"bundle_sell_ids":[],"atum_controlled":true,"out_stock_date":null,"out_stock_threshold":null,"inheritable":true,"stock_on_hold":0,"sold_today":0,"sales_last_days":0,"out_stock_days":0,"lost_sales":0,"update_date":"2026-04-13T00:03:19","atum_locations":[],"atum_stock_status":"instock","restock_status":false,"low_stock_amount":"","sales_update_date":"2026-04-13T00:03:19","calc_backorders":null,"group_of_quantity":0,"min_quantity":0,"max_quantity":"","exclude_order_quantity_value_rules":"no","exclude_category_quantity_rules":"no","combine_variations":"no","yoast_head":"<!-- This site is optimized with the Yoast SEO Premium plugin v26.5 (Yoast SEO v26.5) - https:\/\/yoast.com\/wordpress\/plugins\/seo\/ -->\n<title>Red Raspberry Seed Carrier Oil | Living Libations<\/title>\n<meta name=\"description\" content=\"Il est agr\u00e9able \u00e0 utiliser \u00e0 l&#039;ext\u00e9rieur, notamment pour les jeux de la mi-journ\u00e9e. Nous avons ajout\u00e9 une touche d&#039;huile essentielle de lavande pour pr\u00e9server la stabilit\u00e9 et la fra\u00eecheur.\" \/>\n<meta name=\"robots\" content=\"index, follow, max-snippet:-1, max-image-preview:large, max-video-preview:-1\" \/>\n<link rel=\"canonical\" href=\"https:\/\/dutchhealthstore.com\/fr\/product\/red-raspberry-seed-oil-lavender\/\" \/>\n<meta property=\"og:locale\" content=\"fr_FR\" \/>\n<meta property=\"og:type\" content=\"article\" \/>\n<meta property=\"og:title\" content=\"Red Raspberry Seed Carrier Oil - Dutch Health Store\" \/>\n<meta property=\"og:description\" content=\"Il est agr\u00e9able \u00e0 utiliser \u00e0 l&#039;ext\u00e9rieur, notamment pour les jeux de la mi-journ\u00e9e. Nous avons ajout\u00e9 une touche d&#039;huile essentielle de lavande pour pr\u00e9server la stabilit\u00e9 et la fra\u00eecheur.\" \/>\n<meta property=\"og:url\" content=\"https:\/\/dutchhealthstore.com\/fr\/product\/red-raspberry-seed-oil-lavender\/\" \/>\n<meta property=\"og:site_name\" content=\"Dutch Health Store\" \/>\n<meta property=\"article:publisher\" content=\"https:\/\/www.instagram.com\/dutchhealthstore\/\" \/>\n<meta property=\"article:modified_time\" content=\"2026-01-22T09:42:26+00:00\" \/>\n<meta property=\"og:image\" content=\"https:\/\/dutchhealthstore.com\/wp-content\/uploads\/2018\/02\/Living-Libations-Red-Raspberry-Seed-Carrier-Oil-e1594893373574.jpg\" \/>\n\t<meta property=\"og:image:width\" content=\"500\" \/>\n\t<meta property=\"og:image:height\" content=\"500\" \/>\n\t<meta property=\"og:image:type\" content=\"image\/jpeg\" \/>\n<meta name=\"twitter:card\" content=\"summary_large_image\" \/>\n<meta name=\"twitter:label1\" content=\"Disponibilit\u00e9\" \/>\n\t<meta name=\"twitter:data1\" content=\"En stock\" \/>\n<script type=\"application\/ld+json\" class=\"yoast-schema-graph\">{\"@context\":\"https:\/\/schema.org\",\"@graph\":[{\"@type\":\"WebPage\",\"@id\":\"https:\/\/dutchhealthstore.com\/fr\/product\/red-raspberry-seed-oil-lavender\/\",\"url\":\"https:\/\/dutchhealthstore.com\/fr\/product\/red-raspberry-seed-oil-lavender\/\",\"name\":\"Red Raspberry Seed Carrier Oil | Living Libations\",\"isPartOf\":{\"@id\":\"https:\/\/dutchhealthstore.com\/fr\/#website\"},\"primaryImageOfPage\":{\"@id\":\"https:\/\/dutchhealthstore.com\/fr\/product\/red-raspberry-seed-oil-lavender\/#primaryimage\"},\"image\":{\"@id\":\"https:\/\/dutchhealthstore.com\/fr\/product\/red-raspberry-seed-oil-lavender\/#primaryimage\"},\"thumbnailUrl\":\"https:\/\/dutchhealthstore.com\/wp-content\/uploads\/2018\/02\/Living-Libations-Red-Raspberry-Seed-Carrier-Oil-e1594893373574.jpg\",\"datePublished\":\"2018-02-10T16:55:16+00:00\",\"dateModified\":\"2026-01-22T09:42:26+00:00\",\"description\":\"Il est agr\u00e9able \u00e0 utiliser \u00e0 l'ext\u00e9rieur, notamment pour les jeux de la mi-journ\u00e9e. Nous avons ajout\u00e9 une touche d'huile essentielle de lavande pour pr\u00e9server la stabilit\u00e9 et la fra\u00eecheur.\",\"breadcrumb\":{\"@id\":\"https:\/\/dutchhealthstore.com\/fr\/product\/red-raspberry-seed-oil-lavender\/#breadcrumb\"},\"inLanguage\":\"fr-FR\",\"potentialAction\":[{\"@type\":\"ReadAction\",\"target\":[\"https:\/\/dutchhealthstore.com\/fr\/product\/red-raspberry-seed-oil-lavender\/\"]}]},{\"@type\":\"ImageObject\",\"inLanguage\":\"fr-FR\",\"@id\":\"https:\/\/dutchhealthstore.com\/fr\/product\/red-raspberry-seed-oil-lavender\/#primaryimage\",\"url\":\"https:\/\/dutchhealthstore.com\/wp-content\/uploads\/2018\/02\/Living-Libations-Red-Raspberry-Seed-Carrier-Oil-e1594893373574.jpg\",\"contentUrl\":\"https:\/\/dutchhealthstore.com\/wp-content\/uploads\/2018\/02\/Living-Libations-Red-Raspberry-Seed-Carrier-Oil-e1594893373574.jpg\",\"width\":500,\"height\":500,\"caption\":\"Living Libations Red Raspberry Seed Carrier Oil\"},{\"@type\":\"BreadcrumbList\",\"@id\":\"https:\/\/dutchhealthstore.com\/fr\/product\/red-raspberry-seed-oil-lavender\/#breadcrumb\",\"itemListElement\":[{\"@type\":\"ListItem\",\"position\":1,\"name\":\"Home\",\"item\":\"https:\/\/dutchhealthstore.com\/fr\/\"},{\"@type\":\"ListItem\",\"position\":2,\"name\":\"Shop\",\"item\":\"https:\/\/dutchhealthstore.com\/fr\/shop\/\"},{\"@type\":\"ListItem\",\"position\":3,\"name\":\"Red Raspberry Seed Carrier Oil\"}]},{\"@type\":\"WebSite\",\"@id\":\"https:\/\/dutchhealthstore.com\/fr\/#website\",\"url\":\"https:\/\/dutchhealthstore.com\/fr\/\",\"name\":\"Dutch Health Store\",\"description\":\"Enhance Your Beauty with Organic &amp; Natural Skincare\",\"publisher\":{\"@id\":\"https:\/\/dutchhealthstore.com\/fr\/#organization\"},\"potentialAction\":[{\"@type\":\"SearchAction\",\"target\":{\"@type\":\"EntryPoint\",\"urlTemplate\":\"https:\/\/dutchhealthstore.com\/fr\/?s={search_term_string}\"},\"query-input\":{\"@type\":\"PropertyValueSpecification\",\"valueRequired\":true,\"valueName\":\"search_term_string\"}}],\"inLanguage\":\"fr-FR\"},{\"@type\":\"Organization\",\"@id\":\"https:\/\/dutchhealthstore.com\/fr\/#organization\",\"name\":\"Dutch Health Store\",\"url\":\"https:\/\/dutchhealthstore.com\/fr\/\",\"logo\":{\"@type\":\"ImageObject\",\"inLanguage\":\"fr-FR\",\"@id\":\"https:\/\/dutchhealthstore.com\/fr\/#\/schema\/logo\/image\/\",\"url\":\"https:\/\/dutchhealthstore.com\/wp-content\/uploads\/2020\/08\/logo-dutchhealthstore-jpg-e1599484957574.jpg\",\"contentUrl\":\"https:\/\/dutchhealthstore.com\/wp-content\/uploads\/2020\/08\/logo-dutchhealthstore-jpg-e1599484957574.jpg\",\"width\":400,\"height\":62,\"caption\":\"Dutch Health Store\"},\"image\":{\"@id\":\"https:\/\/dutchhealthstore.com\/fr\/#\/schema\/logo\/image\/\"},\"sameAs\":[\"https:\/\/www.instagram.com\/dutchhealthstore\/\",\"https:\/\/www.facebook.com\/dutchhealthstore\"]}]}<\/script>\n<meta property=\"product:brand\" content=\"Living Libations\" \/>\n<meta property=\"og:availability\" content=\"instock\" \/>\n<meta property=\"product:availability\" content=\"instock\" \/>\n<meta property=\"product:condition\" content=\"new\" \/>\n<!-- \/ Yoast SEO Premium plugin. -->","yoast_head_json":{"title":"Red Raspberry Seed Carrier Oil | Living Libations","description":"Il est agr\u00e9able \u00e0 utiliser \u00e0 l'ext\u00e9rieur, notamment pour les jeux de la mi-journ\u00e9e. Nous avons ajout\u00e9 une touche d'huile essentielle de lavande pour pr\u00e9server la stabilit\u00e9 et la fra\u00eecheur.","robots":{"index":"index","follow":"follow","max-snippet":"max-snippet:-1","max-image-preview":"max-image-preview:large","max-video-preview":"max-video-preview:-1"},"canonical":"https:\/\/dutchhealthstore.com\/fr\/product\/red-raspberry-seed-oil-lavender\/","og_locale":"fr_FR","og_type":"article","og_title":"Red Raspberry Seed Carrier Oil - Dutch Health Store","og_description":"Il est agr\u00e9able \u00e0 utiliser \u00e0 l'ext\u00e9rieur, notamment pour les jeux de la mi-journ\u00e9e. Nous avons ajout\u00e9 une touche d'huile essentielle de lavande pour pr\u00e9server la stabilit\u00e9 et la fra\u00eecheur.","og_url":"https:\/\/dutchhealthstore.com\/fr\/product\/red-raspberry-seed-oil-lavender\/","og_site_name":"Dutch Health Store","article_publisher":"https:\/\/www.instagram.com\/dutchhealthstore\/","article_modified_time":"2026-01-22T09:42:26+00:00","og_image":[{"width":500,"height":500,"url":"https:\/\/dutchhealthstore.com\/wp-content\/uploads\/2018\/02\/Living-Libations-Red-Raspberry-Seed-Carrier-Oil-e1594893373574.jpg","type":"image\/jpeg"}],"twitter_card":"summary_large_image","twitter_misc":{"Disponibilit\u00e9":"En stock"},"schema":{"@context":"https:\/\/schema.org","@graph":[{"@type":"WebPage","@id":"https:\/\/dutchhealthstore.com\/fr\/product\/red-raspberry-seed-oil-lavender\/","url":"https:\/\/dutchhealthstore.com\/fr\/product\/red-raspberry-seed-oil-lavender\/","name":"Red Raspberry Seed Carrier Oil | Living Libations","isPartOf":{"@id":"https:\/\/dutchhealthstore.com\/fr\/#website"},"primaryImageOfPage":{"@id":"https:\/\/dutchhealthstore.com\/fr\/product\/red-raspberry-seed-oil-lavender\/#primaryimage"},"image":{"@id":"https:\/\/dutchhealthstore.com\/fr\/product\/red-raspberry-seed-oil-lavender\/#primaryimage"},"thumbnailUrl":"https:\/\/dutchhealthstore.com\/wp-content\/uploads\/2018\/02\/Living-Libations-Red-Raspberry-Seed-Carrier-Oil-e1594893373574.jpg","datePublished":"2018-02-10T16:55:16+00:00","dateModified":"2026-01-22T09:42:26+00:00","description":"Il est agr\u00e9able \u00e0 utiliser \u00e0 l'ext\u00e9rieur, notamment pour les jeux de la mi-journ\u00e9e. Nous avons ajout\u00e9 une touche d'huile essentielle de lavande pour pr\u00e9server la stabilit\u00e9 et la fra\u00eecheur.","breadcrumb":{"@id":"https:\/\/dutchhealthstore.com\/fr\/product\/red-raspberry-seed-oil-lavender\/#breadcrumb"},"inLanguage":"fr-FR","potentialAction":[{"@type":"ReadAction","target":["https:\/\/dutchhealthstore.com\/fr\/product\/red-raspberry-seed-oil-lavender\/"]}]},{"@type":"ImageObject","inLanguage":"fr-FR","@id":"https:\/\/dutchhealthstore.com\/fr\/product\/red-raspberry-seed-oil-lavender\/#primaryimage","url":"https:\/\/dutchhealthstore.com\/wp-content\/uploads\/2018\/02\/Living-Libations-Red-Raspberry-Seed-Carrier-Oil-e1594893373574.jpg","contentUrl":"https:\/\/dutchhealthstore.com\/wp-content\/uploads\/2018\/02\/Living-Libations-Red-Raspberry-Seed-Carrier-Oil-e1594893373574.jpg","width":500,"height":500,"caption":"Living Libations Red Raspberry Seed Carrier Oil"},{"@type":"BreadcrumbList","@id":"https:\/\/dutchhealthstore.com\/fr\/product\/red-raspberry-seed-oil-lavender\/#breadcrumb","itemListElement":[{"@type":"ListItem","position":1,"name":"Home","item":"https:\/\/dutchhealthstore.com\/fr\/"},{"@type":"ListItem","position":2,"name":"Shop","item":"https:\/\/dutchhealthstore.com\/fr\/shop\/"},{"@type":"ListItem","position":3,"name":"Red Raspberry Seed Carrier Oil"}]},{"@type":"WebSite","@id":"https:\/\/dutchhealthstore.com\/fr\/#website","url":"https:\/\/dutchhealthstore.com\/fr\/","name":"Dutch Health Store","description":"Enhance Your Beauty with Organic &amp; Natural Skincare","publisher":{"@id":"https:\/\/dutchhealthstore.com\/fr\/#organization"},"potentialAction":[{"@type":"SearchAction","target":{"@type":"EntryPoint","urlTemplate":"https:\/\/dutchhealthstore.com\/fr\/?s={search_term_string}"},"query-input":{"@type":"PropertyValueSpecification","valueRequired":true,"valueName":"search_term_string"}}],"inLanguage":"fr-FR"},{"@type":"Organization","@id":"https:\/\/dutchhealthstore.com\/fr\/#organization","name":"Dutch Health Store","url":"https:\/\/dutchhealthstore.com\/fr\/","logo":{"@type":"ImageObject","inLanguage":"fr-FR","@id":"https:\/\/dutchhealthstore.com\/fr\/#\/schema\/logo\/image\/","url":"https:\/\/dutchhealthstore.com\/wp-content\/uploads\/2020\/08\/logo-dutchhealthstore-jpg-e1599484957574.jpg","contentUrl":"https:\/\/dutchhealthstore.com\/wp-content\/uploads\/2020\/08\/logo-dutchhealthstore-jpg-e1599484957574.jpg","width":400,"height":62,"caption":"Dutch Health Store"},"image":{"@id":"https:\/\/dutchhealthstore.com\/fr\/#\/schema\/logo\/image\/"},"sameAs":["https:\/\/www.instagram.com\/dutchhealthstore\/","https:\/\/www.facebook.com\/dutchhealthstore"]}]},"product_brand":"Living Libations","og_availability":"instock","product_availability":"instock","product_condition":"new"},"_links":{"self":[{"href":"https:\/\/dutchhealthstore.com\/fr\/wp-json\/wp\/v2\/product\/122859","targetHints":{"allow":["GET"]}}],"collection":[{"href":"https:\/\/dutchhealthstore.com\/fr\/wp-json\/wp\/v2\/product"}],"about":[{"href":"https:\/\/dutchhealthstore.com\/fr\/wp-json\/wp\/v2\/types\/product"}],"replies":[{"embeddable":true,"href":"https:\/\/dutchhealthstore.com\/fr\/wp-json\/wp\/v2\/comments?post=122859"}],"wp:featuredmedia":[{"embeddable":true,"href":"https:\/\/dutchhealthstore.com\/fr\/wp-json\/wp\/v2\/media\/114053"}],"wp:attachment":[{"href":"https:\/\/dutchhealthstore.com\/fr\/wp-json\/wp\/v2\/media?parent=122859"}],"wp:term":[{"taxonomy":"product_brand","embeddable":true,"href":"https:\/\/dutchhealthstore.com\/fr\/wp-json\/wp\/v2\/product_brand?post=122859"},{"taxonomy":"product_cat","embeddable":true,"href":"https:\/\/dutchhealthstore.com\/fr\/wp-json\/wp\/v2\/product_cat?post=122859"},{"taxonomy":"product_tag","embeddable":true,"href":"https:\/\/dutchhealthstore.com\/fr\/wp-json\/wp\/v2\/product_tag?post=122859"}],"curies":[{"name":"wp","href":"https:\/\/api.w.org\/{rel}","templated":true}]}}