{"id":122839,"date":"2018-02-10T20:59:04","date_gmt":"2018-02-10T19:59:04","guid":{"rendered":"https:\/\/dutchhealthstore.com\/product\/red-champa-absolute\/"},"modified":"2024-08-26T13:51:24","modified_gmt":"2024-08-26T11:51:24","slug":"red-champa-absolute","status":"publish","type":"product","link":"https:\/\/dutchhealthstore.com\/fr\/product\/red-champa-absolute\/","title":{"rendered":"Red Champa Absolute"},"content":{"rendered":"<p><strong><img decoding=\"async\" class=\"size-full wp-image-69549 alignright\" src=\"https:\/\/dutchhealthstore.kinsta.cloud\/wp-content\/uploads\/2019\/08\/NEW-Living-Libations-Logo.jpg\" alt=\"NEW - Living Libations - Logo\" width=\"175\" height=\"82\">Nom botanique:<\/strong> Michelia champaca<br \/>\n<strong>Famille botanique:<\/strong> Magnoliaceae<br \/>\n<strong>M\u00e9thode d&rsquo;extraction:<\/strong> Absolue<br \/>\n<strong>Partie de la plante distill\u00e9e:<\/strong> Fleurs<br \/>\n<strong>Pays d&rsquo;origine:<\/strong> Inde<br \/>\n<strong>M\u00e9thode de culture:<\/strong> Sauvage<br \/>\n<strong>Composition:<\/strong> Michelia champaca<br \/>\n<strong>Consistance:<\/strong> Viscosit\u00e9 moyenne<\/p>\n<h3>Description de l&rsquo;odeur<\/h3>\n<p>Des notes transformatrices et all\u00e9chantes d&rsquo;abricot, de baies, de melon frais, et un bouquet de foin floral qui rappelle une fleur \u00e9paisse et lourdement parfum\u00e9e.<\/p>\n<h3>Se marie bien avec<\/h3>\n<p>Jasmin, N\u00e9roli, Rose, V\u00e9tiver, Patchouli, Nard, Gardenia, Vanille, Citron, Bergamote et Pamplemousse.<\/p>\n<h3>Utilisations<\/h3>\n<p>J&rsquo;adore le liniment. Parfumerie. Diffusez-la ou baignez-vous dedans pour vous remonter le moral. Enduisez les poignets et les points d&rsquo;impulsion pour obtenir un parfum simple et sensuel qui fera se p\u00e2mer les autres.<\/p>\n<h3>Constituants<\/h3>\n<p>Comprend le linalol, le b\u00eata-caryophyll\u00e8ne, le m\u00e9thyl eug\u00e9nol et le b\u00eata-\u00e9lem\u00e8ne.<\/p>\n<p>&nbsp;<\/p>\n<p>Ces fleurs belles et audacieuses sont l&rsquo;ingr\u00e9dient cl\u00e9 de certains des parfums les plus chers et des \u00e9lixirs les plus exquis du monde. Les femmes indiennes, philippines et indon\u00e9siennes portent traditionnellement les fleurs de cette plante odorante dans le cadre de leur r\u00e9gime de beaut\u00e9. L&rsquo;absolue de Champa est un chef-d&rsquo;\u0153uvre aromatique dont la profondeur du bouquet est luxueuse.<\/p>\n<p>En Inde, les fleurs de Champak rouge sont dispos\u00e9es dans les portes, sur les rebords et \u00e0 l&rsquo;entr\u00e9e des b\u00e2timents afin que tous ceux qui passent devant puissent \u00eatre transport\u00e9s par leur fabuleux parfum floral. Consid\u00e9r\u00e9e comme sacr\u00e9e en Inde, l&rsquo;huile des bourgeons de Champa \u00e9tait un ingr\u00e9dient cl\u00e9 de Joy, la cr\u00e9ation aromatique du g\u00e9ant de la mode des ann\u00e9es 30, Jean Patou. C&rsquo;est l&rsquo;inclusion de fleurs de Champa rouge dans ce c\u00e9l\u00e8bre parfum qui en a fait le plus cher et le plus \u00e9l\u00e9gant du monde \u00e0 l&rsquo;\u00e9poque.<\/p>\n<p>La fantaisie florale et audacieuse de l&rsquo;huile Red Champa (alias Champaca et Champak) est utilis\u00e9e depuis des mill\u00e9naires pour parer les femmes qui attendent leurs amants. L&rsquo;envo\u00fbtant et sulfureux bouquet de melon et de musc beurr\u00e9 en fait une offre rare. Apparent\u00e9 \u00e0 la famille des magnolias, le Michelia champaka offre des fleurs jaunes, blanches et orange rouge\u00e2tre magnifiquement parfum\u00e9es qui \u00e9mergent de feuilles vertes brillantes pendant le printemps indien mystique. L&rsquo;essence est principalement utilis\u00e9e pour cr\u00e9er des parfums romantiques, qui servent d&rsquo;aphrodisiaques amoureux. Cet absolu audacieux vous oint d&rsquo;un ar\u00f4me transformateur et envo\u00fbtant de s\u00e9rum de s\u00e9duction pur et puissant.<\/p>\n<p>Sur le plan spirituel et \u00e9motionnel, Red Champa Absolute rouge est un accompagnateur merveilleux pendant la m\u00e9ditation et les p\u00e9riodes de deuil. On dit qu&rsquo;il remonte le moral et inspire un sentiment de joie et d&rsquo;euphorie. La capacit\u00e9 de cette huile \u00e0 approfondir la respiration et \u00e0 \u00e9largir nos \u00e9tats r\u00e9ceptifs peut renforcer les profondeurs de votre pratique de la m\u00e9ditation et votre \u00e9tat de f\u00e9licit\u00e9 d\u00e9tendu.<\/p>\n<p style=\"text-align: center;\"><em>\u00ab\u00a0Le Champaca est originaire des Philippines et de l&rsquo;Indon\u00e9sie. Dans les coutumes traditionnelles, les femmes portent les fleurs dans les cheveux, ou derri\u00e8re les oreilles, o\u00f9 elles s&rsquo;ouvrent et lib\u00e8rent leur parfum. Les fleurs de champaca sont \u00e9galement utilis\u00e9es dans les guirlandes et flottent dans l&rsquo;eau pour parfumer les pi\u00e8ces. L&rsquo;absolue est une huile jaune clair-rouge\u00e2tre avec un parfum floral intense qui est utilis\u00e9 pour renforcer les accords de jasmin.\u00a0\u00bb<\/em><br \/>\n~ Jennifer Peace Rhind, <strong>Essential Oils: A Handbook for Aromatherapy Practice<\/strong><\/p>\n<p>&nbsp;<\/p>\n<p><img fetchpriority=\"high\" decoding=\"async\" class=\"size-medium wp-image-68103 aligncenter\" src=\"https:\/\/dutchhealthstore.kinsta.cloud\/wp-content\/uploads\/2018\/02\/Living-Libations-Organic-Logo-800x89.png\" alt=\"Living Libations - Organic Logo\" width=\"800\" height=\"89\" srcset=\"https:\/\/dutchhealthstore.com\/wp-content\/uploads\/2018\/02\/Living-Libations-Organic-Logo-800x89.png 800w, https:\/\/dutchhealthstore.com\/wp-content\/uploads\/2018\/02\/Living-Libations-Organic-Logo-510x57.png 510w, https:\/\/dutchhealthstore.com\/wp-content\/uploads\/2018\/02\/Living-Libations-Organic-Logo-768x85.png 768w, https:\/\/dutchhealthstore.com\/wp-content\/uploads\/2018\/02\/Living-Libations-Organic-Logo.png 1400w\" sizes=\"(max-width: 800px) 100vw, 800px\" \/><\/p>\n","protected":false},"excerpt":{"rendered":"<p><span style=\"font-size: 14.4px;\"><strong>Red Champa Absolute<\/strong> est l&rsquo;incarnation de la beaut\u00e9 et de la gr\u00e2ce f\u00e9minines. Le Champak rouge, comme on l&rsquo;appelle aussi, est principalement utilis\u00e9 dans les parfums pour sa fragrance in\u00e9gal\u00e9e et son pouvoir de lib\u00e9rer la d\u00e9esse qui sommeille en elle.<br \/>\nSon ar\u00f4me paradisiaque est r\u00e9put\u00e9 envo\u00fbtant et enflamme les amoureux dans une passion myst\u00e9rieuse n\u00e9e de la fleur de champa sauvage de l&rsquo;Inde.<\/span><\/p>\n","protected":false},"featured_media":114045,"comment_status":"open","ping_status":"closed","template":"","meta":[],"product_brand":[],"product_cat":[3754,1507,6734,1211,1209,1010,6733],"product_tag":[4495],"class_list":{"0":"post-122839","1":"product","2":"type-product","3":"status-publish","4":"has-post-thumbnail","6":"product_cat-essences-absolues","7":"product_cat-plantes-huiles-essentielles-living-libations","8":"product_cat-essential-oils","9":"product_cat-living-libations-france","10":"product_cat-par-marques","11":"product_cat-notre-boutique","12":"product_cat-wellness-fr-2","13":"product_tag-essential-oil-fr","14":"pa_brand-livinglibations-fr","15":"pa_essential-oils-product-type-absolute-essences-fr","16":"pa_essential-oils-product-type-essential-oils-fr","17":"pa_size-2-5-ml-fr","18":"pa_size-5-ml-1-4-jojoba-fr","20":"first","21":"instock","22":"taxable","23":"shipping-taxable","24":"purchasable","25":"product-type-variable"},"bundled_by":[],"bundle_stock_status":"instock","bundle_stock_quantity":null,"bundle_virtual":false,"bundle_layout":"","bundle_add_to_cart_form_location":"","bundle_editable_in_cart":false,"bundle_sold_individually_context":"","bundle_item_grouping":"","bundle_min_size":"","bundle_max_size":"","bundle_price":[],"bundled_items":[],"bundle_sell_ids":[],"atum_controlled":true,"out_stock_date":null,"out_stock_threshold":null,"inheritable":true,"stock_on_hold":0,"sold_today":0,"sales_last_days":0,"out_stock_days":0,"lost_sales":0,"update_date":"2026-04-08T01:46:44","atum_locations":[],"atum_stock_status":"instock","restock_status":false,"low_stock_amount":"","sales_update_date":"2026-04-08T01:46:44","calc_backorders":null,"group_of_quantity":0,"min_quantity":0,"max_quantity":"","exclude_order_quantity_value_rules":"no","exclude_category_quantity_rules":"no","combine_variations":"no","yoast_head":"<!-- This site is optimized with the Yoast SEO Premium plugin v26.5 (Yoast SEO v26.5) - https:\/\/yoast.com\/wordpress\/plugins\/seo\/ -->\n<title>Red Champa Absolute | Living Libations<\/title>\n<meta name=\"description\" content=\"Le Champak rouge, comme on l&#039;appelle aussi, est principalement utilis\u00e9 dans les parfums pour sa fragrance in\u00e9gal\u00e9e et son pouvoir de lib\u00e9rer la d\u00e9esse qui sommeille en elle.\" \/>\n<meta name=\"robots\" content=\"index, follow, max-snippet:-1, max-image-preview:large, max-video-preview:-1\" \/>\n<link rel=\"canonical\" href=\"https:\/\/dutchhealthstore.com\/fr\/product\/red-champa-absolute\/\" \/>\n<meta property=\"og:locale\" content=\"fr_FR\" \/>\n<meta property=\"og:type\" content=\"article\" \/>\n<meta property=\"og:title\" content=\"Red Champa Absolute - Dutch Health Store\" \/>\n<meta property=\"og:description\" content=\"Le Champak rouge, comme on l&#039;appelle aussi, est principalement utilis\u00e9 dans les parfums pour sa fragrance in\u00e9gal\u00e9e et son pouvoir de lib\u00e9rer la d\u00e9esse qui sommeille en elle.\" \/>\n<meta property=\"og:url\" content=\"https:\/\/dutchhealthstore.com\/fr\/product\/red-champa-absolute\/\" \/>\n<meta property=\"og:site_name\" content=\"Dutch Health Store\" \/>\n<meta property=\"article:publisher\" content=\"https:\/\/www.instagram.com\/dutchhealthstore\/\" \/>\n<meta property=\"article:modified_time\" content=\"2024-08-26T11:51:24+00:00\" \/>\n<meta property=\"og:image\" content=\"https:\/\/dutchhealthstore.com\/wp-content\/uploads\/2018\/02\/Living-LIbations-Red-Champa-Absolute-e1594892950986.png\" \/>\n\t<meta property=\"og:image:width\" content=\"500\" \/>\n\t<meta property=\"og:image:height\" content=\"499\" \/>\n\t<meta property=\"og:image:type\" content=\"image\/jpeg\" \/>\n<meta name=\"twitter:card\" content=\"summary_large_image\" \/>\n<meta name=\"twitter:label1\" content=\"Disponibilit\u00e9\" \/>\n\t<meta name=\"twitter:data1\" content=\"En stock\" \/>\n<script type=\"application\/ld+json\" class=\"yoast-schema-graph\">{\"@context\":\"https:\/\/schema.org\",\"@graph\":[{\"@type\":\"WebPage\",\"@id\":\"https:\/\/dutchhealthstore.com\/fr\/product\/red-champa-absolute\/\",\"url\":\"https:\/\/dutchhealthstore.com\/fr\/product\/red-champa-absolute\/\",\"name\":\"Red Champa Absolute | Living Libations\",\"isPartOf\":{\"@id\":\"https:\/\/dutchhealthstore.com\/fr\/#website\"},\"primaryImageOfPage\":{\"@id\":\"https:\/\/dutchhealthstore.com\/fr\/product\/red-champa-absolute\/#primaryimage\"},\"image\":{\"@id\":\"https:\/\/dutchhealthstore.com\/fr\/product\/red-champa-absolute\/#primaryimage\"},\"thumbnailUrl\":\"https:\/\/dutchhealthstore.com\/wp-content\/uploads\/2018\/02\/Living-LIbations-Red-Champa-Absolute-e1594892950986.png\",\"datePublished\":\"2018-02-10T19:59:04+00:00\",\"dateModified\":\"2024-08-26T11:51:24+00:00\",\"description\":\"Le Champak rouge, comme on l'appelle aussi, est principalement utilis\u00e9 dans les parfums pour sa fragrance in\u00e9gal\u00e9e et son pouvoir de lib\u00e9rer la d\u00e9esse qui sommeille en elle.\",\"breadcrumb\":{\"@id\":\"https:\/\/dutchhealthstore.com\/fr\/product\/red-champa-absolute\/#breadcrumb\"},\"inLanguage\":\"fr-FR\",\"potentialAction\":[{\"@type\":\"ReadAction\",\"target\":[\"https:\/\/dutchhealthstore.com\/fr\/product\/red-champa-absolute\/\"]}]},{\"@type\":\"ImageObject\",\"inLanguage\":\"fr-FR\",\"@id\":\"https:\/\/dutchhealthstore.com\/fr\/product\/red-champa-absolute\/#primaryimage\",\"url\":\"https:\/\/dutchhealthstore.com\/wp-content\/uploads\/2018\/02\/Living-LIbations-Red-Champa-Absolute-e1594892950986.png\",\"contentUrl\":\"https:\/\/dutchhealthstore.com\/wp-content\/uploads\/2018\/02\/Living-LIbations-Red-Champa-Absolute-e1594892950986.png\",\"width\":500,\"height\":499,\"caption\":\"Living LIbations Red Champa Absolute\"},{\"@type\":\"BreadcrumbList\",\"@id\":\"https:\/\/dutchhealthstore.com\/fr\/product\/red-champa-absolute\/#breadcrumb\",\"itemListElement\":[{\"@type\":\"ListItem\",\"position\":1,\"name\":\"Home\",\"item\":\"https:\/\/dutchhealthstore.com\/fr\/\"},{\"@type\":\"ListItem\",\"position\":2,\"name\":\"Shop\",\"item\":\"https:\/\/dutchhealthstore.com\/fr\/shop\/\"},{\"@type\":\"ListItem\",\"position\":3,\"name\":\"Red Champa Absolute\"}]},{\"@type\":\"WebSite\",\"@id\":\"https:\/\/dutchhealthstore.com\/fr\/#website\",\"url\":\"https:\/\/dutchhealthstore.com\/fr\/\",\"name\":\"Dutch Health Store\",\"description\":\"Enhance Your Beauty with Organic &amp; Natural Skincare\",\"publisher\":{\"@id\":\"https:\/\/dutchhealthstore.com\/fr\/#organization\"},\"potentialAction\":[{\"@type\":\"SearchAction\",\"target\":{\"@type\":\"EntryPoint\",\"urlTemplate\":\"https:\/\/dutchhealthstore.com\/fr\/?s={search_term_string}\"},\"query-input\":{\"@type\":\"PropertyValueSpecification\",\"valueRequired\":true,\"valueName\":\"search_term_string\"}}],\"inLanguage\":\"fr-FR\"},{\"@type\":\"Organization\",\"@id\":\"https:\/\/dutchhealthstore.com\/fr\/#organization\",\"name\":\"Dutch Health Store\",\"url\":\"https:\/\/dutchhealthstore.com\/fr\/\",\"logo\":{\"@type\":\"ImageObject\",\"inLanguage\":\"fr-FR\",\"@id\":\"https:\/\/dutchhealthstore.com\/fr\/#\/schema\/logo\/image\/\",\"url\":\"https:\/\/dutchhealthstore.com\/wp-content\/uploads\/2020\/08\/logo-dutchhealthstore-jpg-e1599484957574.jpg\",\"contentUrl\":\"https:\/\/dutchhealthstore.com\/wp-content\/uploads\/2020\/08\/logo-dutchhealthstore-jpg-e1599484957574.jpg\",\"width\":400,\"height\":62,\"caption\":\"Dutch Health Store\"},\"image\":{\"@id\":\"https:\/\/dutchhealthstore.com\/fr\/#\/schema\/logo\/image\/\"},\"sameAs\":[\"https:\/\/www.instagram.com\/dutchhealthstore\/\",\"https:\/\/www.facebook.com\/dutchhealthstore\"]}]}<\/script>\n<meta property=\"product:brand\" content=\"Living Libations\" \/>\n<meta property=\"og:availability\" content=\"instock\" \/>\n<meta property=\"product:availability\" content=\"instock\" \/>\n<meta property=\"product:condition\" content=\"new\" \/>\n<!-- \/ Yoast SEO Premium plugin. -->","yoast_head_json":{"title":"Red Champa Absolute | Living Libations","description":"Le Champak rouge, comme on l'appelle aussi, est principalement utilis\u00e9 dans les parfums pour sa fragrance in\u00e9gal\u00e9e et son pouvoir de lib\u00e9rer la d\u00e9esse qui sommeille en elle.","robots":{"index":"index","follow":"follow","max-snippet":"max-snippet:-1","max-image-preview":"max-image-preview:large","max-video-preview":"max-video-preview:-1"},"canonical":"https:\/\/dutchhealthstore.com\/fr\/product\/red-champa-absolute\/","og_locale":"fr_FR","og_type":"article","og_title":"Red Champa Absolute - Dutch Health Store","og_description":"Le Champak rouge, comme on l'appelle aussi, est principalement utilis\u00e9 dans les parfums pour sa fragrance in\u00e9gal\u00e9e et son pouvoir de lib\u00e9rer la d\u00e9esse qui sommeille en elle.","og_url":"https:\/\/dutchhealthstore.com\/fr\/product\/red-champa-absolute\/","og_site_name":"Dutch Health Store","article_publisher":"https:\/\/www.instagram.com\/dutchhealthstore\/","article_modified_time":"2024-08-26T11:51:24+00:00","og_image":[{"width":500,"height":499,"url":"https:\/\/dutchhealthstore.com\/wp-content\/uploads\/2018\/02\/Living-LIbations-Red-Champa-Absolute-e1594892950986.png","type":"image\/jpeg"}],"twitter_card":"summary_large_image","twitter_misc":{"Disponibilit\u00e9":"En stock"},"schema":{"@context":"https:\/\/schema.org","@graph":[{"@type":"WebPage","@id":"https:\/\/dutchhealthstore.com\/fr\/product\/red-champa-absolute\/","url":"https:\/\/dutchhealthstore.com\/fr\/product\/red-champa-absolute\/","name":"Red Champa Absolute | Living Libations","isPartOf":{"@id":"https:\/\/dutchhealthstore.com\/fr\/#website"},"primaryImageOfPage":{"@id":"https:\/\/dutchhealthstore.com\/fr\/product\/red-champa-absolute\/#primaryimage"},"image":{"@id":"https:\/\/dutchhealthstore.com\/fr\/product\/red-champa-absolute\/#primaryimage"},"thumbnailUrl":"https:\/\/dutchhealthstore.com\/wp-content\/uploads\/2018\/02\/Living-LIbations-Red-Champa-Absolute-e1594892950986.png","datePublished":"2018-02-10T19:59:04+00:00","dateModified":"2024-08-26T11:51:24+00:00","description":"Le Champak rouge, comme on l'appelle aussi, est principalement utilis\u00e9 dans les parfums pour sa fragrance in\u00e9gal\u00e9e et son pouvoir de lib\u00e9rer la d\u00e9esse qui sommeille en elle.","breadcrumb":{"@id":"https:\/\/dutchhealthstore.com\/fr\/product\/red-champa-absolute\/#breadcrumb"},"inLanguage":"fr-FR","potentialAction":[{"@type":"ReadAction","target":["https:\/\/dutchhealthstore.com\/fr\/product\/red-champa-absolute\/"]}]},{"@type":"ImageObject","inLanguage":"fr-FR","@id":"https:\/\/dutchhealthstore.com\/fr\/product\/red-champa-absolute\/#primaryimage","url":"https:\/\/dutchhealthstore.com\/wp-content\/uploads\/2018\/02\/Living-LIbations-Red-Champa-Absolute-e1594892950986.png","contentUrl":"https:\/\/dutchhealthstore.com\/wp-content\/uploads\/2018\/02\/Living-LIbations-Red-Champa-Absolute-e1594892950986.png","width":500,"height":499,"caption":"Living LIbations Red Champa Absolute"},{"@type":"BreadcrumbList","@id":"https:\/\/dutchhealthstore.com\/fr\/product\/red-champa-absolute\/#breadcrumb","itemListElement":[{"@type":"ListItem","position":1,"name":"Home","item":"https:\/\/dutchhealthstore.com\/fr\/"},{"@type":"ListItem","position":2,"name":"Shop","item":"https:\/\/dutchhealthstore.com\/fr\/shop\/"},{"@type":"ListItem","position":3,"name":"Red Champa Absolute"}]},{"@type":"WebSite","@id":"https:\/\/dutchhealthstore.com\/fr\/#website","url":"https:\/\/dutchhealthstore.com\/fr\/","name":"Dutch Health Store","description":"Enhance Your Beauty with Organic &amp; Natural Skincare","publisher":{"@id":"https:\/\/dutchhealthstore.com\/fr\/#organization"},"potentialAction":[{"@type":"SearchAction","target":{"@type":"EntryPoint","urlTemplate":"https:\/\/dutchhealthstore.com\/fr\/?s={search_term_string}"},"query-input":{"@type":"PropertyValueSpecification","valueRequired":true,"valueName":"search_term_string"}}],"inLanguage":"fr-FR"},{"@type":"Organization","@id":"https:\/\/dutchhealthstore.com\/fr\/#organization","name":"Dutch Health Store","url":"https:\/\/dutchhealthstore.com\/fr\/","logo":{"@type":"ImageObject","inLanguage":"fr-FR","@id":"https:\/\/dutchhealthstore.com\/fr\/#\/schema\/logo\/image\/","url":"https:\/\/dutchhealthstore.com\/wp-content\/uploads\/2020\/08\/logo-dutchhealthstore-jpg-e1599484957574.jpg","contentUrl":"https:\/\/dutchhealthstore.com\/wp-content\/uploads\/2020\/08\/logo-dutchhealthstore-jpg-e1599484957574.jpg","width":400,"height":62,"caption":"Dutch Health Store"},"image":{"@id":"https:\/\/dutchhealthstore.com\/fr\/#\/schema\/logo\/image\/"},"sameAs":["https:\/\/www.instagram.com\/dutchhealthstore\/","https:\/\/www.facebook.com\/dutchhealthstore"]}]},"product_brand":"Living Libations","og_availability":"instock","product_availability":"instock","product_condition":"new"},"_links":{"self":[{"href":"https:\/\/dutchhealthstore.com\/fr\/wp-json\/wp\/v2\/product\/122839","targetHints":{"allow":["GET"]}}],"collection":[{"href":"https:\/\/dutchhealthstore.com\/fr\/wp-json\/wp\/v2\/product"}],"about":[{"href":"https:\/\/dutchhealthstore.com\/fr\/wp-json\/wp\/v2\/types\/product"}],"replies":[{"embeddable":true,"href":"https:\/\/dutchhealthstore.com\/fr\/wp-json\/wp\/v2\/comments?post=122839"}],"wp:featuredmedia":[{"embeddable":true,"href":"https:\/\/dutchhealthstore.com\/fr\/wp-json\/wp\/v2\/media\/114045"}],"wp:attachment":[{"href":"https:\/\/dutchhealthstore.com\/fr\/wp-json\/wp\/v2\/media?parent=122839"}],"wp:term":[{"taxonomy":"product_brand","embeddable":true,"href":"https:\/\/dutchhealthstore.com\/fr\/wp-json\/wp\/v2\/product_brand?post=122839"},{"taxonomy":"product_cat","embeddable":true,"href":"https:\/\/dutchhealthstore.com\/fr\/wp-json\/wp\/v2\/product_cat?post=122839"},{"taxonomy":"product_tag","embeddable":true,"href":"https:\/\/dutchhealthstore.com\/fr\/wp-json\/wp\/v2\/product_tag?post=122839"}],"curies":[{"name":"wp","href":"https:\/\/api.w.org\/{rel}","templated":true}]}}