{"id":122714,"date":"2018-10-14T20:19:50","date_gmt":"2018-10-14T18:19:50","guid":{"rendered":"https:\/\/dutchhealthstore.com\/product\/prickly-pear-carrier-oil\/"},"modified":"2026-03-31T14:04:21","modified_gmt":"2026-03-31T12:04:21","slug":"prickly-pear-carrier-oil","status":"publish","type":"product","link":"https:\/\/dutchhealthstore.com\/fr\/product\/prickly-pear-carrier-oil\/","title":{"rendered":"Prickly Pear Carrier Oil"},"content":{"rendered":"<p><strong><img decoding=\"async\" class=\"size-full wp-image-69549 alignright\" src=\"https:\/\/dutchhealthstore.com\/wp-content\/uploads\/2019\/08\/NEW-Living-Libations-Logo.jpg\" alt=\"NEW - Living Libations - Logo\" width=\"175\" height=\"82\">Nom botanique:<\/strong> Opuntia ficus indica<br \/>\n<strong>Famille botanique:<\/strong> Opuntieae<br \/>\n<strong>M\u00e9thode d&rsquo;extraction:<\/strong> Press\u00e9 \u00e0 froid<br \/>\n<strong>Partie de la plante distill\u00e9e:<\/strong> Graines<br \/>\n<strong>Pays d&rsquo;origine:<\/strong> Maroc<br \/>\n<strong>M\u00e9thode de culture:<\/strong> Organique<br \/>\n<strong>Composition:<\/strong> 100% Opuntia ficus indica<br \/>\n<strong>Consistance:<\/strong> Moyenne<\/p>\n<h3>Description de l&rsquo;odeur<\/h3>\n<p>L\u00e9ger<\/p>\n<h3>Se marie bien avec<\/h3>\n<p>Lavande, N\u00e9roli, Myrrhe, Encens, Immortelle, Ylang, Palmarosa, Santal, Bergamote, Thym doux, Myrte, Rose Otto, Citron et Ciste.<\/p>\n<h3>Utilisations<\/h3>\n<p>Hydratant. S\u00e9rum pour cicatrices et cuir chevelu. Constituants: Acides gras om\u00e9ga-6, vitamines C et E, flavono\u00efdes et autres puissants antioxydants lipo-solubles.<\/p>\n<p>Il faut un million de graines et plusieurs jours de pression \u00e0 froid pour obtenir 1 litre (4 tasses) de cette huile marocaine inodore et super durable. Riche en compos\u00e9s naturel de cactus, en vitamines vitales C et E, en antioxydants et en beaux acides gras polyinsatur\u00e9s, Prickly Pear Carrier Oil apaise les peaux arides et irrit\u00e9es et adoucit les cicatrices. Il suture et pacifie la peau qui a \u00e9t\u00e9 surexpos\u00e9e aux \u00e9l\u00e9ments ou simplement expos\u00e9e aux ann\u00e9es. Il est aussi hydratant et rafra\u00eechissant qu&rsquo;une oasis dans le d\u00e9sert, et il p\u00e9n\u00e8tre en douceur pour que la peau soit douce et souple.<\/p>\n<p>Cette huile luxueuse est pratiquement inodore, ce qui la rend id\u00e9ale pour les personnes hypersensibles aux odeurs et pour les ma\u00eetres parfumeurs qui souhaitent cr\u00e9er des potions parfum\u00e9es de longue dur\u00e9e pour la peau et les cheveux.<\/p>\n<p><strong>Taille: 15 ml et 30 ml<\/strong><\/p>\n<h3>Ingr\u00e9dients Biologiques<\/h3>\n<p>100% huile de support de figue de barbarie (Opuntia ficus indica).<\/p>\n<p>&nbsp;<\/p>\n<p><img fetchpriority=\"high\" decoding=\"async\" class=\"size-medium wp-image-68103 aligncenter\" src=\"https:\/\/dutchhealthstore.com\/wp-content\/uploads\/2018\/02\/Living-Libations-Organic-Logo-800x89.png\" alt=\"Living Libations - Organic Logo\" width=\"800\" height=\"89\" srcset=\"https:\/\/dutchhealthstore.com\/wp-content\/uploads\/2018\/02\/Living-Libations-Organic-Logo-800x89.png 800w, https:\/\/dutchhealthstore.com\/wp-content\/uploads\/2018\/02\/Living-Libations-Organic-Logo-510x57.png 510w, https:\/\/dutchhealthstore.com\/wp-content\/uploads\/2018\/02\/Living-Libations-Organic-Logo-768x85.png 768w, https:\/\/dutchhealthstore.com\/wp-content\/uploads\/2018\/02\/Living-Libations-Organic-Logo.png 1400w\" sizes=\"(max-width: 800px) 100vw, 800px\" \/><\/p>\n","protected":false},"excerpt":{"rendered":"<p>Repulpante et reconstituante <strong>Prickly<\/strong> <strong>Pear<\/strong> <strong>Oil<\/strong>, \u00e9galement connue sous le nom d&rsquo;huile de graines de figue de Barbarie, est une huile de support convoit\u00e9e qui provient des profondeurs du d\u00e9sert chaud. Elle est utilis\u00e9e depuis des si\u00e8cles par les femmes berb\u00e8res et les peuples du d\u00e9sert pour apaiser la peau dess\u00e9ch\u00e9e, endommag\u00e9e par les vents violents du d\u00e9sert et un soleil impitoyable. Press\u00e9e \u00e0 froid \u00e0 partir de la graine de figuier de Barbarie, cette huile luxueuse nourrit, hydrate et fortifie la peau qui a besoin d&rsquo;une oasis.<\/p>\n","protected":false},"featured_media":114024,"comment_status":"open","ping_status":"closed","template":"","meta":[],"product_brand":[],"product_cat":[6734,1507,3755,1211,1209,1010,6733],"product_tag":[8910,4495],"class_list":{"0":"post-122714","1":"product","2":"type-product","3":"status-publish","4":"has-post-thumbnail","6":"product_cat-essential-oils","7":"product_cat-plantes-huiles-essentielles-living-libations","8":"product_cat-huiles-vegetales","9":"product_cat-living-libations-france","10":"product_cat-par-marques","11":"product_cat-notre-boutique","12":"product_cat-wellness-fr-2","13":"product_tag-carrier-oil-fr","14":"product_tag-essential-oil-fr","15":"pa_brand-livinglibations-fr","16":"pa_essential-oils-product-type-carrier-oils-fr","17":"pa_essential-oils-product-type-essential-oils-fr","18":"pa_size-15-ml-fr","19":"pa_size-30-ml-fr","21":"first","22":"outofstock","23":"taxable","24":"shipping-taxable","25":"purchasable","26":"product-type-variable"},"bundled_by":[],"bundle_stock_status":"outofstock","bundle_stock_quantity":null,"bundle_virtual":false,"bundle_layout":"","bundle_add_to_cart_form_location":"","bundle_editable_in_cart":false,"bundle_sold_individually_context":"","bundle_item_grouping":"","bundle_min_size":"","bundle_max_size":"","bundle_price":[],"bundled_items":[],"bundle_sell_ids":[],"atum_controlled":true,"out_stock_date":null,"out_stock_threshold":null,"inheritable":true,"stock_on_hold":0,"sold_today":0,"sales_last_days":0,"out_stock_days":0,"lost_sales":0,"update_date":"2026-04-12T00:03:04","atum_locations":[],"atum_stock_status":"outofstock","restock_status":false,"low_stock_amount":"","sales_update_date":"2026-04-12T00:03:04","calc_backorders":null,"group_of_quantity":0,"min_quantity":0,"max_quantity":"","exclude_order_quantity_value_rules":"no","exclude_category_quantity_rules":"no","combine_variations":"no","yoast_head":"<!-- This site is optimized with the Yoast SEO Premium plugin v26.5 (Yoast SEO v26.5) - https:\/\/yoast.com\/wordpress\/plugins\/seo\/ -->\n<title>Prickly Pear Carrier Oil | Living Libations<\/title>\n<meta name=\"description\" content=\"Prickly Pear Oil, \u00e9galement connue sous le nom d&#039;huile de graines de figue de Barbarie, est une huile de support convoit\u00e9e qui provient des profondeurs du d\u00e9sert chaud.\" \/>\n<meta name=\"robots\" content=\"index, follow, max-snippet:-1, max-image-preview:large, max-video-preview:-1\" \/>\n<link rel=\"canonical\" href=\"https:\/\/dutchhealthstore.com\/fr\/product\/prickly-pear-carrier-oil\/\" \/>\n<meta property=\"og:locale\" content=\"fr_FR\" \/>\n<meta property=\"og:type\" content=\"article\" \/>\n<meta property=\"og:title\" content=\"Prickly Pear Carrier Oil - Dutch Health Store\" \/>\n<meta property=\"og:description\" content=\"Prickly Pear Oil, \u00e9galement connue sous le nom d&#039;huile de graines de figue de Barbarie, est une huile de support convoit\u00e9e qui provient des profondeurs du d\u00e9sert chaud.\" \/>\n<meta property=\"og:url\" content=\"https:\/\/dutchhealthstore.com\/fr\/product\/prickly-pear-carrier-oil\/\" \/>\n<meta property=\"og:site_name\" content=\"Dutch Health Store\" \/>\n<meta property=\"article:publisher\" content=\"https:\/\/www.instagram.com\/dutchhealthstore\/\" \/>\n<meta property=\"article:modified_time\" content=\"2026-03-31T12:04:21+00:00\" \/>\n<meta property=\"og:image\" content=\"https:\/\/dutchhealthstore.com\/wp-content\/uploads\/2018\/10\/Living-Libations-Prickly-pear-carrier-oil-e1594891759314.png\" \/>\n\t<meta property=\"og:image:width\" content=\"500\" \/>\n\t<meta property=\"og:image:height\" content=\"500\" \/>\n\t<meta property=\"og:image:type\" content=\"image\/jpeg\" \/>\n<meta name=\"twitter:card\" content=\"summary_large_image\" \/>\n<meta name=\"twitter:label1\" content=\"Disponibilit\u00e9\" \/>\n\t<meta name=\"twitter:data1\" content=\"Rupture de stock\" \/>\n<script type=\"application\/ld+json\" class=\"yoast-schema-graph\">{\"@context\":\"https:\/\/schema.org\",\"@graph\":[{\"@type\":\"WebPage\",\"@id\":\"https:\/\/dutchhealthstore.com\/fr\/product\/prickly-pear-carrier-oil\/\",\"url\":\"https:\/\/dutchhealthstore.com\/fr\/product\/prickly-pear-carrier-oil\/\",\"name\":\"Prickly Pear Carrier Oil | Living Libations\",\"isPartOf\":{\"@id\":\"https:\/\/dutchhealthstore.com\/fr\/#website\"},\"primaryImageOfPage\":{\"@id\":\"https:\/\/dutchhealthstore.com\/fr\/product\/prickly-pear-carrier-oil\/#primaryimage\"},\"image\":{\"@id\":\"https:\/\/dutchhealthstore.com\/fr\/product\/prickly-pear-carrier-oil\/#primaryimage\"},\"thumbnailUrl\":\"https:\/\/dutchhealthstore.com\/wp-content\/uploads\/2018\/10\/Living-Libations-Prickly-pear-carrier-oil-e1594891759314.png\",\"datePublished\":\"2018-10-14T18:19:50+00:00\",\"dateModified\":\"2026-03-31T12:04:21+00:00\",\"description\":\"Prickly Pear Oil, \u00e9galement connue sous le nom d'huile de graines de figue de Barbarie, est une huile de support convoit\u00e9e qui provient des profondeurs du d\u00e9sert chaud.\",\"breadcrumb\":{\"@id\":\"https:\/\/dutchhealthstore.com\/fr\/product\/prickly-pear-carrier-oil\/#breadcrumb\"},\"inLanguage\":\"fr-FR\",\"potentialAction\":[{\"@type\":\"ReadAction\",\"target\":[\"https:\/\/dutchhealthstore.com\/fr\/product\/prickly-pear-carrier-oil\/\"]}]},{\"@type\":\"ImageObject\",\"inLanguage\":\"fr-FR\",\"@id\":\"https:\/\/dutchhealthstore.com\/fr\/product\/prickly-pear-carrier-oil\/#primaryimage\",\"url\":\"https:\/\/dutchhealthstore.com\/wp-content\/uploads\/2018\/10\/Living-Libations-Prickly-pear-carrier-oil-e1594891759314.png\",\"contentUrl\":\"https:\/\/dutchhealthstore.com\/wp-content\/uploads\/2018\/10\/Living-Libations-Prickly-pear-carrier-oil-e1594891759314.png\",\"width\":500,\"height\":500,\"caption\":\"Living Libations Prickly Pear Carrier Oil\"},{\"@type\":\"BreadcrumbList\",\"@id\":\"https:\/\/dutchhealthstore.com\/fr\/product\/prickly-pear-carrier-oil\/#breadcrumb\",\"itemListElement\":[{\"@type\":\"ListItem\",\"position\":1,\"name\":\"Home\",\"item\":\"https:\/\/dutchhealthstore.com\/fr\/\"},{\"@type\":\"ListItem\",\"position\":2,\"name\":\"Shop\",\"item\":\"https:\/\/dutchhealthstore.com\/fr\/shop\/\"},{\"@type\":\"ListItem\",\"position\":3,\"name\":\"Prickly Pear Carrier Oil\"}]},{\"@type\":\"WebSite\",\"@id\":\"https:\/\/dutchhealthstore.com\/fr\/#website\",\"url\":\"https:\/\/dutchhealthstore.com\/fr\/\",\"name\":\"Dutch Health Store\",\"description\":\"Enhance Your Beauty with Organic &amp; Natural Skincare\",\"publisher\":{\"@id\":\"https:\/\/dutchhealthstore.com\/fr\/#organization\"},\"potentialAction\":[{\"@type\":\"SearchAction\",\"target\":{\"@type\":\"EntryPoint\",\"urlTemplate\":\"https:\/\/dutchhealthstore.com\/fr\/?s={search_term_string}\"},\"query-input\":{\"@type\":\"PropertyValueSpecification\",\"valueRequired\":true,\"valueName\":\"search_term_string\"}}],\"inLanguage\":\"fr-FR\"},{\"@type\":\"Organization\",\"@id\":\"https:\/\/dutchhealthstore.com\/fr\/#organization\",\"name\":\"Dutch Health Store\",\"url\":\"https:\/\/dutchhealthstore.com\/fr\/\",\"logo\":{\"@type\":\"ImageObject\",\"inLanguage\":\"fr-FR\",\"@id\":\"https:\/\/dutchhealthstore.com\/fr\/#\/schema\/logo\/image\/\",\"url\":\"https:\/\/dutchhealthstore.com\/wp-content\/uploads\/2020\/08\/logo-dutchhealthstore-jpg-e1599484957574.jpg\",\"contentUrl\":\"https:\/\/dutchhealthstore.com\/wp-content\/uploads\/2020\/08\/logo-dutchhealthstore-jpg-e1599484957574.jpg\",\"width\":400,\"height\":62,\"caption\":\"Dutch Health Store\"},\"image\":{\"@id\":\"https:\/\/dutchhealthstore.com\/fr\/#\/schema\/logo\/image\/\"},\"sameAs\":[\"https:\/\/www.instagram.com\/dutchhealthstore\/\",\"https:\/\/www.facebook.com\/dutchhealthstore\"]}]}<\/script>\n<meta property=\"product:brand\" content=\"Living Libations\" \/>\n<meta property=\"og:availability\" content=\"out of stock\" \/>\n<meta property=\"product:availability\" content=\"out of stock\" \/>\n<meta property=\"product:condition\" content=\"new\" \/>\n<!-- \/ Yoast SEO Premium plugin. -->","yoast_head_json":{"title":"Prickly Pear Carrier Oil | Living Libations","description":"Prickly Pear Oil, \u00e9galement connue sous le nom d'huile de graines de figue de Barbarie, est une huile de support convoit\u00e9e qui provient des profondeurs du d\u00e9sert chaud.","robots":{"index":"index","follow":"follow","max-snippet":"max-snippet:-1","max-image-preview":"max-image-preview:large","max-video-preview":"max-video-preview:-1"},"canonical":"https:\/\/dutchhealthstore.com\/fr\/product\/prickly-pear-carrier-oil\/","og_locale":"fr_FR","og_type":"article","og_title":"Prickly Pear Carrier Oil - Dutch Health Store","og_description":"Prickly Pear Oil, \u00e9galement connue sous le nom d'huile de graines de figue de Barbarie, est une huile de support convoit\u00e9e qui provient des profondeurs du d\u00e9sert chaud.","og_url":"https:\/\/dutchhealthstore.com\/fr\/product\/prickly-pear-carrier-oil\/","og_site_name":"Dutch Health Store","article_publisher":"https:\/\/www.instagram.com\/dutchhealthstore\/","article_modified_time":"2026-03-31T12:04:21+00:00","og_image":[{"width":500,"height":500,"url":"https:\/\/dutchhealthstore.com\/wp-content\/uploads\/2018\/10\/Living-Libations-Prickly-pear-carrier-oil-e1594891759314.png","type":"image\/jpeg"}],"twitter_card":"summary_large_image","twitter_misc":{"Disponibilit\u00e9":"Rupture de stock"},"schema":{"@context":"https:\/\/schema.org","@graph":[{"@type":"WebPage","@id":"https:\/\/dutchhealthstore.com\/fr\/product\/prickly-pear-carrier-oil\/","url":"https:\/\/dutchhealthstore.com\/fr\/product\/prickly-pear-carrier-oil\/","name":"Prickly Pear Carrier Oil | Living Libations","isPartOf":{"@id":"https:\/\/dutchhealthstore.com\/fr\/#website"},"primaryImageOfPage":{"@id":"https:\/\/dutchhealthstore.com\/fr\/product\/prickly-pear-carrier-oil\/#primaryimage"},"image":{"@id":"https:\/\/dutchhealthstore.com\/fr\/product\/prickly-pear-carrier-oil\/#primaryimage"},"thumbnailUrl":"https:\/\/dutchhealthstore.com\/wp-content\/uploads\/2018\/10\/Living-Libations-Prickly-pear-carrier-oil-e1594891759314.png","datePublished":"2018-10-14T18:19:50+00:00","dateModified":"2026-03-31T12:04:21+00:00","description":"Prickly Pear Oil, \u00e9galement connue sous le nom d'huile de graines de figue de Barbarie, est une huile de support convoit\u00e9e qui provient des profondeurs du d\u00e9sert chaud.","breadcrumb":{"@id":"https:\/\/dutchhealthstore.com\/fr\/product\/prickly-pear-carrier-oil\/#breadcrumb"},"inLanguage":"fr-FR","potentialAction":[{"@type":"ReadAction","target":["https:\/\/dutchhealthstore.com\/fr\/product\/prickly-pear-carrier-oil\/"]}]},{"@type":"ImageObject","inLanguage":"fr-FR","@id":"https:\/\/dutchhealthstore.com\/fr\/product\/prickly-pear-carrier-oil\/#primaryimage","url":"https:\/\/dutchhealthstore.com\/wp-content\/uploads\/2018\/10\/Living-Libations-Prickly-pear-carrier-oil-e1594891759314.png","contentUrl":"https:\/\/dutchhealthstore.com\/wp-content\/uploads\/2018\/10\/Living-Libations-Prickly-pear-carrier-oil-e1594891759314.png","width":500,"height":500,"caption":"Living Libations Prickly Pear Carrier Oil"},{"@type":"BreadcrumbList","@id":"https:\/\/dutchhealthstore.com\/fr\/product\/prickly-pear-carrier-oil\/#breadcrumb","itemListElement":[{"@type":"ListItem","position":1,"name":"Home","item":"https:\/\/dutchhealthstore.com\/fr\/"},{"@type":"ListItem","position":2,"name":"Shop","item":"https:\/\/dutchhealthstore.com\/fr\/shop\/"},{"@type":"ListItem","position":3,"name":"Prickly Pear Carrier Oil"}]},{"@type":"WebSite","@id":"https:\/\/dutchhealthstore.com\/fr\/#website","url":"https:\/\/dutchhealthstore.com\/fr\/","name":"Dutch Health Store","description":"Enhance Your Beauty with Organic &amp; Natural Skincare","publisher":{"@id":"https:\/\/dutchhealthstore.com\/fr\/#organization"},"potentialAction":[{"@type":"SearchAction","target":{"@type":"EntryPoint","urlTemplate":"https:\/\/dutchhealthstore.com\/fr\/?s={search_term_string}"},"query-input":{"@type":"PropertyValueSpecification","valueRequired":true,"valueName":"search_term_string"}}],"inLanguage":"fr-FR"},{"@type":"Organization","@id":"https:\/\/dutchhealthstore.com\/fr\/#organization","name":"Dutch Health Store","url":"https:\/\/dutchhealthstore.com\/fr\/","logo":{"@type":"ImageObject","inLanguage":"fr-FR","@id":"https:\/\/dutchhealthstore.com\/fr\/#\/schema\/logo\/image\/","url":"https:\/\/dutchhealthstore.com\/wp-content\/uploads\/2020\/08\/logo-dutchhealthstore-jpg-e1599484957574.jpg","contentUrl":"https:\/\/dutchhealthstore.com\/wp-content\/uploads\/2020\/08\/logo-dutchhealthstore-jpg-e1599484957574.jpg","width":400,"height":62,"caption":"Dutch Health Store"},"image":{"@id":"https:\/\/dutchhealthstore.com\/fr\/#\/schema\/logo\/image\/"},"sameAs":["https:\/\/www.instagram.com\/dutchhealthstore\/","https:\/\/www.facebook.com\/dutchhealthstore"]}]},"product_brand":"Living Libations","og_availability":"out of stock","product_availability":"out of stock","product_condition":"new"},"_links":{"self":[{"href":"https:\/\/dutchhealthstore.com\/fr\/wp-json\/wp\/v2\/product\/122714","targetHints":{"allow":["GET"]}}],"collection":[{"href":"https:\/\/dutchhealthstore.com\/fr\/wp-json\/wp\/v2\/product"}],"about":[{"href":"https:\/\/dutchhealthstore.com\/fr\/wp-json\/wp\/v2\/types\/product"}],"replies":[{"embeddable":true,"href":"https:\/\/dutchhealthstore.com\/fr\/wp-json\/wp\/v2\/comments?post=122714"}],"wp:featuredmedia":[{"embeddable":true,"href":"https:\/\/dutchhealthstore.com\/fr\/wp-json\/wp\/v2\/media\/114024"}],"wp:attachment":[{"href":"https:\/\/dutchhealthstore.com\/fr\/wp-json\/wp\/v2\/media?parent=122714"}],"wp:term":[{"taxonomy":"product_brand","embeddable":true,"href":"https:\/\/dutchhealthstore.com\/fr\/wp-json\/wp\/v2\/product_brand?post=122714"},{"taxonomy":"product_cat","embeddable":true,"href":"https:\/\/dutchhealthstore.com\/fr\/wp-json\/wp\/v2\/product_cat?post=122714"},{"taxonomy":"product_tag","embeddable":true,"href":"https:\/\/dutchhealthstore.com\/fr\/wp-json\/wp\/v2\/product_tag?post=122714"}],"curies":[{"name":"wp","href":"https:\/\/api.w.org\/{rel}","templated":true}]}}