{"id":122699,"date":"2020-07-07T13:51:53","date_gmt":"2020-07-07T11:51:53","guid":{"rendered":"https:\/\/dutchhealthstore.com\/product\/poplar-bud-absolute\/"},"modified":"2025-09-23T15:28:47","modified_gmt":"2025-09-23T13:28:47","slug":"poplar-bud-absolute","status":"publish","type":"product","link":"https:\/\/dutchhealthstore.com\/fr\/product\/poplar-bud-absolute\/","title":{"rendered":"Poplar Bud Absolute"},"content":{"rendered":"<p><strong><img decoding=\"async\" class=\"size-full wp-image-69549 alignright\" src=\"https:\/\/dutchhealthstore.com\/wp-content\/uploads\/2019\/08\/NEW-Living-Libations-Logo.jpg\" alt=\"NEW - Living Libations - Logo\" width=\"175\" height=\"82\">Nom botanique :<\/strong> Populus nigra<br \/>\n<strong>Famille botanique :<\/strong> Salicaceae<br \/>\n<strong>M\u00e9thode d&rsquo;extraction :<\/strong> Absolue<br \/>\n<strong>Partie de la plante distill\u00e9e :<\/strong> Bourgeons<br \/>\n<strong>Pays d&rsquo;origine :<\/strong> France<br \/>\n<strong>M\u00e9thode de culture :<\/strong> Sauvage<br \/>\n<strong>Composition :<\/strong> 50% de Populus nigra + 50% d&rsquo;alcool biologique biodynamique<br \/>\n<strong>Consistance :<\/strong> Viscosit\u00e9 \u00e9paisse mais versable avec l&rsquo;alcool.<\/p>\n<h3>Description de l&rsquo;odeur<\/h3>\n<p>Doux et \u00e9pic\u00e9, riche et balsamique, avec un bouquet complexe de cuir, vanille, miel, abricots, ambre et foin fra\u00eechement fauch\u00e9.<\/p>\n<h3>Se marie bien avec<\/h3>\n<p>Jasmin, Marjolaine, Lavande, Foin, Vanille, Tub\u00e9reuse, Palmarosa, Sapin argent\u00e9, V\u00e9tiver, Patchouli, Santal, Lime, Citron, Palo Santo, Racine d&rsquo;Orris et Cannelle.<\/p>\n<a href=\"https:\/\/dutchhealthstore.com\/wp-content\/uploads\/2020\/07\/ANALYSIS-Poplar-Bud-Absolute-Living-Libations-3.pdf\" class=\"button primary is-primary is-small\"  >\n\t\t<span>ANALYSE DES HUILES ESSENTIELLES &gt;<\/span>\n\t<\/a>\n\n<h3>Utilisations<\/h3>\n<p>Cette absolue \u00e9paisse est \u00e0 d\u00e9couvrir dilu\u00e9e ; embouteill\u00e9e dans 50% d&rsquo;alcool organique, elle est pr\u00eate \u00e0 \u00eatre utilis\u00e9e dans des parfums exquis, des eaux de Cologne captivantes et des m\u00e9langes d&rsquo;aromath\u00e9rapie.<\/p>\n<h3>Constituants<\/h3>\n<p>Comprend de la salicine, une berceuse pour la peau.<\/p>\n<p>Les bourgeons de peuplier produisent naturellement une substance collante appel\u00e9e salicine. Lors de la distillation, cette substance est infus\u00e9e dans l&rsquo;huile. Dans les temps anciens, les gens faisaient tremper les bourgeons de peuplier dans de l&rsquo;eau chaude pour obtenir un th\u00e9 relaxant et les faisaient mac\u00e9rer dans de l&rsquo;huile pour obtenir un baume apaisant.<\/p>\n<p>Le parfum de l&rsquo;absolu de bourgeon de peuplier, sa complexit\u00e9 et sa t\u00e9nacit\u00e9, en font un choix polyvalent pour les m\u00e9langes. Il peut \u00eatre utilis\u00e9 comme une base subtile, une note de milieu ou un fixateur. La nature \u00e9pic\u00e9e et balsamique du bourgeon de peuplier rend cette essence parfaite pour les bouquets floraux, les bouquets balsamiques, les eaux de Cologne de for\u00eat et d&rsquo;herbe, ou pour ajouter des notes subtiles de fruits et de cuir \u00e0 tout m\u00e9lange.<\/p>\n<p>Spirituellement, Poplar Bud Absolute est associ\u00e9 \u00e0 la libert\u00e9 du vent sauvage, car c&rsquo;est ainsi que les graines de peuplier se propagent. Cette essence sauvage et venteuse conf\u00e8re \u00e0 cette huile une libert\u00e9 \u00e9ternelle et une envie de parcourir les plaines ouvertes et de bruisser \u00e9ternellement dans les for\u00eats profondes.<\/p>\n<p><strong>Taille : 5 ml<\/strong><\/p>\n<h3>Ingr\u00e9dients biologiques<\/h3>\n<p>50% Populus nigra + 50% Alcool organique biodynamique.<\/p>\n<p style=\"text-align: center;\"><em>\u00ab\u00a0Le soleil brillait chaudement, l&rsquo;herbe, partout o\u00f9 elle n&rsquo;avait pas \u00e9t\u00e9 racl\u00e9e, renaissait et se montrait verte non seulement sur les \u00e9troites bandes de pelouse des boulevards, mais aussi entre les pav\u00e9s, et les bouleaux, les peupliers et les cerisiers sauvages d\u00e9ployaient leurs feuilles collantes et parfum\u00e9es, et les bourgeons gonfl\u00e9s \u00e9clataient sur les tilleuls.\u00a0\u00bb<\/em><br \/>\n~ Leo Tolstoy, <strong>Resurrection<\/strong><\/p>\n<p style=\"text-align: center;\"><em>\u00ab\u00a0J&rsquo;implore &#8211; Y a-t-il &#8211; y a-t-il un baume en Gilead ?\u00a0\u00bb<\/em><br \/>\n~ Edgar Allen Poe, <strong>The Raven<\/strong><\/p>\n<p><img fetchpriority=\"high\" decoding=\"async\" class=\"size-medium wp-image-68103 aligncenter\" src=\"https:\/\/dutchhealthstore.com\/wp-content\/uploads\/2018\/02\/Living-Libations-Organic-Logo-800x89.png\" alt=\"Living Libations - Organic Logo\" width=\"800\" height=\"89\" srcset=\"https:\/\/dutchhealthstore.com\/wp-content\/uploads\/2018\/02\/Living-Libations-Organic-Logo-800x89.png 800w, https:\/\/dutchhealthstore.com\/wp-content\/uploads\/2018\/02\/Living-Libations-Organic-Logo-510x57.png 510w, https:\/\/dutchhealthstore.com\/wp-content\/uploads\/2018\/02\/Living-Libations-Organic-Logo-768x85.png 768w, https:\/\/dutchhealthstore.com\/wp-content\/uploads\/2018\/02\/Living-Libations-Organic-Logo.png 1400w\" sizes=\"(max-width: 800px) 100vw, 800px\" \/><\/p>\n","protected":false},"excerpt":{"rendered":"<p>L&rsquo;agr\u00e9able<strong>Poplar Bud Absolute<\/strong> est un principe de la parfumerie naturel.<br \/>\nCaptur\u00e9 \u00e0 partir des fleurs r\u00e9sineuses du peuplier.<br \/>\nLes bourgeons, \u00e9galement connus sous le nom de baume de Galaad, sont utilis\u00e9s depuis les temps bibliques pour soulager les tensions et faire fondre les muscles lors des massages.<br \/>\nLes bourgeons du peuplier d\u00e9gagent un parfum ambr\u00e9 et caram\u00e9lis\u00e9 qui r\u00e9chauffe le c\u0153ur et ravit les sens.<br \/>\nEn parfumerie naturel, cet absolu aromatique est utilis\u00e9 comme note de c\u0153ur douce, balsamique et mielleuse dans les bouquets floraux et ambr\u00e9s.<\/p>\n","protected":false},"featured_media":111913,"comment_status":"open","ping_status":"closed","template":"","meta":[],"product_brand":[],"product_cat":[1507,6734,1211,1209,3757,6733],"product_tag":[4495],"class_list":{"0":"post-122699","1":"product","2":"type-product","3":"status-publish","4":"has-post-thumbnail","6":"product_cat-plantes-huiles-essentielles-living-libations","7":"product_cat-essential-oils","8":"product_cat-living-libations-france","9":"product_cat-par-marques","10":"product_cat-plantes-huiles-essentielles","11":"product_cat-wellness-fr-2","12":"product_tag-essential-oil-fr","13":"pa_brand-livinglibations-fr","14":"pa_essential-oils-product-type-essential-oils-fr","15":"pa_size-5-ml-fr","17":"first","18":"instock","19":"taxable","20":"shipping-taxable","21":"purchasable","22":"product-type-simple"},"bundled_by":[],"bundle_stock_status":"instock","bundle_stock_quantity":3,"bundle_virtual":false,"bundle_layout":"","bundle_add_to_cart_form_location":"","bundle_editable_in_cart":false,"bundle_sold_individually_context":"","bundle_item_grouping":"","bundle_min_size":"","bundle_max_size":"","bundle_price":[],"bundled_items":[],"bundle_sell_ids":[],"atum_controlled":true,"out_stock_date":null,"out_stock_threshold":null,"inheritable":false,"stock_on_hold":2,"sold_today":0,"sales_last_days":0,"out_stock_days":0,"lost_sales":0,"update_date":"2026-05-07T11:30:55","atum_locations":[],"atum_stock_status":"instock","restock_status":false,"low_stock_amount":"","sales_update_date":"2026-05-07T11:30:55","calc_backorders":null,"group_of_quantity":0,"min_quantity":0,"max_quantity":"","exclude_order_quantity_value_rules":"no","exclude_category_quantity_rules":"no","combine_variations":"no","yoast_head":"<!-- This site is optimized with the Yoast SEO Premium plugin v26.5 (Yoast SEO v26.5) - https:\/\/yoast.com\/wordpress\/plugins\/seo\/ -->\n<title>Poplar Bud Absolute | Living Libations<\/title>\n<meta name=\"description\" content=\"Les bourgeons, \u00e9galement connus sous le nom de baume de Galaad, sont utilis\u00e9s depuis les temps bibliques pour soulager les tensions et faire fondre les muscles lors des massages.\" \/>\n<meta name=\"robots\" content=\"index, follow, max-snippet:-1, max-image-preview:large, max-video-preview:-1\" \/>\n<link rel=\"canonical\" href=\"https:\/\/dutchhealthstore.com\/fr\/product\/poplar-bud-absolute\/\" \/>\n<meta property=\"og:locale\" content=\"fr_FR\" \/>\n<meta property=\"og:type\" content=\"article\" \/>\n<meta property=\"og:title\" content=\"Poplar Bud Absolute - Dutch Health Store\" \/>\n<meta property=\"og:description\" content=\"Les bourgeons, \u00e9galement connus sous le nom de baume de Galaad, sont utilis\u00e9s depuis les temps bibliques pour soulager les tensions et faire fondre les muscles lors des massages.\" \/>\n<meta property=\"og:url\" content=\"https:\/\/dutchhealthstore.com\/fr\/product\/poplar-bud-absolute\/\" \/>\n<meta property=\"og:site_name\" content=\"Dutch Health Store\" \/>\n<meta property=\"article:publisher\" content=\"https:\/\/www.instagram.com\/dutchhealthstore\/\" \/>\n<meta property=\"article:modified_time\" content=\"2025-09-23T13:28:47+00:00\" \/>\n<meta property=\"og:image\" content=\"https:\/\/dutchhealthstore.com\/wp-content\/uploads\/2020\/07\/Living-Libations-Popluar-Bud-Absolute-e1594129187797.jpg\" \/>\n\t<meta property=\"og:image:width\" content=\"500\" \/>\n\t<meta property=\"og:image:height\" content=\"500\" \/>\n\t<meta property=\"og:image:type\" content=\"image\/jpeg\" \/>\n<meta name=\"twitter:card\" content=\"summary_large_image\" \/>\n<meta name=\"twitter:label1\" content=\"Prix\" \/>\n\t<meta name=\"twitter:data1\" content=\"&euro;25,00\" \/>\n\t<meta name=\"twitter:label2\" content=\"Disponibilit\u00e9\" \/>\n\t<meta name=\"twitter:data2\" content=\"En stock\" \/>\n<script type=\"application\/ld+json\" class=\"yoast-schema-graph\">{\"@context\":\"https:\/\/schema.org\",\"@graph\":[{\"@type\":\"WebPage\",\"@id\":\"https:\/\/dutchhealthstore.com\/fr\/product\/poplar-bud-absolute\/\",\"url\":\"https:\/\/dutchhealthstore.com\/fr\/product\/poplar-bud-absolute\/\",\"name\":\"Poplar Bud Absolute | Living Libations\",\"isPartOf\":{\"@id\":\"https:\/\/dutchhealthstore.com\/fr\/#website\"},\"primaryImageOfPage\":{\"@id\":\"https:\/\/dutchhealthstore.com\/fr\/product\/poplar-bud-absolute\/#primaryimage\"},\"image\":{\"@id\":\"https:\/\/dutchhealthstore.com\/fr\/product\/poplar-bud-absolute\/#primaryimage\"},\"thumbnailUrl\":\"https:\/\/dutchhealthstore.com\/wp-content\/uploads\/2020\/07\/Living-Libations-Popluar-Bud-Absolute-e1594129187797.jpg\",\"datePublished\":\"2020-07-07T11:51:53+00:00\",\"dateModified\":\"2025-09-23T13:28:47+00:00\",\"description\":\"Les bourgeons, \u00e9galement connus sous le nom de baume de Galaad, sont utilis\u00e9s depuis les temps bibliques pour soulager les tensions et faire fondre les muscles lors des massages.\",\"breadcrumb\":{\"@id\":\"https:\/\/dutchhealthstore.com\/fr\/product\/poplar-bud-absolute\/#breadcrumb\"},\"inLanguage\":\"fr-FR\",\"potentialAction\":[{\"@type\":\"ReadAction\",\"target\":[\"https:\/\/dutchhealthstore.com\/fr\/product\/poplar-bud-absolute\/\"]}]},{\"@type\":\"ImageObject\",\"inLanguage\":\"fr-FR\",\"@id\":\"https:\/\/dutchhealthstore.com\/fr\/product\/poplar-bud-absolute\/#primaryimage\",\"url\":\"https:\/\/dutchhealthstore.com\/wp-content\/uploads\/2020\/07\/Living-Libations-Popluar-Bud-Absolute-e1594129187797.jpg\",\"contentUrl\":\"https:\/\/dutchhealthstore.com\/wp-content\/uploads\/2020\/07\/Living-Libations-Popluar-Bud-Absolute-e1594129187797.jpg\",\"width\":500,\"height\":500,\"caption\":\"Living Libations Popluar Bud Absolute\"},{\"@type\":\"BreadcrumbList\",\"@id\":\"https:\/\/dutchhealthstore.com\/fr\/product\/poplar-bud-absolute\/#breadcrumb\",\"itemListElement\":[{\"@type\":\"ListItem\",\"position\":1,\"name\":\"Home\",\"item\":\"https:\/\/dutchhealthstore.com\/fr\/\"},{\"@type\":\"ListItem\",\"position\":2,\"name\":\"Shop\",\"item\":\"https:\/\/dutchhealthstore.com\/fr\/shop\/\"},{\"@type\":\"ListItem\",\"position\":3,\"name\":\"Poplar Bud Absolute\"}]},{\"@type\":\"WebSite\",\"@id\":\"https:\/\/dutchhealthstore.com\/fr\/#website\",\"url\":\"https:\/\/dutchhealthstore.com\/fr\/\",\"name\":\"Dutch Health Store\",\"description\":\"Enhance Your Beauty with Organic &amp; Natural Skincare\",\"publisher\":{\"@id\":\"https:\/\/dutchhealthstore.com\/fr\/#organization\"},\"potentialAction\":[{\"@type\":\"SearchAction\",\"target\":{\"@type\":\"EntryPoint\",\"urlTemplate\":\"https:\/\/dutchhealthstore.com\/fr\/?s={search_term_string}\"},\"query-input\":{\"@type\":\"PropertyValueSpecification\",\"valueRequired\":true,\"valueName\":\"search_term_string\"}}],\"inLanguage\":\"fr-FR\"},{\"@type\":\"Organization\",\"@id\":\"https:\/\/dutchhealthstore.com\/fr\/#organization\",\"name\":\"Dutch Health Store\",\"url\":\"https:\/\/dutchhealthstore.com\/fr\/\",\"logo\":{\"@type\":\"ImageObject\",\"inLanguage\":\"fr-FR\",\"@id\":\"https:\/\/dutchhealthstore.com\/fr\/#\/schema\/logo\/image\/\",\"url\":\"https:\/\/dutchhealthstore.com\/wp-content\/uploads\/2020\/08\/logo-dutchhealthstore-jpg-e1599484957574.jpg\",\"contentUrl\":\"https:\/\/dutchhealthstore.com\/wp-content\/uploads\/2020\/08\/logo-dutchhealthstore-jpg-e1599484957574.jpg\",\"width\":400,\"height\":62,\"caption\":\"Dutch Health Store\"},\"image\":{\"@id\":\"https:\/\/dutchhealthstore.com\/fr\/#\/schema\/logo\/image\/\"},\"sameAs\":[\"https:\/\/www.instagram.com\/dutchhealthstore\/\",\"https:\/\/www.facebook.com\/dutchhealthstore\"]}]}<\/script>\n<meta property=\"product:brand\" content=\"Living Libations\" \/>\n<meta property=\"product:price:amount\" content=\"25.00\" \/>\n<meta property=\"product:price:currency\" content=\"EUR\" \/>\n<meta property=\"og:availability\" content=\"instock\" \/>\n<meta property=\"product:availability\" content=\"instock\" \/>\n<meta property=\"product:condition\" content=\"new\" \/>\n<!-- \/ Yoast SEO Premium plugin. -->","yoast_head_json":{"title":"Poplar Bud Absolute | Living Libations","description":"Les bourgeons, \u00e9galement connus sous le nom de baume de Galaad, sont utilis\u00e9s depuis les temps bibliques pour soulager les tensions et faire fondre les muscles lors des massages.","robots":{"index":"index","follow":"follow","max-snippet":"max-snippet:-1","max-image-preview":"max-image-preview:large","max-video-preview":"max-video-preview:-1"},"canonical":"https:\/\/dutchhealthstore.com\/fr\/product\/poplar-bud-absolute\/","og_locale":"fr_FR","og_type":"article","og_title":"Poplar Bud Absolute - Dutch Health Store","og_description":"Les bourgeons, \u00e9galement connus sous le nom de baume de Galaad, sont utilis\u00e9s depuis les temps bibliques pour soulager les tensions et faire fondre les muscles lors des massages.","og_url":"https:\/\/dutchhealthstore.com\/fr\/product\/poplar-bud-absolute\/","og_site_name":"Dutch Health Store","article_publisher":"https:\/\/www.instagram.com\/dutchhealthstore\/","article_modified_time":"2025-09-23T13:28:47+00:00","og_image":[{"width":500,"height":500,"url":"https:\/\/dutchhealthstore.com\/wp-content\/uploads\/2020\/07\/Living-Libations-Popluar-Bud-Absolute-e1594129187797.jpg","type":"image\/jpeg"}],"twitter_card":"summary_large_image","twitter_misc":{"Prix":"&euro;25,00","Disponibilit\u00e9":"En stock"},"schema":{"@context":"https:\/\/schema.org","@graph":[{"@type":"WebPage","@id":"https:\/\/dutchhealthstore.com\/fr\/product\/poplar-bud-absolute\/","url":"https:\/\/dutchhealthstore.com\/fr\/product\/poplar-bud-absolute\/","name":"Poplar Bud Absolute | Living Libations","isPartOf":{"@id":"https:\/\/dutchhealthstore.com\/fr\/#website"},"primaryImageOfPage":{"@id":"https:\/\/dutchhealthstore.com\/fr\/product\/poplar-bud-absolute\/#primaryimage"},"image":{"@id":"https:\/\/dutchhealthstore.com\/fr\/product\/poplar-bud-absolute\/#primaryimage"},"thumbnailUrl":"https:\/\/dutchhealthstore.com\/wp-content\/uploads\/2020\/07\/Living-Libations-Popluar-Bud-Absolute-e1594129187797.jpg","datePublished":"2020-07-07T11:51:53+00:00","dateModified":"2025-09-23T13:28:47+00:00","description":"Les bourgeons, \u00e9galement connus sous le nom de baume de Galaad, sont utilis\u00e9s depuis les temps bibliques pour soulager les tensions et faire fondre les muscles lors des massages.","breadcrumb":{"@id":"https:\/\/dutchhealthstore.com\/fr\/product\/poplar-bud-absolute\/#breadcrumb"},"inLanguage":"fr-FR","potentialAction":[{"@type":"ReadAction","target":["https:\/\/dutchhealthstore.com\/fr\/product\/poplar-bud-absolute\/"]}]},{"@type":"ImageObject","inLanguage":"fr-FR","@id":"https:\/\/dutchhealthstore.com\/fr\/product\/poplar-bud-absolute\/#primaryimage","url":"https:\/\/dutchhealthstore.com\/wp-content\/uploads\/2020\/07\/Living-Libations-Popluar-Bud-Absolute-e1594129187797.jpg","contentUrl":"https:\/\/dutchhealthstore.com\/wp-content\/uploads\/2020\/07\/Living-Libations-Popluar-Bud-Absolute-e1594129187797.jpg","width":500,"height":500,"caption":"Living Libations Popluar Bud Absolute"},{"@type":"BreadcrumbList","@id":"https:\/\/dutchhealthstore.com\/fr\/product\/poplar-bud-absolute\/#breadcrumb","itemListElement":[{"@type":"ListItem","position":1,"name":"Home","item":"https:\/\/dutchhealthstore.com\/fr\/"},{"@type":"ListItem","position":2,"name":"Shop","item":"https:\/\/dutchhealthstore.com\/fr\/shop\/"},{"@type":"ListItem","position":3,"name":"Poplar Bud Absolute"}]},{"@type":"WebSite","@id":"https:\/\/dutchhealthstore.com\/fr\/#website","url":"https:\/\/dutchhealthstore.com\/fr\/","name":"Dutch Health Store","description":"Enhance Your Beauty with Organic &amp; Natural Skincare","publisher":{"@id":"https:\/\/dutchhealthstore.com\/fr\/#organization"},"potentialAction":[{"@type":"SearchAction","target":{"@type":"EntryPoint","urlTemplate":"https:\/\/dutchhealthstore.com\/fr\/?s={search_term_string}"},"query-input":{"@type":"PropertyValueSpecification","valueRequired":true,"valueName":"search_term_string"}}],"inLanguage":"fr-FR"},{"@type":"Organization","@id":"https:\/\/dutchhealthstore.com\/fr\/#organization","name":"Dutch Health Store","url":"https:\/\/dutchhealthstore.com\/fr\/","logo":{"@type":"ImageObject","inLanguage":"fr-FR","@id":"https:\/\/dutchhealthstore.com\/fr\/#\/schema\/logo\/image\/","url":"https:\/\/dutchhealthstore.com\/wp-content\/uploads\/2020\/08\/logo-dutchhealthstore-jpg-e1599484957574.jpg","contentUrl":"https:\/\/dutchhealthstore.com\/wp-content\/uploads\/2020\/08\/logo-dutchhealthstore-jpg-e1599484957574.jpg","width":400,"height":62,"caption":"Dutch Health Store"},"image":{"@id":"https:\/\/dutchhealthstore.com\/fr\/#\/schema\/logo\/image\/"},"sameAs":["https:\/\/www.instagram.com\/dutchhealthstore\/","https:\/\/www.facebook.com\/dutchhealthstore"]}]},"product_brand":"Living Libations","product_price_amount":"25.00","product_price_currency":"EUR","og_availability":"instock","product_availability":"instock","product_condition":"new"},"_links":{"self":[{"href":"https:\/\/dutchhealthstore.com\/fr\/wp-json\/wp\/v2\/product\/122699","targetHints":{"allow":["GET"]}}],"collection":[{"href":"https:\/\/dutchhealthstore.com\/fr\/wp-json\/wp\/v2\/product"}],"about":[{"href":"https:\/\/dutchhealthstore.com\/fr\/wp-json\/wp\/v2\/types\/product"}],"replies":[{"embeddable":true,"href":"https:\/\/dutchhealthstore.com\/fr\/wp-json\/wp\/v2\/comments?post=122699"}],"wp:featuredmedia":[{"embeddable":true,"href":"https:\/\/dutchhealthstore.com\/fr\/wp-json\/wp\/v2\/media\/111913"}],"wp:attachment":[{"href":"https:\/\/dutchhealthstore.com\/fr\/wp-json\/wp\/v2\/media?parent=122699"}],"wp:term":[{"taxonomy":"product_brand","embeddable":true,"href":"https:\/\/dutchhealthstore.com\/fr\/wp-json\/wp\/v2\/product_brand?post=122699"},{"taxonomy":"product_cat","embeddable":true,"href":"https:\/\/dutchhealthstore.com\/fr\/wp-json\/wp\/v2\/product_cat?post=122699"},{"taxonomy":"product_tag","embeddable":true,"href":"https:\/\/dutchhealthstore.com\/fr\/wp-json\/wp\/v2\/product_tag?post=122699"}],"curies":[{"name":"wp","href":"https:\/\/api.w.org\/{rel}","templated":true}]}}