{"id":122652,"date":"2018-02-10T20:55:11","date_gmt":"2018-02-10T19:55:11","guid":{"rendered":"https:\/\/dutchhealthstore.com\/product\/pomegranate-lavender\/"},"modified":"2023-01-26T10:14:13","modified_gmt":"2023-01-26T10:14:13","slug":"pomegranate-lavender","status":"publish","type":"product","link":"https:\/\/dutchhealthstore.com\/fr\/product\/pomegranate-lavender\/","title":{"rendered":"Pomegranate Carrier Oil"},"content":{"rendered":"<p><img decoding=\"async\" class=\"size-full wp-image-37041 alignright\" src=\"https:\/\/dutchhealthstore.com\/wp-content\/uploads\/2018\/04\/Living_Libations-1.png\" alt=\"Organic &amp; Natural Beautyproducts - Living Libations\" width=\"175\" height=\"82\"><\/p>\n<p><strong>Nom botanique :<\/strong> Punica granatum<br \/>\n<strong>Famille botanique :<\/strong> Lythraceae<br \/>\n<strong>M\u00e9thode d&rsquo;extraction :<\/strong> CO2<br \/>\n<strong>Partie de la plante distill\u00e9e :<\/strong> Graine<br \/>\n<strong>Pays d&rsquo;origine :<\/strong> Turquie<br \/>\n<strong>M\u00e9thode de culture :<\/strong> Organique<br \/>\n<strong>Composition :<\/strong> 95% Punica granatum + 5% Lavandula angustifolia<br \/>\n<strong>Consistance :<\/strong> Moyenne<\/p>\n<h3>Description de l&rsquo;odeur<\/h3>\n<p>La subtilit\u00e9 surprenante des baies avec des notes lointaines de chocolat amer et de lavande.<\/p>\n<h3>Se marie bien avec<\/h3>\n<p>Lavande, encens, rose otto, pamplemousse, ylang, achill\u00e9e millefeuille, tanaisie bleue, camomille, baies d&rsquo;argousier, bergamote, immortelle et cypr\u00e8s.<\/p>\n<a href=\"https:\/\/dutchhealthstore.com\/wp-content\/uploads\/2018\/02\/ANALYSIS-Pomegranate-Carrier-Oil-Living-Libations.pdf\" class=\"button primary is-primary is-small\"  >\n\t\t<span>ANALYSE DU PRODUIT &gt;<\/span>\n\t<\/a>\n\n<h3>Utilisations<\/h3>\n<p>Hautement hydratant ; id\u00e9al pour les peaux s\u00e8ches et rouges. Super succulent pour les s\u00e9rums pour la peau afin de r\u00e9duire l&rsquo;apparence des cicatrices et du teint in\u00e9gal. Constituants : Comprend les st\u00e9rols v\u00e9g\u00e9taux, l&rsquo;acide punique, l&rsquo;acide ellagique, les tocoph\u00e9rols et le squal\u00e8ne.<\/p>\n<p>Pomegranate Carrier Oil est une extraction super-critique des graines de l&rsquo;un des fruits les plus fertiles de la nature et contient une pl\u00e9thore de propri\u00e9t\u00e9s v\u00e9g\u00e9tales. Il est associ\u00e9 \u00e0 une touche d&rsquo;huile essentielle de lavande pour renforcer sa stabilit\u00e9 et sa capacit\u00e9 \u00e0 \u00eatre absorb\u00e9 par la peau.<\/p>\n<p><strong>Taille : 15 ml et 30 ml<\/strong><\/p>\n<h3>Ingr\u00e9dients biologiques<\/h3>\n<p>95% Punica granatum et 5% Lavandula angustifolia<\/p>\n<p style=\"text-align: center;\"><em>\u00ab\u00a0La grenade brillait dans ses l\u00e8vres, et le ciel de midi dans ses yeux. Toucher son visage \u00e9tait cette exp\u00e9rience toujours nouvelle d&rsquo;ouvrir sa fen\u00eatre un matin de d\u00e9cembre, t\u00f4t, et de tendre la main vers le premier poudrage blanc et frais de la neige qui \u00e9tait venue, silencieusement, sans annonce, dans la nuit.\u00a0\u00bb<\/em><br \/>\n~ Ray Bradbury, <strong>Dandelion Wine<\/strong><\/p>\n<p><b><img fetchpriority=\"high\" decoding=\"async\" class=\"size-full wp-image-31577 aligncenter\" src=\"https:\/\/dutchhealthstore.com\/wp-content\/uploads\/2018\/03\/organic_big.png\" alt=\"Organic and Natural - Living Libations\" width=\"623\" height=\"103\" srcset=\"https:\/\/dutchhealthstore.com\/wp-content\/uploads\/2018\/03\/organic_big.png 623w, https:\/\/dutchhealthstore.com\/wp-content\/uploads\/2018\/03\/organic_big-510x84.png 510w, https:\/\/dutchhealthstore.com\/wp-content\/uploads\/2018\/03\/organic_big-600x99.png 600w, https:\/\/dutchhealthstore.com\/wp-content\/uploads\/2018\/03\/organic_big-350x58.png 350w\" sizes=\"(max-width: 623px) 100vw, 623px\" \/> <\/b><\/p>\n","protected":false},"excerpt":{"rendered":"<p><strong>Pomegranate oil<\/strong>, qui a fait l&rsquo;objet d&rsquo;\u00e9loges, regorge de nutriments b\u00e9n\u00e9fiques et d&rsquo;acides gras qui donnent une sensation de fra\u00eecheur \u00e0 la peau du visage.<br \/>\nPomegranate oil est un hydratant marqu\u00e9, et lorsqu&rsquo;elle est ajout\u00e9e aux m\u00e9langes de soins de la peau, elle lisse, apaise et unifie le teint pour un \u00e9clat radieux.<br \/>\nIl est associ\u00e9 \u00e0 une touche d&rsquo;huile essentielle de lavande pour pr\u00e9server la stabilit\u00e9 et la fra\u00eecheur.<\/p>\n","protected":false},"featured_media":114018,"comment_status":"open","ping_status":"closed","template":"","meta":[],"product_brand":[],"product_cat":[1507,6734,3755,1211,1209,1010,6733],"product_tag":[8910,4495],"class_list":{"0":"post-122652","1":"product","2":"type-product","3":"status-publish","4":"has-post-thumbnail","6":"product_cat-plantes-huiles-essentielles-living-libations","7":"product_cat-essential-oils","8":"product_cat-huiles-vegetales","9":"product_cat-living-libations-france","10":"product_cat-par-marques","11":"product_cat-notre-boutique","12":"product_cat-wellness-fr-2","13":"product_tag-carrier-oil-fr","14":"product_tag-essential-oil-fr","15":"pa_brand-livinglibations-fr","16":"pa_essential-oils-product-type-carrier-oils-fr","17":"pa_essential-oils-product-type-essential-oils-fr","18":"pa_size-15-ml-fr","19":"pa_size-30-ml-fr","21":"first","22":"instock","23":"taxable","24":"shipping-taxable","25":"purchasable","26":"product-type-variable"},"bundled_by":[],"bundle_stock_status":"instock","bundle_stock_quantity":null,"bundle_virtual":false,"bundle_layout":"","bundle_add_to_cart_form_location":"","bundle_editable_in_cart":false,"bundle_sold_individually_context":"","bundle_item_grouping":"","bundle_min_size":"","bundle_max_size":"","bundle_price":[],"bundled_items":[],"bundle_sell_ids":[],"atum_controlled":true,"out_stock_date":null,"out_stock_threshold":null,"inheritable":true,"stock_on_hold":0,"sold_today":0,"sales_last_days":1,"out_stock_days":0,"lost_sales":0,"update_date":"2026-04-07T12:41:18","atum_locations":[],"atum_stock_status":"instock","restock_status":false,"low_stock_amount":"","sales_update_date":"2026-03-31T01:44:26","calc_backorders":null,"group_of_quantity":0,"min_quantity":0,"max_quantity":"","exclude_order_quantity_value_rules":"no","exclude_category_quantity_rules":"no","combine_variations":"no","yoast_head":"<!-- This site is optimized with the Yoast SEO Premium plugin v26.5 (Yoast SEO v26.5) - https:\/\/yoast.com\/wordpress\/plugins\/seo\/ -->\n<title>Pomegranate Carrier Oil | Living Libations<\/title>\n<meta name=\"description\" content=\"Pomegranate oil est un hydratant marqu\u00e9, et lorsqu&#039;elle est ajout\u00e9e aux m\u00e9langes de soins de la peau, elle lisse, apaise et unifie le teint pour un \u00e9clat radieux.\" \/>\n<meta name=\"robots\" content=\"index, follow, max-snippet:-1, max-image-preview:large, max-video-preview:-1\" \/>\n<link rel=\"canonical\" href=\"https:\/\/dutchhealthstore.com\/fr\/product\/pomegranate-lavender\/\" \/>\n<meta property=\"og:locale\" content=\"fr_FR\" \/>\n<meta property=\"og:type\" content=\"article\" \/>\n<meta property=\"og:title\" content=\"Pomegranate Carrier Oil - Dutch Health Store\" \/>\n<meta property=\"og:description\" content=\"Pomegranate oil est un hydratant marqu\u00e9, et lorsqu&#039;elle est ajout\u00e9e aux m\u00e9langes de soins de la peau, elle lisse, apaise et unifie le teint pour un \u00e9clat radieux.\" \/>\n<meta property=\"og:url\" content=\"https:\/\/dutchhealthstore.com\/fr\/product\/pomegranate-lavender\/\" \/>\n<meta property=\"og:site_name\" content=\"Dutch Health Store\" \/>\n<meta property=\"article:publisher\" content=\"https:\/\/www.instagram.com\/dutchhealthstore\/\" \/>\n<meta property=\"article:modified_time\" content=\"2023-01-26T10:14:13+00:00\" \/>\n<meta property=\"og:image\" content=\"https:\/\/dutchhealthstore.com\/wp-content\/uploads\/2018\/02\/Living-Libations-Pomegranate-Carrier-Oil-e1594890831391.jpg\" \/>\n\t<meta property=\"og:image:width\" content=\"500\" \/>\n\t<meta property=\"og:image:height\" content=\"500\" \/>\n\t<meta property=\"og:image:type\" content=\"image\/jpeg\" \/>\n<meta name=\"twitter:card\" content=\"summary_large_image\" \/>\n<meta name=\"twitter:label1\" content=\"Disponibilit\u00e9\" \/>\n\t<meta name=\"twitter:data1\" content=\"En stock\" \/>\n<script type=\"application\/ld+json\" class=\"yoast-schema-graph\">{\"@context\":\"https:\/\/schema.org\",\"@graph\":[{\"@type\":\"WebPage\",\"@id\":\"https:\/\/dutchhealthstore.com\/fr\/product\/pomegranate-lavender\/\",\"url\":\"https:\/\/dutchhealthstore.com\/fr\/product\/pomegranate-lavender\/\",\"name\":\"Pomegranate Carrier Oil | Living Libations\",\"isPartOf\":{\"@id\":\"https:\/\/dutchhealthstore.com\/fr\/#website\"},\"primaryImageOfPage\":{\"@id\":\"https:\/\/dutchhealthstore.com\/fr\/product\/pomegranate-lavender\/#primaryimage\"},\"image\":{\"@id\":\"https:\/\/dutchhealthstore.com\/fr\/product\/pomegranate-lavender\/#primaryimage\"},\"thumbnailUrl\":\"https:\/\/dutchhealthstore.com\/wp-content\/uploads\/2018\/02\/Living-Libations-Pomegranate-Carrier-Oil-e1594890831391.jpg\",\"datePublished\":\"2018-02-10T19:55:11+00:00\",\"dateModified\":\"2023-01-26T10:14:13+00:00\",\"description\":\"Pomegranate oil est un hydratant marqu\u00e9, et lorsqu'elle est ajout\u00e9e aux m\u00e9langes de soins de la peau, elle lisse, apaise et unifie le teint pour un \u00e9clat radieux.\",\"breadcrumb\":{\"@id\":\"https:\/\/dutchhealthstore.com\/fr\/product\/pomegranate-lavender\/#breadcrumb\"},\"inLanguage\":\"fr-FR\",\"potentialAction\":[{\"@type\":\"ReadAction\",\"target\":[\"https:\/\/dutchhealthstore.com\/fr\/product\/pomegranate-lavender\/\"]}]},{\"@type\":\"ImageObject\",\"inLanguage\":\"fr-FR\",\"@id\":\"https:\/\/dutchhealthstore.com\/fr\/product\/pomegranate-lavender\/#primaryimage\",\"url\":\"https:\/\/dutchhealthstore.com\/wp-content\/uploads\/2018\/02\/Living-Libations-Pomegranate-Carrier-Oil-e1594890831391.jpg\",\"contentUrl\":\"https:\/\/dutchhealthstore.com\/wp-content\/uploads\/2018\/02\/Living-Libations-Pomegranate-Carrier-Oil-e1594890831391.jpg\",\"width\":500,\"height\":500,\"caption\":\"Living Libations Pomegranate Carrier Oil\"},{\"@type\":\"BreadcrumbList\",\"@id\":\"https:\/\/dutchhealthstore.com\/fr\/product\/pomegranate-lavender\/#breadcrumb\",\"itemListElement\":[{\"@type\":\"ListItem\",\"position\":1,\"name\":\"Home\",\"item\":\"https:\/\/dutchhealthstore.com\/fr\/\"},{\"@type\":\"ListItem\",\"position\":2,\"name\":\"Shop\",\"item\":\"https:\/\/dutchhealthstore.com\/fr\/shop\/\"},{\"@type\":\"ListItem\",\"position\":3,\"name\":\"Pomegranate Carrier Oil\"}]},{\"@type\":\"WebSite\",\"@id\":\"https:\/\/dutchhealthstore.com\/fr\/#website\",\"url\":\"https:\/\/dutchhealthstore.com\/fr\/\",\"name\":\"Dutch Health Store\",\"description\":\"Enhance Your Beauty with Organic &amp; Natural Skincare\",\"publisher\":{\"@id\":\"https:\/\/dutchhealthstore.com\/fr\/#organization\"},\"potentialAction\":[{\"@type\":\"SearchAction\",\"target\":{\"@type\":\"EntryPoint\",\"urlTemplate\":\"https:\/\/dutchhealthstore.com\/fr\/?s={search_term_string}\"},\"query-input\":{\"@type\":\"PropertyValueSpecification\",\"valueRequired\":true,\"valueName\":\"search_term_string\"}}],\"inLanguage\":\"fr-FR\"},{\"@type\":\"Organization\",\"@id\":\"https:\/\/dutchhealthstore.com\/fr\/#organization\",\"name\":\"Dutch Health Store\",\"url\":\"https:\/\/dutchhealthstore.com\/fr\/\",\"logo\":{\"@type\":\"ImageObject\",\"inLanguage\":\"fr-FR\",\"@id\":\"https:\/\/dutchhealthstore.com\/fr\/#\/schema\/logo\/image\/\",\"url\":\"https:\/\/dutchhealthstore.com\/wp-content\/uploads\/2020\/08\/logo-dutchhealthstore-jpg-e1599484957574.jpg\",\"contentUrl\":\"https:\/\/dutchhealthstore.com\/wp-content\/uploads\/2020\/08\/logo-dutchhealthstore-jpg-e1599484957574.jpg\",\"width\":400,\"height\":62,\"caption\":\"Dutch Health Store\"},\"image\":{\"@id\":\"https:\/\/dutchhealthstore.com\/fr\/#\/schema\/logo\/image\/\"},\"sameAs\":[\"https:\/\/www.instagram.com\/dutchhealthstore\/\",\"https:\/\/www.facebook.com\/dutchhealthstore\"]}]}<\/script>\n<meta property=\"product:brand\" content=\"Living Libations\" \/>\n<meta property=\"og:availability\" content=\"instock\" \/>\n<meta property=\"product:availability\" content=\"instock\" \/>\n<meta property=\"product:condition\" content=\"new\" \/>\n<!-- \/ Yoast SEO Premium plugin. -->","yoast_head_json":{"title":"Pomegranate Carrier Oil | Living Libations","description":"Pomegranate oil est un hydratant marqu\u00e9, et lorsqu'elle est ajout\u00e9e aux m\u00e9langes de soins de la peau, elle lisse, apaise et unifie le teint pour un \u00e9clat radieux.","robots":{"index":"index","follow":"follow","max-snippet":"max-snippet:-1","max-image-preview":"max-image-preview:large","max-video-preview":"max-video-preview:-1"},"canonical":"https:\/\/dutchhealthstore.com\/fr\/product\/pomegranate-lavender\/","og_locale":"fr_FR","og_type":"article","og_title":"Pomegranate Carrier Oil - Dutch Health Store","og_description":"Pomegranate oil est un hydratant marqu\u00e9, et lorsqu'elle est ajout\u00e9e aux m\u00e9langes de soins de la peau, elle lisse, apaise et unifie le teint pour un \u00e9clat radieux.","og_url":"https:\/\/dutchhealthstore.com\/fr\/product\/pomegranate-lavender\/","og_site_name":"Dutch Health Store","article_publisher":"https:\/\/www.instagram.com\/dutchhealthstore\/","article_modified_time":"2023-01-26T10:14:13+00:00","og_image":[{"width":500,"height":500,"url":"https:\/\/dutchhealthstore.com\/wp-content\/uploads\/2018\/02\/Living-Libations-Pomegranate-Carrier-Oil-e1594890831391.jpg","type":"image\/jpeg"}],"twitter_card":"summary_large_image","twitter_misc":{"Disponibilit\u00e9":"En stock"},"schema":{"@context":"https:\/\/schema.org","@graph":[{"@type":"WebPage","@id":"https:\/\/dutchhealthstore.com\/fr\/product\/pomegranate-lavender\/","url":"https:\/\/dutchhealthstore.com\/fr\/product\/pomegranate-lavender\/","name":"Pomegranate Carrier Oil | Living Libations","isPartOf":{"@id":"https:\/\/dutchhealthstore.com\/fr\/#website"},"primaryImageOfPage":{"@id":"https:\/\/dutchhealthstore.com\/fr\/product\/pomegranate-lavender\/#primaryimage"},"image":{"@id":"https:\/\/dutchhealthstore.com\/fr\/product\/pomegranate-lavender\/#primaryimage"},"thumbnailUrl":"https:\/\/dutchhealthstore.com\/wp-content\/uploads\/2018\/02\/Living-Libations-Pomegranate-Carrier-Oil-e1594890831391.jpg","datePublished":"2018-02-10T19:55:11+00:00","dateModified":"2023-01-26T10:14:13+00:00","description":"Pomegranate oil est un hydratant marqu\u00e9, et lorsqu'elle est ajout\u00e9e aux m\u00e9langes de soins de la peau, elle lisse, apaise et unifie le teint pour un \u00e9clat radieux.","breadcrumb":{"@id":"https:\/\/dutchhealthstore.com\/fr\/product\/pomegranate-lavender\/#breadcrumb"},"inLanguage":"fr-FR","potentialAction":[{"@type":"ReadAction","target":["https:\/\/dutchhealthstore.com\/fr\/product\/pomegranate-lavender\/"]}]},{"@type":"ImageObject","inLanguage":"fr-FR","@id":"https:\/\/dutchhealthstore.com\/fr\/product\/pomegranate-lavender\/#primaryimage","url":"https:\/\/dutchhealthstore.com\/wp-content\/uploads\/2018\/02\/Living-Libations-Pomegranate-Carrier-Oil-e1594890831391.jpg","contentUrl":"https:\/\/dutchhealthstore.com\/wp-content\/uploads\/2018\/02\/Living-Libations-Pomegranate-Carrier-Oil-e1594890831391.jpg","width":500,"height":500,"caption":"Living Libations Pomegranate Carrier Oil"},{"@type":"BreadcrumbList","@id":"https:\/\/dutchhealthstore.com\/fr\/product\/pomegranate-lavender\/#breadcrumb","itemListElement":[{"@type":"ListItem","position":1,"name":"Home","item":"https:\/\/dutchhealthstore.com\/fr\/"},{"@type":"ListItem","position":2,"name":"Shop","item":"https:\/\/dutchhealthstore.com\/fr\/shop\/"},{"@type":"ListItem","position":3,"name":"Pomegranate Carrier Oil"}]},{"@type":"WebSite","@id":"https:\/\/dutchhealthstore.com\/fr\/#website","url":"https:\/\/dutchhealthstore.com\/fr\/","name":"Dutch Health Store","description":"Enhance Your Beauty with Organic &amp; Natural Skincare","publisher":{"@id":"https:\/\/dutchhealthstore.com\/fr\/#organization"},"potentialAction":[{"@type":"SearchAction","target":{"@type":"EntryPoint","urlTemplate":"https:\/\/dutchhealthstore.com\/fr\/?s={search_term_string}"},"query-input":{"@type":"PropertyValueSpecification","valueRequired":true,"valueName":"search_term_string"}}],"inLanguage":"fr-FR"},{"@type":"Organization","@id":"https:\/\/dutchhealthstore.com\/fr\/#organization","name":"Dutch Health Store","url":"https:\/\/dutchhealthstore.com\/fr\/","logo":{"@type":"ImageObject","inLanguage":"fr-FR","@id":"https:\/\/dutchhealthstore.com\/fr\/#\/schema\/logo\/image\/","url":"https:\/\/dutchhealthstore.com\/wp-content\/uploads\/2020\/08\/logo-dutchhealthstore-jpg-e1599484957574.jpg","contentUrl":"https:\/\/dutchhealthstore.com\/wp-content\/uploads\/2020\/08\/logo-dutchhealthstore-jpg-e1599484957574.jpg","width":400,"height":62,"caption":"Dutch Health Store"},"image":{"@id":"https:\/\/dutchhealthstore.com\/fr\/#\/schema\/logo\/image\/"},"sameAs":["https:\/\/www.instagram.com\/dutchhealthstore\/","https:\/\/www.facebook.com\/dutchhealthstore"]}]},"product_brand":"Living Libations","og_availability":"instock","product_availability":"instock","product_condition":"new"},"_links":{"self":[{"href":"https:\/\/dutchhealthstore.com\/fr\/wp-json\/wp\/v2\/product\/122652","targetHints":{"allow":["GET"]}}],"collection":[{"href":"https:\/\/dutchhealthstore.com\/fr\/wp-json\/wp\/v2\/product"}],"about":[{"href":"https:\/\/dutchhealthstore.com\/fr\/wp-json\/wp\/v2\/types\/product"}],"replies":[{"embeddable":true,"href":"https:\/\/dutchhealthstore.com\/fr\/wp-json\/wp\/v2\/comments?post=122652"}],"wp:featuredmedia":[{"embeddable":true,"href":"https:\/\/dutchhealthstore.com\/fr\/wp-json\/wp\/v2\/media\/114018"}],"wp:attachment":[{"href":"https:\/\/dutchhealthstore.com\/fr\/wp-json\/wp\/v2\/media?parent=122652"}],"wp:term":[{"taxonomy":"product_brand","embeddable":true,"href":"https:\/\/dutchhealthstore.com\/fr\/wp-json\/wp\/v2\/product_brand?post=122652"},{"taxonomy":"product_cat","embeddable":true,"href":"https:\/\/dutchhealthstore.com\/fr\/wp-json\/wp\/v2\/product_cat?post=122652"},{"taxonomy":"product_tag","embeddable":true,"href":"https:\/\/dutchhealthstore.com\/fr\/wp-json\/wp\/v2\/product_tag?post=122652"}],"curies":[{"name":"wp","href":"https:\/\/api.w.org\/{rel}","templated":true}]}}