{"id":122594,"date":"2018-02-10T20:18:17","date_gmt":"2018-02-10T19:18:17","guid":{"rendered":"https:\/\/dutchhealthstore.com\/product\/pine-grand-white-essential-oil\/"},"modified":"2025-10-28T11:08:13","modified_gmt":"2025-10-28T10:08:13","slug":"pine-grand-white-essential-oil","status":"publish","type":"product","link":"https:\/\/dutchhealthstore.com\/fr\/product\/pine-grand-white-essential-oil\/","title":{"rendered":"Pine, Grand White Essential Oil"},"content":{"rendered":"<p><img decoding=\"async\" class=\"size-full wp-image-69549 alignright\" src=\"https:\/\/dutchhealthstore.com\/wp-content\/uploads\/2019\/08\/NEW-Living-Libations-Logo.jpg\" alt=\"NEW - Living Libations - Logo\" width=\"175\" height=\"82\"><strong>Nom botanique:<\/strong> Pinus strobus<br \/>\n<strong>Famille botanique :<\/strong> Pinaceae<br \/>\n<strong>M\u00e9thode d&rsquo;extraction :<\/strong> Distillation \u00e0 la vapeur<br \/>\n<strong>Partie de la plante distill\u00e9e :<\/strong> Aiguilles<br \/>\n<strong>Pays d&rsquo;origine :<\/strong> Canada<br \/>\n<strong>M\u00e9thode de culture :<\/strong> R\u00e9colte sauvage<br \/>\n<strong>Composition:<\/strong> 100% Pinus strobus<br \/>\n<strong>Consistance :<\/strong> Viscosit\u00e9 fine<\/p>\n<h3>Description de l&rsquo;odeur<\/h3>\n<p>Feuilles persistantes givr\u00e9es avec des notes de r\u00e9sine balsamique bois\u00e9e.<\/p>\n<h3>Se marie bien avec<\/h3>\n<p>Cypr\u00e8s, Gen\u00e9vrier, Encens, Citron, Bergamote, Origan, Rose Otto, Spikenard, Mousse du Groenland, Feverfew, Menthe poivr\u00e9e et Lavande.<\/p>\n<a href=\"https:\/\/dutchhealthstore.com\/wp-content\/uploads\/2018\/02\/ANALYSIS-Pine-Grand-White-Essential-Oil-Living-Libations.pdf\" class=\"button primary is-primary is-small\"  >\n\t\t<span>ANALYSE DES HUILES ESSENTIELLES &gt;<\/span>\n\t<\/a>\n\n<h3>Utilisations<\/h3>\n<p>G\u00e9nial dans les diffuseurs, les tuyaux de sel et les m\u00e9langes pour le nettoyage de la maison. \u00c0 m\u00e9langer aux huiles de massage et aux eaux de Cologne. Excellent dans les soins capillaires pour enlever les squames de la peau s\u00e8che. \u00c9quilibre le s\u00e9bum dans les baumes de beaut\u00e9. Aimez oindre sur la poitrine, sous le nez, et sur le front pour les m\u00e9ditations en pleine conscience.<\/p>\n<p>Ce pin du grand nord blanc peuple fi\u00e8rement les for\u00eats canadiennes. Notre huile est amoureusement recueillie \u00e0 partir des aiguilles immacul\u00e9es, vert argent\u00e9, de cet arbre ancien, qui peut vivre plus de 400 ans. Les Am\u00e9rindiens Iroquois, Ojibwa et Chippewa utilisaient le pin \u00e0 diverses fins, notamment pour faire du th\u00e9 avec les aiguilles et pour se nourrir de l&rsquo;\u00e9corce int\u00e9rieure molle pendant les mois d&rsquo;hiver.<\/p>\n<p>L&rsquo;essence primordiale du pin puise dans la puissance de si\u00e8cles d&rsquo;utilisation par des personnes qui vivaient en harmonie avec le monde naturel qui les entourait. Inhaler notre Grand White Pine Essential Oil, c&rsquo;est se connecter instantan\u00e9ment au niveau le plus profond avec des centaines d&rsquo;ann\u00e9es de sagesse des arbres, avec son assistance r\u00e9paratrice et sa perfection du temps pr\u00e9sent. V\u00e9n\u00e9r\u00e9e par les Am\u00e9rindiens comme \u00ab\u00a0l&rsquo;arbre de la paix\u00a0\u00bb, cette huile nourrissante \u00e9largit la poitrine lorsque vous respirez le parfum frais de l&rsquo;evergreen revitalisant.<\/p>\n<p><strong>Taille : 5 ml<\/strong><\/p>\n<h3>Ingr\u00e9dients biologiques<\/h3>\n<p>100% d&rsquo;huile essentielle de grand pin blanc (Pinus strobus).<\/p>\n<p style=\"text-align: center;\">\u00ab\u00a0Quelle chose c&rsquo;est que de rester l\u00e0 toute la journ\u00e9e dans la brise fine, avec les aiguilles de pin qui tombent sur soi, pour revenir \u00e0 l&rsquo;h\u00f4tel le soir, si affam\u00e9 que le d\u00eener, pourtant familial, est une f\u00eate, et le menu une lecture plus fine que la meilleure po\u00e9sie du monde !\u00a0\u00bb.<br \/>\n~ Will Cather, <strong>1956<\/strong><\/p>\n<p style=\"text-align: center;\"><em>\u00ab\u00a0L&rsquo;aiguille de pin est parfois utilis\u00e9e pour conf\u00e9rer des notes de c\u0153ur r\u00e9sineuses dans les parfums masculins, g\u00e9n\u00e9ralement de type foug\u00e8re aromatique.\u00a0\u00bb<\/em><br \/>\n~ Jennifer Peace Rhind, <strong>Fragrance and Wellbeing<\/strong><\/p>\n<p style=\"text-align: center;\"><em>\u00ab\u00a0La teneur \u00e9lev\u00e9e en hydrocarbures monoterp\u00e9niques est caract\u00e9ristique des huiles d&rsquo;aiguille\u00a0\u00bb.<\/em><br \/>\n~ Kurt Schnaubelt, <strong>Advanced Aromatherapy<\/strong><\/p>\n<p style=\"text-align: center;\"><em>\u00ab\u00a0En outre, l&rsquo;odeur du pin \u00e9voque pour beaucoup de gens l&rsquo;image d&rsquo;une naturel sauvage de for\u00eats sans fin, \u00e9voquant ainsi un type de sentiment ouvert et expansif. Cela en fait une huile utile pour les plaintes li\u00e9es au stress, surtout lorsqu&rsquo;elles sont accompagn\u00e9es d&rsquo;\u00e9puisement et de fatigue constante&#8230;\u00a0\u00bb<\/em><br \/>\n~ Julia Lawless, <strong>Aromatherapy and the Mind<\/strong><\/p>\n<p style=\"text-align: center;\"><em>\u00ab\u00a0Les pins regardent l&rsquo;humanit\u00e9 aller et venir, tandis qu&rsquo;ils vivent, parmi eux, en dessous d&rsquo;eux, nous respirons leur parfum puissant, qui jaillit dans notre esprit et se termine par une explosion int\u00e9rieure de compr\u00e9hension.\u00a0\u00bb<\/em><br \/>\n~ Valerie Ann Worwood, <strong>Aromatherapy for the Soul<\/strong><\/p>\n<p><img fetchpriority=\"high\" decoding=\"async\" class=\"size-medium wp-image-68103 aligncenter\" src=\"https:\/\/dutchhealthstore.com\/wp-content\/uploads\/2018\/02\/Living-Libations-Organic-Logo-800x89.png\" alt=\"Living Libations - Organic Logo\" width=\"800\" height=\"89\" srcset=\"https:\/\/dutchhealthstore.com\/wp-content\/uploads\/2018\/02\/Living-Libations-Organic-Logo-800x89.png 800w, https:\/\/dutchhealthstore.com\/wp-content\/uploads\/2018\/02\/Living-Libations-Organic-Logo-510x57.png 510w, https:\/\/dutchhealthstore.com\/wp-content\/uploads\/2018\/02\/Living-Libations-Organic-Logo-768x85.png 768w, https:\/\/dutchhealthstore.com\/wp-content\/uploads\/2018\/02\/Living-Libations-Organic-Logo.png 1400w\" sizes=\"(max-width: 800px) 100vw, 800px\" \/><\/p>\n","protected":false},"excerpt":{"rendered":"<p><strong>Grand White Pine Essential Oil v\u00e9ritable<\/strong> est fabriqu\u00e9e \u00e0 l&rsquo;\u00e9tat sauvage \u00e0 partir des aiguilles d&rsquo;arbres canadiens.<br \/>\nLe parfum frais et piquant du pin est parfait pour les bains purifiants, les huiles de massage puissantes, le nettoyage de la maison et les baumes de beaut\u00e9.<br \/>\nLe parfum vif du pin \u00e9veille les sens et soulage les pens\u00e9es lourdes.<\/p>\n","protected":false},"featured_media":49208,"comment_status":"open","ping_status":"closed","template":"","meta":[],"product_brand":[],"product_cat":[6734,1507,1211,1209,3757,1010,6733],"product_tag":[4495],"class_list":{"0":"post-122594","1":"product","2":"type-product","3":"status-publish","4":"has-post-thumbnail","6":"product_cat-essential-oils","7":"product_cat-plantes-huiles-essentielles-living-libations","8":"product_cat-living-libations-france","9":"product_cat-par-marques","10":"product_cat-plantes-huiles-essentielles","11":"product_cat-notre-boutique","12":"product_cat-wellness-fr-2","13":"product_tag-essential-oil-fr","14":"pa_brand-livinglibations-fr","15":"pa_essential-oils-product-type-essential-oils-fr","16":"pa_size-30-ml-fr","17":"pa_size-5-ml-fr","19":"first","20":"instock","21":"taxable","22":"shipping-taxable","23":"purchasable","24":"product-type-variable"},"bundled_by":[],"bundle_stock_status":"instock","bundle_stock_quantity":null,"bundle_virtual":false,"bundle_layout":"","bundle_add_to_cart_form_location":"","bundle_editable_in_cart":false,"bundle_sold_individually_context":"","bundle_item_grouping":"","bundle_min_size":"","bundle_max_size":"","bundle_price":[],"bundled_items":[],"bundle_sell_ids":[],"atum_controlled":true,"out_stock_date":null,"out_stock_threshold":null,"inheritable":true,"stock_on_hold":0,"sold_today":0,"sales_last_days":0,"out_stock_days":0,"lost_sales":0,"update_date":"2026-04-17T00:05:45","atum_locations":[],"atum_stock_status":"instock","restock_status":false,"low_stock_amount":"","sales_update_date":"2026-04-17T00:05:45","calc_backorders":null,"group_of_quantity":0,"min_quantity":0,"max_quantity":"","exclude_order_quantity_value_rules":"no","exclude_category_quantity_rules":"no","combine_variations":"no","yoast_head":"<!-- This site is optimized with the Yoast SEO Premium plugin v26.5 (Yoast SEO v26.5) - https:\/\/yoast.com\/wordpress\/plugins\/seo\/ -->\n<title>Pine, Grand White Essential Oil | Living Libations<\/title>\n<meta name=\"description\" content=\"Le parfum frais et piquant du pin est parfait pour les bains purifiants, les huiles de massage puissantes, le nettoyage de la maison et les baumes de beaut\u00e9.\" \/>\n<meta name=\"robots\" content=\"index, follow, max-snippet:-1, max-image-preview:large, max-video-preview:-1\" \/>\n<link rel=\"canonical\" href=\"https:\/\/dutchhealthstore.com\/fr\/product\/pine-grand-white-essential-oil\/\" \/>\n<meta property=\"og:locale\" content=\"fr_FR\" \/>\n<meta property=\"og:type\" content=\"article\" \/>\n<meta property=\"og:title\" content=\"Pine, Grand White Essential Oil - Dutch Health Store\" \/>\n<meta property=\"og:description\" content=\"Le parfum frais et piquant du pin est parfait pour les bains purifiants, les huiles de massage puissantes, le nettoyage de la maison et les baumes de beaut\u00e9.\" \/>\n<meta property=\"og:url\" content=\"https:\/\/dutchhealthstore.com\/fr\/product\/pine-grand-white-essential-oil\/\" \/>\n<meta property=\"og:site_name\" content=\"Dutch Health Store\" \/>\n<meta property=\"article:publisher\" content=\"https:\/\/www.instagram.com\/dutchhealthstore\/\" \/>\n<meta property=\"article:modified_time\" content=\"2025-10-28T10:08:13+00:00\" \/>\n<meta property=\"og:image\" content=\"https:\/\/dutchhealthstore.com\/wp-content\/uploads\/2018\/02\/Living-Libations-Pine-Grand-White-Essential-Oil--e1598263785383.jpg\" \/>\n\t<meta property=\"og:image:width\" content=\"500\" \/>\n\t<meta property=\"og:image:height\" content=\"500\" \/>\n\t<meta property=\"og:image:type\" content=\"image\/jpeg\" \/>\n<meta name=\"twitter:card\" content=\"summary_large_image\" \/>\n<meta name=\"twitter:label1\" content=\"Disponibilit\u00e9\" \/>\n\t<meta name=\"twitter:data1\" content=\"En stock\" \/>\n<script type=\"application\/ld+json\" class=\"yoast-schema-graph\">{\"@context\":\"https:\/\/schema.org\",\"@graph\":[{\"@type\":\"WebPage\",\"@id\":\"https:\/\/dutchhealthstore.com\/fr\/product\/pine-grand-white-essential-oil\/\",\"url\":\"https:\/\/dutchhealthstore.com\/fr\/product\/pine-grand-white-essential-oil\/\",\"name\":\"Pine, Grand White Essential Oil | Living Libations\",\"isPartOf\":{\"@id\":\"https:\/\/dutchhealthstore.com\/fr\/#website\"},\"primaryImageOfPage\":{\"@id\":\"https:\/\/dutchhealthstore.com\/fr\/product\/pine-grand-white-essential-oil\/#primaryimage\"},\"image\":{\"@id\":\"https:\/\/dutchhealthstore.com\/fr\/product\/pine-grand-white-essential-oil\/#primaryimage\"},\"thumbnailUrl\":\"https:\/\/dutchhealthstore.com\/wp-content\/uploads\/2018\/02\/Living-Libations-Pine-Grand-White-Essential-Oil--e1598263785383.jpg\",\"datePublished\":\"2018-02-10T19:18:17+00:00\",\"dateModified\":\"2025-10-28T10:08:13+00:00\",\"description\":\"Le parfum frais et piquant du pin est parfait pour les bains purifiants, les huiles de massage puissantes, le nettoyage de la maison et les baumes de beaut\u00e9.\",\"breadcrumb\":{\"@id\":\"https:\/\/dutchhealthstore.com\/fr\/product\/pine-grand-white-essential-oil\/#breadcrumb\"},\"inLanguage\":\"fr-FR\",\"potentialAction\":[{\"@type\":\"ReadAction\",\"target\":[\"https:\/\/dutchhealthstore.com\/fr\/product\/pine-grand-white-essential-oil\/\"]}]},{\"@type\":\"ImageObject\",\"inLanguage\":\"fr-FR\",\"@id\":\"https:\/\/dutchhealthstore.com\/fr\/product\/pine-grand-white-essential-oil\/#primaryimage\",\"url\":\"https:\/\/dutchhealthstore.com\/wp-content\/uploads\/2018\/02\/Living-Libations-Pine-Grand-White-Essential-Oil--e1598263785383.jpg\",\"contentUrl\":\"https:\/\/dutchhealthstore.com\/wp-content\/uploads\/2018\/02\/Living-Libations-Pine-Grand-White-Essential-Oil--e1598263785383.jpg\",\"width\":500,\"height\":500,\"caption\":\"Living Libations - Pine Grand White Essential Oil\"},{\"@type\":\"BreadcrumbList\",\"@id\":\"https:\/\/dutchhealthstore.com\/fr\/product\/pine-grand-white-essential-oil\/#breadcrumb\",\"itemListElement\":[{\"@type\":\"ListItem\",\"position\":1,\"name\":\"Home\",\"item\":\"https:\/\/dutchhealthstore.com\/fr\/\"},{\"@type\":\"ListItem\",\"position\":2,\"name\":\"Shop\",\"item\":\"https:\/\/dutchhealthstore.com\/fr\/shop\/\"},{\"@type\":\"ListItem\",\"position\":3,\"name\":\"Pine, Grand White Essential Oil\"}]},{\"@type\":\"WebSite\",\"@id\":\"https:\/\/dutchhealthstore.com\/fr\/#website\",\"url\":\"https:\/\/dutchhealthstore.com\/fr\/\",\"name\":\"Dutch Health Store\",\"description\":\"Enhance Your Beauty with Organic &amp; Natural Skincare\",\"publisher\":{\"@id\":\"https:\/\/dutchhealthstore.com\/fr\/#organization\"},\"potentialAction\":[{\"@type\":\"SearchAction\",\"target\":{\"@type\":\"EntryPoint\",\"urlTemplate\":\"https:\/\/dutchhealthstore.com\/fr\/?s={search_term_string}\"},\"query-input\":{\"@type\":\"PropertyValueSpecification\",\"valueRequired\":true,\"valueName\":\"search_term_string\"}}],\"inLanguage\":\"fr-FR\"},{\"@type\":\"Organization\",\"@id\":\"https:\/\/dutchhealthstore.com\/fr\/#organization\",\"name\":\"Dutch Health Store\",\"url\":\"https:\/\/dutchhealthstore.com\/fr\/\",\"logo\":{\"@type\":\"ImageObject\",\"inLanguage\":\"fr-FR\",\"@id\":\"https:\/\/dutchhealthstore.com\/fr\/#\/schema\/logo\/image\/\",\"url\":\"https:\/\/dutchhealthstore.com\/wp-content\/uploads\/2020\/08\/logo-dutchhealthstore-jpg-e1599484957574.jpg\",\"contentUrl\":\"https:\/\/dutchhealthstore.com\/wp-content\/uploads\/2020\/08\/logo-dutchhealthstore-jpg-e1599484957574.jpg\",\"width\":400,\"height\":62,\"caption\":\"Dutch Health Store\"},\"image\":{\"@id\":\"https:\/\/dutchhealthstore.com\/fr\/#\/schema\/logo\/image\/\"},\"sameAs\":[\"https:\/\/www.instagram.com\/dutchhealthstore\/\",\"https:\/\/www.facebook.com\/dutchhealthstore\"]}]}<\/script>\n<meta property=\"product:brand\" content=\"Living Libations\" \/>\n<meta property=\"og:availability\" content=\"instock\" \/>\n<meta property=\"product:availability\" content=\"instock\" \/>\n<meta property=\"product:condition\" content=\"new\" \/>\n<!-- \/ Yoast SEO Premium plugin. -->","yoast_head_json":{"title":"Pine, Grand White Essential Oil | Living Libations","description":"Le parfum frais et piquant du pin est parfait pour les bains purifiants, les huiles de massage puissantes, le nettoyage de la maison et les baumes de beaut\u00e9.","robots":{"index":"index","follow":"follow","max-snippet":"max-snippet:-1","max-image-preview":"max-image-preview:large","max-video-preview":"max-video-preview:-1"},"canonical":"https:\/\/dutchhealthstore.com\/fr\/product\/pine-grand-white-essential-oil\/","og_locale":"fr_FR","og_type":"article","og_title":"Pine, Grand White Essential Oil - Dutch Health Store","og_description":"Le parfum frais et piquant du pin est parfait pour les bains purifiants, les huiles de massage puissantes, le nettoyage de la maison et les baumes de beaut\u00e9.","og_url":"https:\/\/dutchhealthstore.com\/fr\/product\/pine-grand-white-essential-oil\/","og_site_name":"Dutch Health Store","article_publisher":"https:\/\/www.instagram.com\/dutchhealthstore\/","article_modified_time":"2025-10-28T10:08:13+00:00","og_image":[{"width":500,"height":500,"url":"https:\/\/dutchhealthstore.com\/wp-content\/uploads\/2018\/02\/Living-Libations-Pine-Grand-White-Essential-Oil--e1598263785383.jpg","type":"image\/jpeg"}],"twitter_card":"summary_large_image","twitter_misc":{"Disponibilit\u00e9":"En stock"},"schema":{"@context":"https:\/\/schema.org","@graph":[{"@type":"WebPage","@id":"https:\/\/dutchhealthstore.com\/fr\/product\/pine-grand-white-essential-oil\/","url":"https:\/\/dutchhealthstore.com\/fr\/product\/pine-grand-white-essential-oil\/","name":"Pine, Grand White Essential Oil | Living Libations","isPartOf":{"@id":"https:\/\/dutchhealthstore.com\/fr\/#website"},"primaryImageOfPage":{"@id":"https:\/\/dutchhealthstore.com\/fr\/product\/pine-grand-white-essential-oil\/#primaryimage"},"image":{"@id":"https:\/\/dutchhealthstore.com\/fr\/product\/pine-grand-white-essential-oil\/#primaryimage"},"thumbnailUrl":"https:\/\/dutchhealthstore.com\/wp-content\/uploads\/2018\/02\/Living-Libations-Pine-Grand-White-Essential-Oil--e1598263785383.jpg","datePublished":"2018-02-10T19:18:17+00:00","dateModified":"2025-10-28T10:08:13+00:00","description":"Le parfum frais et piquant du pin est parfait pour les bains purifiants, les huiles de massage puissantes, le nettoyage de la maison et les baumes de beaut\u00e9.","breadcrumb":{"@id":"https:\/\/dutchhealthstore.com\/fr\/product\/pine-grand-white-essential-oil\/#breadcrumb"},"inLanguage":"fr-FR","potentialAction":[{"@type":"ReadAction","target":["https:\/\/dutchhealthstore.com\/fr\/product\/pine-grand-white-essential-oil\/"]}]},{"@type":"ImageObject","inLanguage":"fr-FR","@id":"https:\/\/dutchhealthstore.com\/fr\/product\/pine-grand-white-essential-oil\/#primaryimage","url":"https:\/\/dutchhealthstore.com\/wp-content\/uploads\/2018\/02\/Living-Libations-Pine-Grand-White-Essential-Oil--e1598263785383.jpg","contentUrl":"https:\/\/dutchhealthstore.com\/wp-content\/uploads\/2018\/02\/Living-Libations-Pine-Grand-White-Essential-Oil--e1598263785383.jpg","width":500,"height":500,"caption":"Living Libations - Pine Grand White Essential Oil"},{"@type":"BreadcrumbList","@id":"https:\/\/dutchhealthstore.com\/fr\/product\/pine-grand-white-essential-oil\/#breadcrumb","itemListElement":[{"@type":"ListItem","position":1,"name":"Home","item":"https:\/\/dutchhealthstore.com\/fr\/"},{"@type":"ListItem","position":2,"name":"Shop","item":"https:\/\/dutchhealthstore.com\/fr\/shop\/"},{"@type":"ListItem","position":3,"name":"Pine, Grand White Essential Oil"}]},{"@type":"WebSite","@id":"https:\/\/dutchhealthstore.com\/fr\/#website","url":"https:\/\/dutchhealthstore.com\/fr\/","name":"Dutch Health Store","description":"Enhance Your Beauty with Organic &amp; Natural Skincare","publisher":{"@id":"https:\/\/dutchhealthstore.com\/fr\/#organization"},"potentialAction":[{"@type":"SearchAction","target":{"@type":"EntryPoint","urlTemplate":"https:\/\/dutchhealthstore.com\/fr\/?s={search_term_string}"},"query-input":{"@type":"PropertyValueSpecification","valueRequired":true,"valueName":"search_term_string"}}],"inLanguage":"fr-FR"},{"@type":"Organization","@id":"https:\/\/dutchhealthstore.com\/fr\/#organization","name":"Dutch Health Store","url":"https:\/\/dutchhealthstore.com\/fr\/","logo":{"@type":"ImageObject","inLanguage":"fr-FR","@id":"https:\/\/dutchhealthstore.com\/fr\/#\/schema\/logo\/image\/","url":"https:\/\/dutchhealthstore.com\/wp-content\/uploads\/2020\/08\/logo-dutchhealthstore-jpg-e1599484957574.jpg","contentUrl":"https:\/\/dutchhealthstore.com\/wp-content\/uploads\/2020\/08\/logo-dutchhealthstore-jpg-e1599484957574.jpg","width":400,"height":62,"caption":"Dutch Health Store"},"image":{"@id":"https:\/\/dutchhealthstore.com\/fr\/#\/schema\/logo\/image\/"},"sameAs":["https:\/\/www.instagram.com\/dutchhealthstore\/","https:\/\/www.facebook.com\/dutchhealthstore"]}]},"product_brand":"Living Libations","og_availability":"instock","product_availability":"instock","product_condition":"new"},"_links":{"self":[{"href":"https:\/\/dutchhealthstore.com\/fr\/wp-json\/wp\/v2\/product\/122594","targetHints":{"allow":["GET"]}}],"collection":[{"href":"https:\/\/dutchhealthstore.com\/fr\/wp-json\/wp\/v2\/product"}],"about":[{"href":"https:\/\/dutchhealthstore.com\/fr\/wp-json\/wp\/v2\/types\/product"}],"replies":[{"embeddable":true,"href":"https:\/\/dutchhealthstore.com\/fr\/wp-json\/wp\/v2\/comments?post=122594"}],"wp:featuredmedia":[{"embeddable":true,"href":"https:\/\/dutchhealthstore.com\/fr\/wp-json\/wp\/v2\/media\/49208"}],"wp:attachment":[{"href":"https:\/\/dutchhealthstore.com\/fr\/wp-json\/wp\/v2\/media?parent=122594"}],"wp:term":[{"taxonomy":"product_brand","embeddable":true,"href":"https:\/\/dutchhealthstore.com\/fr\/wp-json\/wp\/v2\/product_brand?post=122594"},{"taxonomy":"product_cat","embeddable":true,"href":"https:\/\/dutchhealthstore.com\/fr\/wp-json\/wp\/v2\/product_cat?post=122594"},{"taxonomy":"product_tag","embeddable":true,"href":"https:\/\/dutchhealthstore.com\/fr\/wp-json\/wp\/v2\/product_tag?post=122594"}],"curies":[{"name":"wp","href":"https:\/\/api.w.org\/{rel}","templated":true}]}}