{"id":122567,"date":"2020-06-18T12:12:07","date_gmt":"2020-06-18T10:12:07","guid":{"rendered":"https:\/\/dutchhealthstore.com\/product\/petitgrain-mandarin-essential-oil\/"},"modified":"2024-06-18T11:42:41","modified_gmt":"2024-06-18T09:42:41","slug":"petitgrain-mandarin-essential-oil","status":"publish","type":"product","link":"https:\/\/dutchhealthstore.com\/fr\/product\/petitgrain-mandarin-essential-oil\/","title":{"rendered":"Petitgrain, Mandarin Essential Oil"},"content":{"rendered":"<p><img decoding=\"async\" class=\"size-full wp-image-69551 alignright\" src=\"https:\/\/dutchhealthstore.com\/wp-content\/uploads\/2019\/08\/NEW-Living-Libations-Logo.jpg\" alt=\"NEW - Living Libations - Logo\" width=\"175\" height=\"82\" \/><\/p>\n<p><strong>Nom botanique<\/strong> : Citrus reticulata<br \/>\n<strong>Famille botanique<\/strong> : Rutac\u00e9es<br \/>\n<strong>M\u00e9thode d&rsquo;extraction<\/strong> : Distillation \u00e0 la vapeur<br \/>\n<strong>Partie distill\u00e9e de la plante<\/strong> : feuilles et brindilles<br \/>\n<strong>Pays d&rsquo;origine<\/strong> : Italie<br \/>\n<strong>Mode de culture<\/strong> : biologique<br \/>\n<strong>Composition<\/strong> : 100% Citrus reticulata<br \/>\n<strong>Coh\u00e9rence<\/strong> : faible viscosit\u00e9<\/p>\n<h3>Description de l&rsquo;odeur<\/h3>\n<p>Des notes vives et rayonnantes d&rsquo;agrumes verts, des fleurs douces et fruit\u00e9es, des fleurs d&rsquo;oranger fra\u00eeches et un murmure de prunes.<\/p>\n<h3>Se m\u00e9lange bien avec<\/h3>\n<p>Rose, Ylang, Santal, Douglas, Sapin argent\u00e9, Citronnelle, Bergamote, Patchouli, V\u00e9tiver, Encens, Romarin, Inula, Palmarosa, Mandarine, Tilleul et Thym doux.<\/p>\n<h3>Utilisez<\/h3>\n<p>S\u00e9rums d&rsquo;\u00e9t\u00e9 devant le visage. Adoucit l&rsquo;apparence des cicatrices, des vergetures et de la texture de la peau. D\u00e9licieux dans le bain. Parfait pour un spray, des parfums et des eaux de Cologne.<\/p>\n<a href=\"https:\/\/dutchhealthstore.com\/wp-content\/uploads\/2020\/06\/ANALYSIS-Mandarin-Petit-Grain-Essential-Oil-Living-Libations-2.pdf\" class=\"button primary is-primary is-small\"  >\n\t\t<span>ESSENTIAL OIL ANALYSIS &amp;gt;<\/span>\n\t<\/a>\n\n<p>L&rsquo;huile essentielle de mandarine italienne Petitgrain a un parfum d&rsquo;agrumes doux et \u00e9pic\u00e9, appr\u00e9ci\u00e9 des parfumeurs naturels, gr\u00e2ce \u00e0 ses couches de fruits et de fleurs excitantes : les notes de t\u00eate vertes dansent au-dessus des fruits frais et des fleurs d&rsquo;oranger avec un murmure parfum\u00e9 qui brille sous le chaud soleil m\u00e9diterran\u00e9en. Tout comme son huile s\u0153ur distill\u00e9e \u00e0 partir de la peau du fruit, la Mandarine Petitgrain est merveilleusement relaxante. Contenant plus de 50% d&rsquo;esters, cette huile est le choix parfait et agr\u00e9able pour combattre l&rsquo;agitation, la t\u00eate occup\u00e9e et l&rsquo;anxi\u00e9t\u00e9.<\/p>\n<p>Utilis\u00e9e principalement en parfumerie et en aromath\u00e9rapie, la mandarine Petitgrain a beaucoup en commun avec d&rsquo;autres petitgrains d&rsquo;agrumes comme le Bitter Orange Petitgrain et le Petitgrain sur Fleurs. En fait, il existe plusieurs huiles de petitgrain distill\u00e9es \u00e0 partir de diff\u00e9rents types d&rsquo;agrumes, toutes avec leur propre essence unique et pourtant avec des subtilit\u00e9s sublimes.<\/p>\n<p>\u00c0 l&rsquo;origine, l&rsquo;huile \u00e9tait extraite de petits orangers bergamasques, alors que le fruit \u00e9tait encore \u00e0 ses d\u00e9buts. La petite taille des oranges est l&rsquo;origine du nom \u00ab\u00a0petit grain\u00a0\u00bb : petit grain, ou \u00ab\u00a0petit grain\u00a0\u00bb en r\u00e9f\u00e9rence \u00e0 la taille du fruit. De nos jours, les huiles de petits grains sont distill\u00e9es \u00e0 partir des fruits, des feuilles et des branches de divers agrumes.<\/p>\n<p>Mandarin Petitgrain est un acteur cl\u00e9 dans l&rsquo;arsenal aromatique de chaque parfumeur et est \u00e9galement un choix d&rsquo;aromath\u00e9rapeutes. Ce petit grain d&rsquo;agrume doux est utilis\u00e9 dans une vari\u00e9t\u00e9 de parfums et de m\u00e9langes parfum\u00e9s, mais il brille vraiment lorsqu&rsquo;il est inclus dans des bouquets floraux, des m\u00e9langes de beaut\u00e9 au n\u00e9roli, des colognes rafra\u00eechissantes et charismatiques et dans des foug\u00e8res fruit\u00e9es aux herbes. Le parfum du Mandarin Petitgrain est \u00e9galement un merveilleux ajout aux m\u00e9langes inspir\u00e9s du pin et de la for\u00eat.<\/p>\n<p style=\"text-align: center;\"><em>\u00ab\u00a0L&rsquo;huile de mandarine Petitgrain est obtenue par distillation des feuilles, des fruits et des rameaux du mandarinier, cultiv\u00e9 en Alg\u00e9rie, en Espagne, en France, en Sicile, etc&#8230; Elle se distingue des autres huiles de petitgrain par ses constituants azot\u00e9s de base, dont l&rsquo;anthranilate de m\u00e9thyle. Le produit commercial est une huile totale, c&rsquo;est-\u00e0-dire qu&rsquo;au d\u00e9but de la distillation, les fractions flottent \u00e0 la surface de l&rsquo;eau ; \u00e0 mesure que la distillation progresse, les constituants azot\u00e9s augmentent et l&rsquo;huile devient plus lourde et a tendance \u00e0 couler au fond du r\u00e9cipient. La note pr\u00e9dominante dans l&rsquo;odeur de l&rsquo;huile de p\u00e9pins de mandarine est sans doute celle du m\u00e9thylantr\u00e9alilate, avec une suggestion de \u00ab\u00a0thym fin\u00a0\u00bb.<\/em><br \/>\n~ W.A. Pouches, <strong>Perfumes, Cosmetics and Soaps: Volume I The Raw Materials of Perfumery<\/strong><\/p>\n<p><img fetchpriority=\"high\" decoding=\"async\" class=\"size-medium wp-image-68105 aligncenter\" src=\"https:\/\/dutchhealthstore.com\/wp-content\/uploads\/2018\/02\/Living-Libations-Organic-Logo-800x89.png\" alt=\"Living Libations - Organic Logo\" width=\"800\" height=\"89\" srcset=\"https:\/\/dutchhealthstore.com\/wp-content\/uploads\/2018\/02\/Living-Libations-Organic-Logo-800x89.png 800w, https:\/\/dutchhealthstore.com\/wp-content\/uploads\/2018\/02\/Living-Libations-Organic-Logo-510x57.png 510w, https:\/\/dutchhealthstore.com\/wp-content\/uploads\/2018\/02\/Living-Libations-Organic-Logo-768x85.png 768w, https:\/\/dutchhealthstore.com\/wp-content\/uploads\/2018\/02\/Living-Libations-Organic-Logo.png 1400w\" sizes=\"(max-width: 800px) 100vw, 800px\" \/><\/p>\n","protected":false},"excerpt":{"rendered":"<p><img decoding=\"async\" class=\"\" src=\"https:\/\/dutchhealthstore.com\/wp-content\/uploads\/2019\/08\/Translate-Frans-Automatische-Vertaling.png\" width=\"200\" height=\"20\" \/><\/p>\n<p>L&rsquo;huile essentielle de mandarine Petitgrain est pleine d&rsquo;un parfum frais et fruit\u00e9 et de l&rsquo;odeur douce et excitante des fleurs. Distill\u00e9e \u00e0 partir des feuilles et du jeune mandarinier \u00e0 petits fruits, l&rsquo;huile qui en r\u00e9sulte est relaxante et apaisante gr\u00e2ce \u00e0 sa forte teneur en esters apaisants.<\/p>\n","protected":false},"featured_media":107719,"comment_status":"open","ping_status":"closed","template":"","meta":[],"product_brand":[],"product_cat":[1507,6734,1211,1209,3757,6733],"product_tag":[4495],"class_list":{"0":"post-122567","1":"product","2":"type-product","3":"status-publish","4":"has-post-thumbnail","6":"product_cat-plantes-huiles-essentielles-living-libations","7":"product_cat-essential-oils","8":"product_cat-living-libations-france","9":"product_cat-par-marques","10":"product_cat-plantes-huiles-essentielles","11":"product_cat-wellness-fr-2","12":"product_tag-essential-oil-fr","13":"pa_brand-livinglibations-fr","14":"pa_essential-oils-product-type-essential-oils-fr","15":"pa_size-5-ml-fr","17":"first","18":"instock","19":"taxable","20":"shipping-taxable","21":"purchasable","22":"product-type-simple"},"bundled_by":[],"bundle_stock_status":"instock","bundle_stock_quantity":3,"bundle_virtual":false,"bundle_layout":"","bundle_add_to_cart_form_location":"","bundle_editable_in_cart":false,"bundle_sold_individually_context":"","bundle_item_grouping":"","bundle_min_size":"","bundle_max_size":"","bundle_price":[],"bundled_items":[],"bundle_sell_ids":[],"atum_controlled":true,"out_stock_date":null,"out_stock_threshold":null,"inheritable":false,"stock_on_hold":0,"sold_today":0,"sales_last_days":0,"out_stock_days":0,"lost_sales":0,"update_date":"2026-04-09T11:39:44","atum_locations":[],"atum_stock_status":"instock","restock_status":false,"low_stock_amount":"","sales_update_date":"2026-04-09T11:39:44","calc_backorders":null,"group_of_quantity":0,"min_quantity":0,"max_quantity":"","exclude_order_quantity_value_rules":"no","exclude_category_quantity_rules":"no","combine_variations":"no","yoast_head":"<!-- This site is optimized with the Yoast SEO Premium plugin v26.5 (Yoast SEO v26.5) - https:\/\/yoast.com\/wordpress\/plugins\/seo\/ -->\n<title>Petitgrain, Mandarin Essential Oil | Living Libations<\/title>\n<meta name=\"description\" content=\"Steam distilled from the leaves and the young, tiny fruits mandarin tree, the resulting oil is relaxing and soothing with high levels of calming esters.\" \/>\n<meta name=\"robots\" content=\"index, follow, max-snippet:-1, max-image-preview:large, max-video-preview:-1\" \/>\n<link rel=\"canonical\" href=\"https:\/\/dutchhealthstore.com\/fr\/product\/petitgrain-mandarin-essential-oil\/\" \/>\n<meta property=\"og:locale\" content=\"fr_FR\" \/>\n<meta property=\"og:type\" content=\"article\" \/>\n<meta property=\"og:title\" content=\"Petitgrain, Mandarin Essential Oil - Dutch Health Store\" \/>\n<meta property=\"og:description\" content=\"Steam distilled from the leaves and the young, tiny fruits mandarin tree, the resulting oil is relaxing and soothing with high levels of calming esters.\" \/>\n<meta property=\"og:url\" content=\"https:\/\/dutchhealthstore.com\/fr\/product\/petitgrain-mandarin-essential-oil\/\" \/>\n<meta property=\"og:site_name\" content=\"Dutch Health Store\" \/>\n<meta property=\"article:publisher\" content=\"https:\/\/www.instagram.com\/dutchhealthstore\/\" \/>\n<meta property=\"article:modified_time\" content=\"2024-06-18T09:42:41+00:00\" \/>\n<meta property=\"og:image\" content=\"https:\/\/dutchhealthstore.com\/wp-content\/uploads\/2020\/06\/Living-Libations-Petitgrain-Mandarin-Essential-Oil-e1592482203271.png\" \/>\n\t<meta property=\"og:image:width\" content=\"500\" \/>\n\t<meta property=\"og:image:height\" content=\"499\" \/>\n\t<meta property=\"og:image:type\" content=\"image\/jpeg\" \/>\n<meta name=\"twitter:card\" content=\"summary_large_image\" \/>\n<meta name=\"twitter:label1\" content=\"Prix\" \/>\n\t<meta name=\"twitter:data1\" content=\"&euro;30,00\" \/>\n\t<meta name=\"twitter:label2\" content=\"Disponibilit\u00e9\" \/>\n\t<meta name=\"twitter:data2\" content=\"En stock\" \/>\n<script type=\"application\/ld+json\" class=\"yoast-schema-graph\">{\"@context\":\"https:\/\/schema.org\",\"@graph\":[{\"@type\":\"WebPage\",\"@id\":\"https:\/\/dutchhealthstore.com\/fr\/product\/petitgrain-mandarin-essential-oil\/\",\"url\":\"https:\/\/dutchhealthstore.com\/fr\/product\/petitgrain-mandarin-essential-oil\/\",\"name\":\"Petitgrain, Mandarin Essential Oil | Living Libations\",\"isPartOf\":{\"@id\":\"https:\/\/dutchhealthstore.com\/fr\/#website\"},\"primaryImageOfPage\":{\"@id\":\"https:\/\/dutchhealthstore.com\/fr\/product\/petitgrain-mandarin-essential-oil\/#primaryimage\"},\"image\":{\"@id\":\"https:\/\/dutchhealthstore.com\/fr\/product\/petitgrain-mandarin-essential-oil\/#primaryimage\"},\"thumbnailUrl\":\"https:\/\/dutchhealthstore.com\/wp-content\/uploads\/2020\/06\/Living-Libations-Petitgrain-Mandarin-Essential-Oil-e1592482203271.png\",\"datePublished\":\"2020-06-18T10:12:07+00:00\",\"dateModified\":\"2024-06-18T09:42:41+00:00\",\"description\":\"Steam distilled from the leaves and the young, tiny fruits mandarin tree, the resulting oil is relaxing and soothing with high levels of calming esters.\",\"breadcrumb\":{\"@id\":\"https:\/\/dutchhealthstore.com\/fr\/product\/petitgrain-mandarin-essential-oil\/#breadcrumb\"},\"inLanguage\":\"fr-FR\",\"potentialAction\":[{\"@type\":\"ReadAction\",\"target\":[\"https:\/\/dutchhealthstore.com\/fr\/product\/petitgrain-mandarin-essential-oil\/\"]}]},{\"@type\":\"ImageObject\",\"inLanguage\":\"fr-FR\",\"@id\":\"https:\/\/dutchhealthstore.com\/fr\/product\/petitgrain-mandarin-essential-oil\/#primaryimage\",\"url\":\"https:\/\/dutchhealthstore.com\/wp-content\/uploads\/2020\/06\/Living-Libations-Petitgrain-Mandarin-Essential-Oil-e1592482203271.png\",\"contentUrl\":\"https:\/\/dutchhealthstore.com\/wp-content\/uploads\/2020\/06\/Living-Libations-Petitgrain-Mandarin-Essential-Oil-e1592482203271.png\",\"width\":500,\"height\":499,\"caption\":\"Living Libations Petitgrain Mandarin\"},{\"@type\":\"BreadcrumbList\",\"@id\":\"https:\/\/dutchhealthstore.com\/fr\/product\/petitgrain-mandarin-essential-oil\/#breadcrumb\",\"itemListElement\":[{\"@type\":\"ListItem\",\"position\":1,\"name\":\"Home\",\"item\":\"https:\/\/dutchhealthstore.com\/fr\/\"},{\"@type\":\"ListItem\",\"position\":2,\"name\":\"Shop\",\"item\":\"https:\/\/dutchhealthstore.com\/fr\/shop\/\"},{\"@type\":\"ListItem\",\"position\":3,\"name\":\"Petitgrain, Mandarin Essential Oil\"}]},{\"@type\":\"WebSite\",\"@id\":\"https:\/\/dutchhealthstore.com\/fr\/#website\",\"url\":\"https:\/\/dutchhealthstore.com\/fr\/\",\"name\":\"Dutch Health Store\",\"description\":\"Enhance Your Beauty with Organic &amp; Natural Skincare\",\"publisher\":{\"@id\":\"https:\/\/dutchhealthstore.com\/fr\/#organization\"},\"potentialAction\":[{\"@type\":\"SearchAction\",\"target\":{\"@type\":\"EntryPoint\",\"urlTemplate\":\"https:\/\/dutchhealthstore.com\/fr\/?s={search_term_string}\"},\"query-input\":{\"@type\":\"PropertyValueSpecification\",\"valueRequired\":true,\"valueName\":\"search_term_string\"}}],\"inLanguage\":\"fr-FR\"},{\"@type\":\"Organization\",\"@id\":\"https:\/\/dutchhealthstore.com\/fr\/#organization\",\"name\":\"Dutch Health Store\",\"url\":\"https:\/\/dutchhealthstore.com\/fr\/\",\"logo\":{\"@type\":\"ImageObject\",\"inLanguage\":\"fr-FR\",\"@id\":\"https:\/\/dutchhealthstore.com\/fr\/#\/schema\/logo\/image\/\",\"url\":\"https:\/\/dutchhealthstore.com\/wp-content\/uploads\/2020\/08\/logo-dutchhealthstore-jpg-e1599484957574.jpg\",\"contentUrl\":\"https:\/\/dutchhealthstore.com\/wp-content\/uploads\/2020\/08\/logo-dutchhealthstore-jpg-e1599484957574.jpg\",\"width\":400,\"height\":62,\"caption\":\"Dutch Health Store\"},\"image\":{\"@id\":\"https:\/\/dutchhealthstore.com\/fr\/#\/schema\/logo\/image\/\"},\"sameAs\":[\"https:\/\/www.instagram.com\/dutchhealthstore\/\",\"https:\/\/www.facebook.com\/dutchhealthstore\"]}]}<\/script>\n<meta property=\"product:brand\" content=\"Living Libations\" \/>\n<meta property=\"product:price:amount\" content=\"30.00\" \/>\n<meta property=\"product:price:currency\" content=\"EUR\" \/>\n<meta property=\"og:availability\" content=\"instock\" \/>\n<meta property=\"product:availability\" content=\"instock\" \/>\n<meta property=\"product:condition\" content=\"new\" \/>\n<!-- \/ Yoast SEO Premium plugin. -->","yoast_head_json":{"title":"Petitgrain, Mandarin Essential Oil | Living Libations","description":"Steam distilled from the leaves and the young, tiny fruits mandarin tree, the resulting oil is relaxing and soothing with high levels of calming esters.","robots":{"index":"index","follow":"follow","max-snippet":"max-snippet:-1","max-image-preview":"max-image-preview:large","max-video-preview":"max-video-preview:-1"},"canonical":"https:\/\/dutchhealthstore.com\/fr\/product\/petitgrain-mandarin-essential-oil\/","og_locale":"fr_FR","og_type":"article","og_title":"Petitgrain, Mandarin Essential Oil - Dutch Health Store","og_description":"Steam distilled from the leaves and the young, tiny fruits mandarin tree, the resulting oil is relaxing and soothing with high levels of calming esters.","og_url":"https:\/\/dutchhealthstore.com\/fr\/product\/petitgrain-mandarin-essential-oil\/","og_site_name":"Dutch Health Store","article_publisher":"https:\/\/www.instagram.com\/dutchhealthstore\/","article_modified_time":"2024-06-18T09:42:41+00:00","og_image":[{"width":500,"height":499,"url":"https:\/\/dutchhealthstore.com\/wp-content\/uploads\/2020\/06\/Living-Libations-Petitgrain-Mandarin-Essential-Oil-e1592482203271.png","type":"image\/jpeg"}],"twitter_card":"summary_large_image","twitter_misc":{"Prix":"&euro;30,00","Disponibilit\u00e9":"En stock"},"schema":{"@context":"https:\/\/schema.org","@graph":[{"@type":"WebPage","@id":"https:\/\/dutchhealthstore.com\/fr\/product\/petitgrain-mandarin-essential-oil\/","url":"https:\/\/dutchhealthstore.com\/fr\/product\/petitgrain-mandarin-essential-oil\/","name":"Petitgrain, Mandarin Essential Oil | Living Libations","isPartOf":{"@id":"https:\/\/dutchhealthstore.com\/fr\/#website"},"primaryImageOfPage":{"@id":"https:\/\/dutchhealthstore.com\/fr\/product\/petitgrain-mandarin-essential-oil\/#primaryimage"},"image":{"@id":"https:\/\/dutchhealthstore.com\/fr\/product\/petitgrain-mandarin-essential-oil\/#primaryimage"},"thumbnailUrl":"https:\/\/dutchhealthstore.com\/wp-content\/uploads\/2020\/06\/Living-Libations-Petitgrain-Mandarin-Essential-Oil-e1592482203271.png","datePublished":"2020-06-18T10:12:07+00:00","dateModified":"2024-06-18T09:42:41+00:00","description":"Steam distilled from the leaves and the young, tiny fruits mandarin tree, the resulting oil is relaxing and soothing with high levels of calming esters.","breadcrumb":{"@id":"https:\/\/dutchhealthstore.com\/fr\/product\/petitgrain-mandarin-essential-oil\/#breadcrumb"},"inLanguage":"fr-FR","potentialAction":[{"@type":"ReadAction","target":["https:\/\/dutchhealthstore.com\/fr\/product\/petitgrain-mandarin-essential-oil\/"]}]},{"@type":"ImageObject","inLanguage":"fr-FR","@id":"https:\/\/dutchhealthstore.com\/fr\/product\/petitgrain-mandarin-essential-oil\/#primaryimage","url":"https:\/\/dutchhealthstore.com\/wp-content\/uploads\/2020\/06\/Living-Libations-Petitgrain-Mandarin-Essential-Oil-e1592482203271.png","contentUrl":"https:\/\/dutchhealthstore.com\/wp-content\/uploads\/2020\/06\/Living-Libations-Petitgrain-Mandarin-Essential-Oil-e1592482203271.png","width":500,"height":499,"caption":"Living Libations Petitgrain Mandarin"},{"@type":"BreadcrumbList","@id":"https:\/\/dutchhealthstore.com\/fr\/product\/petitgrain-mandarin-essential-oil\/#breadcrumb","itemListElement":[{"@type":"ListItem","position":1,"name":"Home","item":"https:\/\/dutchhealthstore.com\/fr\/"},{"@type":"ListItem","position":2,"name":"Shop","item":"https:\/\/dutchhealthstore.com\/fr\/shop\/"},{"@type":"ListItem","position":3,"name":"Petitgrain, Mandarin Essential Oil"}]},{"@type":"WebSite","@id":"https:\/\/dutchhealthstore.com\/fr\/#website","url":"https:\/\/dutchhealthstore.com\/fr\/","name":"Dutch Health Store","description":"Enhance Your Beauty with Organic &amp; Natural Skincare","publisher":{"@id":"https:\/\/dutchhealthstore.com\/fr\/#organization"},"potentialAction":[{"@type":"SearchAction","target":{"@type":"EntryPoint","urlTemplate":"https:\/\/dutchhealthstore.com\/fr\/?s={search_term_string}"},"query-input":{"@type":"PropertyValueSpecification","valueRequired":true,"valueName":"search_term_string"}}],"inLanguage":"fr-FR"},{"@type":"Organization","@id":"https:\/\/dutchhealthstore.com\/fr\/#organization","name":"Dutch Health Store","url":"https:\/\/dutchhealthstore.com\/fr\/","logo":{"@type":"ImageObject","inLanguage":"fr-FR","@id":"https:\/\/dutchhealthstore.com\/fr\/#\/schema\/logo\/image\/","url":"https:\/\/dutchhealthstore.com\/wp-content\/uploads\/2020\/08\/logo-dutchhealthstore-jpg-e1599484957574.jpg","contentUrl":"https:\/\/dutchhealthstore.com\/wp-content\/uploads\/2020\/08\/logo-dutchhealthstore-jpg-e1599484957574.jpg","width":400,"height":62,"caption":"Dutch Health Store"},"image":{"@id":"https:\/\/dutchhealthstore.com\/fr\/#\/schema\/logo\/image\/"},"sameAs":["https:\/\/www.instagram.com\/dutchhealthstore\/","https:\/\/www.facebook.com\/dutchhealthstore"]}]},"product_brand":"Living Libations","product_price_amount":"30.00","product_price_currency":"EUR","og_availability":"instock","product_availability":"instock","product_condition":"new"},"_links":{"self":[{"href":"https:\/\/dutchhealthstore.com\/fr\/wp-json\/wp\/v2\/product\/122567","targetHints":{"allow":["GET"]}}],"collection":[{"href":"https:\/\/dutchhealthstore.com\/fr\/wp-json\/wp\/v2\/product"}],"about":[{"href":"https:\/\/dutchhealthstore.com\/fr\/wp-json\/wp\/v2\/types\/product"}],"replies":[{"embeddable":true,"href":"https:\/\/dutchhealthstore.com\/fr\/wp-json\/wp\/v2\/comments?post=122567"}],"wp:featuredmedia":[{"embeddable":true,"href":"https:\/\/dutchhealthstore.com\/fr\/wp-json\/wp\/v2\/media\/107719"}],"wp:attachment":[{"href":"https:\/\/dutchhealthstore.com\/fr\/wp-json\/wp\/v2\/media?parent=122567"}],"wp:term":[{"taxonomy":"product_brand","embeddable":true,"href":"https:\/\/dutchhealthstore.com\/fr\/wp-json\/wp\/v2\/product_brand?post=122567"},{"taxonomy":"product_cat","embeddable":true,"href":"https:\/\/dutchhealthstore.com\/fr\/wp-json\/wp\/v2\/product_cat?post=122567"},{"taxonomy":"product_tag","embeddable":true,"href":"https:\/\/dutchhealthstore.com\/fr\/wp-json\/wp\/v2\/product_tag?post=122567"}],"curies":[{"name":"wp","href":"https:\/\/api.w.org\/{rel}","templated":true}]}}