{"id":122508,"date":"2018-02-10T19:29:47","date_gmt":"2018-02-10T18:29:47","guid":{"rendered":"https:\/\/dutchhealthstore.com\/product\/peppermint-essential-oil\/"},"modified":"2025-10-28T11:00:33","modified_gmt":"2025-10-28T10:00:33","slug":"peppermint-essential-oil","status":"publish","type":"product","link":"https:\/\/dutchhealthstore.com\/fr\/product\/peppermint-essential-oil\/","title":{"rendered":"Peppermint Essential Oil"},"content":{"rendered":"<p style=\"font-weight: 400;\"><img decoding=\"async\" class=\"alignright size-full wp-image-37041\" src=\"https:\/\/dutchhealthstore.com\/wp-content\/uploads\/2018\/04\/Living_Libations-1.png\" alt=\"Organic &amp; Natural Beautyproducts - Living Libations\" width=\"175\" height=\"82\"><\/p>\n<p><strong>Nom botanique: <\/strong><em>Mentha piperita<\/em><br \/>\n<strong>Famille botanique:<\/strong> <em>Lamiaceae<\/em><br \/>\n<strong>M\u00e9thode d&rsquo;extraction:<\/strong> Distillation \u00e0 la vapeur<br \/>\n<strong>Partie de la plante distill\u00e9e:<\/strong> Feuilles<br \/>\n<strong>Pays d&rsquo;origine: <\/strong>France<br \/>\n<strong>M\u00e9thode de culture:<\/strong> Organique<br \/>\n<strong>Composition:<\/strong> 100% <em>Mentha piperita<\/em><br \/>\n<strong>Consistance:<\/strong> Viscosit\u00e9 fine<\/p>\n<h3>Description de l&rsquo;odeur<\/h3>\n<p>Intensit\u00e9 vive, fra\u00eeche et menthol\u00e9e.<\/p>\n<h3>Dans Living Libations<\/h3>\n<p>Happy Gum Drops, Ozonated Happy Gum Gel, Mint + Myrrh Tooth Serums, Lucky Love Butter, Frankincense First Friend, Tonic, Mint Condition Lip Fix, Seabuckthorn Cinnamon Hot Lips, Feeling the Shoulder of the Lion, Peppermint Pal, Altogether Now Chocolate Bar, Open Sky Eye Serum, Open Sky Sheer Serum, Petal Soother Yoni Serum, Scalp Tonic, Seabuckthorn Shampoo, Seabuckthorn Styling Serum, Frankinense Fresh Sensitive Toothpaste, et Peppermint Exfoliating Scrub.<\/p>\n<h3>Se marie bien avec<\/h3>\n<p>Encens, menthe verte, lavande, marjolaine, citron, bergamote, citron vert, sapin blanc, g\u00e9ranium, camomille, tanaisie, arbre \u00e0 th\u00e9, thym, origan, graines de carotte, \u00e9pinette et achill\u00e9e.<\/p>\n<a href=\"https:\/\/dutchhealthstore.com\/wp-content\/uploads\/2018\/02\/ANALYSIS-Peppermint-Essential-Oil-Living-Libations.pdf\" class=\"button primary is-primary is-small\"  >\n\t\t<span>ANALYSE DES HUILES ESSENTIELLES &gt;<\/span>\n\t<\/a>\n\n<h3>Utilisations<\/h3>\n<p>Calmant et rafra\u00eechissant, appliquez une goutte sur les tempes et le cou. Diluez pour l&rsquo;utiliser dans du jojoba ou un Best Skin Ever pour refroidir les rougeurs. Inhaler dans les tuyaux et les diffuseurs de sel pour rafra\u00eechir la concentration, respirer en beaut\u00e9 et soulager l&rsquo;apathie. Super duper dans un tuyau de sel. Clair comme du cristal dans les diffuseurs. C&rsquo;est agr\u00e9able sur les fronts qui ont trop r\u00e9fl\u00e9chi. Agit comme une glace \u00e0 la menthe poivr\u00e9e portable: appliquez-la pure sur la peau qui a besoin d&rsquo;un peu de fra\u00eecheur.<\/p>\n<h3>Ingr\u00e9dients Biologiques<\/h3>\n<p>Huile essentielle de menthe poivr\u00e9e (mentha peperita) 100% pure.<\/p>\n<h3>Contre-indication<\/h3>\n<p>En raison de ses propri\u00e9t\u00e9s rafra\u00eechissantes, ne pas utiliser pur sur les enfants de moins de cinq ans car il peut faire baisser la temp\u00e9rature du corps. Il est bon d&rsquo;utiliser une petite quantit\u00e9 (1-2%) dilu\u00e9e, ou d&rsquo;envisager d&rsquo;utiliser la menthe verte qui est plus douce.<\/p>\n<p>Pleasant Peppermint Essential huile est distill\u00e9e par l&rsquo;un de nos distillateurs familiaux pr\u00e9f\u00e9r\u00e9s, de quatri\u00e8me g\u00e9n\u00e9ration. Ils cr\u00e9ent une menthe magique qui est la seule menthe poivr\u00e9e que nous pouvons trouver qui est distill\u00e9e \u00e0 partir de feuilles fra\u00eeches (au lieu de feuilles s\u00e9ch\u00e9es). Cet ancien \u00e9lixir \u00e9tait un ingr\u00e9dient principal de la c\u00e9l\u00e8bre pr\u00e9paration de parfum \u00e9gyptienne, le Kyphi. Les Grecs anciens utilisaient la menthe forte dans l&rsquo;eau de leur bain et comme herbe reconstituante. Tr\u00e8s en vogue en Europe \u00e0 la fin du XIXe si\u00e8cle, la menthe poivr\u00e9e \u00e9tait et reste bien plus qu&rsquo;un simple rafra\u00eechisseur d&rsquo;haleine. C&rsquo;est agr\u00e9able comme de la glace sur la peau.<\/p>\n<p>La menthe d\u00e9rive du latin <em>mente<\/em>, qui signifie \u00ab\u00a0pens\u00e9e\u00a0\u00bb, car nos anc\u00eatres de l&rsquo;Antiquit\u00e9 la consid\u00e9raient comme un stimulant pour le cerveau. Cette essence \u00e9nergisante peut \u00e9galement renforcer la clart\u00e9 mentale, am\u00e9liorer la concentration et cultiver une m\u00e9moire vive. L&rsquo;apathie ne fait pas le poids face \u00e0 la menthe poivr\u00e9e, que l&rsquo;on inhale pour se ressourcer et reprendre vie.<\/p>\n<p>Tant d&rsquo;utilisations pour la merveilleuse menthe, elle est utile et maniable, comme le couteau suisse des huiles essentielles! Je ne quitte jamais la maison sans lui!<\/p>\n<p style=\"text-align: center;\"><em>\u00ab\u00a0Pour l&rsquo;utilisateur d&rsquo;aromath\u00e9rapie, l&rsquo;huile de menthe poivr\u00e9e est aussi indispensable que probl\u00e9matique : indispensable en raison de ses propri\u00e9t\u00e9s tonifiantes ; probl\u00e9matique en raison des nombreuses qualit\u00e9s et compositions dans lesquelles elle est propos\u00e9e. L&rsquo;huile de menthe poivr\u00e9e est produite \u00e0 l&rsquo;\u00e9chelle industrielle aux \u00c9tats-Unis et en Chine, principalement pour la production de menthol. La plupart des huiles produites aux \u00c9tats-Unis sont des m\u00e9langes standardis\u00e9s de qualit\u00e9 variable&#8230; les huiles produites en Angleterre et en France sont les plus adapt\u00e9es \u00e0 une utilisation en aromath\u00e9rapie&#8230;\u00a0\u00bb<br \/>\n<\/em>~ Kurt Schnaubelt, <em><strong>Advanced Aromatherapy<\/strong><\/em><\/p>\n<p style=\"text-align: center;\"><em>\u00ab\u00a0C&rsquo;est le destin de la menthe d&rsquo;\u00eatre \u00e9cras\u00e9e.\u00a0\u00bb<br \/>\n ~<\/em> Waverly Lewis Root<\/p>\n<p style=\"text-align: center;\"><em>\u00ab\u00a0Dans la mythologie romaine, lorsque Pluton professa son amour pour la nymphe Mentha, sa femme Pers\u00e9phone, enflamm\u00e9e de jalousie, \u00e9crasa Mentha en poussi\u00e8re sur le sol. Pluton, incapable de la retransformer, la transforma en une plante de menthe poivr\u00e9e et lui donna un parfum frais pour qu&rsquo;elle sente bon chaque fois qu&rsquo;on la pi\u00e9tine.\u00a0\u00bb<br \/>\n<\/em>~ Alan Higley (quoting Roberta Wilson), <strong>Reference Guide for Essential Oils<\/strong><\/p>\n<p><img fetchpriority=\"high\" decoding=\"async\" class=\"size-medium wp-image-68103 aligncenter\" src=\"https:\/\/dutchhealthstore.com\/wp-content\/uploads\/2018\/02\/Living-Libations-Organic-Logo-800x89.png\" alt=\"Living Libations - Organic Logo\" width=\"800\" height=\"89\" srcset=\"https:\/\/dutchhealthstore.com\/wp-content\/uploads\/2018\/02\/Living-Libations-Organic-Logo-800x89.png 800w, https:\/\/dutchhealthstore.com\/wp-content\/uploads\/2018\/02\/Living-Libations-Organic-Logo-510x57.png 510w, https:\/\/dutchhealthstore.com\/wp-content\/uploads\/2018\/02\/Living-Libations-Organic-Logo-768x85.png 768w, https:\/\/dutchhealthstore.com\/wp-content\/uploads\/2018\/02\/Living-Libations-Organic-Logo.png 1400w\" sizes=\"(max-width: 800px) 100vw, 800px\" \/><\/p>\n","protected":false},"excerpt":{"rendered":"<p><strong>Peppermint Essential Oil<\/strong> est une explosion rafra\u00eechissante de mol\u00e9cules de menthe vivaces et puissantes.<br \/>\nLa Mentha peperita pousse partout en Europe, en Australie et en Am\u00e9rique du Nord, mais notre distillateur fran\u00e7ais propose la menthe la plus pure et la plus piquante de tous les pays.<br \/>\nLa menthe poivr\u00e9e est fr\u00e9quemment ajout\u00e9e aux savons, au dentifrice, aux chewing-gums et aux bougies et est rest\u00e9e un rafra\u00eechisseur d&rsquo;haleine favori pendant plusieurs si\u00e8cles.<br \/>\nCe parfum vif et lumineux offre au matin un r\u00e9veil sans caf\u00e9ine.<\/p>\n","protected":false},"featured_media":113970,"comment_status":"open","ping_status":"closed","template":"","meta":[],"product_brand":[],"product_cat":[1507,6734,1211,1209,3757,1010,6733],"product_tag":[4495],"class_list":{"0":"post-122508","1":"product","2":"type-product","3":"status-publish","4":"has-post-thumbnail","6":"product_cat-plantes-huiles-essentielles-living-libations","7":"product_cat-essential-oils","8":"product_cat-living-libations-france","9":"product_cat-par-marques","10":"product_cat-plantes-huiles-essentielles","11":"product_cat-notre-boutique","12":"product_cat-wellness-fr-2","13":"product_tag-essential-oil-fr","14":"pa_brand-livinglibations-fr","15":"pa_essential-oils-product-type-essential-oils-fr","16":"pa_size-5-ml-fr","17":"pa_size-15-ml-fr","18":"pa_size-30-ml-fr","20":"first","21":"instock","22":"taxable","23":"shipping-taxable","24":"purchasable","25":"product-type-variable"},"bundled_by":[],"bundle_stock_status":"instock","bundle_stock_quantity":null,"bundle_virtual":false,"bundle_layout":"","bundle_add_to_cart_form_location":"","bundle_editable_in_cart":false,"bundle_sold_individually_context":"","bundle_item_grouping":"","bundle_min_size":"","bundle_max_size":"","bundle_price":[],"bundled_items":[],"bundle_sell_ids":[],"atum_controlled":true,"out_stock_date":null,"out_stock_threshold":null,"inheritable":true,"stock_on_hold":1,"sold_today":0,"sales_last_days":0,"out_stock_days":0,"lost_sales":0,"update_date":"2026-04-04T01:45:44","atum_locations":[],"atum_stock_status":"instock","restock_status":false,"low_stock_amount":"","sales_update_date":"2026-04-04T01:45:44","calc_backorders":null,"group_of_quantity":0,"min_quantity":0,"max_quantity":"","exclude_order_quantity_value_rules":"no","exclude_category_quantity_rules":"no","combine_variations":"no","yoast_head":"<!-- This site is optimized with the Yoast SEO Premium plugin v26.5 (Yoast SEO v26.5) - https:\/\/yoast.com\/wordpress\/plugins\/seo\/ -->\n<title>Peppermint Essential Oil | Living Libations<\/title>\n<meta name=\"description\" content=\"Living Libations Peppermint Essential Oil est une explosion rafra\u00eechissante de mol\u00e9cules de menthe vivaces et puissantes. Mentha peperita pousse dans toute l&#039;Europe.\" \/>\n<meta name=\"robots\" content=\"index, follow, max-snippet:-1, max-image-preview:large, max-video-preview:-1\" \/>\n<link rel=\"canonical\" href=\"https:\/\/dutchhealthstore.com\/fr\/product\/peppermint-essential-oil\/\" \/>\n<meta property=\"og:locale\" content=\"fr_FR\" \/>\n<meta property=\"og:type\" content=\"article\" \/>\n<meta property=\"og:title\" content=\"Peppermint Essential Oil - Dutch Health Store\" \/>\n<meta property=\"og:description\" content=\"Living Libations Peppermint Essential Oil est une explosion rafra\u00eechissante de mol\u00e9cules de menthe vivaces et puissantes. Mentha peperita pousse dans toute l&#039;Europe.\" \/>\n<meta property=\"og:url\" content=\"https:\/\/dutchhealthstore.com\/fr\/product\/peppermint-essential-oil\/\" \/>\n<meta property=\"og:site_name\" content=\"Dutch Health Store\" \/>\n<meta property=\"article:publisher\" content=\"https:\/\/www.instagram.com\/dutchhealthstore\/\" \/>\n<meta property=\"article:modified_time\" content=\"2025-10-28T10:00:33+00:00\" \/>\n<meta property=\"og:image\" content=\"https:\/\/dutchhealthstore.com\/wp-content\/uploads\/2018\/02\/Living-Libations-Peppermint-Essential-Oil-e1594888476100.jpg\" \/>\n\t<meta property=\"og:image:width\" content=\"500\" \/>\n\t<meta property=\"og:image:height\" content=\"500\" \/>\n\t<meta property=\"og:image:type\" content=\"image\/jpeg\" \/>\n<meta name=\"twitter:card\" content=\"summary_large_image\" \/>\n<meta name=\"twitter:label1\" content=\"Disponibilit\u00e9\" \/>\n\t<meta name=\"twitter:data1\" content=\"En stock\" \/>\n<script type=\"application\/ld+json\" class=\"yoast-schema-graph\">{\"@context\":\"https:\/\/schema.org\",\"@graph\":[{\"@type\":\"WebPage\",\"@id\":\"https:\/\/dutchhealthstore.com\/fr\/product\/peppermint-essential-oil\/\",\"url\":\"https:\/\/dutchhealthstore.com\/fr\/product\/peppermint-essential-oil\/\",\"name\":\"Peppermint Essential Oil | Living Libations\",\"isPartOf\":{\"@id\":\"https:\/\/dutchhealthstore.com\/fr\/#website\"},\"primaryImageOfPage\":{\"@id\":\"https:\/\/dutchhealthstore.com\/fr\/product\/peppermint-essential-oil\/#primaryimage\"},\"image\":{\"@id\":\"https:\/\/dutchhealthstore.com\/fr\/product\/peppermint-essential-oil\/#primaryimage\"},\"thumbnailUrl\":\"https:\/\/dutchhealthstore.com\/wp-content\/uploads\/2018\/02\/Living-Libations-Peppermint-Essential-Oil-e1594888476100.jpg\",\"datePublished\":\"2018-02-10T18:29:47+00:00\",\"dateModified\":\"2025-10-28T10:00:33+00:00\",\"description\":\"Living Libations Peppermint Essential Oil est une explosion rafra\u00eechissante de mol\u00e9cules de menthe vivaces et puissantes. Mentha peperita pousse dans toute l'Europe.\",\"breadcrumb\":{\"@id\":\"https:\/\/dutchhealthstore.com\/fr\/product\/peppermint-essential-oil\/#breadcrumb\"},\"inLanguage\":\"fr-FR\",\"potentialAction\":[{\"@type\":\"ReadAction\",\"target\":[\"https:\/\/dutchhealthstore.com\/fr\/product\/peppermint-essential-oil\/\"]}]},{\"@type\":\"ImageObject\",\"inLanguage\":\"fr-FR\",\"@id\":\"https:\/\/dutchhealthstore.com\/fr\/product\/peppermint-essential-oil\/#primaryimage\",\"url\":\"https:\/\/dutchhealthstore.com\/wp-content\/uploads\/2018\/02\/Living-Libations-Peppermint-Essential-Oil-e1594888476100.jpg\",\"contentUrl\":\"https:\/\/dutchhealthstore.com\/wp-content\/uploads\/2018\/02\/Living-Libations-Peppermint-Essential-Oil-e1594888476100.jpg\",\"width\":500,\"height\":500,\"caption\":\"Living Libations Peppermint Essential Oil\"},{\"@type\":\"BreadcrumbList\",\"@id\":\"https:\/\/dutchhealthstore.com\/fr\/product\/peppermint-essential-oil\/#breadcrumb\",\"itemListElement\":[{\"@type\":\"ListItem\",\"position\":1,\"name\":\"Home\",\"item\":\"https:\/\/dutchhealthstore.com\/fr\/\"},{\"@type\":\"ListItem\",\"position\":2,\"name\":\"Shop\",\"item\":\"https:\/\/dutchhealthstore.com\/fr\/shop\/\"},{\"@type\":\"ListItem\",\"position\":3,\"name\":\"Peppermint Essential Oil\"}]},{\"@type\":\"WebSite\",\"@id\":\"https:\/\/dutchhealthstore.com\/fr\/#website\",\"url\":\"https:\/\/dutchhealthstore.com\/fr\/\",\"name\":\"Dutch Health Store\",\"description\":\"Enhance Your Beauty with Organic &amp; Natural Skincare\",\"publisher\":{\"@id\":\"https:\/\/dutchhealthstore.com\/fr\/#organization\"},\"potentialAction\":[{\"@type\":\"SearchAction\",\"target\":{\"@type\":\"EntryPoint\",\"urlTemplate\":\"https:\/\/dutchhealthstore.com\/fr\/?s={search_term_string}\"},\"query-input\":{\"@type\":\"PropertyValueSpecification\",\"valueRequired\":true,\"valueName\":\"search_term_string\"}}],\"inLanguage\":\"fr-FR\"},{\"@type\":\"Organization\",\"@id\":\"https:\/\/dutchhealthstore.com\/fr\/#organization\",\"name\":\"Dutch Health Store\",\"url\":\"https:\/\/dutchhealthstore.com\/fr\/\",\"logo\":{\"@type\":\"ImageObject\",\"inLanguage\":\"fr-FR\",\"@id\":\"https:\/\/dutchhealthstore.com\/fr\/#\/schema\/logo\/image\/\",\"url\":\"https:\/\/dutchhealthstore.com\/wp-content\/uploads\/2020\/08\/logo-dutchhealthstore-jpg-e1599484957574.jpg\",\"contentUrl\":\"https:\/\/dutchhealthstore.com\/wp-content\/uploads\/2020\/08\/logo-dutchhealthstore-jpg-e1599484957574.jpg\",\"width\":400,\"height\":62,\"caption\":\"Dutch Health Store\"},\"image\":{\"@id\":\"https:\/\/dutchhealthstore.com\/fr\/#\/schema\/logo\/image\/\"},\"sameAs\":[\"https:\/\/www.instagram.com\/dutchhealthstore\/\",\"https:\/\/www.facebook.com\/dutchhealthstore\"]}]}<\/script>\n<meta property=\"product:brand\" content=\"Living Libations\" \/>\n<meta property=\"og:availability\" content=\"instock\" \/>\n<meta property=\"product:availability\" content=\"instock\" \/>\n<meta property=\"product:condition\" content=\"new\" \/>\n<!-- \/ Yoast SEO Premium plugin. -->","yoast_head_json":{"title":"Peppermint Essential Oil | Living Libations","description":"Living Libations Peppermint Essential Oil est une explosion rafra\u00eechissante de mol\u00e9cules de menthe vivaces et puissantes. Mentha peperita pousse dans toute l'Europe.","robots":{"index":"index","follow":"follow","max-snippet":"max-snippet:-1","max-image-preview":"max-image-preview:large","max-video-preview":"max-video-preview:-1"},"canonical":"https:\/\/dutchhealthstore.com\/fr\/product\/peppermint-essential-oil\/","og_locale":"fr_FR","og_type":"article","og_title":"Peppermint Essential Oil - Dutch Health Store","og_description":"Living Libations Peppermint Essential Oil est une explosion rafra\u00eechissante de mol\u00e9cules de menthe vivaces et puissantes. Mentha peperita pousse dans toute l'Europe.","og_url":"https:\/\/dutchhealthstore.com\/fr\/product\/peppermint-essential-oil\/","og_site_name":"Dutch Health Store","article_publisher":"https:\/\/www.instagram.com\/dutchhealthstore\/","article_modified_time":"2025-10-28T10:00:33+00:00","og_image":[{"width":500,"height":500,"url":"https:\/\/dutchhealthstore.com\/wp-content\/uploads\/2018\/02\/Living-Libations-Peppermint-Essential-Oil-e1594888476100.jpg","type":"image\/jpeg"}],"twitter_card":"summary_large_image","twitter_misc":{"Disponibilit\u00e9":"En stock"},"schema":{"@context":"https:\/\/schema.org","@graph":[{"@type":"WebPage","@id":"https:\/\/dutchhealthstore.com\/fr\/product\/peppermint-essential-oil\/","url":"https:\/\/dutchhealthstore.com\/fr\/product\/peppermint-essential-oil\/","name":"Peppermint Essential Oil | Living Libations","isPartOf":{"@id":"https:\/\/dutchhealthstore.com\/fr\/#website"},"primaryImageOfPage":{"@id":"https:\/\/dutchhealthstore.com\/fr\/product\/peppermint-essential-oil\/#primaryimage"},"image":{"@id":"https:\/\/dutchhealthstore.com\/fr\/product\/peppermint-essential-oil\/#primaryimage"},"thumbnailUrl":"https:\/\/dutchhealthstore.com\/wp-content\/uploads\/2018\/02\/Living-Libations-Peppermint-Essential-Oil-e1594888476100.jpg","datePublished":"2018-02-10T18:29:47+00:00","dateModified":"2025-10-28T10:00:33+00:00","description":"Living Libations Peppermint Essential Oil est une explosion rafra\u00eechissante de mol\u00e9cules de menthe vivaces et puissantes. Mentha peperita pousse dans toute l'Europe.","breadcrumb":{"@id":"https:\/\/dutchhealthstore.com\/fr\/product\/peppermint-essential-oil\/#breadcrumb"},"inLanguage":"fr-FR","potentialAction":[{"@type":"ReadAction","target":["https:\/\/dutchhealthstore.com\/fr\/product\/peppermint-essential-oil\/"]}]},{"@type":"ImageObject","inLanguage":"fr-FR","@id":"https:\/\/dutchhealthstore.com\/fr\/product\/peppermint-essential-oil\/#primaryimage","url":"https:\/\/dutchhealthstore.com\/wp-content\/uploads\/2018\/02\/Living-Libations-Peppermint-Essential-Oil-e1594888476100.jpg","contentUrl":"https:\/\/dutchhealthstore.com\/wp-content\/uploads\/2018\/02\/Living-Libations-Peppermint-Essential-Oil-e1594888476100.jpg","width":500,"height":500,"caption":"Living Libations Peppermint Essential Oil"},{"@type":"BreadcrumbList","@id":"https:\/\/dutchhealthstore.com\/fr\/product\/peppermint-essential-oil\/#breadcrumb","itemListElement":[{"@type":"ListItem","position":1,"name":"Home","item":"https:\/\/dutchhealthstore.com\/fr\/"},{"@type":"ListItem","position":2,"name":"Shop","item":"https:\/\/dutchhealthstore.com\/fr\/shop\/"},{"@type":"ListItem","position":3,"name":"Peppermint Essential Oil"}]},{"@type":"WebSite","@id":"https:\/\/dutchhealthstore.com\/fr\/#website","url":"https:\/\/dutchhealthstore.com\/fr\/","name":"Dutch Health Store","description":"Enhance Your Beauty with Organic &amp; Natural Skincare","publisher":{"@id":"https:\/\/dutchhealthstore.com\/fr\/#organization"},"potentialAction":[{"@type":"SearchAction","target":{"@type":"EntryPoint","urlTemplate":"https:\/\/dutchhealthstore.com\/fr\/?s={search_term_string}"},"query-input":{"@type":"PropertyValueSpecification","valueRequired":true,"valueName":"search_term_string"}}],"inLanguage":"fr-FR"},{"@type":"Organization","@id":"https:\/\/dutchhealthstore.com\/fr\/#organization","name":"Dutch Health Store","url":"https:\/\/dutchhealthstore.com\/fr\/","logo":{"@type":"ImageObject","inLanguage":"fr-FR","@id":"https:\/\/dutchhealthstore.com\/fr\/#\/schema\/logo\/image\/","url":"https:\/\/dutchhealthstore.com\/wp-content\/uploads\/2020\/08\/logo-dutchhealthstore-jpg-e1599484957574.jpg","contentUrl":"https:\/\/dutchhealthstore.com\/wp-content\/uploads\/2020\/08\/logo-dutchhealthstore-jpg-e1599484957574.jpg","width":400,"height":62,"caption":"Dutch Health Store"},"image":{"@id":"https:\/\/dutchhealthstore.com\/fr\/#\/schema\/logo\/image\/"},"sameAs":["https:\/\/www.instagram.com\/dutchhealthstore\/","https:\/\/www.facebook.com\/dutchhealthstore"]}]},"product_brand":"Living Libations","og_availability":"instock","product_availability":"instock","product_condition":"new"},"_links":{"self":[{"href":"https:\/\/dutchhealthstore.com\/fr\/wp-json\/wp\/v2\/product\/122508","targetHints":{"allow":["GET"]}}],"collection":[{"href":"https:\/\/dutchhealthstore.com\/fr\/wp-json\/wp\/v2\/product"}],"about":[{"href":"https:\/\/dutchhealthstore.com\/fr\/wp-json\/wp\/v2\/types\/product"}],"replies":[{"embeddable":true,"href":"https:\/\/dutchhealthstore.com\/fr\/wp-json\/wp\/v2\/comments?post=122508"}],"wp:featuredmedia":[{"embeddable":true,"href":"https:\/\/dutchhealthstore.com\/fr\/wp-json\/wp\/v2\/media\/113970"}],"wp:attachment":[{"href":"https:\/\/dutchhealthstore.com\/fr\/wp-json\/wp\/v2\/media?parent=122508"}],"wp:term":[{"taxonomy":"product_brand","embeddable":true,"href":"https:\/\/dutchhealthstore.com\/fr\/wp-json\/wp\/v2\/product_brand?post=122508"},{"taxonomy":"product_cat","embeddable":true,"href":"https:\/\/dutchhealthstore.com\/fr\/wp-json\/wp\/v2\/product_cat?post=122508"},{"taxonomy":"product_tag","embeddable":true,"href":"https:\/\/dutchhealthstore.com\/fr\/wp-json\/wp\/v2\/product_tag?post=122508"}],"curies":[{"name":"wp","href":"https:\/\/api.w.org\/{rel}","templated":true}]}}