{"id":122500,"date":"2018-02-10T19:50:27","date_gmt":"2018-02-10T18:50:27","guid":{"rendered":"https:\/\/dutchhealthstore.com\/product\/patchouli-essential-oil\/"},"modified":"2025-06-13T09:43:17","modified_gmt":"2025-06-13T07:43:17","slug":"patchouli-essential-oil","status":"publish","type":"product","link":"https:\/\/dutchhealthstore.com\/fr\/product\/patchouli-essential-oil\/","title":{"rendered":"Patchouli Essential Oil"},"content":{"rendered":"<p><strong><img decoding=\"async\" class=\"size-full wp-image-69549 alignright\" src=\"https:\/\/dutchhealthstore.com\/wp-content\/uploads\/2019\/08\/NEW-Living-Libations-Logo.jpg\" alt=\"NEW - Living Libations - Logo\" width=\"175\" height=\"82\">Nom botanique:<\/strong> Pogostemon cablin<br \/>\n<strong>Famille botanique:<\/strong> Lamiaceae<br \/>\n<strong>M\u00e9thode d&rsquo;extraction:<\/strong> Distillation \u00e0 la vapeur<br \/>\n<strong>Partie de la plante distill\u00e9e:<\/strong> Feuilles<br \/>\n<strong>Pays d&rsquo;origine:<\/strong> Indon\u00e9sie<br \/>\n<strong>M\u00e9thode de culture:<\/strong> Sauvage<br \/>\n<strong>Composition:<\/strong> 100% Pogostemon cablin<br \/>\n<strong>Consistance:<\/strong> Viscosit\u00e9 moyenne<\/p>\n<h3>Description de l&rsquo;odeur<\/h3>\n<p>Riche musc avec des notes de baume bois\u00e9; l&rsquo;ar\u00f4me s&rsquo;enrichit avec l&rsquo;\u00e2ge.<\/p>\n<h3>Dans Living Libations<\/h3>\n<p>Vetiver Poetic Pits<\/p>\n<h3>Se marie bien avec<\/h3>\n<p>Bois de santal, nard, lavande, jasmin, ylang, orange sanguine, pamplemousse, citron vert, vanille, bergamote, palo santo, \u0153illet, absolue de fleur d&rsquo;oranger, rose et v\u00e9tiver.<\/p>\n<a href=\"https:\/\/dutchhealthstore.com\/wp-content\/uploads\/2018\/02\/ANALYSIS-Patchouli-Essential-Oil-Living-Libations.pdf\" class=\"button primary is-primary is-small\"  >\n\t\t<span>ANALYSE DES HUILES ESSENTIELLES &gt;<\/span>\n\t<\/a>\n\n<h3>Utilisations<\/h3>\n<p>Diluer pour utiliser dans les s\u00e9rums pour la peau et les huiles de massage hydratantes. C&rsquo;est un excellent tonique du cuir chevelu pour des cheveux brillants et rebondis. Conditionneur pour les peaux grasses. Un compl\u00e9ment s\u00e9rieusement sensuel aux parfums et d\u00e9odorants.<\/p>\n<p>L&rsquo;ar\u00f4me opulent et sensuel de cette huile luxueuse et sensuelle ne fait que s&rsquo;am\u00e9liorer avec l&rsquo;\u00e2ge et est un parfum c\u00e9l\u00e8bre dans l&rsquo;histoire. Distill\u00e9e \u00e0 la vapeur en Indon\u00e9sie, cette huile contient des compos\u00e9s v\u00e9g\u00e9taux qui sont miraculeusement hydratants pour les cheveux et la peau. Le patchouli est principalement utilis\u00e9 pour parfumer les armoires et les v\u00eatements, dans les soins de la peau, en parfumerie et comme liniment d&rsquo;amour. Beaucoup trouvent que son parfum musqu\u00e9 et terreux est rassurant et sensuel. Une petite touche sur les cheveux donnera des effets parfum\u00e9s durables, surtout si elle est associ\u00e9e au jasmin ou au bois de santal.<\/p>\n<p>Afin d&rsquo;exploiter le pouvoir du patchouli, les feuilles doivent \u00eatre s\u00e9ch\u00e9es pendant au moins une journ\u00e9e avant que l&rsquo;huile puisse \u00eatre extraite. Comme son ar\u00f4me robuste, l&rsquo;impact \u00e9motionnel de Patchouli Essential Oil est fort et chaleureux. Les amateurs de patchouli re\u00e7oivent une dose de plaisir sensuel qui leur donne l&rsquo;impression que tout va bien se passer.<\/p>\n<p><strong>Taille: 5 ml et 15 ml<\/strong><\/p>\n<h3>Ingr\u00e9dients Biologiques<\/h3>\n<p>100% d&rsquo;huile essentielle de patchouli (Pogostemon cablin).<\/p>\n<p style=\"text-align: center;\"><em>\u00ab\u00a0Obtenu par distillation des racines s\u00e9ch\u00e9es de la plante orientale (patchouli)<span style=\"font-size: 14.4px;\">&#8230;<\/span> C&rsquo;est un fixateur de parfums lourds et aussi un aphrodisiaque aux pouvoirs magiques.\u00a0\u00bb<\/em><br \/>\n~Eric Maple, <strong>The Magic of Perfume<\/strong><\/p>\n<p><img fetchpriority=\"high\" decoding=\"async\" class=\"size-medium wp-image-68103 aligncenter\" src=\"https:\/\/dutchhealthstore.com\/wp-content\/uploads\/2018\/02\/Living-Libations-Organic-Logo-800x89.png\" alt=\"Living Libations - Organic Logo\" width=\"800\" height=\"89\" srcset=\"https:\/\/dutchhealthstore.com\/wp-content\/uploads\/2018\/02\/Living-Libations-Organic-Logo-800x89.png 800w, https:\/\/dutchhealthstore.com\/wp-content\/uploads\/2018\/02\/Living-Libations-Organic-Logo-510x57.png 510w, https:\/\/dutchhealthstore.com\/wp-content\/uploads\/2018\/02\/Living-Libations-Organic-Logo-768x85.png 768w, https:\/\/dutchhealthstore.com\/wp-content\/uploads\/2018\/02\/Living-Libations-Organic-Logo.png 1400w\" sizes=\"(max-width: 800px) 100vw, 800px\" \/><\/p>\n","protected":false},"excerpt":{"rendered":"<p>Notre <strong> Patchouli Essential Oil strong <\/strong> est distill\u00e9e et fabriqu\u00e9e dans les merveilles sauvages de l&rsquo;Indon\u00e9sie, o\u00f9 l&rsquo;huile est utilis\u00e9e depuis des si\u00e8cles pour promouvoir la paix, la sensualit\u00e9 et l&rsquo;amour.<br \/>\nEn Inde, les matelas sont rembourr\u00e9s de feuilles de patchouli afin de parfumer la pi\u00e8ce et d&rsquo;\u00e9loigner les insectes et les rongeurs.<br \/>\nAlors que de nombreux Nord-Am\u00e9ricains connaissent le parfum synth\u00e9tique du patchouli qui \u00e9tait si populaire dans les ann\u00e9es 1960, notre huile indon\u00e9sienne de fabrication sauvage est authentiquement distinctive et ind\u00e9niablement agr\u00e9able.<\/p>\n","protected":false},"featured_media":55257,"comment_status":"open","ping_status":"closed","template":"","meta":[],"product_brand":[],"product_cat":[6734,1507,1211,1209,3757,1010,6733],"product_tag":[4495],"class_list":{"0":"post-122500","1":"product","2":"type-product","3":"status-publish","4":"has-post-thumbnail","6":"product_cat-essential-oils","7":"product_cat-plantes-huiles-essentielles-living-libations","8":"product_cat-living-libations-france","9":"product_cat-par-marques","10":"product_cat-plantes-huiles-essentielles","11":"product_cat-notre-boutique","12":"product_cat-wellness-fr-2","13":"product_tag-essential-oil-fr","14":"pa_brand-livinglibations-fr","15":"pa_essential-oils-product-type-essential-oils-fr","16":"pa_size-5-ml-fr","17":"pa_size-15-ml-fr","19":"first","20":"instock","21":"taxable","22":"shipping-taxable","23":"purchasable","24":"product-type-variable"},"bundled_by":[],"bundle_stock_status":"instock","bundle_stock_quantity":null,"bundle_virtual":false,"bundle_layout":"","bundle_add_to_cart_form_location":"","bundle_editable_in_cart":false,"bundle_sold_individually_context":"","bundle_item_grouping":"","bundle_min_size":"","bundle_max_size":"","bundle_price":[],"bundled_items":[],"bundle_sell_ids":[],"atum_controlled":true,"out_stock_date":null,"out_stock_threshold":null,"inheritable":true,"stock_on_hold":0,"sold_today":0,"sales_last_days":0,"out_stock_days":0,"lost_sales":0,"update_date":"2026-04-04T01:45:48","atum_locations":[],"atum_stock_status":"instock","restock_status":false,"low_stock_amount":"","sales_update_date":"2026-04-04T01:45:48","calc_backorders":null,"group_of_quantity":0,"min_quantity":0,"max_quantity":"","exclude_order_quantity_value_rules":"no","exclude_category_quantity_rules":"no","combine_variations":"no","yoast_head":"<!-- This site is optimized with the Yoast SEO Premium plugin v26.5 (Yoast SEO v26.5) - https:\/\/yoast.com\/wordpress\/plugins\/seo\/ -->\n<title>Patchouli Essential Oil | Living Libations<\/title>\n<meta name=\"description\" content=\"Notre Patchouli Essential Oil est distill\u00e9e et fabriqu\u00e9e dans les r\u00e9gions sauvages d&#039;Indon\u00e9sie.\" \/>\n<meta name=\"robots\" content=\"index, follow, max-snippet:-1, max-image-preview:large, max-video-preview:-1\" \/>\n<link rel=\"canonical\" href=\"https:\/\/dutchhealthstore.com\/fr\/product\/patchouli-essential-oil\/\" \/>\n<meta property=\"og:locale\" content=\"fr_FR\" \/>\n<meta property=\"og:type\" content=\"article\" \/>\n<meta property=\"og:title\" content=\"Patchouli Essential Oil - Dutch Health Store\" \/>\n<meta property=\"og:description\" content=\"Notre Patchouli Essential Oil est distill\u00e9e et fabriqu\u00e9e dans les r\u00e9gions sauvages d&#039;Indon\u00e9sie.\" \/>\n<meta property=\"og:url\" content=\"https:\/\/dutchhealthstore.com\/fr\/product\/patchouli-essential-oil\/\" \/>\n<meta property=\"og:site_name\" content=\"Dutch Health Store\" \/>\n<meta property=\"article:publisher\" content=\"https:\/\/www.instagram.com\/dutchhealthstore\/\" \/>\n<meta property=\"article:modified_time\" content=\"2025-06-13T07:43:17+00:00\" \/>\n<meta property=\"og:image\" content=\"https:\/\/dutchhealthstore.com\/wp-content\/uploads\/2018\/02\/patchouli-Essential-Oil-Living-Libations-e1598861558606.jpg\" \/>\n\t<meta property=\"og:image:width\" content=\"500\" \/>\n\t<meta property=\"og:image:height\" content=\"500\" \/>\n\t<meta property=\"og:image:type\" content=\"image\/jpeg\" \/>\n<meta name=\"twitter:card\" content=\"summary_large_image\" \/>\n<meta name=\"twitter:label1\" content=\"Disponibilit\u00e9\" \/>\n\t<meta name=\"twitter:data1\" content=\"En stock\" \/>\n<script type=\"application\/ld+json\" class=\"yoast-schema-graph\">{\"@context\":\"https:\/\/schema.org\",\"@graph\":[{\"@type\":\"WebPage\",\"@id\":\"https:\/\/dutchhealthstore.com\/fr\/product\/patchouli-essential-oil\/\",\"url\":\"https:\/\/dutchhealthstore.com\/fr\/product\/patchouli-essential-oil\/\",\"name\":\"Patchouli Essential Oil | Living Libations\",\"isPartOf\":{\"@id\":\"https:\/\/dutchhealthstore.com\/fr\/#website\"},\"primaryImageOfPage\":{\"@id\":\"https:\/\/dutchhealthstore.com\/fr\/product\/patchouli-essential-oil\/#primaryimage\"},\"image\":{\"@id\":\"https:\/\/dutchhealthstore.com\/fr\/product\/patchouli-essential-oil\/#primaryimage\"},\"thumbnailUrl\":\"https:\/\/dutchhealthstore.com\/wp-content\/uploads\/2018\/02\/patchouli-Essential-Oil-Living-Libations-e1598861558606.jpg\",\"datePublished\":\"2018-02-10T18:50:27+00:00\",\"dateModified\":\"2025-06-13T07:43:17+00:00\",\"description\":\"Notre Patchouli Essential Oil est distill\u00e9e et fabriqu\u00e9e dans les r\u00e9gions sauvages d'Indon\u00e9sie.\",\"breadcrumb\":{\"@id\":\"https:\/\/dutchhealthstore.com\/fr\/product\/patchouli-essential-oil\/#breadcrumb\"},\"inLanguage\":\"fr-FR\",\"potentialAction\":[{\"@type\":\"ReadAction\",\"target\":[\"https:\/\/dutchhealthstore.com\/fr\/product\/patchouli-essential-oil\/\"]}]},{\"@type\":\"ImageObject\",\"inLanguage\":\"fr-FR\",\"@id\":\"https:\/\/dutchhealthstore.com\/fr\/product\/patchouli-essential-oil\/#primaryimage\",\"url\":\"https:\/\/dutchhealthstore.com\/wp-content\/uploads\/2018\/02\/patchouli-Essential-Oil-Living-Libations-e1598861558606.jpg\",\"contentUrl\":\"https:\/\/dutchhealthstore.com\/wp-content\/uploads\/2018\/02\/patchouli-Essential-Oil-Living-Libations-e1598861558606.jpg\",\"width\":500,\"height\":500,\"caption\":\"Patchouli Essential Oil - Living Libations\"},{\"@type\":\"BreadcrumbList\",\"@id\":\"https:\/\/dutchhealthstore.com\/fr\/product\/patchouli-essential-oil\/#breadcrumb\",\"itemListElement\":[{\"@type\":\"ListItem\",\"position\":1,\"name\":\"Home\",\"item\":\"https:\/\/dutchhealthstore.com\/fr\/\"},{\"@type\":\"ListItem\",\"position\":2,\"name\":\"Shop\",\"item\":\"https:\/\/dutchhealthstore.com\/fr\/shop\/\"},{\"@type\":\"ListItem\",\"position\":3,\"name\":\"Patchouli Essential Oil\"}]},{\"@type\":\"WebSite\",\"@id\":\"https:\/\/dutchhealthstore.com\/fr\/#website\",\"url\":\"https:\/\/dutchhealthstore.com\/fr\/\",\"name\":\"Dutch Health Store\",\"description\":\"Enhance Your Beauty with Organic &amp; Natural Skincare\",\"publisher\":{\"@id\":\"https:\/\/dutchhealthstore.com\/fr\/#organization\"},\"potentialAction\":[{\"@type\":\"SearchAction\",\"target\":{\"@type\":\"EntryPoint\",\"urlTemplate\":\"https:\/\/dutchhealthstore.com\/fr\/?s={search_term_string}\"},\"query-input\":{\"@type\":\"PropertyValueSpecification\",\"valueRequired\":true,\"valueName\":\"search_term_string\"}}],\"inLanguage\":\"fr-FR\"},{\"@type\":\"Organization\",\"@id\":\"https:\/\/dutchhealthstore.com\/fr\/#organization\",\"name\":\"Dutch Health Store\",\"url\":\"https:\/\/dutchhealthstore.com\/fr\/\",\"logo\":{\"@type\":\"ImageObject\",\"inLanguage\":\"fr-FR\",\"@id\":\"https:\/\/dutchhealthstore.com\/fr\/#\/schema\/logo\/image\/\",\"url\":\"https:\/\/dutchhealthstore.com\/wp-content\/uploads\/2020\/08\/logo-dutchhealthstore-jpg-e1599484957574.jpg\",\"contentUrl\":\"https:\/\/dutchhealthstore.com\/wp-content\/uploads\/2020\/08\/logo-dutchhealthstore-jpg-e1599484957574.jpg\",\"width\":400,\"height\":62,\"caption\":\"Dutch Health Store\"},\"image\":{\"@id\":\"https:\/\/dutchhealthstore.com\/fr\/#\/schema\/logo\/image\/\"},\"sameAs\":[\"https:\/\/www.instagram.com\/dutchhealthstore\/\",\"https:\/\/www.facebook.com\/dutchhealthstore\"]}]}<\/script>\n<meta property=\"product:brand\" content=\"Living Libations\" \/>\n<meta property=\"og:availability\" content=\"instock\" \/>\n<meta property=\"product:availability\" content=\"instock\" \/>\n<meta property=\"product:condition\" content=\"new\" \/>\n<!-- \/ Yoast SEO Premium plugin. -->","yoast_head_json":{"title":"Patchouli Essential Oil | Living Libations","description":"Notre Patchouli Essential Oil est distill\u00e9e et fabriqu\u00e9e dans les r\u00e9gions sauvages d'Indon\u00e9sie.","robots":{"index":"index","follow":"follow","max-snippet":"max-snippet:-1","max-image-preview":"max-image-preview:large","max-video-preview":"max-video-preview:-1"},"canonical":"https:\/\/dutchhealthstore.com\/fr\/product\/patchouli-essential-oil\/","og_locale":"fr_FR","og_type":"article","og_title":"Patchouli Essential Oil - Dutch Health Store","og_description":"Notre Patchouli Essential Oil est distill\u00e9e et fabriqu\u00e9e dans les r\u00e9gions sauvages d'Indon\u00e9sie.","og_url":"https:\/\/dutchhealthstore.com\/fr\/product\/patchouli-essential-oil\/","og_site_name":"Dutch Health Store","article_publisher":"https:\/\/www.instagram.com\/dutchhealthstore\/","article_modified_time":"2025-06-13T07:43:17+00:00","og_image":[{"width":500,"height":500,"url":"https:\/\/dutchhealthstore.com\/wp-content\/uploads\/2018\/02\/patchouli-Essential-Oil-Living-Libations-e1598861558606.jpg","type":"image\/jpeg"}],"twitter_card":"summary_large_image","twitter_misc":{"Disponibilit\u00e9":"En stock"},"schema":{"@context":"https:\/\/schema.org","@graph":[{"@type":"WebPage","@id":"https:\/\/dutchhealthstore.com\/fr\/product\/patchouli-essential-oil\/","url":"https:\/\/dutchhealthstore.com\/fr\/product\/patchouli-essential-oil\/","name":"Patchouli Essential Oil | Living Libations","isPartOf":{"@id":"https:\/\/dutchhealthstore.com\/fr\/#website"},"primaryImageOfPage":{"@id":"https:\/\/dutchhealthstore.com\/fr\/product\/patchouli-essential-oil\/#primaryimage"},"image":{"@id":"https:\/\/dutchhealthstore.com\/fr\/product\/patchouli-essential-oil\/#primaryimage"},"thumbnailUrl":"https:\/\/dutchhealthstore.com\/wp-content\/uploads\/2018\/02\/patchouli-Essential-Oil-Living-Libations-e1598861558606.jpg","datePublished":"2018-02-10T18:50:27+00:00","dateModified":"2025-06-13T07:43:17+00:00","description":"Notre Patchouli Essential Oil est distill\u00e9e et fabriqu\u00e9e dans les r\u00e9gions sauvages d'Indon\u00e9sie.","breadcrumb":{"@id":"https:\/\/dutchhealthstore.com\/fr\/product\/patchouli-essential-oil\/#breadcrumb"},"inLanguage":"fr-FR","potentialAction":[{"@type":"ReadAction","target":["https:\/\/dutchhealthstore.com\/fr\/product\/patchouli-essential-oil\/"]}]},{"@type":"ImageObject","inLanguage":"fr-FR","@id":"https:\/\/dutchhealthstore.com\/fr\/product\/patchouli-essential-oil\/#primaryimage","url":"https:\/\/dutchhealthstore.com\/wp-content\/uploads\/2018\/02\/patchouli-Essential-Oil-Living-Libations-e1598861558606.jpg","contentUrl":"https:\/\/dutchhealthstore.com\/wp-content\/uploads\/2018\/02\/patchouli-Essential-Oil-Living-Libations-e1598861558606.jpg","width":500,"height":500,"caption":"Patchouli Essential Oil - Living Libations"},{"@type":"BreadcrumbList","@id":"https:\/\/dutchhealthstore.com\/fr\/product\/patchouli-essential-oil\/#breadcrumb","itemListElement":[{"@type":"ListItem","position":1,"name":"Home","item":"https:\/\/dutchhealthstore.com\/fr\/"},{"@type":"ListItem","position":2,"name":"Shop","item":"https:\/\/dutchhealthstore.com\/fr\/shop\/"},{"@type":"ListItem","position":3,"name":"Patchouli Essential Oil"}]},{"@type":"WebSite","@id":"https:\/\/dutchhealthstore.com\/fr\/#website","url":"https:\/\/dutchhealthstore.com\/fr\/","name":"Dutch Health Store","description":"Enhance Your Beauty with Organic &amp; Natural Skincare","publisher":{"@id":"https:\/\/dutchhealthstore.com\/fr\/#organization"},"potentialAction":[{"@type":"SearchAction","target":{"@type":"EntryPoint","urlTemplate":"https:\/\/dutchhealthstore.com\/fr\/?s={search_term_string}"},"query-input":{"@type":"PropertyValueSpecification","valueRequired":true,"valueName":"search_term_string"}}],"inLanguage":"fr-FR"},{"@type":"Organization","@id":"https:\/\/dutchhealthstore.com\/fr\/#organization","name":"Dutch Health Store","url":"https:\/\/dutchhealthstore.com\/fr\/","logo":{"@type":"ImageObject","inLanguage":"fr-FR","@id":"https:\/\/dutchhealthstore.com\/fr\/#\/schema\/logo\/image\/","url":"https:\/\/dutchhealthstore.com\/wp-content\/uploads\/2020\/08\/logo-dutchhealthstore-jpg-e1599484957574.jpg","contentUrl":"https:\/\/dutchhealthstore.com\/wp-content\/uploads\/2020\/08\/logo-dutchhealthstore-jpg-e1599484957574.jpg","width":400,"height":62,"caption":"Dutch Health Store"},"image":{"@id":"https:\/\/dutchhealthstore.com\/fr\/#\/schema\/logo\/image\/"},"sameAs":["https:\/\/www.instagram.com\/dutchhealthstore\/","https:\/\/www.facebook.com\/dutchhealthstore"]}]},"product_brand":"Living Libations","og_availability":"instock","product_availability":"instock","product_condition":"new"},"_links":{"self":[{"href":"https:\/\/dutchhealthstore.com\/fr\/wp-json\/wp\/v2\/product\/122500","targetHints":{"allow":["GET"]}}],"collection":[{"href":"https:\/\/dutchhealthstore.com\/fr\/wp-json\/wp\/v2\/product"}],"about":[{"href":"https:\/\/dutchhealthstore.com\/fr\/wp-json\/wp\/v2\/types\/product"}],"replies":[{"embeddable":true,"href":"https:\/\/dutchhealthstore.com\/fr\/wp-json\/wp\/v2\/comments?post=122500"}],"wp:featuredmedia":[{"embeddable":true,"href":"https:\/\/dutchhealthstore.com\/fr\/wp-json\/wp\/v2\/media\/55257"}],"wp:attachment":[{"href":"https:\/\/dutchhealthstore.com\/fr\/wp-json\/wp\/v2\/media?parent=122500"}],"wp:term":[{"taxonomy":"product_brand","embeddable":true,"href":"https:\/\/dutchhealthstore.com\/fr\/wp-json\/wp\/v2\/product_brand?post=122500"},{"taxonomy":"product_cat","embeddable":true,"href":"https:\/\/dutchhealthstore.com\/fr\/wp-json\/wp\/v2\/product_cat?post=122500"},{"taxonomy":"product_tag","embeddable":true,"href":"https:\/\/dutchhealthstore.com\/fr\/wp-json\/wp\/v2\/product_tag?post=122500"}],"curies":[{"name":"wp","href":"https:\/\/api.w.org\/{rel}","templated":true}]}}