{"id":122489,"date":"2020-02-16T07:07:01","date_gmt":"2020-02-16T06:07:01","guid":{"rendered":"https:\/\/dutchhealthstore.com\/product\/palo-santo-essential-oil\/"},"modified":"2025-01-16T14:47:53","modified_gmt":"2025-01-16T13:47:53","slug":"palo-santo-essential-oil","status":"publish","type":"product","link":"https:\/\/dutchhealthstore.com\/fr\/product\/palo-santo-essential-oil\/","title":{"rendered":"Palo Santo Essential Oil"},"content":{"rendered":"<p><img decoding=\"async\" class=\"alignright wp-image-56011\" src=\"https:\/\/dutchhealthstore.com\/wp-content\/uploads\/2019\/04\/logo.png\" alt=\"Living libations logo\" width=\"200\" height=\"59\"><strong>Nom botanique :<\/strong> Bursera graveolens<br \/>\n<strong>Famille botanique:<\/strong> Burseraceae<br \/>\n<strong>M\u00e9thode d&rsquo;extraction :<\/strong> Distillation \u00e0 la vapeur<br \/>\n<strong>Partie de la plante distill\u00e9e :<\/strong> Bois de c\u0153ur<br \/>\n<strong>Pays d&rsquo;origine :<\/strong> \u00c9quateur<br \/>\n<strong>M\u00e9thode de culture :<\/strong> Cueillette sauvage du bois tomb\u00e9.<br \/>\n<strong>Composition :<\/strong> 100 % Bursera graveolens<br \/>\n<strong>Consistance :<\/strong> Viscosit\u00e9 moyenne<\/p>\n<h3>Description de l&rsquo;odeur<\/h3>\n<p>Chaud et balsamique avec des notes de bois de santal et d&rsquo;encens.<\/p>\n<h3>Dans Living Libations<\/h3>\n<p>Palo Santo Poetic Pits, Real to the Feel Essential Oil Kit, et Chakra Essence Set.<\/p>\n<h3>Se marie bien avec<\/h3>\n<p>Bois de santal, encens, rose otto, sapin de Douglas, bergamote, c\u00e8dre, patchouli, n\u00e9roli, lavande, v\u00e9tiver, mandarine, pin, palmarosa et nard.<\/p>\n<a href=\"https:\/\/dutchhealthstore.com\/wp-content\/uploads\/2020\/02\/ESSENTIAL-OIL-ANALYSIS-Palo-Santo-Essential-Oil-Living-Libations.pdf\" class=\"button primary is-primary is-small\"  >\n\t\t<span>ANALYSE DES HUILES ESSENTIELLES &gt;<\/span>\n\t<\/a>\n\n<h3>Utilisations<\/h3>\n<p>Peut \u00eatre appliqu\u00e9 par voie topique comme une essence apaisante pour calmer l&rsquo;esprit. B\u00e9n\u00e9fique pour le yoga, la m\u00e9ditation, la concentration, et pour am\u00e9liorer la cr\u00e9ativit\u00e9 et l&rsquo;apprentissage. Excellent d\u00e9odorant combin\u00e9 au bois de santal. Une eau de Cologne majestueuse. Tonique pour la peau utilis\u00e9 avec le jojoba.<\/p>\n<h3>Constituants<\/h3>\n<p>Il contient des niveaux \u00e9lev\u00e9s de limon\u00e8ne, un compos\u00e9 monoterp\u00e9nique majestueux, et il est \u00e9galement impr\u00e9gn\u00e9 de sesquiterp\u00e8nes, de monoterp\u00e8nes et d&rsquo;alpha-pin\u00e8ne.<\/p>\n<p><strong>Taille : 5 ml et 15 ml<\/strong><\/p>\n<h3>Ingr\u00e9dients biologiques<\/h3>\n<p>100% huile essentielle de palo santo (Bursera graveolens).<\/p>\n<p style=\"text-align: center;\"><em>\u00ab\u00a0Le Palo Santo (bois sacr\u00e9)<span style=\"font-size: 14.4px;\">&#8230;<\/span> semble \u00eatre indig\u00e8ne en Argentine et au Paraguay, et est particuli\u00e8rement abondant le long du cours du Rio Bermejo, un affluent du Rio Paraguay. <\/em><br \/>\n<em>Le bois donne de 4 \u00e0 8 % d&rsquo;huile essentielle, qui est pratiquement solide \u00e0 temp\u00e9rature ordinaire. Cette huile a une odeur de th\u00e9 extr\u00eamement d\u00e9licate, et est bien adapt\u00e9e \u00e0 la fois pour la parfumerie et pour \u00eatre m\u00e9lang\u00e9e \u00e0 des parfums plus forts pour des senteurs ordinaires.\u00a0\u00bb<\/em><br \/>\n\u223c Ernest John Parry, <strong>The Chemistry of Essential Oils and Artificial Perfumes<\/strong><\/p>\n<p style=\"text-align: center;\"><em>\u00ab\u00a0Rien n&rsquo;est plus saint, rien n&rsquo;est plus exemplaire qu&rsquo;un arbre beau et fort. Quand un arbre est coup\u00e9 et r\u00e9v\u00e8le sa blessure de mort nue au soleil, <\/em><br \/>\n<em>on peut lire toute son histoire dans le disque lumineux et inscrit de son tronc : dans les anneaux de ses ann\u00e9es, ses cicatrices, toute la lutte, toute la souffrance, <\/em><br \/>\n<em>toutes les maladies, tous les bonheurs et toutes les prosp\u00e9rit\u00e9s sont vraiment \u00e9crits, les ann\u00e9es \u00e9troites et les ann\u00e9es fastes, les attaques r\u00e9sist\u00e9es, les temp\u00eates endur\u00e9es\u00a0\u00bb.<\/em><br \/>\n\u223c Herman Hesse, <strong>B\u00e4ume. Betrachtungen und Gedichte<\/strong><\/p>\n<p><img fetchpriority=\"high\" decoding=\"async\" class=\"aligncenter wp-image-68099\" src=\"https:\/\/dutchhealthstore.com\/wp-content\/uploads\/2018\/02\/Logo-Living-Libations-New-2019.png\" alt=\"Logo Living Libations New 2019\" width=\"800\" height=\"88\" srcset=\"https:\/\/dutchhealthstore.com\/wp-content\/uploads\/2018\/02\/Logo-Living-Libations-New-2019.png 905w, https:\/\/dutchhealthstore.com\/wp-content\/uploads\/2018\/02\/Logo-Living-Libations-New-2019-510x56.png 510w, https:\/\/dutchhealthstore.com\/wp-content\/uploads\/2018\/02\/Logo-Living-Libations-New-2019-800x88.png 800w, https:\/\/dutchhealthstore.com\/wp-content\/uploads\/2018\/02\/Logo-Living-Libations-New-2019-768x85.png 768w\" sizes=\"(max-width: 800px) 100vw, 800px\" \/><\/p>\n","protected":false},"excerpt":{"rendered":"<p>La pri\u00e8re parfum\u00e9e de <strong>Palo Santo Essential Oil<\/strong> est distill\u00e9e \u00e0 la vapeur \u00e0 partir du bois tomb\u00e9 des arbres \u00e9quatoriens Holy Wood, r\u00e9colt\u00e9 de mani\u00e8re \u00e9thique.<br \/>\nCette huile opulente regorge de propri\u00e9t\u00e9s b\u00e9n\u00e9fiques bienveillantes des plantes et est tr\u00e8s v\u00e9n\u00e9r\u00e9e et appr\u00e9ci\u00e9e comme outil de m\u00e9ditation et chr\u00eame des espaces sacr\u00e9s.<br \/>\nLe bois de c\u0153ur vieilli du Bursera graveolens offre un parfum balsamique et fid\u00e8le qui peut \u00eatre oint comme eau de Cologne, s\u00e9rum de chakra ou d\u00e9odorant.<\/p>\n","protected":false},"featured_media":93869,"comment_status":"open","ping_status":"closed","template":"","meta":[],"product_brand":[],"product_cat":[6734,1507,1211,1209,3757,6733],"product_tag":[4495],"class_list":{"0":"post-122489","1":"product","2":"type-product","3":"status-publish","4":"has-post-thumbnail","6":"product_cat-essential-oils","7":"product_cat-plantes-huiles-essentielles-living-libations","8":"product_cat-living-libations-france","9":"product_cat-par-marques","10":"product_cat-plantes-huiles-essentielles","11":"product_cat-wellness-fr-2","12":"product_tag-essential-oil-fr","13":"pa_brand-livinglibations-fr","14":"pa_essential-oils-product-type-essential-oils-fr","15":"pa_size-5-ml-fr","16":"pa_size-15-ml-fr","18":"first","19":"instock","20":"taxable","21":"shipping-taxable","22":"purchasable","23":"product-type-variable"},"bundled_by":[],"bundle_stock_status":"instock","bundle_stock_quantity":null,"bundle_virtual":false,"bundle_layout":"","bundle_add_to_cart_form_location":"","bundle_editable_in_cart":false,"bundle_sold_individually_context":"","bundle_item_grouping":"","bundle_min_size":"","bundle_max_size":"","bundle_price":[],"bundled_items":[],"bundle_sell_ids":[],"atum_controlled":true,"out_stock_date":null,"out_stock_threshold":null,"inheritable":true,"stock_on_hold":0,"sold_today":0,"sales_last_days":0,"out_stock_days":0,"lost_sales":0,"update_date":"2026-04-09T11:36:29","atum_locations":[],"atum_stock_status":"instock","restock_status":false,"low_stock_amount":"","sales_update_date":"2026-04-09T11:36:29","calc_backorders":null,"group_of_quantity":0,"min_quantity":0,"max_quantity":"","exclude_order_quantity_value_rules":"no","exclude_category_quantity_rules":"no","combine_variations":"no","yoast_head":"<!-- This site is optimized with the Yoast SEO Premium plugin v26.5 (Yoast SEO v26.5) - https:\/\/yoast.com\/wordpress\/plugins\/seo\/ -->\n<title>Palo Danto Essential Oil | Living Libations<\/title>\n<meta name=\"description\" content=\"Cette huile opulente regorge de propri\u00e9t\u00e9s b\u00e9n\u00e9fiques bienveillantes des plantes et est tr\u00e8s v\u00e9n\u00e9r\u00e9e et appr\u00e9ci\u00e9e comme outil de m\u00e9ditation et chr\u00eame des espaces sacr\u00e9s.\" \/>\n<meta name=\"robots\" content=\"index, follow, max-snippet:-1, max-image-preview:large, max-video-preview:-1\" \/>\n<link rel=\"canonical\" href=\"https:\/\/dutchhealthstore.com\/fr\/product\/palo-santo-essential-oil\/\" \/>\n<meta property=\"og:locale\" content=\"fr_FR\" \/>\n<meta property=\"og:type\" content=\"article\" \/>\n<meta property=\"og:title\" content=\"Palo Santo Essential Oil - Dutch Health Store\" \/>\n<meta property=\"og:description\" content=\"Cette huile opulente regorge de propri\u00e9t\u00e9s b\u00e9n\u00e9fiques bienveillantes des plantes et est tr\u00e8s v\u00e9n\u00e9r\u00e9e et appr\u00e9ci\u00e9e comme outil de m\u00e9ditation et chr\u00eame des espaces sacr\u00e9s.\" \/>\n<meta property=\"og:url\" content=\"https:\/\/dutchhealthstore.com\/fr\/product\/palo-santo-essential-oil\/\" \/>\n<meta property=\"og:site_name\" content=\"Dutch Health Store\" \/>\n<meta property=\"article:publisher\" content=\"https:\/\/www.instagram.com\/dutchhealthstore\/\" \/>\n<meta property=\"article:modified_time\" content=\"2025-01-16T13:47:53+00:00\" \/>\n<meta property=\"og:image\" content=\"https:\/\/dutchhealthstore.com\/wp-content\/uploads\/2020\/02\/Palo-Santo-Essential-Oil-Living-Libations-e1593582508706.jpg\" \/>\n\t<meta property=\"og:image:width\" content=\"500\" \/>\n\t<meta property=\"og:image:height\" content=\"500\" \/>\n\t<meta property=\"og:image:type\" content=\"image\/jpeg\" \/>\n<meta name=\"twitter:card\" content=\"summary_large_image\" \/>\n<meta name=\"twitter:label1\" content=\"Disponibilit\u00e9\" \/>\n\t<meta name=\"twitter:data1\" content=\"En stock\" \/>\n<script type=\"application\/ld+json\" class=\"yoast-schema-graph\">{\"@context\":\"https:\/\/schema.org\",\"@graph\":[{\"@type\":\"WebPage\",\"@id\":\"https:\/\/dutchhealthstore.com\/fr\/product\/palo-santo-essential-oil\/\",\"url\":\"https:\/\/dutchhealthstore.com\/fr\/product\/palo-santo-essential-oil\/\",\"name\":\"Palo Danto Essential Oil | Living Libations\",\"isPartOf\":{\"@id\":\"https:\/\/dutchhealthstore.com\/fr\/#website\"},\"primaryImageOfPage\":{\"@id\":\"https:\/\/dutchhealthstore.com\/fr\/product\/palo-santo-essential-oil\/#primaryimage\"},\"image\":{\"@id\":\"https:\/\/dutchhealthstore.com\/fr\/product\/palo-santo-essential-oil\/#primaryimage\"},\"thumbnailUrl\":\"https:\/\/dutchhealthstore.com\/wp-content\/uploads\/2020\/02\/Palo-Santo-Essential-Oil-Living-Libations-e1593582508706.jpg\",\"datePublished\":\"2020-02-16T06:07:01+00:00\",\"dateModified\":\"2025-01-16T13:47:53+00:00\",\"description\":\"Cette huile opulente regorge de propri\u00e9t\u00e9s b\u00e9n\u00e9fiques bienveillantes des plantes et est tr\u00e8s v\u00e9n\u00e9r\u00e9e et appr\u00e9ci\u00e9e comme outil de m\u00e9ditation et chr\u00eame des espaces sacr\u00e9s.\",\"breadcrumb\":{\"@id\":\"https:\/\/dutchhealthstore.com\/fr\/product\/palo-santo-essential-oil\/#breadcrumb\"},\"inLanguage\":\"fr-FR\",\"potentialAction\":[{\"@type\":\"ReadAction\",\"target\":[\"https:\/\/dutchhealthstore.com\/fr\/product\/palo-santo-essential-oil\/\"]}]},{\"@type\":\"ImageObject\",\"inLanguage\":\"fr-FR\",\"@id\":\"https:\/\/dutchhealthstore.com\/fr\/product\/palo-santo-essential-oil\/#primaryimage\",\"url\":\"https:\/\/dutchhealthstore.com\/wp-content\/uploads\/2020\/02\/Palo-Santo-Essential-Oil-Living-Libations-e1593582508706.jpg\",\"contentUrl\":\"https:\/\/dutchhealthstore.com\/wp-content\/uploads\/2020\/02\/Palo-Santo-Essential-Oil-Living-Libations-e1593582508706.jpg\",\"width\":500,\"height\":500,\"caption\":\"Palo Santo Essential Oil | Living Libations\"},{\"@type\":\"BreadcrumbList\",\"@id\":\"https:\/\/dutchhealthstore.com\/fr\/product\/palo-santo-essential-oil\/#breadcrumb\",\"itemListElement\":[{\"@type\":\"ListItem\",\"position\":1,\"name\":\"Home\",\"item\":\"https:\/\/dutchhealthstore.com\/fr\/\"},{\"@type\":\"ListItem\",\"position\":2,\"name\":\"Shop\",\"item\":\"https:\/\/dutchhealthstore.com\/fr\/shop\/\"},{\"@type\":\"ListItem\",\"position\":3,\"name\":\"Palo Santo Essential Oil\"}]},{\"@type\":\"WebSite\",\"@id\":\"https:\/\/dutchhealthstore.com\/fr\/#website\",\"url\":\"https:\/\/dutchhealthstore.com\/fr\/\",\"name\":\"Dutch Health Store\",\"description\":\"Enhance Your Beauty with Organic &amp; Natural Skincare\",\"publisher\":{\"@id\":\"https:\/\/dutchhealthstore.com\/fr\/#organization\"},\"potentialAction\":[{\"@type\":\"SearchAction\",\"target\":{\"@type\":\"EntryPoint\",\"urlTemplate\":\"https:\/\/dutchhealthstore.com\/fr\/?s={search_term_string}\"},\"query-input\":{\"@type\":\"PropertyValueSpecification\",\"valueRequired\":true,\"valueName\":\"search_term_string\"}}],\"inLanguage\":\"fr-FR\"},{\"@type\":\"Organization\",\"@id\":\"https:\/\/dutchhealthstore.com\/fr\/#organization\",\"name\":\"Dutch Health Store\",\"url\":\"https:\/\/dutchhealthstore.com\/fr\/\",\"logo\":{\"@type\":\"ImageObject\",\"inLanguage\":\"fr-FR\",\"@id\":\"https:\/\/dutchhealthstore.com\/fr\/#\/schema\/logo\/image\/\",\"url\":\"https:\/\/dutchhealthstore.com\/wp-content\/uploads\/2020\/08\/logo-dutchhealthstore-jpg-e1599484957574.jpg\",\"contentUrl\":\"https:\/\/dutchhealthstore.com\/wp-content\/uploads\/2020\/08\/logo-dutchhealthstore-jpg-e1599484957574.jpg\",\"width\":400,\"height\":62,\"caption\":\"Dutch Health Store\"},\"image\":{\"@id\":\"https:\/\/dutchhealthstore.com\/fr\/#\/schema\/logo\/image\/\"},\"sameAs\":[\"https:\/\/www.instagram.com\/dutchhealthstore\/\",\"https:\/\/www.facebook.com\/dutchhealthstore\"]}]}<\/script>\n<meta property=\"product:brand\" content=\"Living Libations\" \/>\n<meta property=\"og:availability\" content=\"instock\" \/>\n<meta property=\"product:availability\" content=\"instock\" \/>\n<meta property=\"product:condition\" content=\"new\" \/>\n<!-- \/ Yoast SEO Premium plugin. -->","yoast_head_json":{"title":"Palo Danto Essential Oil | Living Libations","description":"Cette huile opulente regorge de propri\u00e9t\u00e9s b\u00e9n\u00e9fiques bienveillantes des plantes et est tr\u00e8s v\u00e9n\u00e9r\u00e9e et appr\u00e9ci\u00e9e comme outil de m\u00e9ditation et chr\u00eame des espaces sacr\u00e9s.","robots":{"index":"index","follow":"follow","max-snippet":"max-snippet:-1","max-image-preview":"max-image-preview:large","max-video-preview":"max-video-preview:-1"},"canonical":"https:\/\/dutchhealthstore.com\/fr\/product\/palo-santo-essential-oil\/","og_locale":"fr_FR","og_type":"article","og_title":"Palo Santo Essential Oil - Dutch Health Store","og_description":"Cette huile opulente regorge de propri\u00e9t\u00e9s b\u00e9n\u00e9fiques bienveillantes des plantes et est tr\u00e8s v\u00e9n\u00e9r\u00e9e et appr\u00e9ci\u00e9e comme outil de m\u00e9ditation et chr\u00eame des espaces sacr\u00e9s.","og_url":"https:\/\/dutchhealthstore.com\/fr\/product\/palo-santo-essential-oil\/","og_site_name":"Dutch Health Store","article_publisher":"https:\/\/www.instagram.com\/dutchhealthstore\/","article_modified_time":"2025-01-16T13:47:53+00:00","og_image":[{"width":500,"height":500,"url":"https:\/\/dutchhealthstore.com\/wp-content\/uploads\/2020\/02\/Palo-Santo-Essential-Oil-Living-Libations-e1593582508706.jpg","type":"image\/jpeg"}],"twitter_card":"summary_large_image","twitter_misc":{"Disponibilit\u00e9":"En stock"},"schema":{"@context":"https:\/\/schema.org","@graph":[{"@type":"WebPage","@id":"https:\/\/dutchhealthstore.com\/fr\/product\/palo-santo-essential-oil\/","url":"https:\/\/dutchhealthstore.com\/fr\/product\/palo-santo-essential-oil\/","name":"Palo Danto Essential Oil | Living Libations","isPartOf":{"@id":"https:\/\/dutchhealthstore.com\/fr\/#website"},"primaryImageOfPage":{"@id":"https:\/\/dutchhealthstore.com\/fr\/product\/palo-santo-essential-oil\/#primaryimage"},"image":{"@id":"https:\/\/dutchhealthstore.com\/fr\/product\/palo-santo-essential-oil\/#primaryimage"},"thumbnailUrl":"https:\/\/dutchhealthstore.com\/wp-content\/uploads\/2020\/02\/Palo-Santo-Essential-Oil-Living-Libations-e1593582508706.jpg","datePublished":"2020-02-16T06:07:01+00:00","dateModified":"2025-01-16T13:47:53+00:00","description":"Cette huile opulente regorge de propri\u00e9t\u00e9s b\u00e9n\u00e9fiques bienveillantes des plantes et est tr\u00e8s v\u00e9n\u00e9r\u00e9e et appr\u00e9ci\u00e9e comme outil de m\u00e9ditation et chr\u00eame des espaces sacr\u00e9s.","breadcrumb":{"@id":"https:\/\/dutchhealthstore.com\/fr\/product\/palo-santo-essential-oil\/#breadcrumb"},"inLanguage":"fr-FR","potentialAction":[{"@type":"ReadAction","target":["https:\/\/dutchhealthstore.com\/fr\/product\/palo-santo-essential-oil\/"]}]},{"@type":"ImageObject","inLanguage":"fr-FR","@id":"https:\/\/dutchhealthstore.com\/fr\/product\/palo-santo-essential-oil\/#primaryimage","url":"https:\/\/dutchhealthstore.com\/wp-content\/uploads\/2020\/02\/Palo-Santo-Essential-Oil-Living-Libations-e1593582508706.jpg","contentUrl":"https:\/\/dutchhealthstore.com\/wp-content\/uploads\/2020\/02\/Palo-Santo-Essential-Oil-Living-Libations-e1593582508706.jpg","width":500,"height":500,"caption":"Palo Santo Essential Oil | Living Libations"},{"@type":"BreadcrumbList","@id":"https:\/\/dutchhealthstore.com\/fr\/product\/palo-santo-essential-oil\/#breadcrumb","itemListElement":[{"@type":"ListItem","position":1,"name":"Home","item":"https:\/\/dutchhealthstore.com\/fr\/"},{"@type":"ListItem","position":2,"name":"Shop","item":"https:\/\/dutchhealthstore.com\/fr\/shop\/"},{"@type":"ListItem","position":3,"name":"Palo Santo Essential Oil"}]},{"@type":"WebSite","@id":"https:\/\/dutchhealthstore.com\/fr\/#website","url":"https:\/\/dutchhealthstore.com\/fr\/","name":"Dutch Health Store","description":"Enhance Your Beauty with Organic &amp; Natural Skincare","publisher":{"@id":"https:\/\/dutchhealthstore.com\/fr\/#organization"},"potentialAction":[{"@type":"SearchAction","target":{"@type":"EntryPoint","urlTemplate":"https:\/\/dutchhealthstore.com\/fr\/?s={search_term_string}"},"query-input":{"@type":"PropertyValueSpecification","valueRequired":true,"valueName":"search_term_string"}}],"inLanguage":"fr-FR"},{"@type":"Organization","@id":"https:\/\/dutchhealthstore.com\/fr\/#organization","name":"Dutch Health Store","url":"https:\/\/dutchhealthstore.com\/fr\/","logo":{"@type":"ImageObject","inLanguage":"fr-FR","@id":"https:\/\/dutchhealthstore.com\/fr\/#\/schema\/logo\/image\/","url":"https:\/\/dutchhealthstore.com\/wp-content\/uploads\/2020\/08\/logo-dutchhealthstore-jpg-e1599484957574.jpg","contentUrl":"https:\/\/dutchhealthstore.com\/wp-content\/uploads\/2020\/08\/logo-dutchhealthstore-jpg-e1599484957574.jpg","width":400,"height":62,"caption":"Dutch Health Store"},"image":{"@id":"https:\/\/dutchhealthstore.com\/fr\/#\/schema\/logo\/image\/"},"sameAs":["https:\/\/www.instagram.com\/dutchhealthstore\/","https:\/\/www.facebook.com\/dutchhealthstore"]}]},"product_brand":"Living Libations","og_availability":"instock","product_availability":"instock","product_condition":"new"},"_links":{"self":[{"href":"https:\/\/dutchhealthstore.com\/fr\/wp-json\/wp\/v2\/product\/122489","targetHints":{"allow":["GET"]}}],"collection":[{"href":"https:\/\/dutchhealthstore.com\/fr\/wp-json\/wp\/v2\/product"}],"about":[{"href":"https:\/\/dutchhealthstore.com\/fr\/wp-json\/wp\/v2\/types\/product"}],"replies":[{"embeddable":true,"href":"https:\/\/dutchhealthstore.com\/fr\/wp-json\/wp\/v2\/comments?post=122489"}],"wp:featuredmedia":[{"embeddable":true,"href":"https:\/\/dutchhealthstore.com\/fr\/wp-json\/wp\/v2\/media\/93869"}],"wp:attachment":[{"href":"https:\/\/dutchhealthstore.com\/fr\/wp-json\/wp\/v2\/media?parent=122489"}],"wp:term":[{"taxonomy":"product_brand","embeddable":true,"href":"https:\/\/dutchhealthstore.com\/fr\/wp-json\/wp\/v2\/product_brand?post=122489"},{"taxonomy":"product_cat","embeddable":true,"href":"https:\/\/dutchhealthstore.com\/fr\/wp-json\/wp\/v2\/product_cat?post=122489"},{"taxonomy":"product_tag","embeddable":true,"href":"https:\/\/dutchhealthstore.com\/fr\/wp-json\/wp\/v2\/product_tag?post=122489"}],"curies":[{"name":"wp","href":"https:\/\/api.w.org\/{rel}","templated":true}]}}