{"id":122478,"date":"2020-06-18T13:02:52","date_gmt":"2020-06-18T11:02:52","guid":{"rendered":"https:\/\/dutchhealthstore.com\/product\/palmarosa-essential-oil\/"},"modified":"2025-08-29T10:30:39","modified_gmt":"2025-08-29T08:30:39","slug":"palmarosa-essential-oil","status":"publish","type":"product","link":"https:\/\/dutchhealthstore.com\/fr\/product\/palmarosa-essential-oil\/","title":{"rendered":"Palmarosa Essential Oil"},"content":{"rendered":"<p><img decoding=\"async\" class=\"size-full wp-image-69549 alignright\" src=\"https:\/\/dutchhealthstore.com\/wp-content\/uploads\/2019\/08\/NEW-Living-Libations-Logo.jpg\" alt=\"NEW - Living Libations - Logo\" width=\"175\" height=\"82\"><strong>Nom botanique :<\/strong> Cymbopogon martini<br \/>\n<strong>Famille botanique :<\/strong> Poaceae<br \/>\n<strong>M\u00e9thode d&rsquo;extraction :<\/strong> Distillation \u00e0 la vapeur<br \/>\n<strong>Partie de la plante distill\u00e9e :<\/strong> Parties a\u00e9riennes<br \/>\n<strong>Pays d&rsquo;origine :<\/strong> Inde<br \/>\n<strong>M\u00e9thode de culture :<\/strong> Organique<br \/>\n<strong>Composition :<\/strong> 100% Cymbopogon martini<br \/>\n<strong>Consistance :<\/strong> Viscosit\u00e9 \u00e9paisse<\/p>\n<h3>Description de l&rsquo;odeur<\/h3>\n<p>Vert et citronn\u00e9, frais avec des notes de g\u00e9ranium et de rose.<\/p>\n<h3>Dans Living Libations<\/h3>\n<p>Seabuckthorn Best Skin Ever, Rose Glow Serum, Rose Glow Cr\u00e8me, Soothsayer Serum, Neroli Best Skin Ever, Cinnamon Seabuckthorn Hot Lips, et Sundew Cr\u00e8me.<\/p>\n<h3>Se marie bien avec<\/h3>\n<p>Rose, g\u00e9ranium, lavande, encens, immortelle, bergamote, n\u00e9roli, patchouli, v\u00e9tiver, myrte citronn\u00e9, myrte du miel, cypr\u00e8s, gen\u00e9vrier, inule et nard.<\/p>\n<h3>Utilisations<\/h3>\n<p>C&rsquo;est si bon pour la peau. Diluer pour utiliser dans les s\u00e9rums pour le visage et les huiles de massage. Adorable dans les bains et les diffuseurs. Tonique pour la peau et excellent \u00e0 utiliser avec le brossage \u00e0 sec. Adoucit l&rsquo;apparence des cicatrices, des vergetures et de la texture de la peau. Ce biotique botanique peut \u00e9galement \u00eatre utilis\u00e9 pour les soins bucco-dentaires.<\/p>\n<h3>Constituants<\/h3>\n<p>Monoterp\u00e9nols puissants, esters \u00e9mollients, linalol affectueux et g\u00e9raniols g\u00e9n\u00e9reux.<\/p>\n<p>Un r\u00eave d&rsquo;aromath\u00e9rapie ! Living Libations Palmarosa Essential Oil a un parfum frais, citronn\u00e9 et ros\u00e9, et elle soigne aussi bien les peaux s\u00e8ches que les peaux grasses. Il est doux, hydratant en douceur et tonifiant pour une peau magnifiquement \u00e9quilibr\u00e9e.<\/p>\n<p><strong>Taille : 5 ml et 15 ml<\/strong><\/p>\n<h3>Ingr\u00e9dients biologiques<\/h3>\n<p>100% huile essentielle de palmarosa (cymbopogon martinii).<\/p>\n<p style=\"text-align: center;\"><em>\u00ab\u00a0Le palmarosa&#8230; n&rsquo;est pas toxique et son parfum opulent, mais toujours tr\u00e8s attirant, domin\u00e9 par le g\u00e9raniol, signale son lien avec les climats plus chauds.\u00a0\u00bb<\/em><br \/>\n~Kurt Schnaubelt, <strong>The Intelligence of Essential Oils<\/strong><\/p>\n<p style=\"text-align: center;\"><em>\u00ab\u00a0Le palmarosa est un tonique r\u00e9g\u00e9n\u00e9rateur de la peau et un traitement hydratant de la peau pour les peaux s\u00e8ches ou vieillies, les rides et les perturbations g\u00e9n\u00e9rales de la peau. Le palmarosa r\u00e9gule la production de s\u00e9bum et est un tonique pour les d\u00e9s\u00e9quilibres mineurs de la peau&#8230;\u00a0\u00bb<\/em><br \/>\n~Kate et Peter Damian, <strong>Aromath\u00e9rapie Senteur et Psych\u00e9<\/strong><\/p>\n<p style=\"text-align: center;\"><em>\u00ab\u00a0Palmarosa nous encourage \u00e0 \u00eatre gentils et doux envers nous-m\u00eames, sans \u00eatre trop critiques ou jugeants, car lorsque nous apprenons \u00e0 aimer qui nous sommes, nous pouvons aimer les autres de la m\u00eame mani\u00e8re.\u00a0\u00bb<\/em><br \/>\n~Valerie Ann Worwood, <strong>Aromatherapy for the Soul<\/strong><\/p>\n<p style=\"text-align: center;\"><em>\u00ab\u00a0Depuis le 18e si\u00e8cle, les Turcs distillent de l&rsquo;huile palmarosa pour frelater l&rsquo;huile de rose turque co\u00fbteuse. Le palmarosa \u00e9tait autrefois connu sous le nom d&rsquo;huile de g\u00e9ranium turc ou indien en raison de son odeur semblable \u00e0 celle du g\u00e9ranium. Les m\u00e9decins indiens prescrivaient le palmarosa pour pr\u00e9venir les infections et combattre la fi\u00e8vre.\u00a0\u00bb<\/em><br \/>\n~Roberta Wilson, <strong>Aromatherapy: Essential Oils for Vibrant Health and Beauty<\/strong><\/p>\n<p>&nbsp;<\/p>\n<p><img fetchpriority=\"high\" decoding=\"async\" class=\"size-medium wp-image-68103 aligncenter\" src=\"https:\/\/dutchhealthstore.com\/wp-content\/uploads\/2018\/02\/Living-Libations-Organic-Logo-800x89.png\" alt=\"Living Libations - Organic Logo\" width=\"800\" height=\"89\" srcset=\"https:\/\/dutchhealthstore.com\/wp-content\/uploads\/2018\/02\/Living-Libations-Organic-Logo-800x89.png 800w, https:\/\/dutchhealthstore.com\/wp-content\/uploads\/2018\/02\/Living-Libations-Organic-Logo-510x57.png 510w, https:\/\/dutchhealthstore.com\/wp-content\/uploads\/2018\/02\/Living-Libations-Organic-Logo-768x85.png 768w, https:\/\/dutchhealthstore.com\/wp-content\/uploads\/2018\/02\/Living-Libations-Organic-Logo.png 1400w\" sizes=\"(max-width: 800px) 100vw, 800px\" \/><\/p>\n","protected":false},"excerpt":{"rendered":"<p><strong>Palmarosa Essential Oil<\/strong> agr\u00e9able est distill\u00e9e \u00e0 partir d&rsquo;une herbe tropicale et parfum\u00e9e, ce qui donne une huile aromatique qui sent la rose citronn\u00e9e et le g\u00e9ranium et qui est tout simplement splendide pour le nez !<br \/>\nCe formidable rajeunisseur de la peau resserre les pores et am\u00e9liore le teint.<br \/>\nLe palmarosa lisse la peau et a la r\u00e9putation d&rsquo;apporter un \u00e9quilibre aux peaux s\u00e8ches et sujettes aux imperfections.<\/p>\n","protected":false},"featured_media":107740,"comment_status":"open","ping_status":"closed","template":"","meta":[],"product_brand":[],"product_cat":[6734,1507,1211,1209,3757,6733],"product_tag":[4495],"class_list":{"0":"post-122478","1":"product","2":"type-product","3":"status-publish","4":"has-post-thumbnail","6":"product_cat-essential-oils","7":"product_cat-plantes-huiles-essentielles-living-libations","8":"product_cat-living-libations-france","9":"product_cat-par-marques","10":"product_cat-plantes-huiles-essentielles","11":"product_cat-wellness-fr-2","12":"product_tag-essential-oil-fr","13":"pa_brand-livinglibations-fr","14":"pa_essential-oils-product-type-essential-oils-fr","15":"pa_size-15-ml-fr","16":"pa_size-5-ml-fr","18":"first","19":"instock","20":"taxable","21":"shipping-taxable","22":"purchasable","23":"product-type-variable"},"bundled_by":[],"bundle_stock_status":"instock","bundle_stock_quantity":null,"bundle_virtual":false,"bundle_layout":"","bundle_add_to_cart_form_location":"","bundle_editable_in_cart":false,"bundle_sold_individually_context":"","bundle_item_grouping":"","bundle_min_size":"","bundle_max_size":"","bundle_price":[],"bundled_items":[],"bundle_sell_ids":[],"atum_controlled":true,"out_stock_date":null,"out_stock_threshold":null,"inheritable":true,"stock_on_hold":0,"sold_today":0,"sales_last_days":0,"out_stock_days":0,"lost_sales":0,"update_date":"2026-04-13T08:05:40","atum_locations":[],"atum_stock_status":"instock","restock_status":false,"low_stock_amount":"","sales_update_date":"2026-04-13T08:05:40","calc_backorders":null,"group_of_quantity":0,"min_quantity":0,"max_quantity":"","exclude_order_quantity_value_rules":"no","exclude_category_quantity_rules":"no","combine_variations":"no","yoast_head":"<!-- This site is optimized with the Yoast SEO Premium plugin v26.5 (Yoast SEO v26.5) - https:\/\/yoast.com\/wordpress\/plugins\/seo\/ -->\n<title>Palmarosa Essential Oil | Living Libations<\/title>\n<meta name=\"description\" content=\"Ce formidable rajeunisseur de la peau redonne du tonus aux pores et \u00e0 la peau. Le palmarosa lisse la peau et a la r\u00e9putation d&#039;apporter un \u00e9quilibre aux peaux s\u00e8ches et sujettes aux imperfections.\" \/>\n<meta name=\"robots\" content=\"index, follow, max-snippet:-1, max-image-preview:large, max-video-preview:-1\" \/>\n<link rel=\"canonical\" href=\"https:\/\/dutchhealthstore.com\/fr\/product\/palmarosa-essential-oil\/\" \/>\n<meta property=\"og:locale\" content=\"fr_FR\" \/>\n<meta property=\"og:type\" content=\"article\" \/>\n<meta property=\"og:title\" content=\"Palmarosa Essential Oil - Dutch Health Store\" \/>\n<meta property=\"og:description\" content=\"Ce formidable rajeunisseur de la peau redonne du tonus aux pores et \u00e0 la peau. Le palmarosa lisse la peau et a la r\u00e9putation d&#039;apporter un \u00e9quilibre aux peaux s\u00e8ches et sujettes aux imperfections.\" \/>\n<meta property=\"og:url\" content=\"https:\/\/dutchhealthstore.com\/fr\/product\/palmarosa-essential-oil\/\" \/>\n<meta property=\"og:site_name\" content=\"Dutch Health Store\" \/>\n<meta property=\"article:publisher\" content=\"https:\/\/www.instagram.com\/dutchhealthstore\/\" \/>\n<meta property=\"article:modified_time\" content=\"2025-08-29T08:30:39+00:00\" \/>\n<meta property=\"og:image\" content=\"https:\/\/dutchhealthstore.com\/wp-content\/uploads\/2020\/06\/Living-libations-palmarosa-e1592485479637.jpg\" \/>\n\t<meta property=\"og:image:width\" content=\"500\" \/>\n\t<meta property=\"og:image:height\" content=\"500\" \/>\n\t<meta property=\"og:image:type\" content=\"image\/jpeg\" \/>\n<meta name=\"twitter:card\" content=\"summary_large_image\" \/>\n<meta name=\"twitter:label1\" content=\"Disponibilit\u00e9\" \/>\n\t<meta name=\"twitter:data1\" content=\"En stock\" \/>\n<script type=\"application\/ld+json\" class=\"yoast-schema-graph\">{\"@context\":\"https:\/\/schema.org\",\"@graph\":[{\"@type\":\"WebPage\",\"@id\":\"https:\/\/dutchhealthstore.com\/fr\/product\/palmarosa-essential-oil\/\",\"url\":\"https:\/\/dutchhealthstore.com\/fr\/product\/palmarosa-essential-oil\/\",\"name\":\"Palmarosa Essential Oil | Living Libations\",\"isPartOf\":{\"@id\":\"https:\/\/dutchhealthstore.com\/fr\/#website\"},\"primaryImageOfPage\":{\"@id\":\"https:\/\/dutchhealthstore.com\/fr\/product\/palmarosa-essential-oil\/#primaryimage\"},\"image\":{\"@id\":\"https:\/\/dutchhealthstore.com\/fr\/product\/palmarosa-essential-oil\/#primaryimage\"},\"thumbnailUrl\":\"https:\/\/dutchhealthstore.com\/wp-content\/uploads\/2020\/06\/Living-libations-palmarosa-e1592485479637.jpg\",\"datePublished\":\"2020-06-18T11:02:52+00:00\",\"dateModified\":\"2025-08-29T08:30:39+00:00\",\"description\":\"Ce formidable rajeunisseur de la peau redonne du tonus aux pores et \u00e0 la peau. Le palmarosa lisse la peau et a la r\u00e9putation d'apporter un \u00e9quilibre aux peaux s\u00e8ches et sujettes aux imperfections.\",\"breadcrumb\":{\"@id\":\"https:\/\/dutchhealthstore.com\/fr\/product\/palmarosa-essential-oil\/#breadcrumb\"},\"inLanguage\":\"fr-FR\",\"potentialAction\":[{\"@type\":\"ReadAction\",\"target\":[\"https:\/\/dutchhealthstore.com\/fr\/product\/palmarosa-essential-oil\/\"]}]},{\"@type\":\"ImageObject\",\"inLanguage\":\"fr-FR\",\"@id\":\"https:\/\/dutchhealthstore.com\/fr\/product\/palmarosa-essential-oil\/#primaryimage\",\"url\":\"https:\/\/dutchhealthstore.com\/wp-content\/uploads\/2020\/06\/Living-libations-palmarosa-e1592485479637.jpg\",\"contentUrl\":\"https:\/\/dutchhealthstore.com\/wp-content\/uploads\/2020\/06\/Living-libations-palmarosa-e1592485479637.jpg\",\"width\":500,\"height\":500,\"caption\":\"Living libations palmarosa\"},{\"@type\":\"BreadcrumbList\",\"@id\":\"https:\/\/dutchhealthstore.com\/fr\/product\/palmarosa-essential-oil\/#breadcrumb\",\"itemListElement\":[{\"@type\":\"ListItem\",\"position\":1,\"name\":\"Home\",\"item\":\"https:\/\/dutchhealthstore.com\/fr\/\"},{\"@type\":\"ListItem\",\"position\":2,\"name\":\"Shop\",\"item\":\"https:\/\/dutchhealthstore.com\/fr\/shop\/\"},{\"@type\":\"ListItem\",\"position\":3,\"name\":\"Palmarosa Essential Oil\"}]},{\"@type\":\"WebSite\",\"@id\":\"https:\/\/dutchhealthstore.com\/fr\/#website\",\"url\":\"https:\/\/dutchhealthstore.com\/fr\/\",\"name\":\"Dutch Health Store\",\"description\":\"Enhance Your Beauty with Organic &amp; Natural Skincare\",\"publisher\":{\"@id\":\"https:\/\/dutchhealthstore.com\/fr\/#organization\"},\"potentialAction\":[{\"@type\":\"SearchAction\",\"target\":{\"@type\":\"EntryPoint\",\"urlTemplate\":\"https:\/\/dutchhealthstore.com\/fr\/?s={search_term_string}\"},\"query-input\":{\"@type\":\"PropertyValueSpecification\",\"valueRequired\":true,\"valueName\":\"search_term_string\"}}],\"inLanguage\":\"fr-FR\"},{\"@type\":\"Organization\",\"@id\":\"https:\/\/dutchhealthstore.com\/fr\/#organization\",\"name\":\"Dutch Health Store\",\"url\":\"https:\/\/dutchhealthstore.com\/fr\/\",\"logo\":{\"@type\":\"ImageObject\",\"inLanguage\":\"fr-FR\",\"@id\":\"https:\/\/dutchhealthstore.com\/fr\/#\/schema\/logo\/image\/\",\"url\":\"https:\/\/dutchhealthstore.com\/wp-content\/uploads\/2020\/08\/logo-dutchhealthstore-jpg-e1599484957574.jpg\",\"contentUrl\":\"https:\/\/dutchhealthstore.com\/wp-content\/uploads\/2020\/08\/logo-dutchhealthstore-jpg-e1599484957574.jpg\",\"width\":400,\"height\":62,\"caption\":\"Dutch Health Store\"},\"image\":{\"@id\":\"https:\/\/dutchhealthstore.com\/fr\/#\/schema\/logo\/image\/\"},\"sameAs\":[\"https:\/\/www.instagram.com\/dutchhealthstore\/\",\"https:\/\/www.facebook.com\/dutchhealthstore\"]}]}<\/script>\n<meta property=\"product:brand\" content=\"Living Libations\" \/>\n<meta property=\"og:availability\" content=\"instock\" \/>\n<meta property=\"product:availability\" content=\"instock\" \/>\n<meta property=\"product:condition\" content=\"new\" \/>\n<!-- \/ Yoast SEO Premium plugin. -->","yoast_head_json":{"title":"Palmarosa Essential Oil | Living Libations","description":"Ce formidable rajeunisseur de la peau redonne du tonus aux pores et \u00e0 la peau. Le palmarosa lisse la peau et a la r\u00e9putation d'apporter un \u00e9quilibre aux peaux s\u00e8ches et sujettes aux imperfections.","robots":{"index":"index","follow":"follow","max-snippet":"max-snippet:-1","max-image-preview":"max-image-preview:large","max-video-preview":"max-video-preview:-1"},"canonical":"https:\/\/dutchhealthstore.com\/fr\/product\/palmarosa-essential-oil\/","og_locale":"fr_FR","og_type":"article","og_title":"Palmarosa Essential Oil - Dutch Health Store","og_description":"Ce formidable rajeunisseur de la peau redonne du tonus aux pores et \u00e0 la peau. Le palmarosa lisse la peau et a la r\u00e9putation d'apporter un \u00e9quilibre aux peaux s\u00e8ches et sujettes aux imperfections.","og_url":"https:\/\/dutchhealthstore.com\/fr\/product\/palmarosa-essential-oil\/","og_site_name":"Dutch Health Store","article_publisher":"https:\/\/www.instagram.com\/dutchhealthstore\/","article_modified_time":"2025-08-29T08:30:39+00:00","og_image":[{"width":500,"height":500,"url":"https:\/\/dutchhealthstore.com\/wp-content\/uploads\/2020\/06\/Living-libations-palmarosa-e1592485479637.jpg","type":"image\/jpeg"}],"twitter_card":"summary_large_image","twitter_misc":{"Disponibilit\u00e9":"En stock"},"schema":{"@context":"https:\/\/schema.org","@graph":[{"@type":"WebPage","@id":"https:\/\/dutchhealthstore.com\/fr\/product\/palmarosa-essential-oil\/","url":"https:\/\/dutchhealthstore.com\/fr\/product\/palmarosa-essential-oil\/","name":"Palmarosa Essential Oil | Living Libations","isPartOf":{"@id":"https:\/\/dutchhealthstore.com\/fr\/#website"},"primaryImageOfPage":{"@id":"https:\/\/dutchhealthstore.com\/fr\/product\/palmarosa-essential-oil\/#primaryimage"},"image":{"@id":"https:\/\/dutchhealthstore.com\/fr\/product\/palmarosa-essential-oil\/#primaryimage"},"thumbnailUrl":"https:\/\/dutchhealthstore.com\/wp-content\/uploads\/2020\/06\/Living-libations-palmarosa-e1592485479637.jpg","datePublished":"2020-06-18T11:02:52+00:00","dateModified":"2025-08-29T08:30:39+00:00","description":"Ce formidable rajeunisseur de la peau redonne du tonus aux pores et \u00e0 la peau. Le palmarosa lisse la peau et a la r\u00e9putation d'apporter un \u00e9quilibre aux peaux s\u00e8ches et sujettes aux imperfections.","breadcrumb":{"@id":"https:\/\/dutchhealthstore.com\/fr\/product\/palmarosa-essential-oil\/#breadcrumb"},"inLanguage":"fr-FR","potentialAction":[{"@type":"ReadAction","target":["https:\/\/dutchhealthstore.com\/fr\/product\/palmarosa-essential-oil\/"]}]},{"@type":"ImageObject","inLanguage":"fr-FR","@id":"https:\/\/dutchhealthstore.com\/fr\/product\/palmarosa-essential-oil\/#primaryimage","url":"https:\/\/dutchhealthstore.com\/wp-content\/uploads\/2020\/06\/Living-libations-palmarosa-e1592485479637.jpg","contentUrl":"https:\/\/dutchhealthstore.com\/wp-content\/uploads\/2020\/06\/Living-libations-palmarosa-e1592485479637.jpg","width":500,"height":500,"caption":"Living libations palmarosa"},{"@type":"BreadcrumbList","@id":"https:\/\/dutchhealthstore.com\/fr\/product\/palmarosa-essential-oil\/#breadcrumb","itemListElement":[{"@type":"ListItem","position":1,"name":"Home","item":"https:\/\/dutchhealthstore.com\/fr\/"},{"@type":"ListItem","position":2,"name":"Shop","item":"https:\/\/dutchhealthstore.com\/fr\/shop\/"},{"@type":"ListItem","position":3,"name":"Palmarosa Essential Oil"}]},{"@type":"WebSite","@id":"https:\/\/dutchhealthstore.com\/fr\/#website","url":"https:\/\/dutchhealthstore.com\/fr\/","name":"Dutch Health Store","description":"Enhance Your Beauty with Organic &amp; Natural Skincare","publisher":{"@id":"https:\/\/dutchhealthstore.com\/fr\/#organization"},"potentialAction":[{"@type":"SearchAction","target":{"@type":"EntryPoint","urlTemplate":"https:\/\/dutchhealthstore.com\/fr\/?s={search_term_string}"},"query-input":{"@type":"PropertyValueSpecification","valueRequired":true,"valueName":"search_term_string"}}],"inLanguage":"fr-FR"},{"@type":"Organization","@id":"https:\/\/dutchhealthstore.com\/fr\/#organization","name":"Dutch Health Store","url":"https:\/\/dutchhealthstore.com\/fr\/","logo":{"@type":"ImageObject","inLanguage":"fr-FR","@id":"https:\/\/dutchhealthstore.com\/fr\/#\/schema\/logo\/image\/","url":"https:\/\/dutchhealthstore.com\/wp-content\/uploads\/2020\/08\/logo-dutchhealthstore-jpg-e1599484957574.jpg","contentUrl":"https:\/\/dutchhealthstore.com\/wp-content\/uploads\/2020\/08\/logo-dutchhealthstore-jpg-e1599484957574.jpg","width":400,"height":62,"caption":"Dutch Health Store"},"image":{"@id":"https:\/\/dutchhealthstore.com\/fr\/#\/schema\/logo\/image\/"},"sameAs":["https:\/\/www.instagram.com\/dutchhealthstore\/","https:\/\/www.facebook.com\/dutchhealthstore"]}]},"product_brand":"Living Libations","og_availability":"instock","product_availability":"instock","product_condition":"new"},"_links":{"self":[{"href":"https:\/\/dutchhealthstore.com\/fr\/wp-json\/wp\/v2\/product\/122478","targetHints":{"allow":["GET"]}}],"collection":[{"href":"https:\/\/dutchhealthstore.com\/fr\/wp-json\/wp\/v2\/product"}],"about":[{"href":"https:\/\/dutchhealthstore.com\/fr\/wp-json\/wp\/v2\/types\/product"}],"replies":[{"embeddable":true,"href":"https:\/\/dutchhealthstore.com\/fr\/wp-json\/wp\/v2\/comments?post=122478"}],"wp:featuredmedia":[{"embeddable":true,"href":"https:\/\/dutchhealthstore.com\/fr\/wp-json\/wp\/v2\/media\/107740"}],"wp:attachment":[{"href":"https:\/\/dutchhealthstore.com\/fr\/wp-json\/wp\/v2\/media?parent=122478"}],"wp:term":[{"taxonomy":"product_brand","embeddable":true,"href":"https:\/\/dutchhealthstore.com\/fr\/wp-json\/wp\/v2\/product_brand?post=122478"},{"taxonomy":"product_cat","embeddable":true,"href":"https:\/\/dutchhealthstore.com\/fr\/wp-json\/wp\/v2\/product_cat?post=122478"},{"taxonomy":"product_tag","embeddable":true,"href":"https:\/\/dutchhealthstore.com\/fr\/wp-json\/wp\/v2\/product_tag?post=122478"}],"curies":[{"name":"wp","href":"https:\/\/api.w.org\/{rel}","templated":true}]}}