{"id":122469,"date":"2020-05-14T14:39:28","date_gmt":"2020-05-14T12:39:28","guid":{"rendered":"https:\/\/dutchhealthstore.com\/product\/osmanthus-absolute\/"},"modified":"2023-02-07T14:38:14","modified_gmt":"2023-02-07T14:38:14","slug":"osmanthus-absolute","status":"publish","type":"product","link":"https:\/\/dutchhealthstore.com\/fr\/product\/osmanthus-absolute\/","title":{"rendered":"Osmanthus Absolute"},"content":{"rendered":"<p><img decoding=\"async\" class=\"alignright size-full wp-image-69549\" src=\"https:\/\/dutchhealthstore.com\/wp-content\/uploads\/2019\/08\/NEW-Living-Libations-Logo.jpg\" alt=\"NEW - Living Libations - Logo\" width=\"175\" height=\"82\">L&rsquo;oasis florale de <strong>Osmanthus Absolute<\/strong> est une offrande fantastiquement parfum\u00e9e d&rsquo;un arbuste \u00e0 feuilles persistantes qui produit l&rsquo;avant-dernier des p\u00e9tales parfum\u00e9s.<br \/>\nCet opulent liquide vert ambr\u00e9 renferme une offre aromatique qui \u00e9tend un parfum de notes de t\u00eate paradisiaques de miel, de fruits doux et d&rsquo;une fantaisie de fleurs.<\/p>\n<p><strong>Nom botanique : <\/strong>Osmanthus fragrans<br \/>\n<strong>Famille botanique :<\/strong> Oleaceae<br \/>\n<strong>M\u00e9thode d&rsquo;extraction :<\/strong> Absolue<br \/>\n<strong>Partie de la plante distill\u00e9e :<\/strong> Fleurs<br \/>\n<strong>Pays d&rsquo;origine :<\/strong> Sud de la Chine<br \/>\n<strong>M\u00e9thode de culture : <\/strong>Organique<br \/>\n<strong>Composition :<\/strong> Osmanthus fragrans<br \/>\n<strong>Consistance :<\/strong> Viscosit\u00e9 moyenne<\/p>\n<p><a href=\"https:\/\/dutchhealthstore.com\/wp-content\/uploads\/2020\/05\/ANALYSIS-Osmanthus-Absolite-Living-Libations-5.pdf\">Cliquez ici pour l&rsquo;analyse des produits<\/a><\/p>\n<h3>Description de l&rsquo;odeur<\/h3>\n<p>Un bouquet de fleurs de p\u00eaches, d&rsquo;abricots et de prunes qui a \u00e9t\u00e9 tremp\u00e9 dans un miel doux et s\u00e9duisant. \u00ab\u00a0Un \u00e9quilibre unique de notes fruit\u00e9es et florales.\u00a0\u00bb<\/p>\n<h3>Se marie bien avec<\/h3>\n<p>Jasmin, Rose, Champa, Magnolia, Vanille, V\u00e9tiver, Ylang, Lavande, \u0152illet, Gardenia, Tub\u00e9reuse, Bergamote, Citron et Orange sanguine.<\/p>\n<h3>Utilisations<\/h3>\n<p>Parfumerie. Inspirez pour \u00e9lever l&rsquo;esprit.<\/p>\n<p>Distill\u00e9e \u00e0 partir de p\u00e9tales d\u00e9licats, Osmanthus Absolute est une huile tenace qui offre un parfum puissant et d\u00e9lectable en une seule goutte. Placez une seule goutte scintillante sur votre poignet et inspirez. Au bout de 15 minutes, la somptueuse fragrance remonte le moral en envoyant des signaux de bonheur au corps et \u00e0 l&rsquo;\u00e2me. Utilisez ce micro-parfum en une seule goutte pour oindre vos cheveux ou m\u00e9langez-le avec du bois de santal ou de l&rsquo;huile de jojoba pour obtenir une fragrance tout simplement fabuleuse.<\/p>\n<p>Les fleurs d&rsquo;osmanthus fleurissent sur des arbustes \u00e0 feuilles persistantes qui sont cultiv\u00e9s pour le th\u00e9, la parfumerie et l&rsquo;aromath\u00e9rapie. En automne, en septembre et octobre, les agriculteurs recueillent les fleurs en tapant sur les arbustes jusqu&rsquo;\u00e0 ce que chaque p\u00e9tale soit lib\u00e9r\u00e9 sur le sol parfum\u00e9.<\/p>\n<p>Osmanthus Absolute sert de note somptueuse dans les m\u00e9langes de parfums ou peut \u00eatre utilis\u00e9 comme un parfum \u00e0 part enti\u00e8re avec une seule goutte. La noix de coco, le jojoba et le bois de santal sont d&rsquo;excellents choix de m\u00e9langes pour mettre en valeur le parfum apaisant, r\u00e9confortant et stimulant de Osmanthus Absolute, dont on dit qu&rsquo;il inspire des sentiments de bonheur. La tristesse, l&rsquo;apathie et l&rsquo;inqui\u00e9tude peuvent \u00eatre balay\u00e9es par une seule inhalation d&rsquo;Osmanthus, ce qui en fait une inhalation euphorique pour la m\u00e9ditation, le yoga et le travail spirituel.<\/p>\n<p><strong>Taille : 2,5 ml et 15 ml<\/strong><\/p>\n<h3>Ingr\u00e9dients biologiques<\/h3>\n<p>100% d&rsquo;absolue d&rsquo;osmanthus (Osmanthus fragrans).<\/p>\n<p style=\"text-align: center;\"><em>\u00ab\u00a0Et le jour est venu o\u00f9 le risque de rester serr\u00e9 dans un bourgeon a \u00e9t\u00e9 plus douloureux que le risque qu&rsquo;il a pris pour s&rsquo;\u00e9panouir.\u00a0\u00bb <\/em><br \/>\n~ Ana\u00efs Nin<\/p>\n<p style=\"text-align: center;\"><em>\u00ab\u00a0L&rsquo;osmanthus doux est un arbuste \u00e0 feuilles persistantes originaire de Chine et de certaines r\u00e9gions du Japon&#8230; il est connu sous le nom de kweiha, et fait partie des dix fleurs traditionnelles de Chine, o\u00f9 il est consid\u00e9r\u00e9 comme un tr\u00e8s beau parfum.\u00a0\u00bb<\/em><br \/>\n~ Jennifer Peace Rhind, <strong>Fragrance and Wellbeing<\/strong><\/p>\n<p><img fetchpriority=\"high\" decoding=\"async\" class=\"size-medium wp-image-68103 aligncenter\" src=\"https:\/\/dutchhealthstore.com\/wp-content\/uploads\/2018\/02\/Living-Libations-Organic-Logo-800x89.png\" alt=\"Living Libations - Organic Logo\" width=\"800\" height=\"89\" srcset=\"https:\/\/dutchhealthstore.com\/wp-content\/uploads\/2018\/02\/Living-Libations-Organic-Logo-800x89.png 800w, https:\/\/dutchhealthstore.com\/wp-content\/uploads\/2018\/02\/Living-Libations-Organic-Logo-510x57.png 510w, https:\/\/dutchhealthstore.com\/wp-content\/uploads\/2018\/02\/Living-Libations-Organic-Logo-768x85.png 768w, https:\/\/dutchhealthstore.com\/wp-content\/uploads\/2018\/02\/Living-Libations-Organic-Logo.png 1400w\" sizes=\"(max-width: 800px) 100vw, 800px\" \/><\/p>\n","protected":false},"excerpt":{"rendered":"<p>L&rsquo;oasis florale de <strong>Osmanthus Absolute<\/strong> est une offrande fantastiquement parfum\u00e9e d&rsquo;un arbuste \u00e0 feuilles persistantes qui produit l&rsquo;avant-dernier des p\u00e9tales parfum\u00e9s.<br \/>\nCet opulent liquide vert ambr\u00e9 renferme une offre aromatique qui \u00e9tend un parfum de notes de t\u00eate paradisiaques de miel, de fruits doux et d&rsquo;une fantaisie de fleurs.<\/p>\n","protected":false},"featured_media":337444,"comment_status":"open","ping_status":"closed","template":"","meta":[],"product_brand":[],"product_cat":[3754,1507,6734,1211,1209,6733],"product_tag":[8678,21668],"class_list":{"0":"post-122469","1":"product","2":"type-product","3":"status-publish","4":"has-post-thumbnail","6":"product_cat-essences-absolues","7":"product_cat-plantes-huiles-essentielles-living-libations","8":"product_cat-essential-oils","9":"product_cat-living-libations-france","10":"product_cat-par-marques","11":"product_cat-wellness-fr-2","12":"product_tag-absolute-fr","13":"product_tag-arome","14":"pa_brand-livinglibations-fr","15":"pa_essential-oils-product-type-absolute-essences-fr","16":"pa_essential-oils-product-type-essential-oils-fr","17":"pa_size-2-5-ml-fr","18":"pa_size-5-ml-fr","20":"first","21":"instock","22":"taxable","23":"shipping-taxable","24":"purchasable","25":"product-type-variable"},"bundled_by":[],"bundle_stock_status":"instock","bundle_stock_quantity":null,"bundle_virtual":false,"bundle_layout":"","bundle_add_to_cart_form_location":"","bundle_editable_in_cart":false,"bundle_sold_individually_context":"","bundle_item_grouping":"","bundle_min_size":"","bundle_max_size":"","bundle_price":[],"bundled_items":[],"bundle_sell_ids":[],"atum_controlled":true,"out_stock_date":"2020-06-23 14:22:02","out_stock_threshold":null,"inheritable":true,"stock_on_hold":0,"sold_today":0,"sales_last_days":0,"out_stock_days":2120,"lost_sales":0,"update_date":"2026-04-14T00:04:09","atum_locations":[],"atum_stock_status":"instock","restock_status":false,"low_stock_amount":"","sales_update_date":"2026-04-14T00:04:09","calc_backorders":null,"group_of_quantity":0,"min_quantity":0,"max_quantity":"","exclude_order_quantity_value_rules":"no","exclude_category_quantity_rules":"no","combine_variations":"no","yoast_head":"<!-- This site is optimized with the Yoast SEO Premium plugin v26.5 (Yoast SEO v26.5) - https:\/\/yoast.com\/wordpress\/plugins\/seo\/ -->\n<title>Osmanthus Absolute | Living Libations<\/title>\n<meta name=\"description\" content=\"L&#039;oasis florale de Osmanthus Absolute est une offrande fantastiquement parfum\u00e9e d&#039;un arbuste \u00e0 feuilles persistantes qui produit l&#039;avant-dernier des p\u00e9tales parfum\u00e9s.\" \/>\n<meta name=\"robots\" content=\"index, follow, max-snippet:-1, max-image-preview:large, max-video-preview:-1\" \/>\n<link rel=\"canonical\" href=\"https:\/\/dutchhealthstore.com\/fr\/product\/osmanthus-absolute\/\" \/>\n<meta property=\"og:locale\" content=\"fr_FR\" \/>\n<meta property=\"og:type\" content=\"article\" \/>\n<meta property=\"og:title\" content=\"Osmanthus Absolute - Dutch Health Store\" \/>\n<meta property=\"og:description\" content=\"L&#039;oasis florale de Osmanthus Absolute est une offrande fantastiquement parfum\u00e9e d&#039;un arbuste \u00e0 feuilles persistantes qui produit l&#039;avant-dernier des p\u00e9tales parfum\u00e9s.\" \/>\n<meta property=\"og:url\" content=\"https:\/\/dutchhealthstore.com\/fr\/product\/osmanthus-absolute\/\" \/>\n<meta property=\"og:site_name\" content=\"Dutch Health Store\" \/>\n<meta property=\"article:publisher\" content=\"https:\/\/www.instagram.com\/dutchhealthstore\/\" \/>\n<meta property=\"article:modified_time\" content=\"2023-02-07T14:38:14+00:00\" \/>\n<meta property=\"og:image\" content=\"https:\/\/dutchhealthstore.com\/wp-content\/uploads\/2020\/05\/Osmanthus-Absolute-Living-Libations.-.jpg\" \/>\n\t<meta property=\"og:image:width\" content=\"500\" \/>\n\t<meta property=\"og:image:height\" content=\"500\" \/>\n\t<meta property=\"og:image:type\" content=\"image\/jpeg\" \/>\n<meta name=\"twitter:card\" content=\"summary_large_image\" \/>\n<meta name=\"twitter:label1\" content=\"Disponibilit\u00e9\" \/>\n\t<meta name=\"twitter:data1\" content=\"En stock\" \/>\n<script type=\"application\/ld+json\" class=\"yoast-schema-graph\">{\"@context\":\"https:\/\/schema.org\",\"@graph\":[{\"@type\":\"WebPage\",\"@id\":\"https:\/\/dutchhealthstore.com\/fr\/product\/osmanthus-absolute\/\",\"url\":\"https:\/\/dutchhealthstore.com\/fr\/product\/osmanthus-absolute\/\",\"name\":\"Osmanthus Absolute | Living Libations\",\"isPartOf\":{\"@id\":\"https:\/\/dutchhealthstore.com\/fr\/#website\"},\"primaryImageOfPage\":{\"@id\":\"https:\/\/dutchhealthstore.com\/fr\/product\/osmanthus-absolute\/#primaryimage\"},\"image\":{\"@id\":\"https:\/\/dutchhealthstore.com\/fr\/product\/osmanthus-absolute\/#primaryimage\"},\"thumbnailUrl\":\"https:\/\/dutchhealthstore.com\/wp-content\/uploads\/2020\/05\/2025-04-15-13_37_15-Osmanthus-Absolute-\u2013-Living-Libations-INT-1.jpg\",\"datePublished\":\"2020-05-14T12:39:28+00:00\",\"dateModified\":\"2023-02-07T14:38:14+00:00\",\"description\":\"L'oasis florale de Osmanthus Absolute est une offrande fantastiquement parfum\u00e9e d'un arbuste \u00e0 feuilles persistantes qui produit l'avant-dernier des p\u00e9tales parfum\u00e9s.\",\"breadcrumb\":{\"@id\":\"https:\/\/dutchhealthstore.com\/fr\/product\/osmanthus-absolute\/#breadcrumb\"},\"inLanguage\":\"fr-FR\",\"potentialAction\":[{\"@type\":\"ReadAction\",\"target\":[\"https:\/\/dutchhealthstore.com\/fr\/product\/osmanthus-absolute\/\"]}]},{\"@type\":\"ImageObject\",\"inLanguage\":\"fr-FR\",\"@id\":\"https:\/\/dutchhealthstore.com\/fr\/product\/osmanthus-absolute\/#primaryimage\",\"url\":\"https:\/\/dutchhealthstore.com\/wp-content\/uploads\/2020\/05\/2025-04-15-13_37_15-Osmanthus-Absolute-\u2013-Living-Libations-INT-1.jpg\",\"contentUrl\":\"https:\/\/dutchhealthstore.com\/wp-content\/uploads\/2020\/05\/2025-04-15-13_37_15-Osmanthus-Absolute-\u2013-Living-Libations-INT-1.jpg\",\"width\":530,\"height\":530},{\"@type\":\"BreadcrumbList\",\"@id\":\"https:\/\/dutchhealthstore.com\/fr\/product\/osmanthus-absolute\/#breadcrumb\",\"itemListElement\":[{\"@type\":\"ListItem\",\"position\":1,\"name\":\"Home\",\"item\":\"https:\/\/dutchhealthstore.com\/fr\/\"},{\"@type\":\"ListItem\",\"position\":2,\"name\":\"Shop\",\"item\":\"https:\/\/dutchhealthstore.com\/fr\/shop\/\"},{\"@type\":\"ListItem\",\"position\":3,\"name\":\"Osmanthus Absolute\"}]},{\"@type\":\"WebSite\",\"@id\":\"https:\/\/dutchhealthstore.com\/fr\/#website\",\"url\":\"https:\/\/dutchhealthstore.com\/fr\/\",\"name\":\"Dutch Health Store\",\"description\":\"Enhance Your Beauty with Organic &amp; Natural Skincare\",\"publisher\":{\"@id\":\"https:\/\/dutchhealthstore.com\/fr\/#organization\"},\"potentialAction\":[{\"@type\":\"SearchAction\",\"target\":{\"@type\":\"EntryPoint\",\"urlTemplate\":\"https:\/\/dutchhealthstore.com\/fr\/?s={search_term_string}\"},\"query-input\":{\"@type\":\"PropertyValueSpecification\",\"valueRequired\":true,\"valueName\":\"search_term_string\"}}],\"inLanguage\":\"fr-FR\"},{\"@type\":\"Organization\",\"@id\":\"https:\/\/dutchhealthstore.com\/fr\/#organization\",\"name\":\"Dutch Health Store\",\"url\":\"https:\/\/dutchhealthstore.com\/fr\/\",\"logo\":{\"@type\":\"ImageObject\",\"inLanguage\":\"fr-FR\",\"@id\":\"https:\/\/dutchhealthstore.com\/fr\/#\/schema\/logo\/image\/\",\"url\":\"https:\/\/dutchhealthstore.com\/wp-content\/uploads\/2020\/08\/logo-dutchhealthstore-jpg-e1599484957574.jpg\",\"contentUrl\":\"https:\/\/dutchhealthstore.com\/wp-content\/uploads\/2020\/08\/logo-dutchhealthstore-jpg-e1599484957574.jpg\",\"width\":400,\"height\":62,\"caption\":\"Dutch Health Store\"},\"image\":{\"@id\":\"https:\/\/dutchhealthstore.com\/fr\/#\/schema\/logo\/image\/\"},\"sameAs\":[\"https:\/\/www.instagram.com\/dutchhealthstore\/\",\"https:\/\/www.facebook.com\/dutchhealthstore\"]}]}<\/script>\n<meta property=\"product:brand\" content=\"Living Libations\" \/>\n<meta property=\"og:availability\" content=\"instock\" \/>\n<meta property=\"product:availability\" content=\"instock\" \/>\n<meta property=\"product:condition\" content=\"new\" \/>\n<!-- \/ Yoast SEO Premium plugin. -->","yoast_head_json":{"title":"Osmanthus Absolute | Living Libations","description":"L'oasis florale de Osmanthus Absolute est une offrande fantastiquement parfum\u00e9e d'un arbuste \u00e0 feuilles persistantes qui produit l'avant-dernier des p\u00e9tales parfum\u00e9s.","robots":{"index":"index","follow":"follow","max-snippet":"max-snippet:-1","max-image-preview":"max-image-preview:large","max-video-preview":"max-video-preview:-1"},"canonical":"https:\/\/dutchhealthstore.com\/fr\/product\/osmanthus-absolute\/","og_locale":"fr_FR","og_type":"article","og_title":"Osmanthus Absolute - Dutch Health Store","og_description":"L'oasis florale de Osmanthus Absolute est une offrande fantastiquement parfum\u00e9e d'un arbuste \u00e0 feuilles persistantes qui produit l'avant-dernier des p\u00e9tales parfum\u00e9s.","og_url":"https:\/\/dutchhealthstore.com\/fr\/product\/osmanthus-absolute\/","og_site_name":"Dutch Health Store","article_publisher":"https:\/\/www.instagram.com\/dutchhealthstore\/","article_modified_time":"2023-02-07T14:38:14+00:00","og_image":[{"width":500,"height":500,"url":"https:\/\/dutchhealthstore.com\/wp-content\/uploads\/2020\/05\/Osmanthus-Absolute-Living-Libations.-.jpg","type":"image\/jpeg"}],"twitter_card":"summary_large_image","twitter_misc":{"Disponibilit\u00e9":"En stock"},"schema":{"@context":"https:\/\/schema.org","@graph":[{"@type":"WebPage","@id":"https:\/\/dutchhealthstore.com\/fr\/product\/osmanthus-absolute\/","url":"https:\/\/dutchhealthstore.com\/fr\/product\/osmanthus-absolute\/","name":"Osmanthus Absolute | Living Libations","isPartOf":{"@id":"https:\/\/dutchhealthstore.com\/fr\/#website"},"primaryImageOfPage":{"@id":"https:\/\/dutchhealthstore.com\/fr\/product\/osmanthus-absolute\/#primaryimage"},"image":{"@id":"https:\/\/dutchhealthstore.com\/fr\/product\/osmanthus-absolute\/#primaryimage"},"thumbnailUrl":"https:\/\/dutchhealthstore.com\/wp-content\/uploads\/2020\/05\/2025-04-15-13_37_15-Osmanthus-Absolute-\u2013-Living-Libations-INT-1.jpg","datePublished":"2020-05-14T12:39:28+00:00","dateModified":"2023-02-07T14:38:14+00:00","description":"L'oasis florale de Osmanthus Absolute est une offrande fantastiquement parfum\u00e9e d'un arbuste \u00e0 feuilles persistantes qui produit l'avant-dernier des p\u00e9tales parfum\u00e9s.","breadcrumb":{"@id":"https:\/\/dutchhealthstore.com\/fr\/product\/osmanthus-absolute\/#breadcrumb"},"inLanguage":"fr-FR","potentialAction":[{"@type":"ReadAction","target":["https:\/\/dutchhealthstore.com\/fr\/product\/osmanthus-absolute\/"]}]},{"@type":"ImageObject","inLanguage":"fr-FR","@id":"https:\/\/dutchhealthstore.com\/fr\/product\/osmanthus-absolute\/#primaryimage","url":"https:\/\/dutchhealthstore.com\/wp-content\/uploads\/2020\/05\/2025-04-15-13_37_15-Osmanthus-Absolute-\u2013-Living-Libations-INT-1.jpg","contentUrl":"https:\/\/dutchhealthstore.com\/wp-content\/uploads\/2020\/05\/2025-04-15-13_37_15-Osmanthus-Absolute-\u2013-Living-Libations-INT-1.jpg","width":530,"height":530},{"@type":"BreadcrumbList","@id":"https:\/\/dutchhealthstore.com\/fr\/product\/osmanthus-absolute\/#breadcrumb","itemListElement":[{"@type":"ListItem","position":1,"name":"Home","item":"https:\/\/dutchhealthstore.com\/fr\/"},{"@type":"ListItem","position":2,"name":"Shop","item":"https:\/\/dutchhealthstore.com\/fr\/shop\/"},{"@type":"ListItem","position":3,"name":"Osmanthus Absolute"}]},{"@type":"WebSite","@id":"https:\/\/dutchhealthstore.com\/fr\/#website","url":"https:\/\/dutchhealthstore.com\/fr\/","name":"Dutch Health Store","description":"Enhance Your Beauty with Organic &amp; Natural Skincare","publisher":{"@id":"https:\/\/dutchhealthstore.com\/fr\/#organization"},"potentialAction":[{"@type":"SearchAction","target":{"@type":"EntryPoint","urlTemplate":"https:\/\/dutchhealthstore.com\/fr\/?s={search_term_string}"},"query-input":{"@type":"PropertyValueSpecification","valueRequired":true,"valueName":"search_term_string"}}],"inLanguage":"fr-FR"},{"@type":"Organization","@id":"https:\/\/dutchhealthstore.com\/fr\/#organization","name":"Dutch Health Store","url":"https:\/\/dutchhealthstore.com\/fr\/","logo":{"@type":"ImageObject","inLanguage":"fr-FR","@id":"https:\/\/dutchhealthstore.com\/fr\/#\/schema\/logo\/image\/","url":"https:\/\/dutchhealthstore.com\/wp-content\/uploads\/2020\/08\/logo-dutchhealthstore-jpg-e1599484957574.jpg","contentUrl":"https:\/\/dutchhealthstore.com\/wp-content\/uploads\/2020\/08\/logo-dutchhealthstore-jpg-e1599484957574.jpg","width":400,"height":62,"caption":"Dutch Health Store"},"image":{"@id":"https:\/\/dutchhealthstore.com\/fr\/#\/schema\/logo\/image\/"},"sameAs":["https:\/\/www.instagram.com\/dutchhealthstore\/","https:\/\/www.facebook.com\/dutchhealthstore"]}]},"product_brand":"Living Libations","og_availability":"instock","product_availability":"instock","product_condition":"new"},"_links":{"self":[{"href":"https:\/\/dutchhealthstore.com\/fr\/wp-json\/wp\/v2\/product\/122469","targetHints":{"allow":["GET"]}}],"collection":[{"href":"https:\/\/dutchhealthstore.com\/fr\/wp-json\/wp\/v2\/product"}],"about":[{"href":"https:\/\/dutchhealthstore.com\/fr\/wp-json\/wp\/v2\/types\/product"}],"replies":[{"embeddable":true,"href":"https:\/\/dutchhealthstore.com\/fr\/wp-json\/wp\/v2\/comments?post=122469"}],"wp:featuredmedia":[{"embeddable":true,"href":"https:\/\/dutchhealthstore.com\/fr\/wp-json\/wp\/v2\/media\/337444"}],"wp:attachment":[{"href":"https:\/\/dutchhealthstore.com\/fr\/wp-json\/wp\/v2\/media?parent=122469"}],"wp:term":[{"taxonomy":"product_brand","embeddable":true,"href":"https:\/\/dutchhealthstore.com\/fr\/wp-json\/wp\/v2\/product_brand?post=122469"},{"taxonomy":"product_cat","embeddable":true,"href":"https:\/\/dutchhealthstore.com\/fr\/wp-json\/wp\/v2\/product_cat?post=122469"},{"taxonomy":"product_tag","embeddable":true,"href":"https:\/\/dutchhealthstore.com\/fr\/wp-json\/wp\/v2\/product_tag?post=122469"}],"curies":[{"name":"wp","href":"https:\/\/api.w.org\/{rel}","templated":true}]}}