{"id":122456,"date":"2020-06-18T13:38:36","date_gmt":"2020-06-18T11:38:36","guid":{"rendered":"https:\/\/dutchhealthstore.com\/product\/orris-root-essential-oil\/"},"modified":"2025-04-07T11:55:13","modified_gmt":"2025-04-07T09:55:13","slug":"orris-root-essential-oil","status":"publish","type":"product","link":"https:\/\/dutchhealthstore.com\/fr\/product\/orris-root-essential-oil\/","title":{"rendered":"Orris Root Essential Oil"},"content":{"rendered":"<p><img decoding=\"async\" class=\"size-full wp-image-69549 alignright\" src=\"https:\/\/dutchhealthstore.com\/wp-content\/uploads\/2019\/08\/NEW-Living-Libations-Logo.jpg\" alt=\"NEW - Living Libations - Logo\" width=\"175\" height=\"82\"><strong>Nom botanique :<\/strong> Iris germanica var. florentina<br \/>\n<strong>Famille botanique :<\/strong> Iridaceae<br \/>\n<strong>M\u00e9thode d&rsquo;extraction :<\/strong> CO2<br \/>\n<strong>Partie de la plante distill\u00e9e :<\/strong> Rhizomes<br \/>\n<strong>Pays d&rsquo;origine :<\/strong> Serbie<br \/>\n<strong>M\u00e9thode de culture :<\/strong> Organique<br \/>\n<strong>Composition :<\/strong> 100% Iris germanica var. florentina<br \/>\n<strong>Consistance :<\/strong> \u00c9pais<\/p>\n<h3>Description de l&rsquo;odeur<\/h3>\n<p>Des notes romantiques et balsamiques de fruits et de baies avec des nuances de racines et de violette vivace. Son ar\u00f4me est si proche de celui de la violette qu&rsquo;il a inspir\u00e9 l&rsquo;imagination des parfumeurs pendant des si\u00e8cles.<\/p>\n<h3>Se marie bien avec<\/h3>\n<p>V\u00e9tiver, encens, rose, jasmin, ylang, tous les agrumes, lavande, sapin blanc, m\u00e9lisse, \u0153illet, absolue de fleur d&rsquo;oranger, n\u00e9roli, marjolaine, inule, bois de santal, bergamote, mauve musqu\u00e9e, c\u00e8dre, g\u00e9ranium et tub\u00e9reuse.<\/p>\n<h3>Utilisations<\/h3>\n<p>D\u00e9licieux en parfumerie et dans les m\u00e9langes d&rsquo;huiles essentielles.<\/p>\n<p>Saluez le saint Iris, dont les riches racines offrent une note de fond de fruits abondamment parfum\u00e9s. L&rsquo;extrait supercritique d&rsquo;Orris Root est obtenu \u00e0 partir des rhizomes (racines) de la plante Iris apr\u00e8s avoir \u00e9t\u00e9 stock\u00e9 sous terre et vieilli pendant un minimum de trois ans. Si les bourgeons d\u00e9gagent la douce odeur caract\u00e9ristique de l&rsquo;iris ancien, ce sont les racines de la plante qui sont les plus riches en d\u00e9lices aromatiques. Ces rhizomes \u00e2g\u00e9s surpassent les fleurs en termes de teneur en fer, ce qui conf\u00e8re \u00e0 l&rsquo;extrait son ar\u00f4me \u00e9th\u00e9r\u00e9, d&rsquo;un autre monde.<\/p>\n<p>La fleur d&rsquo;iris remonte \u00e0 l&rsquo;antiquit\u00e9, lorsqu&rsquo;elle a \u00e9t\u00e9 nomm\u00e9e d&rsquo;apr\u00e8s la d\u00e9esse Isis. Isis \u00e9tait une messag\u00e8re des dieux qui \u00e9tait souvent associ\u00e9e \u00e0 l&rsquo;arc-en-ciel. Tout comme son saint patron et sa d\u00e9esse, la fleur d&rsquo;iris ressemble \u00e0 un arc-en-ciel gr\u00e2ce \u00e0 la multitude de fleurs color\u00e9es qui jaillissent de ses racines chaque ann\u00e9e. Des teintes jaunes, roses, blanches et bleu-violet \u00e9mergent de la terre tandis qu&rsquo;Iris s&rsquo;exprime dans des jupons de fleurs pures. En France, les p\u00e9tales d&rsquo;iris repr\u00e9sentent la valeur, la sagesse et la foi.<\/p>\n<p>Il faut plus de 30 kilogrammes de racines d&rsquo;iris brutes pour cr\u00e9er un seul kilo d&rsquo;extrait supercritique de racines d&rsquo;iris. L&rsquo;huile est une note de base extraordinaire, car elle poss\u00e8de un ar\u00f4me de r\u00eave, cr\u00e9meux et caram\u00e9lis\u00e9, qui la rend parfaitement adapt\u00e9e \u00e0 la parfumerie, \u00e0 la cuisine, aux cosm\u00e9tiques naturel et \u00e0 l&rsquo;am\u00e9lioration de la saveur des boissons et des liqueurs.<\/p>\n<p><strong>Taille : 2,5 ml, 5 ml et 15 ml<\/strong><\/p>\n<h3>Ingr\u00e9dients biologiques<\/h3>\n<p>100% huile essentielle de racine d&rsquo;iris (Iris germanica var. florentina).<\/p>\n<p style=\"text-align: center;\"><em>\u00ab\u00a0Comme la racine ne donne qu&rsquo;une petite quantit\u00e9 d&rsquo;huile, l&rsquo;huile d&rsquo;iris (orris) reste ch\u00e8re. Son parfum ressemble \u00e0 celui de la violette &#8211; doux, fleuri, chaud et r\u00e9confortant. Son parfum c\u00e9leste aide \u00e0 \u00e9quilibrer l&rsquo;esprit, \u00e0 dissoudre les blocages mentaux ou \u00e9motionnels et \u00e0 gu\u00e9rir les blessures int\u00e9rieures. Elle aide \u00e0 stimuler la cr\u00e9ativit\u00e9, l&rsquo;intuition et l&rsquo;amour. Dans les parfums, l&rsquo;huile d&rsquo;iris est utilis\u00e9e comme fixateur&#8230; dans les lotions pr\u00e9cieuses pour la peau, car elle dorlote et nettoie la peau du visage.\u00a0\u00bb<\/em><br \/>\n~ Susanne Fischer-Rizzi, <strong>Complete Aromatherapy Handbook<\/strong><\/p>\n<p style=\"text-align: center;\"><em>\u00ab\u00a0Les Grecs et les Romains utilisaient l&rsquo;orris dans nombre de leurs onguents de parfum ainsi que pour le m\u00e9langer \u00e0 leurs pr\u00e9parations.\u00a0\u00bb<\/em><br \/>\n~ Jill Jessee, <strong>Perfume Album<\/strong><\/p>\n<p style=\"text-align: center;\"><em>\u00ab\u00a0Devez-vous savoir que la v\u00f4tre sera la \u00ab\u00a0meilleure\u00a0\u00bb image avant de prendre le pinceau et de peindre ? Ne peut-il pas s&rsquo;agir simplement d&rsquo;un autre tableau ? Une autre expression de la beaut\u00e9 ? Une rose doit-elle \u00eatre \u00ab\u00a0meilleure\u00a0\u00bb qu&rsquo;un iris pour justifier son existence ? Je vous le dis : vous \u00eates tous des fleurs dans le jardin des dieux.\u00a0\u00bb<\/em><br \/>\n~ Neale Donald Walsh, <strong>Friendship with God: An Uncommon Dialogue<\/strong><\/p>\n<p style=\"text-align: center;\"><em>\u00ab\u00a0L&rsquo;huile d&rsquo;iris est isol\u00e9e \u00e0 partir des racines (rhizomes) des iris \u00ab\u00a0barbus\u00a0\u00bb \u00e0 fleurs bleues et violettes, qui sont cultiv\u00e9s principalement autour de Florence et au Maroc. La culture sp\u00e9ciale dans les plantations d&rsquo;iris, le stockage des rhizomes pendant trois ans et la proc\u00e9dure complexe de traitement font de l&rsquo;huile d&rsquo;iris l&rsquo;un des ingr\u00e9dients les plus chers de la parfumerie. Un kilogramme d&rsquo;absolu d&rsquo;iris, qui est obtenu \u00e0 partir du beurre d&rsquo;iris de grande valeur, co\u00fbte 40 000 \u00e0 50 000 euros.\u00a0\u00bb<\/em><br \/>\n~ Bernd Schaefer, <strong>Natural Products in the Chemical Industry<\/strong><\/p>\n<p>&nbsp;<\/p>\n<p><img fetchpriority=\"high\" decoding=\"async\" class=\"size-medium wp-image-68103 aligncenter\" src=\"https:\/\/dutchhealthstore.com\/wp-content\/uploads\/2018\/02\/Living-Libations-Organic-Logo-800x89.png\" alt=\"Living Libations - Organic Logo\" width=\"800\" height=\"89\" srcset=\"https:\/\/dutchhealthstore.com\/wp-content\/uploads\/2018\/02\/Living-Libations-Organic-Logo-800x89.png 800w, https:\/\/dutchhealthstore.com\/wp-content\/uploads\/2018\/02\/Living-Libations-Organic-Logo-510x57.png 510w, https:\/\/dutchhealthstore.com\/wp-content\/uploads\/2018\/02\/Living-Libations-Organic-Logo-768x85.png 768w, https:\/\/dutchhealthstore.com\/wp-content\/uploads\/2018\/02\/Living-Libations-Organic-Logo.png 1400w\" sizes=\"(max-width: 800px) 100vw, 800px\" \/><\/p>\n","protected":false},"excerpt":{"rendered":"<p>Orris Root Essential Oil opulente est une extraction supercritique \u00e9paisse et cr\u00e9meuse qui capture un ar\u00f4me de luxuriant, les notes de caramel racine accentu\u00e9 avec v\u00eapres de violet. Extraite des rhizomes de l&rsquo;iris, Orris Root Essential Oil met en synergie l&rsquo;ancienne r\u00e9v\u00e9rence de la fleur consid\u00e9r\u00e9e comme royale avec le bouquet d\u00e9cadent de ses racines les plus profondes et les plus riches.<\/p>\n","protected":false},"featured_media":107752,"comment_status":"open","ping_status":"closed","template":"","meta":[],"product_brand":[],"product_cat":[1507,6734,1211,1209,3757,6733],"product_tag":[4495],"class_list":{"0":"post-122456","1":"product","2":"type-product","3":"status-publish","4":"has-post-thumbnail","6":"product_cat-plantes-huiles-essentielles-living-libations","7":"product_cat-essential-oils","8":"product_cat-living-libations-france","9":"product_cat-par-marques","10":"product_cat-plantes-huiles-essentielles","11":"product_cat-wellness-fr-2","12":"product_tag-essential-oil-fr","13":"pa_brand-livinglibations-fr","14":"pa_essential-oils-product-type-essential-oils-fr","15":"pa_size-15-ml-fr","16":"pa_size-2-5-ml-fr","17":"pa_size-5-ml-fr","19":"first","20":"instock","21":"taxable","22":"shipping-taxable","23":"purchasable","24":"product-type-variable"},"bundled_by":[],"bundle_stock_status":"instock","bundle_stock_quantity":null,"bundle_virtual":false,"bundle_layout":"","bundle_add_to_cart_form_location":"","bundle_editable_in_cart":false,"bundle_sold_individually_context":"","bundle_item_grouping":"","bundle_min_size":"","bundle_max_size":"","bundle_price":[],"bundled_items":[],"bundle_sell_ids":[],"atum_controlled":true,"out_stock_date":null,"out_stock_threshold":null,"inheritable":true,"stock_on_hold":1,"sold_today":0,"sales_last_days":0,"out_stock_days":0,"lost_sales":0,"update_date":"2026-05-08T00:19:30","atum_locations":[],"atum_stock_status":"instock","restock_status":false,"low_stock_amount":"","sales_update_date":"2026-05-08T00:19:30","calc_backorders":null,"group_of_quantity":0,"min_quantity":0,"max_quantity":"","exclude_order_quantity_value_rules":"no","exclude_category_quantity_rules":"no","combine_variations":"no","yoast_head":"<!-- This site is optimized with the Yoast SEO Premium plugin v26.5 (Yoast SEO v26.5) - https:\/\/yoast.com\/wordpress\/plugins\/seo\/ -->\n<title>\u00c0 la recherche de Orris Root Essential Oil ? Commandez Orris Root Essential Oil aujourd&#039;hui chez Dutch Health Store. Contact personnel &amp; envoi rapide.<\/title>\n<meta name=\"description\" content=\"Orris Root Essential Oil opulente est une extraction supercritique \u00e9paisse et cr\u00e9meuse qui capture un ar\u00f4me de luxuriant, des notes de caramel racine.\" \/>\n<meta name=\"robots\" content=\"index, follow, max-snippet:-1, max-image-preview:large, max-video-preview:-1\" \/>\n<link rel=\"canonical\" href=\"https:\/\/dutchhealthstore.com\/fr\/product\/orris-root-essential-oil\/\" \/>\n<meta property=\"og:locale\" content=\"fr_FR\" \/>\n<meta property=\"og:type\" content=\"article\" \/>\n<meta property=\"og:title\" content=\"Orris Root Essential Oil - Dutch Health Store\" \/>\n<meta property=\"og:description\" content=\"Orris Root Essential Oil opulente est une extraction supercritique \u00e9paisse et cr\u00e9meuse qui capture un ar\u00f4me de luxuriant, des notes de caramel racine.\" \/>\n<meta property=\"og:url\" content=\"https:\/\/dutchhealthstore.com\/fr\/product\/orris-root-essential-oil\/\" \/>\n<meta property=\"og:site_name\" content=\"Dutch Health Store\" \/>\n<meta property=\"article:publisher\" content=\"https:\/\/www.instagram.com\/dutchhealthstore\/\" \/>\n<meta property=\"article:modified_time\" content=\"2025-04-07T09:55:13+00:00\" \/>\n<meta property=\"og:image\" content=\"https:\/\/dutchhealthstore.com\/wp-content\/uploads\/2020\/06\/Living-Libations-Orris-Root-Essential-Oil-e1592486757103.jpg\" \/>\n\t<meta property=\"og:image:width\" content=\"500\" \/>\n\t<meta property=\"og:image:height\" content=\"500\" \/>\n\t<meta property=\"og:image:type\" content=\"image\/jpeg\" \/>\n<meta name=\"twitter:card\" content=\"summary_large_image\" \/>\n<meta name=\"twitter:label1\" content=\"Disponibilit\u00e9\" \/>\n\t<meta name=\"twitter:data1\" content=\"En stock\" \/>\n<script type=\"application\/ld+json\" class=\"yoast-schema-graph\">{\"@context\":\"https:\/\/schema.org\",\"@graph\":[{\"@type\":\"WebPage\",\"@id\":\"https:\/\/dutchhealthstore.com\/fr\/product\/orris-root-essential-oil\/\",\"url\":\"https:\/\/dutchhealthstore.com\/fr\/product\/orris-root-essential-oil\/\",\"name\":\"\u00c0 la recherche de Orris Root Essential Oil ? Commandez Orris Root Essential Oil aujourd'hui chez Dutch Health Store. Contact personnel & envoi rapide.\",\"isPartOf\":{\"@id\":\"https:\/\/dutchhealthstore.com\/fr\/#website\"},\"primaryImageOfPage\":{\"@id\":\"https:\/\/dutchhealthstore.com\/fr\/product\/orris-root-essential-oil\/#primaryimage\"},\"image\":{\"@id\":\"https:\/\/dutchhealthstore.com\/fr\/product\/orris-root-essential-oil\/#primaryimage\"},\"thumbnailUrl\":\"https:\/\/dutchhealthstore.com\/wp-content\/uploads\/2020\/06\/Living-Libations-Orris-Root-Essential-Oil-e1592486757103.jpg\",\"datePublished\":\"2020-06-18T11:38:36+00:00\",\"dateModified\":\"2025-04-07T09:55:13+00:00\",\"description\":\"Orris Root Essential Oil opulente est une extraction supercritique \u00e9paisse et cr\u00e9meuse qui capture un ar\u00f4me de luxuriant, des notes de caramel racine.\",\"breadcrumb\":{\"@id\":\"https:\/\/dutchhealthstore.com\/fr\/product\/orris-root-essential-oil\/#breadcrumb\"},\"inLanguage\":\"fr-FR\",\"potentialAction\":[{\"@type\":\"ReadAction\",\"target\":[\"https:\/\/dutchhealthstore.com\/fr\/product\/orris-root-essential-oil\/\"]}]},{\"@type\":\"ImageObject\",\"inLanguage\":\"fr-FR\",\"@id\":\"https:\/\/dutchhealthstore.com\/fr\/product\/orris-root-essential-oil\/#primaryimage\",\"url\":\"https:\/\/dutchhealthstore.com\/wp-content\/uploads\/2020\/06\/Living-Libations-Orris-Root-Essential-Oil-e1592486757103.jpg\",\"contentUrl\":\"https:\/\/dutchhealthstore.com\/wp-content\/uploads\/2020\/06\/Living-Libations-Orris-Root-Essential-Oil-e1592486757103.jpg\",\"width\":500,\"height\":500,\"caption\":\"Living Libations Orris Root Essential Oil\"},{\"@type\":\"BreadcrumbList\",\"@id\":\"https:\/\/dutchhealthstore.com\/fr\/product\/orris-root-essential-oil\/#breadcrumb\",\"itemListElement\":[{\"@type\":\"ListItem\",\"position\":1,\"name\":\"Home\",\"item\":\"https:\/\/dutchhealthstore.com\/fr\/\"},{\"@type\":\"ListItem\",\"position\":2,\"name\":\"Shop\",\"item\":\"https:\/\/dutchhealthstore.com\/fr\/shop\/\"},{\"@type\":\"ListItem\",\"position\":3,\"name\":\"Orris Root Essential Oil\"}]},{\"@type\":\"WebSite\",\"@id\":\"https:\/\/dutchhealthstore.com\/fr\/#website\",\"url\":\"https:\/\/dutchhealthstore.com\/fr\/\",\"name\":\"Dutch Health Store\",\"description\":\"Enhance Your Beauty with Organic &amp; Natural Skincare\",\"publisher\":{\"@id\":\"https:\/\/dutchhealthstore.com\/fr\/#organization\"},\"potentialAction\":[{\"@type\":\"SearchAction\",\"target\":{\"@type\":\"EntryPoint\",\"urlTemplate\":\"https:\/\/dutchhealthstore.com\/fr\/?s={search_term_string}\"},\"query-input\":{\"@type\":\"PropertyValueSpecification\",\"valueRequired\":true,\"valueName\":\"search_term_string\"}}],\"inLanguage\":\"fr-FR\"},{\"@type\":\"Organization\",\"@id\":\"https:\/\/dutchhealthstore.com\/fr\/#organization\",\"name\":\"Dutch Health Store\",\"url\":\"https:\/\/dutchhealthstore.com\/fr\/\",\"logo\":{\"@type\":\"ImageObject\",\"inLanguage\":\"fr-FR\",\"@id\":\"https:\/\/dutchhealthstore.com\/fr\/#\/schema\/logo\/image\/\",\"url\":\"https:\/\/dutchhealthstore.com\/wp-content\/uploads\/2020\/08\/logo-dutchhealthstore-jpg-e1599484957574.jpg\",\"contentUrl\":\"https:\/\/dutchhealthstore.com\/wp-content\/uploads\/2020\/08\/logo-dutchhealthstore-jpg-e1599484957574.jpg\",\"width\":400,\"height\":62,\"caption\":\"Dutch Health Store\"},\"image\":{\"@id\":\"https:\/\/dutchhealthstore.com\/fr\/#\/schema\/logo\/image\/\"},\"sameAs\":[\"https:\/\/www.instagram.com\/dutchhealthstore\/\",\"https:\/\/www.facebook.com\/dutchhealthstore\"]}]}<\/script>\n<meta property=\"product:brand\" content=\"Living Libations\" \/>\n<meta property=\"og:availability\" content=\"instock\" \/>\n<meta property=\"product:availability\" content=\"instock\" \/>\n<meta property=\"product:condition\" content=\"new\" \/>\n<!-- \/ Yoast SEO Premium plugin. -->","yoast_head_json":{"title":"\u00c0 la recherche de Orris Root Essential Oil ? Commandez Orris Root Essential Oil aujourd'hui chez Dutch Health Store. Contact personnel & envoi rapide.","description":"Orris Root Essential Oil opulente est une extraction supercritique \u00e9paisse et cr\u00e9meuse qui capture un ar\u00f4me de luxuriant, des notes de caramel racine.","robots":{"index":"index","follow":"follow","max-snippet":"max-snippet:-1","max-image-preview":"max-image-preview:large","max-video-preview":"max-video-preview:-1"},"canonical":"https:\/\/dutchhealthstore.com\/fr\/product\/orris-root-essential-oil\/","og_locale":"fr_FR","og_type":"article","og_title":"Orris Root Essential Oil - Dutch Health Store","og_description":"Orris Root Essential Oil opulente est une extraction supercritique \u00e9paisse et cr\u00e9meuse qui capture un ar\u00f4me de luxuriant, des notes de caramel racine.","og_url":"https:\/\/dutchhealthstore.com\/fr\/product\/orris-root-essential-oil\/","og_site_name":"Dutch Health Store","article_publisher":"https:\/\/www.instagram.com\/dutchhealthstore\/","article_modified_time":"2025-04-07T09:55:13+00:00","og_image":[{"width":500,"height":500,"url":"https:\/\/dutchhealthstore.com\/wp-content\/uploads\/2020\/06\/Living-Libations-Orris-Root-Essential-Oil-e1592486757103.jpg","type":"image\/jpeg"}],"twitter_card":"summary_large_image","twitter_misc":{"Disponibilit\u00e9":"En stock"},"schema":{"@context":"https:\/\/schema.org","@graph":[{"@type":"WebPage","@id":"https:\/\/dutchhealthstore.com\/fr\/product\/orris-root-essential-oil\/","url":"https:\/\/dutchhealthstore.com\/fr\/product\/orris-root-essential-oil\/","name":"\u00c0 la recherche de Orris Root Essential Oil ? Commandez Orris Root Essential Oil aujourd'hui chez Dutch Health Store. Contact personnel & envoi rapide.","isPartOf":{"@id":"https:\/\/dutchhealthstore.com\/fr\/#website"},"primaryImageOfPage":{"@id":"https:\/\/dutchhealthstore.com\/fr\/product\/orris-root-essential-oil\/#primaryimage"},"image":{"@id":"https:\/\/dutchhealthstore.com\/fr\/product\/orris-root-essential-oil\/#primaryimage"},"thumbnailUrl":"https:\/\/dutchhealthstore.com\/wp-content\/uploads\/2020\/06\/Living-Libations-Orris-Root-Essential-Oil-e1592486757103.jpg","datePublished":"2020-06-18T11:38:36+00:00","dateModified":"2025-04-07T09:55:13+00:00","description":"Orris Root Essential Oil opulente est une extraction supercritique \u00e9paisse et cr\u00e9meuse qui capture un ar\u00f4me de luxuriant, des notes de caramel racine.","breadcrumb":{"@id":"https:\/\/dutchhealthstore.com\/fr\/product\/orris-root-essential-oil\/#breadcrumb"},"inLanguage":"fr-FR","potentialAction":[{"@type":"ReadAction","target":["https:\/\/dutchhealthstore.com\/fr\/product\/orris-root-essential-oil\/"]}]},{"@type":"ImageObject","inLanguage":"fr-FR","@id":"https:\/\/dutchhealthstore.com\/fr\/product\/orris-root-essential-oil\/#primaryimage","url":"https:\/\/dutchhealthstore.com\/wp-content\/uploads\/2020\/06\/Living-Libations-Orris-Root-Essential-Oil-e1592486757103.jpg","contentUrl":"https:\/\/dutchhealthstore.com\/wp-content\/uploads\/2020\/06\/Living-Libations-Orris-Root-Essential-Oil-e1592486757103.jpg","width":500,"height":500,"caption":"Living Libations Orris Root Essential Oil"},{"@type":"BreadcrumbList","@id":"https:\/\/dutchhealthstore.com\/fr\/product\/orris-root-essential-oil\/#breadcrumb","itemListElement":[{"@type":"ListItem","position":1,"name":"Home","item":"https:\/\/dutchhealthstore.com\/fr\/"},{"@type":"ListItem","position":2,"name":"Shop","item":"https:\/\/dutchhealthstore.com\/fr\/shop\/"},{"@type":"ListItem","position":3,"name":"Orris Root Essential Oil"}]},{"@type":"WebSite","@id":"https:\/\/dutchhealthstore.com\/fr\/#website","url":"https:\/\/dutchhealthstore.com\/fr\/","name":"Dutch Health Store","description":"Enhance Your Beauty with Organic &amp; Natural Skincare","publisher":{"@id":"https:\/\/dutchhealthstore.com\/fr\/#organization"},"potentialAction":[{"@type":"SearchAction","target":{"@type":"EntryPoint","urlTemplate":"https:\/\/dutchhealthstore.com\/fr\/?s={search_term_string}"},"query-input":{"@type":"PropertyValueSpecification","valueRequired":true,"valueName":"search_term_string"}}],"inLanguage":"fr-FR"},{"@type":"Organization","@id":"https:\/\/dutchhealthstore.com\/fr\/#organization","name":"Dutch Health Store","url":"https:\/\/dutchhealthstore.com\/fr\/","logo":{"@type":"ImageObject","inLanguage":"fr-FR","@id":"https:\/\/dutchhealthstore.com\/fr\/#\/schema\/logo\/image\/","url":"https:\/\/dutchhealthstore.com\/wp-content\/uploads\/2020\/08\/logo-dutchhealthstore-jpg-e1599484957574.jpg","contentUrl":"https:\/\/dutchhealthstore.com\/wp-content\/uploads\/2020\/08\/logo-dutchhealthstore-jpg-e1599484957574.jpg","width":400,"height":62,"caption":"Dutch Health Store"},"image":{"@id":"https:\/\/dutchhealthstore.com\/fr\/#\/schema\/logo\/image\/"},"sameAs":["https:\/\/www.instagram.com\/dutchhealthstore\/","https:\/\/www.facebook.com\/dutchhealthstore"]}]},"product_brand":"Living Libations","og_availability":"instock","product_availability":"instock","product_condition":"new"},"_links":{"self":[{"href":"https:\/\/dutchhealthstore.com\/fr\/wp-json\/wp\/v2\/product\/122456","targetHints":{"allow":["GET"]}}],"collection":[{"href":"https:\/\/dutchhealthstore.com\/fr\/wp-json\/wp\/v2\/product"}],"about":[{"href":"https:\/\/dutchhealthstore.com\/fr\/wp-json\/wp\/v2\/types\/product"}],"replies":[{"embeddable":true,"href":"https:\/\/dutchhealthstore.com\/fr\/wp-json\/wp\/v2\/comments?post=122456"}],"wp:featuredmedia":[{"embeddable":true,"href":"https:\/\/dutchhealthstore.com\/fr\/wp-json\/wp\/v2\/media\/107752"}],"wp:attachment":[{"href":"https:\/\/dutchhealthstore.com\/fr\/wp-json\/wp\/v2\/media?parent=122456"}],"wp:term":[{"taxonomy":"product_brand","embeddable":true,"href":"https:\/\/dutchhealthstore.com\/fr\/wp-json\/wp\/v2\/product_brand?post=122456"},{"taxonomy":"product_cat","embeddable":true,"href":"https:\/\/dutchhealthstore.com\/fr\/wp-json\/wp\/v2\/product_cat?post=122456"},{"taxonomy":"product_tag","embeddable":true,"href":"https:\/\/dutchhealthstore.com\/fr\/wp-json\/wp\/v2\/product_tag?post=122456"}],"curies":[{"name":"wp","href":"https:\/\/api.w.org\/{rel}","templated":true}]}}