{"id":122446,"date":"2018-02-10T20:05:00","date_gmt":"2018-02-10T19:05:00","guid":{"rendered":"https:\/\/dutchhealthstore.com\/product\/oregano-essential-oil\/"},"modified":"2025-11-23T13:09:38","modified_gmt":"2025-11-23T12:09:38","slug":"oregano-essential-oil","status":"publish","type":"product","link":"https:\/\/dutchhealthstore.com\/fr\/product\/oregano-essential-oil\/","title":{"rendered":"Oregano Essential Oil"},"content":{"rendered":"<p><img decoding=\"async\" class=\"size-full wp-image-69549 alignright\" src=\"https:\/\/dutchhealthstore.com\/wp-content\/uploads\/2019\/08\/NEW-Living-Libations-Logo.jpg\" alt=\"NEW - Living Libations - Logo\" width=\"175\" height=\"82\"><\/p>\n<p><strong>Nom botanique:<\/strong> Origanum vulgare<br \/>\n<strong>Famille botanique:<\/strong> Lamiaceae<br \/>\n<strong>M\u00e9thode d&rsquo;extraction:<\/strong> Distillation \u00e0 la vapeur<br \/>\n<strong>Partie de la plante distill\u00e9e:<\/strong> sommit\u00e9s fleuries<br \/>\n<strong>Pays d&rsquo;origine:<\/strong> Montagnes de la Turquie<br \/>\n<strong>M\u00e9thode de culture:<\/strong> Organique<br \/>\n<strong>Composition:<\/strong> 100% Origanum vulgare<br \/>\n<strong>Consistance:<\/strong> Viscosit\u00e9 fine<\/p>\n<h3>Description de l&rsquo;odeur<\/h3>\n<p>Notes de t\u00eate fortement herbac\u00e9es.<\/p>\n<h3>Dans Living Libations<\/h3>\n<p>Baume respiratoire classique d&rsquo;Illume, Frankincense First Friend<\/p>\n<h3>Se marie bien avec<\/h3>\n<p>Lavande, nard, encens, menthe poivr\u00e9e, rose, immortelle, palmarosa, marjolaine, myrrhe, bois de santal, bergamote, citron vert, thym, cardamome, clou de girofle, eucalyptus, gen\u00e9vrier et cypr\u00e8s.<\/p>\n<h3>Utilisations<\/h3>\n<p>Dans notre pipe \u00e0 sel ou notre diffuseur avec d&rsquo;autres huiles essentielles, comme le romarin, le ravensara ou l&rsquo;eucalyptus. Toujours diluer pour utiliser sur la peau, dans les baumes pour le corps et dans les bains. Diluer \u00e9galement \u00e0 3-5% dans l&rsquo;huile d&rsquo;olive pour les cr\u00e9ations culinaires. Pour un concentr\u00e9 puissant en cas de besoin, diluez 3-5% dans une autre huile essentielle comme l&rsquo;encens, la lavande ou l&rsquo;arbre \u00e0 th\u00e9 et appliquez cette solution pure.<\/p>\n<h3>Contre-indications<\/h3>\n<p>La litt\u00e9rature fran\u00e7aise sur l&rsquo;aromath\u00e9rapie d\u00e9conseille l&rsquo;utilisation \u00e0 long terme; il est pr\u00e9f\u00e9rable de l&rsquo;utiliser par petites doses.<br \/>\nCette distillation puissante et pure provient de l&rsquo;esp\u00e8ce vulgare, qui pr\u00e9sente un \u00e9quilibre de composants cl\u00e9s avec un niveau \u00e9lev\u00e9 de carvacrol. Avec des niveaux de thymol toniques et un parfum herbac\u00e9 et frais, cette huile est une aide pour les plantes.<\/p>\n<p>Cette huile excitante ouvre l&rsquo;app\u00e9tit, tant pour la nourriture que pour la vie en g\u00e9n\u00e9ral. Les sens s&rsquo;\u00e9veillent et les papilles gustatives se mettent \u00e0 vibrer \u00e0 la seule vue de cette huile merveilleuse. Bon App\u00e9tit!<\/p>\n<h3>Ingr\u00e9dients Biologiques<\/h3>\n<p>100% huile essentielle d&rsquo;origan (Origanum vulgare).<\/p>\n<p style=\"text-align: center;\"><em>\u00ab\u00a0L&rsquo;origan est l&rsquo;\u00e9pice de la vie.\u00a0\u00bb<\/em><br \/>\n~ Henry J. Tilman<\/p>\n<p style=\"text-align: center;\"><em>\u00ab\u00a0L&rsquo;origan est l&rsquo;artillerie lourde de l&rsquo;aromath\u00e9rapie.\u00a0\u00bb<\/em><br \/>\n~ Cass Ingram<\/p>\n<p>&nbsp;<\/p>\n<p><img fetchpriority=\"high\" decoding=\"async\" class=\"size-medium wp-image-68103 aligncenter\" src=\"https:\/\/dutchhealthstore.com\/wp-content\/uploads\/2018\/02\/Living-Libations-Organic-Logo-800x89.png\" alt=\"Living Libations - Organic Logo\" width=\"800\" height=\"89\" srcset=\"https:\/\/dutchhealthstore.com\/wp-content\/uploads\/2018\/02\/Living-Libations-Organic-Logo-800x89.png 800w, https:\/\/dutchhealthstore.com\/wp-content\/uploads\/2018\/02\/Living-Libations-Organic-Logo-510x57.png 510w, https:\/\/dutchhealthstore.com\/wp-content\/uploads\/2018\/02\/Living-Libations-Organic-Logo-768x85.png 768w, https:\/\/dutchhealthstore.com\/wp-content\/uploads\/2018\/02\/Living-Libations-Organic-Logo.png 1400w\" sizes=\"(max-width: 800px) 100vw, 800px\" \/><\/p>\n","protected":false},"excerpt":{"rendered":"<p>La saveur et le parfum de l&rsquo;<strong>origan<\/strong> sont bien connus dans le monde culinaire, mais l&rsquo;origan n&rsquo;est pas seulement un ar\u00f4me all\u00e9chant.<br \/>\nL&rsquo;herbe Herculean Heal-All connue sous le nom de \u00ab\u00a0d\u00e9lice de la montagne\u00a0\u00bb est l&rsquo;une des huiles antivirales les plus puissantes en aromath\u00e9rapie, et est couramment utilis\u00e9e pour traiter les rhumes et la congestion.<\/p>\n<p>Tout comme l&rsquo;origan stimule l&rsquo;app\u00e9tit, l&rsquo;huile origan stimule le corps et l&rsquo;esprit. Cette huile puissante \u00e0 large spectre est connue pour enflammer le syst\u00e8me circulatoire et soulager la fatigue. Avec l&rsquo;origan, la digestion est facilit\u00e9e et l&rsquo;ensemble du syst\u00e8me physique recommence \u00e0 fonctionner comme la nature l&rsquo;a pr\u00e9vu.<\/p>\n","protected":false},"featured_media":113952,"comment_status":"open","ping_status":"closed","template":"","meta":[],"product_brand":[],"product_cat":[1507,6734,1211,1209,3757,1010,6733],"product_tag":[4495],"class_list":{"0":"post-122446","1":"product","2":"type-product","3":"status-publish","4":"has-post-thumbnail","6":"product_cat-plantes-huiles-essentielles-living-libations","7":"product_cat-essential-oils","8":"product_cat-living-libations-france","9":"product_cat-par-marques","10":"product_cat-plantes-huiles-essentielles","11":"product_cat-notre-boutique","12":"product_cat-wellness-fr-2","13":"product_tag-essential-oil-fr","14":"pa_brand-livinglibations-fr","15":"pa_essential-oils-product-type-essential-oils-fr","16":"pa_size-5-ml-fr","17":"pa_size-15-ml-fr","18":"pa_size-15-ml-95-jojoba-5-oregano-fr","20":"first","21":"instock","22":"taxable","23":"shipping-taxable","24":"purchasable","25":"product-type-variable"},"bundled_by":[],"bundle_stock_status":"instock","bundle_stock_quantity":null,"bundle_virtual":false,"bundle_layout":"","bundle_add_to_cart_form_location":"","bundle_editable_in_cart":false,"bundle_sold_individually_context":"","bundle_item_grouping":"","bundle_min_size":"","bundle_max_size":"","bundle_price":[],"bundled_items":[],"bundle_sell_ids":[],"atum_controlled":true,"out_stock_date":null,"out_stock_threshold":null,"inheritable":true,"stock_on_hold":0,"sold_today":0,"sales_last_days":0,"out_stock_days":0,"lost_sales":0,"update_date":"2026-03-31T01:44:00","atum_locations":[],"atum_stock_status":"instock","restock_status":false,"low_stock_amount":"","sales_update_date":"2026-03-31T01:44:00","calc_backorders":null,"group_of_quantity":0,"min_quantity":0,"max_quantity":"","exclude_order_quantity_value_rules":"no","exclude_category_quantity_rules":"no","combine_variations":"no","yoast_head":"<!-- This site is optimized with the Yoast SEO Premium plugin v26.5 (Yoast SEO v26.5) - https:\/\/yoast.com\/wordpress\/plugins\/seo\/ -->\n<title>Oregano Essential Oil | Living Libations<\/title>\n<meta name=\"description\" content=\"La saveur et le parfum de l&#039;origan sont bien connus dans le monde culinaire, mais l&#039;origan n&#039;est pas seulement un ar\u00f4me all\u00e9chant.\" \/>\n<meta name=\"robots\" content=\"index, follow, max-snippet:-1, max-image-preview:large, max-video-preview:-1\" \/>\n<link rel=\"canonical\" href=\"https:\/\/dutchhealthstore.com\/fr\/product\/oregano-essential-oil\/\" \/>\n<meta property=\"og:locale\" content=\"fr_FR\" \/>\n<meta property=\"og:type\" content=\"article\" \/>\n<meta property=\"og:title\" content=\"Oregano Essential Oil - Dutch Health Store\" \/>\n<meta property=\"og:description\" content=\"La saveur et le parfum de l&#039;origan sont bien connus dans le monde culinaire, mais l&#039;origan n&#039;est pas seulement un ar\u00f4me all\u00e9chant.\" \/>\n<meta property=\"og:url\" content=\"https:\/\/dutchhealthstore.com\/fr\/product\/oregano-essential-oil\/\" \/>\n<meta property=\"og:site_name\" content=\"Dutch Health Store\" \/>\n<meta property=\"article:publisher\" content=\"https:\/\/www.instagram.com\/dutchhealthstore\/\" \/>\n<meta property=\"article:modified_time\" content=\"2025-11-23T12:09:38+00:00\" \/>\n<meta property=\"og:image\" content=\"https:\/\/dutchhealthstore.com\/wp-content\/uploads\/2018\/02\/Living-Libations-Oregano-Essential-Oil-e1594885751452.png\" \/>\n\t<meta property=\"og:image:width\" content=\"500\" \/>\n\t<meta property=\"og:image:height\" content=\"500\" \/>\n\t<meta property=\"og:image:type\" content=\"image\/jpeg\" \/>\n<meta name=\"twitter:card\" content=\"summary_large_image\" \/>\n<meta name=\"twitter:label1\" content=\"Disponibilit\u00e9\" \/>\n\t<meta name=\"twitter:data1\" content=\"En stock\" \/>\n<script type=\"application\/ld+json\" class=\"yoast-schema-graph\">{\"@context\":\"https:\/\/schema.org\",\"@graph\":[{\"@type\":\"WebPage\",\"@id\":\"https:\/\/dutchhealthstore.com\/fr\/product\/oregano-essential-oil\/\",\"url\":\"https:\/\/dutchhealthstore.com\/fr\/product\/oregano-essential-oil\/\",\"name\":\"Oregano Essential Oil | Living Libations\",\"isPartOf\":{\"@id\":\"https:\/\/dutchhealthstore.com\/fr\/#website\"},\"primaryImageOfPage\":{\"@id\":\"https:\/\/dutchhealthstore.com\/fr\/product\/oregano-essential-oil\/#primaryimage\"},\"image\":{\"@id\":\"https:\/\/dutchhealthstore.com\/fr\/product\/oregano-essential-oil\/#primaryimage\"},\"thumbnailUrl\":\"https:\/\/dutchhealthstore.com\/wp-content\/uploads\/2018\/02\/Living-Libations-Oregano-Essential-Oil-e1594885751452.png\",\"datePublished\":\"2018-02-10T19:05:00+00:00\",\"dateModified\":\"2025-11-23T12:09:38+00:00\",\"description\":\"La saveur et le parfum de l'origan sont bien connus dans le monde culinaire, mais l'origan n'est pas seulement un ar\u00f4me all\u00e9chant.\",\"breadcrumb\":{\"@id\":\"https:\/\/dutchhealthstore.com\/fr\/product\/oregano-essential-oil\/#breadcrumb\"},\"inLanguage\":\"fr-FR\",\"potentialAction\":[{\"@type\":\"ReadAction\",\"target\":[\"https:\/\/dutchhealthstore.com\/fr\/product\/oregano-essential-oil\/\"]}]},{\"@type\":\"ImageObject\",\"inLanguage\":\"fr-FR\",\"@id\":\"https:\/\/dutchhealthstore.com\/fr\/product\/oregano-essential-oil\/#primaryimage\",\"url\":\"https:\/\/dutchhealthstore.com\/wp-content\/uploads\/2018\/02\/Living-Libations-Oregano-Essential-Oil-e1594885751452.png\",\"contentUrl\":\"https:\/\/dutchhealthstore.com\/wp-content\/uploads\/2018\/02\/Living-Libations-Oregano-Essential-Oil-e1594885751452.png\",\"width\":500,\"height\":500},{\"@type\":\"BreadcrumbList\",\"@id\":\"https:\/\/dutchhealthstore.com\/fr\/product\/oregano-essential-oil\/#breadcrumb\",\"itemListElement\":[{\"@type\":\"ListItem\",\"position\":1,\"name\":\"Home\",\"item\":\"https:\/\/dutchhealthstore.com\/fr\/\"},{\"@type\":\"ListItem\",\"position\":2,\"name\":\"Shop\",\"item\":\"https:\/\/dutchhealthstore.com\/fr\/shop\/\"},{\"@type\":\"ListItem\",\"position\":3,\"name\":\"Oregano Essential Oil\"}]},{\"@type\":\"WebSite\",\"@id\":\"https:\/\/dutchhealthstore.com\/fr\/#website\",\"url\":\"https:\/\/dutchhealthstore.com\/fr\/\",\"name\":\"Dutch Health Store\",\"description\":\"Enhance Your Beauty with Organic &amp; Natural Skincare\",\"publisher\":{\"@id\":\"https:\/\/dutchhealthstore.com\/fr\/#organization\"},\"potentialAction\":[{\"@type\":\"SearchAction\",\"target\":{\"@type\":\"EntryPoint\",\"urlTemplate\":\"https:\/\/dutchhealthstore.com\/fr\/?s={search_term_string}\"},\"query-input\":{\"@type\":\"PropertyValueSpecification\",\"valueRequired\":true,\"valueName\":\"search_term_string\"}}],\"inLanguage\":\"fr-FR\"},{\"@type\":\"Organization\",\"@id\":\"https:\/\/dutchhealthstore.com\/fr\/#organization\",\"name\":\"Dutch Health Store\",\"url\":\"https:\/\/dutchhealthstore.com\/fr\/\",\"logo\":{\"@type\":\"ImageObject\",\"inLanguage\":\"fr-FR\",\"@id\":\"https:\/\/dutchhealthstore.com\/fr\/#\/schema\/logo\/image\/\",\"url\":\"https:\/\/dutchhealthstore.com\/wp-content\/uploads\/2020\/08\/logo-dutchhealthstore-jpg-e1599484957574.jpg\",\"contentUrl\":\"https:\/\/dutchhealthstore.com\/wp-content\/uploads\/2020\/08\/logo-dutchhealthstore-jpg-e1599484957574.jpg\",\"width\":400,\"height\":62,\"caption\":\"Dutch Health Store\"},\"image\":{\"@id\":\"https:\/\/dutchhealthstore.com\/fr\/#\/schema\/logo\/image\/\"},\"sameAs\":[\"https:\/\/www.instagram.com\/dutchhealthstore\/\",\"https:\/\/www.facebook.com\/dutchhealthstore\"]}]}<\/script>\n<meta property=\"product:brand\" content=\"Living Libations\" \/>\n<meta property=\"og:availability\" content=\"instock\" \/>\n<meta property=\"product:availability\" content=\"instock\" \/>\n<meta property=\"product:condition\" content=\"new\" \/>\n<!-- \/ Yoast SEO Premium plugin. -->","yoast_head_json":{"title":"Oregano Essential Oil | Living Libations","description":"La saveur et le parfum de l'origan sont bien connus dans le monde culinaire, mais l'origan n'est pas seulement un ar\u00f4me all\u00e9chant.","robots":{"index":"index","follow":"follow","max-snippet":"max-snippet:-1","max-image-preview":"max-image-preview:large","max-video-preview":"max-video-preview:-1"},"canonical":"https:\/\/dutchhealthstore.com\/fr\/product\/oregano-essential-oil\/","og_locale":"fr_FR","og_type":"article","og_title":"Oregano Essential Oil - Dutch Health Store","og_description":"La saveur et le parfum de l'origan sont bien connus dans le monde culinaire, mais l'origan n'est pas seulement un ar\u00f4me all\u00e9chant.","og_url":"https:\/\/dutchhealthstore.com\/fr\/product\/oregano-essential-oil\/","og_site_name":"Dutch Health Store","article_publisher":"https:\/\/www.instagram.com\/dutchhealthstore\/","article_modified_time":"2025-11-23T12:09:38+00:00","og_image":[{"width":500,"height":500,"url":"https:\/\/dutchhealthstore.com\/wp-content\/uploads\/2018\/02\/Living-Libations-Oregano-Essential-Oil-e1594885751452.png","type":"image\/jpeg"}],"twitter_card":"summary_large_image","twitter_misc":{"Disponibilit\u00e9":"En stock"},"schema":{"@context":"https:\/\/schema.org","@graph":[{"@type":"WebPage","@id":"https:\/\/dutchhealthstore.com\/fr\/product\/oregano-essential-oil\/","url":"https:\/\/dutchhealthstore.com\/fr\/product\/oregano-essential-oil\/","name":"Oregano Essential Oil | Living Libations","isPartOf":{"@id":"https:\/\/dutchhealthstore.com\/fr\/#website"},"primaryImageOfPage":{"@id":"https:\/\/dutchhealthstore.com\/fr\/product\/oregano-essential-oil\/#primaryimage"},"image":{"@id":"https:\/\/dutchhealthstore.com\/fr\/product\/oregano-essential-oil\/#primaryimage"},"thumbnailUrl":"https:\/\/dutchhealthstore.com\/wp-content\/uploads\/2018\/02\/Living-Libations-Oregano-Essential-Oil-e1594885751452.png","datePublished":"2018-02-10T19:05:00+00:00","dateModified":"2025-11-23T12:09:38+00:00","description":"La saveur et le parfum de l'origan sont bien connus dans le monde culinaire, mais l'origan n'est pas seulement un ar\u00f4me all\u00e9chant.","breadcrumb":{"@id":"https:\/\/dutchhealthstore.com\/fr\/product\/oregano-essential-oil\/#breadcrumb"},"inLanguage":"fr-FR","potentialAction":[{"@type":"ReadAction","target":["https:\/\/dutchhealthstore.com\/fr\/product\/oregano-essential-oil\/"]}]},{"@type":"ImageObject","inLanguage":"fr-FR","@id":"https:\/\/dutchhealthstore.com\/fr\/product\/oregano-essential-oil\/#primaryimage","url":"https:\/\/dutchhealthstore.com\/wp-content\/uploads\/2018\/02\/Living-Libations-Oregano-Essential-Oil-e1594885751452.png","contentUrl":"https:\/\/dutchhealthstore.com\/wp-content\/uploads\/2018\/02\/Living-Libations-Oregano-Essential-Oil-e1594885751452.png","width":500,"height":500},{"@type":"BreadcrumbList","@id":"https:\/\/dutchhealthstore.com\/fr\/product\/oregano-essential-oil\/#breadcrumb","itemListElement":[{"@type":"ListItem","position":1,"name":"Home","item":"https:\/\/dutchhealthstore.com\/fr\/"},{"@type":"ListItem","position":2,"name":"Shop","item":"https:\/\/dutchhealthstore.com\/fr\/shop\/"},{"@type":"ListItem","position":3,"name":"Oregano Essential Oil"}]},{"@type":"WebSite","@id":"https:\/\/dutchhealthstore.com\/fr\/#website","url":"https:\/\/dutchhealthstore.com\/fr\/","name":"Dutch Health Store","description":"Enhance Your Beauty with Organic &amp; Natural Skincare","publisher":{"@id":"https:\/\/dutchhealthstore.com\/fr\/#organization"},"potentialAction":[{"@type":"SearchAction","target":{"@type":"EntryPoint","urlTemplate":"https:\/\/dutchhealthstore.com\/fr\/?s={search_term_string}"},"query-input":{"@type":"PropertyValueSpecification","valueRequired":true,"valueName":"search_term_string"}}],"inLanguage":"fr-FR"},{"@type":"Organization","@id":"https:\/\/dutchhealthstore.com\/fr\/#organization","name":"Dutch Health Store","url":"https:\/\/dutchhealthstore.com\/fr\/","logo":{"@type":"ImageObject","inLanguage":"fr-FR","@id":"https:\/\/dutchhealthstore.com\/fr\/#\/schema\/logo\/image\/","url":"https:\/\/dutchhealthstore.com\/wp-content\/uploads\/2020\/08\/logo-dutchhealthstore-jpg-e1599484957574.jpg","contentUrl":"https:\/\/dutchhealthstore.com\/wp-content\/uploads\/2020\/08\/logo-dutchhealthstore-jpg-e1599484957574.jpg","width":400,"height":62,"caption":"Dutch Health Store"},"image":{"@id":"https:\/\/dutchhealthstore.com\/fr\/#\/schema\/logo\/image\/"},"sameAs":["https:\/\/www.instagram.com\/dutchhealthstore\/","https:\/\/www.facebook.com\/dutchhealthstore"]}]},"product_brand":"Living Libations","og_availability":"instock","product_availability":"instock","product_condition":"new"},"_links":{"self":[{"href":"https:\/\/dutchhealthstore.com\/fr\/wp-json\/wp\/v2\/product\/122446","targetHints":{"allow":["GET"]}}],"collection":[{"href":"https:\/\/dutchhealthstore.com\/fr\/wp-json\/wp\/v2\/product"}],"about":[{"href":"https:\/\/dutchhealthstore.com\/fr\/wp-json\/wp\/v2\/types\/product"}],"replies":[{"embeddable":true,"href":"https:\/\/dutchhealthstore.com\/fr\/wp-json\/wp\/v2\/comments?post=122446"}],"wp:featuredmedia":[{"embeddable":true,"href":"https:\/\/dutchhealthstore.com\/fr\/wp-json\/wp\/v2\/media\/113952"}],"wp:attachment":[{"href":"https:\/\/dutchhealthstore.com\/fr\/wp-json\/wp\/v2\/media?parent=122446"}],"wp:term":[{"taxonomy":"product_brand","embeddable":true,"href":"https:\/\/dutchhealthstore.com\/fr\/wp-json\/wp\/v2\/product_brand?post=122446"},{"taxonomy":"product_cat","embeddable":true,"href":"https:\/\/dutchhealthstore.com\/fr\/wp-json\/wp\/v2\/product_cat?post=122446"},{"taxonomy":"product_tag","embeddable":true,"href":"https:\/\/dutchhealthstore.com\/fr\/wp-json\/wp\/v2\/product_tag?post=122446"}],"curies":[{"name":"wp","href":"https:\/\/api.w.org\/{rel}","templated":true}]}}